{"id":134123,"date":"2026-04-28T02:04:12","date_gmt":"2026-04-28T00:04:12","guid":{"rendered":"https:\/\/webshopdistricoscom.webhosting.be\/product\/depileve-kit-paraffine-manucure-professionnel-peche-ref-2015-1\/"},"modified":"2026-04-28T02:04:15","modified_gmt":"2026-04-28T00:04:15","slug":"depileve-kit-paraffine-manucure-professionnel-peche-ref-2015-1","status":"publish","type":"product","link":"https:\/\/districos.standingout.be\/fr\/product\/depileve-kit-paraffine-manucure-professionnel-peche-ref-2015-1\/","title":{"rendered":"Depil\u00e8ve Kit Paraffine Manucure Professionnel P\u00eache"},"content":{"rendered":"<p >\n<\/p>\n<\/p>\n<p><span lang=\"FR\"><b>Optez pour des mains ultra douces !<\/b><o:p><\/o:p><\/span><\/p>\n<p><span lang=\"FR\">Un soin tr\u00e8s agr\u00e9able et relaxant avec des r\u00e9sultats imm\u00e9diatement visibles. La paraffine chaude stimule la circulation sanguine, dilate les pores et couvre les substances actives du Collagen Elastin Plus en durcissant. De cette fa\u00e7on, les substances actives sont compl\u00e8tement absorb\u00e9es par la peau. Un soin paraffine adoucit, hydrate et rajeunit l\u2019\u00e9piderme et les cuticules, ce qui donne \u00e0 la peau un teint sain et \u00e9clatant.<o:p><\/o:p><\/span><\/p>\n<\/p>\n<ul>\n<li><span lang=\"FR\">Un soin rentable car une basse consommation de produit.<\/span><\/li>\n<\/ul>\n<p><span lang=\"FR\"><b>Contenu<\/b><br \/><o:p><\/o:p><\/span><\/p>\n<\/p>\n<ul>\n<li><span lang=\"FR\">1 x Bain Paraffine Professionnel (chauffe-paraffine \u00e0 thermostat r\u00e9glable pour usage professionnel et multiple. Contenu : 2,7 litres)<\/span><\/li>\n<li><span lang=\"FR\">1 x Dermospray 220 ml<\/span><\/li>\n<li><span lang=\"FR\">1 x Dermopeel 200 ml<\/span><\/li>\n<li><span lang=\"FR\">1 x Collagen Elastin Plus 500 ml<\/span><\/li>\n<li><span lang=\"FR\">1 x Paraffine Huile Perzik 2,8 kg<\/span><\/li>\n<li><span lang=\"FR\">1 x Sachets de Protection Paraffine 100 pcs.<\/span><\/li>\n<li><span lang=\"FR\">1 paire de Moufles en Tissu \u00c9ponge<\/span><\/li>\n<li><span lang=\"FR\">1 x A.H.A. Cr\u00e8me Mains Hydratante 200 ml<\/span><\/li>\n<li><span lang=\"FR\">1 x Easy Clean 220 ml<\/span><\/li>\n<\/ul>\n<p><span lang=\"FR\">&nbsp;<\/span><\/p>\n","protected":false},"excerpt":{"rendered":"<p>Optez pour des mains ultra douces ! Un soin tr\u00e8s agr\u00e9able et relaxant avec des r\u00e9sultats imm\u00e9diatement visibles. La paraffine chaude stimule la circulation sanguine, dilate les pores et couvre les substances actives du Collagen Elastin Plus en durcissant. De cette fa\u00e7on, les substances actives sont compl\u00e8tement absorb\u00e9es par la peau. Un soin paraffine adoucit, [&hellip;]<\/p>\n","protected":false},"featured_media":143961,"comment_status":"open","ping_status":"closed","template":"","meta":{"_acf_changed":false},"product_brand":[10376],"product_cat":[9932,9906],"product_tag":[],"class_list":{"0":"post-134123","1":"product","2":"type-product","3":"status-publish","4":"has-post-thumbnail","6":"product_brand-depileve-fr","7":"product_cat-beaute-paraffine-mains","8":"product_cat-beaute-manucure-ongles-paraffine","10":"first","11":"instock","12":"taxable","13":"shipping-taxable","14":"product-type-simple"},"acf":[],"yoast_head":"<!-- This site is optimized with the Yoast SEO plugin v27.3 - https:\/\/yoast.com\/product\/yoast-seo-wordpress\/ -->\n<title>Depil\u00e8ve Kit Paraffine Manucure Professionnel P\u00eache - Districos Webshop<\/title>\n<meta name=\"robots\" content=\"noindex, follow, max-snippet:-1, max-image-preview:large, max-video-preview:-1\" \/>\n<meta property=\"og:locale\" content=\"fr_FR\" \/>\n<meta property=\"og:type\" content=\"article\" \/>\n<meta property=\"og:title\" content=\"Depil\u00e8ve Kit Paraffine Manucure Professionnel P\u00eache - Districos Webshop\" \/>\n<meta property=\"og:description\" content=\"Optez pour des mains ultra douces ! Un soin tr\u00e8s agr\u00e9able et relaxant avec des r\u00e9sultats imm\u00e9diatement visibles. La paraffine chaude stimule la circulation sanguine, dilate les pores et couvre les substances actives du Collagen Elastin Plus en durcissant. De cette fa\u00e7on, les substances actives sont compl\u00e8tement absorb\u00e9es par la peau. Un soin paraffine adoucit, [&hellip;]\" \/>\n<meta property=\"og:url\" content=\"https:\/\/districos.standingout.be\/fr\/product\/depileve-kit-paraffine-manucure-professionnel-peche-ref-2015-1\/\" \/>\n<meta property=\"og:site_name\" content=\"Districos Webshop\" \/>\n<meta property=\"article:modified_time\" content=\"2026-04-28T00:04:15+00:00\" \/>\n<meta property=\"og:image\" content=\"https:\/\/districos.standingout.be\/wp-content\/uploads\/2026\/04\/2015.1@Depileve-Professionele-Paraffinekit-Manicure-Perzik_1-2.png\" \/>\n\t<meta property=\"og:image:width\" content=\"600\" \/>\n\t<meta property=\"og:image:height\" content=\"600\" \/>\n\t<meta property=\"og:image:type\" content=\"image\/png\" \/>\n<meta name=\"twitter:card\" content=\"summary_large_image\" \/>\n<meta name=\"twitter:label1\" content=\"Dur\u00e9e de lecture estim\u00e9e\" \/>\n\t<meta name=\"twitter:data1\" content=\"1 minute\" \/>\n<script type=\"application\/ld+json\" class=\"yoast-schema-graph\">{\"@context\":\"https:\\\/\\\/schema.org\",\"@graph\":[{\"@type\":\"WebPage\",\"@id\":\"https:\\\/\\\/districos.standingout.be\\\/fr\\\/product\\\/depileve-kit-paraffine-manucure-professionnel-peche-ref-2015-1\\\/\",\"url\":\"https:\\\/\\\/districos.standingout.be\\\/fr\\\/product\\\/depileve-kit-paraffine-manucure-professionnel-peche-ref-2015-1\\\/\",\"name\":\"Depil\u00e8ve Kit Paraffine Manucure Professionnel P\u00eache - Districos Webshop\",\"isPartOf\":{\"@id\":\"https:\\\/\\\/districos.standingout.be\\\/fr\\\/#website\"},\"primaryImageOfPage\":{\"@id\":\"https:\\\/\\\/districos.standingout.be\\\/fr\\\/product\\\/depileve-kit-paraffine-manucure-professionnel-peche-ref-2015-1\\\/#primaryimage\"},\"image\":{\"@id\":\"https:\\\/\\\/districos.standingout.be\\\/fr\\\/product\\\/depileve-kit-paraffine-manucure-professionnel-peche-ref-2015-1\\\/#primaryimage\"},\"thumbnailUrl\":\"https:\\\/\\\/districos.standingout.be\\\/wp-content\\\/uploads\\\/2026\\\/04\\\/2015.1@Depileve-Professionele-Paraffinekit-Manicure-Perzik_1-3.png\",\"datePublished\":\"2026-04-28T00:04:12+00:00\",\"dateModified\":\"2026-04-28T00:04:15+00:00\",\"breadcrumb\":{\"@id\":\"https:\\\/\\\/districos.standingout.be\\\/fr\\\/product\\\/depileve-kit-paraffine-manucure-professionnel-peche-ref-2015-1\\\/#breadcrumb\"},\"inLanguage\":\"fr-FR\",\"potentialAction\":[{\"@type\":\"ReadAction\",\"target\":[\"https:\\\/\\\/districos.standingout.be\\\/fr\\\/product\\\/depileve-kit-paraffine-manucure-professionnel-peche-ref-2015-1\\\/\"]}]},{\"@type\":\"ImageObject\",\"inLanguage\":\"fr-FR\",\"@id\":\"https:\\\/\\\/districos.standingout.be\\\/fr\\\/product\\\/depileve-kit-paraffine-manucure-professionnel-peche-ref-2015-1\\\/#primaryimage\",\"url\":\"https:\\\/\\\/districos.standingout.be\\\/wp-content\\\/uploads\\\/2026\\\/04\\\/2015.1@Depileve-Professionele-Paraffinekit-Manicure-Perzik_1-3.png\",\"contentUrl\":\"https:\\\/\\\/districos.standingout.be\\\/wp-content\\\/uploads\\\/2026\\\/04\\\/2015.1@Depileve-Professionele-Paraffinekit-Manicure-Perzik_1-3.png\",\"width\":600,\"height\":600},{\"@type\":\"BreadcrumbList\",\"@id\":\"https:\\\/\\\/districos.standingout.be\\\/fr\\\/product\\\/depileve-kit-paraffine-manucure-professionnel-peche-ref-2015-1\\\/#breadcrumb\",\"itemListElement\":[{\"@type\":\"ListItem\",\"position\":1,\"name\":\"Home\",\"item\":\"https:\\\/\\\/districos.standingout.be\\\/fr\\\/bienvenue-chez-districos\\\/\"},{\"@type\":\"ListItem\",\"position\":2,\"name\":\"Boutique\",\"item\":\"https:\\\/\\\/districos.standingout.be\\\/fr\\\/boutique\\\/\"},{\"@type\":\"ListItem\",\"position\":3,\"name\":\"Depil\u00e8ve Kit Paraffine Manucure Professionnel P\u00eache\"}]},{\"@type\":\"WebSite\",\"@id\":\"https:\\\/\\\/districos.standingout.be\\\/fr\\\/#website\",\"url\":\"https:\\\/\\\/districos.standingout.be\\\/fr\\\/\",\"name\":\"Districos Webshop\",\"description\":\"\",\"publisher\":{\"@id\":\"https:\\\/\\\/districos.standingout.be\\\/fr\\\/#organization\"},\"potentialAction\":[{\"@type\":\"SearchAction\",\"target\":{\"@type\":\"EntryPoint\",\"urlTemplate\":\"https:\\\/\\\/districos.standingout.be\\\/fr\\\/?s={search_term_string}\"},\"query-input\":{\"@type\":\"PropertyValueSpecification\",\"valueRequired\":true,\"valueName\":\"search_term_string\"}}],\"inLanguage\":\"fr-FR\"},{\"@type\":\"Organization\",\"@id\":\"https:\\\/\\\/districos.standingout.be\\\/fr\\\/#organization\",\"name\":\"Districos Webshop\",\"url\":\"https:\\\/\\\/districos.standingout.be\\\/fr\\\/\",\"logo\":{\"@type\":\"ImageObject\",\"inLanguage\":\"fr-FR\",\"@id\":\"https:\\\/\\\/districos.standingout.be\\\/fr\\\/#\\\/schema\\\/logo\\\/image\\\/\",\"url\":\"https:\\\/\\\/districos.standingout.be\\\/wp-content\\\/uploads\\\/2022\\\/09\\\/Districos_Logo_Webshop.svg\",\"contentUrl\":\"https:\\\/\\\/districos.standingout.be\\\/wp-content\\\/uploads\\\/2022\\\/09\\\/Districos_Logo_Webshop.svg\",\"caption\":\"Districos Webshop\"},\"image\":{\"@id\":\"https:\\\/\\\/districos.standingout.be\\\/fr\\\/#\\\/schema\\\/logo\\\/image\\\/\"}}]}<\/script>\n<!-- \/ Yoast SEO plugin. -->","yoast_head_json":{"title":"Depil\u00e8ve Kit Paraffine Manucure Professionnel P\u00eache - Districos Webshop","robots":{"index":"noindex","follow":"follow","max-snippet":"max-snippet:-1","max-image-preview":"max-image-preview:large","max-video-preview":"max-video-preview:-1"},"og_locale":"fr_FR","og_type":"article","og_title":"Depil\u00e8ve Kit Paraffine Manucure Professionnel P\u00eache - Districos Webshop","og_description":"Optez pour des mains ultra douces ! Un soin tr\u00e8s agr\u00e9able et relaxant avec des r\u00e9sultats imm\u00e9diatement visibles. La paraffine chaude stimule la circulation sanguine, dilate les pores et couvre les substances actives du Collagen Elastin Plus en durcissant. De cette fa\u00e7on, les substances actives sont compl\u00e8tement absorb\u00e9es par la peau. Un soin paraffine adoucit, [&hellip;]","og_url":"https:\/\/districos.standingout.be\/fr\/product\/depileve-kit-paraffine-manucure-professionnel-peche-ref-2015-1\/","og_site_name":"Districos Webshop","article_modified_time":"2026-04-28T00:04:15+00:00","og_image":[{"width":600,"height":600,"url":"https:\/\/districos.standingout.be\/wp-content\/uploads\/2026\/04\/2015.1@Depileve-Professionele-Paraffinekit-Manicure-Perzik_1-2.png","type":"image\/png"}],"twitter_card":"summary_large_image","twitter_misc":{"Dur\u00e9e de lecture estim\u00e9e":"1 minute"},"schema":{"@context":"https:\/\/schema.org","@graph":[{"@type":"WebPage","@id":"https:\/\/districos.standingout.be\/fr\/product\/depileve-kit-paraffine-manucure-professionnel-peche-ref-2015-1\/","url":"https:\/\/districos.standingout.be\/fr\/product\/depileve-kit-paraffine-manucure-professionnel-peche-ref-2015-1\/","name":"Depil\u00e8ve Kit Paraffine Manucure Professionnel P\u00eache - Districos Webshop","isPartOf":{"@id":"https:\/\/districos.standingout.be\/fr\/#website"},"primaryImageOfPage":{"@id":"https:\/\/districos.standingout.be\/fr\/product\/depileve-kit-paraffine-manucure-professionnel-peche-ref-2015-1\/#primaryimage"},"image":{"@id":"https:\/\/districos.standingout.be\/fr\/product\/depileve-kit-paraffine-manucure-professionnel-peche-ref-2015-1\/#primaryimage"},"thumbnailUrl":"https:\/\/districos.standingout.be\/wp-content\/uploads\/2026\/04\/2015.1@Depileve-Professionele-Paraffinekit-Manicure-Perzik_1-3.png","datePublished":"2026-04-28T00:04:12+00:00","dateModified":"2026-04-28T00:04:15+00:00","breadcrumb":{"@id":"https:\/\/districos.standingout.be\/fr\/product\/depileve-kit-paraffine-manucure-professionnel-peche-ref-2015-1\/#breadcrumb"},"inLanguage":"fr-FR","potentialAction":[{"@type":"ReadAction","target":["https:\/\/districos.standingout.be\/fr\/product\/depileve-kit-paraffine-manucure-professionnel-peche-ref-2015-1\/"]}]},{"@type":"ImageObject","inLanguage":"fr-FR","@id":"https:\/\/districos.standingout.be\/fr\/product\/depileve-kit-paraffine-manucure-professionnel-peche-ref-2015-1\/#primaryimage","url":"https:\/\/districos.standingout.be\/wp-content\/uploads\/2026\/04\/2015.1@Depileve-Professionele-Paraffinekit-Manicure-Perzik_1-3.png","contentUrl":"https:\/\/districos.standingout.be\/wp-content\/uploads\/2026\/04\/2015.1@Depileve-Professionele-Paraffinekit-Manicure-Perzik_1-3.png","width":600,"height":600},{"@type":"BreadcrumbList","@id":"https:\/\/districos.standingout.be\/fr\/product\/depileve-kit-paraffine-manucure-professionnel-peche-ref-2015-1\/#breadcrumb","itemListElement":[{"@type":"ListItem","position":1,"name":"Home","item":"https:\/\/districos.standingout.be\/fr\/bienvenue-chez-districos\/"},{"@type":"ListItem","position":2,"name":"Boutique","item":"https:\/\/districos.standingout.be\/fr\/boutique\/"},{"@type":"ListItem","position":3,"name":"Depil\u00e8ve Kit Paraffine Manucure Professionnel P\u00eache"}]},{"@type":"WebSite","@id":"https:\/\/districos.standingout.be\/fr\/#website","url":"https:\/\/districos.standingout.be\/fr\/","name":"Districos Webshop","description":"","publisher":{"@id":"https:\/\/districos.standingout.be\/fr\/#organization"},"potentialAction":[{"@type":"SearchAction","target":{"@type":"EntryPoint","urlTemplate":"https:\/\/districos.standingout.be\/fr\/?s={search_term_string}"},"query-input":{"@type":"PropertyValueSpecification","valueRequired":true,"valueName":"search_term_string"}}],"inLanguage":"fr-FR"},{"@type":"Organization","@id":"https:\/\/districos.standingout.be\/fr\/#organization","name":"Districos Webshop","url":"https:\/\/districos.standingout.be\/fr\/","logo":{"@type":"ImageObject","inLanguage":"fr-FR","@id":"https:\/\/districos.standingout.be\/fr\/#\/schema\/logo\/image\/","url":"https:\/\/districos.standingout.be\/wp-content\/uploads\/2022\/09\/Districos_Logo_Webshop.svg","contentUrl":"https:\/\/districos.standingout.be\/wp-content\/uploads\/2022\/09\/Districos_Logo_Webshop.svg","caption":"Districos Webshop"},"image":{"@id":"https:\/\/districos.standingout.be\/fr\/#\/schema\/logo\/image\/"}}]}},"_links":{"self":[{"href":"https:\/\/districos.standingout.be\/fr\/wp-json\/wp\/v2\/product\/134123","targetHints":{"allow":["GET"]}}],"collection":[{"href":"https:\/\/districos.standingout.be\/fr\/wp-json\/wp\/v2\/product"}],"about":[{"href":"https:\/\/districos.standingout.be\/fr\/wp-json\/wp\/v2\/types\/product"}],"replies":[{"embeddable":true,"href":"https:\/\/districos.standingout.be\/fr\/wp-json\/wp\/v2\/comments?post=134123"}],"wp:featuredmedia":[{"embeddable":true,"href":"https:\/\/districos.standingout.be\/fr\/wp-json\/wp\/v2\/media\/143961"}],"wp:attachment":[{"href":"https:\/\/districos.standingout.be\/fr\/wp-json\/wp\/v2\/media?parent=134123"}],"wp:term":[{"taxonomy":"product_brand","embeddable":true,"href":"https:\/\/districos.standingout.be\/fr\/wp-json\/wp\/v2\/product_brand?post=134123"},{"taxonomy":"product_cat","embeddable":true,"href":"https:\/\/districos.standingout.be\/fr\/wp-json\/wp\/v2\/product_cat?post=134123"},{"taxonomy":"product_tag","embeddable":true,"href":"https:\/\/districos.standingout.be\/fr\/wp-json\/wp\/v2\/product_tag?post=134123"}],"curies":[{"name":"wp","href":"https:\/\/api.w.org\/{rel}","templated":true}]}}