{"id":134167,"date":"2026-04-28T02:08:19","date_gmt":"2026-04-28T00:08:19","guid":{"rendered":"https:\/\/webshopdistricoscom.webhosting.be\/product\/bio-balance-set-cremes-moussantes-presentoir-2-testeurs-ref-2461-10d\/"},"modified":"2026-04-28T02:08:25","modified_gmt":"2026-04-28T00:08:25","slug":"bio-balance-set-cremes-moussantes-presentoir-2-testeurs-ref-2461-10d","status":"publish","type":"product","link":"https:\/\/districos.standingout.be\/fr\/product\/bio-balance-set-cremes-moussantes-presentoir-2-testeurs-ref-2461-10d\/","title":{"rendered":"Bio Balance Set Cr\u00e8mes Moussantes + Pr\u00e9sentoir + 2 Testeurs"},"content":{"rendered":"<p >\n<p><b>Stimulez les ventes dans votre cabinet gr\u00e2ce \u00e0 ce pr\u00e9sentoir attrayant de cr\u00e8mes moussantes + 2 \u00e9chantillons GRATUITS<\/b> <\/p>\n<p>Utilisez ce kit de vente Bio Balance comme v\u00e9ritable booster de ventes dans votre cabinet. Gr\u00e2ce \u00e0 la combinaison de deux cr\u00e8mes moussantes tr\u00e8s appr\u00e9ci\u00e9es et de 2 \u00e9chantillons gratuits, vous offrez imm\u00e9diatement \u00e0 vos clients la solution id\u00e9ale pour les pieds secs et le soin des callosit\u00e9s.<\/p>\n<p>La pr\u00e9sentation professionnelle facilite les achats et aide \u00e0 convaincre vos clients de poursuivre leurs soins \u00e0 domicile. De plus, ce pr\u00e9sentoir repr\u00e9sente une <b>valeur totale de vente de 312 \u20ac TTC<\/b>, ce qui vous permet de cr\u00e9er une forte valeur ajout\u00e9e commerciale.<\/p>\n<p><b>Contenu de ce kit :<\/b><\/p>\n<ul>\n<li>8 \u00d7 Bio Balance Avocado+ Cr\u00e8me mousse 125 ml<\/li>\n<li>8 \u00d7 Bio Balance Callus+ Cr\u00e8me mousse 125 ml<\/li>\n<li>2 \u00e9chantillons gratuits<\/li>\n<li>Pr\u00e9sentoir de vente Bio Balance en plexiglas avec affiche<\/li>\n<\/ul>\n<p>Le kit de vente est \u00e9galement disponible s\u00e9par\u00e9ment sans pr\u00e9sentoir (<a href=\"https:\/\/webshop.districos.com\/ProductDetail\/2461.10Z\" target=\"_blank\" rel=\"noopener noreferrer nofollow\">r\u00e9f. 2461.10Z<\/a>).<\/p>\n<p><\/p>\n<p><b>Deux produits phares pour tous les besoins des pieds<\/b><\/p>\n<p><i>Bio Balance Avocado+ Cr\u00e8me mousse :<\/i><\/p>\n<p>Le soin quotidien pour les <b>pieds normaux \u00e0 secs<\/b>.<\/p>\n<p>Cette mousse innovante nourrit intens\u00e9ment gr\u00e2ce \u00e0 <b>10 % d&rsquo;ur\u00e9e<\/b>, <b>d&rsquo;huile d&rsquo;avocat<\/b>, <b>de glyc\u00e9rine <\/b>et <b>d&rsquo;acide hyaluronique<\/b>. La peau est imm\u00e9diatement douce et souple, sans film gras.<\/p>\n<p>Id\u00e9al pour hydrater, r\u00e9parer la peau et r\u00e9duire l\u00e9g\u00e8rement les callosit\u00e9s.<\/p>\n<p><a href=\"https:\/\/webshop.districos.com\/ProductDetail\/7075.050\" target=\"_blank\" rel=\"noopener noreferrer nofollow\">En savoir plus<\/a> sur la mousse Bio Balance Avocado+ (<a href=\"https:\/\/webshop.districos.com\/ProductDetail\/7075.050\" target=\"_blank\" rel=\"noopener noreferrer nofollow\">r\u00e9f. 7075.050<\/a>)<\/p>\n<p><\/p>\n<p><i>Mousse Bio Balance Callus+ :<\/i><\/p>\n<p>La solution cibl\u00e9e pour les <b>callosit\u00e9s et les zones rugueuses<\/b>.<\/p>\n<p>Avec <b>10 % d&rsquo;ur\u00e9e<\/b>, <b>de l&rsquo;allanto\u00efne <\/b>et <b>des huiles naturelles<\/b>, cette mousse stimule le renouvellement de la peau et aide \u00e0 r\u00e9duire activement la formation de callosit\u00e9s.<\/p>\n<p>Parfaite pour le soin intensif des callosit\u00e9s et la pr\u00e9vention des points de pression.<\/p>\n<p><a href=\"https:\/\/webshop.districos.com\/ProductDetail\/7075.054\" target=\"_blank\" rel=\"noopener noreferrer nofollow\">En savoir plus<\/a> sur la mousse Bio Balance Callus+ (<a href=\"https:\/\/webshop.districos.com\/ProductDetail\/7075.054\" target=\"_blank\" rel=\"noopener noreferrer nofollow\">r\u00e9f. 7075.054<\/a>)<\/p>\n<p><\/p>\n<p><b>Avocado+ ou Callus+ ? Choisissez celle qui vous convient !<\/b><\/p>\n<p>Les deux mousses Bio Balance partagent la m\u00eame base innovante : une mousse l\u00e9g\u00e8re, ultra-rapide \u00e0 absorber, contenant des ingr\u00e9dients actifs et au parfum neutre. Gr\u00e2ce \u00e0 un rapport et une composition diff\u00e9rents des principes actifs, Avocado+ se concentre principalement sur l&rsquo;hydratation intense et le soin quotidien des pieds secs, tandis que Callus+ mise davantage sur le soin cibl\u00e9 des callosit\u00e9s avec une action k\u00e9ratolytique intensive. Vous pouvez ainsi choisir facilement la mousse cr\u00e8me adapt\u00e9e aux besoins de votre peau : hydrater ou traiter les callosit\u00e9s.<\/p>\n<p><\/p>\n<p><b>Conseil d&rsquo;utilisation :<\/b><\/p>\n<p>Bien agiter le flacon avant utilisation et le maintenir en position verticale pendant l&rsquo;application. Appliquer une petite quantit\u00e9 matin et soir et masser l\u00e9g\u00e8rement.<\/p>\n","protected":false},"excerpt":{"rendered":"<p>Stimulez les ventes dans votre cabinet gr\u00e2ce \u00e0 ce pr\u00e9sentoir attrayant de cr\u00e8mes moussantes + 2 \u00e9chantillons GRATUITS Utilisez ce kit de vente Bio Balance comme v\u00e9ritable booster de ventes dans votre cabinet. Gr\u00e2ce \u00e0 la combinaison de deux cr\u00e8mes moussantes tr\u00e8s appr\u00e9ci\u00e9es et de 2 \u00e9chantillons gratuits, vous offrez imm\u00e9diatement \u00e0 vos clients la [&hellip;]<\/p>\n","protected":false},"featured_media":143988,"comment_status":"open","ping_status":"closed","template":"","meta":{"_acf_changed":false},"product_brand":[10306],"product_cat":[10082,10078,9946],"product_tag":[],"class_list":{"0":"post-134167","1":"product","2":"type-product","3":"status-publish","4":"has-post-thumbnail","6":"product_brand-bb-voet-fr","7":"product_cat-soins-des-pieds-podologie-produits-de-soin-bio-balance-feet","8":"product_cat-soins-des-pieds-podologie-produits-de-soin-cremes-lotions","9":"product_cat-beaute-pedicure-produits-de-soin","11":"first","12":"instock","13":"taxable","14":"shipping-taxable","15":"product-type-simple"},"acf":[],"yoast_head":"<!-- This site is optimized with the Yoast SEO plugin v27.3 - https:\/\/yoast.com\/product\/yoast-seo-wordpress\/ -->\n<title>Bio Balance Set Cr\u00e8mes Moussantes + Pr\u00e9sentoir + 2 Testeurs - Districos Webshop<\/title>\n<meta name=\"robots\" content=\"noindex, follow, max-snippet:-1, max-image-preview:large, max-video-preview:-1\" \/>\n<meta property=\"og:locale\" content=\"fr_FR\" \/>\n<meta property=\"og:type\" content=\"article\" \/>\n<meta property=\"og:title\" content=\"Bio Balance Set Cr\u00e8mes Moussantes + Pr\u00e9sentoir + 2 Testeurs - Districos Webshop\" \/>\n<meta property=\"og:description\" content=\"Stimulez les ventes dans votre cabinet gr\u00e2ce \u00e0 ce pr\u00e9sentoir attrayant de cr\u00e8mes moussantes + 2 \u00e9chantillons GRATUITS Utilisez ce kit de vente Bio Balance comme v\u00e9ritable booster de ventes dans votre cabinet. Gr\u00e2ce \u00e0 la combinaison de deux cr\u00e8mes moussantes tr\u00e8s appr\u00e9ci\u00e9es et de 2 \u00e9chantillons gratuits, vous offrez imm\u00e9diatement \u00e0 vos clients la [&hellip;]\" \/>\n<meta property=\"og:url\" content=\"https:\/\/districos.standingout.be\/fr\/product\/bio-balance-set-cremes-moussantes-presentoir-2-testeurs-ref-2461-10d\/\" \/>\n<meta property=\"og:site_name\" content=\"Districos Webshop\" \/>\n<meta property=\"article:modified_time\" content=\"2026-04-28T00:08:25+00:00\" \/>\n<meta property=\"og:image\" content=\"https:\/\/districos.standingout.be\/wp-content\/uploads\/2026\/04\/2461.10D@Bio-Balance-Set-Schuimcremes-Display-2-Testers_1.png\" \/>\n\t<meta property=\"og:image:width\" content=\"600\" \/>\n\t<meta property=\"og:image:height\" content=\"600\" \/>\n\t<meta property=\"og:image:type\" content=\"image\/png\" \/>\n<meta name=\"twitter:card\" content=\"summary_large_image\" \/>\n<meta name=\"twitter:label1\" content=\"Dur\u00e9e de lecture estim\u00e9e\" \/>\n\t<meta name=\"twitter:data1\" content=\"2 minutes\" \/>\n<script type=\"application\/ld+json\" class=\"yoast-schema-graph\">{\"@context\":\"https:\\\/\\\/schema.org\",\"@graph\":[{\"@type\":\"WebPage\",\"@id\":\"https:\\\/\\\/districos.standingout.be\\\/fr\\\/product\\\/bio-balance-set-cremes-moussantes-presentoir-2-testeurs-ref-2461-10d\\\/\",\"url\":\"https:\\\/\\\/districos.standingout.be\\\/fr\\\/product\\\/bio-balance-set-cremes-moussantes-presentoir-2-testeurs-ref-2461-10d\\\/\",\"name\":\"Bio Balance Set Cr\u00e8mes Moussantes + Pr\u00e9sentoir + 2 Testeurs - Districos Webshop\",\"isPartOf\":{\"@id\":\"https:\\\/\\\/districos.standingout.be\\\/fr\\\/#website\"},\"primaryImageOfPage\":{\"@id\":\"https:\\\/\\\/districos.standingout.be\\\/fr\\\/product\\\/bio-balance-set-cremes-moussantes-presentoir-2-testeurs-ref-2461-10d\\\/#primaryimage\"},\"image\":{\"@id\":\"https:\\\/\\\/districos.standingout.be\\\/fr\\\/product\\\/bio-balance-set-cremes-moussantes-presentoir-2-testeurs-ref-2461-10d\\\/#primaryimage\"},\"thumbnailUrl\":\"https:\\\/\\\/districos.standingout.be\\\/wp-content\\\/uploads\\\/2026\\\/04\\\/2461.10D@Bio-Balance-Set-Schuimcremes-Display-2-Testers_1-1.png\",\"datePublished\":\"2026-04-28T00:08:19+00:00\",\"dateModified\":\"2026-04-28T00:08:25+00:00\",\"breadcrumb\":{\"@id\":\"https:\\\/\\\/districos.standingout.be\\\/fr\\\/product\\\/bio-balance-set-cremes-moussantes-presentoir-2-testeurs-ref-2461-10d\\\/#breadcrumb\"},\"inLanguage\":\"fr-FR\",\"potentialAction\":[{\"@type\":\"ReadAction\",\"target\":[\"https:\\\/\\\/districos.standingout.be\\\/fr\\\/product\\\/bio-balance-set-cremes-moussantes-presentoir-2-testeurs-ref-2461-10d\\\/\"]}]},{\"@type\":\"ImageObject\",\"inLanguage\":\"fr-FR\",\"@id\":\"https:\\\/\\\/districos.standingout.be\\\/fr\\\/product\\\/bio-balance-set-cremes-moussantes-presentoir-2-testeurs-ref-2461-10d\\\/#primaryimage\",\"url\":\"https:\\\/\\\/districos.standingout.be\\\/wp-content\\\/uploads\\\/2026\\\/04\\\/2461.10D@Bio-Balance-Set-Schuimcremes-Display-2-Testers_1-1.png\",\"contentUrl\":\"https:\\\/\\\/districos.standingout.be\\\/wp-content\\\/uploads\\\/2026\\\/04\\\/2461.10D@Bio-Balance-Set-Schuimcremes-Display-2-Testers_1-1.png\",\"width\":600,\"height\":600},{\"@type\":\"BreadcrumbList\",\"@id\":\"https:\\\/\\\/districos.standingout.be\\\/fr\\\/product\\\/bio-balance-set-cremes-moussantes-presentoir-2-testeurs-ref-2461-10d\\\/#breadcrumb\",\"itemListElement\":[{\"@type\":\"ListItem\",\"position\":1,\"name\":\"Home\",\"item\":\"https:\\\/\\\/districos.standingout.be\\\/fr\\\/bienvenue-chez-districos\\\/\"},{\"@type\":\"ListItem\",\"position\":2,\"name\":\"Boutique\",\"item\":\"https:\\\/\\\/districos.standingout.be\\\/fr\\\/boutique\\\/\"},{\"@type\":\"ListItem\",\"position\":3,\"name\":\"Bio Balance Set Cr\u00e8mes Moussantes + Pr\u00e9sentoir + 2 Testeurs\"}]},{\"@type\":\"WebSite\",\"@id\":\"https:\\\/\\\/districos.standingout.be\\\/fr\\\/#website\",\"url\":\"https:\\\/\\\/districos.standingout.be\\\/fr\\\/\",\"name\":\"Districos Webshop\",\"description\":\"\",\"publisher\":{\"@id\":\"https:\\\/\\\/districos.standingout.be\\\/fr\\\/#organization\"},\"potentialAction\":[{\"@type\":\"SearchAction\",\"target\":{\"@type\":\"EntryPoint\",\"urlTemplate\":\"https:\\\/\\\/districos.standingout.be\\\/fr\\\/?s={search_term_string}\"},\"query-input\":{\"@type\":\"PropertyValueSpecification\",\"valueRequired\":true,\"valueName\":\"search_term_string\"}}],\"inLanguage\":\"fr-FR\"},{\"@type\":\"Organization\",\"@id\":\"https:\\\/\\\/districos.standingout.be\\\/fr\\\/#organization\",\"name\":\"Districos Webshop\",\"url\":\"https:\\\/\\\/districos.standingout.be\\\/fr\\\/\",\"logo\":{\"@type\":\"ImageObject\",\"inLanguage\":\"fr-FR\",\"@id\":\"https:\\\/\\\/districos.standingout.be\\\/fr\\\/#\\\/schema\\\/logo\\\/image\\\/\",\"url\":\"https:\\\/\\\/districos.standingout.be\\\/wp-content\\\/uploads\\\/2022\\\/09\\\/Districos_Logo_Webshop.svg\",\"contentUrl\":\"https:\\\/\\\/districos.standingout.be\\\/wp-content\\\/uploads\\\/2022\\\/09\\\/Districos_Logo_Webshop.svg\",\"caption\":\"Districos Webshop\"},\"image\":{\"@id\":\"https:\\\/\\\/districos.standingout.be\\\/fr\\\/#\\\/schema\\\/logo\\\/image\\\/\"}}]}<\/script>\n<!-- \/ Yoast SEO plugin. -->","yoast_head_json":{"title":"Bio Balance Set Cr\u00e8mes Moussantes + Pr\u00e9sentoir + 2 Testeurs - Districos Webshop","robots":{"index":"noindex","follow":"follow","max-snippet":"max-snippet:-1","max-image-preview":"max-image-preview:large","max-video-preview":"max-video-preview:-1"},"og_locale":"fr_FR","og_type":"article","og_title":"Bio Balance Set Cr\u00e8mes Moussantes + Pr\u00e9sentoir + 2 Testeurs - Districos Webshop","og_description":"Stimulez les ventes dans votre cabinet gr\u00e2ce \u00e0 ce pr\u00e9sentoir attrayant de cr\u00e8mes moussantes + 2 \u00e9chantillons GRATUITS Utilisez ce kit de vente Bio Balance comme v\u00e9ritable booster de ventes dans votre cabinet. Gr\u00e2ce \u00e0 la combinaison de deux cr\u00e8mes moussantes tr\u00e8s appr\u00e9ci\u00e9es et de 2 \u00e9chantillons gratuits, vous offrez imm\u00e9diatement \u00e0 vos clients la [&hellip;]","og_url":"https:\/\/districos.standingout.be\/fr\/product\/bio-balance-set-cremes-moussantes-presentoir-2-testeurs-ref-2461-10d\/","og_site_name":"Districos Webshop","article_modified_time":"2026-04-28T00:08:25+00:00","og_image":[{"width":600,"height":600,"url":"https:\/\/districos.standingout.be\/wp-content\/uploads\/2026\/04\/2461.10D@Bio-Balance-Set-Schuimcremes-Display-2-Testers_1.png","type":"image\/png"}],"twitter_card":"summary_large_image","twitter_misc":{"Dur\u00e9e de lecture estim\u00e9e":"2 minutes"},"schema":{"@context":"https:\/\/schema.org","@graph":[{"@type":"WebPage","@id":"https:\/\/districos.standingout.be\/fr\/product\/bio-balance-set-cremes-moussantes-presentoir-2-testeurs-ref-2461-10d\/","url":"https:\/\/districos.standingout.be\/fr\/product\/bio-balance-set-cremes-moussantes-presentoir-2-testeurs-ref-2461-10d\/","name":"Bio Balance Set Cr\u00e8mes Moussantes + Pr\u00e9sentoir + 2 Testeurs - Districos Webshop","isPartOf":{"@id":"https:\/\/districos.standingout.be\/fr\/#website"},"primaryImageOfPage":{"@id":"https:\/\/districos.standingout.be\/fr\/product\/bio-balance-set-cremes-moussantes-presentoir-2-testeurs-ref-2461-10d\/#primaryimage"},"image":{"@id":"https:\/\/districos.standingout.be\/fr\/product\/bio-balance-set-cremes-moussantes-presentoir-2-testeurs-ref-2461-10d\/#primaryimage"},"thumbnailUrl":"https:\/\/districos.standingout.be\/wp-content\/uploads\/2026\/04\/2461.10D@Bio-Balance-Set-Schuimcremes-Display-2-Testers_1-1.png","datePublished":"2026-04-28T00:08:19+00:00","dateModified":"2026-04-28T00:08:25+00:00","breadcrumb":{"@id":"https:\/\/districos.standingout.be\/fr\/product\/bio-balance-set-cremes-moussantes-presentoir-2-testeurs-ref-2461-10d\/#breadcrumb"},"inLanguage":"fr-FR","potentialAction":[{"@type":"ReadAction","target":["https:\/\/districos.standingout.be\/fr\/product\/bio-balance-set-cremes-moussantes-presentoir-2-testeurs-ref-2461-10d\/"]}]},{"@type":"ImageObject","inLanguage":"fr-FR","@id":"https:\/\/districos.standingout.be\/fr\/product\/bio-balance-set-cremes-moussantes-presentoir-2-testeurs-ref-2461-10d\/#primaryimage","url":"https:\/\/districos.standingout.be\/wp-content\/uploads\/2026\/04\/2461.10D@Bio-Balance-Set-Schuimcremes-Display-2-Testers_1-1.png","contentUrl":"https:\/\/districos.standingout.be\/wp-content\/uploads\/2026\/04\/2461.10D@Bio-Balance-Set-Schuimcremes-Display-2-Testers_1-1.png","width":600,"height":600},{"@type":"BreadcrumbList","@id":"https:\/\/districos.standingout.be\/fr\/product\/bio-balance-set-cremes-moussantes-presentoir-2-testeurs-ref-2461-10d\/#breadcrumb","itemListElement":[{"@type":"ListItem","position":1,"name":"Home","item":"https:\/\/districos.standingout.be\/fr\/bienvenue-chez-districos\/"},{"@type":"ListItem","position":2,"name":"Boutique","item":"https:\/\/districos.standingout.be\/fr\/boutique\/"},{"@type":"ListItem","position":3,"name":"Bio Balance Set Cr\u00e8mes Moussantes + Pr\u00e9sentoir + 2 Testeurs"}]},{"@type":"WebSite","@id":"https:\/\/districos.standingout.be\/fr\/#website","url":"https:\/\/districos.standingout.be\/fr\/","name":"Districos Webshop","description":"","publisher":{"@id":"https:\/\/districos.standingout.be\/fr\/#organization"},"potentialAction":[{"@type":"SearchAction","target":{"@type":"EntryPoint","urlTemplate":"https:\/\/districos.standingout.be\/fr\/?s={search_term_string}"},"query-input":{"@type":"PropertyValueSpecification","valueRequired":true,"valueName":"search_term_string"}}],"inLanguage":"fr-FR"},{"@type":"Organization","@id":"https:\/\/districos.standingout.be\/fr\/#organization","name":"Districos Webshop","url":"https:\/\/districos.standingout.be\/fr\/","logo":{"@type":"ImageObject","inLanguage":"fr-FR","@id":"https:\/\/districos.standingout.be\/fr\/#\/schema\/logo\/image\/","url":"https:\/\/districos.standingout.be\/wp-content\/uploads\/2022\/09\/Districos_Logo_Webshop.svg","contentUrl":"https:\/\/districos.standingout.be\/wp-content\/uploads\/2022\/09\/Districos_Logo_Webshop.svg","caption":"Districos Webshop"},"image":{"@id":"https:\/\/districos.standingout.be\/fr\/#\/schema\/logo\/image\/"}}]}},"_links":{"self":[{"href":"https:\/\/districos.standingout.be\/fr\/wp-json\/wp\/v2\/product\/134167","targetHints":{"allow":["GET"]}}],"collection":[{"href":"https:\/\/districos.standingout.be\/fr\/wp-json\/wp\/v2\/product"}],"about":[{"href":"https:\/\/districos.standingout.be\/fr\/wp-json\/wp\/v2\/types\/product"}],"replies":[{"embeddable":true,"href":"https:\/\/districos.standingout.be\/fr\/wp-json\/wp\/v2\/comments?post=134167"}],"wp:featuredmedia":[{"embeddable":true,"href":"https:\/\/districos.standingout.be\/fr\/wp-json\/wp\/v2\/media\/143988"}],"wp:attachment":[{"href":"https:\/\/districos.standingout.be\/fr\/wp-json\/wp\/v2\/media?parent=134167"}],"wp:term":[{"taxonomy":"product_brand","embeddable":true,"href":"https:\/\/districos.standingout.be\/fr\/wp-json\/wp\/v2\/product_brand?post=134167"},{"taxonomy":"product_cat","embeddable":true,"href":"https:\/\/districos.standingout.be\/fr\/wp-json\/wp\/v2\/product_cat?post=134167"},{"taxonomy":"product_tag","embeddable":true,"href":"https:\/\/districos.standingout.be\/fr\/wp-json\/wp\/v2\/product_tag?post=134167"}],"curies":[{"name":"wp","href":"https:\/\/api.w.org\/{rel}","templated":true}]}}