{"id":134177,"date":"2026-04-28T02:09:01","date_gmt":"2026-04-28T00:09:01","guid":{"rendered":"https:\/\/webshopdistricoscom.webhosting.be\/product\/promo-cartouches-universelles-aloe-vera-159-gratuites-ref-2461-23c\/"},"modified":"2026-04-28T02:09:04","modified_gmt":"2026-04-28T00:09:04","slug":"promo-cartouches-universelles-aloe-vera-159-gratuites-ref-2461-23c","status":"publish","type":"product","link":"https:\/\/districos.standingout.be\/fr\/product\/promo-cartouches-universelles-aloe-vera-159-gratuites-ref-2461-23c\/","title":{"rendered":"PROMO Cartouches Universelles Aloe Vera 15+9 GRATUITES"},"content":{"rendered":"<p >\n<\/p>\n<\/p>\n<\/p>\n<p><span lang=\"FR\">Cire avec une formule enti\u00e8rement constitu\u00e9e \u00e0 base de rosinate de glyc\u00e9ryle pour une \u00e9pilation sans irritations cutan\u00e9es. Elle colle moins \u00e0 la peau et plus efficacement aux poils.<u1:p><\/u1:p><o:p><\/o:p><\/span><\/p>\n<ul type=\"disc\">\n<li><span lang=\"FR\">Aloe Vera&nbsp;: effet r\u00e9g\u00e9n\u00e9rateur et hydratant et r\u00e9duit la sensibilit\u00e9 de la peau. Convient \u00e0 tous les types de peaux, m\u00eame les peaux les plus sensibles.<o:p><\/o:p><\/span><\/li>\n<li><span lang=\"FR\">Ne devient liquide qu\u2019\u00e0 45 \u00b0C, id\u00e9ale pour les esth\u00e9ticien(ne)s en d\u00e9placement.<o:p><\/o:p><\/span><\/li>\n<\/ul>\n<p><span lang=\"FR\">PROMO : 15 + 9 GRATUITES !<o:p><\/o:p><\/span><\/p>\n<p><b><span lang=\"FR\">\u00c9galement disponible :&nbsp;<u1:p><\/u1:p><o:p><\/o:p><\/span><\/b><\/p>\n<\/p>\n<ul type=\"disc\">\n<li><span lang=\"FR\">PROMO Cartouches Universelles Aloe Vera 24+24 GRATUITES&nbsp;(r\u00e9f.&nbsp;<a href=\"https:\/\/webshop.districos.com\/ProductDetail\/2433.07D\" target=\"_blank\" rel=\"noopener noreferrer nofollow\"><span>2433.07D<\/span><\/a>)<u2:p><\/u2:p><u3:p><\/u3:p><u1:p><\/u1:p><o:p><\/o:p><\/span><\/li>\n<li><span lang=\"FR\">PROMO Cartouches Universelles Naturelles 15+9 GRATUITES&nbsp;(r\u00e9f.&nbsp;<a href=\"https:\/\/webshop.districos.com\/ProductDetail\/2433.07A\" target=\"_blank\" rel=\"noopener noreferrer nofollow\"><span lang=\"NL-BE\">2433.07A<\/span><\/a>)<u2:p><\/u2:p><u3:p><\/u3:p><u1:p><\/u1:p><o:p><\/o:p><\/span><\/li>\n<li><span lang=\"FR\">PROMO Cartouches Universelles Rose 15+9 GRATUITES (r\u00e9f.&nbsp;<a href=\"https:\/\/webshop.districos.com\/ProductDetail\/2433.07E\" target=\"_blank\" rel=\"noopener noreferrer nofollow\"><span lang=\"NL-BE\"><span><span>2433.07E<\/span><\/span><\/span><\/a>)<o:p><\/o:p><\/span><\/li>\n<\/ul>\n","protected":false},"excerpt":{"rendered":"<p>Cire avec une formule enti\u00e8rement constitu\u00e9e \u00e0 base de rosinate de glyc\u00e9ryle pour une \u00e9pilation sans irritations cutan\u00e9es. Elle colle moins \u00e0 la peau et plus efficacement aux poils. Aloe Vera&nbsp;: effet r\u00e9g\u00e9n\u00e9rateur et hydratant et r\u00e9duit la sensibilit\u00e9 de la peau. Convient \u00e0 tous les types de peaux, m\u00eame les peaux les plus sensibles. [&hellip;]<\/p>\n","protected":false},"featured_media":139811,"comment_status":"open","ping_status":"closed","template":"","meta":{"_acf_changed":false},"product_brand":[10376],"product_cat":[9912],"product_tag":[],"class_list":{"0":"post-134177","1":"product","2":"type-product","3":"status-publish","4":"has-post-thumbnail","6":"product_brand-depileve-fr","7":"product_cat-beaute-epilation-cire-jetable","9":"first","10":"instock","11":"taxable","12":"shipping-taxable","13":"product-type-simple"},"acf":[],"yoast_head":"<!-- This site is optimized with the Yoast SEO plugin v27.3 - https:\/\/yoast.com\/product\/yoast-seo-wordpress\/ -->\n<title>PROMO Cartouches Universelles Aloe Vera 15+9 GRATUITES - Districos Webshop<\/title>\n<meta name=\"robots\" content=\"noindex, follow, max-snippet:-1, max-image-preview:large, max-video-preview:-1\" \/>\n<meta property=\"og:locale\" content=\"fr_FR\" \/>\n<meta property=\"og:type\" content=\"article\" \/>\n<meta property=\"og:title\" content=\"PROMO Cartouches Universelles Aloe Vera 15+9 GRATUITES - Districos Webshop\" \/>\n<meta property=\"og:description\" content=\"Cire avec une formule enti\u00e8rement constitu\u00e9e \u00e0 base de rosinate de glyc\u00e9ryle pour une \u00e9pilation sans irritations cutan\u00e9es. Elle colle moins \u00e0 la peau et plus efficacement aux poils. Aloe Vera&nbsp;: effet r\u00e9g\u00e9n\u00e9rateur et hydratant et r\u00e9duit la sensibilit\u00e9 de la peau. Convient \u00e0 tous les types de peaux, m\u00eame les peaux les plus sensibles. [&hellip;]\" \/>\n<meta property=\"og:url\" content=\"https:\/\/districos.standingout.be\/fr\/product\/promo-cartouches-universelles-aloe-vera-159-gratuites-ref-2461-23c\/\" \/>\n<meta property=\"og:site_name\" content=\"Districos Webshop\" \/>\n<meta property=\"article:modified_time\" content=\"2026-04-28T00:09:04+00:00\" \/>\n<meta property=\"og:image\" content=\"https:\/\/districos.standingout.be\/wp-content\/uploads\/2026\/04\/2461.23C@LowRes_1.png\" \/>\n\t<meta property=\"og:image:width\" content=\"600\" \/>\n\t<meta property=\"og:image:height\" content=\"600\" \/>\n\t<meta property=\"og:image:type\" content=\"image\/png\" \/>\n<meta name=\"twitter:card\" content=\"summary_large_image\" \/>\n<meta name=\"twitter:label1\" content=\"Dur\u00e9e de lecture estim\u00e9e\" \/>\n\t<meta name=\"twitter:data1\" content=\"1 minute\" \/>\n<script type=\"application\/ld+json\" class=\"yoast-schema-graph\">{\"@context\":\"https:\\\/\\\/schema.org\",\"@graph\":[{\"@type\":\"WebPage\",\"@id\":\"https:\\\/\\\/districos.standingout.be\\\/fr\\\/product\\\/promo-cartouches-universelles-aloe-vera-159-gratuites-ref-2461-23c\\\/\",\"url\":\"https:\\\/\\\/districos.standingout.be\\\/fr\\\/product\\\/promo-cartouches-universelles-aloe-vera-159-gratuites-ref-2461-23c\\\/\",\"name\":\"PROMO Cartouches Universelles Aloe Vera 15+9 GRATUITES - Districos Webshop\",\"isPartOf\":{\"@id\":\"https:\\\/\\\/districos.standingout.be\\\/fr\\\/#website\"},\"primaryImageOfPage\":{\"@id\":\"https:\\\/\\\/districos.standingout.be\\\/fr\\\/product\\\/promo-cartouches-universelles-aloe-vera-159-gratuites-ref-2461-23c\\\/#primaryimage\"},\"image\":{\"@id\":\"https:\\\/\\\/districos.standingout.be\\\/fr\\\/product\\\/promo-cartouches-universelles-aloe-vera-159-gratuites-ref-2461-23c\\\/#primaryimage\"},\"thumbnailUrl\":\"https:\\\/\\\/districos.standingout.be\\\/wp-content\\\/uploads\\\/2026\\\/04\\\/2461.23C@LowRes_1.png\",\"datePublished\":\"2026-04-28T00:09:01+00:00\",\"dateModified\":\"2026-04-28T00:09:04+00:00\",\"breadcrumb\":{\"@id\":\"https:\\\/\\\/districos.standingout.be\\\/fr\\\/product\\\/promo-cartouches-universelles-aloe-vera-159-gratuites-ref-2461-23c\\\/#breadcrumb\"},\"inLanguage\":\"fr-FR\",\"potentialAction\":[{\"@type\":\"ReadAction\",\"target\":[\"https:\\\/\\\/districos.standingout.be\\\/fr\\\/product\\\/promo-cartouches-universelles-aloe-vera-159-gratuites-ref-2461-23c\\\/\"]}]},{\"@type\":\"ImageObject\",\"inLanguage\":\"fr-FR\",\"@id\":\"https:\\\/\\\/districos.standingout.be\\\/fr\\\/product\\\/promo-cartouches-universelles-aloe-vera-159-gratuites-ref-2461-23c\\\/#primaryimage\",\"url\":\"https:\\\/\\\/districos.standingout.be\\\/wp-content\\\/uploads\\\/2026\\\/04\\\/2461.23C@LowRes_1.png\",\"contentUrl\":\"https:\\\/\\\/districos.standingout.be\\\/wp-content\\\/uploads\\\/2026\\\/04\\\/2461.23C@LowRes_1.png\",\"width\":600,\"height\":600},{\"@type\":\"BreadcrumbList\",\"@id\":\"https:\\\/\\\/districos.standingout.be\\\/fr\\\/product\\\/promo-cartouches-universelles-aloe-vera-159-gratuites-ref-2461-23c\\\/#breadcrumb\",\"itemListElement\":[{\"@type\":\"ListItem\",\"position\":1,\"name\":\"Home\",\"item\":\"https:\\\/\\\/districos.standingout.be\\\/fr\\\/bienvenue-chez-districos\\\/\"},{\"@type\":\"ListItem\",\"position\":2,\"name\":\"Boutique\",\"item\":\"https:\\\/\\\/districos.standingout.be\\\/fr\\\/boutique\\\/\"},{\"@type\":\"ListItem\",\"position\":3,\"name\":\"PROMO Cartouches Universelles Aloe Vera 15+9 GRATUITES\"}]},{\"@type\":\"WebSite\",\"@id\":\"https:\\\/\\\/districos.standingout.be\\\/fr\\\/#website\",\"url\":\"https:\\\/\\\/districos.standingout.be\\\/fr\\\/\",\"name\":\"Districos Webshop\",\"description\":\"\",\"publisher\":{\"@id\":\"https:\\\/\\\/districos.standingout.be\\\/fr\\\/#organization\"},\"potentialAction\":[{\"@type\":\"SearchAction\",\"target\":{\"@type\":\"EntryPoint\",\"urlTemplate\":\"https:\\\/\\\/districos.standingout.be\\\/fr\\\/?s={search_term_string}\"},\"query-input\":{\"@type\":\"PropertyValueSpecification\",\"valueRequired\":true,\"valueName\":\"search_term_string\"}}],\"inLanguage\":\"fr-FR\"},{\"@type\":\"Organization\",\"@id\":\"https:\\\/\\\/districos.standingout.be\\\/fr\\\/#organization\",\"name\":\"Districos Webshop\",\"url\":\"https:\\\/\\\/districos.standingout.be\\\/fr\\\/\",\"logo\":{\"@type\":\"ImageObject\",\"inLanguage\":\"fr-FR\",\"@id\":\"https:\\\/\\\/districos.standingout.be\\\/fr\\\/#\\\/schema\\\/logo\\\/image\\\/\",\"url\":\"https:\\\/\\\/districos.standingout.be\\\/wp-content\\\/uploads\\\/2022\\\/09\\\/Districos_Logo_Webshop.svg\",\"contentUrl\":\"https:\\\/\\\/districos.standingout.be\\\/wp-content\\\/uploads\\\/2022\\\/09\\\/Districos_Logo_Webshop.svg\",\"caption\":\"Districos Webshop\"},\"image\":{\"@id\":\"https:\\\/\\\/districos.standingout.be\\\/fr\\\/#\\\/schema\\\/logo\\\/image\\\/\"}}]}<\/script>\n<!-- \/ Yoast SEO plugin. -->","yoast_head_json":{"title":"PROMO Cartouches Universelles Aloe Vera 15+9 GRATUITES - Districos Webshop","robots":{"index":"noindex","follow":"follow","max-snippet":"max-snippet:-1","max-image-preview":"max-image-preview:large","max-video-preview":"max-video-preview:-1"},"og_locale":"fr_FR","og_type":"article","og_title":"PROMO Cartouches Universelles Aloe Vera 15+9 GRATUITES - Districos Webshop","og_description":"Cire avec une formule enti\u00e8rement constitu\u00e9e \u00e0 base de rosinate de glyc\u00e9ryle pour une \u00e9pilation sans irritations cutan\u00e9es. Elle colle moins \u00e0 la peau et plus efficacement aux poils. Aloe Vera&nbsp;: effet r\u00e9g\u00e9n\u00e9rateur et hydratant et r\u00e9duit la sensibilit\u00e9 de la peau. Convient \u00e0 tous les types de peaux, m\u00eame les peaux les plus sensibles. [&hellip;]","og_url":"https:\/\/districos.standingout.be\/fr\/product\/promo-cartouches-universelles-aloe-vera-159-gratuites-ref-2461-23c\/","og_site_name":"Districos Webshop","article_modified_time":"2026-04-28T00:09:04+00:00","og_image":[{"width":600,"height":600,"url":"https:\/\/districos.standingout.be\/wp-content\/uploads\/2026\/04\/2461.23C@LowRes_1.png","type":"image\/png"}],"twitter_card":"summary_large_image","twitter_misc":{"Dur\u00e9e de lecture estim\u00e9e":"1 minute"},"schema":{"@context":"https:\/\/schema.org","@graph":[{"@type":"WebPage","@id":"https:\/\/districos.standingout.be\/fr\/product\/promo-cartouches-universelles-aloe-vera-159-gratuites-ref-2461-23c\/","url":"https:\/\/districos.standingout.be\/fr\/product\/promo-cartouches-universelles-aloe-vera-159-gratuites-ref-2461-23c\/","name":"PROMO Cartouches Universelles Aloe Vera 15+9 GRATUITES - Districos Webshop","isPartOf":{"@id":"https:\/\/districos.standingout.be\/fr\/#website"},"primaryImageOfPage":{"@id":"https:\/\/districos.standingout.be\/fr\/product\/promo-cartouches-universelles-aloe-vera-159-gratuites-ref-2461-23c\/#primaryimage"},"image":{"@id":"https:\/\/districos.standingout.be\/fr\/product\/promo-cartouches-universelles-aloe-vera-159-gratuites-ref-2461-23c\/#primaryimage"},"thumbnailUrl":"https:\/\/districos.standingout.be\/wp-content\/uploads\/2026\/04\/2461.23C@LowRes_1.png","datePublished":"2026-04-28T00:09:01+00:00","dateModified":"2026-04-28T00:09:04+00:00","breadcrumb":{"@id":"https:\/\/districos.standingout.be\/fr\/product\/promo-cartouches-universelles-aloe-vera-159-gratuites-ref-2461-23c\/#breadcrumb"},"inLanguage":"fr-FR","potentialAction":[{"@type":"ReadAction","target":["https:\/\/districos.standingout.be\/fr\/product\/promo-cartouches-universelles-aloe-vera-159-gratuites-ref-2461-23c\/"]}]},{"@type":"ImageObject","inLanguage":"fr-FR","@id":"https:\/\/districos.standingout.be\/fr\/product\/promo-cartouches-universelles-aloe-vera-159-gratuites-ref-2461-23c\/#primaryimage","url":"https:\/\/districos.standingout.be\/wp-content\/uploads\/2026\/04\/2461.23C@LowRes_1.png","contentUrl":"https:\/\/districos.standingout.be\/wp-content\/uploads\/2026\/04\/2461.23C@LowRes_1.png","width":600,"height":600},{"@type":"BreadcrumbList","@id":"https:\/\/districos.standingout.be\/fr\/product\/promo-cartouches-universelles-aloe-vera-159-gratuites-ref-2461-23c\/#breadcrumb","itemListElement":[{"@type":"ListItem","position":1,"name":"Home","item":"https:\/\/districos.standingout.be\/fr\/bienvenue-chez-districos\/"},{"@type":"ListItem","position":2,"name":"Boutique","item":"https:\/\/districos.standingout.be\/fr\/boutique\/"},{"@type":"ListItem","position":3,"name":"PROMO Cartouches Universelles Aloe Vera 15+9 GRATUITES"}]},{"@type":"WebSite","@id":"https:\/\/districos.standingout.be\/fr\/#website","url":"https:\/\/districos.standingout.be\/fr\/","name":"Districos Webshop","description":"","publisher":{"@id":"https:\/\/districos.standingout.be\/fr\/#organization"},"potentialAction":[{"@type":"SearchAction","target":{"@type":"EntryPoint","urlTemplate":"https:\/\/districos.standingout.be\/fr\/?s={search_term_string}"},"query-input":{"@type":"PropertyValueSpecification","valueRequired":true,"valueName":"search_term_string"}}],"inLanguage":"fr-FR"},{"@type":"Organization","@id":"https:\/\/districos.standingout.be\/fr\/#organization","name":"Districos Webshop","url":"https:\/\/districos.standingout.be\/fr\/","logo":{"@type":"ImageObject","inLanguage":"fr-FR","@id":"https:\/\/districos.standingout.be\/fr\/#\/schema\/logo\/image\/","url":"https:\/\/districos.standingout.be\/wp-content\/uploads\/2022\/09\/Districos_Logo_Webshop.svg","contentUrl":"https:\/\/districos.standingout.be\/wp-content\/uploads\/2022\/09\/Districos_Logo_Webshop.svg","caption":"Districos Webshop"},"image":{"@id":"https:\/\/districos.standingout.be\/fr\/#\/schema\/logo\/image\/"}}]}},"_links":{"self":[{"href":"https:\/\/districos.standingout.be\/fr\/wp-json\/wp\/v2\/product\/134177","targetHints":{"allow":["GET"]}}],"collection":[{"href":"https:\/\/districos.standingout.be\/fr\/wp-json\/wp\/v2\/product"}],"about":[{"href":"https:\/\/districos.standingout.be\/fr\/wp-json\/wp\/v2\/types\/product"}],"replies":[{"embeddable":true,"href":"https:\/\/districos.standingout.be\/fr\/wp-json\/wp\/v2\/comments?post=134177"}],"wp:featuredmedia":[{"embeddable":true,"href":"https:\/\/districos.standingout.be\/fr\/wp-json\/wp\/v2\/media\/139811"}],"wp:attachment":[{"href":"https:\/\/districos.standingout.be\/fr\/wp-json\/wp\/v2\/media?parent=134177"}],"wp:term":[{"taxonomy":"product_brand","embeddable":true,"href":"https:\/\/districos.standingout.be\/fr\/wp-json\/wp\/v2\/product_brand?post=134177"},{"taxonomy":"product_cat","embeddable":true,"href":"https:\/\/districos.standingout.be\/fr\/wp-json\/wp\/v2\/product_cat?post=134177"},{"taxonomy":"product_tag","embeddable":true,"href":"https:\/\/districos.standingout.be\/fr\/wp-json\/wp\/v2\/product_tag?post=134177"}],"curies":[{"name":"wp","href":"https:\/\/api.w.org\/{rel}","templated":true}]}}