{"id":134187,"date":"2026-04-28T02:09:22","date_gmt":"2026-04-28T00:09:22","guid":{"rendered":"https:\/\/webshopdistricoscom.webhosting.be\/product\/presentoir-crisnail-color-me-best-of-rose-2-0-20-x-105-ml-ref-2461-97\/"},"modified":"2026-04-28T02:09:24","modified_gmt":"2026-04-28T00:09:24","slug":"presentoir-crisnail-color-me-best-of-rose-2-0-20-x-105-ml-ref-2461-97","status":"publish","type":"product","link":"https:\/\/districos.standingout.be\/fr\/product\/presentoir-crisnail-color-me-best-of-rose-2-0-20-x-105-ml-ref-2461-97\/","title":{"rendered":"Pr\u00e9sentoir Crisnail Color Me Best Of Rose 2.0 20 x 10,5 ml"},"content":{"rendered":"<p >\n<\/p>\n<ul>\n<li><font size=\"2\" face=\"Verdana\"><span>Une couverture parfaite<\/span><\/font><\/li>\n<li><font size=\"2\" face=\"Verdana\"><span>Une couleur fortement pigment\u00e9e et vive<\/span><\/font><\/li>\n<li><font size=\"2\" face=\"Verdana\"><span>Une tenue sup\u00e9rieure (deux fois plus longues qu\u2019un vernis classique)<\/span><\/font><\/li>\n<li><font size=\"2\" face=\"Verdana\"><span>Un s\u00e9chage rapide<\/span><\/font><\/li>\n<li><font size=\"2\" face=\"Verdana\"><span>Une finition gel polish sans lampe UV ou LED gr\u00e2ce au top coat unique<\/span><\/font><\/li>\n<li><font size=\"2\" face=\"Verdana\"><span>Un pinceau ergonomique pour une application facile et pr\u00e9cise<\/span><\/font><\/li>\n<li><font size=\"2\" face=\"Verdana\"><span>Pas de d\u00e9coloration de la tablette ungu\u00e9ale : pas besoin de base coat<\/span><\/font><\/li>\n<\/ul>\n<p><b>Contenu<\/b><\/p>\n<ul>\n<li><font face=\"Verdana\" color=\"#000400\">4 x&nbsp;<\/font>Crisnail Color Me Fuchsia Sublime 10,5 ml (<a href=\"https:\/\/webshop.districos.com\/ProductDetail\/8946.002\" target=\"_blank\" rel=\"noopener noreferrer nofollow\">r\u00e9f. 8946.002<\/a>)<\/li>\n<li>4 x&nbsp;Crisnail Color Me Pink Elegance 10,5 ml (<a href=\"https:\/\/webshop.districos.com\/ProductDetail\/8946.012\" target=\"_blank\" rel=\"noopener noreferrer nofollow\">r\u00e9f. 8946.012<\/a>)<\/li>\n<li>4 x Crisnail Color Me Rouge Cerise 10,5 ml (<a href=\"https:\/\/webshop.districos.com\/ProductDetail\/8946.031\" target=\"_blank\" rel=\"noopener noreferrer nofollow\">r\u00e9f. 8946.031<\/a>)<\/li>\n<li>4 x&nbsp;Crisnail Color Me Pink Rio 10,5 ml (<a href=\"https:\/\/webshop.districos.com\/ProductDetail\/8946.045\" target=\"_blank\" rel=\"noopener noreferrer nofollow\">r\u00e9f. 8946.045<\/a>)<\/li>\n<li><font face=\"Verdana\" color=\"#000400\">4 x Crisnail Color Me Illuminator Plus Top Coat 10,5 ml (<a href=\"https:\/\/webshop.districos.com\/ProductDetail\/8946.009\" target=\"_blank\" rel=\"noopener noreferrer nofollow\">r\u00e9f. 8946.009<\/a>)<\/font><\/li>\n<li><font face=\"Verdana\" color=\"#000400\">Pr\u00e9sentoir<\/font><\/li>\n<li><font face=\"Verdana\" color=\"#000400\">Poster&nbsp;<\/font>(<a href=\"https:\/\/webshop.districos.com\/ProductDetail\/Y060.135\" target=\"_blank\" rel=\"noopener noreferrer nofollow\">r\u00e9f. Y060.135<\/a>)<\/li>\n<\/ul>\n<p><span>Aussi disponible sans pr\u00e9sentoir&nbsp;<\/span><span>(<\/span><a href=\"https:\/\/webshop.districos.com\/ProductDetail\/2461.971\"style=\"font-family: Verdana; font-size: 13.3333px;\" target=\"_blank\" rel=\"noopener noreferrer nofollow\">ref.&nbsp;2461.971<\/a><span>)<\/span> <\/p>\n","protected":false},"excerpt":{"rendered":"<p>Une couverture parfaite Une couleur fortement pigment\u00e9e et vive Une tenue sup\u00e9rieure (deux fois plus longues qu\u2019un vernis classique) Un s\u00e9chage rapide Une finition gel polish sans lampe UV ou LED gr\u00e2ce au top coat unique Un pinceau ergonomique pour une application facile et pr\u00e9cise Pas de d\u00e9coloration de la tablette ungu\u00e9ale : pas besoin [&hellip;]<\/p>\n","protected":false},"featured_media":0,"comment_status":"open","ping_status":"closed","template":"","meta":{"_acf_changed":false},"product_brand":[10344],"product_cat":[9898],"product_tag":[],"class_list":{"0":"post-134187","1":"product","2":"type-product","3":"status-publish","5":"product_brand-color-me-crisnail-fr","6":"product_cat-beaute-manucure-ongles-vernis-a-ongles","8":"first","9":"instock","10":"taxable","11":"shipping-taxable","12":"product-type-simple"},"acf":[],"yoast_head":"<!-- This site is optimized with the Yoast SEO plugin v27.3 - https:\/\/yoast.com\/product\/yoast-seo-wordpress\/ -->\n<title>Pr\u00e9sentoir Crisnail Color Me Best Of Rose 2.0 20 x 10,5 ml - Districos Webshop<\/title>\n<meta name=\"robots\" content=\"noindex, follow, max-snippet:-1, max-image-preview:large, max-video-preview:-1\" \/>\n<meta property=\"og:locale\" content=\"fr_FR\" \/>\n<meta property=\"og:type\" content=\"article\" \/>\n<meta property=\"og:title\" content=\"Pr\u00e9sentoir Crisnail Color Me Best Of Rose 2.0 20 x 10,5 ml - Districos Webshop\" \/>\n<meta property=\"og:description\" content=\"Une couverture parfaite Une couleur fortement pigment\u00e9e et vive Une tenue sup\u00e9rieure (deux fois plus longues qu\u2019un vernis classique) Un s\u00e9chage rapide Une finition gel polish sans lampe UV ou LED gr\u00e2ce au top coat unique Un pinceau ergonomique pour une application facile et pr\u00e9cise Pas de d\u00e9coloration de la tablette ungu\u00e9ale : pas besoin [&hellip;]\" \/>\n<meta property=\"og:url\" content=\"https:\/\/districos.standingout.be\/fr\/product\/presentoir-crisnail-color-me-best-of-rose-2-0-20-x-105-ml-ref-2461-97\/\" \/>\n<meta property=\"og:site_name\" content=\"Districos Webshop\" \/>\n<meta property=\"article:modified_time\" content=\"2026-04-28T00:09:24+00:00\" \/>\n<meta name=\"twitter:card\" content=\"summary_large_image\" \/>\n<meta name=\"twitter:label1\" content=\"Dur\u00e9e de lecture estim\u00e9e\" \/>\n\t<meta name=\"twitter:data1\" content=\"1 minute\" \/>\n<script type=\"application\/ld+json\" class=\"yoast-schema-graph\">{\"@context\":\"https:\\\/\\\/schema.org\",\"@graph\":[{\"@type\":\"WebPage\",\"@id\":\"https:\\\/\\\/districos.standingout.be\\\/fr\\\/product\\\/presentoir-crisnail-color-me-best-of-rose-2-0-20-x-105-ml-ref-2461-97\\\/\",\"url\":\"https:\\\/\\\/districos.standingout.be\\\/fr\\\/product\\\/presentoir-crisnail-color-me-best-of-rose-2-0-20-x-105-ml-ref-2461-97\\\/\",\"name\":\"Pr\u00e9sentoir Crisnail Color Me Best Of Rose 2.0 20 x 10,5 ml - Districos Webshop\",\"isPartOf\":{\"@id\":\"https:\\\/\\\/districos.standingout.be\\\/fr\\\/#website\"},\"datePublished\":\"2026-04-28T00:09:22+00:00\",\"dateModified\":\"2026-04-28T00:09:24+00:00\",\"breadcrumb\":{\"@id\":\"https:\\\/\\\/districos.standingout.be\\\/fr\\\/product\\\/presentoir-crisnail-color-me-best-of-rose-2-0-20-x-105-ml-ref-2461-97\\\/#breadcrumb\"},\"inLanguage\":\"fr-FR\",\"potentialAction\":[{\"@type\":\"ReadAction\",\"target\":[\"https:\\\/\\\/districos.standingout.be\\\/fr\\\/product\\\/presentoir-crisnail-color-me-best-of-rose-2-0-20-x-105-ml-ref-2461-97\\\/\"]}]},{\"@type\":\"BreadcrumbList\",\"@id\":\"https:\\\/\\\/districos.standingout.be\\\/fr\\\/product\\\/presentoir-crisnail-color-me-best-of-rose-2-0-20-x-105-ml-ref-2461-97\\\/#breadcrumb\",\"itemListElement\":[{\"@type\":\"ListItem\",\"position\":1,\"name\":\"Home\",\"item\":\"https:\\\/\\\/districos.standingout.be\\\/fr\\\/bienvenue-chez-districos\\\/\"},{\"@type\":\"ListItem\",\"position\":2,\"name\":\"Boutique\",\"item\":\"https:\\\/\\\/districos.standingout.be\\\/fr\\\/boutique\\\/\"},{\"@type\":\"ListItem\",\"position\":3,\"name\":\"Pr\u00e9sentoir Crisnail Color Me Best Of Rose 2.0 20 x 10,5 ml\"}]},{\"@type\":\"WebSite\",\"@id\":\"https:\\\/\\\/districos.standingout.be\\\/fr\\\/#website\",\"url\":\"https:\\\/\\\/districos.standingout.be\\\/fr\\\/\",\"name\":\"Districos Webshop\",\"description\":\"\",\"publisher\":{\"@id\":\"https:\\\/\\\/districos.standingout.be\\\/fr\\\/#organization\"},\"potentialAction\":[{\"@type\":\"SearchAction\",\"target\":{\"@type\":\"EntryPoint\",\"urlTemplate\":\"https:\\\/\\\/districos.standingout.be\\\/fr\\\/?s={search_term_string}\"},\"query-input\":{\"@type\":\"PropertyValueSpecification\",\"valueRequired\":true,\"valueName\":\"search_term_string\"}}],\"inLanguage\":\"fr-FR\"},{\"@type\":\"Organization\",\"@id\":\"https:\\\/\\\/districos.standingout.be\\\/fr\\\/#organization\",\"name\":\"Districos Webshop\",\"url\":\"https:\\\/\\\/districos.standingout.be\\\/fr\\\/\",\"logo\":{\"@type\":\"ImageObject\",\"inLanguage\":\"fr-FR\",\"@id\":\"https:\\\/\\\/districos.standingout.be\\\/fr\\\/#\\\/schema\\\/logo\\\/image\\\/\",\"url\":\"https:\\\/\\\/districos.standingout.be\\\/wp-content\\\/uploads\\\/2022\\\/09\\\/Districos_Logo_Webshop.svg\",\"contentUrl\":\"https:\\\/\\\/districos.standingout.be\\\/wp-content\\\/uploads\\\/2022\\\/09\\\/Districos_Logo_Webshop.svg\",\"caption\":\"Districos Webshop\"},\"image\":{\"@id\":\"https:\\\/\\\/districos.standingout.be\\\/fr\\\/#\\\/schema\\\/logo\\\/image\\\/\"}}]}<\/script>\n<!-- \/ Yoast SEO plugin. -->","yoast_head_json":{"title":"Pr\u00e9sentoir Crisnail Color Me Best Of Rose 2.0 20 x 10,5 ml - Districos Webshop","robots":{"index":"noindex","follow":"follow","max-snippet":"max-snippet:-1","max-image-preview":"max-image-preview:large","max-video-preview":"max-video-preview:-1"},"og_locale":"fr_FR","og_type":"article","og_title":"Pr\u00e9sentoir Crisnail Color Me Best Of Rose 2.0 20 x 10,5 ml - Districos Webshop","og_description":"Une couverture parfaite Une couleur fortement pigment\u00e9e et vive Une tenue sup\u00e9rieure (deux fois plus longues qu\u2019un vernis classique) Un s\u00e9chage rapide Une finition gel polish sans lampe UV ou LED gr\u00e2ce au top coat unique Un pinceau ergonomique pour une application facile et pr\u00e9cise Pas de d\u00e9coloration de la tablette ungu\u00e9ale : pas besoin [&hellip;]","og_url":"https:\/\/districos.standingout.be\/fr\/product\/presentoir-crisnail-color-me-best-of-rose-2-0-20-x-105-ml-ref-2461-97\/","og_site_name":"Districos Webshop","article_modified_time":"2026-04-28T00:09:24+00:00","twitter_card":"summary_large_image","twitter_misc":{"Dur\u00e9e de lecture estim\u00e9e":"1 minute"},"schema":{"@context":"https:\/\/schema.org","@graph":[{"@type":"WebPage","@id":"https:\/\/districos.standingout.be\/fr\/product\/presentoir-crisnail-color-me-best-of-rose-2-0-20-x-105-ml-ref-2461-97\/","url":"https:\/\/districos.standingout.be\/fr\/product\/presentoir-crisnail-color-me-best-of-rose-2-0-20-x-105-ml-ref-2461-97\/","name":"Pr\u00e9sentoir Crisnail Color Me Best Of Rose 2.0 20 x 10,5 ml - Districos Webshop","isPartOf":{"@id":"https:\/\/districos.standingout.be\/fr\/#website"},"datePublished":"2026-04-28T00:09:22+00:00","dateModified":"2026-04-28T00:09:24+00:00","breadcrumb":{"@id":"https:\/\/districos.standingout.be\/fr\/product\/presentoir-crisnail-color-me-best-of-rose-2-0-20-x-105-ml-ref-2461-97\/#breadcrumb"},"inLanguage":"fr-FR","potentialAction":[{"@type":"ReadAction","target":["https:\/\/districos.standingout.be\/fr\/product\/presentoir-crisnail-color-me-best-of-rose-2-0-20-x-105-ml-ref-2461-97\/"]}]},{"@type":"BreadcrumbList","@id":"https:\/\/districos.standingout.be\/fr\/product\/presentoir-crisnail-color-me-best-of-rose-2-0-20-x-105-ml-ref-2461-97\/#breadcrumb","itemListElement":[{"@type":"ListItem","position":1,"name":"Home","item":"https:\/\/districos.standingout.be\/fr\/bienvenue-chez-districos\/"},{"@type":"ListItem","position":2,"name":"Boutique","item":"https:\/\/districos.standingout.be\/fr\/boutique\/"},{"@type":"ListItem","position":3,"name":"Pr\u00e9sentoir Crisnail Color Me Best Of Rose 2.0 20 x 10,5 ml"}]},{"@type":"WebSite","@id":"https:\/\/districos.standingout.be\/fr\/#website","url":"https:\/\/districos.standingout.be\/fr\/","name":"Districos Webshop","description":"","publisher":{"@id":"https:\/\/districos.standingout.be\/fr\/#organization"},"potentialAction":[{"@type":"SearchAction","target":{"@type":"EntryPoint","urlTemplate":"https:\/\/districos.standingout.be\/fr\/?s={search_term_string}"},"query-input":{"@type":"PropertyValueSpecification","valueRequired":true,"valueName":"search_term_string"}}],"inLanguage":"fr-FR"},{"@type":"Organization","@id":"https:\/\/districos.standingout.be\/fr\/#organization","name":"Districos Webshop","url":"https:\/\/districos.standingout.be\/fr\/","logo":{"@type":"ImageObject","inLanguage":"fr-FR","@id":"https:\/\/districos.standingout.be\/fr\/#\/schema\/logo\/image\/","url":"https:\/\/districos.standingout.be\/wp-content\/uploads\/2022\/09\/Districos_Logo_Webshop.svg","contentUrl":"https:\/\/districos.standingout.be\/wp-content\/uploads\/2022\/09\/Districos_Logo_Webshop.svg","caption":"Districos Webshop"},"image":{"@id":"https:\/\/districos.standingout.be\/fr\/#\/schema\/logo\/image\/"}}]}},"_links":{"self":[{"href":"https:\/\/districos.standingout.be\/fr\/wp-json\/wp\/v2\/product\/134187","targetHints":{"allow":["GET"]}}],"collection":[{"href":"https:\/\/districos.standingout.be\/fr\/wp-json\/wp\/v2\/product"}],"about":[{"href":"https:\/\/districos.standingout.be\/fr\/wp-json\/wp\/v2\/types\/product"}],"replies":[{"embeddable":true,"href":"https:\/\/districos.standingout.be\/fr\/wp-json\/wp\/v2\/comments?post=134187"}],"wp:attachment":[{"href":"https:\/\/districos.standingout.be\/fr\/wp-json\/wp\/v2\/media?parent=134187"}],"wp:term":[{"taxonomy":"product_brand","embeddable":true,"href":"https:\/\/districos.standingout.be\/fr\/wp-json\/wp\/v2\/product_brand?post=134187"},{"taxonomy":"product_cat","embeddable":true,"href":"https:\/\/districos.standingout.be\/fr\/wp-json\/wp\/v2\/product_cat?post=134187"},{"taxonomy":"product_tag","embeddable":true,"href":"https:\/\/districos.standingout.be\/fr\/wp-json\/wp\/v2\/product_tag?post=134187"}],"curies":[{"name":"wp","href":"https:\/\/api.w.org\/{rel}","templated":true}]}}