{"id":134193,"date":"2026-04-28T02:10:01","date_gmt":"2026-04-28T00:10:01","guid":{"rendered":"https:\/\/webshopdistricoscom.webhosting.be\/product\/bio-balance-hydrenia-after-sun-200-ml-ref-3020-09-2\/"},"modified":"2026-04-28T02:10:03","modified_gmt":"2026-04-28T00:10:03","slug":"bio-balance-hydrenia-after-sun-200-ml-ref-3020-09","status":"publish","type":"product","link":"https:\/\/districos.standingout.be\/fr\/product\/bio-balance-hydrenia-after-sun-200-ml-ref-3020-09\/","title":{"rendered":"Bio Balance Hydrenia After Sun 200 ml"},"content":{"rendered":"<p >\n<\/p>\n<p dir=\"ltr\">\u00c9mulsion tr\u00e8s hydratante \u00e0 base de th\u00e9 vert, un antioxydant qui neutralise les dommages de la peau caus\u00e9s par les rayons UV. L&rsquo;\u00e9mulsion contient de l\u2019aloe vera et de la camomille qui apaisent les br\u00fblures et r\u00e9duisent les rougeurs cutan\u00e9es.<\/p>\n<p dir=\"ltr\">\n<ul>\n<li>Formul\u00e9e avec de l\u2019Hydroviton, un complexe hydratant avanc\u00e9 qui aide \u00e0 conserver le bronzage plus longtemps.<\/li>\n<li>\u00c9galement appropri\u00e9e comme lotion corporelle hydratante pour un usage quotidien.<\/li>\n<li>Au parfum exotique agr\u00e9able.<\/li>\n<li>Ingr\u00e9dients actifs : huile de noix de coco, camomille, th\u00e9 vert, aloe vera.<\/li>\n<li>Emballage : 200 ml.<\/li>\n<li>Vegan.<\/li>\n<\/ul>\n<div><b>Mode d&#8217;emploi<\/b><\/div>\n<div><span>\u00c0 appliquer apr\u00e8s le bronzage ou la douche.<\/span><\/div><\/p>\n","protected":false},"excerpt":{"rendered":"<p>\u00c9mulsion tr\u00e8s hydratante \u00e0 base de th\u00e9 vert, un antioxydant qui neutralise les dommages de la peau caus\u00e9s par les rayons UV. L&rsquo;\u00e9mulsion contient de l\u2019aloe vera et de la camomille qui apaisent les br\u00fblures et r\u00e9duisent les rougeurs cutan\u00e9es. Formul\u00e9e avec de l\u2019Hydroviton, un complexe hydratant avanc\u00e9 qui aide \u00e0 conserver le bronzage plus [&hellip;]<\/p>\n","protected":false},"featured_media":70646,"comment_status":"open","ping_status":"closed","template":"","meta":{"_acf_changed":false},"product_brand":[10302],"product_cat":[9872],"product_tag":[],"class_list":{"0":"post-134193","1":"product","2":"type-product","3":"status-publish","4":"has-post-thumbnail","6":"product_brand-bb-lichaam-fr","7":"product_cat-beaute-corps-bronzage","9":"first","10":"instock","11":"taxable","12":"shipping-taxable","13":"product-type-simple"},"acf":[],"yoast_head":"<!-- This site is optimized with the Yoast SEO plugin v27.3 - https:\/\/yoast.com\/product\/yoast-seo-wordpress\/ -->\n<title>Bio Balance Hydrenia After Sun 200 ml - Districos Webshop<\/title>\n<meta name=\"robots\" content=\"noindex, follow, max-snippet:-1, max-image-preview:large, max-video-preview:-1\" \/>\n<meta property=\"og:locale\" content=\"fr_FR\" \/>\n<meta property=\"og:type\" content=\"article\" \/>\n<meta property=\"og:title\" content=\"Bio Balance Hydrenia After Sun 200 ml - Districos Webshop\" \/>\n<meta property=\"og:description\" content=\"\u00c9mulsion tr\u00e8s hydratante \u00e0 base de th\u00e9 vert, un antioxydant qui neutralise les dommages de la peau caus\u00e9s par les rayons UV. L&rsquo;\u00e9mulsion contient de l\u2019aloe vera et de la camomille qui apaisent les br\u00fblures et r\u00e9duisent les rougeurs cutan\u00e9es. Formul\u00e9e avec de l\u2019Hydroviton, un complexe hydratant avanc\u00e9 qui aide \u00e0 conserver le bronzage plus [&hellip;]\" \/>\n<meta property=\"og:url\" content=\"https:\/\/districos.standingout.be\/fr\/product\/bio-balance-hydrenia-after-sun-200-ml-ref-3020-09\/\" \/>\n<meta property=\"og:site_name\" content=\"Districos Webshop\" \/>\n<meta property=\"article:modified_time\" content=\"2026-04-28T00:10:03+00:00\" \/>\n<meta property=\"og:image\" content=\"https:\/\/districos.standingout.be\/wp-content\/uploads\/2025\/07\/3020.09@LowRes_0.png\" \/>\n\t<meta property=\"og:image:width\" content=\"600\" \/>\n\t<meta property=\"og:image:height\" content=\"600\" \/>\n\t<meta property=\"og:image:type\" content=\"image\/png\" \/>\n<meta name=\"twitter:card\" content=\"summary_large_image\" \/>\n<meta name=\"twitter:label1\" content=\"Dur\u00e9e de lecture estim\u00e9e\" \/>\n\t<meta name=\"twitter:data1\" content=\"1 minute\" \/>\n<script type=\"application\/ld+json\" class=\"yoast-schema-graph\">{\"@context\":\"https:\\\/\\\/schema.org\",\"@graph\":[{\"@type\":\"WebPage\",\"@id\":\"https:\\\/\\\/districos.standingout.be\\\/fr\\\/product\\\/bio-balance-hydrenia-after-sun-200-ml-ref-3020-09\\\/\",\"url\":\"https:\\\/\\\/districos.standingout.be\\\/fr\\\/product\\\/bio-balance-hydrenia-after-sun-200-ml-ref-3020-09\\\/\",\"name\":\"Bio Balance Hydrenia After Sun 200 ml - Districos Webshop\",\"isPartOf\":{\"@id\":\"https:\\\/\\\/districos.standingout.be\\\/fr\\\/#website\"},\"primaryImageOfPage\":{\"@id\":\"https:\\\/\\\/districos.standingout.be\\\/fr\\\/product\\\/bio-balance-hydrenia-after-sun-200-ml-ref-3020-09\\\/#primaryimage\"},\"image\":{\"@id\":\"https:\\\/\\\/districos.standingout.be\\\/fr\\\/product\\\/bio-balance-hydrenia-after-sun-200-ml-ref-3020-09\\\/#primaryimage\"},\"thumbnailUrl\":\"https:\\\/\\\/districos.standingout.be\\\/wp-content\\\/uploads\\\/2025\\\/07\\\/3020.09@LowRes_0.png\",\"datePublished\":\"2026-04-28T00:10:01+00:00\",\"dateModified\":\"2026-04-28T00:10:03+00:00\",\"breadcrumb\":{\"@id\":\"https:\\\/\\\/districos.standingout.be\\\/fr\\\/product\\\/bio-balance-hydrenia-after-sun-200-ml-ref-3020-09\\\/#breadcrumb\"},\"inLanguage\":\"fr-FR\",\"potentialAction\":[{\"@type\":\"ReadAction\",\"target\":[\"https:\\\/\\\/districos.standingout.be\\\/fr\\\/product\\\/bio-balance-hydrenia-after-sun-200-ml-ref-3020-09\\\/\"]}]},{\"@type\":\"ImageObject\",\"inLanguage\":\"fr-FR\",\"@id\":\"https:\\\/\\\/districos.standingout.be\\\/fr\\\/product\\\/bio-balance-hydrenia-after-sun-200-ml-ref-3020-09\\\/#primaryimage\",\"url\":\"https:\\\/\\\/districos.standingout.be\\\/wp-content\\\/uploads\\\/2025\\\/07\\\/3020.09@LowRes_0.png\",\"contentUrl\":\"https:\\\/\\\/districos.standingout.be\\\/wp-content\\\/uploads\\\/2025\\\/07\\\/3020.09@LowRes_0.png\",\"width\":600,\"height\":600},{\"@type\":\"BreadcrumbList\",\"@id\":\"https:\\\/\\\/districos.standingout.be\\\/fr\\\/product\\\/bio-balance-hydrenia-after-sun-200-ml-ref-3020-09\\\/#breadcrumb\",\"itemListElement\":[{\"@type\":\"ListItem\",\"position\":1,\"name\":\"Home\",\"item\":\"https:\\\/\\\/districos.standingout.be\\\/fr\\\/bienvenue-chez-districos\\\/\"},{\"@type\":\"ListItem\",\"position\":2,\"name\":\"Boutique\",\"item\":\"https:\\\/\\\/districos.standingout.be\\\/fr\\\/boutique\\\/\"},{\"@type\":\"ListItem\",\"position\":3,\"name\":\"Bio Balance Hydrenia After Sun 200 ml\"}]},{\"@type\":\"WebSite\",\"@id\":\"https:\\\/\\\/districos.standingout.be\\\/fr\\\/#website\",\"url\":\"https:\\\/\\\/districos.standingout.be\\\/fr\\\/\",\"name\":\"Districos Webshop\",\"description\":\"\",\"publisher\":{\"@id\":\"https:\\\/\\\/districos.standingout.be\\\/fr\\\/#organization\"},\"potentialAction\":[{\"@type\":\"SearchAction\",\"target\":{\"@type\":\"EntryPoint\",\"urlTemplate\":\"https:\\\/\\\/districos.standingout.be\\\/fr\\\/?s={search_term_string}\"},\"query-input\":{\"@type\":\"PropertyValueSpecification\",\"valueRequired\":true,\"valueName\":\"search_term_string\"}}],\"inLanguage\":\"fr-FR\"},{\"@type\":\"Organization\",\"@id\":\"https:\\\/\\\/districos.standingout.be\\\/fr\\\/#organization\",\"name\":\"Districos Webshop\",\"url\":\"https:\\\/\\\/districos.standingout.be\\\/fr\\\/\",\"logo\":{\"@type\":\"ImageObject\",\"inLanguage\":\"fr-FR\",\"@id\":\"https:\\\/\\\/districos.standingout.be\\\/fr\\\/#\\\/schema\\\/logo\\\/image\\\/\",\"url\":\"https:\\\/\\\/districos.standingout.be\\\/wp-content\\\/uploads\\\/2022\\\/09\\\/Districos_Logo_Webshop.svg\",\"contentUrl\":\"https:\\\/\\\/districos.standingout.be\\\/wp-content\\\/uploads\\\/2022\\\/09\\\/Districos_Logo_Webshop.svg\",\"caption\":\"Districos Webshop\"},\"image\":{\"@id\":\"https:\\\/\\\/districos.standingout.be\\\/fr\\\/#\\\/schema\\\/logo\\\/image\\\/\"}}]}<\/script>\n<!-- \/ Yoast SEO plugin. -->","yoast_head_json":{"title":"Bio Balance Hydrenia After Sun 200 ml - Districos Webshop","robots":{"index":"noindex","follow":"follow","max-snippet":"max-snippet:-1","max-image-preview":"max-image-preview:large","max-video-preview":"max-video-preview:-1"},"og_locale":"fr_FR","og_type":"article","og_title":"Bio Balance Hydrenia After Sun 200 ml - Districos Webshop","og_description":"\u00c9mulsion tr\u00e8s hydratante \u00e0 base de th\u00e9 vert, un antioxydant qui neutralise les dommages de la peau caus\u00e9s par les rayons UV. L&rsquo;\u00e9mulsion contient de l\u2019aloe vera et de la camomille qui apaisent les br\u00fblures et r\u00e9duisent les rougeurs cutan\u00e9es. Formul\u00e9e avec de l\u2019Hydroviton, un complexe hydratant avanc\u00e9 qui aide \u00e0 conserver le bronzage plus [&hellip;]","og_url":"https:\/\/districos.standingout.be\/fr\/product\/bio-balance-hydrenia-after-sun-200-ml-ref-3020-09\/","og_site_name":"Districos Webshop","article_modified_time":"2026-04-28T00:10:03+00:00","og_image":[{"width":600,"height":600,"url":"https:\/\/districos.standingout.be\/wp-content\/uploads\/2025\/07\/3020.09@LowRes_0.png","type":"image\/png"}],"twitter_card":"summary_large_image","twitter_misc":{"Dur\u00e9e de lecture estim\u00e9e":"1 minute"},"schema":{"@context":"https:\/\/schema.org","@graph":[{"@type":"WebPage","@id":"https:\/\/districos.standingout.be\/fr\/product\/bio-balance-hydrenia-after-sun-200-ml-ref-3020-09\/","url":"https:\/\/districos.standingout.be\/fr\/product\/bio-balance-hydrenia-after-sun-200-ml-ref-3020-09\/","name":"Bio Balance Hydrenia After Sun 200 ml - Districos Webshop","isPartOf":{"@id":"https:\/\/districos.standingout.be\/fr\/#website"},"primaryImageOfPage":{"@id":"https:\/\/districos.standingout.be\/fr\/product\/bio-balance-hydrenia-after-sun-200-ml-ref-3020-09\/#primaryimage"},"image":{"@id":"https:\/\/districos.standingout.be\/fr\/product\/bio-balance-hydrenia-after-sun-200-ml-ref-3020-09\/#primaryimage"},"thumbnailUrl":"https:\/\/districos.standingout.be\/wp-content\/uploads\/2025\/07\/3020.09@LowRes_0.png","datePublished":"2026-04-28T00:10:01+00:00","dateModified":"2026-04-28T00:10:03+00:00","breadcrumb":{"@id":"https:\/\/districos.standingout.be\/fr\/product\/bio-balance-hydrenia-after-sun-200-ml-ref-3020-09\/#breadcrumb"},"inLanguage":"fr-FR","potentialAction":[{"@type":"ReadAction","target":["https:\/\/districos.standingout.be\/fr\/product\/bio-balance-hydrenia-after-sun-200-ml-ref-3020-09\/"]}]},{"@type":"ImageObject","inLanguage":"fr-FR","@id":"https:\/\/districos.standingout.be\/fr\/product\/bio-balance-hydrenia-after-sun-200-ml-ref-3020-09\/#primaryimage","url":"https:\/\/districos.standingout.be\/wp-content\/uploads\/2025\/07\/3020.09@LowRes_0.png","contentUrl":"https:\/\/districos.standingout.be\/wp-content\/uploads\/2025\/07\/3020.09@LowRes_0.png","width":600,"height":600},{"@type":"BreadcrumbList","@id":"https:\/\/districos.standingout.be\/fr\/product\/bio-balance-hydrenia-after-sun-200-ml-ref-3020-09\/#breadcrumb","itemListElement":[{"@type":"ListItem","position":1,"name":"Home","item":"https:\/\/districos.standingout.be\/fr\/bienvenue-chez-districos\/"},{"@type":"ListItem","position":2,"name":"Boutique","item":"https:\/\/districos.standingout.be\/fr\/boutique\/"},{"@type":"ListItem","position":3,"name":"Bio Balance Hydrenia After Sun 200 ml"}]},{"@type":"WebSite","@id":"https:\/\/districos.standingout.be\/fr\/#website","url":"https:\/\/districos.standingout.be\/fr\/","name":"Districos Webshop","description":"","publisher":{"@id":"https:\/\/districos.standingout.be\/fr\/#organization"},"potentialAction":[{"@type":"SearchAction","target":{"@type":"EntryPoint","urlTemplate":"https:\/\/districos.standingout.be\/fr\/?s={search_term_string}"},"query-input":{"@type":"PropertyValueSpecification","valueRequired":true,"valueName":"search_term_string"}}],"inLanguage":"fr-FR"},{"@type":"Organization","@id":"https:\/\/districos.standingout.be\/fr\/#organization","name":"Districos Webshop","url":"https:\/\/districos.standingout.be\/fr\/","logo":{"@type":"ImageObject","inLanguage":"fr-FR","@id":"https:\/\/districos.standingout.be\/fr\/#\/schema\/logo\/image\/","url":"https:\/\/districos.standingout.be\/wp-content\/uploads\/2022\/09\/Districos_Logo_Webshop.svg","contentUrl":"https:\/\/districos.standingout.be\/wp-content\/uploads\/2022\/09\/Districos_Logo_Webshop.svg","caption":"Districos Webshop"},"image":{"@id":"https:\/\/districos.standingout.be\/fr\/#\/schema\/logo\/image\/"}}]}},"_links":{"self":[{"href":"https:\/\/districos.standingout.be\/fr\/wp-json\/wp\/v2\/product\/134193","targetHints":{"allow":["GET"]}}],"collection":[{"href":"https:\/\/districos.standingout.be\/fr\/wp-json\/wp\/v2\/product"}],"about":[{"href":"https:\/\/districos.standingout.be\/fr\/wp-json\/wp\/v2\/types\/product"}],"replies":[{"embeddable":true,"href":"https:\/\/districos.standingout.be\/fr\/wp-json\/wp\/v2\/comments?post=134193"}],"wp:featuredmedia":[{"embeddable":true,"href":"https:\/\/districos.standingout.be\/fr\/wp-json\/wp\/v2\/media\/70646"}],"wp:attachment":[{"href":"https:\/\/districos.standingout.be\/fr\/wp-json\/wp\/v2\/media?parent=134193"}],"wp:term":[{"taxonomy":"product_brand","embeddable":true,"href":"https:\/\/districos.standingout.be\/fr\/wp-json\/wp\/v2\/product_brand?post=134193"},{"taxonomy":"product_cat","embeddable":true,"href":"https:\/\/districos.standingout.be\/fr\/wp-json\/wp\/v2\/product_cat?post=134193"},{"taxonomy":"product_tag","embeddable":true,"href":"https:\/\/districos.standingout.be\/fr\/wp-json\/wp\/v2\/product_tag?post=134193"}],"curies":[{"name":"wp","href":"https:\/\/api.w.org\/{rel}","templated":true}]}}