{"id":134197,"date":"2026-04-28T02:10:06","date_gmt":"2026-04-28T00:10:06","guid":{"rendered":"https:\/\/webshopdistricoscom.webhosting.be\/product\/david-kein-gant-visage-1-pc-ref-3301-55\/"},"modified":"2026-04-28T02:10:07","modified_gmt":"2026-04-28T00:10:07","slug":"david-kein-gant-visage-1-pc-ref-3301-55","status":"publish","type":"product","link":"https:\/\/districos.standingout.be\/fr\/product\/david-kein-gant-visage-1-pc-ref-3301-55\/","title":{"rendered":"David Kein Gant Visage 1 pc."},"content":{"rendered":"<p >\n<\/p>\n<p dir=\"ltr\">Ce gant ultra doux, r\u00e9utilisable est sp\u00e9cialement con\u00e7u pour facilement appliquer l\u2019autobronzant de David Kein (<u><a href=\"https:\/\/districos.com\/ProductDetail\/3301.50\" target=\"_blank\" rel=\"noopener noreferrer nofollow\">r\u00e9f. 3301.50<\/a><\/u>) sur le visage, le cou et le d\u00e9collet\u00e9.<\/p>\n<p dir=\"ltr\">\n<ul>\n<li>Peut \u00eatre lav\u00e9 en machine \u00e0 40\u00b0 en utilisant un produit \u00e0 lessive doux.<\/li>\n<\/ul>\n<div><b>Aussi disponible<\/b><\/div>\n<div>Gant plus grand pour le corps (<u><a href=\"https:\/\/districos.com\/ProductDetail\/3301.56\" target=\"_blank\" rel=\"noopener noreferrer nofollow\">r\u00e9f. 3301.56<\/a><\/u>)<\/div>\n<\/p><\/p>\n","protected":false},"excerpt":{"rendered":"<p>Ce gant ultra doux, r\u00e9utilisable est sp\u00e9cialement con\u00e7u pour facilement appliquer l\u2019autobronzant de David Kein (r\u00e9f. 3301.50) sur le visage, le cou et le d\u00e9collet\u00e9. Peut \u00eatre lav\u00e9 en machine \u00e0 40\u00b0 en utilisant un produit \u00e0 lessive doux. Aussi disponible Gant plus grand pour le corps (r\u00e9f. 3301.56)<\/p>\n","protected":false},"featured_media":70664,"comment_status":"open","ping_status":"closed","template":"","meta":{"_acf_changed":false},"product_brand":[10386],"product_cat":[9872],"product_tag":[],"class_list":{"0":"post-134197","1":"product","2":"type-product","3":"status-publish","4":"has-post-thumbnail","6":"product_brand-david-kein-fr","7":"product_cat-beaute-corps-bronzage","9":"first","10":"instock","11":"taxable","12":"shipping-taxable","13":"product-type-simple"},"acf":[],"yoast_head":"<!-- This site is optimized with the Yoast SEO plugin v27.3 - https:\/\/yoast.com\/product\/yoast-seo-wordpress\/ -->\n<title>David Kein Gant Visage 1 pc. - Districos Webshop<\/title>\n<meta name=\"robots\" content=\"noindex, follow, max-snippet:-1, max-image-preview:large, max-video-preview:-1\" \/>\n<meta property=\"og:locale\" content=\"fr_FR\" \/>\n<meta property=\"og:type\" content=\"article\" \/>\n<meta property=\"og:title\" content=\"David Kein Gant Visage 1 pc. - Districos Webshop\" \/>\n<meta property=\"og:description\" content=\"Ce gant ultra doux, r\u00e9utilisable est sp\u00e9cialement con\u00e7u pour facilement appliquer l\u2019autobronzant de David Kein (r\u00e9f. 3301.50) sur le visage, le cou et le d\u00e9collet\u00e9. Peut \u00eatre lav\u00e9 en machine \u00e0 40\u00b0 en utilisant un produit \u00e0 lessive doux. Aussi disponible Gant plus grand pour le corps (r\u00e9f. 3301.56)\" \/>\n<meta property=\"og:url\" content=\"https:\/\/districos.standingout.be\/fr\/product\/david-kein-gant-visage-1-pc-ref-3301-55\/\" \/>\n<meta property=\"og:site_name\" content=\"Districos Webshop\" \/>\n<meta property=\"article:modified_time\" content=\"2026-04-28T00:10:07+00:00\" \/>\n<meta property=\"og:image\" content=\"https:\/\/districos.standingout.be\/wp-content\/uploads\/2025\/07\/3301.55@LowRes_1_0.png\" \/>\n\t<meta property=\"og:image:width\" content=\"600\" \/>\n\t<meta property=\"og:image:height\" content=\"600\" \/>\n\t<meta property=\"og:image:type\" content=\"image\/png\" \/>\n<meta name=\"twitter:card\" content=\"summary_large_image\" \/>\n<script type=\"application\/ld+json\" class=\"yoast-schema-graph\">{\"@context\":\"https:\\\/\\\/schema.org\",\"@graph\":[{\"@type\":\"WebPage\",\"@id\":\"https:\\\/\\\/districos.standingout.be\\\/fr\\\/product\\\/david-kein-gant-visage-1-pc-ref-3301-55\\\/\",\"url\":\"https:\\\/\\\/districos.standingout.be\\\/fr\\\/product\\\/david-kein-gant-visage-1-pc-ref-3301-55\\\/\",\"name\":\"David Kein Gant Visage 1 pc. - Districos Webshop\",\"isPartOf\":{\"@id\":\"https:\\\/\\\/districos.standingout.be\\\/fr\\\/#website\"},\"primaryImageOfPage\":{\"@id\":\"https:\\\/\\\/districos.standingout.be\\\/fr\\\/product\\\/david-kein-gant-visage-1-pc-ref-3301-55\\\/#primaryimage\"},\"image\":{\"@id\":\"https:\\\/\\\/districos.standingout.be\\\/fr\\\/product\\\/david-kein-gant-visage-1-pc-ref-3301-55\\\/#primaryimage\"},\"thumbnailUrl\":\"https:\\\/\\\/districos.standingout.be\\\/wp-content\\\/uploads\\\/2025\\\/07\\\/3301.55@LowRes_1_0.png\",\"datePublished\":\"2026-04-28T00:10:06+00:00\",\"dateModified\":\"2026-04-28T00:10:07+00:00\",\"breadcrumb\":{\"@id\":\"https:\\\/\\\/districos.standingout.be\\\/fr\\\/product\\\/david-kein-gant-visage-1-pc-ref-3301-55\\\/#breadcrumb\"},\"inLanguage\":\"fr-FR\",\"potentialAction\":[{\"@type\":\"ReadAction\",\"target\":[\"https:\\\/\\\/districos.standingout.be\\\/fr\\\/product\\\/david-kein-gant-visage-1-pc-ref-3301-55\\\/\"]}]},{\"@type\":\"ImageObject\",\"inLanguage\":\"fr-FR\",\"@id\":\"https:\\\/\\\/districos.standingout.be\\\/fr\\\/product\\\/david-kein-gant-visage-1-pc-ref-3301-55\\\/#primaryimage\",\"url\":\"https:\\\/\\\/districos.standingout.be\\\/wp-content\\\/uploads\\\/2025\\\/07\\\/3301.55@LowRes_1_0.png\",\"contentUrl\":\"https:\\\/\\\/districos.standingout.be\\\/wp-content\\\/uploads\\\/2025\\\/07\\\/3301.55@LowRes_1_0.png\",\"width\":600,\"height\":600},{\"@type\":\"BreadcrumbList\",\"@id\":\"https:\\\/\\\/districos.standingout.be\\\/fr\\\/product\\\/david-kein-gant-visage-1-pc-ref-3301-55\\\/#breadcrumb\",\"itemListElement\":[{\"@type\":\"ListItem\",\"position\":1,\"name\":\"Home\",\"item\":\"https:\\\/\\\/districos.standingout.be\\\/fr\\\/bienvenue-chez-districos\\\/\"},{\"@type\":\"ListItem\",\"position\":2,\"name\":\"Boutique\",\"item\":\"https:\\\/\\\/districos.standingout.be\\\/fr\\\/boutique\\\/\"},{\"@type\":\"ListItem\",\"position\":3,\"name\":\"David Kein Gant Visage 1 pc.\"}]},{\"@type\":\"WebSite\",\"@id\":\"https:\\\/\\\/districos.standingout.be\\\/fr\\\/#website\",\"url\":\"https:\\\/\\\/districos.standingout.be\\\/fr\\\/\",\"name\":\"Districos Webshop\",\"description\":\"\",\"publisher\":{\"@id\":\"https:\\\/\\\/districos.standingout.be\\\/fr\\\/#organization\"},\"potentialAction\":[{\"@type\":\"SearchAction\",\"target\":{\"@type\":\"EntryPoint\",\"urlTemplate\":\"https:\\\/\\\/districos.standingout.be\\\/fr\\\/?s={search_term_string}\"},\"query-input\":{\"@type\":\"PropertyValueSpecification\",\"valueRequired\":true,\"valueName\":\"search_term_string\"}}],\"inLanguage\":\"fr-FR\"},{\"@type\":\"Organization\",\"@id\":\"https:\\\/\\\/districos.standingout.be\\\/fr\\\/#organization\",\"name\":\"Districos Webshop\",\"url\":\"https:\\\/\\\/districos.standingout.be\\\/fr\\\/\",\"logo\":{\"@type\":\"ImageObject\",\"inLanguage\":\"fr-FR\",\"@id\":\"https:\\\/\\\/districos.standingout.be\\\/fr\\\/#\\\/schema\\\/logo\\\/image\\\/\",\"url\":\"https:\\\/\\\/districos.standingout.be\\\/wp-content\\\/uploads\\\/2022\\\/09\\\/Districos_Logo_Webshop.svg\",\"contentUrl\":\"https:\\\/\\\/districos.standingout.be\\\/wp-content\\\/uploads\\\/2022\\\/09\\\/Districos_Logo_Webshop.svg\",\"caption\":\"Districos Webshop\"},\"image\":{\"@id\":\"https:\\\/\\\/districos.standingout.be\\\/fr\\\/#\\\/schema\\\/logo\\\/image\\\/\"}}]}<\/script>\n<!-- \/ Yoast SEO plugin. -->","yoast_head_json":{"title":"David Kein Gant Visage 1 pc. - Districos Webshop","robots":{"index":"noindex","follow":"follow","max-snippet":"max-snippet:-1","max-image-preview":"max-image-preview:large","max-video-preview":"max-video-preview:-1"},"og_locale":"fr_FR","og_type":"article","og_title":"David Kein Gant Visage 1 pc. - Districos Webshop","og_description":"Ce gant ultra doux, r\u00e9utilisable est sp\u00e9cialement con\u00e7u pour facilement appliquer l\u2019autobronzant de David Kein (r\u00e9f. 3301.50) sur le visage, le cou et le d\u00e9collet\u00e9. Peut \u00eatre lav\u00e9 en machine \u00e0 40\u00b0 en utilisant un produit \u00e0 lessive doux. Aussi disponible Gant plus grand pour le corps (r\u00e9f. 3301.56)","og_url":"https:\/\/districos.standingout.be\/fr\/product\/david-kein-gant-visage-1-pc-ref-3301-55\/","og_site_name":"Districos Webshop","article_modified_time":"2026-04-28T00:10:07+00:00","og_image":[{"width":600,"height":600,"url":"https:\/\/districos.standingout.be\/wp-content\/uploads\/2025\/07\/3301.55@LowRes_1_0.png","type":"image\/png"}],"twitter_card":"summary_large_image","schema":{"@context":"https:\/\/schema.org","@graph":[{"@type":"WebPage","@id":"https:\/\/districos.standingout.be\/fr\/product\/david-kein-gant-visage-1-pc-ref-3301-55\/","url":"https:\/\/districos.standingout.be\/fr\/product\/david-kein-gant-visage-1-pc-ref-3301-55\/","name":"David Kein Gant Visage 1 pc. - Districos Webshop","isPartOf":{"@id":"https:\/\/districos.standingout.be\/fr\/#website"},"primaryImageOfPage":{"@id":"https:\/\/districos.standingout.be\/fr\/product\/david-kein-gant-visage-1-pc-ref-3301-55\/#primaryimage"},"image":{"@id":"https:\/\/districos.standingout.be\/fr\/product\/david-kein-gant-visage-1-pc-ref-3301-55\/#primaryimage"},"thumbnailUrl":"https:\/\/districos.standingout.be\/wp-content\/uploads\/2025\/07\/3301.55@LowRes_1_0.png","datePublished":"2026-04-28T00:10:06+00:00","dateModified":"2026-04-28T00:10:07+00:00","breadcrumb":{"@id":"https:\/\/districos.standingout.be\/fr\/product\/david-kein-gant-visage-1-pc-ref-3301-55\/#breadcrumb"},"inLanguage":"fr-FR","potentialAction":[{"@type":"ReadAction","target":["https:\/\/districos.standingout.be\/fr\/product\/david-kein-gant-visage-1-pc-ref-3301-55\/"]}]},{"@type":"ImageObject","inLanguage":"fr-FR","@id":"https:\/\/districos.standingout.be\/fr\/product\/david-kein-gant-visage-1-pc-ref-3301-55\/#primaryimage","url":"https:\/\/districos.standingout.be\/wp-content\/uploads\/2025\/07\/3301.55@LowRes_1_0.png","contentUrl":"https:\/\/districos.standingout.be\/wp-content\/uploads\/2025\/07\/3301.55@LowRes_1_0.png","width":600,"height":600},{"@type":"BreadcrumbList","@id":"https:\/\/districos.standingout.be\/fr\/product\/david-kein-gant-visage-1-pc-ref-3301-55\/#breadcrumb","itemListElement":[{"@type":"ListItem","position":1,"name":"Home","item":"https:\/\/districos.standingout.be\/fr\/bienvenue-chez-districos\/"},{"@type":"ListItem","position":2,"name":"Boutique","item":"https:\/\/districos.standingout.be\/fr\/boutique\/"},{"@type":"ListItem","position":3,"name":"David Kein Gant Visage 1 pc."}]},{"@type":"WebSite","@id":"https:\/\/districos.standingout.be\/fr\/#website","url":"https:\/\/districos.standingout.be\/fr\/","name":"Districos Webshop","description":"","publisher":{"@id":"https:\/\/districos.standingout.be\/fr\/#organization"},"potentialAction":[{"@type":"SearchAction","target":{"@type":"EntryPoint","urlTemplate":"https:\/\/districos.standingout.be\/fr\/?s={search_term_string}"},"query-input":{"@type":"PropertyValueSpecification","valueRequired":true,"valueName":"search_term_string"}}],"inLanguage":"fr-FR"},{"@type":"Organization","@id":"https:\/\/districos.standingout.be\/fr\/#organization","name":"Districos Webshop","url":"https:\/\/districos.standingout.be\/fr\/","logo":{"@type":"ImageObject","inLanguage":"fr-FR","@id":"https:\/\/districos.standingout.be\/fr\/#\/schema\/logo\/image\/","url":"https:\/\/districos.standingout.be\/wp-content\/uploads\/2022\/09\/Districos_Logo_Webshop.svg","contentUrl":"https:\/\/districos.standingout.be\/wp-content\/uploads\/2022\/09\/Districos_Logo_Webshop.svg","caption":"Districos Webshop"},"image":{"@id":"https:\/\/districos.standingout.be\/fr\/#\/schema\/logo\/image\/"}}]}},"_links":{"self":[{"href":"https:\/\/districos.standingout.be\/fr\/wp-json\/wp\/v2\/product\/134197","targetHints":{"allow":["GET"]}}],"collection":[{"href":"https:\/\/districos.standingout.be\/fr\/wp-json\/wp\/v2\/product"}],"about":[{"href":"https:\/\/districos.standingout.be\/fr\/wp-json\/wp\/v2\/types\/product"}],"replies":[{"embeddable":true,"href":"https:\/\/districos.standingout.be\/fr\/wp-json\/wp\/v2\/comments?post=134197"}],"wp:featuredmedia":[{"embeddable":true,"href":"https:\/\/districos.standingout.be\/fr\/wp-json\/wp\/v2\/media\/70664"}],"wp:attachment":[{"href":"https:\/\/districos.standingout.be\/fr\/wp-json\/wp\/v2\/media?parent=134197"}],"wp:term":[{"taxonomy":"product_brand","embeddable":true,"href":"https:\/\/districos.standingout.be\/fr\/wp-json\/wp\/v2\/product_brand?post=134197"},{"taxonomy":"product_cat","embeddable":true,"href":"https:\/\/districos.standingout.be\/fr\/wp-json\/wp\/v2\/product_cat?post=134197"},{"taxonomy":"product_tag","embeddable":true,"href":"https:\/\/districos.standingout.be\/fr\/wp-json\/wp\/v2\/product_tag?post=134197"}],"curies":[{"name":"wp","href":"https:\/\/api.w.org\/{rel}","templated":true}]}}