{"id":134203,"date":"2026-04-28T02:10:25","date_gmt":"2026-04-28T00:10:25","guid":{"rendered":"https:\/\/webshopdistricoscom.webhosting.be\/product\/anesi-kit-parafango-ref-4001\/"},"modified":"2026-04-28T02:10:27","modified_gmt":"2026-04-28T00:10:27","slug":"anesi-kit-parafango-ref-4001","status":"publish","type":"product","link":"https:\/\/districos.standingout.be\/fr\/product\/anesi-kit-parafango-ref-4001\/","title":{"rendered":"Anesi Kit Parafango"},"content":{"rendered":"<p >\n<\/p>\n<\/p>\n<p dir=\"ltr\"><b>Rajeunissement de la peau<\/b><br \/> Un soin extraordinaire et tr\u00e8s simple aux multiples applications. Sp\u00e9cifiquement con\u00e7u pour les instituts de beaut\u00e9 qui veulent offrir des soins du corps amincissants et anticellulite. Vu que le co\u00fbt par soin est faible, vous profitez de b\u00e9n\u00e9fices \u00e9lev\u00e9s !<\/p>\n<p><b> Contenu<\/b><\/p>\n<ul>\n<li>1 x Bain Parafango<\/li>\n<li>1 x Slim Dren Concentrate 150 ml<\/li>\n<li>1 x Slim Cell Concentrate 150 ml<\/li>\n<li>1 x Silhoutte Stretch Mark Concentrate 150 ml<\/li>\n<li>1 x Parafango 2,8 kg<\/li>\n<li>1 x Cremfoliant 200 ml<\/li>\n<li>1 x Lipoaminocel 500 ml<\/li>\n<li>1 x Aminofirm 500 ml<\/li>\n<li>1 x Depil\u00e8ve Collagen Elastin Plus 500 ml<\/li>\n<li>1 x Lipoaminocel 200 ml (vente)<\/li>\n<li>1 x Aminofirm 200 ml (vente)<\/li>\n<li>3 x Drap d\u2019Enveloppement Plastique Rouleau 200&#215;170 cm<\/li>\n<li>1 x Film Enveloppement \u00c9troit (300 m x 16 cm)<\/li>\n<li>1 x Brosse Corps Parafango<\/li>\n<li>1 M\u00e8tre \u00e0 Ruban avec Calcul IMC<\/li>\n<li>1 x Coupe-Film d&rsquo;Enveloppement<\/li>\n<\/ul><\/p>\n","protected":false},"excerpt":{"rendered":"<p>Rajeunissement de la peau Un soin extraordinaire et tr\u00e8s simple aux multiples applications. Sp\u00e9cifiquement con\u00e7u pour les instituts de beaut\u00e9 qui veulent offrir des soins du corps amincissants et anticellulite. Vu que le co\u00fbt par soin est faible, vous profitez de b\u00e9n\u00e9fices \u00e9lev\u00e9s ! Contenu 1 x Bain Parafango 1 x Slim Dren Concentrate 150 [&hellip;]<\/p>\n","protected":false},"featured_media":144012,"comment_status":"open","ping_status":"closed","template":"","meta":{"_acf_changed":false},"product_brand":[10280],"product_cat":[9870],"product_tag":[],"class_list":{"0":"post-134203","1":"product","2":"type-product","3":"status-publish","4":"has-post-thumbnail","6":"product_brand-anesi-fr","7":"product_cat-beaute-corps-enveloppements-corporels","9":"first","10":"outofstock","11":"taxable","12":"shipping-taxable","13":"product-type-simple"},"acf":[],"yoast_head":"<!-- This site is optimized with the Yoast SEO plugin v27.3 - https:\/\/yoast.com\/product\/yoast-seo-wordpress\/ -->\n<title>Anesi Kit Parafango - Districos Webshop<\/title>\n<meta name=\"robots\" content=\"noindex, follow, max-snippet:-1, max-image-preview:large, max-video-preview:-1\" \/>\n<meta property=\"og:locale\" content=\"fr_FR\" \/>\n<meta property=\"og:type\" content=\"article\" \/>\n<meta property=\"og:title\" content=\"Anesi Kit Parafango - Districos Webshop\" \/>\n<meta property=\"og:description\" content=\"Rajeunissement de la peau Un soin extraordinaire et tr\u00e8s simple aux multiples applications. Sp\u00e9cifiquement con\u00e7u pour les instituts de beaut\u00e9 qui veulent offrir des soins du corps amincissants et anticellulite. Vu que le co\u00fbt par soin est faible, vous profitez de b\u00e9n\u00e9fices \u00e9lev\u00e9s ! Contenu 1 x Bain Parafango 1 x Slim Dren Concentrate 150 [&hellip;]\" \/>\n<meta property=\"og:url\" content=\"https:\/\/districos.standingout.be\/fr\/product\/anesi-kit-parafango-ref-4001\/\" \/>\n<meta property=\"og:site_name\" content=\"Districos Webshop\" \/>\n<meta property=\"article:modified_time\" content=\"2026-04-28T00:10:27+00:00\" \/>\n<meta property=\"og:image\" content=\"https:\/\/districos.standingout.be\/wp-content\/uploads\/2026\/04\/4001@Anesi-Parafangokit_1-2.png\" \/>\n\t<meta property=\"og:image:width\" content=\"600\" \/>\n\t<meta property=\"og:image:height\" content=\"600\" \/>\n\t<meta property=\"og:image:type\" content=\"image\/png\" \/>\n<meta name=\"twitter:card\" content=\"summary_large_image\" \/>\n<meta name=\"twitter:label1\" content=\"Dur\u00e9e de lecture estim\u00e9e\" \/>\n\t<meta name=\"twitter:data1\" content=\"1 minute\" \/>\n<script type=\"application\/ld+json\" class=\"yoast-schema-graph\">{\"@context\":\"https:\\\/\\\/schema.org\",\"@graph\":[{\"@type\":\"WebPage\",\"@id\":\"https:\\\/\\\/districos.standingout.be\\\/fr\\\/product\\\/anesi-kit-parafango-ref-4001\\\/\",\"url\":\"https:\\\/\\\/districos.standingout.be\\\/fr\\\/product\\\/anesi-kit-parafango-ref-4001\\\/\",\"name\":\"Anesi Kit Parafango - Districos Webshop\",\"isPartOf\":{\"@id\":\"https:\\\/\\\/districos.standingout.be\\\/fr\\\/#website\"},\"primaryImageOfPage\":{\"@id\":\"https:\\\/\\\/districos.standingout.be\\\/fr\\\/product\\\/anesi-kit-parafango-ref-4001\\\/#primaryimage\"},\"image\":{\"@id\":\"https:\\\/\\\/districos.standingout.be\\\/fr\\\/product\\\/anesi-kit-parafango-ref-4001\\\/#primaryimage\"},\"thumbnailUrl\":\"https:\\\/\\\/districos.standingout.be\\\/wp-content\\\/uploads\\\/2026\\\/04\\\/4001@Anesi-Parafangokit_1-3.png\",\"datePublished\":\"2026-04-28T00:10:25+00:00\",\"dateModified\":\"2026-04-28T00:10:27+00:00\",\"breadcrumb\":{\"@id\":\"https:\\\/\\\/districos.standingout.be\\\/fr\\\/product\\\/anesi-kit-parafango-ref-4001\\\/#breadcrumb\"},\"inLanguage\":\"fr-FR\",\"potentialAction\":[{\"@type\":\"ReadAction\",\"target\":[\"https:\\\/\\\/districos.standingout.be\\\/fr\\\/product\\\/anesi-kit-parafango-ref-4001\\\/\"]}]},{\"@type\":\"ImageObject\",\"inLanguage\":\"fr-FR\",\"@id\":\"https:\\\/\\\/districos.standingout.be\\\/fr\\\/product\\\/anesi-kit-parafango-ref-4001\\\/#primaryimage\",\"url\":\"https:\\\/\\\/districos.standingout.be\\\/wp-content\\\/uploads\\\/2026\\\/04\\\/4001@Anesi-Parafangokit_1-3.png\",\"contentUrl\":\"https:\\\/\\\/districos.standingout.be\\\/wp-content\\\/uploads\\\/2026\\\/04\\\/4001@Anesi-Parafangokit_1-3.png\",\"width\":600,\"height\":600},{\"@type\":\"BreadcrumbList\",\"@id\":\"https:\\\/\\\/districos.standingout.be\\\/fr\\\/product\\\/anesi-kit-parafango-ref-4001\\\/#breadcrumb\",\"itemListElement\":[{\"@type\":\"ListItem\",\"position\":1,\"name\":\"Home\",\"item\":\"https:\\\/\\\/districos.standingout.be\\\/fr\\\/bienvenue-chez-districos\\\/\"},{\"@type\":\"ListItem\",\"position\":2,\"name\":\"Boutique\",\"item\":\"https:\\\/\\\/districos.standingout.be\\\/fr\\\/boutique\\\/\"},{\"@type\":\"ListItem\",\"position\":3,\"name\":\"Anesi Kit Parafango\"}]},{\"@type\":\"WebSite\",\"@id\":\"https:\\\/\\\/districos.standingout.be\\\/fr\\\/#website\",\"url\":\"https:\\\/\\\/districos.standingout.be\\\/fr\\\/\",\"name\":\"Districos Webshop\",\"description\":\"\",\"publisher\":{\"@id\":\"https:\\\/\\\/districos.standingout.be\\\/fr\\\/#organization\"},\"potentialAction\":[{\"@type\":\"SearchAction\",\"target\":{\"@type\":\"EntryPoint\",\"urlTemplate\":\"https:\\\/\\\/districos.standingout.be\\\/fr\\\/?s={search_term_string}\"},\"query-input\":{\"@type\":\"PropertyValueSpecification\",\"valueRequired\":true,\"valueName\":\"search_term_string\"}}],\"inLanguage\":\"fr-FR\"},{\"@type\":\"Organization\",\"@id\":\"https:\\\/\\\/districos.standingout.be\\\/fr\\\/#organization\",\"name\":\"Districos Webshop\",\"url\":\"https:\\\/\\\/districos.standingout.be\\\/fr\\\/\",\"logo\":{\"@type\":\"ImageObject\",\"inLanguage\":\"fr-FR\",\"@id\":\"https:\\\/\\\/districos.standingout.be\\\/fr\\\/#\\\/schema\\\/logo\\\/image\\\/\",\"url\":\"https:\\\/\\\/districos.standingout.be\\\/wp-content\\\/uploads\\\/2022\\\/09\\\/Districos_Logo_Webshop.svg\",\"contentUrl\":\"https:\\\/\\\/districos.standingout.be\\\/wp-content\\\/uploads\\\/2022\\\/09\\\/Districos_Logo_Webshop.svg\",\"caption\":\"Districos Webshop\"},\"image\":{\"@id\":\"https:\\\/\\\/districos.standingout.be\\\/fr\\\/#\\\/schema\\\/logo\\\/image\\\/\"}}]}<\/script>\n<!-- \/ Yoast SEO plugin. -->","yoast_head_json":{"title":"Anesi Kit Parafango - Districos Webshop","robots":{"index":"noindex","follow":"follow","max-snippet":"max-snippet:-1","max-image-preview":"max-image-preview:large","max-video-preview":"max-video-preview:-1"},"og_locale":"fr_FR","og_type":"article","og_title":"Anesi Kit Parafango - Districos Webshop","og_description":"Rajeunissement de la peau Un soin extraordinaire et tr\u00e8s simple aux multiples applications. Sp\u00e9cifiquement con\u00e7u pour les instituts de beaut\u00e9 qui veulent offrir des soins du corps amincissants et anticellulite. Vu que le co\u00fbt par soin est faible, vous profitez de b\u00e9n\u00e9fices \u00e9lev\u00e9s ! Contenu 1 x Bain Parafango 1 x Slim Dren Concentrate 150 [&hellip;]","og_url":"https:\/\/districos.standingout.be\/fr\/product\/anesi-kit-parafango-ref-4001\/","og_site_name":"Districos Webshop","article_modified_time":"2026-04-28T00:10:27+00:00","og_image":[{"width":600,"height":600,"url":"https:\/\/districos.standingout.be\/wp-content\/uploads\/2026\/04\/4001@Anesi-Parafangokit_1-2.png","type":"image\/png"}],"twitter_card":"summary_large_image","twitter_misc":{"Dur\u00e9e de lecture estim\u00e9e":"1 minute"},"schema":{"@context":"https:\/\/schema.org","@graph":[{"@type":"WebPage","@id":"https:\/\/districos.standingout.be\/fr\/product\/anesi-kit-parafango-ref-4001\/","url":"https:\/\/districos.standingout.be\/fr\/product\/anesi-kit-parafango-ref-4001\/","name":"Anesi Kit Parafango - Districos Webshop","isPartOf":{"@id":"https:\/\/districos.standingout.be\/fr\/#website"},"primaryImageOfPage":{"@id":"https:\/\/districos.standingout.be\/fr\/product\/anesi-kit-parafango-ref-4001\/#primaryimage"},"image":{"@id":"https:\/\/districos.standingout.be\/fr\/product\/anesi-kit-parafango-ref-4001\/#primaryimage"},"thumbnailUrl":"https:\/\/districos.standingout.be\/wp-content\/uploads\/2026\/04\/4001@Anesi-Parafangokit_1-3.png","datePublished":"2026-04-28T00:10:25+00:00","dateModified":"2026-04-28T00:10:27+00:00","breadcrumb":{"@id":"https:\/\/districos.standingout.be\/fr\/product\/anesi-kit-parafango-ref-4001\/#breadcrumb"},"inLanguage":"fr-FR","potentialAction":[{"@type":"ReadAction","target":["https:\/\/districos.standingout.be\/fr\/product\/anesi-kit-parafango-ref-4001\/"]}]},{"@type":"ImageObject","inLanguage":"fr-FR","@id":"https:\/\/districos.standingout.be\/fr\/product\/anesi-kit-parafango-ref-4001\/#primaryimage","url":"https:\/\/districos.standingout.be\/wp-content\/uploads\/2026\/04\/4001@Anesi-Parafangokit_1-3.png","contentUrl":"https:\/\/districos.standingout.be\/wp-content\/uploads\/2026\/04\/4001@Anesi-Parafangokit_1-3.png","width":600,"height":600},{"@type":"BreadcrumbList","@id":"https:\/\/districos.standingout.be\/fr\/product\/anesi-kit-parafango-ref-4001\/#breadcrumb","itemListElement":[{"@type":"ListItem","position":1,"name":"Home","item":"https:\/\/districos.standingout.be\/fr\/bienvenue-chez-districos\/"},{"@type":"ListItem","position":2,"name":"Boutique","item":"https:\/\/districos.standingout.be\/fr\/boutique\/"},{"@type":"ListItem","position":3,"name":"Anesi Kit Parafango"}]},{"@type":"WebSite","@id":"https:\/\/districos.standingout.be\/fr\/#website","url":"https:\/\/districos.standingout.be\/fr\/","name":"Districos Webshop","description":"","publisher":{"@id":"https:\/\/districos.standingout.be\/fr\/#organization"},"potentialAction":[{"@type":"SearchAction","target":{"@type":"EntryPoint","urlTemplate":"https:\/\/districos.standingout.be\/fr\/?s={search_term_string}"},"query-input":{"@type":"PropertyValueSpecification","valueRequired":true,"valueName":"search_term_string"}}],"inLanguage":"fr-FR"},{"@type":"Organization","@id":"https:\/\/districos.standingout.be\/fr\/#organization","name":"Districos Webshop","url":"https:\/\/districos.standingout.be\/fr\/","logo":{"@type":"ImageObject","inLanguage":"fr-FR","@id":"https:\/\/districos.standingout.be\/fr\/#\/schema\/logo\/image\/","url":"https:\/\/districos.standingout.be\/wp-content\/uploads\/2022\/09\/Districos_Logo_Webshop.svg","contentUrl":"https:\/\/districos.standingout.be\/wp-content\/uploads\/2022\/09\/Districos_Logo_Webshop.svg","caption":"Districos Webshop"},"image":{"@id":"https:\/\/districos.standingout.be\/fr\/#\/schema\/logo\/image\/"}}]}},"_links":{"self":[{"href":"https:\/\/districos.standingout.be\/fr\/wp-json\/wp\/v2\/product\/134203","targetHints":{"allow":["GET"]}}],"collection":[{"href":"https:\/\/districos.standingout.be\/fr\/wp-json\/wp\/v2\/product"}],"about":[{"href":"https:\/\/districos.standingout.be\/fr\/wp-json\/wp\/v2\/types\/product"}],"replies":[{"embeddable":true,"href":"https:\/\/districos.standingout.be\/fr\/wp-json\/wp\/v2\/comments?post=134203"}],"wp:featuredmedia":[{"embeddable":true,"href":"https:\/\/districos.standingout.be\/fr\/wp-json\/wp\/v2\/media\/144012"}],"wp:attachment":[{"href":"https:\/\/districos.standingout.be\/fr\/wp-json\/wp\/v2\/media?parent=134203"}],"wp:term":[{"taxonomy":"product_brand","embeddable":true,"href":"https:\/\/districos.standingout.be\/fr\/wp-json\/wp\/v2\/product_brand?post=134203"},{"taxonomy":"product_cat","embeddable":true,"href":"https:\/\/districos.standingout.be\/fr\/wp-json\/wp\/v2\/product_cat?post=134203"},{"taxonomy":"product_tag","embeddable":true,"href":"https:\/\/districos.standingout.be\/fr\/wp-json\/wp\/v2\/product_tag?post=134203"}],"curies":[{"name":"wp","href":"https:\/\/api.w.org\/{rel}","templated":true}]}}