{"id":134207,"date":"2026-04-28T02:10:30","date_gmt":"2026-04-28T00:10:30","guid":{"rendered":"https:\/\/webshopdistricoscom.webhosting.be\/product\/anesi-parafango-2-8-kg-ref-4005-2\/"},"modified":"2026-04-28T02:10:32","modified_gmt":"2026-04-28T00:10:32","slug":"anesi-parafango-2-8-kg-ref-4005","status":"publish","type":"product","link":"https:\/\/districos.standingout.be\/fr\/product\/anesi-parafango-2-8-kg-ref-4005\/","title":{"rendered":"Anesi Parafango 2.8 kg"},"content":{"rendered":"<p >\n<\/p>\n<p dir=\"ltr\">Boue marine chaude et bienfaisante de la r\u00e9gion du Mont St.-Michel, caract\u00e9ris\u00e9e par sa richesse naturelle en oligo-\u00e9l\u00e9ments et en min\u00e9raux, m\u00e9lang\u00e9e avec de la paraffine. Le parafango est chauff\u00e9 dans le bain parafango.<\/p>\n<p dir=\"ltr\">\n<ul>\n<li>Une fois que le parafango durcit sur le corps, l&rsquo;enveloppement peut \u00eatre enlev\u00e9 tr\u00e8s facilement sans eau. <\/li>\n<li><span>Emballage : bo\u00eete de 2.8 kg contenant&nbsp;<\/span>avec <span>8 <\/span><span>sachets <\/span><span>de <\/span><span>350 <\/span><span>g.<\/span><\/li>\n<\/ul><\/p>\n","protected":false},"excerpt":{"rendered":"<p>Boue marine chaude et bienfaisante de la r\u00e9gion du Mont St.-Michel, caract\u00e9ris\u00e9e par sa richesse naturelle en oligo-\u00e9l\u00e9ments et en min\u00e9raux, m\u00e9lang\u00e9e avec de la paraffine. Le parafango est chauff\u00e9 dans le bain parafango. Une fois que le parafango durcit sur le corps, l&rsquo;enveloppement peut \u00eatre enlev\u00e9 tr\u00e8s facilement sans eau. Emballage : bo\u00eete de [&hellip;]<\/p>\n","protected":false},"featured_media":144015,"comment_status":"open","ping_status":"closed","template":"","meta":{"_acf_changed":false},"product_brand":[10280],"product_cat":[9870],"product_tag":[],"class_list":{"0":"post-134207","1":"product","2":"type-product","3":"status-publish","4":"has-post-thumbnail","6":"product_brand-anesi-fr","7":"product_cat-beaute-corps-enveloppements-corporels","9":"first","10":"instock","11":"taxable","12":"shipping-taxable","13":"product-type-simple"},"acf":[],"yoast_head":"<!-- This site is optimized with the Yoast SEO plugin v27.3 - https:\/\/yoast.com\/product\/yoast-seo-wordpress\/ -->\n<title>Anesi Parafango 2.8 kg - Districos Webshop<\/title>\n<meta name=\"robots\" content=\"noindex, follow, max-snippet:-1, max-image-preview:large, max-video-preview:-1\" \/>\n<meta property=\"og:locale\" content=\"fr_FR\" \/>\n<meta property=\"og:type\" content=\"article\" \/>\n<meta property=\"og:title\" content=\"Anesi Parafango 2.8 kg - Districos Webshop\" \/>\n<meta property=\"og:description\" content=\"Boue marine chaude et bienfaisante de la r\u00e9gion du Mont St.-Michel, caract\u00e9ris\u00e9e par sa richesse naturelle en oligo-\u00e9l\u00e9ments et en min\u00e9raux, m\u00e9lang\u00e9e avec de la paraffine. Le parafango est chauff\u00e9 dans le bain parafango. Une fois que le parafango durcit sur le corps, l&rsquo;enveloppement peut \u00eatre enlev\u00e9 tr\u00e8s facilement sans eau. Emballage : bo\u00eete de [&hellip;]\" \/>\n<meta property=\"og:url\" content=\"https:\/\/districos.standingout.be\/fr\/product\/anesi-parafango-2-8-kg-ref-4005\/\" \/>\n<meta property=\"og:site_name\" content=\"Districos Webshop\" \/>\n<meta property=\"article:modified_time\" content=\"2026-04-28T00:10:32+00:00\" \/>\n<meta property=\"og:image\" content=\"https:\/\/districos.standingout.be\/wp-content\/uploads\/2026\/04\/4005@Parafango-3kg_1-2.png\" \/>\n\t<meta property=\"og:image:width\" content=\"600\" \/>\n\t<meta property=\"og:image:height\" content=\"600\" \/>\n\t<meta property=\"og:image:type\" content=\"image\/png\" \/>\n<meta name=\"twitter:card\" content=\"summary_large_image\" \/>\n<script type=\"application\/ld+json\" class=\"yoast-schema-graph\">{\"@context\":\"https:\\\/\\\/schema.org\",\"@graph\":[{\"@type\":\"WebPage\",\"@id\":\"https:\\\/\\\/districos.standingout.be\\\/fr\\\/product\\\/anesi-parafango-2-8-kg-ref-4005\\\/\",\"url\":\"https:\\\/\\\/districos.standingout.be\\\/fr\\\/product\\\/anesi-parafango-2-8-kg-ref-4005\\\/\",\"name\":\"Anesi Parafango 2.8 kg - Districos Webshop\",\"isPartOf\":{\"@id\":\"https:\\\/\\\/districos.standingout.be\\\/fr\\\/#website\"},\"primaryImageOfPage\":{\"@id\":\"https:\\\/\\\/districos.standingout.be\\\/fr\\\/product\\\/anesi-parafango-2-8-kg-ref-4005\\\/#primaryimage\"},\"image\":{\"@id\":\"https:\\\/\\\/districos.standingout.be\\\/fr\\\/product\\\/anesi-parafango-2-8-kg-ref-4005\\\/#primaryimage\"},\"thumbnailUrl\":\"https:\\\/\\\/districos.standingout.be\\\/wp-content\\\/uploads\\\/2026\\\/04\\\/4005@Parafango-3kg_1-3.png\",\"datePublished\":\"2026-04-28T00:10:30+00:00\",\"dateModified\":\"2026-04-28T00:10:32+00:00\",\"breadcrumb\":{\"@id\":\"https:\\\/\\\/districos.standingout.be\\\/fr\\\/product\\\/anesi-parafango-2-8-kg-ref-4005\\\/#breadcrumb\"},\"inLanguage\":\"fr-FR\",\"potentialAction\":[{\"@type\":\"ReadAction\",\"target\":[\"https:\\\/\\\/districos.standingout.be\\\/fr\\\/product\\\/anesi-parafango-2-8-kg-ref-4005\\\/\"]}]},{\"@type\":\"ImageObject\",\"inLanguage\":\"fr-FR\",\"@id\":\"https:\\\/\\\/districos.standingout.be\\\/fr\\\/product\\\/anesi-parafango-2-8-kg-ref-4005\\\/#primaryimage\",\"url\":\"https:\\\/\\\/districos.standingout.be\\\/wp-content\\\/uploads\\\/2026\\\/04\\\/4005@Parafango-3kg_1-3.png\",\"contentUrl\":\"https:\\\/\\\/districos.standingout.be\\\/wp-content\\\/uploads\\\/2026\\\/04\\\/4005@Parafango-3kg_1-3.png\",\"width\":600,\"height\":600},{\"@type\":\"BreadcrumbList\",\"@id\":\"https:\\\/\\\/districos.standingout.be\\\/fr\\\/product\\\/anesi-parafango-2-8-kg-ref-4005\\\/#breadcrumb\",\"itemListElement\":[{\"@type\":\"ListItem\",\"position\":1,\"name\":\"Home\",\"item\":\"https:\\\/\\\/districos.standingout.be\\\/fr\\\/bienvenue-chez-districos\\\/\"},{\"@type\":\"ListItem\",\"position\":2,\"name\":\"Boutique\",\"item\":\"https:\\\/\\\/districos.standingout.be\\\/fr\\\/boutique\\\/\"},{\"@type\":\"ListItem\",\"position\":3,\"name\":\"Anesi Parafango 2.8 kg\"}]},{\"@type\":\"WebSite\",\"@id\":\"https:\\\/\\\/districos.standingout.be\\\/fr\\\/#website\",\"url\":\"https:\\\/\\\/districos.standingout.be\\\/fr\\\/\",\"name\":\"Districos Webshop\",\"description\":\"\",\"publisher\":{\"@id\":\"https:\\\/\\\/districos.standingout.be\\\/fr\\\/#organization\"},\"potentialAction\":[{\"@type\":\"SearchAction\",\"target\":{\"@type\":\"EntryPoint\",\"urlTemplate\":\"https:\\\/\\\/districos.standingout.be\\\/fr\\\/?s={search_term_string}\"},\"query-input\":{\"@type\":\"PropertyValueSpecification\",\"valueRequired\":true,\"valueName\":\"search_term_string\"}}],\"inLanguage\":\"fr-FR\"},{\"@type\":\"Organization\",\"@id\":\"https:\\\/\\\/districos.standingout.be\\\/fr\\\/#organization\",\"name\":\"Districos Webshop\",\"url\":\"https:\\\/\\\/districos.standingout.be\\\/fr\\\/\",\"logo\":{\"@type\":\"ImageObject\",\"inLanguage\":\"fr-FR\",\"@id\":\"https:\\\/\\\/districos.standingout.be\\\/fr\\\/#\\\/schema\\\/logo\\\/image\\\/\",\"url\":\"https:\\\/\\\/districos.standingout.be\\\/wp-content\\\/uploads\\\/2022\\\/09\\\/Districos_Logo_Webshop.svg\",\"contentUrl\":\"https:\\\/\\\/districos.standingout.be\\\/wp-content\\\/uploads\\\/2022\\\/09\\\/Districos_Logo_Webshop.svg\",\"caption\":\"Districos Webshop\"},\"image\":{\"@id\":\"https:\\\/\\\/districos.standingout.be\\\/fr\\\/#\\\/schema\\\/logo\\\/image\\\/\"}}]}<\/script>\n<!-- \/ Yoast SEO plugin. -->","yoast_head_json":{"title":"Anesi Parafango 2.8 kg - Districos Webshop","robots":{"index":"noindex","follow":"follow","max-snippet":"max-snippet:-1","max-image-preview":"max-image-preview:large","max-video-preview":"max-video-preview:-1"},"og_locale":"fr_FR","og_type":"article","og_title":"Anesi Parafango 2.8 kg - Districos Webshop","og_description":"Boue marine chaude et bienfaisante de la r\u00e9gion du Mont St.-Michel, caract\u00e9ris\u00e9e par sa richesse naturelle en oligo-\u00e9l\u00e9ments et en min\u00e9raux, m\u00e9lang\u00e9e avec de la paraffine. Le parafango est chauff\u00e9 dans le bain parafango. Une fois que le parafango durcit sur le corps, l&rsquo;enveloppement peut \u00eatre enlev\u00e9 tr\u00e8s facilement sans eau. Emballage : bo\u00eete de [&hellip;]","og_url":"https:\/\/districos.standingout.be\/fr\/product\/anesi-parafango-2-8-kg-ref-4005\/","og_site_name":"Districos Webshop","article_modified_time":"2026-04-28T00:10:32+00:00","og_image":[{"width":600,"height":600,"url":"https:\/\/districos.standingout.be\/wp-content\/uploads\/2026\/04\/4005@Parafango-3kg_1-2.png","type":"image\/png"}],"twitter_card":"summary_large_image","schema":{"@context":"https:\/\/schema.org","@graph":[{"@type":"WebPage","@id":"https:\/\/districos.standingout.be\/fr\/product\/anesi-parafango-2-8-kg-ref-4005\/","url":"https:\/\/districos.standingout.be\/fr\/product\/anesi-parafango-2-8-kg-ref-4005\/","name":"Anesi Parafango 2.8 kg - Districos Webshop","isPartOf":{"@id":"https:\/\/districos.standingout.be\/fr\/#website"},"primaryImageOfPage":{"@id":"https:\/\/districos.standingout.be\/fr\/product\/anesi-parafango-2-8-kg-ref-4005\/#primaryimage"},"image":{"@id":"https:\/\/districos.standingout.be\/fr\/product\/anesi-parafango-2-8-kg-ref-4005\/#primaryimage"},"thumbnailUrl":"https:\/\/districos.standingout.be\/wp-content\/uploads\/2026\/04\/4005@Parafango-3kg_1-3.png","datePublished":"2026-04-28T00:10:30+00:00","dateModified":"2026-04-28T00:10:32+00:00","breadcrumb":{"@id":"https:\/\/districos.standingout.be\/fr\/product\/anesi-parafango-2-8-kg-ref-4005\/#breadcrumb"},"inLanguage":"fr-FR","potentialAction":[{"@type":"ReadAction","target":["https:\/\/districos.standingout.be\/fr\/product\/anesi-parafango-2-8-kg-ref-4005\/"]}]},{"@type":"ImageObject","inLanguage":"fr-FR","@id":"https:\/\/districos.standingout.be\/fr\/product\/anesi-parafango-2-8-kg-ref-4005\/#primaryimage","url":"https:\/\/districos.standingout.be\/wp-content\/uploads\/2026\/04\/4005@Parafango-3kg_1-3.png","contentUrl":"https:\/\/districos.standingout.be\/wp-content\/uploads\/2026\/04\/4005@Parafango-3kg_1-3.png","width":600,"height":600},{"@type":"BreadcrumbList","@id":"https:\/\/districos.standingout.be\/fr\/product\/anesi-parafango-2-8-kg-ref-4005\/#breadcrumb","itemListElement":[{"@type":"ListItem","position":1,"name":"Home","item":"https:\/\/districos.standingout.be\/fr\/bienvenue-chez-districos\/"},{"@type":"ListItem","position":2,"name":"Boutique","item":"https:\/\/districos.standingout.be\/fr\/boutique\/"},{"@type":"ListItem","position":3,"name":"Anesi Parafango 2.8 kg"}]},{"@type":"WebSite","@id":"https:\/\/districos.standingout.be\/fr\/#website","url":"https:\/\/districos.standingout.be\/fr\/","name":"Districos Webshop","description":"","publisher":{"@id":"https:\/\/districos.standingout.be\/fr\/#organization"},"potentialAction":[{"@type":"SearchAction","target":{"@type":"EntryPoint","urlTemplate":"https:\/\/districos.standingout.be\/fr\/?s={search_term_string}"},"query-input":{"@type":"PropertyValueSpecification","valueRequired":true,"valueName":"search_term_string"}}],"inLanguage":"fr-FR"},{"@type":"Organization","@id":"https:\/\/districos.standingout.be\/fr\/#organization","name":"Districos Webshop","url":"https:\/\/districos.standingout.be\/fr\/","logo":{"@type":"ImageObject","inLanguage":"fr-FR","@id":"https:\/\/districos.standingout.be\/fr\/#\/schema\/logo\/image\/","url":"https:\/\/districos.standingout.be\/wp-content\/uploads\/2022\/09\/Districos_Logo_Webshop.svg","contentUrl":"https:\/\/districos.standingout.be\/wp-content\/uploads\/2022\/09\/Districos_Logo_Webshop.svg","caption":"Districos Webshop"},"image":{"@id":"https:\/\/districos.standingout.be\/fr\/#\/schema\/logo\/image\/"}}]}},"_links":{"self":[{"href":"https:\/\/districos.standingout.be\/fr\/wp-json\/wp\/v2\/product\/134207","targetHints":{"allow":["GET"]}}],"collection":[{"href":"https:\/\/districos.standingout.be\/fr\/wp-json\/wp\/v2\/product"}],"about":[{"href":"https:\/\/districos.standingout.be\/fr\/wp-json\/wp\/v2\/types\/product"}],"replies":[{"embeddable":true,"href":"https:\/\/districos.standingout.be\/fr\/wp-json\/wp\/v2\/comments?post=134207"}],"wp:featuredmedia":[{"embeddable":true,"href":"https:\/\/districos.standingout.be\/fr\/wp-json\/wp\/v2\/media\/144015"}],"wp:attachment":[{"href":"https:\/\/districos.standingout.be\/fr\/wp-json\/wp\/v2\/media?parent=134207"}],"wp:term":[{"taxonomy":"product_brand","embeddable":true,"href":"https:\/\/districos.standingout.be\/fr\/wp-json\/wp\/v2\/product_brand?post=134207"},{"taxonomy":"product_cat","embeddable":true,"href":"https:\/\/districos.standingout.be\/fr\/wp-json\/wp\/v2\/product_cat?post=134207"},{"taxonomy":"product_tag","embeddable":true,"href":"https:\/\/districos.standingout.be\/fr\/wp-json\/wp\/v2\/product_tag?post=134207"}],"curies":[{"name":"wp","href":"https:\/\/api.w.org\/{rel}","templated":true}]}}