{"id":134209,"date":"2026-04-28T02:10:33","date_gmt":"2026-04-28T00:10:33","guid":{"rendered":"https:\/\/webshopdistricoscom.webhosting.be\/product\/anesi-cremfoliant-200-ml-ref-4021-1-2\/"},"modified":"2026-04-28T02:10:36","modified_gmt":"2026-04-28T00:10:36","slug":"anesi-cremfoliant-200-ml-ref-4021-1","status":"publish","type":"product","link":"https:\/\/districos.standingout.be\/fr\/product\/anesi-cremfoliant-200-ml-ref-4021-1\/","title":{"rendered":"Anesi Cremfoliant 200 ml"},"content":{"rendered":"<p >\n<\/p>\n<\/p>\n<\/p>\n<p><span>Cr\u00e8me exfoliante pour le corps aux noyaux d&rsquo;abricot finement moules, permettant un peeling corporel efficace avec une l\u00e9g\u00e8re pression. Utiliser une fois par semaine pour une peau super douce. Masser la peau en \u00e9vitant les zones sensibles et l&rsquo;enlever sous la douche ou dans le bain.<\/span><\/p>\n<\/p>\n<ul>\n<li><span lang=\"FR\">Vos client(e)s peuvent aussi utiliser ce peeling \u00e0 domicile, sous la douche.<\/span><\/li>\n<li><span lang=\"FR\">Emballage : 200 ml.<\/span><\/li>\n<\/ul>\n<div>\n<p><font face=\"Verdana, sans-serif\"><b>\u00c9galement disponible<\/b><\/font><\/p>\n<\/p>\n<ul type=\"disc\">\n<li><span>Anesi Kit Parafango&nbsp;(r\u00e9f.&nbsp;<a href=\"https:\/\/webshop.districos.com\/ProductDetail\/4001\" target=\"_blank\" rel=\"noopener noreferrer nofollow\"><span>4001<\/span><\/a>)<o:p><\/o:p><\/span><\/li>\n<li><span>Anesi Silhouette Lipoaminocel 500 ml (r\u00e9f.&nbsp;<a href=\"https:\/\/webshop.districos.com\/ProductDetail\/4024\" target=\"_blank\" rel=\"noopener noreferrer nofollow\"><span>4024<\/span><\/a>)<o:p><\/o:p><\/span><\/li>\n<li><span>Anesi Silhouette Body Modelling Cream 500 ml (r\u00e9f.&nbsp;<a href=\"https:\/\/webshop.districos.com\/ProductDetail\/4299\" target=\"_blank\" rel=\"noopener noreferrer nofollow\"><span>4299<\/span><\/a>)<\/span><\/li>\n<\/ul>\n<\/div>\n","protected":false},"excerpt":{"rendered":"<p>Cr\u00e8me exfoliante pour le corps aux noyaux d&rsquo;abricot finement moules, permettant un peeling corporel efficace avec une l\u00e9g\u00e8re pression. Utiliser une fois par semaine pour une peau super douce. Masser la peau en \u00e9vitant les zones sensibles et l&rsquo;enlever sous la douche ou dans le bain. Vos client(e)s peuvent aussi utiliser ce peeling \u00e0 domicile, [&hellip;]<\/p>\n","protected":false},"featured_media":70694,"comment_status":"open","ping_status":"closed","template":"","meta":{"_acf_changed":false},"product_brand":[10280],"product_cat":[9870],"product_tag":[],"class_list":{"0":"post-134209","1":"product","2":"type-product","3":"status-publish","4":"has-post-thumbnail","6":"product_brand-anesi-fr","7":"product_cat-beaute-corps-enveloppements-corporels","9":"first","10":"instock","11":"taxable","12":"shipping-taxable","13":"product-type-simple"},"acf":[],"yoast_head":"<!-- This site is optimized with the Yoast SEO plugin v27.3 - https:\/\/yoast.com\/product\/yoast-seo-wordpress\/ -->\n<title>Anesi Cremfoliant 200 ml - Districos Webshop<\/title>\n<meta name=\"robots\" content=\"noindex, follow, max-snippet:-1, max-image-preview:large, max-video-preview:-1\" \/>\n<meta property=\"og:locale\" content=\"fr_FR\" \/>\n<meta property=\"og:type\" content=\"article\" \/>\n<meta property=\"og:title\" content=\"Anesi Cremfoliant 200 ml - Districos Webshop\" \/>\n<meta property=\"og:description\" content=\"Cr\u00e8me exfoliante pour le corps aux noyaux d&rsquo;abricot finement moules, permettant un peeling corporel efficace avec une l\u00e9g\u00e8re pression. Utiliser une fois par semaine pour une peau super douce. Masser la peau en \u00e9vitant les zones sensibles et l&rsquo;enlever sous la douche ou dans le bain. Vos client(e)s peuvent aussi utiliser ce peeling \u00e0 domicile, [&hellip;]\" \/>\n<meta property=\"og:url\" content=\"https:\/\/districos.standingout.be\/fr\/product\/anesi-cremfoliant-200-ml-ref-4021-1\/\" \/>\n<meta property=\"og:site_name\" content=\"Districos Webshop\" \/>\n<meta property=\"article:modified_time\" content=\"2026-04-28T00:10:36+00:00\" \/>\n<meta property=\"og:image\" content=\"https:\/\/districos.standingout.be\/wp-content\/uploads\/2025\/07\/4021.1@LowRes_1.png\" \/>\n\t<meta property=\"og:image:width\" content=\"600\" \/>\n\t<meta property=\"og:image:height\" content=\"600\" \/>\n\t<meta property=\"og:image:type\" content=\"image\/png\" \/>\n<meta name=\"twitter:card\" content=\"summary_large_image\" \/>\n<script type=\"application\/ld+json\" class=\"yoast-schema-graph\">{\"@context\":\"https:\\\/\\\/schema.org\",\"@graph\":[{\"@type\":\"WebPage\",\"@id\":\"https:\\\/\\\/districos.standingout.be\\\/fr\\\/product\\\/anesi-cremfoliant-200-ml-ref-4021-1\\\/\",\"url\":\"https:\\\/\\\/districos.standingout.be\\\/fr\\\/product\\\/anesi-cremfoliant-200-ml-ref-4021-1\\\/\",\"name\":\"Anesi Cremfoliant 200 ml - Districos Webshop\",\"isPartOf\":{\"@id\":\"https:\\\/\\\/districos.standingout.be\\\/fr\\\/#website\"},\"primaryImageOfPage\":{\"@id\":\"https:\\\/\\\/districos.standingout.be\\\/fr\\\/product\\\/anesi-cremfoliant-200-ml-ref-4021-1\\\/#primaryimage\"},\"image\":{\"@id\":\"https:\\\/\\\/districos.standingout.be\\\/fr\\\/product\\\/anesi-cremfoliant-200-ml-ref-4021-1\\\/#primaryimage\"},\"thumbnailUrl\":\"https:\\\/\\\/districos.standingout.be\\\/wp-content\\\/uploads\\\/2025\\\/07\\\/4021.1@LowRes_1.png\",\"datePublished\":\"2026-04-28T00:10:33+00:00\",\"dateModified\":\"2026-04-28T00:10:36+00:00\",\"breadcrumb\":{\"@id\":\"https:\\\/\\\/districos.standingout.be\\\/fr\\\/product\\\/anesi-cremfoliant-200-ml-ref-4021-1\\\/#breadcrumb\"},\"inLanguage\":\"fr-FR\",\"potentialAction\":[{\"@type\":\"ReadAction\",\"target\":[\"https:\\\/\\\/districos.standingout.be\\\/fr\\\/product\\\/anesi-cremfoliant-200-ml-ref-4021-1\\\/\"]}]},{\"@type\":\"ImageObject\",\"inLanguage\":\"fr-FR\",\"@id\":\"https:\\\/\\\/districos.standingout.be\\\/fr\\\/product\\\/anesi-cremfoliant-200-ml-ref-4021-1\\\/#primaryimage\",\"url\":\"https:\\\/\\\/districos.standingout.be\\\/wp-content\\\/uploads\\\/2025\\\/07\\\/4021.1@LowRes_1.png\",\"contentUrl\":\"https:\\\/\\\/districos.standingout.be\\\/wp-content\\\/uploads\\\/2025\\\/07\\\/4021.1@LowRes_1.png\",\"width\":600,\"height\":600},{\"@type\":\"BreadcrumbList\",\"@id\":\"https:\\\/\\\/districos.standingout.be\\\/fr\\\/product\\\/anesi-cremfoliant-200-ml-ref-4021-1\\\/#breadcrumb\",\"itemListElement\":[{\"@type\":\"ListItem\",\"position\":1,\"name\":\"Home\",\"item\":\"https:\\\/\\\/districos.standingout.be\\\/fr\\\/bienvenue-chez-districos\\\/\"},{\"@type\":\"ListItem\",\"position\":2,\"name\":\"Boutique\",\"item\":\"https:\\\/\\\/districos.standingout.be\\\/fr\\\/boutique\\\/\"},{\"@type\":\"ListItem\",\"position\":3,\"name\":\"Anesi Cremfoliant 200 ml\"}]},{\"@type\":\"WebSite\",\"@id\":\"https:\\\/\\\/districos.standingout.be\\\/fr\\\/#website\",\"url\":\"https:\\\/\\\/districos.standingout.be\\\/fr\\\/\",\"name\":\"Districos Webshop\",\"description\":\"\",\"publisher\":{\"@id\":\"https:\\\/\\\/districos.standingout.be\\\/fr\\\/#organization\"},\"potentialAction\":[{\"@type\":\"SearchAction\",\"target\":{\"@type\":\"EntryPoint\",\"urlTemplate\":\"https:\\\/\\\/districos.standingout.be\\\/fr\\\/?s={search_term_string}\"},\"query-input\":{\"@type\":\"PropertyValueSpecification\",\"valueRequired\":true,\"valueName\":\"search_term_string\"}}],\"inLanguage\":\"fr-FR\"},{\"@type\":\"Organization\",\"@id\":\"https:\\\/\\\/districos.standingout.be\\\/fr\\\/#organization\",\"name\":\"Districos Webshop\",\"url\":\"https:\\\/\\\/districos.standingout.be\\\/fr\\\/\",\"logo\":{\"@type\":\"ImageObject\",\"inLanguage\":\"fr-FR\",\"@id\":\"https:\\\/\\\/districos.standingout.be\\\/fr\\\/#\\\/schema\\\/logo\\\/image\\\/\",\"url\":\"https:\\\/\\\/districos.standingout.be\\\/wp-content\\\/uploads\\\/2022\\\/09\\\/Districos_Logo_Webshop.svg\",\"contentUrl\":\"https:\\\/\\\/districos.standingout.be\\\/wp-content\\\/uploads\\\/2022\\\/09\\\/Districos_Logo_Webshop.svg\",\"caption\":\"Districos Webshop\"},\"image\":{\"@id\":\"https:\\\/\\\/districos.standingout.be\\\/fr\\\/#\\\/schema\\\/logo\\\/image\\\/\"}}]}<\/script>\n<!-- \/ Yoast SEO plugin. -->","yoast_head_json":{"title":"Anesi Cremfoliant 200 ml - Districos Webshop","robots":{"index":"noindex","follow":"follow","max-snippet":"max-snippet:-1","max-image-preview":"max-image-preview:large","max-video-preview":"max-video-preview:-1"},"og_locale":"fr_FR","og_type":"article","og_title":"Anesi Cremfoliant 200 ml - Districos Webshop","og_description":"Cr\u00e8me exfoliante pour le corps aux noyaux d&rsquo;abricot finement moules, permettant un peeling corporel efficace avec une l\u00e9g\u00e8re pression. Utiliser une fois par semaine pour une peau super douce. Masser la peau en \u00e9vitant les zones sensibles et l&rsquo;enlever sous la douche ou dans le bain. Vos client(e)s peuvent aussi utiliser ce peeling \u00e0 domicile, [&hellip;]","og_url":"https:\/\/districos.standingout.be\/fr\/product\/anesi-cremfoliant-200-ml-ref-4021-1\/","og_site_name":"Districos Webshop","article_modified_time":"2026-04-28T00:10:36+00:00","og_image":[{"width":600,"height":600,"url":"https:\/\/districos.standingout.be\/wp-content\/uploads\/2025\/07\/4021.1@LowRes_1.png","type":"image\/png"}],"twitter_card":"summary_large_image","schema":{"@context":"https:\/\/schema.org","@graph":[{"@type":"WebPage","@id":"https:\/\/districos.standingout.be\/fr\/product\/anesi-cremfoliant-200-ml-ref-4021-1\/","url":"https:\/\/districos.standingout.be\/fr\/product\/anesi-cremfoliant-200-ml-ref-4021-1\/","name":"Anesi Cremfoliant 200 ml - Districos Webshop","isPartOf":{"@id":"https:\/\/districos.standingout.be\/fr\/#website"},"primaryImageOfPage":{"@id":"https:\/\/districos.standingout.be\/fr\/product\/anesi-cremfoliant-200-ml-ref-4021-1\/#primaryimage"},"image":{"@id":"https:\/\/districos.standingout.be\/fr\/product\/anesi-cremfoliant-200-ml-ref-4021-1\/#primaryimage"},"thumbnailUrl":"https:\/\/districos.standingout.be\/wp-content\/uploads\/2025\/07\/4021.1@LowRes_1.png","datePublished":"2026-04-28T00:10:33+00:00","dateModified":"2026-04-28T00:10:36+00:00","breadcrumb":{"@id":"https:\/\/districos.standingout.be\/fr\/product\/anesi-cremfoliant-200-ml-ref-4021-1\/#breadcrumb"},"inLanguage":"fr-FR","potentialAction":[{"@type":"ReadAction","target":["https:\/\/districos.standingout.be\/fr\/product\/anesi-cremfoliant-200-ml-ref-4021-1\/"]}]},{"@type":"ImageObject","inLanguage":"fr-FR","@id":"https:\/\/districos.standingout.be\/fr\/product\/anesi-cremfoliant-200-ml-ref-4021-1\/#primaryimage","url":"https:\/\/districos.standingout.be\/wp-content\/uploads\/2025\/07\/4021.1@LowRes_1.png","contentUrl":"https:\/\/districos.standingout.be\/wp-content\/uploads\/2025\/07\/4021.1@LowRes_1.png","width":600,"height":600},{"@type":"BreadcrumbList","@id":"https:\/\/districos.standingout.be\/fr\/product\/anesi-cremfoliant-200-ml-ref-4021-1\/#breadcrumb","itemListElement":[{"@type":"ListItem","position":1,"name":"Home","item":"https:\/\/districos.standingout.be\/fr\/bienvenue-chez-districos\/"},{"@type":"ListItem","position":2,"name":"Boutique","item":"https:\/\/districos.standingout.be\/fr\/boutique\/"},{"@type":"ListItem","position":3,"name":"Anesi Cremfoliant 200 ml"}]},{"@type":"WebSite","@id":"https:\/\/districos.standingout.be\/fr\/#website","url":"https:\/\/districos.standingout.be\/fr\/","name":"Districos Webshop","description":"","publisher":{"@id":"https:\/\/districos.standingout.be\/fr\/#organization"},"potentialAction":[{"@type":"SearchAction","target":{"@type":"EntryPoint","urlTemplate":"https:\/\/districos.standingout.be\/fr\/?s={search_term_string}"},"query-input":{"@type":"PropertyValueSpecification","valueRequired":true,"valueName":"search_term_string"}}],"inLanguage":"fr-FR"},{"@type":"Organization","@id":"https:\/\/districos.standingout.be\/fr\/#organization","name":"Districos Webshop","url":"https:\/\/districos.standingout.be\/fr\/","logo":{"@type":"ImageObject","inLanguage":"fr-FR","@id":"https:\/\/districos.standingout.be\/fr\/#\/schema\/logo\/image\/","url":"https:\/\/districos.standingout.be\/wp-content\/uploads\/2022\/09\/Districos_Logo_Webshop.svg","contentUrl":"https:\/\/districos.standingout.be\/wp-content\/uploads\/2022\/09\/Districos_Logo_Webshop.svg","caption":"Districos Webshop"},"image":{"@id":"https:\/\/districos.standingout.be\/fr\/#\/schema\/logo\/image\/"}}]}},"_links":{"self":[{"href":"https:\/\/districos.standingout.be\/fr\/wp-json\/wp\/v2\/product\/134209","targetHints":{"allow":["GET"]}}],"collection":[{"href":"https:\/\/districos.standingout.be\/fr\/wp-json\/wp\/v2\/product"}],"about":[{"href":"https:\/\/districos.standingout.be\/fr\/wp-json\/wp\/v2\/types\/product"}],"replies":[{"embeddable":true,"href":"https:\/\/districos.standingout.be\/fr\/wp-json\/wp\/v2\/comments?post=134209"}],"wp:featuredmedia":[{"embeddable":true,"href":"https:\/\/districos.standingout.be\/fr\/wp-json\/wp\/v2\/media\/70694"}],"wp:attachment":[{"href":"https:\/\/districos.standingout.be\/fr\/wp-json\/wp\/v2\/media?parent=134209"}],"wp:term":[{"taxonomy":"product_brand","embeddable":true,"href":"https:\/\/districos.standingout.be\/fr\/wp-json\/wp\/v2\/product_brand?post=134209"},{"taxonomy":"product_cat","embeddable":true,"href":"https:\/\/districos.standingout.be\/fr\/wp-json\/wp\/v2\/product_cat?post=134209"},{"taxonomy":"product_tag","embeddable":true,"href":"https:\/\/districos.standingout.be\/fr\/wp-json\/wp\/v2\/product_tag?post=134209"}],"curies":[{"name":"wp","href":"https:\/\/api.w.org\/{rel}","templated":true}]}}