{"id":134219,"date":"2026-04-28T02:11:09","date_gmt":"2026-04-28T00:11:09","guid":{"rendered":"https:\/\/webshopdistricoscom.webhosting.be\/product\/anesi-silhouette-aminofirm-500-ml-ref-4025-2\/"},"modified":"2026-04-28T02:11:12","modified_gmt":"2026-04-28T00:11:12","slug":"anesi-silhouette-aminofirm-500-ml-ref-4025","status":"publish","type":"product","link":"https:\/\/districos.standingout.be\/fr\/product\/anesi-silhouette-aminofirm-500-ml-ref-4025\/","title":{"rendered":"Anesi Silhouette Aminofirm 500 ml"},"content":{"rendered":"<p >\n<\/p>\n<\/p>\n<\/p>\n<p dir=\"ltr\"><b>Cr\u00e8me raffermissante \u00e0 base de centella, d\u2019\u00e9lastine et de collag\u00e8ne.<\/b> Contient des ingr\u00e9dients actifs qui raffermissent en nourrissent la peau. Aide \u00e0 pr\u00e9venir les vergetures et \u00e0 att\u00e9nuer les vergetures existantes.\u2008La peau retrouvera son \u00e9lasticit\u00e9.<\/p>\n<p dir=\"ltr\">\n<ul>\n<li>Cr\u00e8me de massage drainante, id\u00e9ale en cabine. <\/li>\n<li><span>Emploi : modelage cryo, vergetures, cellulite vieille et molle, raffermissement et correction de la silhouette.<\/span><\/li>\n<li>Emballage : 500 ml.<\/li>\n<\/ul>\n<div>\n<p><b><span lang=\"FR\">\u00c9galement disponible<o:p><\/o:p><\/span><\/b><\/p>\n<p dir=\"ltr\">\n<ul type=\"disc\">\n<li><span lang=\"FR\">Anesi Kit Parafango&nbsp;(r\u00e9f.&nbsp;<a href=\"https:\/\/webshop.districos.com\/ProductDetail\/4001\" target=\"_blank\" rel=\"noopener noreferrer nofollow\"><span>4001<\/span><\/a>)<o:p><\/o:p><\/span><\/li>\n<li><span lang=\"FR\">Anesi Cremfoliant 200 ml (r\u00e9f.&nbsp;<a href=\"https:\/\/webshop.districos.com\/ProductDetail\/4021.1\" target=\"_blank\" rel=\"noopener noreferrer nofollow\"><span>4021.1<\/span><\/a>)<o:p><\/o:p><\/span><\/li>\n<li><span lang=\"FR\">Anesi Silhouette Body Modelling Cream 500 ml (r\u00e9f.&nbsp;<a href=\"https:\/\/webshop.districos.com\/ProductDetail\/4299\" target=\"_blank\" rel=\"noopener noreferrer nofollow\"><span>4299<\/span><\/a>)<\/span><\/li>\n<\/ul>\n<\/div><\/p>\n","protected":false},"excerpt":{"rendered":"<p>Cr\u00e8me raffermissante \u00e0 base de centella, d\u2019\u00e9lastine et de collag\u00e8ne. Contient des ingr\u00e9dients actifs qui raffermissent en nourrissent la peau. Aide \u00e0 pr\u00e9venir les vergetures et \u00e0 att\u00e9nuer les vergetures existantes.\u2008La peau retrouvera son \u00e9lasticit\u00e9. Cr\u00e8me de massage drainante, id\u00e9ale en cabine. Emploi : modelage cryo, vergetures, cellulite vieille et molle, raffermissement et correction de [&hellip;]<\/p>\n","protected":false},"featured_media":70715,"comment_status":"open","ping_status":"closed","template":"","meta":{"_acf_changed":false},"product_brand":[10280],"product_cat":[9870],"product_tag":[],"class_list":{"0":"post-134219","1":"product","2":"type-product","3":"status-publish","4":"has-post-thumbnail","6":"product_brand-anesi-fr","7":"product_cat-beaute-corps-enveloppements-corporels","9":"first","10":"instock","11":"taxable","12":"shipping-taxable","13":"product-type-simple"},"acf":[],"yoast_head":"<!-- This site is optimized with the Yoast SEO plugin v27.3 - https:\/\/yoast.com\/product\/yoast-seo-wordpress\/ -->\n<title>Anesi Silhouette Aminofirm 500 ml - Districos Webshop<\/title>\n<meta name=\"robots\" content=\"noindex, follow, max-snippet:-1, max-image-preview:large, max-video-preview:-1\" \/>\n<meta property=\"og:locale\" content=\"fr_FR\" \/>\n<meta property=\"og:type\" content=\"article\" \/>\n<meta property=\"og:title\" content=\"Anesi Silhouette Aminofirm 500 ml - Districos Webshop\" \/>\n<meta property=\"og:description\" content=\"Cr\u00e8me raffermissante \u00e0 base de centella, d\u2019\u00e9lastine et de collag\u00e8ne. Contient des ingr\u00e9dients actifs qui raffermissent en nourrissent la peau. Aide \u00e0 pr\u00e9venir les vergetures et \u00e0 att\u00e9nuer les vergetures existantes.\u2008La peau retrouvera son \u00e9lasticit\u00e9. Cr\u00e8me de massage drainante, id\u00e9ale en cabine. Emploi : modelage cryo, vergetures, cellulite vieille et molle, raffermissement et correction de [&hellip;]\" \/>\n<meta property=\"og:url\" content=\"https:\/\/districos.standingout.be\/fr\/product\/anesi-silhouette-aminofirm-500-ml-ref-4025\/\" \/>\n<meta property=\"og:site_name\" content=\"Districos Webshop\" \/>\n<meta property=\"article:modified_time\" content=\"2026-04-28T00:11:12+00:00\" \/>\n<meta property=\"og:image\" content=\"https:\/\/districos.standingout.be\/wp-content\/uploads\/2025\/07\/4025@LowRes_1_0.png\" \/>\n\t<meta property=\"og:image:width\" content=\"600\" \/>\n\t<meta property=\"og:image:height\" content=\"600\" \/>\n\t<meta property=\"og:image:type\" content=\"image\/png\" \/>\n<meta name=\"twitter:card\" content=\"summary_large_image\" \/>\n<script type=\"application\/ld+json\" class=\"yoast-schema-graph\">{\"@context\":\"https:\\\/\\\/schema.org\",\"@graph\":[{\"@type\":\"WebPage\",\"@id\":\"https:\\\/\\\/districos.standingout.be\\\/fr\\\/product\\\/anesi-silhouette-aminofirm-500-ml-ref-4025\\\/\",\"url\":\"https:\\\/\\\/districos.standingout.be\\\/fr\\\/product\\\/anesi-silhouette-aminofirm-500-ml-ref-4025\\\/\",\"name\":\"Anesi Silhouette Aminofirm 500 ml - Districos Webshop\",\"isPartOf\":{\"@id\":\"https:\\\/\\\/districos.standingout.be\\\/fr\\\/#website\"},\"primaryImageOfPage\":{\"@id\":\"https:\\\/\\\/districos.standingout.be\\\/fr\\\/product\\\/anesi-silhouette-aminofirm-500-ml-ref-4025\\\/#primaryimage\"},\"image\":{\"@id\":\"https:\\\/\\\/districos.standingout.be\\\/fr\\\/product\\\/anesi-silhouette-aminofirm-500-ml-ref-4025\\\/#primaryimage\"},\"thumbnailUrl\":\"https:\\\/\\\/districos.standingout.be\\\/wp-content\\\/uploads\\\/2025\\\/07\\\/4025@LowRes_1_0.png\",\"datePublished\":\"2026-04-28T00:11:09+00:00\",\"dateModified\":\"2026-04-28T00:11:12+00:00\",\"breadcrumb\":{\"@id\":\"https:\\\/\\\/districos.standingout.be\\\/fr\\\/product\\\/anesi-silhouette-aminofirm-500-ml-ref-4025\\\/#breadcrumb\"},\"inLanguage\":\"fr-FR\",\"potentialAction\":[{\"@type\":\"ReadAction\",\"target\":[\"https:\\\/\\\/districos.standingout.be\\\/fr\\\/product\\\/anesi-silhouette-aminofirm-500-ml-ref-4025\\\/\"]}]},{\"@type\":\"ImageObject\",\"inLanguage\":\"fr-FR\",\"@id\":\"https:\\\/\\\/districos.standingout.be\\\/fr\\\/product\\\/anesi-silhouette-aminofirm-500-ml-ref-4025\\\/#primaryimage\",\"url\":\"https:\\\/\\\/districos.standingout.be\\\/wp-content\\\/uploads\\\/2025\\\/07\\\/4025@LowRes_1_0.png\",\"contentUrl\":\"https:\\\/\\\/districos.standingout.be\\\/wp-content\\\/uploads\\\/2025\\\/07\\\/4025@LowRes_1_0.png\",\"width\":600,\"height\":600},{\"@type\":\"BreadcrumbList\",\"@id\":\"https:\\\/\\\/districos.standingout.be\\\/fr\\\/product\\\/anesi-silhouette-aminofirm-500-ml-ref-4025\\\/#breadcrumb\",\"itemListElement\":[{\"@type\":\"ListItem\",\"position\":1,\"name\":\"Home\",\"item\":\"https:\\\/\\\/districos.standingout.be\\\/fr\\\/bienvenue-chez-districos\\\/\"},{\"@type\":\"ListItem\",\"position\":2,\"name\":\"Boutique\",\"item\":\"https:\\\/\\\/districos.standingout.be\\\/fr\\\/boutique\\\/\"},{\"@type\":\"ListItem\",\"position\":3,\"name\":\"Anesi Silhouette Aminofirm 500 ml\"}]},{\"@type\":\"WebSite\",\"@id\":\"https:\\\/\\\/districos.standingout.be\\\/fr\\\/#website\",\"url\":\"https:\\\/\\\/districos.standingout.be\\\/fr\\\/\",\"name\":\"Districos Webshop\",\"description\":\"\",\"publisher\":{\"@id\":\"https:\\\/\\\/districos.standingout.be\\\/fr\\\/#organization\"},\"potentialAction\":[{\"@type\":\"SearchAction\",\"target\":{\"@type\":\"EntryPoint\",\"urlTemplate\":\"https:\\\/\\\/districos.standingout.be\\\/fr\\\/?s={search_term_string}\"},\"query-input\":{\"@type\":\"PropertyValueSpecification\",\"valueRequired\":true,\"valueName\":\"search_term_string\"}}],\"inLanguage\":\"fr-FR\"},{\"@type\":\"Organization\",\"@id\":\"https:\\\/\\\/districos.standingout.be\\\/fr\\\/#organization\",\"name\":\"Districos Webshop\",\"url\":\"https:\\\/\\\/districos.standingout.be\\\/fr\\\/\",\"logo\":{\"@type\":\"ImageObject\",\"inLanguage\":\"fr-FR\",\"@id\":\"https:\\\/\\\/districos.standingout.be\\\/fr\\\/#\\\/schema\\\/logo\\\/image\\\/\",\"url\":\"https:\\\/\\\/districos.standingout.be\\\/wp-content\\\/uploads\\\/2022\\\/09\\\/Districos_Logo_Webshop.svg\",\"contentUrl\":\"https:\\\/\\\/districos.standingout.be\\\/wp-content\\\/uploads\\\/2022\\\/09\\\/Districos_Logo_Webshop.svg\",\"caption\":\"Districos Webshop\"},\"image\":{\"@id\":\"https:\\\/\\\/districos.standingout.be\\\/fr\\\/#\\\/schema\\\/logo\\\/image\\\/\"}}]}<\/script>\n<!-- \/ Yoast SEO plugin. -->","yoast_head_json":{"title":"Anesi Silhouette Aminofirm 500 ml - Districos Webshop","robots":{"index":"noindex","follow":"follow","max-snippet":"max-snippet:-1","max-image-preview":"max-image-preview:large","max-video-preview":"max-video-preview:-1"},"og_locale":"fr_FR","og_type":"article","og_title":"Anesi Silhouette Aminofirm 500 ml - Districos Webshop","og_description":"Cr\u00e8me raffermissante \u00e0 base de centella, d\u2019\u00e9lastine et de collag\u00e8ne. Contient des ingr\u00e9dients actifs qui raffermissent en nourrissent la peau. Aide \u00e0 pr\u00e9venir les vergetures et \u00e0 att\u00e9nuer les vergetures existantes.\u2008La peau retrouvera son \u00e9lasticit\u00e9. Cr\u00e8me de massage drainante, id\u00e9ale en cabine. Emploi : modelage cryo, vergetures, cellulite vieille et molle, raffermissement et correction de [&hellip;]","og_url":"https:\/\/districos.standingout.be\/fr\/product\/anesi-silhouette-aminofirm-500-ml-ref-4025\/","og_site_name":"Districos Webshop","article_modified_time":"2026-04-28T00:11:12+00:00","og_image":[{"width":600,"height":600,"url":"https:\/\/districos.standingout.be\/wp-content\/uploads\/2025\/07\/4025@LowRes_1_0.png","type":"image\/png"}],"twitter_card":"summary_large_image","schema":{"@context":"https:\/\/schema.org","@graph":[{"@type":"WebPage","@id":"https:\/\/districos.standingout.be\/fr\/product\/anesi-silhouette-aminofirm-500-ml-ref-4025\/","url":"https:\/\/districos.standingout.be\/fr\/product\/anesi-silhouette-aminofirm-500-ml-ref-4025\/","name":"Anesi Silhouette Aminofirm 500 ml - Districos Webshop","isPartOf":{"@id":"https:\/\/districos.standingout.be\/fr\/#website"},"primaryImageOfPage":{"@id":"https:\/\/districos.standingout.be\/fr\/product\/anesi-silhouette-aminofirm-500-ml-ref-4025\/#primaryimage"},"image":{"@id":"https:\/\/districos.standingout.be\/fr\/product\/anesi-silhouette-aminofirm-500-ml-ref-4025\/#primaryimage"},"thumbnailUrl":"https:\/\/districos.standingout.be\/wp-content\/uploads\/2025\/07\/4025@LowRes_1_0.png","datePublished":"2026-04-28T00:11:09+00:00","dateModified":"2026-04-28T00:11:12+00:00","breadcrumb":{"@id":"https:\/\/districos.standingout.be\/fr\/product\/anesi-silhouette-aminofirm-500-ml-ref-4025\/#breadcrumb"},"inLanguage":"fr-FR","potentialAction":[{"@type":"ReadAction","target":["https:\/\/districos.standingout.be\/fr\/product\/anesi-silhouette-aminofirm-500-ml-ref-4025\/"]}]},{"@type":"ImageObject","inLanguage":"fr-FR","@id":"https:\/\/districos.standingout.be\/fr\/product\/anesi-silhouette-aminofirm-500-ml-ref-4025\/#primaryimage","url":"https:\/\/districos.standingout.be\/wp-content\/uploads\/2025\/07\/4025@LowRes_1_0.png","contentUrl":"https:\/\/districos.standingout.be\/wp-content\/uploads\/2025\/07\/4025@LowRes_1_0.png","width":600,"height":600},{"@type":"BreadcrumbList","@id":"https:\/\/districos.standingout.be\/fr\/product\/anesi-silhouette-aminofirm-500-ml-ref-4025\/#breadcrumb","itemListElement":[{"@type":"ListItem","position":1,"name":"Home","item":"https:\/\/districos.standingout.be\/fr\/bienvenue-chez-districos\/"},{"@type":"ListItem","position":2,"name":"Boutique","item":"https:\/\/districos.standingout.be\/fr\/boutique\/"},{"@type":"ListItem","position":3,"name":"Anesi Silhouette Aminofirm 500 ml"}]},{"@type":"WebSite","@id":"https:\/\/districos.standingout.be\/fr\/#website","url":"https:\/\/districos.standingout.be\/fr\/","name":"Districos Webshop","description":"","publisher":{"@id":"https:\/\/districos.standingout.be\/fr\/#organization"},"potentialAction":[{"@type":"SearchAction","target":{"@type":"EntryPoint","urlTemplate":"https:\/\/districos.standingout.be\/fr\/?s={search_term_string}"},"query-input":{"@type":"PropertyValueSpecification","valueRequired":true,"valueName":"search_term_string"}}],"inLanguage":"fr-FR"},{"@type":"Organization","@id":"https:\/\/districos.standingout.be\/fr\/#organization","name":"Districos Webshop","url":"https:\/\/districos.standingout.be\/fr\/","logo":{"@type":"ImageObject","inLanguage":"fr-FR","@id":"https:\/\/districos.standingout.be\/fr\/#\/schema\/logo\/image\/","url":"https:\/\/districos.standingout.be\/wp-content\/uploads\/2022\/09\/Districos_Logo_Webshop.svg","contentUrl":"https:\/\/districos.standingout.be\/wp-content\/uploads\/2022\/09\/Districos_Logo_Webshop.svg","caption":"Districos Webshop"},"image":{"@id":"https:\/\/districos.standingout.be\/fr\/#\/schema\/logo\/image\/"}}]}},"_links":{"self":[{"href":"https:\/\/districos.standingout.be\/fr\/wp-json\/wp\/v2\/product\/134219","targetHints":{"allow":["GET"]}}],"collection":[{"href":"https:\/\/districos.standingout.be\/fr\/wp-json\/wp\/v2\/product"}],"about":[{"href":"https:\/\/districos.standingout.be\/fr\/wp-json\/wp\/v2\/types\/product"}],"replies":[{"embeddable":true,"href":"https:\/\/districos.standingout.be\/fr\/wp-json\/wp\/v2\/comments?post=134219"}],"wp:featuredmedia":[{"embeddable":true,"href":"https:\/\/districos.standingout.be\/fr\/wp-json\/wp\/v2\/media\/70715"}],"wp:attachment":[{"href":"https:\/\/districos.standingout.be\/fr\/wp-json\/wp\/v2\/media?parent=134219"}],"wp:term":[{"taxonomy":"product_brand","embeddable":true,"href":"https:\/\/districos.standingout.be\/fr\/wp-json\/wp\/v2\/product_brand?post=134219"},{"taxonomy":"product_cat","embeddable":true,"href":"https:\/\/districos.standingout.be\/fr\/wp-json\/wp\/v2\/product_cat?post=134219"},{"taxonomy":"product_tag","embeddable":true,"href":"https:\/\/districos.standingout.be\/fr\/wp-json\/wp\/v2\/product_tag?post=134219"}],"curies":[{"name":"wp","href":"https:\/\/api.w.org\/{rel}","templated":true}]}}