{"id":134221,"date":"2026-04-28T02:11:12","date_gmt":"2026-04-28T00:11:12","guid":{"rendered":"https:\/\/webshopdistricoscom.webhosting.be\/product\/anesi-stretch-mark-concentrate-150-ml-ref-4027-2\/"},"modified":"2026-04-28T02:11:16","modified_gmt":"2026-04-28T00:11:16","slug":"anesi-stretch-mark-concentrate-150-ml-ref-4027","status":"publish","type":"product","link":"https:\/\/districos.standingout.be\/fr\/product\/anesi-stretch-mark-concentrate-150-ml-ref-4027\/","title":{"rendered":"Anesi Stretch Mark Concentrate 150 ml"},"content":{"rendered":"<p >\n<p><span lang=\"FR\">Complexe r\u00e9parateur \u00e0 base de peptide Progeline et de Darutoside, une mol\u00e9cule v\u00e9g\u00e9tale qui r\u00e9pare et aide \u00e0 pr\u00e9venir les vergetures. Am\u00e9liore la qualit\u00e9 de la peau et raffermit le grain de peau. Appliquer g\u00e9n\u00e9reusement et masser la peau jusqu&rsquo;\u00e0 absorption compl\u00e8te du s\u00e9rum.<\/span><\/p>\n<ul>\n<li><span lang=\"FR\">Pour le traitement et la pr\u00e9vention des vergetures<\/span><\/li>\n<\/ul>\n<p><span lang=\"FR\"><b>Conditionnement :<\/b> flacon en verre de 150 ml avec pompe<o:p><\/o:p><\/span><\/p>\n","protected":false},"excerpt":{"rendered":"<p>Complexe r\u00e9parateur \u00e0 base de peptide Progeline et de Darutoside, une mol\u00e9cule v\u00e9g\u00e9tale qui r\u00e9pare et aide \u00e0 pr\u00e9venir les vergetures. Am\u00e9liore la qualit\u00e9 de la peau et raffermit le grain de peau. Appliquer g\u00e9n\u00e9reusement et masser la peau jusqu&rsquo;\u00e0 absorption compl\u00e8te du s\u00e9rum. Pour le traitement et la pr\u00e9vention des vergetures Conditionnement : flacon [&hellip;]<\/p>\n","protected":false},"featured_media":70718,"comment_status":"open","ping_status":"closed","template":"","meta":{"_acf_changed":false},"product_brand":[10280],"product_cat":[9870],"product_tag":[],"class_list":{"0":"post-134221","1":"product","2":"type-product","3":"status-publish","4":"has-post-thumbnail","6":"product_brand-anesi-fr","7":"product_cat-beaute-corps-enveloppements-corporels","9":"first","10":"instock","11":"taxable","12":"shipping-taxable","13":"product-type-simple"},"acf":[],"yoast_head":"<!-- This site is optimized with the Yoast SEO plugin v27.3 - https:\/\/yoast.com\/product\/yoast-seo-wordpress\/ -->\n<title>Anesi Stretch Mark Concentrate 150 ml - Districos Webshop<\/title>\n<meta name=\"robots\" content=\"noindex, follow, max-snippet:-1, max-image-preview:large, max-video-preview:-1\" \/>\n<meta property=\"og:locale\" content=\"fr_FR\" \/>\n<meta property=\"og:type\" content=\"article\" \/>\n<meta property=\"og:title\" content=\"Anesi Stretch Mark Concentrate 150 ml - Districos Webshop\" \/>\n<meta property=\"og:description\" content=\"Complexe r\u00e9parateur \u00e0 base de peptide Progeline et de Darutoside, une mol\u00e9cule v\u00e9g\u00e9tale qui r\u00e9pare et aide \u00e0 pr\u00e9venir les vergetures. Am\u00e9liore la qualit\u00e9 de la peau et raffermit le grain de peau. Appliquer g\u00e9n\u00e9reusement et masser la peau jusqu&rsquo;\u00e0 absorption compl\u00e8te du s\u00e9rum. Pour le traitement et la pr\u00e9vention des vergetures Conditionnement : flacon [&hellip;]\" \/>\n<meta property=\"og:url\" content=\"https:\/\/districos.standingout.be\/fr\/product\/anesi-stretch-mark-concentrate-150-ml-ref-4027\/\" \/>\n<meta property=\"og:site_name\" content=\"Districos Webshop\" \/>\n<meta property=\"article:modified_time\" content=\"2026-04-28T00:11:16+00:00\" \/>\n<meta property=\"og:image\" content=\"https:\/\/districos.standingout.be\/wp-content\/uploads\/2025\/07\/4027@LowRes_1.png\" \/>\n\t<meta property=\"og:image:width\" content=\"600\" \/>\n\t<meta property=\"og:image:height\" content=\"600\" \/>\n\t<meta property=\"og:image:type\" content=\"image\/png\" \/>\n<meta name=\"twitter:card\" content=\"summary_large_image\" \/>\n<script type=\"application\/ld+json\" class=\"yoast-schema-graph\">{\"@context\":\"https:\\\/\\\/schema.org\",\"@graph\":[{\"@type\":\"WebPage\",\"@id\":\"https:\\\/\\\/districos.standingout.be\\\/fr\\\/product\\\/anesi-stretch-mark-concentrate-150-ml-ref-4027\\\/\",\"url\":\"https:\\\/\\\/districos.standingout.be\\\/fr\\\/product\\\/anesi-stretch-mark-concentrate-150-ml-ref-4027\\\/\",\"name\":\"Anesi Stretch Mark Concentrate 150 ml - Districos Webshop\",\"isPartOf\":{\"@id\":\"https:\\\/\\\/districos.standingout.be\\\/fr\\\/#website\"},\"primaryImageOfPage\":{\"@id\":\"https:\\\/\\\/districos.standingout.be\\\/fr\\\/product\\\/anesi-stretch-mark-concentrate-150-ml-ref-4027\\\/#primaryimage\"},\"image\":{\"@id\":\"https:\\\/\\\/districos.standingout.be\\\/fr\\\/product\\\/anesi-stretch-mark-concentrate-150-ml-ref-4027\\\/#primaryimage\"},\"thumbnailUrl\":\"https:\\\/\\\/districos.standingout.be\\\/wp-content\\\/uploads\\\/2025\\\/07\\\/4027@LowRes_1.png\",\"datePublished\":\"2026-04-28T00:11:12+00:00\",\"dateModified\":\"2026-04-28T00:11:16+00:00\",\"breadcrumb\":{\"@id\":\"https:\\\/\\\/districos.standingout.be\\\/fr\\\/product\\\/anesi-stretch-mark-concentrate-150-ml-ref-4027\\\/#breadcrumb\"},\"inLanguage\":\"fr-FR\",\"potentialAction\":[{\"@type\":\"ReadAction\",\"target\":[\"https:\\\/\\\/districos.standingout.be\\\/fr\\\/product\\\/anesi-stretch-mark-concentrate-150-ml-ref-4027\\\/\"]}]},{\"@type\":\"ImageObject\",\"inLanguage\":\"fr-FR\",\"@id\":\"https:\\\/\\\/districos.standingout.be\\\/fr\\\/product\\\/anesi-stretch-mark-concentrate-150-ml-ref-4027\\\/#primaryimage\",\"url\":\"https:\\\/\\\/districos.standingout.be\\\/wp-content\\\/uploads\\\/2025\\\/07\\\/4027@LowRes_1.png\",\"contentUrl\":\"https:\\\/\\\/districos.standingout.be\\\/wp-content\\\/uploads\\\/2025\\\/07\\\/4027@LowRes_1.png\",\"width\":600,\"height\":600},{\"@type\":\"BreadcrumbList\",\"@id\":\"https:\\\/\\\/districos.standingout.be\\\/fr\\\/product\\\/anesi-stretch-mark-concentrate-150-ml-ref-4027\\\/#breadcrumb\",\"itemListElement\":[{\"@type\":\"ListItem\",\"position\":1,\"name\":\"Home\",\"item\":\"https:\\\/\\\/districos.standingout.be\\\/fr\\\/bienvenue-chez-districos\\\/\"},{\"@type\":\"ListItem\",\"position\":2,\"name\":\"Boutique\",\"item\":\"https:\\\/\\\/districos.standingout.be\\\/fr\\\/boutique\\\/\"},{\"@type\":\"ListItem\",\"position\":3,\"name\":\"Anesi Stretch Mark Concentrate 150 ml\"}]},{\"@type\":\"WebSite\",\"@id\":\"https:\\\/\\\/districos.standingout.be\\\/fr\\\/#website\",\"url\":\"https:\\\/\\\/districos.standingout.be\\\/fr\\\/\",\"name\":\"Districos Webshop\",\"description\":\"\",\"publisher\":{\"@id\":\"https:\\\/\\\/districos.standingout.be\\\/fr\\\/#organization\"},\"potentialAction\":[{\"@type\":\"SearchAction\",\"target\":{\"@type\":\"EntryPoint\",\"urlTemplate\":\"https:\\\/\\\/districos.standingout.be\\\/fr\\\/?s={search_term_string}\"},\"query-input\":{\"@type\":\"PropertyValueSpecification\",\"valueRequired\":true,\"valueName\":\"search_term_string\"}}],\"inLanguage\":\"fr-FR\"},{\"@type\":\"Organization\",\"@id\":\"https:\\\/\\\/districos.standingout.be\\\/fr\\\/#organization\",\"name\":\"Districos Webshop\",\"url\":\"https:\\\/\\\/districos.standingout.be\\\/fr\\\/\",\"logo\":{\"@type\":\"ImageObject\",\"inLanguage\":\"fr-FR\",\"@id\":\"https:\\\/\\\/districos.standingout.be\\\/fr\\\/#\\\/schema\\\/logo\\\/image\\\/\",\"url\":\"https:\\\/\\\/districos.standingout.be\\\/wp-content\\\/uploads\\\/2022\\\/09\\\/Districos_Logo_Webshop.svg\",\"contentUrl\":\"https:\\\/\\\/districos.standingout.be\\\/wp-content\\\/uploads\\\/2022\\\/09\\\/Districos_Logo_Webshop.svg\",\"caption\":\"Districos Webshop\"},\"image\":{\"@id\":\"https:\\\/\\\/districos.standingout.be\\\/fr\\\/#\\\/schema\\\/logo\\\/image\\\/\"}}]}<\/script>\n<!-- \/ Yoast SEO plugin. -->","yoast_head_json":{"title":"Anesi Stretch Mark Concentrate 150 ml - Districos Webshop","robots":{"index":"noindex","follow":"follow","max-snippet":"max-snippet:-1","max-image-preview":"max-image-preview:large","max-video-preview":"max-video-preview:-1"},"og_locale":"fr_FR","og_type":"article","og_title":"Anesi Stretch Mark Concentrate 150 ml - Districos Webshop","og_description":"Complexe r\u00e9parateur \u00e0 base de peptide Progeline et de Darutoside, une mol\u00e9cule v\u00e9g\u00e9tale qui r\u00e9pare et aide \u00e0 pr\u00e9venir les vergetures. Am\u00e9liore la qualit\u00e9 de la peau et raffermit le grain de peau. Appliquer g\u00e9n\u00e9reusement et masser la peau jusqu&rsquo;\u00e0 absorption compl\u00e8te du s\u00e9rum. Pour le traitement et la pr\u00e9vention des vergetures Conditionnement : flacon [&hellip;]","og_url":"https:\/\/districos.standingout.be\/fr\/product\/anesi-stretch-mark-concentrate-150-ml-ref-4027\/","og_site_name":"Districos Webshop","article_modified_time":"2026-04-28T00:11:16+00:00","og_image":[{"width":600,"height":600,"url":"https:\/\/districos.standingout.be\/wp-content\/uploads\/2025\/07\/4027@LowRes_1.png","type":"image\/png"}],"twitter_card":"summary_large_image","schema":{"@context":"https:\/\/schema.org","@graph":[{"@type":"WebPage","@id":"https:\/\/districos.standingout.be\/fr\/product\/anesi-stretch-mark-concentrate-150-ml-ref-4027\/","url":"https:\/\/districos.standingout.be\/fr\/product\/anesi-stretch-mark-concentrate-150-ml-ref-4027\/","name":"Anesi Stretch Mark Concentrate 150 ml - Districos Webshop","isPartOf":{"@id":"https:\/\/districos.standingout.be\/fr\/#website"},"primaryImageOfPage":{"@id":"https:\/\/districos.standingout.be\/fr\/product\/anesi-stretch-mark-concentrate-150-ml-ref-4027\/#primaryimage"},"image":{"@id":"https:\/\/districos.standingout.be\/fr\/product\/anesi-stretch-mark-concentrate-150-ml-ref-4027\/#primaryimage"},"thumbnailUrl":"https:\/\/districos.standingout.be\/wp-content\/uploads\/2025\/07\/4027@LowRes_1.png","datePublished":"2026-04-28T00:11:12+00:00","dateModified":"2026-04-28T00:11:16+00:00","breadcrumb":{"@id":"https:\/\/districos.standingout.be\/fr\/product\/anesi-stretch-mark-concentrate-150-ml-ref-4027\/#breadcrumb"},"inLanguage":"fr-FR","potentialAction":[{"@type":"ReadAction","target":["https:\/\/districos.standingout.be\/fr\/product\/anesi-stretch-mark-concentrate-150-ml-ref-4027\/"]}]},{"@type":"ImageObject","inLanguage":"fr-FR","@id":"https:\/\/districos.standingout.be\/fr\/product\/anesi-stretch-mark-concentrate-150-ml-ref-4027\/#primaryimage","url":"https:\/\/districos.standingout.be\/wp-content\/uploads\/2025\/07\/4027@LowRes_1.png","contentUrl":"https:\/\/districos.standingout.be\/wp-content\/uploads\/2025\/07\/4027@LowRes_1.png","width":600,"height":600},{"@type":"BreadcrumbList","@id":"https:\/\/districos.standingout.be\/fr\/product\/anesi-stretch-mark-concentrate-150-ml-ref-4027\/#breadcrumb","itemListElement":[{"@type":"ListItem","position":1,"name":"Home","item":"https:\/\/districos.standingout.be\/fr\/bienvenue-chez-districos\/"},{"@type":"ListItem","position":2,"name":"Boutique","item":"https:\/\/districos.standingout.be\/fr\/boutique\/"},{"@type":"ListItem","position":3,"name":"Anesi Stretch Mark Concentrate 150 ml"}]},{"@type":"WebSite","@id":"https:\/\/districos.standingout.be\/fr\/#website","url":"https:\/\/districos.standingout.be\/fr\/","name":"Districos Webshop","description":"","publisher":{"@id":"https:\/\/districos.standingout.be\/fr\/#organization"},"potentialAction":[{"@type":"SearchAction","target":{"@type":"EntryPoint","urlTemplate":"https:\/\/districos.standingout.be\/fr\/?s={search_term_string}"},"query-input":{"@type":"PropertyValueSpecification","valueRequired":true,"valueName":"search_term_string"}}],"inLanguage":"fr-FR"},{"@type":"Organization","@id":"https:\/\/districos.standingout.be\/fr\/#organization","name":"Districos Webshop","url":"https:\/\/districos.standingout.be\/fr\/","logo":{"@type":"ImageObject","inLanguage":"fr-FR","@id":"https:\/\/districos.standingout.be\/fr\/#\/schema\/logo\/image\/","url":"https:\/\/districos.standingout.be\/wp-content\/uploads\/2022\/09\/Districos_Logo_Webshop.svg","contentUrl":"https:\/\/districos.standingout.be\/wp-content\/uploads\/2022\/09\/Districos_Logo_Webshop.svg","caption":"Districos Webshop"},"image":{"@id":"https:\/\/districos.standingout.be\/fr\/#\/schema\/logo\/image\/"}}]}},"_links":{"self":[{"href":"https:\/\/districos.standingout.be\/fr\/wp-json\/wp\/v2\/product\/134221","targetHints":{"allow":["GET"]}}],"collection":[{"href":"https:\/\/districos.standingout.be\/fr\/wp-json\/wp\/v2\/product"}],"about":[{"href":"https:\/\/districos.standingout.be\/fr\/wp-json\/wp\/v2\/types\/product"}],"replies":[{"embeddable":true,"href":"https:\/\/districos.standingout.be\/fr\/wp-json\/wp\/v2\/comments?post=134221"}],"wp:featuredmedia":[{"embeddable":true,"href":"https:\/\/districos.standingout.be\/fr\/wp-json\/wp\/v2\/media\/70718"}],"wp:attachment":[{"href":"https:\/\/districos.standingout.be\/fr\/wp-json\/wp\/v2\/media?parent=134221"}],"wp:term":[{"taxonomy":"product_brand","embeddable":true,"href":"https:\/\/districos.standingout.be\/fr\/wp-json\/wp\/v2\/product_brand?post=134221"},{"taxonomy":"product_cat","embeddable":true,"href":"https:\/\/districos.standingout.be\/fr\/wp-json\/wp\/v2\/product_cat?post=134221"},{"taxonomy":"product_tag","embeddable":true,"href":"https:\/\/districos.standingout.be\/fr\/wp-json\/wp\/v2\/product_tag?post=134221"}],"curies":[{"name":"wp","href":"https:\/\/api.w.org\/{rel}","templated":true}]}}