{"id":134247,"date":"2026-04-28T02:12:16","date_gmt":"2026-04-28T00:12:16","guid":{"rendered":"https:\/\/webshopdistricoscom.webhosting.be\/product\/bio-balance-cryoslim-home-set-anticellulite-amincissant-s-ref-4062-13\/"},"modified":"2026-04-28T02:12:21","modified_gmt":"2026-04-28T00:12:21","slug":"bio-balance-cryoslim-home-set-anticellulite-amincissant-s-ref-4062-13","status":"publish","type":"product","link":"https:\/\/districos.standingout.be\/fr\/product\/bio-balance-cryoslim-home-set-anticellulite-amincissant-s-ref-4062-13\/","title":{"rendered":"Bio Balance Cryoslim Home Set Anticellulite &#038; Amincissant S"},"content":{"rendered":"<p >\n<p dir=\"ltr\"><b>Avec ce Home Set Cryoslim, vos client(e)s peuvent facilement traiter la cellulite \u00e0 la maison !<\/b><\/p>\n<p dir=\"ltr\">Le Home Set Anticellulite &amp; Amincissant procure un traitement efficace de la cellulite et contribue \u00e0 la correction de la silhouette. C&rsquo;est un kit de vente id\u00e9al pour encourager les client(e)s qui suivent un traitement LPG, sculpture corporelle ou un autre traitement amincissant du corps \u00e0 poursuivre le traitement \u00e0 domicile afin d&rsquo;obtenir plus rapidement le r\u00e9sultat souhait\u00e9.<\/p>\n<p dir=\"ltr\">\n<ul>\n<li>Taille : S.<\/li>\n<\/ul>\n<div><b>Contenu<\/b><\/div>\n<\/p>\n<ul>\n<li><span lang=\"EN-US\">1 x Cryo Lotion 250 ml<\/span><\/li>\n<li><span lang=\"EN-US\">1 x Cr\u00e8me Amincissante &amp; Drainante 200 ml<\/span><\/li>\n<li><span lang=\"EN-US\">1 x Tubiforme Cuisses Small<\/span><\/li>\n<li><span lang=\"EN-US\">Mode d&#8217;emploi<\/span><\/li>\n<\/ul>\n<div><b>Aussi disponible<\/b><\/div>\n<div>\n<ul>\n<li>Cryoslim Home Set Anticellulite &amp; Amincissant Medium (<u><a href=\"https:\/\/districos.com\/ProductDetail\/4062.14\" target=\"_blank\" rel=\"noopener noreferrer nofollow\">r\u00e9f. 4062.14<\/a><\/u>)<\/li>\n<li>Cryoslim Home Set Anticellulite &amp; Amincissant Large (<u><a href=\"https:\/\/districos.com\/ProductDetail\/4062.15\" target=\"_blank\" rel=\"noopener noreferrer nofollow\">r\u00e9f. 4062.15<\/a><\/u>)<\/li>\n<li>Cryoslim Home Set Jambes &amp; Pieds Gonfl\u00e9s Small (<u><a href=\"https:\/\/districos.com\/ProductDetail\/4062.10\" target=\"_blank\" rel=\"noopener noreferrer nofollow\">r\u00e9f. 4062.10<\/a><\/u>)<\/li>\n<li><span>Cryoslim Home Set Jambes &amp; Pieds Gonfl\u00e9s&nbsp;Medium (<u><a href=\"https:\/\/districos.com\/ProductDetail\/4062.11\" target=\"_blank\" rel=\"noopener noreferrer nofollow\">r\u00e9f. 4062.11<\/a><\/u>)<\/span><\/li>\n<li><span>Cryoslim Home Set Jambes &amp; Pieds Gonfl\u00e9s&nbsp;Large (<u><a href=\"https:\/\/districos.com\/ProductDetail\/4062.12\" target=\"_blank\" rel=\"noopener noreferrer nofollow\">r\u00e9f. 4062.12<\/a><\/u>)<\/span><\/li>\n<\/ul>\n<\/div>\n","protected":false},"excerpt":{"rendered":"<p>Avec ce Home Set Cryoslim, vos client(e)s peuvent facilement traiter la cellulite \u00e0 la maison ! Le Home Set Anticellulite &amp; Amincissant procure un traitement efficace de la cellulite et contribue \u00e0 la correction de la silhouette. C&rsquo;est un kit de vente id\u00e9al pour encourager les client(e)s qui suivent un traitement LPG, sculpture corporelle ou [&hellip;]<\/p>\n","protected":false},"featured_media":70772,"comment_status":"open","ping_status":"closed","template":"","meta":{"_acf_changed":false},"product_brand":[10302],"product_cat":[9868],"product_tag":[],"class_list":{"0":"post-134247","1":"product","2":"type-product","3":"status-publish","4":"has-post-thumbnail","6":"product_brand-bb-lichaam-fr","7":"product_cat-beaute-corps-soins-du-corps","9":"first","10":"instock","11":"taxable","12":"shipping-taxable","13":"product-type-simple"},"acf":[],"yoast_head":"<!-- This site is optimized with the Yoast SEO plugin v27.3 - https:\/\/yoast.com\/product\/yoast-seo-wordpress\/ -->\n<title>Bio Balance Cryoslim Home Set Anticellulite &amp; Amincissant S - Districos Webshop<\/title>\n<meta name=\"robots\" content=\"noindex, follow, max-snippet:-1, max-image-preview:large, max-video-preview:-1\" \/>\n<meta property=\"og:locale\" content=\"fr_FR\" \/>\n<meta property=\"og:type\" content=\"article\" \/>\n<meta property=\"og:title\" content=\"Bio Balance Cryoslim Home Set Anticellulite &amp; Amincissant S - Districos Webshop\" \/>\n<meta property=\"og:description\" content=\"Avec ce Home Set Cryoslim, vos client(e)s peuvent facilement traiter la cellulite \u00e0 la maison ! Le Home Set Anticellulite &amp; Amincissant procure un traitement efficace de la cellulite et contribue \u00e0 la correction de la silhouette. C&rsquo;est un kit de vente id\u00e9al pour encourager les client(e)s qui suivent un traitement LPG, sculpture corporelle ou [&hellip;]\" \/>\n<meta property=\"og:url\" content=\"https:\/\/districos.standingout.be\/fr\/product\/bio-balance-cryoslim-home-set-anticellulite-amincissant-s-ref-4062-13\/\" \/>\n<meta property=\"og:site_name\" content=\"Districos Webshop\" \/>\n<meta property=\"article:modified_time\" content=\"2026-04-28T00:12:21+00:00\" \/>\n<meta property=\"og:image\" content=\"https:\/\/districos.standingout.be\/wp-content\/uploads\/2025\/07\/4062.13@LowRes_0.png\" \/>\n\t<meta property=\"og:image:width\" content=\"600\" \/>\n\t<meta property=\"og:image:height\" content=\"600\" \/>\n\t<meta property=\"og:image:type\" content=\"image\/png\" \/>\n<meta name=\"twitter:card\" content=\"summary_large_image\" \/>\n<meta name=\"twitter:label1\" content=\"Dur\u00e9e de lecture estim\u00e9e\" \/>\n\t<meta name=\"twitter:data1\" content=\"1 minute\" \/>\n<script type=\"application\/ld+json\" class=\"yoast-schema-graph\">{\"@context\":\"https:\\\/\\\/schema.org\",\"@graph\":[{\"@type\":\"WebPage\",\"@id\":\"https:\\\/\\\/districos.standingout.be\\\/fr\\\/product\\\/bio-balance-cryoslim-home-set-anticellulite-amincissant-s-ref-4062-13\\\/\",\"url\":\"https:\\\/\\\/districos.standingout.be\\\/fr\\\/product\\\/bio-balance-cryoslim-home-set-anticellulite-amincissant-s-ref-4062-13\\\/\",\"name\":\"Bio Balance Cryoslim Home Set Anticellulite & Amincissant S - Districos Webshop\",\"isPartOf\":{\"@id\":\"https:\\\/\\\/districos.standingout.be\\\/fr\\\/#website\"},\"primaryImageOfPage\":{\"@id\":\"https:\\\/\\\/districos.standingout.be\\\/fr\\\/product\\\/bio-balance-cryoslim-home-set-anticellulite-amincissant-s-ref-4062-13\\\/#primaryimage\"},\"image\":{\"@id\":\"https:\\\/\\\/districos.standingout.be\\\/fr\\\/product\\\/bio-balance-cryoslim-home-set-anticellulite-amincissant-s-ref-4062-13\\\/#primaryimage\"},\"thumbnailUrl\":\"https:\\\/\\\/districos.standingout.be\\\/wp-content\\\/uploads\\\/2025\\\/07\\\/4062.13@LowRes_0.png\",\"datePublished\":\"2026-04-28T00:12:16+00:00\",\"dateModified\":\"2026-04-28T00:12:21+00:00\",\"breadcrumb\":{\"@id\":\"https:\\\/\\\/districos.standingout.be\\\/fr\\\/product\\\/bio-balance-cryoslim-home-set-anticellulite-amincissant-s-ref-4062-13\\\/#breadcrumb\"},\"inLanguage\":\"fr-FR\",\"potentialAction\":[{\"@type\":\"ReadAction\",\"target\":[\"https:\\\/\\\/districos.standingout.be\\\/fr\\\/product\\\/bio-balance-cryoslim-home-set-anticellulite-amincissant-s-ref-4062-13\\\/\"]}]},{\"@type\":\"ImageObject\",\"inLanguage\":\"fr-FR\",\"@id\":\"https:\\\/\\\/districos.standingout.be\\\/fr\\\/product\\\/bio-balance-cryoslim-home-set-anticellulite-amincissant-s-ref-4062-13\\\/#primaryimage\",\"url\":\"https:\\\/\\\/districos.standingout.be\\\/wp-content\\\/uploads\\\/2025\\\/07\\\/4062.13@LowRes_0.png\",\"contentUrl\":\"https:\\\/\\\/districos.standingout.be\\\/wp-content\\\/uploads\\\/2025\\\/07\\\/4062.13@LowRes_0.png\",\"width\":600,\"height\":600},{\"@type\":\"BreadcrumbList\",\"@id\":\"https:\\\/\\\/districos.standingout.be\\\/fr\\\/product\\\/bio-balance-cryoslim-home-set-anticellulite-amincissant-s-ref-4062-13\\\/#breadcrumb\",\"itemListElement\":[{\"@type\":\"ListItem\",\"position\":1,\"name\":\"Home\",\"item\":\"https:\\\/\\\/districos.standingout.be\\\/fr\\\/bienvenue-chez-districos\\\/\"},{\"@type\":\"ListItem\",\"position\":2,\"name\":\"Boutique\",\"item\":\"https:\\\/\\\/districos.standingout.be\\\/fr\\\/boutique\\\/\"},{\"@type\":\"ListItem\",\"position\":3,\"name\":\"Bio Balance Cryoslim Home Set Anticellulite &#038; Amincissant S\"}]},{\"@type\":\"WebSite\",\"@id\":\"https:\\\/\\\/districos.standingout.be\\\/fr\\\/#website\",\"url\":\"https:\\\/\\\/districos.standingout.be\\\/fr\\\/\",\"name\":\"Districos Webshop\",\"description\":\"\",\"publisher\":{\"@id\":\"https:\\\/\\\/districos.standingout.be\\\/fr\\\/#organization\"},\"potentialAction\":[{\"@type\":\"SearchAction\",\"target\":{\"@type\":\"EntryPoint\",\"urlTemplate\":\"https:\\\/\\\/districos.standingout.be\\\/fr\\\/?s={search_term_string}\"},\"query-input\":{\"@type\":\"PropertyValueSpecification\",\"valueRequired\":true,\"valueName\":\"search_term_string\"}}],\"inLanguage\":\"fr-FR\"},{\"@type\":\"Organization\",\"@id\":\"https:\\\/\\\/districos.standingout.be\\\/fr\\\/#organization\",\"name\":\"Districos Webshop\",\"url\":\"https:\\\/\\\/districos.standingout.be\\\/fr\\\/\",\"logo\":{\"@type\":\"ImageObject\",\"inLanguage\":\"fr-FR\",\"@id\":\"https:\\\/\\\/districos.standingout.be\\\/fr\\\/#\\\/schema\\\/logo\\\/image\\\/\",\"url\":\"https:\\\/\\\/districos.standingout.be\\\/wp-content\\\/uploads\\\/2022\\\/09\\\/Districos_Logo_Webshop.svg\",\"contentUrl\":\"https:\\\/\\\/districos.standingout.be\\\/wp-content\\\/uploads\\\/2022\\\/09\\\/Districos_Logo_Webshop.svg\",\"caption\":\"Districos Webshop\"},\"image\":{\"@id\":\"https:\\\/\\\/districos.standingout.be\\\/fr\\\/#\\\/schema\\\/logo\\\/image\\\/\"}}]}<\/script>\n<!-- \/ Yoast SEO plugin. -->","yoast_head_json":{"title":"Bio Balance Cryoslim Home Set Anticellulite & Amincissant S - Districos Webshop","robots":{"index":"noindex","follow":"follow","max-snippet":"max-snippet:-1","max-image-preview":"max-image-preview:large","max-video-preview":"max-video-preview:-1"},"og_locale":"fr_FR","og_type":"article","og_title":"Bio Balance Cryoslim Home Set Anticellulite & Amincissant S - Districos Webshop","og_description":"Avec ce Home Set Cryoslim, vos client(e)s peuvent facilement traiter la cellulite \u00e0 la maison ! Le Home Set Anticellulite &amp; Amincissant procure un traitement efficace de la cellulite et contribue \u00e0 la correction de la silhouette. C&rsquo;est un kit de vente id\u00e9al pour encourager les client(e)s qui suivent un traitement LPG, sculpture corporelle ou [&hellip;]","og_url":"https:\/\/districos.standingout.be\/fr\/product\/bio-balance-cryoslim-home-set-anticellulite-amincissant-s-ref-4062-13\/","og_site_name":"Districos Webshop","article_modified_time":"2026-04-28T00:12:21+00:00","og_image":[{"width":600,"height":600,"url":"https:\/\/districos.standingout.be\/wp-content\/uploads\/2025\/07\/4062.13@LowRes_0.png","type":"image\/png"}],"twitter_card":"summary_large_image","twitter_misc":{"Dur\u00e9e de lecture estim\u00e9e":"1 minute"},"schema":{"@context":"https:\/\/schema.org","@graph":[{"@type":"WebPage","@id":"https:\/\/districos.standingout.be\/fr\/product\/bio-balance-cryoslim-home-set-anticellulite-amincissant-s-ref-4062-13\/","url":"https:\/\/districos.standingout.be\/fr\/product\/bio-balance-cryoslim-home-set-anticellulite-amincissant-s-ref-4062-13\/","name":"Bio Balance Cryoslim Home Set Anticellulite & Amincissant S - Districos Webshop","isPartOf":{"@id":"https:\/\/districos.standingout.be\/fr\/#website"},"primaryImageOfPage":{"@id":"https:\/\/districos.standingout.be\/fr\/product\/bio-balance-cryoslim-home-set-anticellulite-amincissant-s-ref-4062-13\/#primaryimage"},"image":{"@id":"https:\/\/districos.standingout.be\/fr\/product\/bio-balance-cryoslim-home-set-anticellulite-amincissant-s-ref-4062-13\/#primaryimage"},"thumbnailUrl":"https:\/\/districos.standingout.be\/wp-content\/uploads\/2025\/07\/4062.13@LowRes_0.png","datePublished":"2026-04-28T00:12:16+00:00","dateModified":"2026-04-28T00:12:21+00:00","breadcrumb":{"@id":"https:\/\/districos.standingout.be\/fr\/product\/bio-balance-cryoslim-home-set-anticellulite-amincissant-s-ref-4062-13\/#breadcrumb"},"inLanguage":"fr-FR","potentialAction":[{"@type":"ReadAction","target":["https:\/\/districos.standingout.be\/fr\/product\/bio-balance-cryoslim-home-set-anticellulite-amincissant-s-ref-4062-13\/"]}]},{"@type":"ImageObject","inLanguage":"fr-FR","@id":"https:\/\/districos.standingout.be\/fr\/product\/bio-balance-cryoslim-home-set-anticellulite-amincissant-s-ref-4062-13\/#primaryimage","url":"https:\/\/districos.standingout.be\/wp-content\/uploads\/2025\/07\/4062.13@LowRes_0.png","contentUrl":"https:\/\/districos.standingout.be\/wp-content\/uploads\/2025\/07\/4062.13@LowRes_0.png","width":600,"height":600},{"@type":"BreadcrumbList","@id":"https:\/\/districos.standingout.be\/fr\/product\/bio-balance-cryoslim-home-set-anticellulite-amincissant-s-ref-4062-13\/#breadcrumb","itemListElement":[{"@type":"ListItem","position":1,"name":"Home","item":"https:\/\/districos.standingout.be\/fr\/bienvenue-chez-districos\/"},{"@type":"ListItem","position":2,"name":"Boutique","item":"https:\/\/districos.standingout.be\/fr\/boutique\/"},{"@type":"ListItem","position":3,"name":"Bio Balance Cryoslim Home Set Anticellulite &#038; Amincissant S"}]},{"@type":"WebSite","@id":"https:\/\/districos.standingout.be\/fr\/#website","url":"https:\/\/districos.standingout.be\/fr\/","name":"Districos Webshop","description":"","publisher":{"@id":"https:\/\/districos.standingout.be\/fr\/#organization"},"potentialAction":[{"@type":"SearchAction","target":{"@type":"EntryPoint","urlTemplate":"https:\/\/districos.standingout.be\/fr\/?s={search_term_string}"},"query-input":{"@type":"PropertyValueSpecification","valueRequired":true,"valueName":"search_term_string"}}],"inLanguage":"fr-FR"},{"@type":"Organization","@id":"https:\/\/districos.standingout.be\/fr\/#organization","name":"Districos Webshop","url":"https:\/\/districos.standingout.be\/fr\/","logo":{"@type":"ImageObject","inLanguage":"fr-FR","@id":"https:\/\/districos.standingout.be\/fr\/#\/schema\/logo\/image\/","url":"https:\/\/districos.standingout.be\/wp-content\/uploads\/2022\/09\/Districos_Logo_Webshop.svg","contentUrl":"https:\/\/districos.standingout.be\/wp-content\/uploads\/2022\/09\/Districos_Logo_Webshop.svg","caption":"Districos Webshop"},"image":{"@id":"https:\/\/districos.standingout.be\/fr\/#\/schema\/logo\/image\/"}}]}},"_links":{"self":[{"href":"https:\/\/districos.standingout.be\/fr\/wp-json\/wp\/v2\/product\/134247","targetHints":{"allow":["GET"]}}],"collection":[{"href":"https:\/\/districos.standingout.be\/fr\/wp-json\/wp\/v2\/product"}],"about":[{"href":"https:\/\/districos.standingout.be\/fr\/wp-json\/wp\/v2\/types\/product"}],"replies":[{"embeddable":true,"href":"https:\/\/districos.standingout.be\/fr\/wp-json\/wp\/v2\/comments?post=134247"}],"wp:featuredmedia":[{"embeddable":true,"href":"https:\/\/districos.standingout.be\/fr\/wp-json\/wp\/v2\/media\/70772"}],"wp:attachment":[{"href":"https:\/\/districos.standingout.be\/fr\/wp-json\/wp\/v2\/media?parent=134247"}],"wp:term":[{"taxonomy":"product_brand","embeddable":true,"href":"https:\/\/districos.standingout.be\/fr\/wp-json\/wp\/v2\/product_brand?post=134247"},{"taxonomy":"product_cat","embeddable":true,"href":"https:\/\/districos.standingout.be\/fr\/wp-json\/wp\/v2\/product_cat?post=134247"},{"taxonomy":"product_tag","embeddable":true,"href":"https:\/\/districos.standingout.be\/fr\/wp-json\/wp\/v2\/product_tag?post=134247"}],"curies":[{"name":"wp","href":"https:\/\/api.w.org\/{rel}","templated":true}]}}