{"id":134259,"date":"2026-04-28T02:12:45","date_gmt":"2026-04-28T00:12:45","guid":{"rendered":"https:\/\/webshopdistricoscom.webhosting.be\/product\/tubiforme-abdomen-medium-1-pc-ref-4063-05\/"},"modified":"2026-04-28T02:12:49","modified_gmt":"2026-04-28T00:12:49","slug":"tubiforme-abdomen-medium-1-pc-ref-4063-05","status":"publish","type":"product","link":"https:\/\/districos.standingout.be\/fr\/product\/tubiforme-abdomen-medium-1-pc-ref-4063-05\/","title":{"rendered":"Tubiforme Abdomen Medium 1 pc."},"content":{"rendered":"<p >\n<p dir=\"ltr\"><font size=\"2\">Tubiforme pour l&rsquo;abdomen qui est id\u00e9al pour corriger la silhouette et r\u00e9duire les centim\u00e8tres superflus au niveau du ventre, des hanches et du buste.<\/font><\/p>\n<p dir=\"ltr\"><font size=\"2\"><\/font><\/p>\n<ul>\n<li><font size=\"2\">Tubiforme hypoallerg\u00e9nique avec une \u00e9lasticit\u00e9 adapt\u00e9e.<\/font><\/li>\n<li><font size=\"2\">Taille : M.<\/font><\/li>\n<li><font size=\"2\">Emballage : 1 pi\u00e8ce.<\/font><\/li>\n<\/ul>\n<div><font size=\"2\"><b>Infos suppl\u00e9mentaires<\/b><\/font><\/div>\n<div>\n<ul>\n<li><font size=\"2\">Lavable en machine \u00e0 40\u00b0 en utilisant une lessive douce.<\/font><\/li>\n<li><font size=\"2\">Ne pas repasser et ne pas mettre dans le s\u00e8che-linge.<\/font><\/li>\n<\/ul>\n<div><font size=\"2\"><b>ATTENTION<\/b><\/font><\/div>\n<\/div>\n<div>\n<ul>\n<li><font size=\"2\">Ne couvrez jamais les parties du corps rev\u00eatues de tubiformes !<\/font><\/li>\n<li><font size=\"2\">Ne pas utiliser en cas de grossesse ni chez des client(e)s cardiaques ou souffrant d&rsquo;une autre maladie \u00e0 risque.<\/font><\/li>\n<li><font size=\"2\">\u00c9vitez tout contact avec les zones intimes. Utilisez \u00e9ventuellement une protection p\u00e9riodique.<\/font><\/li>\n<\/ul>\n<\/div>\n<p dir=\"ltr\"><font size=\"2\"><b><font face=\"Verdana\">Aussi disponible<\/font><\/b><\/font><\/p>\n<p><font size=\"2\"><\/font><\/p>\n<p dir=\"ltr\"><font size=\"2\"><\/font><\/p>\n<p dir=\"ltr\"><font size=\"2\"><\/font><\/p>\n<ul>\n<li><font size=\"2\">Tubiforme Abdomen Small (<u><a href=\"https:\/\/districos.com\/ProductDetail\/4063.04\" target=\"_blank\" rel=\"noopener noreferrer nofollow\">r\u00e9f. 4063.04<\/a><\/u>)<\/font><\/li>\n<li><font size=\"2\">Tubiforme Abdomen Large (<u><a href=\"https:\/\/districos.com\/ProductDetail\/4063.06\" target=\"_blank\" rel=\"noopener noreferrer nofollow\">r\u00e9f. 4063.06<\/a><\/u>)<\/font><\/li>\n<\/ul>\n","protected":false},"excerpt":{"rendered":"<p>Tubiforme pour l&rsquo;abdomen qui est id\u00e9al pour corriger la silhouette et r\u00e9duire les centim\u00e8tres superflus au niveau du ventre, des hanches et du buste. Tubiforme hypoallerg\u00e9nique avec une \u00e9lasticit\u00e9 adapt\u00e9e. Taille : M. Emballage : 1 pi\u00e8ce. Infos suppl\u00e9mentaires Lavable en machine \u00e0 40\u00b0 en utilisant une lessive douce. Ne pas repasser et ne pas [&hellip;]<\/p>\n","protected":false},"featured_media":70793,"comment_status":"open","ping_status":"closed","template":"","meta":{"_acf_changed":false},"product_brand":[10302],"product_cat":[9868],"product_tag":[],"class_list":{"0":"post-134259","1":"product","2":"type-product","3":"status-publish","4":"has-post-thumbnail","6":"product_brand-bb-lichaam-fr","7":"product_cat-beaute-corps-soins-du-corps","9":"first","10":"instock","11":"taxable","12":"shipping-taxable","13":"product-type-simple"},"acf":[],"yoast_head":"<!-- This site is optimized with the Yoast SEO plugin v27.3 - https:\/\/yoast.com\/product\/yoast-seo-wordpress\/ -->\n<title>Tubiforme Abdomen Medium 1 pc. - Districos Webshop<\/title>\n<meta name=\"robots\" content=\"noindex, follow, max-snippet:-1, max-image-preview:large, max-video-preview:-1\" \/>\n<meta property=\"og:locale\" content=\"fr_FR\" \/>\n<meta property=\"og:type\" content=\"article\" \/>\n<meta property=\"og:title\" content=\"Tubiforme Abdomen Medium 1 pc. - Districos Webshop\" \/>\n<meta property=\"og:description\" content=\"Tubiforme pour l&rsquo;abdomen qui est id\u00e9al pour corriger la silhouette et r\u00e9duire les centim\u00e8tres superflus au niveau du ventre, des hanches et du buste. Tubiforme hypoallerg\u00e9nique avec une \u00e9lasticit\u00e9 adapt\u00e9e. Taille : M. Emballage : 1 pi\u00e8ce. Infos suppl\u00e9mentaires Lavable en machine \u00e0 40\u00b0 en utilisant une lessive douce. Ne pas repasser et ne pas [&hellip;]\" \/>\n<meta property=\"og:url\" content=\"https:\/\/districos.standingout.be\/fr\/product\/tubiforme-abdomen-medium-1-pc-ref-4063-05\/\" \/>\n<meta property=\"og:site_name\" content=\"Districos Webshop\" \/>\n<meta property=\"article:modified_time\" content=\"2026-04-28T00:12:49+00:00\" \/>\n<meta property=\"og:image\" content=\"https:\/\/districos.standingout.be\/wp-content\/uploads\/2025\/07\/4063.05@LowRes_0_99.png\" \/>\n\t<meta property=\"og:image:width\" content=\"600\" \/>\n\t<meta property=\"og:image:height\" content=\"600\" \/>\n\t<meta property=\"og:image:type\" content=\"image\/png\" \/>\n<meta name=\"twitter:card\" content=\"summary_large_image\" \/>\n<meta name=\"twitter:label1\" content=\"Dur\u00e9e de lecture estim\u00e9e\" \/>\n\t<meta name=\"twitter:data1\" content=\"1 minute\" \/>\n<script type=\"application\/ld+json\" class=\"yoast-schema-graph\">{\"@context\":\"https:\\\/\\\/schema.org\",\"@graph\":[{\"@type\":\"WebPage\",\"@id\":\"https:\\\/\\\/districos.standingout.be\\\/fr\\\/product\\\/tubiforme-abdomen-medium-1-pc-ref-4063-05\\\/\",\"url\":\"https:\\\/\\\/districos.standingout.be\\\/fr\\\/product\\\/tubiforme-abdomen-medium-1-pc-ref-4063-05\\\/\",\"name\":\"Tubiforme Abdomen Medium 1 pc. - Districos Webshop\",\"isPartOf\":{\"@id\":\"https:\\\/\\\/districos.standingout.be\\\/fr\\\/#website\"},\"primaryImageOfPage\":{\"@id\":\"https:\\\/\\\/districos.standingout.be\\\/fr\\\/product\\\/tubiforme-abdomen-medium-1-pc-ref-4063-05\\\/#primaryimage\"},\"image\":{\"@id\":\"https:\\\/\\\/districos.standingout.be\\\/fr\\\/product\\\/tubiforme-abdomen-medium-1-pc-ref-4063-05\\\/#primaryimage\"},\"thumbnailUrl\":\"https:\\\/\\\/districos.standingout.be\\\/wp-content\\\/uploads\\\/2025\\\/07\\\/4063.05@LowRes_0_99.png\",\"datePublished\":\"2026-04-28T00:12:45+00:00\",\"dateModified\":\"2026-04-28T00:12:49+00:00\",\"breadcrumb\":{\"@id\":\"https:\\\/\\\/districos.standingout.be\\\/fr\\\/product\\\/tubiforme-abdomen-medium-1-pc-ref-4063-05\\\/#breadcrumb\"},\"inLanguage\":\"fr-FR\",\"potentialAction\":[{\"@type\":\"ReadAction\",\"target\":[\"https:\\\/\\\/districos.standingout.be\\\/fr\\\/product\\\/tubiforme-abdomen-medium-1-pc-ref-4063-05\\\/\"]}]},{\"@type\":\"ImageObject\",\"inLanguage\":\"fr-FR\",\"@id\":\"https:\\\/\\\/districos.standingout.be\\\/fr\\\/product\\\/tubiforme-abdomen-medium-1-pc-ref-4063-05\\\/#primaryimage\",\"url\":\"https:\\\/\\\/districos.standingout.be\\\/wp-content\\\/uploads\\\/2025\\\/07\\\/4063.05@LowRes_0_99.png\",\"contentUrl\":\"https:\\\/\\\/districos.standingout.be\\\/wp-content\\\/uploads\\\/2025\\\/07\\\/4063.05@LowRes_0_99.png\",\"width\":600,\"height\":600},{\"@type\":\"BreadcrumbList\",\"@id\":\"https:\\\/\\\/districos.standingout.be\\\/fr\\\/product\\\/tubiforme-abdomen-medium-1-pc-ref-4063-05\\\/#breadcrumb\",\"itemListElement\":[{\"@type\":\"ListItem\",\"position\":1,\"name\":\"Home\",\"item\":\"https:\\\/\\\/districos.standingout.be\\\/fr\\\/bienvenue-chez-districos\\\/\"},{\"@type\":\"ListItem\",\"position\":2,\"name\":\"Boutique\",\"item\":\"https:\\\/\\\/districos.standingout.be\\\/fr\\\/boutique\\\/\"},{\"@type\":\"ListItem\",\"position\":3,\"name\":\"Tubiforme Abdomen Medium 1 pc.\"}]},{\"@type\":\"WebSite\",\"@id\":\"https:\\\/\\\/districos.standingout.be\\\/fr\\\/#website\",\"url\":\"https:\\\/\\\/districos.standingout.be\\\/fr\\\/\",\"name\":\"Districos Webshop\",\"description\":\"\",\"publisher\":{\"@id\":\"https:\\\/\\\/districos.standingout.be\\\/fr\\\/#organization\"},\"potentialAction\":[{\"@type\":\"SearchAction\",\"target\":{\"@type\":\"EntryPoint\",\"urlTemplate\":\"https:\\\/\\\/districos.standingout.be\\\/fr\\\/?s={search_term_string}\"},\"query-input\":{\"@type\":\"PropertyValueSpecification\",\"valueRequired\":true,\"valueName\":\"search_term_string\"}}],\"inLanguage\":\"fr-FR\"},{\"@type\":\"Organization\",\"@id\":\"https:\\\/\\\/districos.standingout.be\\\/fr\\\/#organization\",\"name\":\"Districos Webshop\",\"url\":\"https:\\\/\\\/districos.standingout.be\\\/fr\\\/\",\"logo\":{\"@type\":\"ImageObject\",\"inLanguage\":\"fr-FR\",\"@id\":\"https:\\\/\\\/districos.standingout.be\\\/fr\\\/#\\\/schema\\\/logo\\\/image\\\/\",\"url\":\"https:\\\/\\\/districos.standingout.be\\\/wp-content\\\/uploads\\\/2022\\\/09\\\/Districos_Logo_Webshop.svg\",\"contentUrl\":\"https:\\\/\\\/districos.standingout.be\\\/wp-content\\\/uploads\\\/2022\\\/09\\\/Districos_Logo_Webshop.svg\",\"caption\":\"Districos Webshop\"},\"image\":{\"@id\":\"https:\\\/\\\/districos.standingout.be\\\/fr\\\/#\\\/schema\\\/logo\\\/image\\\/\"}}]}<\/script>\n<!-- \/ Yoast SEO plugin. -->","yoast_head_json":{"title":"Tubiforme Abdomen Medium 1 pc. - Districos Webshop","robots":{"index":"noindex","follow":"follow","max-snippet":"max-snippet:-1","max-image-preview":"max-image-preview:large","max-video-preview":"max-video-preview:-1"},"og_locale":"fr_FR","og_type":"article","og_title":"Tubiforme Abdomen Medium 1 pc. - Districos Webshop","og_description":"Tubiforme pour l&rsquo;abdomen qui est id\u00e9al pour corriger la silhouette et r\u00e9duire les centim\u00e8tres superflus au niveau du ventre, des hanches et du buste. Tubiforme hypoallerg\u00e9nique avec une \u00e9lasticit\u00e9 adapt\u00e9e. Taille : M. Emballage : 1 pi\u00e8ce. Infos suppl\u00e9mentaires Lavable en machine \u00e0 40\u00b0 en utilisant une lessive douce. Ne pas repasser et ne pas [&hellip;]","og_url":"https:\/\/districos.standingout.be\/fr\/product\/tubiforme-abdomen-medium-1-pc-ref-4063-05\/","og_site_name":"Districos Webshop","article_modified_time":"2026-04-28T00:12:49+00:00","og_image":[{"width":600,"height":600,"url":"https:\/\/districos.standingout.be\/wp-content\/uploads\/2025\/07\/4063.05@LowRes_0_99.png","type":"image\/png"}],"twitter_card":"summary_large_image","twitter_misc":{"Dur\u00e9e de lecture estim\u00e9e":"1 minute"},"schema":{"@context":"https:\/\/schema.org","@graph":[{"@type":"WebPage","@id":"https:\/\/districos.standingout.be\/fr\/product\/tubiforme-abdomen-medium-1-pc-ref-4063-05\/","url":"https:\/\/districos.standingout.be\/fr\/product\/tubiforme-abdomen-medium-1-pc-ref-4063-05\/","name":"Tubiforme Abdomen Medium 1 pc. - Districos Webshop","isPartOf":{"@id":"https:\/\/districos.standingout.be\/fr\/#website"},"primaryImageOfPage":{"@id":"https:\/\/districos.standingout.be\/fr\/product\/tubiforme-abdomen-medium-1-pc-ref-4063-05\/#primaryimage"},"image":{"@id":"https:\/\/districos.standingout.be\/fr\/product\/tubiforme-abdomen-medium-1-pc-ref-4063-05\/#primaryimage"},"thumbnailUrl":"https:\/\/districos.standingout.be\/wp-content\/uploads\/2025\/07\/4063.05@LowRes_0_99.png","datePublished":"2026-04-28T00:12:45+00:00","dateModified":"2026-04-28T00:12:49+00:00","breadcrumb":{"@id":"https:\/\/districos.standingout.be\/fr\/product\/tubiforme-abdomen-medium-1-pc-ref-4063-05\/#breadcrumb"},"inLanguage":"fr-FR","potentialAction":[{"@type":"ReadAction","target":["https:\/\/districos.standingout.be\/fr\/product\/tubiforme-abdomen-medium-1-pc-ref-4063-05\/"]}]},{"@type":"ImageObject","inLanguage":"fr-FR","@id":"https:\/\/districos.standingout.be\/fr\/product\/tubiforme-abdomen-medium-1-pc-ref-4063-05\/#primaryimage","url":"https:\/\/districos.standingout.be\/wp-content\/uploads\/2025\/07\/4063.05@LowRes_0_99.png","contentUrl":"https:\/\/districos.standingout.be\/wp-content\/uploads\/2025\/07\/4063.05@LowRes_0_99.png","width":600,"height":600},{"@type":"BreadcrumbList","@id":"https:\/\/districos.standingout.be\/fr\/product\/tubiforme-abdomen-medium-1-pc-ref-4063-05\/#breadcrumb","itemListElement":[{"@type":"ListItem","position":1,"name":"Home","item":"https:\/\/districos.standingout.be\/fr\/bienvenue-chez-districos\/"},{"@type":"ListItem","position":2,"name":"Boutique","item":"https:\/\/districos.standingout.be\/fr\/boutique\/"},{"@type":"ListItem","position":3,"name":"Tubiforme Abdomen Medium 1 pc."}]},{"@type":"WebSite","@id":"https:\/\/districos.standingout.be\/fr\/#website","url":"https:\/\/districos.standingout.be\/fr\/","name":"Districos Webshop","description":"","publisher":{"@id":"https:\/\/districos.standingout.be\/fr\/#organization"},"potentialAction":[{"@type":"SearchAction","target":{"@type":"EntryPoint","urlTemplate":"https:\/\/districos.standingout.be\/fr\/?s={search_term_string}"},"query-input":{"@type":"PropertyValueSpecification","valueRequired":true,"valueName":"search_term_string"}}],"inLanguage":"fr-FR"},{"@type":"Organization","@id":"https:\/\/districos.standingout.be\/fr\/#organization","name":"Districos Webshop","url":"https:\/\/districos.standingout.be\/fr\/","logo":{"@type":"ImageObject","inLanguage":"fr-FR","@id":"https:\/\/districos.standingout.be\/fr\/#\/schema\/logo\/image\/","url":"https:\/\/districos.standingout.be\/wp-content\/uploads\/2022\/09\/Districos_Logo_Webshop.svg","contentUrl":"https:\/\/districos.standingout.be\/wp-content\/uploads\/2022\/09\/Districos_Logo_Webshop.svg","caption":"Districos Webshop"},"image":{"@id":"https:\/\/districos.standingout.be\/fr\/#\/schema\/logo\/image\/"}}]}},"_links":{"self":[{"href":"https:\/\/districos.standingout.be\/fr\/wp-json\/wp\/v2\/product\/134259","targetHints":{"allow":["GET"]}}],"collection":[{"href":"https:\/\/districos.standingout.be\/fr\/wp-json\/wp\/v2\/product"}],"about":[{"href":"https:\/\/districos.standingout.be\/fr\/wp-json\/wp\/v2\/types\/product"}],"replies":[{"embeddable":true,"href":"https:\/\/districos.standingout.be\/fr\/wp-json\/wp\/v2\/comments?post=134259"}],"wp:featuredmedia":[{"embeddable":true,"href":"https:\/\/districos.standingout.be\/fr\/wp-json\/wp\/v2\/media\/70793"}],"wp:attachment":[{"href":"https:\/\/districos.standingout.be\/fr\/wp-json\/wp\/v2\/media?parent=134259"}],"wp:term":[{"taxonomy":"product_brand","embeddable":true,"href":"https:\/\/districos.standingout.be\/fr\/wp-json\/wp\/v2\/product_brand?post=134259"},{"taxonomy":"product_cat","embeddable":true,"href":"https:\/\/districos.standingout.be\/fr\/wp-json\/wp\/v2\/product_cat?post=134259"},{"taxonomy":"product_tag","embeddable":true,"href":"https:\/\/districos.standingout.be\/fr\/wp-json\/wp\/v2\/product_tag?post=134259"}],"curies":[{"name":"wp","href":"https:\/\/api.w.org\/{rel}","templated":true}]}}