{"id":134283,"date":"2026-04-28T02:13:57","date_gmt":"2026-04-28T00:13:57","guid":{"rendered":"https:\/\/webshopdistricoscom.webhosting.be\/product\/anesi-lab-gift-pack-aqua-vital-essentials-ref-4100-753-2\/"},"modified":"2026-04-28T02:14:00","modified_gmt":"2026-04-28T00:14:00","slug":"anesi-lab-gift-pack-aqua-vital-essentials-ref-4100-753","status":"publish","type":"product","link":"https:\/\/districos.standingout.be\/fr\/product\/anesi-lab-gift-pack-aqua-vital-essentials-ref-4100-753\/","title":{"rendered":"Anesi Lab Gift Pack Aqua Vital Essentials"},"content":{"rendered":"<p >\n<\/p>\n<\/p>\n<\/p>\n<\/p>\n<\/p>\n<\/p>\n<\/p>\n<div>\n<div>\n<div dir=\"ltr\">\n<p><b><span lang=\"FR\">Un magnifique coffret cadeau de la ligne de soins&nbsp;populaire d&rsquo;Anesi !<o:p><\/o:p><\/span><\/b><\/p>\n<p><span lang=\"FR\">Ce coffret cadeau d&rsquo;Anesi Lab \u00e0 un prix imbattable est id\u00e9al comme id\u00e9e cadeau pour la f\u00eate des m\u00e8res, les anniversaires, la Saint-Valentin ou les f\u00eates.<o:p><\/o:p><\/span><\/p>\n<p><span lang=\"FR\">Le set offre une hydratation et oxyg\u00e9nation essentielles gr\u00e2ce \u00e0 l&rsquo;acide hyaluronique, \u00e0 la b\u00e9ta\u00efne, aux acides amin\u00e9s essentiels et \u00e0 l&rsquo;eau polaris\u00e9e, le point de d\u00e9part id\u00e9al pour une peau saine.<o:p><\/o:p><\/span><\/p>\n<p><b><span lang=\"FR\">Contenu<o:p><\/o:p><\/span><\/b><\/p>\n<ul type=\"disc\">\n<li><span lang=\"FR\">1 x 3D-Aqua Serum 30 ml (r\u00e9f.&nbsp;<a href=\"https:\/\/webshop.districos.com\/ProductDetail\/4300.06\" target=\"_blank\" rel=\"noopener noreferrer nofollow\"><span>&nbsp;&nbsp;4300.06<\/span><\/a>)<br \/> Fini ce teint sombre et gris gr\u00e2ce \u00e0 ce s\u00e9rum !&nbsp;S\u00e9rum en gel formul\u00e9 avec 3 puissants principes actifs hydratants reconnus: l&rsquo;acide hyaluronique, la prot\u00e9ine de soja et la b\u00e9ta\u00efne, qui am\u00e9liorent l&rsquo;hydratation cellulaire en r\u00e9v\u00e9lant une peau \u00e0 l&rsquo;aspect rayonnant, sain et lisse. Appliquez sur la peau propre avant la cr\u00e8me.<o:p><\/o:p><\/span><\/li>\n<li><span lang=\"FR\">1 x 3D-Aqua Cream 50&nbsp;ml (r\u00e9f.&nbsp;<a href=\"https:\/\/webshop.districos.com\/ProductDetail\/4300.07\" target=\"_blank\" rel=\"noopener noreferrer nofollow\"><span>&nbsp;&nbsp;4300.07<\/span><\/a>)<br \/> Cr\u00e8me hydratante \u00e0 la texture soyeuse et l\u00e9g\u00e8re pour tous les types de peau avec de l&rsquo;acide hyaluronique qui am\u00e9liore l&rsquo;hydratation et avec des acides amin\u00e9s qui augmentent l&rsquo;oxyg\u00e9nation cellulaire pour un teint radieux et sain. Appliquer apr\u00e8s le s\u00e9rum. \u00c9viter le contour des yeux.<o:p><\/o:p><\/span><\/li>\n<li><span lang=\"FR\">1 x 3D-Aqua Vidalys Mask 20 ml<br \/> Le masque 3D-Aqua Vidalys revitalise, apaise, rafra\u00eechit et hydrate. Lorsqu&rsquo;il est utilis\u00e9 dans des soins professionnels, m\u00e9langez le masque avec une ampoule Aqua Vital Complexe 3D-Aqua pour obtenir une hydratation profonde. Appliquez \u00e0 l&rsquo;aide d&rsquo;un pinceau ou d&rsquo;une spatule et laissez agir pendant 15 \u00e0 20 min. Retirez l&rsquo;exc\u00e9dent avec une spatule, enlevez avec de l&rsquo;eau et tonifiez la peau.<o:p><\/o:p><\/span><\/li>\n<\/ul>\n<p><b><span lang=\"FR\">D\u00e9couvrez aussi les autres coffrets cadeaux d&rsquo;Anesi Lab<o:p><\/o:p><\/span><\/b><\/p>\n<ul type=\"disc\">\n<li><span lang=\"FR\">Anesi Lab Holiday Pack 3C Vitamin Glow Essentials (r\u00e9f.&nbsp;<a href=\"https:\/\/webshop.districos.com\/ProductDetail\/4100.751\" target=\"_blank\" rel=\"noopener noreferrer nofollow\"><span>4100.751<\/span><\/a>)<o:p><\/o:p><\/span><\/li>\n<li><span lang=\"FR\">Anesi Lab Holiday Pack Epigenesse Essentials (r\u00e9f.&nbsp;<a href=\"https:\/\/webshop.districos.com\/ProductDetail\/4100.752\" target=\"_blank\" rel=\"noopener noreferrer nofollow\"><span>4100.752<\/span><\/a>)<o:p><\/o:p><\/span><\/li>\n<\/ul>\n<\/div>\n<\/div>\n<div>\n<div><\/div>\n<\/div>\n<\/div>\n","protected":false},"excerpt":{"rendered":"<p>Un magnifique coffret cadeau de la ligne de soins&nbsp;populaire d&rsquo;Anesi ! Ce coffret cadeau d&rsquo;Anesi Lab \u00e0 un prix imbattable est id\u00e9al comme id\u00e9e cadeau pour la f\u00eate des m\u00e8res, les anniversaires, la Saint-Valentin ou les f\u00eates. Le set offre une hydratation et oxyg\u00e9nation essentielles gr\u00e2ce \u00e0 l&rsquo;acide hyaluronique, \u00e0 la b\u00e9ta\u00efne, aux acides amin\u00e9s [&hellip;]<\/p>\n","protected":false},"featured_media":70940,"comment_status":"open","ping_status":"closed","template":"","meta":{"_acf_changed":false},"product_brand":[10280],"product_cat":[9858],"product_tag":[],"class_list":{"0":"post-134283","1":"product","2":"type-product","3":"status-publish","4":"has-post-thumbnail","6":"product_brand-anesi-fr","7":"product_cat-beaute-visage-anesi-visage","9":"first","10":"outofstock","11":"taxable","12":"shipping-taxable","13":"product-type-simple"},"acf":[],"yoast_head":"<!-- This site is optimized with the Yoast SEO plugin v27.3 - https:\/\/yoast.com\/product\/yoast-seo-wordpress\/ -->\n<title>Anesi Lab Gift Pack Aqua Vital Essentials - Districos Webshop<\/title>\n<meta name=\"robots\" content=\"noindex, follow, max-snippet:-1, max-image-preview:large, max-video-preview:-1\" \/>\n<meta property=\"og:locale\" content=\"fr_FR\" \/>\n<meta property=\"og:type\" content=\"article\" \/>\n<meta property=\"og:title\" content=\"Anesi Lab Gift Pack Aqua Vital Essentials - Districos Webshop\" \/>\n<meta property=\"og:description\" content=\"Un magnifique coffret cadeau de la ligne de soins&nbsp;populaire d&rsquo;Anesi ! Ce coffret cadeau d&rsquo;Anesi Lab \u00e0 un prix imbattable est id\u00e9al comme id\u00e9e cadeau pour la f\u00eate des m\u00e8res, les anniversaires, la Saint-Valentin ou les f\u00eates. Le set offre une hydratation et oxyg\u00e9nation essentielles gr\u00e2ce \u00e0 l&rsquo;acide hyaluronique, \u00e0 la b\u00e9ta\u00efne, aux acides amin\u00e9s [&hellip;]\" \/>\n<meta property=\"og:url\" content=\"https:\/\/districos.standingout.be\/fr\/product\/anesi-lab-gift-pack-aqua-vital-essentials-ref-4100-753\/\" \/>\n<meta property=\"og:site_name\" content=\"Districos Webshop\" \/>\n<meta property=\"article:modified_time\" content=\"2026-04-28T00:14:00+00:00\" \/>\n<meta property=\"og:image\" content=\"https:\/\/districos.standingout.be\/wp-content\/uploads\/2025\/07\/4100.753@LowRes_1.png\" \/>\n\t<meta property=\"og:image:width\" content=\"600\" \/>\n\t<meta property=\"og:image:height\" content=\"600\" \/>\n\t<meta property=\"og:image:type\" content=\"image\/png\" \/>\n<meta name=\"twitter:card\" content=\"summary_large_image\" \/>\n<meta name=\"twitter:label1\" content=\"Dur\u00e9e de lecture estim\u00e9e\" \/>\n\t<meta name=\"twitter:data1\" content=\"2 minutes\" \/>\n<script type=\"application\/ld+json\" class=\"yoast-schema-graph\">{\"@context\":\"https:\\\/\\\/schema.org\",\"@graph\":[{\"@type\":\"WebPage\",\"@id\":\"https:\\\/\\\/districos.standingout.be\\\/fr\\\/product\\\/anesi-lab-gift-pack-aqua-vital-essentials-ref-4100-753\\\/\",\"url\":\"https:\\\/\\\/districos.standingout.be\\\/fr\\\/product\\\/anesi-lab-gift-pack-aqua-vital-essentials-ref-4100-753\\\/\",\"name\":\"Anesi Lab Gift Pack Aqua Vital Essentials - Districos Webshop\",\"isPartOf\":{\"@id\":\"https:\\\/\\\/districos.standingout.be\\\/fr\\\/#website\"},\"primaryImageOfPage\":{\"@id\":\"https:\\\/\\\/districos.standingout.be\\\/fr\\\/product\\\/anesi-lab-gift-pack-aqua-vital-essentials-ref-4100-753\\\/#primaryimage\"},\"image\":{\"@id\":\"https:\\\/\\\/districos.standingout.be\\\/fr\\\/product\\\/anesi-lab-gift-pack-aqua-vital-essentials-ref-4100-753\\\/#primaryimage\"},\"thumbnailUrl\":\"https:\\\/\\\/districos.standingout.be\\\/wp-content\\\/uploads\\\/2025\\\/07\\\/4100.753@LowRes_1.png\",\"datePublished\":\"2026-04-28T00:13:57+00:00\",\"dateModified\":\"2026-04-28T00:14:00+00:00\",\"breadcrumb\":{\"@id\":\"https:\\\/\\\/districos.standingout.be\\\/fr\\\/product\\\/anesi-lab-gift-pack-aqua-vital-essentials-ref-4100-753\\\/#breadcrumb\"},\"inLanguage\":\"fr-FR\",\"potentialAction\":[{\"@type\":\"ReadAction\",\"target\":[\"https:\\\/\\\/districos.standingout.be\\\/fr\\\/product\\\/anesi-lab-gift-pack-aqua-vital-essentials-ref-4100-753\\\/\"]}]},{\"@type\":\"ImageObject\",\"inLanguage\":\"fr-FR\",\"@id\":\"https:\\\/\\\/districos.standingout.be\\\/fr\\\/product\\\/anesi-lab-gift-pack-aqua-vital-essentials-ref-4100-753\\\/#primaryimage\",\"url\":\"https:\\\/\\\/districos.standingout.be\\\/wp-content\\\/uploads\\\/2025\\\/07\\\/4100.753@LowRes_1.png\",\"contentUrl\":\"https:\\\/\\\/districos.standingout.be\\\/wp-content\\\/uploads\\\/2025\\\/07\\\/4100.753@LowRes_1.png\",\"width\":600,\"height\":600},{\"@type\":\"BreadcrumbList\",\"@id\":\"https:\\\/\\\/districos.standingout.be\\\/fr\\\/product\\\/anesi-lab-gift-pack-aqua-vital-essentials-ref-4100-753\\\/#breadcrumb\",\"itemListElement\":[{\"@type\":\"ListItem\",\"position\":1,\"name\":\"Home\",\"item\":\"https:\\\/\\\/districos.standingout.be\\\/fr\\\/bienvenue-chez-districos\\\/\"},{\"@type\":\"ListItem\",\"position\":2,\"name\":\"Boutique\",\"item\":\"https:\\\/\\\/districos.standingout.be\\\/fr\\\/boutique\\\/\"},{\"@type\":\"ListItem\",\"position\":3,\"name\":\"Anesi Lab Gift Pack Aqua Vital Essentials\"}]},{\"@type\":\"WebSite\",\"@id\":\"https:\\\/\\\/districos.standingout.be\\\/fr\\\/#website\",\"url\":\"https:\\\/\\\/districos.standingout.be\\\/fr\\\/\",\"name\":\"Districos Webshop\",\"description\":\"\",\"publisher\":{\"@id\":\"https:\\\/\\\/districos.standingout.be\\\/fr\\\/#organization\"},\"potentialAction\":[{\"@type\":\"SearchAction\",\"target\":{\"@type\":\"EntryPoint\",\"urlTemplate\":\"https:\\\/\\\/districos.standingout.be\\\/fr\\\/?s={search_term_string}\"},\"query-input\":{\"@type\":\"PropertyValueSpecification\",\"valueRequired\":true,\"valueName\":\"search_term_string\"}}],\"inLanguage\":\"fr-FR\"},{\"@type\":\"Organization\",\"@id\":\"https:\\\/\\\/districos.standingout.be\\\/fr\\\/#organization\",\"name\":\"Districos Webshop\",\"url\":\"https:\\\/\\\/districos.standingout.be\\\/fr\\\/\",\"logo\":{\"@type\":\"ImageObject\",\"inLanguage\":\"fr-FR\",\"@id\":\"https:\\\/\\\/districos.standingout.be\\\/fr\\\/#\\\/schema\\\/logo\\\/image\\\/\",\"url\":\"https:\\\/\\\/districos.standingout.be\\\/wp-content\\\/uploads\\\/2022\\\/09\\\/Districos_Logo_Webshop.svg\",\"contentUrl\":\"https:\\\/\\\/districos.standingout.be\\\/wp-content\\\/uploads\\\/2022\\\/09\\\/Districos_Logo_Webshop.svg\",\"caption\":\"Districos Webshop\"},\"image\":{\"@id\":\"https:\\\/\\\/districos.standingout.be\\\/fr\\\/#\\\/schema\\\/logo\\\/image\\\/\"}}]}<\/script>\n<!-- \/ Yoast SEO plugin. -->","yoast_head_json":{"title":"Anesi Lab Gift Pack Aqua Vital Essentials - Districos Webshop","robots":{"index":"noindex","follow":"follow","max-snippet":"max-snippet:-1","max-image-preview":"max-image-preview:large","max-video-preview":"max-video-preview:-1"},"og_locale":"fr_FR","og_type":"article","og_title":"Anesi Lab Gift Pack Aqua Vital Essentials - Districos Webshop","og_description":"Un magnifique coffret cadeau de la ligne de soins&nbsp;populaire d&rsquo;Anesi ! Ce coffret cadeau d&rsquo;Anesi Lab \u00e0 un prix imbattable est id\u00e9al comme id\u00e9e cadeau pour la f\u00eate des m\u00e8res, les anniversaires, la Saint-Valentin ou les f\u00eates. Le set offre une hydratation et oxyg\u00e9nation essentielles gr\u00e2ce \u00e0 l&rsquo;acide hyaluronique, \u00e0 la b\u00e9ta\u00efne, aux acides amin\u00e9s [&hellip;]","og_url":"https:\/\/districos.standingout.be\/fr\/product\/anesi-lab-gift-pack-aqua-vital-essentials-ref-4100-753\/","og_site_name":"Districos Webshop","article_modified_time":"2026-04-28T00:14:00+00:00","og_image":[{"width":600,"height":600,"url":"https:\/\/districos.standingout.be\/wp-content\/uploads\/2025\/07\/4100.753@LowRes_1.png","type":"image\/png"}],"twitter_card":"summary_large_image","twitter_misc":{"Dur\u00e9e de lecture estim\u00e9e":"2 minutes"},"schema":{"@context":"https:\/\/schema.org","@graph":[{"@type":"WebPage","@id":"https:\/\/districos.standingout.be\/fr\/product\/anesi-lab-gift-pack-aqua-vital-essentials-ref-4100-753\/","url":"https:\/\/districos.standingout.be\/fr\/product\/anesi-lab-gift-pack-aqua-vital-essentials-ref-4100-753\/","name":"Anesi Lab Gift Pack Aqua Vital Essentials - Districos Webshop","isPartOf":{"@id":"https:\/\/districos.standingout.be\/fr\/#website"},"primaryImageOfPage":{"@id":"https:\/\/districos.standingout.be\/fr\/product\/anesi-lab-gift-pack-aqua-vital-essentials-ref-4100-753\/#primaryimage"},"image":{"@id":"https:\/\/districos.standingout.be\/fr\/product\/anesi-lab-gift-pack-aqua-vital-essentials-ref-4100-753\/#primaryimage"},"thumbnailUrl":"https:\/\/districos.standingout.be\/wp-content\/uploads\/2025\/07\/4100.753@LowRes_1.png","datePublished":"2026-04-28T00:13:57+00:00","dateModified":"2026-04-28T00:14:00+00:00","breadcrumb":{"@id":"https:\/\/districos.standingout.be\/fr\/product\/anesi-lab-gift-pack-aqua-vital-essentials-ref-4100-753\/#breadcrumb"},"inLanguage":"fr-FR","potentialAction":[{"@type":"ReadAction","target":["https:\/\/districos.standingout.be\/fr\/product\/anesi-lab-gift-pack-aqua-vital-essentials-ref-4100-753\/"]}]},{"@type":"ImageObject","inLanguage":"fr-FR","@id":"https:\/\/districos.standingout.be\/fr\/product\/anesi-lab-gift-pack-aqua-vital-essentials-ref-4100-753\/#primaryimage","url":"https:\/\/districos.standingout.be\/wp-content\/uploads\/2025\/07\/4100.753@LowRes_1.png","contentUrl":"https:\/\/districos.standingout.be\/wp-content\/uploads\/2025\/07\/4100.753@LowRes_1.png","width":600,"height":600},{"@type":"BreadcrumbList","@id":"https:\/\/districos.standingout.be\/fr\/product\/anesi-lab-gift-pack-aqua-vital-essentials-ref-4100-753\/#breadcrumb","itemListElement":[{"@type":"ListItem","position":1,"name":"Home","item":"https:\/\/districos.standingout.be\/fr\/bienvenue-chez-districos\/"},{"@type":"ListItem","position":2,"name":"Boutique","item":"https:\/\/districos.standingout.be\/fr\/boutique\/"},{"@type":"ListItem","position":3,"name":"Anesi Lab Gift Pack Aqua Vital Essentials"}]},{"@type":"WebSite","@id":"https:\/\/districos.standingout.be\/fr\/#website","url":"https:\/\/districos.standingout.be\/fr\/","name":"Districos Webshop","description":"","publisher":{"@id":"https:\/\/districos.standingout.be\/fr\/#organization"},"potentialAction":[{"@type":"SearchAction","target":{"@type":"EntryPoint","urlTemplate":"https:\/\/districos.standingout.be\/fr\/?s={search_term_string}"},"query-input":{"@type":"PropertyValueSpecification","valueRequired":true,"valueName":"search_term_string"}}],"inLanguage":"fr-FR"},{"@type":"Organization","@id":"https:\/\/districos.standingout.be\/fr\/#organization","name":"Districos Webshop","url":"https:\/\/districos.standingout.be\/fr\/","logo":{"@type":"ImageObject","inLanguage":"fr-FR","@id":"https:\/\/districos.standingout.be\/fr\/#\/schema\/logo\/image\/","url":"https:\/\/districos.standingout.be\/wp-content\/uploads\/2022\/09\/Districos_Logo_Webshop.svg","contentUrl":"https:\/\/districos.standingout.be\/wp-content\/uploads\/2022\/09\/Districos_Logo_Webshop.svg","caption":"Districos Webshop"},"image":{"@id":"https:\/\/districos.standingout.be\/fr\/#\/schema\/logo\/image\/"}}]}},"_links":{"self":[{"href":"https:\/\/districos.standingout.be\/fr\/wp-json\/wp\/v2\/product\/134283","targetHints":{"allow":["GET"]}}],"collection":[{"href":"https:\/\/districos.standingout.be\/fr\/wp-json\/wp\/v2\/product"}],"about":[{"href":"https:\/\/districos.standingout.be\/fr\/wp-json\/wp\/v2\/types\/product"}],"replies":[{"embeddable":true,"href":"https:\/\/districos.standingout.be\/fr\/wp-json\/wp\/v2\/comments?post=134283"}],"wp:featuredmedia":[{"embeddable":true,"href":"https:\/\/districos.standingout.be\/fr\/wp-json\/wp\/v2\/media\/70940"}],"wp:attachment":[{"href":"https:\/\/districos.standingout.be\/fr\/wp-json\/wp\/v2\/media?parent=134283"}],"wp:term":[{"taxonomy":"product_brand","embeddable":true,"href":"https:\/\/districos.standingout.be\/fr\/wp-json\/wp\/v2\/product_brand?post=134283"},{"taxonomy":"product_cat","embeddable":true,"href":"https:\/\/districos.standingout.be\/fr\/wp-json\/wp\/v2\/product_cat?post=134283"},{"taxonomy":"product_tag","embeddable":true,"href":"https:\/\/districos.standingout.be\/fr\/wp-json\/wp\/v2\/product_tag?post=134283"}],"curies":[{"name":"wp","href":"https:\/\/api.w.org\/{rel}","templated":true}]}}