{"id":134285,"date":"2026-04-28T02:14:01","date_gmt":"2026-04-28T00:14:01","guid":{"rendered":"https:\/\/webshopdistricoscom.webhosting.be\/product\/anesi-harmony-skin-resque-gift-box-ref-4100-754\/"},"modified":"2026-04-28T02:14:04","modified_gmt":"2026-04-28T00:14:04","slug":"anesi-harmony-skin-resque-gift-box-ref-4100-754","status":"publish","type":"product","link":"https:\/\/districos.standingout.be\/fr\/product\/anesi-harmony-skin-resque-gift-box-ref-4100-754\/","title":{"rendered":"Anesi Harmony Skin Resque Gift Box"},"content":{"rendered":"<p >\n<\/p>\n<div>\n<div dir=\"ltr\">\n<p><b><span lang=\"FR\">Un magnifique coffret cadeau de la ligne de soins&nbsp;populaire d&rsquo;Anesi !<o:p><\/o:p><\/span><\/b><\/p>\n<p><span lang=\"FR\">Ce coffret cadeau d&rsquo;Anesi LAB \u00e0 un prix imbattable est id\u00e9al comme id\u00e9e cadeau pour la f\u00eate des m\u00e8res, les anniversaires, la Saint-Valentin ou les f\u00eates.&nbsp;<\/span><span>Le coffret extra avantageux de la gamme Harmony contient les produits n\u00e9cessaires pour soutenir une peau sensible et sujette aux d\u00e9s\u00e9quilibres, afin de maintenir une peau saine et \u00e9quilibr\u00e9e.<\/span><\/p>\n<p><b><span lang=\"FR\">Contenu<o:p><\/o:p><\/span><\/b><\/p>\n<ul type=\"disc\">\n<li><span>1 x Harmony Gentle Comfort Cream 50 ml&nbsp;(<a href=\"https:\/\/webshop.districos.com\/ProductDetail\/4174\" target=\"_blank\" rel=\"noopener noreferrer nofollow\">r\u00e9f. 4174<\/a>)<br \/>Une cr\u00e8me soyeuse et non grasse qui hydrate et renforce la barri\u00e8re cutan\u00e9e. Enrichie en pr\u00e9biotiques, squalane et huiles nourrissantes, elle prend soin, calme et renforce m\u00eame les peaux les plus sensibles.<\/span><\/li>\n<li><span>1 x&nbsp;<\/span>Harmony Beauty Sleep Mask 50 ml (<a href=\"https:\/\/webshop.districos.com\/ProductDetail\/4177\" target=\"_blank\" rel=\"noopener noreferrer nofollow\">r\u00e9f. 4177<\/a>)<br \/>Un soin de beaut\u00e9 nocturne avec des huiles nourrissantes et des pr\u00e9biotiques qui soutient le m\u00e9canisme de r\u00e9paration nocturne naturel de la peau, r\u00e9tablissant compl\u00e8tement l&rsquo;hydratation, la souplesse et l&rsquo;\u00e9clat de la peau.<\/li>\n<li>1 x&nbsp;Harmony Recovery Booster Complex 30 ml (<a href=\"https:\/\/webshop.districos.com\/ProductDetail\/4173.2\" target=\"_blank\" rel=\"noopener noreferrer nofollow\">r\u00e9f. 4173.2<\/a>)<br \/>Une huile s\u00e8che nourrissante avec des nutriments et des acides gras essentiels pour reconstituer la barri\u00e8re cutan\u00e9e, soulager la s\u00e9cheresse et redonner de l&rsquo;\u00e9clat \u00e0 la peau. Id\u00e9ale pour les peaux s\u00e8ches et tiraill\u00e9es. Absorption rapide sans sensation grasse.<\/li>\n<\/ul>\n<p><b><span lang=\"FR\">D\u00e9couvrez aussi les autres coffrets cadeaux d&rsquo;Anesi LAB<o:p><\/o:p><\/span><\/b><\/p>\n<ul type=\"disc\">\n<li><span>Anesi Epigenesse Age Renew Gift Box&nbsp;(<a href=\"https:\/\/webshop.districos.com\/ProductDetail\/4100.755\" target=\"_blank\" rel=\"noopener noreferrer nofollow\">r\u00e9f. 4100.755<\/a>)<\/span><\/li>\n<li><span>Anesi Aqua Vital Hydra Boost Gift Box&nbsp;(<a href=\"https:\/\/webshop.districos.com\/ProductDetail\/4100.756\" target=\"_blank\" rel=\"noopener noreferrer nofollow\">r\u00e9f. 4100.756<\/a>)<\/span><\/li>\n<\/ul>\n<\/div>\n<\/div>\n","protected":false},"excerpt":{"rendered":"<p>Un magnifique coffret cadeau de la ligne de soins&nbsp;populaire d&rsquo;Anesi ! Ce coffret cadeau d&rsquo;Anesi LAB \u00e0 un prix imbattable est id\u00e9al comme id\u00e9e cadeau pour la f\u00eate des m\u00e8res, les anniversaires, la Saint-Valentin ou les f\u00eates.&nbsp;Le coffret extra avantageux de la gamme Harmony contient les produits n\u00e9cessaires pour soutenir une peau sensible et sujette [&hellip;]<\/p>\n","protected":false},"featured_media":144039,"comment_status":"open","ping_status":"closed","template":"","meta":{"_acf_changed":false},"product_brand":[10280],"product_cat":[9858],"product_tag":[],"class_list":{"0":"post-134285","1":"product","2":"type-product","3":"status-publish","4":"has-post-thumbnail","6":"product_brand-anesi-fr","7":"product_cat-beaute-visage-anesi-visage","9":"first","10":"instock","11":"taxable","12":"shipping-taxable","13":"product-type-simple"},"acf":[],"yoast_head":"<!-- This site is optimized with the Yoast SEO plugin v27.3 - https:\/\/yoast.com\/product\/yoast-seo-wordpress\/ -->\n<title>Anesi Harmony Skin Resque Gift Box - Districos Webshop<\/title>\n<meta name=\"robots\" content=\"noindex, follow, max-snippet:-1, max-image-preview:large, max-video-preview:-1\" \/>\n<meta property=\"og:locale\" content=\"fr_FR\" \/>\n<meta property=\"og:type\" content=\"article\" \/>\n<meta property=\"og:title\" content=\"Anesi Harmony Skin Resque Gift Box - Districos Webshop\" \/>\n<meta property=\"og:description\" content=\"Un magnifique coffret cadeau de la ligne de soins&nbsp;populaire d&rsquo;Anesi ! Ce coffret cadeau d&rsquo;Anesi LAB \u00e0 un prix imbattable est id\u00e9al comme id\u00e9e cadeau pour la f\u00eate des m\u00e8res, les anniversaires, la Saint-Valentin ou les f\u00eates.&nbsp;Le coffret extra avantageux de la gamme Harmony contient les produits n\u00e9cessaires pour soutenir une peau sensible et sujette [&hellip;]\" \/>\n<meta property=\"og:url\" content=\"https:\/\/districos.standingout.be\/fr\/product\/anesi-harmony-skin-resque-gift-box-ref-4100-754\/\" \/>\n<meta property=\"og:site_name\" content=\"Districos Webshop\" \/>\n<meta property=\"article:modified_time\" content=\"2026-04-28T00:14:04+00:00\" \/>\n<meta property=\"og:image\" content=\"https:\/\/districos.standingout.be\/wp-content\/uploads\/2026\/04\/4100.754@Anesi-Harmony-Skin-Rescue-Gift-Box_1-2.png\" \/>\n\t<meta property=\"og:image:width\" content=\"600\" \/>\n\t<meta property=\"og:image:height\" content=\"600\" \/>\n\t<meta property=\"og:image:type\" content=\"image\/png\" \/>\n<meta name=\"twitter:card\" content=\"summary_large_image\" \/>\n<meta name=\"twitter:label1\" content=\"Dur\u00e9e de lecture estim\u00e9e\" \/>\n\t<meta name=\"twitter:data1\" content=\"1 minute\" \/>\n<script type=\"application\/ld+json\" class=\"yoast-schema-graph\">{\"@context\":\"https:\\\/\\\/schema.org\",\"@graph\":[{\"@type\":\"WebPage\",\"@id\":\"https:\\\/\\\/districos.standingout.be\\\/fr\\\/product\\\/anesi-harmony-skin-resque-gift-box-ref-4100-754\\\/\",\"url\":\"https:\\\/\\\/districos.standingout.be\\\/fr\\\/product\\\/anesi-harmony-skin-resque-gift-box-ref-4100-754\\\/\",\"name\":\"Anesi Harmony Skin Resque Gift Box - Districos Webshop\",\"isPartOf\":{\"@id\":\"https:\\\/\\\/districos.standingout.be\\\/fr\\\/#website\"},\"primaryImageOfPage\":{\"@id\":\"https:\\\/\\\/districos.standingout.be\\\/fr\\\/product\\\/anesi-harmony-skin-resque-gift-box-ref-4100-754\\\/#primaryimage\"},\"image\":{\"@id\":\"https:\\\/\\\/districos.standingout.be\\\/fr\\\/product\\\/anesi-harmony-skin-resque-gift-box-ref-4100-754\\\/#primaryimage\"},\"thumbnailUrl\":\"https:\\\/\\\/districos.standingout.be\\\/wp-content\\\/uploads\\\/2026\\\/04\\\/4100.754@Anesi-Harmony-Skin-Rescue-Gift-Box_1-3.png\",\"datePublished\":\"2026-04-28T00:14:01+00:00\",\"dateModified\":\"2026-04-28T00:14:04+00:00\",\"breadcrumb\":{\"@id\":\"https:\\\/\\\/districos.standingout.be\\\/fr\\\/product\\\/anesi-harmony-skin-resque-gift-box-ref-4100-754\\\/#breadcrumb\"},\"inLanguage\":\"fr-FR\",\"potentialAction\":[{\"@type\":\"ReadAction\",\"target\":[\"https:\\\/\\\/districos.standingout.be\\\/fr\\\/product\\\/anesi-harmony-skin-resque-gift-box-ref-4100-754\\\/\"]}]},{\"@type\":\"ImageObject\",\"inLanguage\":\"fr-FR\",\"@id\":\"https:\\\/\\\/districos.standingout.be\\\/fr\\\/product\\\/anesi-harmony-skin-resque-gift-box-ref-4100-754\\\/#primaryimage\",\"url\":\"https:\\\/\\\/districos.standingout.be\\\/wp-content\\\/uploads\\\/2026\\\/04\\\/4100.754@Anesi-Harmony-Skin-Rescue-Gift-Box_1-3.png\",\"contentUrl\":\"https:\\\/\\\/districos.standingout.be\\\/wp-content\\\/uploads\\\/2026\\\/04\\\/4100.754@Anesi-Harmony-Skin-Rescue-Gift-Box_1-3.png\",\"width\":600,\"height\":600},{\"@type\":\"BreadcrumbList\",\"@id\":\"https:\\\/\\\/districos.standingout.be\\\/fr\\\/product\\\/anesi-harmony-skin-resque-gift-box-ref-4100-754\\\/#breadcrumb\",\"itemListElement\":[{\"@type\":\"ListItem\",\"position\":1,\"name\":\"Home\",\"item\":\"https:\\\/\\\/districos.standingout.be\\\/fr\\\/bienvenue-chez-districos\\\/\"},{\"@type\":\"ListItem\",\"position\":2,\"name\":\"Boutique\",\"item\":\"https:\\\/\\\/districos.standingout.be\\\/fr\\\/boutique\\\/\"},{\"@type\":\"ListItem\",\"position\":3,\"name\":\"Anesi Harmony Skin Resque Gift Box\"}]},{\"@type\":\"WebSite\",\"@id\":\"https:\\\/\\\/districos.standingout.be\\\/fr\\\/#website\",\"url\":\"https:\\\/\\\/districos.standingout.be\\\/fr\\\/\",\"name\":\"Districos Webshop\",\"description\":\"\",\"publisher\":{\"@id\":\"https:\\\/\\\/districos.standingout.be\\\/fr\\\/#organization\"},\"potentialAction\":[{\"@type\":\"SearchAction\",\"target\":{\"@type\":\"EntryPoint\",\"urlTemplate\":\"https:\\\/\\\/districos.standingout.be\\\/fr\\\/?s={search_term_string}\"},\"query-input\":{\"@type\":\"PropertyValueSpecification\",\"valueRequired\":true,\"valueName\":\"search_term_string\"}}],\"inLanguage\":\"fr-FR\"},{\"@type\":\"Organization\",\"@id\":\"https:\\\/\\\/districos.standingout.be\\\/fr\\\/#organization\",\"name\":\"Districos Webshop\",\"url\":\"https:\\\/\\\/districos.standingout.be\\\/fr\\\/\",\"logo\":{\"@type\":\"ImageObject\",\"inLanguage\":\"fr-FR\",\"@id\":\"https:\\\/\\\/districos.standingout.be\\\/fr\\\/#\\\/schema\\\/logo\\\/image\\\/\",\"url\":\"https:\\\/\\\/districos.standingout.be\\\/wp-content\\\/uploads\\\/2022\\\/09\\\/Districos_Logo_Webshop.svg\",\"contentUrl\":\"https:\\\/\\\/districos.standingout.be\\\/wp-content\\\/uploads\\\/2022\\\/09\\\/Districos_Logo_Webshop.svg\",\"caption\":\"Districos Webshop\"},\"image\":{\"@id\":\"https:\\\/\\\/districos.standingout.be\\\/fr\\\/#\\\/schema\\\/logo\\\/image\\\/\"}}]}<\/script>\n<!-- \/ Yoast SEO plugin. -->","yoast_head_json":{"title":"Anesi Harmony Skin Resque Gift Box - Districos Webshop","robots":{"index":"noindex","follow":"follow","max-snippet":"max-snippet:-1","max-image-preview":"max-image-preview:large","max-video-preview":"max-video-preview:-1"},"og_locale":"fr_FR","og_type":"article","og_title":"Anesi Harmony Skin Resque Gift Box - Districos Webshop","og_description":"Un magnifique coffret cadeau de la ligne de soins&nbsp;populaire d&rsquo;Anesi ! Ce coffret cadeau d&rsquo;Anesi LAB \u00e0 un prix imbattable est id\u00e9al comme id\u00e9e cadeau pour la f\u00eate des m\u00e8res, les anniversaires, la Saint-Valentin ou les f\u00eates.&nbsp;Le coffret extra avantageux de la gamme Harmony contient les produits n\u00e9cessaires pour soutenir une peau sensible et sujette [&hellip;]","og_url":"https:\/\/districos.standingout.be\/fr\/product\/anesi-harmony-skin-resque-gift-box-ref-4100-754\/","og_site_name":"Districos Webshop","article_modified_time":"2026-04-28T00:14:04+00:00","og_image":[{"width":600,"height":600,"url":"https:\/\/districos.standingout.be\/wp-content\/uploads\/2026\/04\/4100.754@Anesi-Harmony-Skin-Rescue-Gift-Box_1-2.png","type":"image\/png"}],"twitter_card":"summary_large_image","twitter_misc":{"Dur\u00e9e de lecture estim\u00e9e":"1 minute"},"schema":{"@context":"https:\/\/schema.org","@graph":[{"@type":"WebPage","@id":"https:\/\/districos.standingout.be\/fr\/product\/anesi-harmony-skin-resque-gift-box-ref-4100-754\/","url":"https:\/\/districos.standingout.be\/fr\/product\/anesi-harmony-skin-resque-gift-box-ref-4100-754\/","name":"Anesi Harmony Skin Resque Gift Box - Districos Webshop","isPartOf":{"@id":"https:\/\/districos.standingout.be\/fr\/#website"},"primaryImageOfPage":{"@id":"https:\/\/districos.standingout.be\/fr\/product\/anesi-harmony-skin-resque-gift-box-ref-4100-754\/#primaryimage"},"image":{"@id":"https:\/\/districos.standingout.be\/fr\/product\/anesi-harmony-skin-resque-gift-box-ref-4100-754\/#primaryimage"},"thumbnailUrl":"https:\/\/districos.standingout.be\/wp-content\/uploads\/2026\/04\/4100.754@Anesi-Harmony-Skin-Rescue-Gift-Box_1-3.png","datePublished":"2026-04-28T00:14:01+00:00","dateModified":"2026-04-28T00:14:04+00:00","breadcrumb":{"@id":"https:\/\/districos.standingout.be\/fr\/product\/anesi-harmony-skin-resque-gift-box-ref-4100-754\/#breadcrumb"},"inLanguage":"fr-FR","potentialAction":[{"@type":"ReadAction","target":["https:\/\/districos.standingout.be\/fr\/product\/anesi-harmony-skin-resque-gift-box-ref-4100-754\/"]}]},{"@type":"ImageObject","inLanguage":"fr-FR","@id":"https:\/\/districos.standingout.be\/fr\/product\/anesi-harmony-skin-resque-gift-box-ref-4100-754\/#primaryimage","url":"https:\/\/districos.standingout.be\/wp-content\/uploads\/2026\/04\/4100.754@Anesi-Harmony-Skin-Rescue-Gift-Box_1-3.png","contentUrl":"https:\/\/districos.standingout.be\/wp-content\/uploads\/2026\/04\/4100.754@Anesi-Harmony-Skin-Rescue-Gift-Box_1-3.png","width":600,"height":600},{"@type":"BreadcrumbList","@id":"https:\/\/districos.standingout.be\/fr\/product\/anesi-harmony-skin-resque-gift-box-ref-4100-754\/#breadcrumb","itemListElement":[{"@type":"ListItem","position":1,"name":"Home","item":"https:\/\/districos.standingout.be\/fr\/bienvenue-chez-districos\/"},{"@type":"ListItem","position":2,"name":"Boutique","item":"https:\/\/districos.standingout.be\/fr\/boutique\/"},{"@type":"ListItem","position":3,"name":"Anesi Harmony Skin Resque Gift Box"}]},{"@type":"WebSite","@id":"https:\/\/districos.standingout.be\/fr\/#website","url":"https:\/\/districos.standingout.be\/fr\/","name":"Districos Webshop","description":"","publisher":{"@id":"https:\/\/districos.standingout.be\/fr\/#organization"},"potentialAction":[{"@type":"SearchAction","target":{"@type":"EntryPoint","urlTemplate":"https:\/\/districos.standingout.be\/fr\/?s={search_term_string}"},"query-input":{"@type":"PropertyValueSpecification","valueRequired":true,"valueName":"search_term_string"}}],"inLanguage":"fr-FR"},{"@type":"Organization","@id":"https:\/\/districos.standingout.be\/fr\/#organization","name":"Districos Webshop","url":"https:\/\/districos.standingout.be\/fr\/","logo":{"@type":"ImageObject","inLanguage":"fr-FR","@id":"https:\/\/districos.standingout.be\/fr\/#\/schema\/logo\/image\/","url":"https:\/\/districos.standingout.be\/wp-content\/uploads\/2022\/09\/Districos_Logo_Webshop.svg","contentUrl":"https:\/\/districos.standingout.be\/wp-content\/uploads\/2022\/09\/Districos_Logo_Webshop.svg","caption":"Districos Webshop"},"image":{"@id":"https:\/\/districos.standingout.be\/fr\/#\/schema\/logo\/image\/"}}]}},"_links":{"self":[{"href":"https:\/\/districos.standingout.be\/fr\/wp-json\/wp\/v2\/product\/134285","targetHints":{"allow":["GET"]}}],"collection":[{"href":"https:\/\/districos.standingout.be\/fr\/wp-json\/wp\/v2\/product"}],"about":[{"href":"https:\/\/districos.standingout.be\/fr\/wp-json\/wp\/v2\/types\/product"}],"replies":[{"embeddable":true,"href":"https:\/\/districos.standingout.be\/fr\/wp-json\/wp\/v2\/comments?post=134285"}],"wp:featuredmedia":[{"embeddable":true,"href":"https:\/\/districos.standingout.be\/fr\/wp-json\/wp\/v2\/media\/144039"}],"wp:attachment":[{"href":"https:\/\/districos.standingout.be\/fr\/wp-json\/wp\/v2\/media?parent=134285"}],"wp:term":[{"taxonomy":"product_brand","embeddable":true,"href":"https:\/\/districos.standingout.be\/fr\/wp-json\/wp\/v2\/product_brand?post=134285"},{"taxonomy":"product_cat","embeddable":true,"href":"https:\/\/districos.standingout.be\/fr\/wp-json\/wp\/v2\/product_cat?post=134285"},{"taxonomy":"product_tag","embeddable":true,"href":"https:\/\/districos.standingout.be\/fr\/wp-json\/wp\/v2\/product_tag?post=134285"}],"curies":[{"name":"wp","href":"https:\/\/api.w.org\/{rel}","templated":true}]}}