{"id":134293,"date":"2026-04-28T02:14:13","date_gmt":"2026-04-28T00:14:13","guid":{"rendered":"https:\/\/webshopdistricoscom.webhosting.be\/product\/anesi-epigenesse-skin-duo-gift-pack-ref-4100-759-2\/"},"modified":"2026-04-28T02:14:14","modified_gmt":"2026-04-28T00:14:14","slug":"anesi-epigenesse-skin-duo-gift-pack-ref-4100-759","status":"publish","type":"product","link":"https:\/\/districos.standingout.be\/fr\/product\/anesi-epigenesse-skin-duo-gift-pack-ref-4100-759\/","title":{"rendered":"Anesi Epigenesse Skin Duo Gift Pack"},"content":{"rendered":"<p >\n<\/p>\n<\/p>\n<\/p>\n<\/p>\n<p><b><font face=\"Verdana, sans-serif\">Magnifique coffret cadeau en \u00e9dition limit\u00e9e de la ligne de soins populaire d&rsquo;<\/font><span>Anesi, pr\u00e9sent\u00e9 dans une trousse de toilette pratique !<\/span><\/b><\/p>\n<p><font face=\"Verdana, sans-serif\">Ce coffret cadeau d&rsquo;Anesi Lab, propos\u00e9 \u00e0 un prix imbattable, est id\u00e9al pour la f\u00eate des M\u00e8res, les anniversaires, la Saint-Valentin ou les f\u00eates de fin d&rsquo;ann\u00e9e.&nbsp;<\/font><span>Le set particuli\u00e8rement avantageux contient des produits de soins \u00e0 domicile de haute qualit\u00e9 pour les peaux matures (\u00e0 partir de 50 ans) avec les ingr\u00e9dients actifs les plus r\u00e9cents et les connaissances les plus r\u00e9centes en mati\u00e8re d&rsquo;\u00e9pig\u00e9n\u00e9tique et de vieillissement de la peau.<\/span><\/p>\n<p><span><b>CONTENU<br \/><\/b><\/span><\/p>\n<ul>\n<li><span data-start=\"667\" data-end=\"685\"><i>1 x&nbsp;<\/i><\/span><span>Epigenesse S\u00e9rum R\u00e9novateur 30 ml<\/span><\/li>\n<li><i><span data-start=\"667\" data-end=\"685\">1 x&nbsp;<\/span>Epigenesse Cr\u00e8me de Jour Revitalisante 50 ml<\/i><\/li>\n<li><i>1 x trousse de toilette pratique<\/i><\/li>\n<\/ul>\n<p><font face=\"Verdana\"><b>Aussi disponible :<br \/><\/b><\/font><\/p>\n<div>\n<ul>\n<li><span>Gift Pack Harmony Skin Duo Kit (r\u00e9f.&nbsp;<\/span><a href=\"https:\/\/webshop.districos.com\/ProductDetail\/4100.757\"style=\"font-family: Verdana, sans-serif; font-size: 10pt;\" target=\"_blank\" rel=\"noopener noreferrer nofollow\">4100.757<\/a><span>)<\/span><\/li>\n<li><span>Pack Aqua Vital Skin Duo Kit (r\u00e9f.&nbsp;<a href=\"https:\/\/webshop.districos.com\/ProductDetail\/4100.758\" target=\"_blank\" rel=\"noopener noreferrer nofollow\"> 4100.758<\/a>)<\/span><\/li>\n<\/ul>\n<div>\n<div><font face=\"Verdana, sans-serif\"><b>Demandez votre affiche promotionnelle gratuite lors de votre commande !<\/b><\/font><\/div>\n<div>\n<ul>\n<li><font face=\"Verdana, sans-serif\">Poster Anesi Lab Skin Duo Gift Packs &#8211; A3 (<a href=\"https:\/\/webshop.districos.com\/ProductDetail\/Y164.134\" target=\"_blank\" rel=\"noopener noreferrer nofollow\"> &nbsp;r\u00e9f.<\/a>&nbsp;<\/font><a href=\"https:\/\/webshop.districos.com\/ProductDetail\/Y164.134\" target=\"_blank\" rel=\"noopener noreferrer nofollow\"> &nbsp;Y164.134<\/a>)<\/li>\n<\/ul>\n<\/div>\n<\/div>\n<p><b><span lang=\"FR\">D\u00e9couvrez aussi les autres coffrets cadeaux d&rsquo;Anesi Lab :<br \/><\/span><\/b><\/p>\n<div>\n<ul>\n<li><span>Gift Pack Aqua Vital Essentials (r\u00e9f. <\/span><a href=\"https:\/\/webshop.districos.com\/ProductDetail\/4100.753\"style=\"font-family: Verdana, sans-serif; font-size: 10pt;\" target=\"_blank\" rel=\"noopener noreferrer nofollow\"> 4100.753<\/a><span>)<\/span><\/li>\n<li><span>Harmony Skin Rescue Gift Box (r\u00e9f.&nbsp;<\/span><a href=\"https:\/\/webshop.districos.com\/ProductDetail\/4100.754\"style=\"font-family: Verdana, sans-serif; font-size: 10pt;\" target=\"_blank\" rel=\"noopener noreferrer nofollow\">4100.754<\/a><span>)<\/span><\/li>\n<li><span>Epigenesse Age Renew Box&nbsp;<\/span><span>(r\u00e9f.&nbsp;<a href=\"https:\/\/webshop.districos.com\/ProductDetail\/4100.755\" target=\"_blank\" rel=\"noopener noreferrer nofollow\"> &nbsp;4100.755<\/a>)<\/span><\/li>\n<li><span>Aqua Vital Hydra Boost Gift Box (r\u00e9f. <a href=\"https:\/\/webshop.districos.com\/ProductDetail\/4100.756\" target=\"_blank\" rel=\"noopener noreferrer nofollow\"> 4100.756<\/a>)<\/span><\/li>\n<\/ul>\n<\/div><\/div>\n","protected":false},"excerpt":{"rendered":"<p>Magnifique coffret cadeau en \u00e9dition limit\u00e9e de la ligne de soins populaire d&rsquo;Anesi, pr\u00e9sent\u00e9 dans une trousse de toilette pratique ! Ce coffret cadeau d&rsquo;Anesi Lab, propos\u00e9 \u00e0 un prix imbattable, est id\u00e9al pour la f\u00eate des M\u00e8res, les anniversaires, la Saint-Valentin ou les f\u00eates de fin d&rsquo;ann\u00e9e.&nbsp;Le set particuli\u00e8rement avantageux contient des produits de [&hellip;]<\/p>\n","protected":false},"featured_media":144063,"comment_status":"open","ping_status":"closed","template":"","meta":{"_acf_changed":false},"product_brand":[10280],"product_cat":[9858],"product_tag":[],"class_list":{"0":"post-134293","1":"product","2":"type-product","3":"status-publish","4":"has-post-thumbnail","6":"product_brand-anesi-fr","7":"product_cat-beaute-visage-anesi-visage","9":"first","10":"instock","11":"taxable","12":"shipping-taxable","13":"product-type-simple"},"acf":[],"yoast_head":"<!-- This site is optimized with the Yoast SEO plugin v27.3 - https:\/\/yoast.com\/product\/yoast-seo-wordpress\/ -->\n<title>Anesi Epigenesse Skin Duo Gift Pack - Districos Webshop<\/title>\n<meta name=\"robots\" content=\"noindex, follow, max-snippet:-1, max-image-preview:large, max-video-preview:-1\" \/>\n<meta property=\"og:locale\" content=\"fr_FR\" \/>\n<meta property=\"og:type\" content=\"article\" \/>\n<meta property=\"og:title\" content=\"Anesi Epigenesse Skin Duo Gift Pack - Districos Webshop\" \/>\n<meta property=\"og:description\" content=\"Magnifique coffret cadeau en \u00e9dition limit\u00e9e de la ligne de soins populaire d&rsquo;Anesi, pr\u00e9sent\u00e9 dans une trousse de toilette pratique ! Ce coffret cadeau d&rsquo;Anesi Lab, propos\u00e9 \u00e0 un prix imbattable, est id\u00e9al pour la f\u00eate des M\u00e8res, les anniversaires, la Saint-Valentin ou les f\u00eates de fin d&rsquo;ann\u00e9e.&nbsp;Le set particuli\u00e8rement avantageux contient des produits de [&hellip;]\" \/>\n<meta property=\"og:url\" content=\"https:\/\/districos.standingout.be\/fr\/product\/anesi-epigenesse-skin-duo-gift-pack-ref-4100-759\/\" \/>\n<meta property=\"og:site_name\" content=\"Districos Webshop\" \/>\n<meta property=\"article:modified_time\" content=\"2026-04-28T00:14:14+00:00\" \/>\n<meta property=\"og:image\" content=\"https:\/\/districos.standingout.be\/wp-content\/uploads\/2026\/04\/4100.759@Anesi-Gift-Pack-Epigenesse-Skin-Duo-Kit_1-2.png\" \/>\n\t<meta property=\"og:image:width\" content=\"600\" \/>\n\t<meta property=\"og:image:height\" content=\"600\" \/>\n\t<meta property=\"og:image:type\" content=\"image\/png\" \/>\n<meta name=\"twitter:card\" content=\"summary_large_image\" \/>\n<meta name=\"twitter:label1\" content=\"Dur\u00e9e de lecture estim\u00e9e\" \/>\n\t<meta name=\"twitter:data1\" content=\"1 minute\" \/>\n<script type=\"application\/ld+json\" class=\"yoast-schema-graph\">{\"@context\":\"https:\\\/\\\/schema.org\",\"@graph\":[{\"@type\":\"WebPage\",\"@id\":\"https:\\\/\\\/districos.standingout.be\\\/fr\\\/product\\\/anesi-epigenesse-skin-duo-gift-pack-ref-4100-759\\\/\",\"url\":\"https:\\\/\\\/districos.standingout.be\\\/fr\\\/product\\\/anesi-epigenesse-skin-duo-gift-pack-ref-4100-759\\\/\",\"name\":\"Anesi Epigenesse Skin Duo Gift Pack - Districos Webshop\",\"isPartOf\":{\"@id\":\"https:\\\/\\\/districos.standingout.be\\\/fr\\\/#website\"},\"primaryImageOfPage\":{\"@id\":\"https:\\\/\\\/districos.standingout.be\\\/fr\\\/product\\\/anesi-epigenesse-skin-duo-gift-pack-ref-4100-759\\\/#primaryimage\"},\"image\":{\"@id\":\"https:\\\/\\\/districos.standingout.be\\\/fr\\\/product\\\/anesi-epigenesse-skin-duo-gift-pack-ref-4100-759\\\/#primaryimage\"},\"thumbnailUrl\":\"https:\\\/\\\/districos.standingout.be\\\/wp-content\\\/uploads\\\/2026\\\/04\\\/4100.759@Anesi-Gift-Pack-Epigenesse-Skin-Duo-Kit_1-3.png\",\"datePublished\":\"2026-04-28T00:14:13+00:00\",\"dateModified\":\"2026-04-28T00:14:14+00:00\",\"breadcrumb\":{\"@id\":\"https:\\\/\\\/districos.standingout.be\\\/fr\\\/product\\\/anesi-epigenesse-skin-duo-gift-pack-ref-4100-759\\\/#breadcrumb\"},\"inLanguage\":\"fr-FR\",\"potentialAction\":[{\"@type\":\"ReadAction\",\"target\":[\"https:\\\/\\\/districos.standingout.be\\\/fr\\\/product\\\/anesi-epigenesse-skin-duo-gift-pack-ref-4100-759\\\/\"]}]},{\"@type\":\"ImageObject\",\"inLanguage\":\"fr-FR\",\"@id\":\"https:\\\/\\\/districos.standingout.be\\\/fr\\\/product\\\/anesi-epigenesse-skin-duo-gift-pack-ref-4100-759\\\/#primaryimage\",\"url\":\"https:\\\/\\\/districos.standingout.be\\\/wp-content\\\/uploads\\\/2026\\\/04\\\/4100.759@Anesi-Gift-Pack-Epigenesse-Skin-Duo-Kit_1-3.png\",\"contentUrl\":\"https:\\\/\\\/districos.standingout.be\\\/wp-content\\\/uploads\\\/2026\\\/04\\\/4100.759@Anesi-Gift-Pack-Epigenesse-Skin-Duo-Kit_1-3.png\",\"width\":600,\"height\":600},{\"@type\":\"BreadcrumbList\",\"@id\":\"https:\\\/\\\/districos.standingout.be\\\/fr\\\/product\\\/anesi-epigenesse-skin-duo-gift-pack-ref-4100-759\\\/#breadcrumb\",\"itemListElement\":[{\"@type\":\"ListItem\",\"position\":1,\"name\":\"Home\",\"item\":\"https:\\\/\\\/districos.standingout.be\\\/fr\\\/bienvenue-chez-districos\\\/\"},{\"@type\":\"ListItem\",\"position\":2,\"name\":\"Boutique\",\"item\":\"https:\\\/\\\/districos.standingout.be\\\/fr\\\/boutique\\\/\"},{\"@type\":\"ListItem\",\"position\":3,\"name\":\"Anesi Epigenesse Skin Duo Gift Pack\"}]},{\"@type\":\"WebSite\",\"@id\":\"https:\\\/\\\/districos.standingout.be\\\/fr\\\/#website\",\"url\":\"https:\\\/\\\/districos.standingout.be\\\/fr\\\/\",\"name\":\"Districos Webshop\",\"description\":\"\",\"publisher\":{\"@id\":\"https:\\\/\\\/districos.standingout.be\\\/fr\\\/#organization\"},\"potentialAction\":[{\"@type\":\"SearchAction\",\"target\":{\"@type\":\"EntryPoint\",\"urlTemplate\":\"https:\\\/\\\/districos.standingout.be\\\/fr\\\/?s={search_term_string}\"},\"query-input\":{\"@type\":\"PropertyValueSpecification\",\"valueRequired\":true,\"valueName\":\"search_term_string\"}}],\"inLanguage\":\"fr-FR\"},{\"@type\":\"Organization\",\"@id\":\"https:\\\/\\\/districos.standingout.be\\\/fr\\\/#organization\",\"name\":\"Districos Webshop\",\"url\":\"https:\\\/\\\/districos.standingout.be\\\/fr\\\/\",\"logo\":{\"@type\":\"ImageObject\",\"inLanguage\":\"fr-FR\",\"@id\":\"https:\\\/\\\/districos.standingout.be\\\/fr\\\/#\\\/schema\\\/logo\\\/image\\\/\",\"url\":\"https:\\\/\\\/districos.standingout.be\\\/wp-content\\\/uploads\\\/2022\\\/09\\\/Districos_Logo_Webshop.svg\",\"contentUrl\":\"https:\\\/\\\/districos.standingout.be\\\/wp-content\\\/uploads\\\/2022\\\/09\\\/Districos_Logo_Webshop.svg\",\"caption\":\"Districos Webshop\"},\"image\":{\"@id\":\"https:\\\/\\\/districos.standingout.be\\\/fr\\\/#\\\/schema\\\/logo\\\/image\\\/\"}}]}<\/script>\n<!-- \/ Yoast SEO plugin. -->","yoast_head_json":{"title":"Anesi Epigenesse Skin Duo Gift Pack - Districos Webshop","robots":{"index":"noindex","follow":"follow","max-snippet":"max-snippet:-1","max-image-preview":"max-image-preview:large","max-video-preview":"max-video-preview:-1"},"og_locale":"fr_FR","og_type":"article","og_title":"Anesi Epigenesse Skin Duo Gift Pack - Districos Webshop","og_description":"Magnifique coffret cadeau en \u00e9dition limit\u00e9e de la ligne de soins populaire d&rsquo;Anesi, pr\u00e9sent\u00e9 dans une trousse de toilette pratique ! Ce coffret cadeau d&rsquo;Anesi Lab, propos\u00e9 \u00e0 un prix imbattable, est id\u00e9al pour la f\u00eate des M\u00e8res, les anniversaires, la Saint-Valentin ou les f\u00eates de fin d&rsquo;ann\u00e9e.&nbsp;Le set particuli\u00e8rement avantageux contient des produits de [&hellip;]","og_url":"https:\/\/districos.standingout.be\/fr\/product\/anesi-epigenesse-skin-duo-gift-pack-ref-4100-759\/","og_site_name":"Districos Webshop","article_modified_time":"2026-04-28T00:14:14+00:00","og_image":[{"width":600,"height":600,"url":"https:\/\/districos.standingout.be\/wp-content\/uploads\/2026\/04\/4100.759@Anesi-Gift-Pack-Epigenesse-Skin-Duo-Kit_1-2.png","type":"image\/png"}],"twitter_card":"summary_large_image","twitter_misc":{"Dur\u00e9e de lecture estim\u00e9e":"1 minute"},"schema":{"@context":"https:\/\/schema.org","@graph":[{"@type":"WebPage","@id":"https:\/\/districos.standingout.be\/fr\/product\/anesi-epigenesse-skin-duo-gift-pack-ref-4100-759\/","url":"https:\/\/districos.standingout.be\/fr\/product\/anesi-epigenesse-skin-duo-gift-pack-ref-4100-759\/","name":"Anesi Epigenesse Skin Duo Gift Pack - Districos Webshop","isPartOf":{"@id":"https:\/\/districos.standingout.be\/fr\/#website"},"primaryImageOfPage":{"@id":"https:\/\/districos.standingout.be\/fr\/product\/anesi-epigenesse-skin-duo-gift-pack-ref-4100-759\/#primaryimage"},"image":{"@id":"https:\/\/districos.standingout.be\/fr\/product\/anesi-epigenesse-skin-duo-gift-pack-ref-4100-759\/#primaryimage"},"thumbnailUrl":"https:\/\/districos.standingout.be\/wp-content\/uploads\/2026\/04\/4100.759@Anesi-Gift-Pack-Epigenesse-Skin-Duo-Kit_1-3.png","datePublished":"2026-04-28T00:14:13+00:00","dateModified":"2026-04-28T00:14:14+00:00","breadcrumb":{"@id":"https:\/\/districos.standingout.be\/fr\/product\/anesi-epigenesse-skin-duo-gift-pack-ref-4100-759\/#breadcrumb"},"inLanguage":"fr-FR","potentialAction":[{"@type":"ReadAction","target":["https:\/\/districos.standingout.be\/fr\/product\/anesi-epigenesse-skin-duo-gift-pack-ref-4100-759\/"]}]},{"@type":"ImageObject","inLanguage":"fr-FR","@id":"https:\/\/districos.standingout.be\/fr\/product\/anesi-epigenesse-skin-duo-gift-pack-ref-4100-759\/#primaryimage","url":"https:\/\/districos.standingout.be\/wp-content\/uploads\/2026\/04\/4100.759@Anesi-Gift-Pack-Epigenesse-Skin-Duo-Kit_1-3.png","contentUrl":"https:\/\/districos.standingout.be\/wp-content\/uploads\/2026\/04\/4100.759@Anesi-Gift-Pack-Epigenesse-Skin-Duo-Kit_1-3.png","width":600,"height":600},{"@type":"BreadcrumbList","@id":"https:\/\/districos.standingout.be\/fr\/product\/anesi-epigenesse-skin-duo-gift-pack-ref-4100-759\/#breadcrumb","itemListElement":[{"@type":"ListItem","position":1,"name":"Home","item":"https:\/\/districos.standingout.be\/fr\/bienvenue-chez-districos\/"},{"@type":"ListItem","position":2,"name":"Boutique","item":"https:\/\/districos.standingout.be\/fr\/boutique\/"},{"@type":"ListItem","position":3,"name":"Anesi Epigenesse Skin Duo Gift Pack"}]},{"@type":"WebSite","@id":"https:\/\/districos.standingout.be\/fr\/#website","url":"https:\/\/districos.standingout.be\/fr\/","name":"Districos Webshop","description":"","publisher":{"@id":"https:\/\/districos.standingout.be\/fr\/#organization"},"potentialAction":[{"@type":"SearchAction","target":{"@type":"EntryPoint","urlTemplate":"https:\/\/districos.standingout.be\/fr\/?s={search_term_string}"},"query-input":{"@type":"PropertyValueSpecification","valueRequired":true,"valueName":"search_term_string"}}],"inLanguage":"fr-FR"},{"@type":"Organization","@id":"https:\/\/districos.standingout.be\/fr\/#organization","name":"Districos Webshop","url":"https:\/\/districos.standingout.be\/fr\/","logo":{"@type":"ImageObject","inLanguage":"fr-FR","@id":"https:\/\/districos.standingout.be\/fr\/#\/schema\/logo\/image\/","url":"https:\/\/districos.standingout.be\/wp-content\/uploads\/2022\/09\/Districos_Logo_Webshop.svg","contentUrl":"https:\/\/districos.standingout.be\/wp-content\/uploads\/2022\/09\/Districos_Logo_Webshop.svg","caption":"Districos Webshop"},"image":{"@id":"https:\/\/districos.standingout.be\/fr\/#\/schema\/logo\/image\/"}}]}},"_links":{"self":[{"href":"https:\/\/districos.standingout.be\/fr\/wp-json\/wp\/v2\/product\/134293","targetHints":{"allow":["GET"]}}],"collection":[{"href":"https:\/\/districos.standingout.be\/fr\/wp-json\/wp\/v2\/product"}],"about":[{"href":"https:\/\/districos.standingout.be\/fr\/wp-json\/wp\/v2\/types\/product"}],"replies":[{"embeddable":true,"href":"https:\/\/districos.standingout.be\/fr\/wp-json\/wp\/v2\/comments?post=134293"}],"wp:featuredmedia":[{"embeddable":true,"href":"https:\/\/districos.standingout.be\/fr\/wp-json\/wp\/v2\/media\/144063"}],"wp:attachment":[{"href":"https:\/\/districos.standingout.be\/fr\/wp-json\/wp\/v2\/media?parent=134293"}],"wp:term":[{"taxonomy":"product_brand","embeddable":true,"href":"https:\/\/districos.standingout.be\/fr\/wp-json\/wp\/v2\/product_brand?post=134293"},{"taxonomy":"product_cat","embeddable":true,"href":"https:\/\/districos.standingout.be\/fr\/wp-json\/wp\/v2\/product_cat?post=134293"},{"taxonomy":"product_tag","embeddable":true,"href":"https:\/\/districos.standingout.be\/fr\/wp-json\/wp\/v2\/product_tag?post=134293"}],"curies":[{"name":"wp","href":"https:\/\/api.w.org\/{rel}","templated":true}]}}