{"id":134297,"date":"2026-04-28T02:14:18","date_gmt":"2026-04-28T00:14:18","guid":{"rendered":"https:\/\/webshopdistricoscom.webhosting.be\/product\/anesi-fresh-mix-jelly-vitamin-b3-niacinamide-20-ml-ref-4110-02-2\/"},"modified":"2026-04-28T02:14:22","modified_gmt":"2026-04-28T00:14:22","slug":"anesi-fresh-mix-jelly-vitamin-b3-niacinamide-20-ml-ref-4110-02","status":"publish","type":"product","link":"https:\/\/districos.standingout.be\/fr\/product\/anesi-fresh-mix-jelly-vitamin-b3-niacinamide-20-ml-ref-4110-02\/","title":{"rendered":"Anesi Fresh Mix Jelly Vitamin B3 Niacinamide 20 ml"},"content":{"rendered":"<p >\n<\/p>\n<\/p>\n<\/p>\n<\/p>\n<p><span lang=\"FR\">Le Fresh Mix Jelly Vitamin B3 Niacinamide est un gel hydratant qui est personnalis\u00e9 avec une activation innovante afin de fournir \u00e0 la peau des puissants ingr\u00e9dients actifs. Il hydrate, illumine et am\u00e9liore le teint et la clart\u00e9 de la peau.<o:p><\/o:p><\/span><\/p>\n<p><b>Substances actives<\/b><\/p>\n<\/p>\n<ul>\n<li><span lang=\"FR\">L\u2019Hydra-Gel revitalise et hydrate, tout en am\u00e9liorant visiblement l\u2019\u00e9clat de la peau pour un teint plus frais.<\/span><\/li>\n<li><span lang=\"FR\">La niacinamide, qui renforce la peau, est m\u00e9lang\u00e9e \u00e0 l\u2019Hydra-Gel pour rehausser l\u2019\u00e9clat du visage, r\u00e9duire les pores et am\u00e9liorer visiblement la texture et l\u2019aspect de la peau pour un teint plus clair et plus lumineux.<\/span><\/li>\n<li><span lang=\"FR\">La niacinamide est associ\u00e9e \u00e0 l\u2019acide az\u00e9la\u00efque, \u00e0 la glycine et au bisabolol pour un teint plus uniforme \u00e0 l\u2019aspect plus lumineux.<\/span><\/li>\n<\/ul>\n<div><b>Mode d\u2019emploi<\/b><\/div>\n<\/p>\n<ul>\n<li><span lang=\"FR\">La premi\u00e8re pression lib\u00e8re la niacinamide (vitamine B3) dans l\u2019Hydra-Gel. Bien agiter pour m\u00e9langer.<\/span><\/li>\n<li><span lang=\"FR\">Appliquer 1 \u00e0 2 pressions sur une peau propre, le matin et le soir.<\/span><\/li>\n<li><span lang=\"FR\">Masser jusqu\u2019\u00e0 absorption.<\/span><\/li>\n<li><span lang=\"FR\">Appliquer ensuite une cr\u00e8me hydratante si n\u00e9cessaire.<\/span><\/li>\n<\/ul>\n<p><b>Conseils d\u2019utilisation<\/b><\/p>\n<\/p>\n<ul>\n<li><span lang=\"FR\">Une fois m\u00e9lang\u00e9, utiliser dans les 4 semaines.<\/span><\/li>\n<li><span lang=\"FR\">Pour des meilleurs r\u00e9sultats, utiliser pendant 2 semaines d\u2019affil\u00e9e.<\/span><\/li>\n<\/ul>\n<div>\n<p><b>4 types de Fresh Mix Jelly\u2019s<\/b><o:p><\/o:p><\/p>\n<\/p>\n<ul>\n<li><span lang=\"FR\">Vitamin C (<u><a href=\"https:\/\/districos.com\/ProductDetail\/4110.01\" target=\"_blank\" rel=\"noopener noreferrer nofollow\">r\u00e9f. 4110.01<\/a><\/u>) : donne de l\u2019\u00e9clat \u2013 prot\u00e8ge \u2013 revitalise<\/span><\/li>\n<li><span lang=\"FR\">Vitamin B3 Niacinamide (r\u00e9f. 4110.02) : donne de l\u2019\u00e9clat \u2013 affine \u2013 illumine<\/span><\/li>\n<li><span lang=\"FR\">Vitamin B5 Panthenol (<u><a href=\"https:\/\/districos.com\/ProductDetail\/4110.03\" target=\"_blank\" rel=\"noopener noreferrer nofollow\">r\u00e9f. 4110.03<\/a><\/u>) : apaise \u2013 hydrate \u2013 r\u00e9pare<\/span><\/li>\n<li>HA Hyaluronic Acid (<u><a href=\"https:\/\/districos.com\/ProductDetail\/4110.04\" target=\"_blank\" rel=\"noopener noreferrer nofollow\">r\u00e9f. 4110.04<\/a><\/u>) : hydrate \u2013 repulpe \u2013 illumine<\/li>\n<\/ul>\n<\/div>\n<div>\n<p><span lang=\"FR\"><b>Pour plus de b\u00e9n\u00e9fices pour la peau, vous pouvez combiner les Fresh Mix Jelly\u2019s&nbsp;:<\/b><o:p><\/o:p><\/span><\/p>\n<\/p>\n<ul>\n<li><span lang=\"FR\">Peau s\u00e8che et sensible : Vitamin B5 Panthenol + HA Hyaluronic Acid<\/span><\/li>\n<li><span lang=\"FR\">Peau terne et s\u00e8che : Vitamin C + HA Hyaluronic Acid<\/span><\/li>\n<li><span lang=\"FR\">Peau terne et irr\u00e9gularit\u00e9s : Vitamin C + Vitamin B3 Niacinamide<\/span><\/li>\n<li><span lang=\"FR\">Peau sensible et irr\u00e9gularit\u00e9s : Vitamin B3 Niacinamide + Vitamin B5 Panthenol<\/span><\/li>\n<\/ul>\n<\/p><\/div><\/p>\n","protected":false},"excerpt":{"rendered":"<p>Le Fresh Mix Jelly Vitamin B3 Niacinamide est un gel hydratant qui est personnalis\u00e9 avec une activation innovante afin de fournir \u00e0 la peau des puissants ingr\u00e9dients actifs. Il hydrate, illumine et am\u00e9liore le teint et la clart\u00e9 de la peau. Substances actives L\u2019Hydra-Gel revitalise et hydrate, tout en am\u00e9liorant visiblement l\u2019\u00e9clat de la peau [&hellip;]<\/p>\n","protected":false},"featured_media":70952,"comment_status":"open","ping_status":"closed","template":"","meta":{"_acf_changed":false},"product_brand":[10280],"product_cat":[9858],"product_tag":[],"class_list":{"0":"post-134297","1":"product","2":"type-product","3":"status-publish","4":"has-post-thumbnail","6":"product_brand-anesi-fr","7":"product_cat-beaute-visage-anesi-visage","9":"first","10":"instock","11":"taxable","12":"shipping-taxable","13":"product-type-simple"},"acf":[],"yoast_head":"<!-- This site is optimized with the Yoast SEO plugin v27.3 - https:\/\/yoast.com\/product\/yoast-seo-wordpress\/ -->\n<title>Anesi Fresh Mix Jelly Vitamin B3 Niacinamide 20 ml - Districos Webshop<\/title>\n<meta name=\"robots\" content=\"noindex, follow, max-snippet:-1, max-image-preview:large, max-video-preview:-1\" \/>\n<meta property=\"og:locale\" content=\"fr_FR\" \/>\n<meta property=\"og:type\" content=\"article\" \/>\n<meta property=\"og:title\" content=\"Anesi Fresh Mix Jelly Vitamin B3 Niacinamide 20 ml - Districos Webshop\" \/>\n<meta property=\"og:description\" content=\"Le Fresh Mix Jelly Vitamin B3 Niacinamide est un gel hydratant qui est personnalis\u00e9 avec une activation innovante afin de fournir \u00e0 la peau des puissants ingr\u00e9dients actifs. Il hydrate, illumine et am\u00e9liore le teint et la clart\u00e9 de la peau. Substances actives L\u2019Hydra-Gel revitalise et hydrate, tout en am\u00e9liorant visiblement l\u2019\u00e9clat de la peau [&hellip;]\" \/>\n<meta property=\"og:url\" content=\"https:\/\/districos.standingout.be\/fr\/product\/anesi-fresh-mix-jelly-vitamin-b3-niacinamide-20-ml-ref-4110-02\/\" \/>\n<meta property=\"og:site_name\" content=\"Districos Webshop\" \/>\n<meta property=\"article:modified_time\" content=\"2026-04-28T00:14:22+00:00\" \/>\n<meta property=\"og:image\" content=\"https:\/\/districos.standingout.be\/wp-content\/uploads\/2025\/07\/4110.02@LowRes_0_99.png\" \/>\n\t<meta property=\"og:image:width\" content=\"600\" \/>\n\t<meta property=\"og:image:height\" content=\"600\" \/>\n\t<meta property=\"og:image:type\" content=\"image\/png\" \/>\n<meta name=\"twitter:card\" content=\"summary_large_image\" \/>\n<meta name=\"twitter:label1\" content=\"Dur\u00e9e de lecture estim\u00e9e\" \/>\n\t<meta name=\"twitter:data1\" content=\"1 minute\" \/>\n<script type=\"application\/ld+json\" class=\"yoast-schema-graph\">{\"@context\":\"https:\\\/\\\/schema.org\",\"@graph\":[{\"@type\":\"WebPage\",\"@id\":\"https:\\\/\\\/districos.standingout.be\\\/fr\\\/product\\\/anesi-fresh-mix-jelly-vitamin-b3-niacinamide-20-ml-ref-4110-02\\\/\",\"url\":\"https:\\\/\\\/districos.standingout.be\\\/fr\\\/product\\\/anesi-fresh-mix-jelly-vitamin-b3-niacinamide-20-ml-ref-4110-02\\\/\",\"name\":\"Anesi Fresh Mix Jelly Vitamin B3 Niacinamide 20 ml - Districos Webshop\",\"isPartOf\":{\"@id\":\"https:\\\/\\\/districos.standingout.be\\\/fr\\\/#website\"},\"primaryImageOfPage\":{\"@id\":\"https:\\\/\\\/districos.standingout.be\\\/fr\\\/product\\\/anesi-fresh-mix-jelly-vitamin-b3-niacinamide-20-ml-ref-4110-02\\\/#primaryimage\"},\"image\":{\"@id\":\"https:\\\/\\\/districos.standingout.be\\\/fr\\\/product\\\/anesi-fresh-mix-jelly-vitamin-b3-niacinamide-20-ml-ref-4110-02\\\/#primaryimage\"},\"thumbnailUrl\":\"https:\\\/\\\/districos.standingout.be\\\/wp-content\\\/uploads\\\/2025\\\/07\\\/4110.02@LowRes_0_99.png\",\"datePublished\":\"2026-04-28T00:14:18+00:00\",\"dateModified\":\"2026-04-28T00:14:22+00:00\",\"breadcrumb\":{\"@id\":\"https:\\\/\\\/districos.standingout.be\\\/fr\\\/product\\\/anesi-fresh-mix-jelly-vitamin-b3-niacinamide-20-ml-ref-4110-02\\\/#breadcrumb\"},\"inLanguage\":\"fr-FR\",\"potentialAction\":[{\"@type\":\"ReadAction\",\"target\":[\"https:\\\/\\\/districos.standingout.be\\\/fr\\\/product\\\/anesi-fresh-mix-jelly-vitamin-b3-niacinamide-20-ml-ref-4110-02\\\/\"]}]},{\"@type\":\"ImageObject\",\"inLanguage\":\"fr-FR\",\"@id\":\"https:\\\/\\\/districos.standingout.be\\\/fr\\\/product\\\/anesi-fresh-mix-jelly-vitamin-b3-niacinamide-20-ml-ref-4110-02\\\/#primaryimage\",\"url\":\"https:\\\/\\\/districos.standingout.be\\\/wp-content\\\/uploads\\\/2025\\\/07\\\/4110.02@LowRes_0_99.png\",\"contentUrl\":\"https:\\\/\\\/districos.standingout.be\\\/wp-content\\\/uploads\\\/2025\\\/07\\\/4110.02@LowRes_0_99.png\",\"width\":600,\"height\":600},{\"@type\":\"BreadcrumbList\",\"@id\":\"https:\\\/\\\/districos.standingout.be\\\/fr\\\/product\\\/anesi-fresh-mix-jelly-vitamin-b3-niacinamide-20-ml-ref-4110-02\\\/#breadcrumb\",\"itemListElement\":[{\"@type\":\"ListItem\",\"position\":1,\"name\":\"Home\",\"item\":\"https:\\\/\\\/districos.standingout.be\\\/fr\\\/bienvenue-chez-districos\\\/\"},{\"@type\":\"ListItem\",\"position\":2,\"name\":\"Boutique\",\"item\":\"https:\\\/\\\/districos.standingout.be\\\/fr\\\/boutique\\\/\"},{\"@type\":\"ListItem\",\"position\":3,\"name\":\"Anesi Fresh Mix Jelly Vitamin B3 Niacinamide 20 ml\"}]},{\"@type\":\"WebSite\",\"@id\":\"https:\\\/\\\/districos.standingout.be\\\/fr\\\/#website\",\"url\":\"https:\\\/\\\/districos.standingout.be\\\/fr\\\/\",\"name\":\"Districos Webshop\",\"description\":\"\",\"publisher\":{\"@id\":\"https:\\\/\\\/districos.standingout.be\\\/fr\\\/#organization\"},\"potentialAction\":[{\"@type\":\"SearchAction\",\"target\":{\"@type\":\"EntryPoint\",\"urlTemplate\":\"https:\\\/\\\/districos.standingout.be\\\/fr\\\/?s={search_term_string}\"},\"query-input\":{\"@type\":\"PropertyValueSpecification\",\"valueRequired\":true,\"valueName\":\"search_term_string\"}}],\"inLanguage\":\"fr-FR\"},{\"@type\":\"Organization\",\"@id\":\"https:\\\/\\\/districos.standingout.be\\\/fr\\\/#organization\",\"name\":\"Districos Webshop\",\"url\":\"https:\\\/\\\/districos.standingout.be\\\/fr\\\/\",\"logo\":{\"@type\":\"ImageObject\",\"inLanguage\":\"fr-FR\",\"@id\":\"https:\\\/\\\/districos.standingout.be\\\/fr\\\/#\\\/schema\\\/logo\\\/image\\\/\",\"url\":\"https:\\\/\\\/districos.standingout.be\\\/wp-content\\\/uploads\\\/2022\\\/09\\\/Districos_Logo_Webshop.svg\",\"contentUrl\":\"https:\\\/\\\/districos.standingout.be\\\/wp-content\\\/uploads\\\/2022\\\/09\\\/Districos_Logo_Webshop.svg\",\"caption\":\"Districos Webshop\"},\"image\":{\"@id\":\"https:\\\/\\\/districos.standingout.be\\\/fr\\\/#\\\/schema\\\/logo\\\/image\\\/\"}}]}<\/script>\n<!-- \/ Yoast SEO plugin. -->","yoast_head_json":{"title":"Anesi Fresh Mix Jelly Vitamin B3 Niacinamide 20 ml - Districos Webshop","robots":{"index":"noindex","follow":"follow","max-snippet":"max-snippet:-1","max-image-preview":"max-image-preview:large","max-video-preview":"max-video-preview:-1"},"og_locale":"fr_FR","og_type":"article","og_title":"Anesi Fresh Mix Jelly Vitamin B3 Niacinamide 20 ml - Districos Webshop","og_description":"Le Fresh Mix Jelly Vitamin B3 Niacinamide est un gel hydratant qui est personnalis\u00e9 avec une activation innovante afin de fournir \u00e0 la peau des puissants ingr\u00e9dients actifs. Il hydrate, illumine et am\u00e9liore le teint et la clart\u00e9 de la peau. Substances actives L\u2019Hydra-Gel revitalise et hydrate, tout en am\u00e9liorant visiblement l\u2019\u00e9clat de la peau [&hellip;]","og_url":"https:\/\/districos.standingout.be\/fr\/product\/anesi-fresh-mix-jelly-vitamin-b3-niacinamide-20-ml-ref-4110-02\/","og_site_name":"Districos Webshop","article_modified_time":"2026-04-28T00:14:22+00:00","og_image":[{"width":600,"height":600,"url":"https:\/\/districos.standingout.be\/wp-content\/uploads\/2025\/07\/4110.02@LowRes_0_99.png","type":"image\/png"}],"twitter_card":"summary_large_image","twitter_misc":{"Dur\u00e9e de lecture estim\u00e9e":"1 minute"},"schema":{"@context":"https:\/\/schema.org","@graph":[{"@type":"WebPage","@id":"https:\/\/districos.standingout.be\/fr\/product\/anesi-fresh-mix-jelly-vitamin-b3-niacinamide-20-ml-ref-4110-02\/","url":"https:\/\/districos.standingout.be\/fr\/product\/anesi-fresh-mix-jelly-vitamin-b3-niacinamide-20-ml-ref-4110-02\/","name":"Anesi Fresh Mix Jelly Vitamin B3 Niacinamide 20 ml - Districos Webshop","isPartOf":{"@id":"https:\/\/districos.standingout.be\/fr\/#website"},"primaryImageOfPage":{"@id":"https:\/\/districos.standingout.be\/fr\/product\/anesi-fresh-mix-jelly-vitamin-b3-niacinamide-20-ml-ref-4110-02\/#primaryimage"},"image":{"@id":"https:\/\/districos.standingout.be\/fr\/product\/anesi-fresh-mix-jelly-vitamin-b3-niacinamide-20-ml-ref-4110-02\/#primaryimage"},"thumbnailUrl":"https:\/\/districos.standingout.be\/wp-content\/uploads\/2025\/07\/4110.02@LowRes_0_99.png","datePublished":"2026-04-28T00:14:18+00:00","dateModified":"2026-04-28T00:14:22+00:00","breadcrumb":{"@id":"https:\/\/districos.standingout.be\/fr\/product\/anesi-fresh-mix-jelly-vitamin-b3-niacinamide-20-ml-ref-4110-02\/#breadcrumb"},"inLanguage":"fr-FR","potentialAction":[{"@type":"ReadAction","target":["https:\/\/districos.standingout.be\/fr\/product\/anesi-fresh-mix-jelly-vitamin-b3-niacinamide-20-ml-ref-4110-02\/"]}]},{"@type":"ImageObject","inLanguage":"fr-FR","@id":"https:\/\/districos.standingout.be\/fr\/product\/anesi-fresh-mix-jelly-vitamin-b3-niacinamide-20-ml-ref-4110-02\/#primaryimage","url":"https:\/\/districos.standingout.be\/wp-content\/uploads\/2025\/07\/4110.02@LowRes_0_99.png","contentUrl":"https:\/\/districos.standingout.be\/wp-content\/uploads\/2025\/07\/4110.02@LowRes_0_99.png","width":600,"height":600},{"@type":"BreadcrumbList","@id":"https:\/\/districos.standingout.be\/fr\/product\/anesi-fresh-mix-jelly-vitamin-b3-niacinamide-20-ml-ref-4110-02\/#breadcrumb","itemListElement":[{"@type":"ListItem","position":1,"name":"Home","item":"https:\/\/districos.standingout.be\/fr\/bienvenue-chez-districos\/"},{"@type":"ListItem","position":2,"name":"Boutique","item":"https:\/\/districos.standingout.be\/fr\/boutique\/"},{"@type":"ListItem","position":3,"name":"Anesi Fresh Mix Jelly Vitamin B3 Niacinamide 20 ml"}]},{"@type":"WebSite","@id":"https:\/\/districos.standingout.be\/fr\/#website","url":"https:\/\/districos.standingout.be\/fr\/","name":"Districos Webshop","description":"","publisher":{"@id":"https:\/\/districos.standingout.be\/fr\/#organization"},"potentialAction":[{"@type":"SearchAction","target":{"@type":"EntryPoint","urlTemplate":"https:\/\/districos.standingout.be\/fr\/?s={search_term_string}"},"query-input":{"@type":"PropertyValueSpecification","valueRequired":true,"valueName":"search_term_string"}}],"inLanguage":"fr-FR"},{"@type":"Organization","@id":"https:\/\/districos.standingout.be\/fr\/#organization","name":"Districos Webshop","url":"https:\/\/districos.standingout.be\/fr\/","logo":{"@type":"ImageObject","inLanguage":"fr-FR","@id":"https:\/\/districos.standingout.be\/fr\/#\/schema\/logo\/image\/","url":"https:\/\/districos.standingout.be\/wp-content\/uploads\/2022\/09\/Districos_Logo_Webshop.svg","contentUrl":"https:\/\/districos.standingout.be\/wp-content\/uploads\/2022\/09\/Districos_Logo_Webshop.svg","caption":"Districos Webshop"},"image":{"@id":"https:\/\/districos.standingout.be\/fr\/#\/schema\/logo\/image\/"}}]}},"_links":{"self":[{"href":"https:\/\/districos.standingout.be\/fr\/wp-json\/wp\/v2\/product\/134297","targetHints":{"allow":["GET"]}}],"collection":[{"href":"https:\/\/districos.standingout.be\/fr\/wp-json\/wp\/v2\/product"}],"about":[{"href":"https:\/\/districos.standingout.be\/fr\/wp-json\/wp\/v2\/types\/product"}],"replies":[{"embeddable":true,"href":"https:\/\/districos.standingout.be\/fr\/wp-json\/wp\/v2\/comments?post=134297"}],"wp:featuredmedia":[{"embeddable":true,"href":"https:\/\/districos.standingout.be\/fr\/wp-json\/wp\/v2\/media\/70952"}],"wp:attachment":[{"href":"https:\/\/districos.standingout.be\/fr\/wp-json\/wp\/v2\/media?parent=134297"}],"wp:term":[{"taxonomy":"product_brand","embeddable":true,"href":"https:\/\/districos.standingout.be\/fr\/wp-json\/wp\/v2\/product_brand?post=134297"},{"taxonomy":"product_cat","embeddable":true,"href":"https:\/\/districos.standingout.be\/fr\/wp-json\/wp\/v2\/product_cat?post=134297"},{"taxonomy":"product_tag","embeddable":true,"href":"https:\/\/districos.standingout.be\/fr\/wp-json\/wp\/v2\/product_tag?post=134297"}],"curies":[{"name":"wp","href":"https:\/\/api.w.org\/{rel}","templated":true}]}}