{"id":134307,"date":"2026-04-28T02:14:35","date_gmt":"2026-04-28T00:14:35","guid":{"rendered":"https:\/\/webshopdistricoscom.webhosting.be\/product\/anesi-cc-glow-cream-natural-medium-spf30-30-ml-ref-4110-22-2\/"},"modified":"2026-04-28T02:14:36","modified_gmt":"2026-04-28T00:14:36","slug":"anesi-cc-glow-cream-natural-medium-spf30-30-ml-ref-4110-22","status":"publish","type":"product","link":"https:\/\/districos.standingout.be\/fr\/product\/anesi-cc-glow-cream-natural-medium-spf30-30-ml-ref-4110-22\/","title":{"rendered":"Anesi CC Glow Cream Natural Medium SPF30 30 ml"},"content":{"rendered":"<p >\n<\/p>\n<\/p>\n<\/p>\n<\/p>\n<\/p>\n<p><b>La cr\u00e8me CC Glow est votre nouvelle solution tout-en-un pour une peau uniforme, \u00e9clatante et h\u00e2l\u00e9e.<\/b> Sa formule unique associe des technologies de pointe aux meilleurs ingr\u00e9dients naturels pour vous offrir le soin de la peau et le maquillage quotidien ultimes. Une cr\u00e8me CC hydratante avec protection anti-\u00e2ge et UV !<\/p>\n<p><b>Ingr\u00e9dients actifs<\/b><\/p>\n<ul>\n<li><b>Acide hyaluronique :<\/b> hydrate et revitalise la peau. Cette mol\u00e9cule miracle retient jusqu&rsquo;\u00e0 1 000 fois son poids en eau, ce qui garantit une hydratation intense et durable. La peau est imm\u00e9diatement plus repulp\u00e9e, plus souple et plus douce.<\/li>\n<li><b>Gatuline Expression :<\/b> Dites adieu aux rides d&rsquo;expression et bonjour \u00e0 une peau lisse et jeune ! La Gatuline Expression, ou botox naturel, est un extrait naturel de la plante Acmella Oleracea. Elle d\u00e9tend les muscles du visage et r\u00e9duit visiblement les rides et ridules. Profitez d&rsquo;une peau d&rsquo;apparence plus jeune, jour apr\u00e8s jour.<\/li>\n<li><b>SPF 30 (dioxyde de titane et m\u00e9thoxycinnamate d&rsquo;\u00e9thylhexyle) :<\/b> prot\u00e8ge votre peau contre les effets nocifs des rayons UV. Pr\u00e9venez les coups de soleil, le cancer de la peau et le vieillissement pr\u00e9matur\u00e9 tout en profitant d&rsquo;un teint impeccable. Qu&rsquo;il fasse beau ou nuageux, votre peau est toujours prot\u00e9g\u00e9e.<\/li>\n<\/ul>\n<p><b>Propri\u00e9t\u00e9s<\/b><\/p>\n<ul>\n<li>Tout-en-un : couvrance uniforme, hydratation, anti-\u00e2ge et protection solaire en une seule \u00e9tape pratique. Gagnez du temps et \u00e9conomisez vos efforts sans compromettre la qualit\u00e9 de vos soins de la peau.<\/li>\n<li>Convient \u00e0 tous les types de peau : que vous ayez la peau s\u00e8che, grasse ou sensible, la formule l\u00e9g\u00e8re et non com\u00e9dog\u00e8ne n&rsquo;obstrue pas les pores et laisse votre peau respirer.<\/li>\n<li>R\u00e9sultat imm\u00e9diat : la peau est instantan\u00e9ment plus \u00e9clatante, plus uniforme, plus jeune et douce au toucher.<\/li>\n<li>Beaut\u00e9 naturelle : la CC Glow Cream s&rsquo;adapte \u00e0 votre teint pour un r\u00e9sultat parfaitement uniforme, naturel et sans imperfections, sans la sensation de lourdeur d&rsquo;un fond de teint traditionnel.<\/li>\n<li>Fini velout\u00e9 et doux au toucher.<\/li>\n<\/ul>\n<p><b>Mode d&#8217;emploi<\/b><\/p>\n<ul>\n<li>Appliquez votre s\u00e9rum pr\u00e9f\u00e9r\u00e9 et \u00e9ventuellement une cr\u00e8me de jour.<\/li>\n<li>R\u00e9partissez uniform\u00e9ment la CC Glow Cream sur le visage ou sur les zones \u00e0 probl\u00e8mes. Utilisez un peu plus de CC Glow Cream si vous souhaitez plus de pigmentation.<\/li>\n<\/ul>\n<p><b>Disponible en 2 teintes<\/b><\/p>\n<ul>\n<li>Natural Light (r\u00e9f. <a href=\"https:\/\/webshop.districos.com\/ProductDetail\/4110.21\" target=\"_blank\" rel=\"noopener noreferrer nofollow\"> 4110.21<\/a>)<\/li>\n<li>Natural Medium (r\u00e9f. <a href=\"https:\/\/webshop.districos.com\/ProductDetail\/4110.22\" target=\"_blank\" rel=\"noopener noreferrer nofollow\"> 4110.22<\/a>)<\/li>\n<li>\u00c9galement disponible en pr\u00e9sentoir pratique avec testeurs (r\u00e9f. <a href=\"https:\/\/webshop.districos.com\/ProductDetail\/4110.20\" target=\"_blank\" rel=\"noopener noreferrer nofollow\"> 4110.20<\/a>)<\/li>\n<\/ul>\n<p><\/p>\n<div>\n<div>\n<\/p><\/div>\n<\/p>\n<p><span lang=\"FR\"> <\/span><\/p>\n<p><span><\/span><\/div>\n","protected":false},"excerpt":{"rendered":"<p>La cr\u00e8me CC Glow est votre nouvelle solution tout-en-un pour une peau uniforme, \u00e9clatante et h\u00e2l\u00e9e. Sa formule unique associe des technologies de pointe aux meilleurs ingr\u00e9dients naturels pour vous offrir le soin de la peau et le maquillage quotidien ultimes. Une cr\u00e8me CC hydratante avec protection anti-\u00e2ge et UV ! Ingr\u00e9dients actifs Acide hyaluronique [&hellip;]<\/p>\n","protected":false},"featured_media":144087,"comment_status":"open","ping_status":"closed","template":"","meta":{"_acf_changed":false},"product_brand":[10280],"product_cat":[9858,9886],"product_tag":[],"class_list":{"0":"post-134307","1":"product","2":"type-product","3":"status-publish","4":"has-post-thumbnail","6":"product_brand-anesi-fr","7":"product_cat-beaute-visage-anesi-visage","8":"product_cat-beaute-maquillage-teint","10":"first","11":"instock","12":"taxable","13":"shipping-taxable","14":"product-type-simple"},"acf":[],"yoast_head":"<!-- This site is optimized with the Yoast SEO plugin v27.3 - https:\/\/yoast.com\/product\/yoast-seo-wordpress\/ -->\n<title>Anesi CC Glow Cream Natural Medium SPF30 30 ml - Districos Webshop<\/title>\n<meta name=\"robots\" content=\"noindex, follow, max-snippet:-1, max-image-preview:large, max-video-preview:-1\" \/>\n<meta property=\"og:locale\" content=\"fr_FR\" \/>\n<meta property=\"og:type\" content=\"article\" \/>\n<meta property=\"og:title\" content=\"Anesi CC Glow Cream Natural Medium SPF30 30 ml - Districos Webshop\" \/>\n<meta property=\"og:description\" content=\"La cr\u00e8me CC Glow est votre nouvelle solution tout-en-un pour une peau uniforme, \u00e9clatante et h\u00e2l\u00e9e. Sa formule unique associe des technologies de pointe aux meilleurs ingr\u00e9dients naturels pour vous offrir le soin de la peau et le maquillage quotidien ultimes. Une cr\u00e8me CC hydratante avec protection anti-\u00e2ge et UV ! Ingr\u00e9dients actifs Acide hyaluronique [&hellip;]\" \/>\n<meta property=\"og:url\" content=\"https:\/\/districos.standingout.be\/fr\/product\/anesi-cc-glow-cream-natural-medium-spf30-30-ml-ref-4110-22\/\" \/>\n<meta property=\"og:site_name\" content=\"Districos Webshop\" \/>\n<meta property=\"article:modified_time\" content=\"2026-04-28T00:14:36+00:00\" \/>\n<meta property=\"og:image\" content=\"https:\/\/districos.standingout.be\/wp-content\/uploads\/2026\/04\/4110.22@Anesi-CC-Glow-Cream-Natural-Medium-SPF30-30-ml_1-2.png\" \/>\n\t<meta property=\"og:image:width\" content=\"600\" \/>\n\t<meta property=\"og:image:height\" content=\"600\" \/>\n\t<meta property=\"og:image:type\" content=\"image\/png\" \/>\n<meta name=\"twitter:card\" content=\"summary_large_image\" \/>\n<meta name=\"twitter:label1\" content=\"Dur\u00e9e de lecture estim\u00e9e\" \/>\n\t<meta name=\"twitter:data1\" content=\"2 minutes\" \/>\n<script type=\"application\/ld+json\" class=\"yoast-schema-graph\">{\"@context\":\"https:\\\/\\\/schema.org\",\"@graph\":[{\"@type\":\"WebPage\",\"@id\":\"https:\\\/\\\/districos.standingout.be\\\/fr\\\/product\\\/anesi-cc-glow-cream-natural-medium-spf30-30-ml-ref-4110-22\\\/\",\"url\":\"https:\\\/\\\/districos.standingout.be\\\/fr\\\/product\\\/anesi-cc-glow-cream-natural-medium-spf30-30-ml-ref-4110-22\\\/\",\"name\":\"Anesi CC Glow Cream Natural Medium SPF30 30 ml - Districos Webshop\",\"isPartOf\":{\"@id\":\"https:\\\/\\\/districos.standingout.be\\\/fr\\\/#website\"},\"primaryImageOfPage\":{\"@id\":\"https:\\\/\\\/districos.standingout.be\\\/fr\\\/product\\\/anesi-cc-glow-cream-natural-medium-spf30-30-ml-ref-4110-22\\\/#primaryimage\"},\"image\":{\"@id\":\"https:\\\/\\\/districos.standingout.be\\\/fr\\\/product\\\/anesi-cc-glow-cream-natural-medium-spf30-30-ml-ref-4110-22\\\/#primaryimage\"},\"thumbnailUrl\":\"https:\\\/\\\/districos.standingout.be\\\/wp-content\\\/uploads\\\/2026\\\/04\\\/4110.22@Anesi-CC-Glow-Cream-Natural-Medium-SPF30-30-ml_1-3.png\",\"datePublished\":\"2026-04-28T00:14:35+00:00\",\"dateModified\":\"2026-04-28T00:14:36+00:00\",\"breadcrumb\":{\"@id\":\"https:\\\/\\\/districos.standingout.be\\\/fr\\\/product\\\/anesi-cc-glow-cream-natural-medium-spf30-30-ml-ref-4110-22\\\/#breadcrumb\"},\"inLanguage\":\"fr-FR\",\"potentialAction\":[{\"@type\":\"ReadAction\",\"target\":[\"https:\\\/\\\/districos.standingout.be\\\/fr\\\/product\\\/anesi-cc-glow-cream-natural-medium-spf30-30-ml-ref-4110-22\\\/\"]}]},{\"@type\":\"ImageObject\",\"inLanguage\":\"fr-FR\",\"@id\":\"https:\\\/\\\/districos.standingout.be\\\/fr\\\/product\\\/anesi-cc-glow-cream-natural-medium-spf30-30-ml-ref-4110-22\\\/#primaryimage\",\"url\":\"https:\\\/\\\/districos.standingout.be\\\/wp-content\\\/uploads\\\/2026\\\/04\\\/4110.22@Anesi-CC-Glow-Cream-Natural-Medium-SPF30-30-ml_1-3.png\",\"contentUrl\":\"https:\\\/\\\/districos.standingout.be\\\/wp-content\\\/uploads\\\/2026\\\/04\\\/4110.22@Anesi-CC-Glow-Cream-Natural-Medium-SPF30-30-ml_1-3.png\",\"width\":600,\"height\":600},{\"@type\":\"BreadcrumbList\",\"@id\":\"https:\\\/\\\/districos.standingout.be\\\/fr\\\/product\\\/anesi-cc-glow-cream-natural-medium-spf30-30-ml-ref-4110-22\\\/#breadcrumb\",\"itemListElement\":[{\"@type\":\"ListItem\",\"position\":1,\"name\":\"Home\",\"item\":\"https:\\\/\\\/districos.standingout.be\\\/fr\\\/bienvenue-chez-districos\\\/\"},{\"@type\":\"ListItem\",\"position\":2,\"name\":\"Boutique\",\"item\":\"https:\\\/\\\/districos.standingout.be\\\/fr\\\/boutique\\\/\"},{\"@type\":\"ListItem\",\"position\":3,\"name\":\"Anesi CC Glow Cream Natural Medium SPF30 30 ml\"}]},{\"@type\":\"WebSite\",\"@id\":\"https:\\\/\\\/districos.standingout.be\\\/fr\\\/#website\",\"url\":\"https:\\\/\\\/districos.standingout.be\\\/fr\\\/\",\"name\":\"Districos Webshop\",\"description\":\"\",\"publisher\":{\"@id\":\"https:\\\/\\\/districos.standingout.be\\\/fr\\\/#organization\"},\"potentialAction\":[{\"@type\":\"SearchAction\",\"target\":{\"@type\":\"EntryPoint\",\"urlTemplate\":\"https:\\\/\\\/districos.standingout.be\\\/fr\\\/?s={search_term_string}\"},\"query-input\":{\"@type\":\"PropertyValueSpecification\",\"valueRequired\":true,\"valueName\":\"search_term_string\"}}],\"inLanguage\":\"fr-FR\"},{\"@type\":\"Organization\",\"@id\":\"https:\\\/\\\/districos.standingout.be\\\/fr\\\/#organization\",\"name\":\"Districos Webshop\",\"url\":\"https:\\\/\\\/districos.standingout.be\\\/fr\\\/\",\"logo\":{\"@type\":\"ImageObject\",\"inLanguage\":\"fr-FR\",\"@id\":\"https:\\\/\\\/districos.standingout.be\\\/fr\\\/#\\\/schema\\\/logo\\\/image\\\/\",\"url\":\"https:\\\/\\\/districos.standingout.be\\\/wp-content\\\/uploads\\\/2022\\\/09\\\/Districos_Logo_Webshop.svg\",\"contentUrl\":\"https:\\\/\\\/districos.standingout.be\\\/wp-content\\\/uploads\\\/2022\\\/09\\\/Districos_Logo_Webshop.svg\",\"caption\":\"Districos Webshop\"},\"image\":{\"@id\":\"https:\\\/\\\/districos.standingout.be\\\/fr\\\/#\\\/schema\\\/logo\\\/image\\\/\"}}]}<\/script>\n<!-- \/ Yoast SEO plugin. -->","yoast_head_json":{"title":"Anesi CC Glow Cream Natural Medium SPF30 30 ml - Districos Webshop","robots":{"index":"noindex","follow":"follow","max-snippet":"max-snippet:-1","max-image-preview":"max-image-preview:large","max-video-preview":"max-video-preview:-1"},"og_locale":"fr_FR","og_type":"article","og_title":"Anesi CC Glow Cream Natural Medium SPF30 30 ml - Districos Webshop","og_description":"La cr\u00e8me CC Glow est votre nouvelle solution tout-en-un pour une peau uniforme, \u00e9clatante et h\u00e2l\u00e9e. Sa formule unique associe des technologies de pointe aux meilleurs ingr\u00e9dients naturels pour vous offrir le soin de la peau et le maquillage quotidien ultimes. Une cr\u00e8me CC hydratante avec protection anti-\u00e2ge et UV ! Ingr\u00e9dients actifs Acide hyaluronique [&hellip;]","og_url":"https:\/\/districos.standingout.be\/fr\/product\/anesi-cc-glow-cream-natural-medium-spf30-30-ml-ref-4110-22\/","og_site_name":"Districos Webshop","article_modified_time":"2026-04-28T00:14:36+00:00","og_image":[{"width":600,"height":600,"url":"https:\/\/districos.standingout.be\/wp-content\/uploads\/2026\/04\/4110.22@Anesi-CC-Glow-Cream-Natural-Medium-SPF30-30-ml_1-2.png","type":"image\/png"}],"twitter_card":"summary_large_image","twitter_misc":{"Dur\u00e9e de lecture estim\u00e9e":"2 minutes"},"schema":{"@context":"https:\/\/schema.org","@graph":[{"@type":"WebPage","@id":"https:\/\/districos.standingout.be\/fr\/product\/anesi-cc-glow-cream-natural-medium-spf30-30-ml-ref-4110-22\/","url":"https:\/\/districos.standingout.be\/fr\/product\/anesi-cc-glow-cream-natural-medium-spf30-30-ml-ref-4110-22\/","name":"Anesi CC Glow Cream Natural Medium SPF30 30 ml - Districos Webshop","isPartOf":{"@id":"https:\/\/districos.standingout.be\/fr\/#website"},"primaryImageOfPage":{"@id":"https:\/\/districos.standingout.be\/fr\/product\/anesi-cc-glow-cream-natural-medium-spf30-30-ml-ref-4110-22\/#primaryimage"},"image":{"@id":"https:\/\/districos.standingout.be\/fr\/product\/anesi-cc-glow-cream-natural-medium-spf30-30-ml-ref-4110-22\/#primaryimage"},"thumbnailUrl":"https:\/\/districos.standingout.be\/wp-content\/uploads\/2026\/04\/4110.22@Anesi-CC-Glow-Cream-Natural-Medium-SPF30-30-ml_1-3.png","datePublished":"2026-04-28T00:14:35+00:00","dateModified":"2026-04-28T00:14:36+00:00","breadcrumb":{"@id":"https:\/\/districos.standingout.be\/fr\/product\/anesi-cc-glow-cream-natural-medium-spf30-30-ml-ref-4110-22\/#breadcrumb"},"inLanguage":"fr-FR","potentialAction":[{"@type":"ReadAction","target":["https:\/\/districos.standingout.be\/fr\/product\/anesi-cc-glow-cream-natural-medium-spf30-30-ml-ref-4110-22\/"]}]},{"@type":"ImageObject","inLanguage":"fr-FR","@id":"https:\/\/districos.standingout.be\/fr\/product\/anesi-cc-glow-cream-natural-medium-spf30-30-ml-ref-4110-22\/#primaryimage","url":"https:\/\/districos.standingout.be\/wp-content\/uploads\/2026\/04\/4110.22@Anesi-CC-Glow-Cream-Natural-Medium-SPF30-30-ml_1-3.png","contentUrl":"https:\/\/districos.standingout.be\/wp-content\/uploads\/2026\/04\/4110.22@Anesi-CC-Glow-Cream-Natural-Medium-SPF30-30-ml_1-3.png","width":600,"height":600},{"@type":"BreadcrumbList","@id":"https:\/\/districos.standingout.be\/fr\/product\/anesi-cc-glow-cream-natural-medium-spf30-30-ml-ref-4110-22\/#breadcrumb","itemListElement":[{"@type":"ListItem","position":1,"name":"Home","item":"https:\/\/districos.standingout.be\/fr\/bienvenue-chez-districos\/"},{"@type":"ListItem","position":2,"name":"Boutique","item":"https:\/\/districos.standingout.be\/fr\/boutique\/"},{"@type":"ListItem","position":3,"name":"Anesi CC Glow Cream Natural Medium SPF30 30 ml"}]},{"@type":"WebSite","@id":"https:\/\/districos.standingout.be\/fr\/#website","url":"https:\/\/districos.standingout.be\/fr\/","name":"Districos Webshop","description":"","publisher":{"@id":"https:\/\/districos.standingout.be\/fr\/#organization"},"potentialAction":[{"@type":"SearchAction","target":{"@type":"EntryPoint","urlTemplate":"https:\/\/districos.standingout.be\/fr\/?s={search_term_string}"},"query-input":{"@type":"PropertyValueSpecification","valueRequired":true,"valueName":"search_term_string"}}],"inLanguage":"fr-FR"},{"@type":"Organization","@id":"https:\/\/districos.standingout.be\/fr\/#organization","name":"Districos Webshop","url":"https:\/\/districos.standingout.be\/fr\/","logo":{"@type":"ImageObject","inLanguage":"fr-FR","@id":"https:\/\/districos.standingout.be\/fr\/#\/schema\/logo\/image\/","url":"https:\/\/districos.standingout.be\/wp-content\/uploads\/2022\/09\/Districos_Logo_Webshop.svg","contentUrl":"https:\/\/districos.standingout.be\/wp-content\/uploads\/2022\/09\/Districos_Logo_Webshop.svg","caption":"Districos Webshop"},"image":{"@id":"https:\/\/districos.standingout.be\/fr\/#\/schema\/logo\/image\/"}}]}},"_links":{"self":[{"href":"https:\/\/districos.standingout.be\/fr\/wp-json\/wp\/v2\/product\/134307","targetHints":{"allow":["GET"]}}],"collection":[{"href":"https:\/\/districos.standingout.be\/fr\/wp-json\/wp\/v2\/product"}],"about":[{"href":"https:\/\/districos.standingout.be\/fr\/wp-json\/wp\/v2\/types\/product"}],"replies":[{"embeddable":true,"href":"https:\/\/districos.standingout.be\/fr\/wp-json\/wp\/v2\/comments?post=134307"}],"wp:featuredmedia":[{"embeddable":true,"href":"https:\/\/districos.standingout.be\/fr\/wp-json\/wp\/v2\/media\/144087"}],"wp:attachment":[{"href":"https:\/\/districos.standingout.be\/fr\/wp-json\/wp\/v2\/media?parent=134307"}],"wp:term":[{"taxonomy":"product_brand","embeddable":true,"href":"https:\/\/districos.standingout.be\/fr\/wp-json\/wp\/v2\/product_brand?post=134307"},{"taxonomy":"product_cat","embeddable":true,"href":"https:\/\/districos.standingout.be\/fr\/wp-json\/wp\/v2\/product_cat?post=134307"},{"taxonomy":"product_tag","embeddable":true,"href":"https:\/\/districos.standingout.be\/fr\/wp-json\/wp\/v2\/product_tag?post=134307"}],"curies":[{"name":"wp","href":"https:\/\/api.w.org\/{rel}","templated":true}]}}