{"id":134313,"date":"2026-04-28T02:15:10","date_gmt":"2026-04-28T00:15:10","guid":{"rendered":"https:\/\/webshopdistricoscom.webhosting.be\/product\/anesi-dermo-control-lotion-controle-200-ml-ref-4132\/"},"modified":"2026-04-28T02:15:14","modified_gmt":"2026-04-28T00:15:14","slug":"anesi-dermo-control-lotion-controle-200-ml-ref-4132","status":"publish","type":"product","link":"https:\/\/districos.standingout.be\/fr\/product\/anesi-dermo-control-lotion-controle-200-ml-ref-4132\/","title":{"rendered":"Anesi Dermo Control Lotion Contr\u00f4le 200 ml"},"content":{"rendered":"<p >\n<\/p>\n<\/p>\n<p><span>Lotion nettoyante exempt de graisse \u00e0 l\u2019acide salicylique, \u00e0 la laminaire et \u00e0 l&rsquo;extrait d\u2019iris. \u00c0 appliquer avec un coton sur le visage et le cou apr\u00e8s le nettoyage. Restaure la valeur PH de la peau, r\u00e9gule la pr\u00e9sence d\u2019un exc\u00e8s de s\u00e9bum et pr\u00e9vient les taches sur la peau. <o:p><\/o:p><\/span><\/p>\n<p dir=\"ltr\">\n<ul>\n<li><span>Se m\u00e9lange \u00e9galement \u00e0 la poudre du&nbsp;<\/span><u><a href=\"https:\/\/districos.com\/ProductDetail\/4400.05\" target=\"_blank\" rel=\"noopener noreferrer nofollow\"><span>Aqua Vital Enzymatic Peel<\/span><\/a><\/u><span>&nbsp;pour un peeling enzymatique adapt\u00e9 aux besoins des peaux grasses.<\/span><\/li>\n<li>Ingr\u00e9dients actifs :<b>&nbsp;<\/b><span>Vidalys Oily Skin Complex, cytabol, extrait d\u2019iris, acide salicylique.<\/span><\/li>\n<li><span>Emballage : 200 ml.<\/span><\/li>\n<\/ul>\n<div><b>Aussi disponible<\/b><\/div>\n<div>\n<ul>\n<li>Flacon de cabine de 500 ml (<u><a href=\"https:\/\/districos.com\/ProductDetail\/4232\" target=\"_blank\" rel=\"noopener noreferrer nofollow\">r\u00e9f. 4232<\/a><\/u>)<\/li>\n<li>\u00c9chantillon de 3 ml (<u><a href=\"https:\/\/districos.com\/ProductDetail\/9473.05\" target=\"_blank\" rel=\"noopener noreferrer nofollow\">r\u00e9f. 9473.05<\/a><\/u>)<\/li>\n<\/ul>\n<\/div>\n","protected":false},"excerpt":{"rendered":"<p>Lotion nettoyante exempt de graisse \u00e0 l\u2019acide salicylique, \u00e0 la laminaire et \u00e0 l&rsquo;extrait d\u2019iris. \u00c0 appliquer avec un coton sur le visage et le cou apr\u00e8s le nettoyage. Restaure la valeur PH de la peau, r\u00e9gule la pr\u00e9sence d\u2019un exc\u00e8s de s\u00e9bum et pr\u00e9vient les taches sur la peau. Se m\u00e9lange \u00e9galement \u00e0 la [&hellip;]<\/p>\n","protected":false},"featured_media":70973,"comment_status":"open","ping_status":"closed","template":"","meta":{"_acf_changed":false},"product_brand":[10280],"product_cat":[9858],"product_tag":[],"class_list":{"0":"post-134313","1":"product","2":"type-product","3":"status-publish","4":"has-post-thumbnail","6":"product_brand-anesi-fr","7":"product_cat-beaute-visage-anesi-visage","9":"first","10":"instock","11":"taxable","12":"shipping-taxable","13":"product-type-simple"},"acf":[],"yoast_head":"<!-- This site is optimized with the Yoast SEO plugin v27.3 - https:\/\/yoast.com\/product\/yoast-seo-wordpress\/ -->\n<title>Anesi Dermo Control Lotion Contr\u00f4le 200 ml - Districos Webshop<\/title>\n<meta name=\"robots\" content=\"noindex, follow, max-snippet:-1, max-image-preview:large, max-video-preview:-1\" \/>\n<meta property=\"og:locale\" content=\"fr_FR\" \/>\n<meta property=\"og:type\" content=\"article\" \/>\n<meta property=\"og:title\" content=\"Anesi Dermo Control Lotion Contr\u00f4le 200 ml - Districos Webshop\" \/>\n<meta property=\"og:description\" content=\"Lotion nettoyante exempt de graisse \u00e0 l\u2019acide salicylique, \u00e0 la laminaire et \u00e0 l&rsquo;extrait d\u2019iris. \u00c0 appliquer avec un coton sur le visage et le cou apr\u00e8s le nettoyage. Restaure la valeur PH de la peau, r\u00e9gule la pr\u00e9sence d\u2019un exc\u00e8s de s\u00e9bum et pr\u00e9vient les taches sur la peau. Se m\u00e9lange \u00e9galement \u00e0 la [&hellip;]\" \/>\n<meta property=\"og:url\" content=\"https:\/\/districos.standingout.be\/fr\/product\/anesi-dermo-control-lotion-controle-200-ml-ref-4132\/\" \/>\n<meta property=\"og:site_name\" content=\"Districos Webshop\" \/>\n<meta property=\"article:modified_time\" content=\"2026-04-28T00:15:14+00:00\" \/>\n<meta property=\"og:image\" content=\"https:\/\/districos.standingout.be\/wp-content\/uploads\/2025\/07\/4132@LowRes_1.png\" \/>\n\t<meta property=\"og:image:width\" content=\"600\" \/>\n\t<meta property=\"og:image:height\" content=\"600\" \/>\n\t<meta property=\"og:image:type\" content=\"image\/png\" \/>\n<meta name=\"twitter:card\" content=\"summary_large_image\" \/>\n<meta name=\"twitter:label1\" content=\"Dur\u00e9e de lecture estim\u00e9e\" \/>\n\t<meta name=\"twitter:data1\" content=\"1 minute\" \/>\n<script type=\"application\/ld+json\" class=\"yoast-schema-graph\">{\"@context\":\"https:\\\/\\\/schema.org\",\"@graph\":[{\"@type\":\"WebPage\",\"@id\":\"https:\\\/\\\/districos.standingout.be\\\/fr\\\/product\\\/anesi-dermo-control-lotion-controle-200-ml-ref-4132\\\/\",\"url\":\"https:\\\/\\\/districos.standingout.be\\\/fr\\\/product\\\/anesi-dermo-control-lotion-controle-200-ml-ref-4132\\\/\",\"name\":\"Anesi Dermo Control Lotion Contr\u00f4le 200 ml - Districos Webshop\",\"isPartOf\":{\"@id\":\"https:\\\/\\\/districos.standingout.be\\\/fr\\\/#website\"},\"primaryImageOfPage\":{\"@id\":\"https:\\\/\\\/districos.standingout.be\\\/fr\\\/product\\\/anesi-dermo-control-lotion-controle-200-ml-ref-4132\\\/#primaryimage\"},\"image\":{\"@id\":\"https:\\\/\\\/districos.standingout.be\\\/fr\\\/product\\\/anesi-dermo-control-lotion-controle-200-ml-ref-4132\\\/#primaryimage\"},\"thumbnailUrl\":\"https:\\\/\\\/districos.standingout.be\\\/wp-content\\\/uploads\\\/2025\\\/07\\\/4132@LowRes_1.png\",\"datePublished\":\"2026-04-28T00:15:10+00:00\",\"dateModified\":\"2026-04-28T00:15:14+00:00\",\"breadcrumb\":{\"@id\":\"https:\\\/\\\/districos.standingout.be\\\/fr\\\/product\\\/anesi-dermo-control-lotion-controle-200-ml-ref-4132\\\/#breadcrumb\"},\"inLanguage\":\"fr-FR\",\"potentialAction\":[{\"@type\":\"ReadAction\",\"target\":[\"https:\\\/\\\/districos.standingout.be\\\/fr\\\/product\\\/anesi-dermo-control-lotion-controle-200-ml-ref-4132\\\/\"]}]},{\"@type\":\"ImageObject\",\"inLanguage\":\"fr-FR\",\"@id\":\"https:\\\/\\\/districos.standingout.be\\\/fr\\\/product\\\/anesi-dermo-control-lotion-controle-200-ml-ref-4132\\\/#primaryimage\",\"url\":\"https:\\\/\\\/districos.standingout.be\\\/wp-content\\\/uploads\\\/2025\\\/07\\\/4132@LowRes_1.png\",\"contentUrl\":\"https:\\\/\\\/districos.standingout.be\\\/wp-content\\\/uploads\\\/2025\\\/07\\\/4132@LowRes_1.png\",\"width\":600,\"height\":600},{\"@type\":\"BreadcrumbList\",\"@id\":\"https:\\\/\\\/districos.standingout.be\\\/fr\\\/product\\\/anesi-dermo-control-lotion-controle-200-ml-ref-4132\\\/#breadcrumb\",\"itemListElement\":[{\"@type\":\"ListItem\",\"position\":1,\"name\":\"Home\",\"item\":\"https:\\\/\\\/districos.standingout.be\\\/fr\\\/bienvenue-chez-districos\\\/\"},{\"@type\":\"ListItem\",\"position\":2,\"name\":\"Boutique\",\"item\":\"https:\\\/\\\/districos.standingout.be\\\/fr\\\/boutique\\\/\"},{\"@type\":\"ListItem\",\"position\":3,\"name\":\"Anesi Dermo Control Lotion Contr\u00f4le 200 ml\"}]},{\"@type\":\"WebSite\",\"@id\":\"https:\\\/\\\/districos.standingout.be\\\/fr\\\/#website\",\"url\":\"https:\\\/\\\/districos.standingout.be\\\/fr\\\/\",\"name\":\"Districos Webshop\",\"description\":\"\",\"publisher\":{\"@id\":\"https:\\\/\\\/districos.standingout.be\\\/fr\\\/#organization\"},\"potentialAction\":[{\"@type\":\"SearchAction\",\"target\":{\"@type\":\"EntryPoint\",\"urlTemplate\":\"https:\\\/\\\/districos.standingout.be\\\/fr\\\/?s={search_term_string}\"},\"query-input\":{\"@type\":\"PropertyValueSpecification\",\"valueRequired\":true,\"valueName\":\"search_term_string\"}}],\"inLanguage\":\"fr-FR\"},{\"@type\":\"Organization\",\"@id\":\"https:\\\/\\\/districos.standingout.be\\\/fr\\\/#organization\",\"name\":\"Districos Webshop\",\"url\":\"https:\\\/\\\/districos.standingout.be\\\/fr\\\/\",\"logo\":{\"@type\":\"ImageObject\",\"inLanguage\":\"fr-FR\",\"@id\":\"https:\\\/\\\/districos.standingout.be\\\/fr\\\/#\\\/schema\\\/logo\\\/image\\\/\",\"url\":\"https:\\\/\\\/districos.standingout.be\\\/wp-content\\\/uploads\\\/2022\\\/09\\\/Districos_Logo_Webshop.svg\",\"contentUrl\":\"https:\\\/\\\/districos.standingout.be\\\/wp-content\\\/uploads\\\/2022\\\/09\\\/Districos_Logo_Webshop.svg\",\"caption\":\"Districos Webshop\"},\"image\":{\"@id\":\"https:\\\/\\\/districos.standingout.be\\\/fr\\\/#\\\/schema\\\/logo\\\/image\\\/\"}}]}<\/script>\n<!-- \/ Yoast SEO plugin. -->","yoast_head_json":{"title":"Anesi Dermo Control Lotion Contr\u00f4le 200 ml - Districos Webshop","robots":{"index":"noindex","follow":"follow","max-snippet":"max-snippet:-1","max-image-preview":"max-image-preview:large","max-video-preview":"max-video-preview:-1"},"og_locale":"fr_FR","og_type":"article","og_title":"Anesi Dermo Control Lotion Contr\u00f4le 200 ml - Districos Webshop","og_description":"Lotion nettoyante exempt de graisse \u00e0 l\u2019acide salicylique, \u00e0 la laminaire et \u00e0 l&rsquo;extrait d\u2019iris. \u00c0 appliquer avec un coton sur le visage et le cou apr\u00e8s le nettoyage. Restaure la valeur PH de la peau, r\u00e9gule la pr\u00e9sence d\u2019un exc\u00e8s de s\u00e9bum et pr\u00e9vient les taches sur la peau. Se m\u00e9lange \u00e9galement \u00e0 la [&hellip;]","og_url":"https:\/\/districos.standingout.be\/fr\/product\/anesi-dermo-control-lotion-controle-200-ml-ref-4132\/","og_site_name":"Districos Webshop","article_modified_time":"2026-04-28T00:15:14+00:00","og_image":[{"width":600,"height":600,"url":"https:\/\/districos.standingout.be\/wp-content\/uploads\/2025\/07\/4132@LowRes_1.png","type":"image\/png"}],"twitter_card":"summary_large_image","twitter_misc":{"Dur\u00e9e de lecture estim\u00e9e":"1 minute"},"schema":{"@context":"https:\/\/schema.org","@graph":[{"@type":"WebPage","@id":"https:\/\/districos.standingout.be\/fr\/product\/anesi-dermo-control-lotion-controle-200-ml-ref-4132\/","url":"https:\/\/districos.standingout.be\/fr\/product\/anesi-dermo-control-lotion-controle-200-ml-ref-4132\/","name":"Anesi Dermo Control Lotion Contr\u00f4le 200 ml - Districos Webshop","isPartOf":{"@id":"https:\/\/districos.standingout.be\/fr\/#website"},"primaryImageOfPage":{"@id":"https:\/\/districos.standingout.be\/fr\/product\/anesi-dermo-control-lotion-controle-200-ml-ref-4132\/#primaryimage"},"image":{"@id":"https:\/\/districos.standingout.be\/fr\/product\/anesi-dermo-control-lotion-controle-200-ml-ref-4132\/#primaryimage"},"thumbnailUrl":"https:\/\/districos.standingout.be\/wp-content\/uploads\/2025\/07\/4132@LowRes_1.png","datePublished":"2026-04-28T00:15:10+00:00","dateModified":"2026-04-28T00:15:14+00:00","breadcrumb":{"@id":"https:\/\/districos.standingout.be\/fr\/product\/anesi-dermo-control-lotion-controle-200-ml-ref-4132\/#breadcrumb"},"inLanguage":"fr-FR","potentialAction":[{"@type":"ReadAction","target":["https:\/\/districos.standingout.be\/fr\/product\/anesi-dermo-control-lotion-controle-200-ml-ref-4132\/"]}]},{"@type":"ImageObject","inLanguage":"fr-FR","@id":"https:\/\/districos.standingout.be\/fr\/product\/anesi-dermo-control-lotion-controle-200-ml-ref-4132\/#primaryimage","url":"https:\/\/districos.standingout.be\/wp-content\/uploads\/2025\/07\/4132@LowRes_1.png","contentUrl":"https:\/\/districos.standingout.be\/wp-content\/uploads\/2025\/07\/4132@LowRes_1.png","width":600,"height":600},{"@type":"BreadcrumbList","@id":"https:\/\/districos.standingout.be\/fr\/product\/anesi-dermo-control-lotion-controle-200-ml-ref-4132\/#breadcrumb","itemListElement":[{"@type":"ListItem","position":1,"name":"Home","item":"https:\/\/districos.standingout.be\/fr\/bienvenue-chez-districos\/"},{"@type":"ListItem","position":2,"name":"Boutique","item":"https:\/\/districos.standingout.be\/fr\/boutique\/"},{"@type":"ListItem","position":3,"name":"Anesi Dermo Control Lotion Contr\u00f4le 200 ml"}]},{"@type":"WebSite","@id":"https:\/\/districos.standingout.be\/fr\/#website","url":"https:\/\/districos.standingout.be\/fr\/","name":"Districos Webshop","description":"","publisher":{"@id":"https:\/\/districos.standingout.be\/fr\/#organization"},"potentialAction":[{"@type":"SearchAction","target":{"@type":"EntryPoint","urlTemplate":"https:\/\/districos.standingout.be\/fr\/?s={search_term_string}"},"query-input":{"@type":"PropertyValueSpecification","valueRequired":true,"valueName":"search_term_string"}}],"inLanguage":"fr-FR"},{"@type":"Organization","@id":"https:\/\/districos.standingout.be\/fr\/#organization","name":"Districos Webshop","url":"https:\/\/districos.standingout.be\/fr\/","logo":{"@type":"ImageObject","inLanguage":"fr-FR","@id":"https:\/\/districos.standingout.be\/fr\/#\/schema\/logo\/image\/","url":"https:\/\/districos.standingout.be\/wp-content\/uploads\/2022\/09\/Districos_Logo_Webshop.svg","contentUrl":"https:\/\/districos.standingout.be\/wp-content\/uploads\/2022\/09\/Districos_Logo_Webshop.svg","caption":"Districos Webshop"},"image":{"@id":"https:\/\/districos.standingout.be\/fr\/#\/schema\/logo\/image\/"}}]}},"_links":{"self":[{"href":"https:\/\/districos.standingout.be\/fr\/wp-json\/wp\/v2\/product\/134313","targetHints":{"allow":["GET"]}}],"collection":[{"href":"https:\/\/districos.standingout.be\/fr\/wp-json\/wp\/v2\/product"}],"about":[{"href":"https:\/\/districos.standingout.be\/fr\/wp-json\/wp\/v2\/types\/product"}],"replies":[{"embeddable":true,"href":"https:\/\/districos.standingout.be\/fr\/wp-json\/wp\/v2\/comments?post=134313"}],"wp:featuredmedia":[{"embeddable":true,"href":"https:\/\/districos.standingout.be\/fr\/wp-json\/wp\/v2\/media\/70973"}],"wp:attachment":[{"href":"https:\/\/districos.standingout.be\/fr\/wp-json\/wp\/v2\/media?parent=134313"}],"wp:term":[{"taxonomy":"product_brand","embeddable":true,"href":"https:\/\/districos.standingout.be\/fr\/wp-json\/wp\/v2\/product_brand?post=134313"},{"taxonomy":"product_cat","embeddable":true,"href":"https:\/\/districos.standingout.be\/fr\/wp-json\/wp\/v2\/product_cat?post=134313"},{"taxonomy":"product_tag","embeddable":true,"href":"https:\/\/districos.standingout.be\/fr\/wp-json\/wp\/v2\/product_tag?post=134313"}],"curies":[{"name":"wp","href":"https:\/\/api.w.org\/{rel}","templated":true}]}}