{"id":134319,"date":"2026-04-28T02:15:22","date_gmt":"2026-04-28T00:15:22","guid":{"rendered":"https:\/\/webshopdistricoscom.webhosting.be\/product\/anesi-infini-jeunesse-radiance-contour-serum-15-ml-ref-4141-02-2\/"},"modified":"2026-04-28T02:15:25","modified_gmt":"2026-04-28T00:15:25","slug":"anesi-infini-jeunesse-radiance-contour-serum-15-ml-ref-4141-02","status":"publish","type":"product","link":"https:\/\/districos.standingout.be\/fr\/product\/anesi-infini-jeunesse-radiance-contour-serum-15-ml-ref-4141-02\/","title":{"rendered":"Anesi Infini Jeunesse Radiance Contour Serum 15 ml"},"content":{"rendered":"<p >\n<\/p>\n<p dir=\"ltr\">S\u00e9rum pour un soin g\u00e9n\u00e9ral du contour des yeux \u00e0 base de vitamine PP (nicotinamide), de caf\u00e9ine, de carnitine et de ruscus qui renforce la circulation et \u00e9claircit la peau. Il r\u00e9duit les cernes sous les yeux et fait d\u00e9gonfler les poches.<\/p>\n<p dir=\"ltr\">\n<ul>\n<li>Enrichi en acide hyaluronique qui comble les rides de l\u2019int\u00e9rieur pour une peau lisse.<\/li>\n<li>R\u00e9duit les cernes et permet un regard rayonnant en seulement 4 semaines.\u00b5<\/li>\n<li>Convient pour des soins \u00e0 domicile quotidiens.<\/li>\n<li>Tube avec applicateur.<\/li>\n<li>Emballage : 15 ml.<\/li>\n<\/ul>\n<div><b>CONSEIL<\/b><\/div>\n<div><span>Si vous utilisez le Radiance Contour Serum en association avec l&rsquo;<u><a href=\"https:\/\/districos.com\/ProductDetail\/4141.03\" target=\"_blank\" rel=\"noopener noreferrer nofollow\">Expression Care Cream<\/a><\/u>, utilisez le s\u00e9rum le soir et la cr\u00e8me le matin.<\/span><\/div><\/p>\n","protected":false},"excerpt":{"rendered":"<p>S\u00e9rum pour un soin g\u00e9n\u00e9ral du contour des yeux \u00e0 base de vitamine PP (nicotinamide), de caf\u00e9ine, de carnitine et de ruscus qui renforce la circulation et \u00e9claircit la peau. Il r\u00e9duit les cernes sous les yeux et fait d\u00e9gonfler les poches. Enrichi en acide hyaluronique qui comble les rides de l\u2019int\u00e9rieur pour une peau [&hellip;]<\/p>\n","protected":false},"featured_media":70985,"comment_status":"open","ping_status":"closed","template":"","meta":{"_acf_changed":false},"product_brand":[10280],"product_cat":[9858],"product_tag":[],"class_list":{"0":"post-134319","1":"product","2":"type-product","3":"status-publish","4":"has-post-thumbnail","6":"product_brand-anesi-fr","7":"product_cat-beaute-visage-anesi-visage","9":"first","10":"instock","11":"taxable","12":"shipping-taxable","13":"product-type-simple"},"acf":[],"yoast_head":"<!-- This site is optimized with the Yoast SEO plugin v27.3 - https:\/\/yoast.com\/product\/yoast-seo-wordpress\/ -->\n<title>Anesi Infini Jeunesse Radiance Contour Serum 15 ml - Districos Webshop<\/title>\n<meta name=\"robots\" content=\"noindex, follow, max-snippet:-1, max-image-preview:large, max-video-preview:-1\" \/>\n<meta property=\"og:locale\" content=\"fr_FR\" \/>\n<meta property=\"og:type\" content=\"article\" \/>\n<meta property=\"og:title\" content=\"Anesi Infini Jeunesse Radiance Contour Serum 15 ml - Districos Webshop\" \/>\n<meta property=\"og:description\" content=\"S\u00e9rum pour un soin g\u00e9n\u00e9ral du contour des yeux \u00e0 base de vitamine PP (nicotinamide), de caf\u00e9ine, de carnitine et de ruscus qui renforce la circulation et \u00e9claircit la peau. Il r\u00e9duit les cernes sous les yeux et fait d\u00e9gonfler les poches. Enrichi en acide hyaluronique qui comble les rides de l\u2019int\u00e9rieur pour une peau [&hellip;]\" \/>\n<meta property=\"og:url\" content=\"https:\/\/districos.standingout.be\/fr\/product\/anesi-infini-jeunesse-radiance-contour-serum-15-ml-ref-4141-02\/\" \/>\n<meta property=\"og:site_name\" content=\"Districos Webshop\" \/>\n<meta property=\"article:modified_time\" content=\"2026-04-28T00:15:25+00:00\" \/>\n<meta property=\"og:image\" content=\"https:\/\/districos.standingout.be\/wp-content\/uploads\/2025\/07\/4141.02@LowRes_1_0.png\" \/>\n\t<meta property=\"og:image:width\" content=\"600\" \/>\n\t<meta property=\"og:image:height\" content=\"600\" \/>\n\t<meta property=\"og:image:type\" content=\"image\/png\" \/>\n<meta name=\"twitter:card\" content=\"summary_large_image\" \/>\n<meta name=\"twitter:label1\" content=\"Dur\u00e9e de lecture estim\u00e9e\" \/>\n\t<meta name=\"twitter:data1\" content=\"1 minute\" \/>\n<script type=\"application\/ld+json\" class=\"yoast-schema-graph\">{\"@context\":\"https:\\\/\\\/schema.org\",\"@graph\":[{\"@type\":\"WebPage\",\"@id\":\"https:\\\/\\\/districos.standingout.be\\\/fr\\\/product\\\/anesi-infini-jeunesse-radiance-contour-serum-15-ml-ref-4141-02\\\/\",\"url\":\"https:\\\/\\\/districos.standingout.be\\\/fr\\\/product\\\/anesi-infini-jeunesse-radiance-contour-serum-15-ml-ref-4141-02\\\/\",\"name\":\"Anesi Infini Jeunesse Radiance Contour Serum 15 ml - Districos Webshop\",\"isPartOf\":{\"@id\":\"https:\\\/\\\/districos.standingout.be\\\/fr\\\/#website\"},\"primaryImageOfPage\":{\"@id\":\"https:\\\/\\\/districos.standingout.be\\\/fr\\\/product\\\/anesi-infini-jeunesse-radiance-contour-serum-15-ml-ref-4141-02\\\/#primaryimage\"},\"image\":{\"@id\":\"https:\\\/\\\/districos.standingout.be\\\/fr\\\/product\\\/anesi-infini-jeunesse-radiance-contour-serum-15-ml-ref-4141-02\\\/#primaryimage\"},\"thumbnailUrl\":\"https:\\\/\\\/districos.standingout.be\\\/wp-content\\\/uploads\\\/2025\\\/07\\\/4141.02@LowRes_1_0.png\",\"datePublished\":\"2026-04-28T00:15:22+00:00\",\"dateModified\":\"2026-04-28T00:15:25+00:00\",\"breadcrumb\":{\"@id\":\"https:\\\/\\\/districos.standingout.be\\\/fr\\\/product\\\/anesi-infini-jeunesse-radiance-contour-serum-15-ml-ref-4141-02\\\/#breadcrumb\"},\"inLanguage\":\"fr-FR\",\"potentialAction\":[{\"@type\":\"ReadAction\",\"target\":[\"https:\\\/\\\/districos.standingout.be\\\/fr\\\/product\\\/anesi-infini-jeunesse-radiance-contour-serum-15-ml-ref-4141-02\\\/\"]}]},{\"@type\":\"ImageObject\",\"inLanguage\":\"fr-FR\",\"@id\":\"https:\\\/\\\/districos.standingout.be\\\/fr\\\/product\\\/anesi-infini-jeunesse-radiance-contour-serum-15-ml-ref-4141-02\\\/#primaryimage\",\"url\":\"https:\\\/\\\/districos.standingout.be\\\/wp-content\\\/uploads\\\/2025\\\/07\\\/4141.02@LowRes_1_0.png\",\"contentUrl\":\"https:\\\/\\\/districos.standingout.be\\\/wp-content\\\/uploads\\\/2025\\\/07\\\/4141.02@LowRes_1_0.png\",\"width\":600,\"height\":600},{\"@type\":\"BreadcrumbList\",\"@id\":\"https:\\\/\\\/districos.standingout.be\\\/fr\\\/product\\\/anesi-infini-jeunesse-radiance-contour-serum-15-ml-ref-4141-02\\\/#breadcrumb\",\"itemListElement\":[{\"@type\":\"ListItem\",\"position\":1,\"name\":\"Home\",\"item\":\"https:\\\/\\\/districos.standingout.be\\\/fr\\\/bienvenue-chez-districos\\\/\"},{\"@type\":\"ListItem\",\"position\":2,\"name\":\"Boutique\",\"item\":\"https:\\\/\\\/districos.standingout.be\\\/fr\\\/boutique\\\/\"},{\"@type\":\"ListItem\",\"position\":3,\"name\":\"Anesi Infini Jeunesse Radiance Contour Serum 15 ml\"}]},{\"@type\":\"WebSite\",\"@id\":\"https:\\\/\\\/districos.standingout.be\\\/fr\\\/#website\",\"url\":\"https:\\\/\\\/districos.standingout.be\\\/fr\\\/\",\"name\":\"Districos Webshop\",\"description\":\"\",\"publisher\":{\"@id\":\"https:\\\/\\\/districos.standingout.be\\\/fr\\\/#organization\"},\"potentialAction\":[{\"@type\":\"SearchAction\",\"target\":{\"@type\":\"EntryPoint\",\"urlTemplate\":\"https:\\\/\\\/districos.standingout.be\\\/fr\\\/?s={search_term_string}\"},\"query-input\":{\"@type\":\"PropertyValueSpecification\",\"valueRequired\":true,\"valueName\":\"search_term_string\"}}],\"inLanguage\":\"fr-FR\"},{\"@type\":\"Organization\",\"@id\":\"https:\\\/\\\/districos.standingout.be\\\/fr\\\/#organization\",\"name\":\"Districos Webshop\",\"url\":\"https:\\\/\\\/districos.standingout.be\\\/fr\\\/\",\"logo\":{\"@type\":\"ImageObject\",\"inLanguage\":\"fr-FR\",\"@id\":\"https:\\\/\\\/districos.standingout.be\\\/fr\\\/#\\\/schema\\\/logo\\\/image\\\/\",\"url\":\"https:\\\/\\\/districos.standingout.be\\\/wp-content\\\/uploads\\\/2022\\\/09\\\/Districos_Logo_Webshop.svg\",\"contentUrl\":\"https:\\\/\\\/districos.standingout.be\\\/wp-content\\\/uploads\\\/2022\\\/09\\\/Districos_Logo_Webshop.svg\",\"caption\":\"Districos Webshop\"},\"image\":{\"@id\":\"https:\\\/\\\/districos.standingout.be\\\/fr\\\/#\\\/schema\\\/logo\\\/image\\\/\"}}]}<\/script>\n<!-- \/ Yoast SEO plugin. -->","yoast_head_json":{"title":"Anesi Infini Jeunesse Radiance Contour Serum 15 ml - Districos Webshop","robots":{"index":"noindex","follow":"follow","max-snippet":"max-snippet:-1","max-image-preview":"max-image-preview:large","max-video-preview":"max-video-preview:-1"},"og_locale":"fr_FR","og_type":"article","og_title":"Anesi Infini Jeunesse Radiance Contour Serum 15 ml - Districos Webshop","og_description":"S\u00e9rum pour un soin g\u00e9n\u00e9ral du contour des yeux \u00e0 base de vitamine PP (nicotinamide), de caf\u00e9ine, de carnitine et de ruscus qui renforce la circulation et \u00e9claircit la peau. Il r\u00e9duit les cernes sous les yeux et fait d\u00e9gonfler les poches. Enrichi en acide hyaluronique qui comble les rides de l\u2019int\u00e9rieur pour une peau [&hellip;]","og_url":"https:\/\/districos.standingout.be\/fr\/product\/anesi-infini-jeunesse-radiance-contour-serum-15-ml-ref-4141-02\/","og_site_name":"Districos Webshop","article_modified_time":"2026-04-28T00:15:25+00:00","og_image":[{"width":600,"height":600,"url":"https:\/\/districos.standingout.be\/wp-content\/uploads\/2025\/07\/4141.02@LowRes_1_0.png","type":"image\/png"}],"twitter_card":"summary_large_image","twitter_misc":{"Dur\u00e9e de lecture estim\u00e9e":"1 minute"},"schema":{"@context":"https:\/\/schema.org","@graph":[{"@type":"WebPage","@id":"https:\/\/districos.standingout.be\/fr\/product\/anesi-infini-jeunesse-radiance-contour-serum-15-ml-ref-4141-02\/","url":"https:\/\/districos.standingout.be\/fr\/product\/anesi-infini-jeunesse-radiance-contour-serum-15-ml-ref-4141-02\/","name":"Anesi Infini Jeunesse Radiance Contour Serum 15 ml - Districos Webshop","isPartOf":{"@id":"https:\/\/districos.standingout.be\/fr\/#website"},"primaryImageOfPage":{"@id":"https:\/\/districos.standingout.be\/fr\/product\/anesi-infini-jeunesse-radiance-contour-serum-15-ml-ref-4141-02\/#primaryimage"},"image":{"@id":"https:\/\/districos.standingout.be\/fr\/product\/anesi-infini-jeunesse-radiance-contour-serum-15-ml-ref-4141-02\/#primaryimage"},"thumbnailUrl":"https:\/\/districos.standingout.be\/wp-content\/uploads\/2025\/07\/4141.02@LowRes_1_0.png","datePublished":"2026-04-28T00:15:22+00:00","dateModified":"2026-04-28T00:15:25+00:00","breadcrumb":{"@id":"https:\/\/districos.standingout.be\/fr\/product\/anesi-infini-jeunesse-radiance-contour-serum-15-ml-ref-4141-02\/#breadcrumb"},"inLanguage":"fr-FR","potentialAction":[{"@type":"ReadAction","target":["https:\/\/districos.standingout.be\/fr\/product\/anesi-infini-jeunesse-radiance-contour-serum-15-ml-ref-4141-02\/"]}]},{"@type":"ImageObject","inLanguage":"fr-FR","@id":"https:\/\/districos.standingout.be\/fr\/product\/anesi-infini-jeunesse-radiance-contour-serum-15-ml-ref-4141-02\/#primaryimage","url":"https:\/\/districos.standingout.be\/wp-content\/uploads\/2025\/07\/4141.02@LowRes_1_0.png","contentUrl":"https:\/\/districos.standingout.be\/wp-content\/uploads\/2025\/07\/4141.02@LowRes_1_0.png","width":600,"height":600},{"@type":"BreadcrumbList","@id":"https:\/\/districos.standingout.be\/fr\/product\/anesi-infini-jeunesse-radiance-contour-serum-15-ml-ref-4141-02\/#breadcrumb","itemListElement":[{"@type":"ListItem","position":1,"name":"Home","item":"https:\/\/districos.standingout.be\/fr\/bienvenue-chez-districos\/"},{"@type":"ListItem","position":2,"name":"Boutique","item":"https:\/\/districos.standingout.be\/fr\/boutique\/"},{"@type":"ListItem","position":3,"name":"Anesi Infini Jeunesse Radiance Contour Serum 15 ml"}]},{"@type":"WebSite","@id":"https:\/\/districos.standingout.be\/fr\/#website","url":"https:\/\/districos.standingout.be\/fr\/","name":"Districos Webshop","description":"","publisher":{"@id":"https:\/\/districos.standingout.be\/fr\/#organization"},"potentialAction":[{"@type":"SearchAction","target":{"@type":"EntryPoint","urlTemplate":"https:\/\/districos.standingout.be\/fr\/?s={search_term_string}"},"query-input":{"@type":"PropertyValueSpecification","valueRequired":true,"valueName":"search_term_string"}}],"inLanguage":"fr-FR"},{"@type":"Organization","@id":"https:\/\/districos.standingout.be\/fr\/#organization","name":"Districos Webshop","url":"https:\/\/districos.standingout.be\/fr\/","logo":{"@type":"ImageObject","inLanguage":"fr-FR","@id":"https:\/\/districos.standingout.be\/fr\/#\/schema\/logo\/image\/","url":"https:\/\/districos.standingout.be\/wp-content\/uploads\/2022\/09\/Districos_Logo_Webshop.svg","contentUrl":"https:\/\/districos.standingout.be\/wp-content\/uploads\/2022\/09\/Districos_Logo_Webshop.svg","caption":"Districos Webshop"},"image":{"@id":"https:\/\/districos.standingout.be\/fr\/#\/schema\/logo\/image\/"}}]}},"_links":{"self":[{"href":"https:\/\/districos.standingout.be\/fr\/wp-json\/wp\/v2\/product\/134319","targetHints":{"allow":["GET"]}}],"collection":[{"href":"https:\/\/districos.standingout.be\/fr\/wp-json\/wp\/v2\/product"}],"about":[{"href":"https:\/\/districos.standingout.be\/fr\/wp-json\/wp\/v2\/types\/product"}],"replies":[{"embeddable":true,"href":"https:\/\/districos.standingout.be\/fr\/wp-json\/wp\/v2\/comments?post=134319"}],"wp:featuredmedia":[{"embeddable":true,"href":"https:\/\/districos.standingout.be\/fr\/wp-json\/wp\/v2\/media\/70985"}],"wp:attachment":[{"href":"https:\/\/districos.standingout.be\/fr\/wp-json\/wp\/v2\/media?parent=134319"}],"wp:term":[{"taxonomy":"product_brand","embeddable":true,"href":"https:\/\/districos.standingout.be\/fr\/wp-json\/wp\/v2\/product_brand?post=134319"},{"taxonomy":"product_cat","embeddable":true,"href":"https:\/\/districos.standingout.be\/fr\/wp-json\/wp\/v2\/product_cat?post=134319"},{"taxonomy":"product_tag","embeddable":true,"href":"https:\/\/districos.standingout.be\/fr\/wp-json\/wp\/v2\/product_tag?post=134319"}],"curies":[{"name":"wp","href":"https:\/\/api.w.org\/{rel}","templated":true}]}}