{"id":134323,"date":"2026-04-28T02:15:31","date_gmt":"2026-04-28T00:15:31","guid":{"rendered":"https:\/\/webshopdistricoscom.webhosting.be\/product\/anesi-expression-pep-tenz-eye-cream-15-ml-ref-4141-05-2\/"},"modified":"2026-04-28T02:15:34","modified_gmt":"2026-04-28T00:15:34","slug":"anesi-expression-pep-tenz-eye-cream-15-ml-ref-4141-05","status":"publish","type":"product","link":"https:\/\/districos.standingout.be\/fr\/product\/anesi-expression-pep-tenz-eye-cream-15-ml-ref-4141-05\/","title":{"rendered":"Anesi Expression PEP-Tenz Eye Cream 15 ml"},"content":{"rendered":"<p >\n<\/p>\n<\/p>\n<p dir=\"ltr\">Cette cr\u00e8me pour les yeux ultra-soyeuse associe vos ingr\u00e9dients pr\u00e9f\u00e9r\u00e9s d&rsquo;Epigenesse avec des peptides raffermissants pour un effet lifting instantan\u00e9. Les ingr\u00e9dients actifs innovants et efficaces combattent les signes de vieillissement tout en prodiguant aux contours d\u00e9licats des yeux les soins et les nutriments dont ils ont besoin. Enrichie en squal\u00e8ne pr\u00e9biotique nourrissant, cette cr\u00e8me pour les yeux s&rsquo;attaque efficacement aux ridules et aux pattes d&rsquo;oie tout en renfor\u00e7ant la peau pour des contours des yeux plus jeunes et plus lift\u00e9s.<\/p>\n<ul>\n<li>Contenu : 15 ml.<\/li>\n<\/ul>\n<div><b>Recommand\u00e9 pour :<\/b><\/div>\n<ul>\n<li>les ridules et les pattes d&rsquo;oie autour des contours des yeux (et des l\u00e8vres)<\/li>\n<li>raffermir et tonifier la peau autour des yeux<\/li>\n<li>nourrir la peau d\u00e9licate autour des yeux et des l\u00e8vres, augmenter l&rsquo;hydratation, am\u00e9liorer la texture et renforcer la barri\u00e8re cutan\u00e9e naturelle.<\/li>\n<\/ul>\n<p><b>CONSEIL<\/b><\/p>\n<\/p>\n<div>Si vous utilisez la cr\u00e8me pour les yeux Expression PEP-TENZ en combinaison avec le s\u00e9rum Contour \u00c9clat, utilisez le s\u00e9rum le soir et la cr\u00e8me le matin.<\/div>\n","protected":false},"excerpt":{"rendered":"<p>Cette cr\u00e8me pour les yeux ultra-soyeuse associe vos ingr\u00e9dients pr\u00e9f\u00e9r\u00e9s d&rsquo;Epigenesse avec des peptides raffermissants pour un effet lifting instantan\u00e9. Les ingr\u00e9dients actifs innovants et efficaces combattent les signes de vieillissement tout en prodiguant aux contours d\u00e9licats des yeux les soins et les nutriments dont ils ont besoin. Enrichie en squal\u00e8ne pr\u00e9biotique nourrissant, cette cr\u00e8me [&hellip;]<\/p>\n","protected":false},"featured_media":144105,"comment_status":"open","ping_status":"closed","template":"","meta":{"_acf_changed":false},"product_brand":[10280],"product_cat":[9858],"product_tag":[],"class_list":{"0":"post-134323","1":"product","2":"type-product","3":"status-publish","4":"has-post-thumbnail","6":"product_brand-anesi-fr","7":"product_cat-beaute-visage-anesi-visage","9":"first","10":"instock","11":"taxable","12":"shipping-taxable","13":"product-type-simple"},"acf":[],"yoast_head":"<!-- This site is optimized with the Yoast SEO plugin v27.3 - https:\/\/yoast.com\/product\/yoast-seo-wordpress\/ -->\n<title>Anesi Expression PEP-Tenz Eye Cream 15 ml - Districos Webshop<\/title>\n<meta name=\"robots\" content=\"noindex, follow, max-snippet:-1, max-image-preview:large, max-video-preview:-1\" \/>\n<meta property=\"og:locale\" content=\"fr_FR\" \/>\n<meta property=\"og:type\" content=\"article\" \/>\n<meta property=\"og:title\" content=\"Anesi Expression PEP-Tenz Eye Cream 15 ml - Districos Webshop\" \/>\n<meta property=\"og:description\" content=\"Cette cr\u00e8me pour les yeux ultra-soyeuse associe vos ingr\u00e9dients pr\u00e9f\u00e9r\u00e9s d&rsquo;Epigenesse avec des peptides raffermissants pour un effet lifting instantan\u00e9. Les ingr\u00e9dients actifs innovants et efficaces combattent les signes de vieillissement tout en prodiguant aux contours d\u00e9licats des yeux les soins et les nutriments dont ils ont besoin. Enrichie en squal\u00e8ne pr\u00e9biotique nourrissant, cette cr\u00e8me [&hellip;]\" \/>\n<meta property=\"og:url\" content=\"https:\/\/districos.standingout.be\/fr\/product\/anesi-expression-pep-tenz-eye-cream-15-ml-ref-4141-05\/\" \/>\n<meta property=\"og:site_name\" content=\"Districos Webshop\" \/>\n<meta property=\"article:modified_time\" content=\"2026-04-28T00:15:34+00:00\" \/>\n<meta property=\"og:image\" content=\"https:\/\/districos.standingout.be\/wp-content\/uploads\/2026\/04\/4141.05@Anesi-Lab-Expression-PEP-Tenz-Eye-Cream-15-ml_1-2.png\" \/>\n\t<meta property=\"og:image:width\" content=\"600\" \/>\n\t<meta property=\"og:image:height\" content=\"600\" \/>\n\t<meta property=\"og:image:type\" content=\"image\/png\" \/>\n<meta name=\"twitter:card\" content=\"summary_large_image\" \/>\n<meta name=\"twitter:label1\" content=\"Dur\u00e9e de lecture estim\u00e9e\" \/>\n\t<meta name=\"twitter:data1\" content=\"1 minute\" \/>\n<script type=\"application\/ld+json\" class=\"yoast-schema-graph\">{\"@context\":\"https:\\\/\\\/schema.org\",\"@graph\":[{\"@type\":\"WebPage\",\"@id\":\"https:\\\/\\\/districos.standingout.be\\\/fr\\\/product\\\/anesi-expression-pep-tenz-eye-cream-15-ml-ref-4141-05\\\/\",\"url\":\"https:\\\/\\\/districos.standingout.be\\\/fr\\\/product\\\/anesi-expression-pep-tenz-eye-cream-15-ml-ref-4141-05\\\/\",\"name\":\"Anesi Expression PEP-Tenz Eye Cream 15 ml - Districos Webshop\",\"isPartOf\":{\"@id\":\"https:\\\/\\\/districos.standingout.be\\\/fr\\\/#website\"},\"primaryImageOfPage\":{\"@id\":\"https:\\\/\\\/districos.standingout.be\\\/fr\\\/product\\\/anesi-expression-pep-tenz-eye-cream-15-ml-ref-4141-05\\\/#primaryimage\"},\"image\":{\"@id\":\"https:\\\/\\\/districos.standingout.be\\\/fr\\\/product\\\/anesi-expression-pep-tenz-eye-cream-15-ml-ref-4141-05\\\/#primaryimage\"},\"thumbnailUrl\":\"https:\\\/\\\/districos.standingout.be\\\/wp-content\\\/uploads\\\/2026\\\/04\\\/4141.05@Anesi-Lab-Expression-PEP-Tenz-Eye-Cream-15-ml_1-3.png\",\"datePublished\":\"2026-04-28T00:15:31+00:00\",\"dateModified\":\"2026-04-28T00:15:34+00:00\",\"breadcrumb\":{\"@id\":\"https:\\\/\\\/districos.standingout.be\\\/fr\\\/product\\\/anesi-expression-pep-tenz-eye-cream-15-ml-ref-4141-05\\\/#breadcrumb\"},\"inLanguage\":\"fr-FR\",\"potentialAction\":[{\"@type\":\"ReadAction\",\"target\":[\"https:\\\/\\\/districos.standingout.be\\\/fr\\\/product\\\/anesi-expression-pep-tenz-eye-cream-15-ml-ref-4141-05\\\/\"]}]},{\"@type\":\"ImageObject\",\"inLanguage\":\"fr-FR\",\"@id\":\"https:\\\/\\\/districos.standingout.be\\\/fr\\\/product\\\/anesi-expression-pep-tenz-eye-cream-15-ml-ref-4141-05\\\/#primaryimage\",\"url\":\"https:\\\/\\\/districos.standingout.be\\\/wp-content\\\/uploads\\\/2026\\\/04\\\/4141.05@Anesi-Lab-Expression-PEP-Tenz-Eye-Cream-15-ml_1-3.png\",\"contentUrl\":\"https:\\\/\\\/districos.standingout.be\\\/wp-content\\\/uploads\\\/2026\\\/04\\\/4141.05@Anesi-Lab-Expression-PEP-Tenz-Eye-Cream-15-ml_1-3.png\",\"width\":600,\"height\":600},{\"@type\":\"BreadcrumbList\",\"@id\":\"https:\\\/\\\/districos.standingout.be\\\/fr\\\/product\\\/anesi-expression-pep-tenz-eye-cream-15-ml-ref-4141-05\\\/#breadcrumb\",\"itemListElement\":[{\"@type\":\"ListItem\",\"position\":1,\"name\":\"Home\",\"item\":\"https:\\\/\\\/districos.standingout.be\\\/fr\\\/bienvenue-chez-districos\\\/\"},{\"@type\":\"ListItem\",\"position\":2,\"name\":\"Boutique\",\"item\":\"https:\\\/\\\/districos.standingout.be\\\/fr\\\/boutique\\\/\"},{\"@type\":\"ListItem\",\"position\":3,\"name\":\"Anesi Expression PEP-Tenz Eye Cream 15 ml\"}]},{\"@type\":\"WebSite\",\"@id\":\"https:\\\/\\\/districos.standingout.be\\\/fr\\\/#website\",\"url\":\"https:\\\/\\\/districos.standingout.be\\\/fr\\\/\",\"name\":\"Districos Webshop\",\"description\":\"\",\"publisher\":{\"@id\":\"https:\\\/\\\/districos.standingout.be\\\/fr\\\/#organization\"},\"potentialAction\":[{\"@type\":\"SearchAction\",\"target\":{\"@type\":\"EntryPoint\",\"urlTemplate\":\"https:\\\/\\\/districos.standingout.be\\\/fr\\\/?s={search_term_string}\"},\"query-input\":{\"@type\":\"PropertyValueSpecification\",\"valueRequired\":true,\"valueName\":\"search_term_string\"}}],\"inLanguage\":\"fr-FR\"},{\"@type\":\"Organization\",\"@id\":\"https:\\\/\\\/districos.standingout.be\\\/fr\\\/#organization\",\"name\":\"Districos Webshop\",\"url\":\"https:\\\/\\\/districos.standingout.be\\\/fr\\\/\",\"logo\":{\"@type\":\"ImageObject\",\"inLanguage\":\"fr-FR\",\"@id\":\"https:\\\/\\\/districos.standingout.be\\\/fr\\\/#\\\/schema\\\/logo\\\/image\\\/\",\"url\":\"https:\\\/\\\/districos.standingout.be\\\/wp-content\\\/uploads\\\/2022\\\/09\\\/Districos_Logo_Webshop.svg\",\"contentUrl\":\"https:\\\/\\\/districos.standingout.be\\\/wp-content\\\/uploads\\\/2022\\\/09\\\/Districos_Logo_Webshop.svg\",\"caption\":\"Districos Webshop\"},\"image\":{\"@id\":\"https:\\\/\\\/districos.standingout.be\\\/fr\\\/#\\\/schema\\\/logo\\\/image\\\/\"}}]}<\/script>\n<!-- \/ Yoast SEO plugin. -->","yoast_head_json":{"title":"Anesi Expression PEP-Tenz Eye Cream 15 ml - Districos Webshop","robots":{"index":"noindex","follow":"follow","max-snippet":"max-snippet:-1","max-image-preview":"max-image-preview:large","max-video-preview":"max-video-preview:-1"},"og_locale":"fr_FR","og_type":"article","og_title":"Anesi Expression PEP-Tenz Eye Cream 15 ml - Districos Webshop","og_description":"Cette cr\u00e8me pour les yeux ultra-soyeuse associe vos ingr\u00e9dients pr\u00e9f\u00e9r\u00e9s d&rsquo;Epigenesse avec des peptides raffermissants pour un effet lifting instantan\u00e9. Les ingr\u00e9dients actifs innovants et efficaces combattent les signes de vieillissement tout en prodiguant aux contours d\u00e9licats des yeux les soins et les nutriments dont ils ont besoin. Enrichie en squal\u00e8ne pr\u00e9biotique nourrissant, cette cr\u00e8me [&hellip;]","og_url":"https:\/\/districos.standingout.be\/fr\/product\/anesi-expression-pep-tenz-eye-cream-15-ml-ref-4141-05\/","og_site_name":"Districos Webshop","article_modified_time":"2026-04-28T00:15:34+00:00","og_image":[{"width":600,"height":600,"url":"https:\/\/districos.standingout.be\/wp-content\/uploads\/2026\/04\/4141.05@Anesi-Lab-Expression-PEP-Tenz-Eye-Cream-15-ml_1-2.png","type":"image\/png"}],"twitter_card":"summary_large_image","twitter_misc":{"Dur\u00e9e de lecture estim\u00e9e":"1 minute"},"schema":{"@context":"https:\/\/schema.org","@graph":[{"@type":"WebPage","@id":"https:\/\/districos.standingout.be\/fr\/product\/anesi-expression-pep-tenz-eye-cream-15-ml-ref-4141-05\/","url":"https:\/\/districos.standingout.be\/fr\/product\/anesi-expression-pep-tenz-eye-cream-15-ml-ref-4141-05\/","name":"Anesi Expression PEP-Tenz Eye Cream 15 ml - Districos Webshop","isPartOf":{"@id":"https:\/\/districos.standingout.be\/fr\/#website"},"primaryImageOfPage":{"@id":"https:\/\/districos.standingout.be\/fr\/product\/anesi-expression-pep-tenz-eye-cream-15-ml-ref-4141-05\/#primaryimage"},"image":{"@id":"https:\/\/districos.standingout.be\/fr\/product\/anesi-expression-pep-tenz-eye-cream-15-ml-ref-4141-05\/#primaryimage"},"thumbnailUrl":"https:\/\/districos.standingout.be\/wp-content\/uploads\/2026\/04\/4141.05@Anesi-Lab-Expression-PEP-Tenz-Eye-Cream-15-ml_1-3.png","datePublished":"2026-04-28T00:15:31+00:00","dateModified":"2026-04-28T00:15:34+00:00","breadcrumb":{"@id":"https:\/\/districos.standingout.be\/fr\/product\/anesi-expression-pep-tenz-eye-cream-15-ml-ref-4141-05\/#breadcrumb"},"inLanguage":"fr-FR","potentialAction":[{"@type":"ReadAction","target":["https:\/\/districos.standingout.be\/fr\/product\/anesi-expression-pep-tenz-eye-cream-15-ml-ref-4141-05\/"]}]},{"@type":"ImageObject","inLanguage":"fr-FR","@id":"https:\/\/districos.standingout.be\/fr\/product\/anesi-expression-pep-tenz-eye-cream-15-ml-ref-4141-05\/#primaryimage","url":"https:\/\/districos.standingout.be\/wp-content\/uploads\/2026\/04\/4141.05@Anesi-Lab-Expression-PEP-Tenz-Eye-Cream-15-ml_1-3.png","contentUrl":"https:\/\/districos.standingout.be\/wp-content\/uploads\/2026\/04\/4141.05@Anesi-Lab-Expression-PEP-Tenz-Eye-Cream-15-ml_1-3.png","width":600,"height":600},{"@type":"BreadcrumbList","@id":"https:\/\/districos.standingout.be\/fr\/product\/anesi-expression-pep-tenz-eye-cream-15-ml-ref-4141-05\/#breadcrumb","itemListElement":[{"@type":"ListItem","position":1,"name":"Home","item":"https:\/\/districos.standingout.be\/fr\/bienvenue-chez-districos\/"},{"@type":"ListItem","position":2,"name":"Boutique","item":"https:\/\/districos.standingout.be\/fr\/boutique\/"},{"@type":"ListItem","position":3,"name":"Anesi Expression PEP-Tenz Eye Cream 15 ml"}]},{"@type":"WebSite","@id":"https:\/\/districos.standingout.be\/fr\/#website","url":"https:\/\/districos.standingout.be\/fr\/","name":"Districos Webshop","description":"","publisher":{"@id":"https:\/\/districos.standingout.be\/fr\/#organization"},"potentialAction":[{"@type":"SearchAction","target":{"@type":"EntryPoint","urlTemplate":"https:\/\/districos.standingout.be\/fr\/?s={search_term_string}"},"query-input":{"@type":"PropertyValueSpecification","valueRequired":true,"valueName":"search_term_string"}}],"inLanguage":"fr-FR"},{"@type":"Organization","@id":"https:\/\/districos.standingout.be\/fr\/#organization","name":"Districos Webshop","url":"https:\/\/districos.standingout.be\/fr\/","logo":{"@type":"ImageObject","inLanguage":"fr-FR","@id":"https:\/\/districos.standingout.be\/fr\/#\/schema\/logo\/image\/","url":"https:\/\/districos.standingout.be\/wp-content\/uploads\/2022\/09\/Districos_Logo_Webshop.svg","contentUrl":"https:\/\/districos.standingout.be\/wp-content\/uploads\/2022\/09\/Districos_Logo_Webshop.svg","caption":"Districos Webshop"},"image":{"@id":"https:\/\/districos.standingout.be\/fr\/#\/schema\/logo\/image\/"}}]}},"_links":{"self":[{"href":"https:\/\/districos.standingout.be\/fr\/wp-json\/wp\/v2\/product\/134323","targetHints":{"allow":["GET"]}}],"collection":[{"href":"https:\/\/districos.standingout.be\/fr\/wp-json\/wp\/v2\/product"}],"about":[{"href":"https:\/\/districos.standingout.be\/fr\/wp-json\/wp\/v2\/types\/product"}],"replies":[{"embeddable":true,"href":"https:\/\/districos.standingout.be\/fr\/wp-json\/wp\/v2\/comments?post=134323"}],"wp:featuredmedia":[{"embeddable":true,"href":"https:\/\/districos.standingout.be\/fr\/wp-json\/wp\/v2\/media\/144105"}],"wp:attachment":[{"href":"https:\/\/districos.standingout.be\/fr\/wp-json\/wp\/v2\/media?parent=134323"}],"wp:term":[{"taxonomy":"product_brand","embeddable":true,"href":"https:\/\/districos.standingout.be\/fr\/wp-json\/wp\/v2\/product_brand?post=134323"},{"taxonomy":"product_cat","embeddable":true,"href":"https:\/\/districos.standingout.be\/fr\/wp-json\/wp\/v2\/product_cat?post=134323"},{"taxonomy":"product_tag","embeddable":true,"href":"https:\/\/districos.standingout.be\/fr\/wp-json\/wp\/v2\/product_tag?post=134323"}],"curies":[{"name":"wp","href":"https:\/\/api.w.org\/{rel}","templated":true}]}}