{"id":134325,"date":"2026-04-28T02:15:35","date_gmt":"2026-04-28T00:15:35","guid":{"rendered":"https:\/\/webshopdistricoscom.webhosting.be\/product\/anesi-harmony-gentle-cleansing-milk-200-ml-ref-4171-2\/"},"modified":"2026-04-28T02:15:38","modified_gmt":"2026-04-28T00:15:38","slug":"anesi-harmony-gentle-cleansing-milk-200-ml-ref-4171","status":"publish","type":"product","link":"https:\/\/districos.standingout.be\/fr\/product\/anesi-harmony-gentle-cleansing-milk-200-ml-ref-4171\/","title":{"rendered":"Anesi Harmony Gentle Cleansing Milk 200 ml"},"content":{"rendered":"<p >\n<\/p>\n<\/p>\n<\/p>\n<\/p>\n<\/p>\n<p>Ce lait nettoyant haute tol\u00e9rance pour le visage, \u00e0 base d&rsquo;huiles v\u00e9g\u00e9tales apaisantes enrichies en pr\u00e9biotiques, est un produit incontournable dans la routine quotidienne de soin de la peau. Cette formule douce et soyeuse \u00e9limine en douceur <b>tout le maquillage et les impuret\u00e9s<\/b> du visage et des yeux sans irriter la peau. Les ingr\u00e9dients nourrissants et apaisants procurent une <b>sensation de confort instantan\u00e9e<\/b>, laissant la peau propre, douce et hydrat\u00e9e.<\/p>\n<ul>\n<li>Id\u00e9al pour le nettoyage quotidien des peaux les plus sensibles.<\/li>\n<li>Convient au contour des yeux et des l\u00e8vres.<\/li>\n<li>\u00c9limine le maquillage waterproof.<\/li>\n<li>Conditionnement : 500 ml.<\/li>\n<\/ul>\n<p><b>Ingr\u00e9dients actifs :<\/b><\/p>\n<ul>\n<li>Extrait d&rsquo;aloe vera : hydrate et adoucit la peau.<\/li>\n<li>Alpha-glucan oligosaccharide : complexe pr\u00e9biotique qui favorise l&rsquo;\u00e9quilibre du microbiome de la peau et la prot\u00e8ge contre les agressions ext\u00e9rieures.<\/li>\n<li>Huile d&rsquo;amande douce : nourrit intens\u00e9ment et laisse la peau douce et soyeuse.<\/li>\n<li>Bisabolol : extrait de camomille aux propri\u00e9t\u00e9s apaisantes et anti-rougeurs.<\/li>\n<li>Glyc\u00e9rine : Retient l&rsquo;humidit\u00e9 et hydrate en profondeur.<\/li>\n<\/ul>\n<p><b>Mode d&#8217;emploi<\/b> :<br \/>\u2714 Appliquer une petite quantit\u00e9 sur le visage sec ou humide.<br \/>\u2714 Masser doucement, y compris autour des yeux.<br \/>\u2714 Rincer \u00e0 l&rsquo;eau ti\u00e8de ou essuyer avec un coton.<\/p>\n<p><b><span lang=\"FR\">Aussi disponible<o:p><\/o:p><\/span><\/b><\/p>\n<ul type=\"disc\">\n<li><span lang=\"FR\">Flacon de cabine de 500 ml (<a href=\"https:\/\/districos.com\/ProductDetail\/4271\" target=\"_blank\" rel=\"noopener noreferrer nofollow\"><span>r\u00e9f. 4271<\/span><\/a>)<\/span><\/li>\n<\/ul>\n<p><span lang=\"FR\">La ligne Harmony est sp\u00e9cialement con\u00e7ue pour soutenir le microbiome. Envie d&rsquo;en savoir plus ? Consultez notre&nbsp;<a href=\"https:\/\/fr.districos.com\/2023\/12\/le-microbiome.html\" target=\"_blank\" rel=\"noopener noreferrer nofollow\"><span>blog&nbsp;<\/span><\/a>!<\/span><\/p><\/p>\n","protected":false},"excerpt":{"rendered":"<p>Ce lait nettoyant haute tol\u00e9rance pour le visage, \u00e0 base d&rsquo;huiles v\u00e9g\u00e9tales apaisantes enrichies en pr\u00e9biotiques, est un produit incontournable dans la routine quotidienne de soin de la peau. Cette formule douce et soyeuse \u00e9limine en douceur tout le maquillage et les impuret\u00e9s du visage et des yeux sans irriter la peau. Les ingr\u00e9dients nourrissants [&hellip;]<\/p>\n","protected":false},"featured_media":71003,"comment_status":"open","ping_status":"closed","template":"","meta":{"_acf_changed":false},"product_brand":[10280],"product_cat":[9858],"product_tag":[],"class_list":{"0":"post-134325","1":"product","2":"type-product","3":"status-publish","4":"has-post-thumbnail","6":"product_brand-anesi-fr","7":"product_cat-beaute-visage-anesi-visage","9":"first","10":"instock","11":"taxable","12":"shipping-taxable","13":"product-type-simple"},"acf":[],"yoast_head":"<!-- This site is optimized with the Yoast SEO plugin v27.3 - https:\/\/yoast.com\/product\/yoast-seo-wordpress\/ -->\n<title>Anesi Harmony Gentle Cleansing Milk 200 ml - Districos Webshop<\/title>\n<meta name=\"robots\" content=\"noindex, follow, max-snippet:-1, max-image-preview:large, max-video-preview:-1\" \/>\n<meta property=\"og:locale\" content=\"fr_FR\" \/>\n<meta property=\"og:type\" content=\"article\" \/>\n<meta property=\"og:title\" content=\"Anesi Harmony Gentle Cleansing Milk 200 ml - Districos Webshop\" \/>\n<meta property=\"og:description\" content=\"Ce lait nettoyant haute tol\u00e9rance pour le visage, \u00e0 base d&rsquo;huiles v\u00e9g\u00e9tales apaisantes enrichies en pr\u00e9biotiques, est un produit incontournable dans la routine quotidienne de soin de la peau. Cette formule douce et soyeuse \u00e9limine en douceur tout le maquillage et les impuret\u00e9s du visage et des yeux sans irriter la peau. Les ingr\u00e9dients nourrissants [&hellip;]\" \/>\n<meta property=\"og:url\" content=\"https:\/\/districos.standingout.be\/fr\/product\/anesi-harmony-gentle-cleansing-milk-200-ml-ref-4171\/\" \/>\n<meta property=\"og:site_name\" content=\"Districos Webshop\" \/>\n<meta property=\"article:modified_time\" content=\"2026-04-28T00:15:38+00:00\" \/>\n<meta property=\"og:image\" content=\"https:\/\/districos.standingout.be\/wp-content\/uploads\/2025\/07\/4171@LowRes_1.png\" \/>\n\t<meta property=\"og:image:width\" content=\"600\" \/>\n\t<meta property=\"og:image:height\" content=\"600\" \/>\n\t<meta property=\"og:image:type\" content=\"image\/png\" \/>\n<meta name=\"twitter:card\" content=\"summary_large_image\" \/>\n<meta name=\"twitter:label1\" content=\"Dur\u00e9e de lecture estim\u00e9e\" \/>\n\t<meta name=\"twitter:data1\" content=\"1 minute\" \/>\n<script type=\"application\/ld+json\" class=\"yoast-schema-graph\">{\"@context\":\"https:\\\/\\\/schema.org\",\"@graph\":[{\"@type\":\"WebPage\",\"@id\":\"https:\\\/\\\/districos.standingout.be\\\/fr\\\/product\\\/anesi-harmony-gentle-cleansing-milk-200-ml-ref-4171\\\/\",\"url\":\"https:\\\/\\\/districos.standingout.be\\\/fr\\\/product\\\/anesi-harmony-gentle-cleansing-milk-200-ml-ref-4171\\\/\",\"name\":\"Anesi Harmony Gentle Cleansing Milk 200 ml - Districos Webshop\",\"isPartOf\":{\"@id\":\"https:\\\/\\\/districos.standingout.be\\\/fr\\\/#website\"},\"primaryImageOfPage\":{\"@id\":\"https:\\\/\\\/districos.standingout.be\\\/fr\\\/product\\\/anesi-harmony-gentle-cleansing-milk-200-ml-ref-4171\\\/#primaryimage\"},\"image\":{\"@id\":\"https:\\\/\\\/districos.standingout.be\\\/fr\\\/product\\\/anesi-harmony-gentle-cleansing-milk-200-ml-ref-4171\\\/#primaryimage\"},\"thumbnailUrl\":\"https:\\\/\\\/districos.standingout.be\\\/wp-content\\\/uploads\\\/2025\\\/07\\\/4171@LowRes_1.png\",\"datePublished\":\"2026-04-28T00:15:35+00:00\",\"dateModified\":\"2026-04-28T00:15:38+00:00\",\"breadcrumb\":{\"@id\":\"https:\\\/\\\/districos.standingout.be\\\/fr\\\/product\\\/anesi-harmony-gentle-cleansing-milk-200-ml-ref-4171\\\/#breadcrumb\"},\"inLanguage\":\"fr-FR\",\"potentialAction\":[{\"@type\":\"ReadAction\",\"target\":[\"https:\\\/\\\/districos.standingout.be\\\/fr\\\/product\\\/anesi-harmony-gentle-cleansing-milk-200-ml-ref-4171\\\/\"]}]},{\"@type\":\"ImageObject\",\"inLanguage\":\"fr-FR\",\"@id\":\"https:\\\/\\\/districos.standingout.be\\\/fr\\\/product\\\/anesi-harmony-gentle-cleansing-milk-200-ml-ref-4171\\\/#primaryimage\",\"url\":\"https:\\\/\\\/districos.standingout.be\\\/wp-content\\\/uploads\\\/2025\\\/07\\\/4171@LowRes_1.png\",\"contentUrl\":\"https:\\\/\\\/districos.standingout.be\\\/wp-content\\\/uploads\\\/2025\\\/07\\\/4171@LowRes_1.png\",\"width\":600,\"height\":600},{\"@type\":\"BreadcrumbList\",\"@id\":\"https:\\\/\\\/districos.standingout.be\\\/fr\\\/product\\\/anesi-harmony-gentle-cleansing-milk-200-ml-ref-4171\\\/#breadcrumb\",\"itemListElement\":[{\"@type\":\"ListItem\",\"position\":1,\"name\":\"Home\",\"item\":\"https:\\\/\\\/districos.standingout.be\\\/fr\\\/bienvenue-chez-districos\\\/\"},{\"@type\":\"ListItem\",\"position\":2,\"name\":\"Boutique\",\"item\":\"https:\\\/\\\/districos.standingout.be\\\/fr\\\/boutique\\\/\"},{\"@type\":\"ListItem\",\"position\":3,\"name\":\"Anesi Harmony Gentle Cleansing Milk 200 ml\"}]},{\"@type\":\"WebSite\",\"@id\":\"https:\\\/\\\/districos.standingout.be\\\/fr\\\/#website\",\"url\":\"https:\\\/\\\/districos.standingout.be\\\/fr\\\/\",\"name\":\"Districos Webshop\",\"description\":\"\",\"publisher\":{\"@id\":\"https:\\\/\\\/districos.standingout.be\\\/fr\\\/#organization\"},\"potentialAction\":[{\"@type\":\"SearchAction\",\"target\":{\"@type\":\"EntryPoint\",\"urlTemplate\":\"https:\\\/\\\/districos.standingout.be\\\/fr\\\/?s={search_term_string}\"},\"query-input\":{\"@type\":\"PropertyValueSpecification\",\"valueRequired\":true,\"valueName\":\"search_term_string\"}}],\"inLanguage\":\"fr-FR\"},{\"@type\":\"Organization\",\"@id\":\"https:\\\/\\\/districos.standingout.be\\\/fr\\\/#organization\",\"name\":\"Districos Webshop\",\"url\":\"https:\\\/\\\/districos.standingout.be\\\/fr\\\/\",\"logo\":{\"@type\":\"ImageObject\",\"inLanguage\":\"fr-FR\",\"@id\":\"https:\\\/\\\/districos.standingout.be\\\/fr\\\/#\\\/schema\\\/logo\\\/image\\\/\",\"url\":\"https:\\\/\\\/districos.standingout.be\\\/wp-content\\\/uploads\\\/2022\\\/09\\\/Districos_Logo_Webshop.svg\",\"contentUrl\":\"https:\\\/\\\/districos.standingout.be\\\/wp-content\\\/uploads\\\/2022\\\/09\\\/Districos_Logo_Webshop.svg\",\"caption\":\"Districos Webshop\"},\"image\":{\"@id\":\"https:\\\/\\\/districos.standingout.be\\\/fr\\\/#\\\/schema\\\/logo\\\/image\\\/\"}}]}<\/script>\n<!-- \/ Yoast SEO plugin. -->","yoast_head_json":{"title":"Anesi Harmony Gentle Cleansing Milk 200 ml - Districos Webshop","robots":{"index":"noindex","follow":"follow","max-snippet":"max-snippet:-1","max-image-preview":"max-image-preview:large","max-video-preview":"max-video-preview:-1"},"og_locale":"fr_FR","og_type":"article","og_title":"Anesi Harmony Gentle Cleansing Milk 200 ml - Districos Webshop","og_description":"Ce lait nettoyant haute tol\u00e9rance pour le visage, \u00e0 base d&rsquo;huiles v\u00e9g\u00e9tales apaisantes enrichies en pr\u00e9biotiques, est un produit incontournable dans la routine quotidienne de soin de la peau. Cette formule douce et soyeuse \u00e9limine en douceur tout le maquillage et les impuret\u00e9s du visage et des yeux sans irriter la peau. Les ingr\u00e9dients nourrissants [&hellip;]","og_url":"https:\/\/districos.standingout.be\/fr\/product\/anesi-harmony-gentle-cleansing-milk-200-ml-ref-4171\/","og_site_name":"Districos Webshop","article_modified_time":"2026-04-28T00:15:38+00:00","og_image":[{"width":600,"height":600,"url":"https:\/\/districos.standingout.be\/wp-content\/uploads\/2025\/07\/4171@LowRes_1.png","type":"image\/png"}],"twitter_card":"summary_large_image","twitter_misc":{"Dur\u00e9e de lecture estim\u00e9e":"1 minute"},"schema":{"@context":"https:\/\/schema.org","@graph":[{"@type":"WebPage","@id":"https:\/\/districos.standingout.be\/fr\/product\/anesi-harmony-gentle-cleansing-milk-200-ml-ref-4171\/","url":"https:\/\/districos.standingout.be\/fr\/product\/anesi-harmony-gentle-cleansing-milk-200-ml-ref-4171\/","name":"Anesi Harmony Gentle Cleansing Milk 200 ml - Districos Webshop","isPartOf":{"@id":"https:\/\/districos.standingout.be\/fr\/#website"},"primaryImageOfPage":{"@id":"https:\/\/districos.standingout.be\/fr\/product\/anesi-harmony-gentle-cleansing-milk-200-ml-ref-4171\/#primaryimage"},"image":{"@id":"https:\/\/districos.standingout.be\/fr\/product\/anesi-harmony-gentle-cleansing-milk-200-ml-ref-4171\/#primaryimage"},"thumbnailUrl":"https:\/\/districos.standingout.be\/wp-content\/uploads\/2025\/07\/4171@LowRes_1.png","datePublished":"2026-04-28T00:15:35+00:00","dateModified":"2026-04-28T00:15:38+00:00","breadcrumb":{"@id":"https:\/\/districos.standingout.be\/fr\/product\/anesi-harmony-gentle-cleansing-milk-200-ml-ref-4171\/#breadcrumb"},"inLanguage":"fr-FR","potentialAction":[{"@type":"ReadAction","target":["https:\/\/districos.standingout.be\/fr\/product\/anesi-harmony-gentle-cleansing-milk-200-ml-ref-4171\/"]}]},{"@type":"ImageObject","inLanguage":"fr-FR","@id":"https:\/\/districos.standingout.be\/fr\/product\/anesi-harmony-gentle-cleansing-milk-200-ml-ref-4171\/#primaryimage","url":"https:\/\/districos.standingout.be\/wp-content\/uploads\/2025\/07\/4171@LowRes_1.png","contentUrl":"https:\/\/districos.standingout.be\/wp-content\/uploads\/2025\/07\/4171@LowRes_1.png","width":600,"height":600},{"@type":"BreadcrumbList","@id":"https:\/\/districos.standingout.be\/fr\/product\/anesi-harmony-gentle-cleansing-milk-200-ml-ref-4171\/#breadcrumb","itemListElement":[{"@type":"ListItem","position":1,"name":"Home","item":"https:\/\/districos.standingout.be\/fr\/bienvenue-chez-districos\/"},{"@type":"ListItem","position":2,"name":"Boutique","item":"https:\/\/districos.standingout.be\/fr\/boutique\/"},{"@type":"ListItem","position":3,"name":"Anesi Harmony Gentle Cleansing Milk 200 ml"}]},{"@type":"WebSite","@id":"https:\/\/districos.standingout.be\/fr\/#website","url":"https:\/\/districos.standingout.be\/fr\/","name":"Districos Webshop","description":"","publisher":{"@id":"https:\/\/districos.standingout.be\/fr\/#organization"},"potentialAction":[{"@type":"SearchAction","target":{"@type":"EntryPoint","urlTemplate":"https:\/\/districos.standingout.be\/fr\/?s={search_term_string}"},"query-input":{"@type":"PropertyValueSpecification","valueRequired":true,"valueName":"search_term_string"}}],"inLanguage":"fr-FR"},{"@type":"Organization","@id":"https:\/\/districos.standingout.be\/fr\/#organization","name":"Districos Webshop","url":"https:\/\/districos.standingout.be\/fr\/","logo":{"@type":"ImageObject","inLanguage":"fr-FR","@id":"https:\/\/districos.standingout.be\/fr\/#\/schema\/logo\/image\/","url":"https:\/\/districos.standingout.be\/wp-content\/uploads\/2022\/09\/Districos_Logo_Webshop.svg","contentUrl":"https:\/\/districos.standingout.be\/wp-content\/uploads\/2022\/09\/Districos_Logo_Webshop.svg","caption":"Districos Webshop"},"image":{"@id":"https:\/\/districos.standingout.be\/fr\/#\/schema\/logo\/image\/"}}]}},"_links":{"self":[{"href":"https:\/\/districos.standingout.be\/fr\/wp-json\/wp\/v2\/product\/134325","targetHints":{"allow":["GET"]}}],"collection":[{"href":"https:\/\/districos.standingout.be\/fr\/wp-json\/wp\/v2\/product"}],"about":[{"href":"https:\/\/districos.standingout.be\/fr\/wp-json\/wp\/v2\/types\/product"}],"replies":[{"embeddable":true,"href":"https:\/\/districos.standingout.be\/fr\/wp-json\/wp\/v2\/comments?post=134325"}],"wp:featuredmedia":[{"embeddable":true,"href":"https:\/\/districos.standingout.be\/fr\/wp-json\/wp\/v2\/media\/71003"}],"wp:attachment":[{"href":"https:\/\/districos.standingout.be\/fr\/wp-json\/wp\/v2\/media?parent=134325"}],"wp:term":[{"taxonomy":"product_brand","embeddable":true,"href":"https:\/\/districos.standingout.be\/fr\/wp-json\/wp\/v2\/product_brand?post=134325"},{"taxonomy":"product_cat","embeddable":true,"href":"https:\/\/districos.standingout.be\/fr\/wp-json\/wp\/v2\/product_cat?post=134325"},{"taxonomy":"product_tag","embeddable":true,"href":"https:\/\/districos.standingout.be\/fr\/wp-json\/wp\/v2\/product_tag?post=134325"}],"curies":[{"name":"wp","href":"https:\/\/api.w.org\/{rel}","templated":true}]}}