{"id":134327,"date":"2026-04-28T02:15:39","date_gmt":"2026-04-28T00:15:39","guid":{"rendered":"https:\/\/webshopdistricoscom.webhosting.be\/product\/anesi-harmony-hydra-calm-mist-toner-110-ml-ref-4172-1-2\/"},"modified":"2026-04-28T02:15:42","modified_gmt":"2026-04-28T00:15:42","slug":"anesi-harmony-hydra-calm-mist-toner-110-ml-ref-4172-1","status":"publish","type":"product","link":"https:\/\/districos.standingout.be\/fr\/product\/anesi-harmony-hydra-calm-mist-toner-110-ml-ref-4172-1\/","title":{"rendered":"Anesi Harmony Hydra-Calm Mist Toner 110 ml"},"content":{"rendered":"<p >\n<\/p>\n<\/p>\n<\/p>\n<\/p>\n<\/p>\n<\/p>\n<\/p>\n<p><span>Ce toner doux et hydratant de la ligne du visage Harmony d&rsquo;Anesi Lab apaise et r\u00e9\u00e9quilibre instantan\u00e9ment. Contient une forte concentration d&rsquo;alpha-glucane oligosaccharide pr\u00e9biotique avec des antioxydants. Prot\u00e8ge et soutient le microbiome pour pr\u00e9venir et apaiser les signes d&rsquo;irritation. Aide \u00e0 neutraliser les effets du stress oxydatif sur la peau.&nbsp;<\/span><\/p>\n<p><span lang=\"FR-BE\">Rafra\u00eechissant en cas de chaleur, de rougeurs, de bouff\u00e9es de chaleur et de pouss\u00e9es hormonales. Id\u00e9al pour les voyages!<o:p><\/o:p><\/span><\/p>\n<p><b><span lang=\"FR-BE\">Ingr\u00e9dients actifs :<o:p><\/o:p><\/span><\/b><\/p>\n<ul type=\"disc\">\n<li><span lang=\"FR-BE\">Alpha-glucane oligosaccharide : Ce pr\u00e9biotique puissant augmente la diversit\u00e9 du microbiome de la peau pour une peau saine, \u00e9quilibr\u00e9e et r\u00e9siliente. Riche en antioxydants protecteurs.&nbsp;<o:p><\/o:p><\/span><\/li>\n<li><span lang=\"FR-BE\">Glyc\u00e9rine : Absorbe de l&rsquo;eau de l&rsquo;atmosph\u00e8re pour assurer l&rsquo;hydratation et la protection \u00e0 long terme de la peau. Pour une hydratation instantan\u00e9e et durable.<o:p><\/o:p><\/span><\/li>\n<\/ul>\n<p><b><span lang=\"FR-BE\">Emballage<\/span><\/b><span lang=\"FR-BE\"> :&nbsp;flacon spray\/brumisateur pratique de 110 ml qui vaporise la lotion en une brume fine.<o:p><\/o:p><\/span><\/p>\n<p><b><span lang=\"FR-BE\">\u00c9galement disponible<o:p><\/o:p><\/span><\/b><\/p>\n<ul type=\"disc\">\n<li><span lang=\"FR-BE\">Flacon cabine de 500 ml (<a href=\"https:\/\/webshop.districos.com\/ProductDetail\/4272.1\" target=\"_blank\" rel=\"noopener noreferrer nofollow\">r\u00e9f. 4272.1<\/a>)<\/span><\/li>\n<\/ul>\n<p><span lang=\"FR-BE\">La ligne Harmony est sp\u00e9cialement con\u00e7ue pour soutenir le microbiome. Envie d&rsquo;en savoir plus ? Consultez notre&nbsp;<a href=\"https:\/\/fr.districos.com\/2023\/12\/le-microbiome.html\" target=\"_blank\" rel=\"noopener noreferrer nofollow\"><span>blog&nbsp;<\/span><\/a>!&nbsp;<o:p><\/o:p><\/span><\/p>\n<div>\n<\/p><\/div>\n<p> <timestamp:20148066:61\/> <\/p>\n","protected":false},"excerpt":{"rendered":"<p>Ce toner doux et hydratant de la ligne du visage Harmony d&rsquo;Anesi Lab apaise et r\u00e9\u00e9quilibre instantan\u00e9ment. Contient une forte concentration d&rsquo;alpha-glucane oligosaccharide pr\u00e9biotique avec des antioxydants. Prot\u00e8ge et soutient le microbiome pour pr\u00e9venir et apaiser les signes d&rsquo;irritation. Aide \u00e0 neutraliser les effets du stress oxydatif sur la peau.&nbsp; Rafra\u00eechissant en cas de chaleur, [&hellip;]<\/p>\n","protected":false},"featured_media":71009,"comment_status":"open","ping_status":"closed","template":"","meta":{"_acf_changed":false},"product_brand":[10280],"product_cat":[9858],"product_tag":[],"class_list":{"0":"post-134327","1":"product","2":"type-product","3":"status-publish","4":"has-post-thumbnail","6":"product_brand-anesi-fr","7":"product_cat-beaute-visage-anesi-visage","9":"first","10":"instock","11":"taxable","12":"shipping-taxable","13":"product-type-simple"},"acf":[],"yoast_head":"<!-- This site is optimized with the Yoast SEO plugin v27.3 - https:\/\/yoast.com\/product\/yoast-seo-wordpress\/ -->\n<title>Anesi Harmony Hydra-Calm Mist Toner 110 ml - Districos Webshop<\/title>\n<meta name=\"robots\" content=\"noindex, follow, max-snippet:-1, max-image-preview:large, max-video-preview:-1\" \/>\n<meta property=\"og:locale\" content=\"fr_FR\" \/>\n<meta property=\"og:type\" content=\"article\" \/>\n<meta property=\"og:title\" content=\"Anesi Harmony Hydra-Calm Mist Toner 110 ml - Districos Webshop\" \/>\n<meta property=\"og:description\" content=\"Ce toner doux et hydratant de la ligne du visage Harmony d&rsquo;Anesi Lab apaise et r\u00e9\u00e9quilibre instantan\u00e9ment. Contient une forte concentration d&rsquo;alpha-glucane oligosaccharide pr\u00e9biotique avec des antioxydants. Prot\u00e8ge et soutient le microbiome pour pr\u00e9venir et apaiser les signes d&rsquo;irritation. Aide \u00e0 neutraliser les effets du stress oxydatif sur la peau.&nbsp; Rafra\u00eechissant en cas de chaleur, [&hellip;]\" \/>\n<meta property=\"og:url\" content=\"https:\/\/districos.standingout.be\/fr\/product\/anesi-harmony-hydra-calm-mist-toner-110-ml-ref-4172-1\/\" \/>\n<meta property=\"og:site_name\" content=\"Districos Webshop\" \/>\n<meta property=\"article:modified_time\" content=\"2026-04-28T00:15:42+00:00\" \/>\n<meta property=\"og:image\" content=\"https:\/\/districos.standingout.be\/wp-content\/uploads\/2025\/07\/4172.1@Anesi-Lab-Harmony-Hydra-Calm-Mist-Toner-100-ml_1.png\" \/>\n\t<meta property=\"og:image:width\" content=\"600\" \/>\n\t<meta property=\"og:image:height\" content=\"600\" \/>\n\t<meta property=\"og:image:type\" content=\"image\/png\" \/>\n<meta name=\"twitter:card\" content=\"summary_large_image\" \/>\n<meta name=\"twitter:label1\" content=\"Dur\u00e9e de lecture estim\u00e9e\" \/>\n\t<meta name=\"twitter:data1\" content=\"1 minute\" \/>\n<script type=\"application\/ld+json\" class=\"yoast-schema-graph\">{\"@context\":\"https:\\\/\\\/schema.org\",\"@graph\":[{\"@type\":\"WebPage\",\"@id\":\"https:\\\/\\\/districos.standingout.be\\\/fr\\\/product\\\/anesi-harmony-hydra-calm-mist-toner-110-ml-ref-4172-1\\\/\",\"url\":\"https:\\\/\\\/districos.standingout.be\\\/fr\\\/product\\\/anesi-harmony-hydra-calm-mist-toner-110-ml-ref-4172-1\\\/\",\"name\":\"Anesi Harmony Hydra-Calm Mist Toner 110 ml - Districos Webshop\",\"isPartOf\":{\"@id\":\"https:\\\/\\\/districos.standingout.be\\\/fr\\\/#website\"},\"primaryImageOfPage\":{\"@id\":\"https:\\\/\\\/districos.standingout.be\\\/fr\\\/product\\\/anesi-harmony-hydra-calm-mist-toner-110-ml-ref-4172-1\\\/#primaryimage\"},\"image\":{\"@id\":\"https:\\\/\\\/districos.standingout.be\\\/fr\\\/product\\\/anesi-harmony-hydra-calm-mist-toner-110-ml-ref-4172-1\\\/#primaryimage\"},\"thumbnailUrl\":\"https:\\\/\\\/districos.standingout.be\\\/wp-content\\\/uploads\\\/2025\\\/07\\\/4172.1@Anesi-Lab-Harmony-Hydra-Calm-Mist-Toner-100-ml_1.png\",\"datePublished\":\"2026-04-28T00:15:39+00:00\",\"dateModified\":\"2026-04-28T00:15:42+00:00\",\"breadcrumb\":{\"@id\":\"https:\\\/\\\/districos.standingout.be\\\/fr\\\/product\\\/anesi-harmony-hydra-calm-mist-toner-110-ml-ref-4172-1\\\/#breadcrumb\"},\"inLanguage\":\"fr-FR\",\"potentialAction\":[{\"@type\":\"ReadAction\",\"target\":[\"https:\\\/\\\/districos.standingout.be\\\/fr\\\/product\\\/anesi-harmony-hydra-calm-mist-toner-110-ml-ref-4172-1\\\/\"]}]},{\"@type\":\"ImageObject\",\"inLanguage\":\"fr-FR\",\"@id\":\"https:\\\/\\\/districos.standingout.be\\\/fr\\\/product\\\/anesi-harmony-hydra-calm-mist-toner-110-ml-ref-4172-1\\\/#primaryimage\",\"url\":\"https:\\\/\\\/districos.standingout.be\\\/wp-content\\\/uploads\\\/2025\\\/07\\\/4172.1@Anesi-Lab-Harmony-Hydra-Calm-Mist-Toner-100-ml_1.png\",\"contentUrl\":\"https:\\\/\\\/districos.standingout.be\\\/wp-content\\\/uploads\\\/2025\\\/07\\\/4172.1@Anesi-Lab-Harmony-Hydra-Calm-Mist-Toner-100-ml_1.png\",\"width\":600,\"height\":600},{\"@type\":\"BreadcrumbList\",\"@id\":\"https:\\\/\\\/districos.standingout.be\\\/fr\\\/product\\\/anesi-harmony-hydra-calm-mist-toner-110-ml-ref-4172-1\\\/#breadcrumb\",\"itemListElement\":[{\"@type\":\"ListItem\",\"position\":1,\"name\":\"Home\",\"item\":\"https:\\\/\\\/districos.standingout.be\\\/fr\\\/bienvenue-chez-districos\\\/\"},{\"@type\":\"ListItem\",\"position\":2,\"name\":\"Boutique\",\"item\":\"https:\\\/\\\/districos.standingout.be\\\/fr\\\/boutique\\\/\"},{\"@type\":\"ListItem\",\"position\":3,\"name\":\"Anesi Harmony Hydra-Calm Mist Toner 110 ml\"}]},{\"@type\":\"WebSite\",\"@id\":\"https:\\\/\\\/districos.standingout.be\\\/fr\\\/#website\",\"url\":\"https:\\\/\\\/districos.standingout.be\\\/fr\\\/\",\"name\":\"Districos Webshop\",\"description\":\"\",\"publisher\":{\"@id\":\"https:\\\/\\\/districos.standingout.be\\\/fr\\\/#organization\"},\"potentialAction\":[{\"@type\":\"SearchAction\",\"target\":{\"@type\":\"EntryPoint\",\"urlTemplate\":\"https:\\\/\\\/districos.standingout.be\\\/fr\\\/?s={search_term_string}\"},\"query-input\":{\"@type\":\"PropertyValueSpecification\",\"valueRequired\":true,\"valueName\":\"search_term_string\"}}],\"inLanguage\":\"fr-FR\"},{\"@type\":\"Organization\",\"@id\":\"https:\\\/\\\/districos.standingout.be\\\/fr\\\/#organization\",\"name\":\"Districos Webshop\",\"url\":\"https:\\\/\\\/districos.standingout.be\\\/fr\\\/\",\"logo\":{\"@type\":\"ImageObject\",\"inLanguage\":\"fr-FR\",\"@id\":\"https:\\\/\\\/districos.standingout.be\\\/fr\\\/#\\\/schema\\\/logo\\\/image\\\/\",\"url\":\"https:\\\/\\\/districos.standingout.be\\\/wp-content\\\/uploads\\\/2022\\\/09\\\/Districos_Logo_Webshop.svg\",\"contentUrl\":\"https:\\\/\\\/districos.standingout.be\\\/wp-content\\\/uploads\\\/2022\\\/09\\\/Districos_Logo_Webshop.svg\",\"caption\":\"Districos Webshop\"},\"image\":{\"@id\":\"https:\\\/\\\/districos.standingout.be\\\/fr\\\/#\\\/schema\\\/logo\\\/image\\\/\"}}]}<\/script>\n<!-- \/ Yoast SEO plugin. -->","yoast_head_json":{"title":"Anesi Harmony Hydra-Calm Mist Toner 110 ml - Districos Webshop","robots":{"index":"noindex","follow":"follow","max-snippet":"max-snippet:-1","max-image-preview":"max-image-preview:large","max-video-preview":"max-video-preview:-1"},"og_locale":"fr_FR","og_type":"article","og_title":"Anesi Harmony Hydra-Calm Mist Toner 110 ml - Districos Webshop","og_description":"Ce toner doux et hydratant de la ligne du visage Harmony d&rsquo;Anesi Lab apaise et r\u00e9\u00e9quilibre instantan\u00e9ment. Contient une forte concentration d&rsquo;alpha-glucane oligosaccharide pr\u00e9biotique avec des antioxydants. Prot\u00e8ge et soutient le microbiome pour pr\u00e9venir et apaiser les signes d&rsquo;irritation. Aide \u00e0 neutraliser les effets du stress oxydatif sur la peau.&nbsp; Rafra\u00eechissant en cas de chaleur, [&hellip;]","og_url":"https:\/\/districos.standingout.be\/fr\/product\/anesi-harmony-hydra-calm-mist-toner-110-ml-ref-4172-1\/","og_site_name":"Districos Webshop","article_modified_time":"2026-04-28T00:15:42+00:00","og_image":[{"width":600,"height":600,"url":"https:\/\/districos.standingout.be\/wp-content\/uploads\/2025\/07\/4172.1@Anesi-Lab-Harmony-Hydra-Calm-Mist-Toner-100-ml_1.png","type":"image\/png"}],"twitter_card":"summary_large_image","twitter_misc":{"Dur\u00e9e de lecture estim\u00e9e":"1 minute"},"schema":{"@context":"https:\/\/schema.org","@graph":[{"@type":"WebPage","@id":"https:\/\/districos.standingout.be\/fr\/product\/anesi-harmony-hydra-calm-mist-toner-110-ml-ref-4172-1\/","url":"https:\/\/districos.standingout.be\/fr\/product\/anesi-harmony-hydra-calm-mist-toner-110-ml-ref-4172-1\/","name":"Anesi Harmony Hydra-Calm Mist Toner 110 ml - Districos Webshop","isPartOf":{"@id":"https:\/\/districos.standingout.be\/fr\/#website"},"primaryImageOfPage":{"@id":"https:\/\/districos.standingout.be\/fr\/product\/anesi-harmony-hydra-calm-mist-toner-110-ml-ref-4172-1\/#primaryimage"},"image":{"@id":"https:\/\/districos.standingout.be\/fr\/product\/anesi-harmony-hydra-calm-mist-toner-110-ml-ref-4172-1\/#primaryimage"},"thumbnailUrl":"https:\/\/districos.standingout.be\/wp-content\/uploads\/2025\/07\/4172.1@Anesi-Lab-Harmony-Hydra-Calm-Mist-Toner-100-ml_1.png","datePublished":"2026-04-28T00:15:39+00:00","dateModified":"2026-04-28T00:15:42+00:00","breadcrumb":{"@id":"https:\/\/districos.standingout.be\/fr\/product\/anesi-harmony-hydra-calm-mist-toner-110-ml-ref-4172-1\/#breadcrumb"},"inLanguage":"fr-FR","potentialAction":[{"@type":"ReadAction","target":["https:\/\/districos.standingout.be\/fr\/product\/anesi-harmony-hydra-calm-mist-toner-110-ml-ref-4172-1\/"]}]},{"@type":"ImageObject","inLanguage":"fr-FR","@id":"https:\/\/districos.standingout.be\/fr\/product\/anesi-harmony-hydra-calm-mist-toner-110-ml-ref-4172-1\/#primaryimage","url":"https:\/\/districos.standingout.be\/wp-content\/uploads\/2025\/07\/4172.1@Anesi-Lab-Harmony-Hydra-Calm-Mist-Toner-100-ml_1.png","contentUrl":"https:\/\/districos.standingout.be\/wp-content\/uploads\/2025\/07\/4172.1@Anesi-Lab-Harmony-Hydra-Calm-Mist-Toner-100-ml_1.png","width":600,"height":600},{"@type":"BreadcrumbList","@id":"https:\/\/districos.standingout.be\/fr\/product\/anesi-harmony-hydra-calm-mist-toner-110-ml-ref-4172-1\/#breadcrumb","itemListElement":[{"@type":"ListItem","position":1,"name":"Home","item":"https:\/\/districos.standingout.be\/fr\/bienvenue-chez-districos\/"},{"@type":"ListItem","position":2,"name":"Boutique","item":"https:\/\/districos.standingout.be\/fr\/boutique\/"},{"@type":"ListItem","position":3,"name":"Anesi Harmony Hydra-Calm Mist Toner 110 ml"}]},{"@type":"WebSite","@id":"https:\/\/districos.standingout.be\/fr\/#website","url":"https:\/\/districos.standingout.be\/fr\/","name":"Districos Webshop","description":"","publisher":{"@id":"https:\/\/districos.standingout.be\/fr\/#organization"},"potentialAction":[{"@type":"SearchAction","target":{"@type":"EntryPoint","urlTemplate":"https:\/\/districos.standingout.be\/fr\/?s={search_term_string}"},"query-input":{"@type":"PropertyValueSpecification","valueRequired":true,"valueName":"search_term_string"}}],"inLanguage":"fr-FR"},{"@type":"Organization","@id":"https:\/\/districos.standingout.be\/fr\/#organization","name":"Districos Webshop","url":"https:\/\/districos.standingout.be\/fr\/","logo":{"@type":"ImageObject","inLanguage":"fr-FR","@id":"https:\/\/districos.standingout.be\/fr\/#\/schema\/logo\/image\/","url":"https:\/\/districos.standingout.be\/wp-content\/uploads\/2022\/09\/Districos_Logo_Webshop.svg","contentUrl":"https:\/\/districos.standingout.be\/wp-content\/uploads\/2022\/09\/Districos_Logo_Webshop.svg","caption":"Districos Webshop"},"image":{"@id":"https:\/\/districos.standingout.be\/fr\/#\/schema\/logo\/image\/"}}]}},"_links":{"self":[{"href":"https:\/\/districos.standingout.be\/fr\/wp-json\/wp\/v2\/product\/134327","targetHints":{"allow":["GET"]}}],"collection":[{"href":"https:\/\/districos.standingout.be\/fr\/wp-json\/wp\/v2\/product"}],"about":[{"href":"https:\/\/districos.standingout.be\/fr\/wp-json\/wp\/v2\/types\/product"}],"replies":[{"embeddable":true,"href":"https:\/\/districos.standingout.be\/fr\/wp-json\/wp\/v2\/comments?post=134327"}],"wp:featuredmedia":[{"embeddable":true,"href":"https:\/\/districos.standingout.be\/fr\/wp-json\/wp\/v2\/media\/71009"}],"wp:attachment":[{"href":"https:\/\/districos.standingout.be\/fr\/wp-json\/wp\/v2\/media?parent=134327"}],"wp:term":[{"taxonomy":"product_brand","embeddable":true,"href":"https:\/\/districos.standingout.be\/fr\/wp-json\/wp\/v2\/product_brand?post=134327"},{"taxonomy":"product_cat","embeddable":true,"href":"https:\/\/districos.standingout.be\/fr\/wp-json\/wp\/v2\/product_cat?post=134327"},{"taxonomy":"product_tag","embeddable":true,"href":"https:\/\/districos.standingout.be\/fr\/wp-json\/wp\/v2\/product_tag?post=134327"}],"curies":[{"name":"wp","href":"https:\/\/api.w.org\/{rel}","templated":true}]}}