{"id":134329,"date":"2026-04-28T02:16:06","date_gmt":"2026-04-28T00:16:06","guid":{"rendered":"https:\/\/webshopdistricoscom.webhosting.be\/product\/anesi-harmony-sos-rescue-serum-30-ml-ref-4173-1-2\/"},"modified":"2026-04-28T02:16:10","modified_gmt":"2026-04-28T00:16:10","slug":"anesi-harmony-sos-rescue-serum-30-ml-ref-4173-1","status":"publish","type":"product","link":"https:\/\/districos.standingout.be\/fr\/product\/anesi-harmony-sos-rescue-serum-30-ml-ref-4173-1\/","title":{"rendered":"Anesi Harmony SOS Rescue Serum 30 ml"},"content":{"rendered":"<p >\n<\/p>\n<\/p>\n<\/p>\n<\/p>\n<\/p>\n<\/p>\n<\/p>\n<p><span>SOS RESCUE SERUM : retrouvez rapidement une peau \u00e9clatante !&nbsp;<\/span><\/p>\n<p><span lang=\"FR-BE\">S\u00e9rum hydratant apaisant qui apporte un soulagement en cas de pouss\u00e9es hormonales ou de stress. Une combinaison puissante de pr\u00e9- et postbiotiques combin\u00e9e \u00e0 des huiles v\u00e9g\u00e9tales douces pour apaiser et renforcer l&rsquo;\u00e9quilibre d\u00e9licat du microbiome cutan\u00e9, pour une r\u00e9paration rapide de la peau et un \u00e9clat renouvel\u00e9.<o:p><\/o:p><\/span><\/p>\n<p><span lang=\"FR-BE\">Recommand\u00e9 d\u00e8s les premiers signes d&rsquo;irritation, en cas de d\u00e9s\u00e9quilibre hormonal de la peau et apr\u00e8s les traitements d&rsquo;exfoliation.<o:p><\/o:p><\/span><\/p>\n<p><b><span lang=\"FR-BE\">Ingr\u00e9dients actifs :<o:p><\/o:p><\/span><\/b><\/p>\n<ul type=\"disc\">\n<li><span lang=\"FR-BE\">Alpha-glucane oligosaccharide : Un pr\u00e9biotique avec des antioxydants qui augmente la diversit\u00e9 du microbiome de la peau pour une peau calme et saine.<o:p><\/o:p><\/span><\/li>\n<li><span lang=\"FR-BE\">Huile de graines de Cam\u00e9lia :&nbsp;Riche en om\u00e9ga pour nourrir et prot\u00e9ger.<o:p><\/o:p><\/span><\/li>\n<li><span lang=\"FR-BE\">Glyc\u00e9rine :&nbsp;pour hydrater et adoucir la peau.<o:p><\/o:p><\/span><\/li>\n<li><span lang=\"FR-BE\">Squalane :&nbsp;Un pr\u00e9biotique pour renforcer la barri\u00e8re cutan\u00e9e.<o:p><\/o:p><\/span><\/li>\n<li><span lang=\"FR-BE\">Fermentoil Complex :&nbsp;Un postbiotique. Des huiles nourrissantes ferment\u00e9es et un m\u00e9lange botanique illuminant d&rsquo;extraits de shiunko et de r\u00e9glisse.<o:p><\/o:p><\/span><\/li>\n<\/ul>\n<p><span lang=\"FR-BE\"><b>Emballage : <\/b>produit de vente de 30 ml. Cet article est \u00e9galement disponible dans un format cabine de 140 ml (voir <a href=\"https:\/\/webshop.districos.com\/ProductDetail\/4273.1\" target=\"_blank\" rel=\"noopener noreferrer nofollow\">r\u00e9f. 4273.1<\/a>)<\/span><\/p>\n<p><b><span lang=\"FR-BE\">Emploi<o:p><\/o:p><\/span><\/b><\/p>\n<ul type=\"disc\">\n<li><span lang=\"FR-BE\">Appliquez g\u00e9n\u00e9reusement sur la peau propre avant les cr\u00e8mes et les huiles.<o:p><\/o:p><\/span><\/li>\n<\/ul>\n<p><b><span lang=\"FR-BE\">\u00c9galement disponible<o:p><\/o:p><\/span><\/b><\/p>\n<ul type=\"disc\">\n<li><span>Anesi Harmony Hydra-Calm Spray Toner 100 ml (r\u00e9f.&nbsp;<\/span><a href=\"https:\/\/webshop.districos.com\/ProductDetail\/4172.1\"style=\"font-family: Verdana, sans-serif; font-size: 10pt;\" target=\"_blank\" rel=\"noopener noreferrer nofollow\"><span>4172.1<\/span><\/a><span>)<\/span><\/li>\n<li><span lang=\"FR-BE\">Anesi Harmony Recovery Booster Complex 30 ml (r\u00e9f.&nbsp;&nbsp;<a href=\"https:\/\/webshop.districos.com\/ProductDetail\/4173.2\" target=\"_blank\" rel=\"noopener noreferrer nofollow\"><span>4173.2<\/span><\/a>)<o:p><\/o:p><\/span><\/li>\n<li><span lang=\"FR-BE\">Anesi Harmony Gentle Comfort Cream 50 ml (r\u00e9f.&nbsp;<a href=\"https:\/\/webshop.districos.com\/ProductDetail\/4174\" target=\"_blank\" rel=\"noopener noreferrer nofollow\"><span>4174<\/span><\/a>)<o:p><\/o:p><\/span><\/li>\n<li><span lang=\"FR-BE\">Anesi Harmony Gentle Cleansing Milk 200 ml (r\u00e9f.&nbsp;<a href=\"https:\/\/webshop.districos.com\/ProductDetail\/4171\" target=\"_blank\" rel=\"noopener noreferrer nofollow\"><span>4171<\/span><\/a>)<o:p><\/o:p><\/span><\/li>\n<li><span lang=\"FR-BE\">Anesi Harmony Microbiome Repair Mask 200 ml (r\u00e9f.&nbsp;<a href=\"https:\/\/webshop.districos.com\/ProductDetail\/4276\" target=\"_blank\" rel=\"noopener noreferrer nofollow\"><span>4276<\/span><\/a>)<o:p><\/o:p><\/span><\/li>\n<\/ul>\n<p><span lang=\"FR-BE\">La ligne Harmony est sp\u00e9cialement con\u00e7ue pour soutenir le microbiome. Envie d&rsquo;en savoir plus ?&nbsp;Consultez notre&nbsp;<a href=\"https:\/\/fr.districos.com\/2023\/12\/le-microbiome.html\" target=\"_blank\" rel=\"noopener noreferrer nofollow\"><span>blog&nbsp;<\/span><\/a>!&nbsp;<o:p><\/o:p><\/span><\/p><\/p>\n","protected":false},"excerpt":{"rendered":"<p>SOS RESCUE SERUM : retrouvez rapidement une peau \u00e9clatante !&nbsp; S\u00e9rum hydratant apaisant qui apporte un soulagement en cas de pouss\u00e9es hormonales ou de stress. Une combinaison puissante de pr\u00e9- et postbiotiques combin\u00e9e \u00e0 des huiles v\u00e9g\u00e9tales douces pour apaiser et renforcer l&rsquo;\u00e9quilibre d\u00e9licat du microbiome cutan\u00e9, pour une r\u00e9paration rapide de la peau et [&hellip;]<\/p>\n","protected":false},"featured_media":71012,"comment_status":"open","ping_status":"closed","template":"","meta":{"_acf_changed":false},"product_brand":[10280],"product_cat":[9858],"product_tag":[],"class_list":{"0":"post-134329","1":"product","2":"type-product","3":"status-publish","4":"has-post-thumbnail","6":"product_brand-anesi-fr","7":"product_cat-beaute-visage-anesi-visage","9":"first","10":"instock","11":"taxable","12":"shipping-taxable","13":"product-type-simple"},"acf":[],"yoast_head":"<!-- This site is optimized with the Yoast SEO plugin v27.3 - https:\/\/yoast.com\/product\/yoast-seo-wordpress\/ -->\n<title>Anesi Harmony SOS Rescue Serum 30 ml - Districos Webshop<\/title>\n<meta name=\"robots\" content=\"noindex, follow, max-snippet:-1, max-image-preview:large, max-video-preview:-1\" \/>\n<meta property=\"og:locale\" content=\"fr_FR\" \/>\n<meta property=\"og:type\" content=\"article\" \/>\n<meta property=\"og:title\" content=\"Anesi Harmony SOS Rescue Serum 30 ml - Districos Webshop\" \/>\n<meta property=\"og:description\" content=\"SOS RESCUE SERUM : retrouvez rapidement une peau \u00e9clatante !&nbsp; S\u00e9rum hydratant apaisant qui apporte un soulagement en cas de pouss\u00e9es hormonales ou de stress. Une combinaison puissante de pr\u00e9- et postbiotiques combin\u00e9e \u00e0 des huiles v\u00e9g\u00e9tales douces pour apaiser et renforcer l&rsquo;\u00e9quilibre d\u00e9licat du microbiome cutan\u00e9, pour une r\u00e9paration rapide de la peau et [&hellip;]\" \/>\n<meta property=\"og:url\" content=\"https:\/\/districos.standingout.be\/fr\/product\/anesi-harmony-sos-rescue-serum-30-ml-ref-4173-1\/\" \/>\n<meta property=\"og:site_name\" content=\"Districos Webshop\" \/>\n<meta property=\"article:modified_time\" content=\"2026-04-28T00:16:10+00:00\" \/>\n<meta property=\"og:image\" content=\"https:\/\/districos.standingout.be\/wp-content\/uploads\/2025\/07\/4173.1@Anesi-Lab-Harmony-SOS-Rescue-Serum-30-ml_1.png\" \/>\n\t<meta property=\"og:image:width\" content=\"600\" \/>\n\t<meta property=\"og:image:height\" content=\"600\" \/>\n\t<meta property=\"og:image:type\" content=\"image\/png\" \/>\n<meta name=\"twitter:card\" content=\"summary_large_image\" \/>\n<meta name=\"twitter:label1\" content=\"Dur\u00e9e de lecture estim\u00e9e\" \/>\n\t<meta name=\"twitter:data1\" content=\"1 minute\" \/>\n<script type=\"application\/ld+json\" class=\"yoast-schema-graph\">{\"@context\":\"https:\\\/\\\/schema.org\",\"@graph\":[{\"@type\":\"WebPage\",\"@id\":\"https:\\\/\\\/districos.standingout.be\\\/fr\\\/product\\\/anesi-harmony-sos-rescue-serum-30-ml-ref-4173-1\\\/\",\"url\":\"https:\\\/\\\/districos.standingout.be\\\/fr\\\/product\\\/anesi-harmony-sos-rescue-serum-30-ml-ref-4173-1\\\/\",\"name\":\"Anesi Harmony SOS Rescue Serum 30 ml - Districos Webshop\",\"isPartOf\":{\"@id\":\"https:\\\/\\\/districos.standingout.be\\\/fr\\\/#website\"},\"primaryImageOfPage\":{\"@id\":\"https:\\\/\\\/districos.standingout.be\\\/fr\\\/product\\\/anesi-harmony-sos-rescue-serum-30-ml-ref-4173-1\\\/#primaryimage\"},\"image\":{\"@id\":\"https:\\\/\\\/districos.standingout.be\\\/fr\\\/product\\\/anesi-harmony-sos-rescue-serum-30-ml-ref-4173-1\\\/#primaryimage\"},\"thumbnailUrl\":\"https:\\\/\\\/districos.standingout.be\\\/wp-content\\\/uploads\\\/2025\\\/07\\\/4173.1@Anesi-Lab-Harmony-SOS-Rescue-Serum-30-ml_1.png\",\"datePublished\":\"2026-04-28T00:16:06+00:00\",\"dateModified\":\"2026-04-28T00:16:10+00:00\",\"breadcrumb\":{\"@id\":\"https:\\\/\\\/districos.standingout.be\\\/fr\\\/product\\\/anesi-harmony-sos-rescue-serum-30-ml-ref-4173-1\\\/#breadcrumb\"},\"inLanguage\":\"fr-FR\",\"potentialAction\":[{\"@type\":\"ReadAction\",\"target\":[\"https:\\\/\\\/districos.standingout.be\\\/fr\\\/product\\\/anesi-harmony-sos-rescue-serum-30-ml-ref-4173-1\\\/\"]}]},{\"@type\":\"ImageObject\",\"inLanguage\":\"fr-FR\",\"@id\":\"https:\\\/\\\/districos.standingout.be\\\/fr\\\/product\\\/anesi-harmony-sos-rescue-serum-30-ml-ref-4173-1\\\/#primaryimage\",\"url\":\"https:\\\/\\\/districos.standingout.be\\\/wp-content\\\/uploads\\\/2025\\\/07\\\/4173.1@Anesi-Lab-Harmony-SOS-Rescue-Serum-30-ml_1.png\",\"contentUrl\":\"https:\\\/\\\/districos.standingout.be\\\/wp-content\\\/uploads\\\/2025\\\/07\\\/4173.1@Anesi-Lab-Harmony-SOS-Rescue-Serum-30-ml_1.png\",\"width\":600,\"height\":600},{\"@type\":\"BreadcrumbList\",\"@id\":\"https:\\\/\\\/districos.standingout.be\\\/fr\\\/product\\\/anesi-harmony-sos-rescue-serum-30-ml-ref-4173-1\\\/#breadcrumb\",\"itemListElement\":[{\"@type\":\"ListItem\",\"position\":1,\"name\":\"Home\",\"item\":\"https:\\\/\\\/districos.standingout.be\\\/fr\\\/bienvenue-chez-districos\\\/\"},{\"@type\":\"ListItem\",\"position\":2,\"name\":\"Boutique\",\"item\":\"https:\\\/\\\/districos.standingout.be\\\/fr\\\/boutique\\\/\"},{\"@type\":\"ListItem\",\"position\":3,\"name\":\"Anesi Harmony SOS Rescue Serum 30 ml\"}]},{\"@type\":\"WebSite\",\"@id\":\"https:\\\/\\\/districos.standingout.be\\\/fr\\\/#website\",\"url\":\"https:\\\/\\\/districos.standingout.be\\\/fr\\\/\",\"name\":\"Districos Webshop\",\"description\":\"\",\"publisher\":{\"@id\":\"https:\\\/\\\/districos.standingout.be\\\/fr\\\/#organization\"},\"potentialAction\":[{\"@type\":\"SearchAction\",\"target\":{\"@type\":\"EntryPoint\",\"urlTemplate\":\"https:\\\/\\\/districos.standingout.be\\\/fr\\\/?s={search_term_string}\"},\"query-input\":{\"@type\":\"PropertyValueSpecification\",\"valueRequired\":true,\"valueName\":\"search_term_string\"}}],\"inLanguage\":\"fr-FR\"},{\"@type\":\"Organization\",\"@id\":\"https:\\\/\\\/districos.standingout.be\\\/fr\\\/#organization\",\"name\":\"Districos Webshop\",\"url\":\"https:\\\/\\\/districos.standingout.be\\\/fr\\\/\",\"logo\":{\"@type\":\"ImageObject\",\"inLanguage\":\"fr-FR\",\"@id\":\"https:\\\/\\\/districos.standingout.be\\\/fr\\\/#\\\/schema\\\/logo\\\/image\\\/\",\"url\":\"https:\\\/\\\/districos.standingout.be\\\/wp-content\\\/uploads\\\/2022\\\/09\\\/Districos_Logo_Webshop.svg\",\"contentUrl\":\"https:\\\/\\\/districos.standingout.be\\\/wp-content\\\/uploads\\\/2022\\\/09\\\/Districos_Logo_Webshop.svg\",\"caption\":\"Districos Webshop\"},\"image\":{\"@id\":\"https:\\\/\\\/districos.standingout.be\\\/fr\\\/#\\\/schema\\\/logo\\\/image\\\/\"}}]}<\/script>\n<!-- \/ Yoast SEO plugin. -->","yoast_head_json":{"title":"Anesi Harmony SOS Rescue Serum 30 ml - Districos Webshop","robots":{"index":"noindex","follow":"follow","max-snippet":"max-snippet:-1","max-image-preview":"max-image-preview:large","max-video-preview":"max-video-preview:-1"},"og_locale":"fr_FR","og_type":"article","og_title":"Anesi Harmony SOS Rescue Serum 30 ml - Districos Webshop","og_description":"SOS RESCUE SERUM : retrouvez rapidement une peau \u00e9clatante !&nbsp; S\u00e9rum hydratant apaisant qui apporte un soulagement en cas de pouss\u00e9es hormonales ou de stress. Une combinaison puissante de pr\u00e9- et postbiotiques combin\u00e9e \u00e0 des huiles v\u00e9g\u00e9tales douces pour apaiser et renforcer l&rsquo;\u00e9quilibre d\u00e9licat du microbiome cutan\u00e9, pour une r\u00e9paration rapide de la peau et [&hellip;]","og_url":"https:\/\/districos.standingout.be\/fr\/product\/anesi-harmony-sos-rescue-serum-30-ml-ref-4173-1\/","og_site_name":"Districos Webshop","article_modified_time":"2026-04-28T00:16:10+00:00","og_image":[{"width":600,"height":600,"url":"https:\/\/districos.standingout.be\/wp-content\/uploads\/2025\/07\/4173.1@Anesi-Lab-Harmony-SOS-Rescue-Serum-30-ml_1.png","type":"image\/png"}],"twitter_card":"summary_large_image","twitter_misc":{"Dur\u00e9e de lecture estim\u00e9e":"1 minute"},"schema":{"@context":"https:\/\/schema.org","@graph":[{"@type":"WebPage","@id":"https:\/\/districos.standingout.be\/fr\/product\/anesi-harmony-sos-rescue-serum-30-ml-ref-4173-1\/","url":"https:\/\/districos.standingout.be\/fr\/product\/anesi-harmony-sos-rescue-serum-30-ml-ref-4173-1\/","name":"Anesi Harmony SOS Rescue Serum 30 ml - Districos Webshop","isPartOf":{"@id":"https:\/\/districos.standingout.be\/fr\/#website"},"primaryImageOfPage":{"@id":"https:\/\/districos.standingout.be\/fr\/product\/anesi-harmony-sos-rescue-serum-30-ml-ref-4173-1\/#primaryimage"},"image":{"@id":"https:\/\/districos.standingout.be\/fr\/product\/anesi-harmony-sos-rescue-serum-30-ml-ref-4173-1\/#primaryimage"},"thumbnailUrl":"https:\/\/districos.standingout.be\/wp-content\/uploads\/2025\/07\/4173.1@Anesi-Lab-Harmony-SOS-Rescue-Serum-30-ml_1.png","datePublished":"2026-04-28T00:16:06+00:00","dateModified":"2026-04-28T00:16:10+00:00","breadcrumb":{"@id":"https:\/\/districos.standingout.be\/fr\/product\/anesi-harmony-sos-rescue-serum-30-ml-ref-4173-1\/#breadcrumb"},"inLanguage":"fr-FR","potentialAction":[{"@type":"ReadAction","target":["https:\/\/districos.standingout.be\/fr\/product\/anesi-harmony-sos-rescue-serum-30-ml-ref-4173-1\/"]}]},{"@type":"ImageObject","inLanguage":"fr-FR","@id":"https:\/\/districos.standingout.be\/fr\/product\/anesi-harmony-sos-rescue-serum-30-ml-ref-4173-1\/#primaryimage","url":"https:\/\/districos.standingout.be\/wp-content\/uploads\/2025\/07\/4173.1@Anesi-Lab-Harmony-SOS-Rescue-Serum-30-ml_1.png","contentUrl":"https:\/\/districos.standingout.be\/wp-content\/uploads\/2025\/07\/4173.1@Anesi-Lab-Harmony-SOS-Rescue-Serum-30-ml_1.png","width":600,"height":600},{"@type":"BreadcrumbList","@id":"https:\/\/districos.standingout.be\/fr\/product\/anesi-harmony-sos-rescue-serum-30-ml-ref-4173-1\/#breadcrumb","itemListElement":[{"@type":"ListItem","position":1,"name":"Home","item":"https:\/\/districos.standingout.be\/fr\/bienvenue-chez-districos\/"},{"@type":"ListItem","position":2,"name":"Boutique","item":"https:\/\/districos.standingout.be\/fr\/boutique\/"},{"@type":"ListItem","position":3,"name":"Anesi Harmony SOS Rescue Serum 30 ml"}]},{"@type":"WebSite","@id":"https:\/\/districos.standingout.be\/fr\/#website","url":"https:\/\/districos.standingout.be\/fr\/","name":"Districos Webshop","description":"","publisher":{"@id":"https:\/\/districos.standingout.be\/fr\/#organization"},"potentialAction":[{"@type":"SearchAction","target":{"@type":"EntryPoint","urlTemplate":"https:\/\/districos.standingout.be\/fr\/?s={search_term_string}"},"query-input":{"@type":"PropertyValueSpecification","valueRequired":true,"valueName":"search_term_string"}}],"inLanguage":"fr-FR"},{"@type":"Organization","@id":"https:\/\/districos.standingout.be\/fr\/#organization","name":"Districos Webshop","url":"https:\/\/districos.standingout.be\/fr\/","logo":{"@type":"ImageObject","inLanguage":"fr-FR","@id":"https:\/\/districos.standingout.be\/fr\/#\/schema\/logo\/image\/","url":"https:\/\/districos.standingout.be\/wp-content\/uploads\/2022\/09\/Districos_Logo_Webshop.svg","contentUrl":"https:\/\/districos.standingout.be\/wp-content\/uploads\/2022\/09\/Districos_Logo_Webshop.svg","caption":"Districos Webshop"},"image":{"@id":"https:\/\/districos.standingout.be\/fr\/#\/schema\/logo\/image\/"}}]}},"_links":{"self":[{"href":"https:\/\/districos.standingout.be\/fr\/wp-json\/wp\/v2\/product\/134329","targetHints":{"allow":["GET"]}}],"collection":[{"href":"https:\/\/districos.standingout.be\/fr\/wp-json\/wp\/v2\/product"}],"about":[{"href":"https:\/\/districos.standingout.be\/fr\/wp-json\/wp\/v2\/types\/product"}],"replies":[{"embeddable":true,"href":"https:\/\/districos.standingout.be\/fr\/wp-json\/wp\/v2\/comments?post=134329"}],"wp:featuredmedia":[{"embeddable":true,"href":"https:\/\/districos.standingout.be\/fr\/wp-json\/wp\/v2\/media\/71012"}],"wp:attachment":[{"href":"https:\/\/districos.standingout.be\/fr\/wp-json\/wp\/v2\/media?parent=134329"}],"wp:term":[{"taxonomy":"product_brand","embeddable":true,"href":"https:\/\/districos.standingout.be\/fr\/wp-json\/wp\/v2\/product_brand?post=134329"},{"taxonomy":"product_cat","embeddable":true,"href":"https:\/\/districos.standingout.be\/fr\/wp-json\/wp\/v2\/product_cat?post=134329"},{"taxonomy":"product_tag","embeddable":true,"href":"https:\/\/districos.standingout.be\/fr\/wp-json\/wp\/v2\/product_tag?post=134329"}],"curies":[{"name":"wp","href":"https:\/\/api.w.org\/{rel}","templated":true}]}}