{"id":134331,"date":"2026-04-28T02:16:11","date_gmt":"2026-04-28T00:16:11","guid":{"rendered":"https:\/\/webshopdistricoscom.webhosting.be\/product\/anesi-harmony-recovery-booster-complex-30-ml-ref-4173-2-2\/"},"modified":"2026-04-28T02:16:14","modified_gmt":"2026-04-28T00:16:14","slug":"anesi-harmony-recovery-booster-complex-30-ml-ref-4173-2","status":"publish","type":"product","link":"https:\/\/districos.standingout.be\/fr\/product\/anesi-harmony-recovery-booster-complex-30-ml-ref-4173-2\/","title":{"rendered":"Anesi Harmony Recovery Booster Complex 30 ml"},"content":{"rendered":"<p >\n<\/p>\n<\/p>\n<\/p>\n<\/p>\n<\/p>\n<p><span>RECOVERY BOOSTER COMPLEX:&nbsp;redonne de la r\u00e9silience et de la brillance&nbsp;<\/span><\/p>\n<p><span lang=\"FR-BE\">Une huile s\u00e8che nourrissante contenant des nutriments et des acides gras essentiels pour reconstituer la barri\u00e8re cutan\u00e9e, soulager la s\u00e9cheresse et restaurer l&rsquo;\u00e9clat de la peau. Id\u00e9al pour les peaux squameuses et tendues. Absorption rapide sans effet gras.<o:p><\/o:p><\/span><\/p>\n<p><b><span lang=\"FR-BE\">Ingr\u00e9dients actifs :<o:p><\/o:p><\/span><\/b><\/p>\n<ul type=\"disc\">\n<li><span lang=\"FR-BE\">Squalane :&nbsp;Pr\u00e9biotique issu de la canne \u00e0 sucre avec des antioxydants pour nourrir le microbiome et augmenter sa diversit\u00e9 afin de renforcer la peau.<o:p><\/o:p><\/span><\/li>\n<li><span lang=\"FR-BE\">Huile de graines de Cam\u00e9lia :&nbsp;Riche en om\u00e9ga pour nourrir et prot\u00e9ger.<o:p><\/o:p><\/span><\/li>\n<li><span lang=\"FR-BE\">Fermentoil Complex :&nbsp;Un postbiotique. Un m\u00e9lange d&rsquo;huiles nourrissantes ferment\u00e9es d&rsquo;argan, de tournesol et d&rsquo;olive avec un m\u00e9lange botanique adoucissant, antioxydant et \u00e9claircissant d&rsquo;extraits de shiunko et de r\u00e9glisse aux propri\u00e9t\u00e9s anti-inflammatoires, fortifiantes et protectrices pour un teint plus ferme et plus r\u00e9sistant.<o:p><\/o:p><\/span><\/li>\n<\/ul>\n<p><b><span lang=\"FR-BE\">Emploi<o:p><\/o:p><\/span><\/b><\/p>\n<ul type=\"disc\">\n<li><span lang=\"FR-BE\">Appliquez 2 \u00e0 3 gouttes sur la peau propre avant la Gentle Comfort Cream ou utilisez-la comme huile de nuit. Quand il fait plus froid, ajoutez une goutte \u00e0 une cr\u00e8me de traitement pour un support suppl\u00e9mentaire.<o:p><\/o:p><\/span><\/li>\n<\/ul>\n<p><b><span lang=\"FR-BE\">\u00c9galement disponible<o:p><\/o:p><\/span><\/b><\/p>\n<ul type=\"disc\">\n<li><span lang=\"FR-BE\">Anesi Lab Harmony Hydra-Calm Spray Toner 100 ml (r\u00e9f.&nbsp;<a href=\"https:\/\/webshop.districos.com\/ProductDetail\/4172.1\" target=\"_blank\" rel=\"noopener noreferrer nofollow\"><span>4172.1<\/span><\/a>)<o:p><\/o:p><\/span><\/li>\n<li><span lang=\"FR-BE\">Anesi Harmony SOS Rescue Serum 30 ml (r\u00e9f.&nbsp;<a href=\"https:\/\/webshop.districos.com\/ProductDetail\/4173.1\" target=\"_blank\" rel=\"noopener noreferrer nofollow\"><span>4173.1<\/span><\/a>)<o:p><\/o:p><\/span><\/li>\n<li><span lang=\"FR-BE\">Anesi Harmony Gentle Comfort Cream 50 ml (r\u00e9f.&nbsp;<a href=\"https:\/\/webshop.districos.com\/ProductDetail\/4174\" target=\"_blank\" rel=\"noopener noreferrer nofollow\"><span>4174<\/span><\/a>)<o:p><\/o:p><\/span><\/li>\n<li><span lang=\"FR-BE\">Anesi Harmony Gentle Cleansing Milk 200 ml (r\u00e9f.&nbsp;<a href=\"https:\/\/webshop.districos.com\/ProductDetail\/4171\" target=\"_blank\" rel=\"noopener noreferrer nofollow\"><span>4171<\/span><\/a>)<o:p><\/o:p><\/span><\/li>\n<li><span lang=\"FR-BE\">Anesi Harmony Microbiome Repair Mask 200 ml (r\u00e9f.&nbsp;<a href=\"https:\/\/webshop.districos.com\/ProductDetail\/4276\" target=\"_blank\" rel=\"noopener noreferrer nofollow\"><span>4276<\/span><\/a>)<o:p><\/o:p><\/span><\/li>\n<\/ul>\n<p><span lang=\"FR-BE\">La ligne Harmony est sp\u00e9cialement con\u00e7ue pour soutenir le microbiome. Envie d&rsquo;en savoir plus ?&nbsp;Consultez notre&nbsp;<a href=\"https:\/\/fr.districos.com\/2023\/12\/le-microbiome.html\" target=\"_blank\" rel=\"noopener noreferrer nofollow\"><span>blog&nbsp;<\/span><\/a>!<o:p><\/o:p><\/span><\/p><\/p>\n","protected":false},"excerpt":{"rendered":"<p>RECOVERY BOOSTER COMPLEX:&nbsp;redonne de la r\u00e9silience et de la brillance&nbsp; Une huile s\u00e8che nourrissante contenant des nutriments et des acides gras essentiels pour reconstituer la barri\u00e8re cutan\u00e9e, soulager la s\u00e9cheresse et restaurer l&rsquo;\u00e9clat de la peau. Id\u00e9al pour les peaux squameuses et tendues. Absorption rapide sans effet gras. Ingr\u00e9dients actifs : Squalane :&nbsp;Pr\u00e9biotique issu de [&hellip;]<\/p>\n","protected":false},"featured_media":71015,"comment_status":"open","ping_status":"closed","template":"","meta":{"_acf_changed":false},"product_brand":[10280],"product_cat":[9858],"product_tag":[],"class_list":{"0":"post-134331","1":"product","2":"type-product","3":"status-publish","4":"has-post-thumbnail","6":"product_brand-anesi-fr","7":"product_cat-beaute-visage-anesi-visage","9":"first","10":"instock","11":"taxable","12":"shipping-taxable","13":"product-type-simple"},"acf":[],"yoast_head":"<!-- This site is optimized with the Yoast SEO plugin v27.3 - https:\/\/yoast.com\/product\/yoast-seo-wordpress\/ -->\n<title>Anesi Harmony Recovery Booster Complex 30 ml - Districos Webshop<\/title>\n<meta name=\"robots\" content=\"noindex, follow, max-snippet:-1, max-image-preview:large, max-video-preview:-1\" \/>\n<meta property=\"og:locale\" content=\"fr_FR\" \/>\n<meta property=\"og:type\" content=\"article\" \/>\n<meta property=\"og:title\" content=\"Anesi Harmony Recovery Booster Complex 30 ml - Districos Webshop\" \/>\n<meta property=\"og:description\" content=\"RECOVERY BOOSTER COMPLEX:&nbsp;redonne de la r\u00e9silience et de la brillance&nbsp; Une huile s\u00e8che nourrissante contenant des nutriments et des acides gras essentiels pour reconstituer la barri\u00e8re cutan\u00e9e, soulager la s\u00e9cheresse et restaurer l&rsquo;\u00e9clat de la peau. Id\u00e9al pour les peaux squameuses et tendues. Absorption rapide sans effet gras. Ingr\u00e9dients actifs : Squalane :&nbsp;Pr\u00e9biotique issu de [&hellip;]\" \/>\n<meta property=\"og:url\" content=\"https:\/\/districos.standingout.be\/fr\/product\/anesi-harmony-recovery-booster-complex-30-ml-ref-4173-2\/\" \/>\n<meta property=\"og:site_name\" content=\"Districos Webshop\" \/>\n<meta property=\"article:modified_time\" content=\"2026-04-28T00:16:14+00:00\" \/>\n<meta property=\"og:image\" content=\"https:\/\/districos.standingout.be\/wp-content\/uploads\/2025\/07\/4173.2@Anesi-Lab-Harmony-Recovery-Booster-Complex-30-ml_1.png\" \/>\n\t<meta property=\"og:image:width\" content=\"600\" \/>\n\t<meta property=\"og:image:height\" content=\"600\" \/>\n\t<meta property=\"og:image:type\" content=\"image\/png\" \/>\n<meta name=\"twitter:card\" content=\"summary_large_image\" \/>\n<meta name=\"twitter:label1\" content=\"Dur\u00e9e de lecture estim\u00e9e\" \/>\n\t<meta name=\"twitter:data1\" content=\"1 minute\" \/>\n<script type=\"application\/ld+json\" class=\"yoast-schema-graph\">{\"@context\":\"https:\\\/\\\/schema.org\",\"@graph\":[{\"@type\":\"WebPage\",\"@id\":\"https:\\\/\\\/districos.standingout.be\\\/fr\\\/product\\\/anesi-harmony-recovery-booster-complex-30-ml-ref-4173-2\\\/\",\"url\":\"https:\\\/\\\/districos.standingout.be\\\/fr\\\/product\\\/anesi-harmony-recovery-booster-complex-30-ml-ref-4173-2\\\/\",\"name\":\"Anesi Harmony Recovery Booster Complex 30 ml - Districos Webshop\",\"isPartOf\":{\"@id\":\"https:\\\/\\\/districos.standingout.be\\\/fr\\\/#website\"},\"primaryImageOfPage\":{\"@id\":\"https:\\\/\\\/districos.standingout.be\\\/fr\\\/product\\\/anesi-harmony-recovery-booster-complex-30-ml-ref-4173-2\\\/#primaryimage\"},\"image\":{\"@id\":\"https:\\\/\\\/districos.standingout.be\\\/fr\\\/product\\\/anesi-harmony-recovery-booster-complex-30-ml-ref-4173-2\\\/#primaryimage\"},\"thumbnailUrl\":\"https:\\\/\\\/districos.standingout.be\\\/wp-content\\\/uploads\\\/2025\\\/07\\\/4173.2@Anesi-Lab-Harmony-Recovery-Booster-Complex-30-ml_1.png\",\"datePublished\":\"2026-04-28T00:16:11+00:00\",\"dateModified\":\"2026-04-28T00:16:14+00:00\",\"breadcrumb\":{\"@id\":\"https:\\\/\\\/districos.standingout.be\\\/fr\\\/product\\\/anesi-harmony-recovery-booster-complex-30-ml-ref-4173-2\\\/#breadcrumb\"},\"inLanguage\":\"fr-FR\",\"potentialAction\":[{\"@type\":\"ReadAction\",\"target\":[\"https:\\\/\\\/districos.standingout.be\\\/fr\\\/product\\\/anesi-harmony-recovery-booster-complex-30-ml-ref-4173-2\\\/\"]}]},{\"@type\":\"ImageObject\",\"inLanguage\":\"fr-FR\",\"@id\":\"https:\\\/\\\/districos.standingout.be\\\/fr\\\/product\\\/anesi-harmony-recovery-booster-complex-30-ml-ref-4173-2\\\/#primaryimage\",\"url\":\"https:\\\/\\\/districos.standingout.be\\\/wp-content\\\/uploads\\\/2025\\\/07\\\/4173.2@Anesi-Lab-Harmony-Recovery-Booster-Complex-30-ml_1.png\",\"contentUrl\":\"https:\\\/\\\/districos.standingout.be\\\/wp-content\\\/uploads\\\/2025\\\/07\\\/4173.2@Anesi-Lab-Harmony-Recovery-Booster-Complex-30-ml_1.png\",\"width\":600,\"height\":600},{\"@type\":\"BreadcrumbList\",\"@id\":\"https:\\\/\\\/districos.standingout.be\\\/fr\\\/product\\\/anesi-harmony-recovery-booster-complex-30-ml-ref-4173-2\\\/#breadcrumb\",\"itemListElement\":[{\"@type\":\"ListItem\",\"position\":1,\"name\":\"Home\",\"item\":\"https:\\\/\\\/districos.standingout.be\\\/fr\\\/bienvenue-chez-districos\\\/\"},{\"@type\":\"ListItem\",\"position\":2,\"name\":\"Boutique\",\"item\":\"https:\\\/\\\/districos.standingout.be\\\/fr\\\/boutique\\\/\"},{\"@type\":\"ListItem\",\"position\":3,\"name\":\"Anesi Harmony Recovery Booster Complex 30 ml\"}]},{\"@type\":\"WebSite\",\"@id\":\"https:\\\/\\\/districos.standingout.be\\\/fr\\\/#website\",\"url\":\"https:\\\/\\\/districos.standingout.be\\\/fr\\\/\",\"name\":\"Districos Webshop\",\"description\":\"\",\"publisher\":{\"@id\":\"https:\\\/\\\/districos.standingout.be\\\/fr\\\/#organization\"},\"potentialAction\":[{\"@type\":\"SearchAction\",\"target\":{\"@type\":\"EntryPoint\",\"urlTemplate\":\"https:\\\/\\\/districos.standingout.be\\\/fr\\\/?s={search_term_string}\"},\"query-input\":{\"@type\":\"PropertyValueSpecification\",\"valueRequired\":true,\"valueName\":\"search_term_string\"}}],\"inLanguage\":\"fr-FR\"},{\"@type\":\"Organization\",\"@id\":\"https:\\\/\\\/districos.standingout.be\\\/fr\\\/#organization\",\"name\":\"Districos Webshop\",\"url\":\"https:\\\/\\\/districos.standingout.be\\\/fr\\\/\",\"logo\":{\"@type\":\"ImageObject\",\"inLanguage\":\"fr-FR\",\"@id\":\"https:\\\/\\\/districos.standingout.be\\\/fr\\\/#\\\/schema\\\/logo\\\/image\\\/\",\"url\":\"https:\\\/\\\/districos.standingout.be\\\/wp-content\\\/uploads\\\/2022\\\/09\\\/Districos_Logo_Webshop.svg\",\"contentUrl\":\"https:\\\/\\\/districos.standingout.be\\\/wp-content\\\/uploads\\\/2022\\\/09\\\/Districos_Logo_Webshop.svg\",\"caption\":\"Districos Webshop\"},\"image\":{\"@id\":\"https:\\\/\\\/districos.standingout.be\\\/fr\\\/#\\\/schema\\\/logo\\\/image\\\/\"}}]}<\/script>\n<!-- \/ Yoast SEO plugin. -->","yoast_head_json":{"title":"Anesi Harmony Recovery Booster Complex 30 ml - Districos Webshop","robots":{"index":"noindex","follow":"follow","max-snippet":"max-snippet:-1","max-image-preview":"max-image-preview:large","max-video-preview":"max-video-preview:-1"},"og_locale":"fr_FR","og_type":"article","og_title":"Anesi Harmony Recovery Booster Complex 30 ml - Districos Webshop","og_description":"RECOVERY BOOSTER COMPLEX:&nbsp;redonne de la r\u00e9silience et de la brillance&nbsp; Une huile s\u00e8che nourrissante contenant des nutriments et des acides gras essentiels pour reconstituer la barri\u00e8re cutan\u00e9e, soulager la s\u00e9cheresse et restaurer l&rsquo;\u00e9clat de la peau. Id\u00e9al pour les peaux squameuses et tendues. Absorption rapide sans effet gras. Ingr\u00e9dients actifs : Squalane :&nbsp;Pr\u00e9biotique issu de [&hellip;]","og_url":"https:\/\/districos.standingout.be\/fr\/product\/anesi-harmony-recovery-booster-complex-30-ml-ref-4173-2\/","og_site_name":"Districos Webshop","article_modified_time":"2026-04-28T00:16:14+00:00","og_image":[{"width":600,"height":600,"url":"https:\/\/districos.standingout.be\/wp-content\/uploads\/2025\/07\/4173.2@Anesi-Lab-Harmony-Recovery-Booster-Complex-30-ml_1.png","type":"image\/png"}],"twitter_card":"summary_large_image","twitter_misc":{"Dur\u00e9e de lecture estim\u00e9e":"1 minute"},"schema":{"@context":"https:\/\/schema.org","@graph":[{"@type":"WebPage","@id":"https:\/\/districos.standingout.be\/fr\/product\/anesi-harmony-recovery-booster-complex-30-ml-ref-4173-2\/","url":"https:\/\/districos.standingout.be\/fr\/product\/anesi-harmony-recovery-booster-complex-30-ml-ref-4173-2\/","name":"Anesi Harmony Recovery Booster Complex 30 ml - Districos Webshop","isPartOf":{"@id":"https:\/\/districos.standingout.be\/fr\/#website"},"primaryImageOfPage":{"@id":"https:\/\/districos.standingout.be\/fr\/product\/anesi-harmony-recovery-booster-complex-30-ml-ref-4173-2\/#primaryimage"},"image":{"@id":"https:\/\/districos.standingout.be\/fr\/product\/anesi-harmony-recovery-booster-complex-30-ml-ref-4173-2\/#primaryimage"},"thumbnailUrl":"https:\/\/districos.standingout.be\/wp-content\/uploads\/2025\/07\/4173.2@Anesi-Lab-Harmony-Recovery-Booster-Complex-30-ml_1.png","datePublished":"2026-04-28T00:16:11+00:00","dateModified":"2026-04-28T00:16:14+00:00","breadcrumb":{"@id":"https:\/\/districos.standingout.be\/fr\/product\/anesi-harmony-recovery-booster-complex-30-ml-ref-4173-2\/#breadcrumb"},"inLanguage":"fr-FR","potentialAction":[{"@type":"ReadAction","target":["https:\/\/districos.standingout.be\/fr\/product\/anesi-harmony-recovery-booster-complex-30-ml-ref-4173-2\/"]}]},{"@type":"ImageObject","inLanguage":"fr-FR","@id":"https:\/\/districos.standingout.be\/fr\/product\/anesi-harmony-recovery-booster-complex-30-ml-ref-4173-2\/#primaryimage","url":"https:\/\/districos.standingout.be\/wp-content\/uploads\/2025\/07\/4173.2@Anesi-Lab-Harmony-Recovery-Booster-Complex-30-ml_1.png","contentUrl":"https:\/\/districos.standingout.be\/wp-content\/uploads\/2025\/07\/4173.2@Anesi-Lab-Harmony-Recovery-Booster-Complex-30-ml_1.png","width":600,"height":600},{"@type":"BreadcrumbList","@id":"https:\/\/districos.standingout.be\/fr\/product\/anesi-harmony-recovery-booster-complex-30-ml-ref-4173-2\/#breadcrumb","itemListElement":[{"@type":"ListItem","position":1,"name":"Home","item":"https:\/\/districos.standingout.be\/fr\/bienvenue-chez-districos\/"},{"@type":"ListItem","position":2,"name":"Boutique","item":"https:\/\/districos.standingout.be\/fr\/boutique\/"},{"@type":"ListItem","position":3,"name":"Anesi Harmony Recovery Booster Complex 30 ml"}]},{"@type":"WebSite","@id":"https:\/\/districos.standingout.be\/fr\/#website","url":"https:\/\/districos.standingout.be\/fr\/","name":"Districos Webshop","description":"","publisher":{"@id":"https:\/\/districos.standingout.be\/fr\/#organization"},"potentialAction":[{"@type":"SearchAction","target":{"@type":"EntryPoint","urlTemplate":"https:\/\/districos.standingout.be\/fr\/?s={search_term_string}"},"query-input":{"@type":"PropertyValueSpecification","valueRequired":true,"valueName":"search_term_string"}}],"inLanguage":"fr-FR"},{"@type":"Organization","@id":"https:\/\/districos.standingout.be\/fr\/#organization","name":"Districos Webshop","url":"https:\/\/districos.standingout.be\/fr\/","logo":{"@type":"ImageObject","inLanguage":"fr-FR","@id":"https:\/\/districos.standingout.be\/fr\/#\/schema\/logo\/image\/","url":"https:\/\/districos.standingout.be\/wp-content\/uploads\/2022\/09\/Districos_Logo_Webshop.svg","contentUrl":"https:\/\/districos.standingout.be\/wp-content\/uploads\/2022\/09\/Districos_Logo_Webshop.svg","caption":"Districos Webshop"},"image":{"@id":"https:\/\/districos.standingout.be\/fr\/#\/schema\/logo\/image\/"}}]}},"_links":{"self":[{"href":"https:\/\/districos.standingout.be\/fr\/wp-json\/wp\/v2\/product\/134331","targetHints":{"allow":["GET"]}}],"collection":[{"href":"https:\/\/districos.standingout.be\/fr\/wp-json\/wp\/v2\/product"}],"about":[{"href":"https:\/\/districos.standingout.be\/fr\/wp-json\/wp\/v2\/types\/product"}],"replies":[{"embeddable":true,"href":"https:\/\/districos.standingout.be\/fr\/wp-json\/wp\/v2\/comments?post=134331"}],"wp:featuredmedia":[{"embeddable":true,"href":"https:\/\/districos.standingout.be\/fr\/wp-json\/wp\/v2\/media\/71015"}],"wp:attachment":[{"href":"https:\/\/districos.standingout.be\/fr\/wp-json\/wp\/v2\/media?parent=134331"}],"wp:term":[{"taxonomy":"product_brand","embeddable":true,"href":"https:\/\/districos.standingout.be\/fr\/wp-json\/wp\/v2\/product_brand?post=134331"},{"taxonomy":"product_cat","embeddable":true,"href":"https:\/\/districos.standingout.be\/fr\/wp-json\/wp\/v2\/product_cat?post=134331"},{"taxonomy":"product_tag","embeddable":true,"href":"https:\/\/districos.standingout.be\/fr\/wp-json\/wp\/v2\/product_tag?post=134331"}],"curies":[{"name":"wp","href":"https:\/\/api.w.org\/{rel}","templated":true}]}}