{"id":134333,"date":"2026-04-28T02:16:14","date_gmt":"2026-04-28T00:16:14","guid":{"rendered":"https:\/\/webshopdistricoscom.webhosting.be\/product\/anesi-harmony-gentle-comfort-cream-50-ml-ref-4174-2\/"},"modified":"2026-04-28T02:16:18","modified_gmt":"2026-04-28T00:16:18","slug":"anesi-harmony-gentle-comfort-cream-50-ml-ref-4174","status":"publish","type":"product","link":"https:\/\/districos.standingout.be\/fr\/product\/anesi-harmony-gentle-comfort-cream-50-ml-ref-4174\/","title":{"rendered":"Anesi Harmony Gentle Comfort Cream 50 ml"},"content":{"rendered":"<p >\n<\/p>\n<\/p>\n<\/p>\n<\/p>\n<\/p>\n<p><span>Une cr\u00e8me soyeuse et non grasse qui hydrate et renforce la barri\u00e8re cutan\u00e9e. Les pr\u00e9biotiques, le squalane et les huiles nourrissantes prennent soin des peaux les plus sensibles, r\u00e9duisent les signes d&rsquo;inflammation, renforcent la barri\u00e8re naturelle de la peau et att\u00e9nuent les signes visibles de rides. Appliquer apr\u00e8s un booster ou un s\u00e9rum.<\/span><\/p>\n<ul type=\"disc\">\n<li><span lang=\"FR-BE\">Adapt\u00e9e aux peaux les plus sensibles.<o:p><\/o:p><\/span><\/li>\n<li><span lang=\"FR-BE\">Emballage : 50 ml.<o:p><\/o:p><\/span><\/li>\n<\/ul>\n<p><b><span lang=\"FR-BE\">Ingr\u00e9dients actifs<o:p><\/o:p><\/span><\/b><\/p>\n<ul type=\"disc\">\n<li><span lang=\"FR-BE\">Squalane :&nbsp;&nbsp;Pr\u00e9biotique.&nbsp;Extrait de la canne \u00e0 sucre pour nourrir et augmenter la diversit\u00e9 du microbiome afin de renforcer la barri\u00e8re cutan\u00e9e.<o:p><\/o:p><\/span><\/li>\n<li><span lang=\"FR-BE\">Emullium Mellifera :&nbsp;Pr\u00e9biotique avec de la glyc\u00e9rine, de la cire d&rsquo;abeille et du jojoba. Apaisant, protecteur et anti-pollution.<o:p><\/o:p><\/span><\/li>\n<li><span lang=\"FR-BE\">Beurre de karit\u00e9 :&nbsp;&nbsp;Fournit une couche protectrice invisible pour garder la peau douce et souple.<o:p><\/o:p><\/span><\/li>\n<\/ul>\n<p><b><span lang=\"FR-BE\">\u00c9galement disponible<o:p><\/o:p><\/span><\/b><\/p>\n<ul type=\"disc\">\n<li><span lang=\"FR-BE\">Flacon cabine de 200 ml (<a href=\"https:\/\/webshop.districos.com\/ProductDetail\/4274\" target=\"_blank\" rel=\"noopener noreferrer nofollow\"><span>r\u00e9f.<\/span><span>&nbsp;4274.01<\/span><\/a>)<o:p><\/o:p><\/span><\/li>\n<li><span lang=\"FR-BE\">\u00c9chantillon de 5 ml (<a href=\"https:\/\/districos.com\/ProductDetail\/9477.03\" target=\"_blank\" rel=\"noopener noreferrer nofollow\"><span>r\u00e9f.<\/span><\/a><a href=\"https:\/\/districos.com\/ProductDetail\/9477.03\" target=\"_blank\" rel=\"noopener noreferrer nofollow\"><span>&nbsp;9477.03<\/span><\/a>)<o:p><\/o:p><\/span><\/li>\n<\/ul>\n<p><span lang=\"FR-BE\">La ligne Harmony est sp\u00e9cialement con\u00e7ue pour soutenir le microbiome.&nbsp;Envie d&rsquo;en savoir plus ?&nbsp;Consultez notre&nbsp;<a href=\"https:\/\/fr.districos.com\/2023\/12\/le-microbiome.html\" target=\"_blank\" rel=\"noopener noreferrer nofollow\"><span>blog&nbsp;<\/span><\/a>!&nbsp;<o:p><\/o:p><\/span><\/p><\/p>\n","protected":false},"excerpt":{"rendered":"<p>Une cr\u00e8me soyeuse et non grasse qui hydrate et renforce la barri\u00e8re cutan\u00e9e. Les pr\u00e9biotiques, le squalane et les huiles nourrissantes prennent soin des peaux les plus sensibles, r\u00e9duisent les signes d&rsquo;inflammation, renforcent la barri\u00e8re naturelle de la peau et att\u00e9nuent les signes visibles de rides. Appliquer apr\u00e8s un booster ou un s\u00e9rum. Adapt\u00e9e aux [&hellip;]<\/p>\n","protected":false},"featured_media":71018,"comment_status":"open","ping_status":"closed","template":"","meta":{"_acf_changed":false},"product_brand":[10280],"product_cat":[9858],"product_tag":[],"class_list":{"0":"post-134333","1":"product","2":"type-product","3":"status-publish","4":"has-post-thumbnail","6":"product_brand-anesi-fr","7":"product_cat-beaute-visage-anesi-visage","9":"first","10":"instock","11":"taxable","12":"shipping-taxable","13":"product-type-simple"},"acf":[],"yoast_head":"<!-- This site is optimized with the Yoast SEO plugin v27.3 - https:\/\/yoast.com\/product\/yoast-seo-wordpress\/ -->\n<title>Anesi Harmony Gentle Comfort Cream 50 ml - Districos Webshop<\/title>\n<meta name=\"robots\" content=\"noindex, follow, max-snippet:-1, max-image-preview:large, max-video-preview:-1\" \/>\n<meta property=\"og:locale\" content=\"fr_FR\" \/>\n<meta property=\"og:type\" content=\"article\" \/>\n<meta property=\"og:title\" content=\"Anesi Harmony Gentle Comfort Cream 50 ml - Districos Webshop\" \/>\n<meta property=\"og:description\" content=\"Une cr\u00e8me soyeuse et non grasse qui hydrate et renforce la barri\u00e8re cutan\u00e9e. Les pr\u00e9biotiques, le squalane et les huiles nourrissantes prennent soin des peaux les plus sensibles, r\u00e9duisent les signes d&rsquo;inflammation, renforcent la barri\u00e8re naturelle de la peau et att\u00e9nuent les signes visibles de rides. Appliquer apr\u00e8s un booster ou un s\u00e9rum. Adapt\u00e9e aux [&hellip;]\" \/>\n<meta property=\"og:url\" content=\"https:\/\/districos.standingout.be\/fr\/product\/anesi-harmony-gentle-comfort-cream-50-ml-ref-4174\/\" \/>\n<meta property=\"og:site_name\" content=\"Districos Webshop\" \/>\n<meta property=\"article:modified_time\" content=\"2026-04-28T00:16:18+00:00\" \/>\n<meta property=\"og:image\" content=\"https:\/\/districos.standingout.be\/wp-content\/uploads\/2025\/07\/4174@Anesi-Lab-Harmony-Retail-Gentle-Comfort-Cream-50-ml_1.png\" \/>\n\t<meta property=\"og:image:width\" content=\"600\" \/>\n\t<meta property=\"og:image:height\" content=\"600\" \/>\n\t<meta property=\"og:image:type\" content=\"image\/png\" \/>\n<meta name=\"twitter:card\" content=\"summary_large_image\" \/>\n<meta name=\"twitter:label1\" content=\"Dur\u00e9e de lecture estim\u00e9e\" \/>\n\t<meta name=\"twitter:data1\" content=\"1 minute\" \/>\n<script type=\"application\/ld+json\" class=\"yoast-schema-graph\">{\"@context\":\"https:\\\/\\\/schema.org\",\"@graph\":[{\"@type\":\"WebPage\",\"@id\":\"https:\\\/\\\/districos.standingout.be\\\/fr\\\/product\\\/anesi-harmony-gentle-comfort-cream-50-ml-ref-4174\\\/\",\"url\":\"https:\\\/\\\/districos.standingout.be\\\/fr\\\/product\\\/anesi-harmony-gentle-comfort-cream-50-ml-ref-4174\\\/\",\"name\":\"Anesi Harmony Gentle Comfort Cream 50 ml - Districos Webshop\",\"isPartOf\":{\"@id\":\"https:\\\/\\\/districos.standingout.be\\\/fr\\\/#website\"},\"primaryImageOfPage\":{\"@id\":\"https:\\\/\\\/districos.standingout.be\\\/fr\\\/product\\\/anesi-harmony-gentle-comfort-cream-50-ml-ref-4174\\\/#primaryimage\"},\"image\":{\"@id\":\"https:\\\/\\\/districos.standingout.be\\\/fr\\\/product\\\/anesi-harmony-gentle-comfort-cream-50-ml-ref-4174\\\/#primaryimage\"},\"thumbnailUrl\":\"https:\\\/\\\/districos.standingout.be\\\/wp-content\\\/uploads\\\/2025\\\/07\\\/4174@Anesi-Lab-Harmony-Retail-Gentle-Comfort-Cream-50-ml_1.png\",\"datePublished\":\"2026-04-28T00:16:14+00:00\",\"dateModified\":\"2026-04-28T00:16:18+00:00\",\"breadcrumb\":{\"@id\":\"https:\\\/\\\/districos.standingout.be\\\/fr\\\/product\\\/anesi-harmony-gentle-comfort-cream-50-ml-ref-4174\\\/#breadcrumb\"},\"inLanguage\":\"fr-FR\",\"potentialAction\":[{\"@type\":\"ReadAction\",\"target\":[\"https:\\\/\\\/districos.standingout.be\\\/fr\\\/product\\\/anesi-harmony-gentle-comfort-cream-50-ml-ref-4174\\\/\"]}]},{\"@type\":\"ImageObject\",\"inLanguage\":\"fr-FR\",\"@id\":\"https:\\\/\\\/districos.standingout.be\\\/fr\\\/product\\\/anesi-harmony-gentle-comfort-cream-50-ml-ref-4174\\\/#primaryimage\",\"url\":\"https:\\\/\\\/districos.standingout.be\\\/wp-content\\\/uploads\\\/2025\\\/07\\\/4174@Anesi-Lab-Harmony-Retail-Gentle-Comfort-Cream-50-ml_1.png\",\"contentUrl\":\"https:\\\/\\\/districos.standingout.be\\\/wp-content\\\/uploads\\\/2025\\\/07\\\/4174@Anesi-Lab-Harmony-Retail-Gentle-Comfort-Cream-50-ml_1.png\",\"width\":600,\"height\":600},{\"@type\":\"BreadcrumbList\",\"@id\":\"https:\\\/\\\/districos.standingout.be\\\/fr\\\/product\\\/anesi-harmony-gentle-comfort-cream-50-ml-ref-4174\\\/#breadcrumb\",\"itemListElement\":[{\"@type\":\"ListItem\",\"position\":1,\"name\":\"Home\",\"item\":\"https:\\\/\\\/districos.standingout.be\\\/fr\\\/bienvenue-chez-districos\\\/\"},{\"@type\":\"ListItem\",\"position\":2,\"name\":\"Boutique\",\"item\":\"https:\\\/\\\/districos.standingout.be\\\/fr\\\/boutique\\\/\"},{\"@type\":\"ListItem\",\"position\":3,\"name\":\"Anesi Harmony Gentle Comfort Cream 50 ml\"}]},{\"@type\":\"WebSite\",\"@id\":\"https:\\\/\\\/districos.standingout.be\\\/fr\\\/#website\",\"url\":\"https:\\\/\\\/districos.standingout.be\\\/fr\\\/\",\"name\":\"Districos Webshop\",\"description\":\"\",\"publisher\":{\"@id\":\"https:\\\/\\\/districos.standingout.be\\\/fr\\\/#organization\"},\"potentialAction\":[{\"@type\":\"SearchAction\",\"target\":{\"@type\":\"EntryPoint\",\"urlTemplate\":\"https:\\\/\\\/districos.standingout.be\\\/fr\\\/?s={search_term_string}\"},\"query-input\":{\"@type\":\"PropertyValueSpecification\",\"valueRequired\":true,\"valueName\":\"search_term_string\"}}],\"inLanguage\":\"fr-FR\"},{\"@type\":\"Organization\",\"@id\":\"https:\\\/\\\/districos.standingout.be\\\/fr\\\/#organization\",\"name\":\"Districos Webshop\",\"url\":\"https:\\\/\\\/districos.standingout.be\\\/fr\\\/\",\"logo\":{\"@type\":\"ImageObject\",\"inLanguage\":\"fr-FR\",\"@id\":\"https:\\\/\\\/districos.standingout.be\\\/fr\\\/#\\\/schema\\\/logo\\\/image\\\/\",\"url\":\"https:\\\/\\\/districos.standingout.be\\\/wp-content\\\/uploads\\\/2022\\\/09\\\/Districos_Logo_Webshop.svg\",\"contentUrl\":\"https:\\\/\\\/districos.standingout.be\\\/wp-content\\\/uploads\\\/2022\\\/09\\\/Districos_Logo_Webshop.svg\",\"caption\":\"Districos Webshop\"},\"image\":{\"@id\":\"https:\\\/\\\/districos.standingout.be\\\/fr\\\/#\\\/schema\\\/logo\\\/image\\\/\"}}]}<\/script>\n<!-- \/ Yoast SEO plugin. -->","yoast_head_json":{"title":"Anesi Harmony Gentle Comfort Cream 50 ml - Districos Webshop","robots":{"index":"noindex","follow":"follow","max-snippet":"max-snippet:-1","max-image-preview":"max-image-preview:large","max-video-preview":"max-video-preview:-1"},"og_locale":"fr_FR","og_type":"article","og_title":"Anesi Harmony Gentle Comfort Cream 50 ml - Districos Webshop","og_description":"Une cr\u00e8me soyeuse et non grasse qui hydrate et renforce la barri\u00e8re cutan\u00e9e. Les pr\u00e9biotiques, le squalane et les huiles nourrissantes prennent soin des peaux les plus sensibles, r\u00e9duisent les signes d&rsquo;inflammation, renforcent la barri\u00e8re naturelle de la peau et att\u00e9nuent les signes visibles de rides. Appliquer apr\u00e8s un booster ou un s\u00e9rum. Adapt\u00e9e aux [&hellip;]","og_url":"https:\/\/districos.standingout.be\/fr\/product\/anesi-harmony-gentle-comfort-cream-50-ml-ref-4174\/","og_site_name":"Districos Webshop","article_modified_time":"2026-04-28T00:16:18+00:00","og_image":[{"width":600,"height":600,"url":"https:\/\/districos.standingout.be\/wp-content\/uploads\/2025\/07\/4174@Anesi-Lab-Harmony-Retail-Gentle-Comfort-Cream-50-ml_1.png","type":"image\/png"}],"twitter_card":"summary_large_image","twitter_misc":{"Dur\u00e9e de lecture estim\u00e9e":"1 minute"},"schema":{"@context":"https:\/\/schema.org","@graph":[{"@type":"WebPage","@id":"https:\/\/districos.standingout.be\/fr\/product\/anesi-harmony-gentle-comfort-cream-50-ml-ref-4174\/","url":"https:\/\/districos.standingout.be\/fr\/product\/anesi-harmony-gentle-comfort-cream-50-ml-ref-4174\/","name":"Anesi Harmony Gentle Comfort Cream 50 ml - Districos Webshop","isPartOf":{"@id":"https:\/\/districos.standingout.be\/fr\/#website"},"primaryImageOfPage":{"@id":"https:\/\/districos.standingout.be\/fr\/product\/anesi-harmony-gentle-comfort-cream-50-ml-ref-4174\/#primaryimage"},"image":{"@id":"https:\/\/districos.standingout.be\/fr\/product\/anesi-harmony-gentle-comfort-cream-50-ml-ref-4174\/#primaryimage"},"thumbnailUrl":"https:\/\/districos.standingout.be\/wp-content\/uploads\/2025\/07\/4174@Anesi-Lab-Harmony-Retail-Gentle-Comfort-Cream-50-ml_1.png","datePublished":"2026-04-28T00:16:14+00:00","dateModified":"2026-04-28T00:16:18+00:00","breadcrumb":{"@id":"https:\/\/districos.standingout.be\/fr\/product\/anesi-harmony-gentle-comfort-cream-50-ml-ref-4174\/#breadcrumb"},"inLanguage":"fr-FR","potentialAction":[{"@type":"ReadAction","target":["https:\/\/districos.standingout.be\/fr\/product\/anesi-harmony-gentle-comfort-cream-50-ml-ref-4174\/"]}]},{"@type":"ImageObject","inLanguage":"fr-FR","@id":"https:\/\/districos.standingout.be\/fr\/product\/anesi-harmony-gentle-comfort-cream-50-ml-ref-4174\/#primaryimage","url":"https:\/\/districos.standingout.be\/wp-content\/uploads\/2025\/07\/4174@Anesi-Lab-Harmony-Retail-Gentle-Comfort-Cream-50-ml_1.png","contentUrl":"https:\/\/districos.standingout.be\/wp-content\/uploads\/2025\/07\/4174@Anesi-Lab-Harmony-Retail-Gentle-Comfort-Cream-50-ml_1.png","width":600,"height":600},{"@type":"BreadcrumbList","@id":"https:\/\/districos.standingout.be\/fr\/product\/anesi-harmony-gentle-comfort-cream-50-ml-ref-4174\/#breadcrumb","itemListElement":[{"@type":"ListItem","position":1,"name":"Home","item":"https:\/\/districos.standingout.be\/fr\/bienvenue-chez-districos\/"},{"@type":"ListItem","position":2,"name":"Boutique","item":"https:\/\/districos.standingout.be\/fr\/boutique\/"},{"@type":"ListItem","position":3,"name":"Anesi Harmony Gentle Comfort Cream 50 ml"}]},{"@type":"WebSite","@id":"https:\/\/districos.standingout.be\/fr\/#website","url":"https:\/\/districos.standingout.be\/fr\/","name":"Districos Webshop","description":"","publisher":{"@id":"https:\/\/districos.standingout.be\/fr\/#organization"},"potentialAction":[{"@type":"SearchAction","target":{"@type":"EntryPoint","urlTemplate":"https:\/\/districos.standingout.be\/fr\/?s={search_term_string}"},"query-input":{"@type":"PropertyValueSpecification","valueRequired":true,"valueName":"search_term_string"}}],"inLanguage":"fr-FR"},{"@type":"Organization","@id":"https:\/\/districos.standingout.be\/fr\/#organization","name":"Districos Webshop","url":"https:\/\/districos.standingout.be\/fr\/","logo":{"@type":"ImageObject","inLanguage":"fr-FR","@id":"https:\/\/districos.standingout.be\/fr\/#\/schema\/logo\/image\/","url":"https:\/\/districos.standingout.be\/wp-content\/uploads\/2022\/09\/Districos_Logo_Webshop.svg","contentUrl":"https:\/\/districos.standingout.be\/wp-content\/uploads\/2022\/09\/Districos_Logo_Webshop.svg","caption":"Districos Webshop"},"image":{"@id":"https:\/\/districos.standingout.be\/fr\/#\/schema\/logo\/image\/"}}]}},"_links":{"self":[{"href":"https:\/\/districos.standingout.be\/fr\/wp-json\/wp\/v2\/product\/134333","targetHints":{"allow":["GET"]}}],"collection":[{"href":"https:\/\/districos.standingout.be\/fr\/wp-json\/wp\/v2\/product"}],"about":[{"href":"https:\/\/districos.standingout.be\/fr\/wp-json\/wp\/v2\/types\/product"}],"replies":[{"embeddable":true,"href":"https:\/\/districos.standingout.be\/fr\/wp-json\/wp\/v2\/comments?post=134333"}],"wp:featuredmedia":[{"embeddable":true,"href":"https:\/\/districos.standingout.be\/fr\/wp-json\/wp\/v2\/media\/71018"}],"wp:attachment":[{"href":"https:\/\/districos.standingout.be\/fr\/wp-json\/wp\/v2\/media?parent=134333"}],"wp:term":[{"taxonomy":"product_brand","embeddable":true,"href":"https:\/\/districos.standingout.be\/fr\/wp-json\/wp\/v2\/product_brand?post=134333"},{"taxonomy":"product_cat","embeddable":true,"href":"https:\/\/districos.standingout.be\/fr\/wp-json\/wp\/v2\/product_cat?post=134333"},{"taxonomy":"product_tag","embeddable":true,"href":"https:\/\/districos.standingout.be\/fr\/wp-json\/wp\/v2\/product_tag?post=134333"}],"curies":[{"name":"wp","href":"https:\/\/api.w.org\/{rel}","templated":true}]}}