{"id":134335,"date":"2026-04-28T02:16:19","date_gmt":"2026-04-28T00:16:19","guid":{"rendered":"https:\/\/webshopdistricoscom.webhosting.be\/product\/anesi-harmony-gentle-brightening-peel-50-ml-ref-4175-1-2\/"},"modified":"2026-04-28T02:16:22","modified_gmt":"2026-04-28T00:16:22","slug":"anesi-harmony-gentle-brightening-peel-50-ml-ref-4175-1","status":"publish","type":"product","link":"https:\/\/districos.standingout.be\/fr\/product\/anesi-harmony-gentle-brightening-peel-50-ml-ref-4175-1\/","title":{"rendered":"Anesi Harmony Gentle Brightening Peel 50 ml"},"content":{"rendered":"<p >\n<\/p>\n<p>Un gel peeling doux \u00e0 base d&rsquo;AHA (alpha hydroxyacides) et de pr\u00e9biotiques, sp\u00e9cialement formul\u00e9 pour les peaux sensibles ou d\u00e9licates. Peut \u00eatre appliqu\u00e9 sur le contour des yeux. Appliquer sur une peau nettoy\u00e9e et laisser agir pendant 5 \u00e0 7 minutes. Utiliser tous les 7 \u00e0 21 jours en fonction des besoins de la peau.<\/p>\n<ul>\n<li>Convient aux types de peau les plus sensibles et aux zones telles que le contour des yeux et des l\u00e8vres.<\/li>\n<li>Conditionnement : 50 ml<\/li>\n<\/ul>\n<p><b>Ingr\u00e9dients actifs<\/b>:<\/p>\n<ul>\n<li>Alpha-Glucan Oligosaccharide : pr\u00e9biotique avec antioxydants qui augmente la diversit\u00e9 du microbiome de la peau et apaise la peau pour une peau saine et radieuse.<\/li>\n<li>AHA (alpha hydroxyacides) d&rsquo;origine naturelle (tomate, citron, pamplemousse et myrtille) : \u00c9liminent les cellules mortes et r\u00e9g\u00e9n\u00e8rent la peau.<\/li>\n<li>Allanto\u00efne : assouplit la k\u00e9ratine de la peau, favorisant l&rsquo;effet des acides alpha-hydroxy. Elle stimule \u00e9galement la r\u00e9paration de la peau et poss\u00e8de des propri\u00e9t\u00e9s hydratantes et adoucissantes.<\/li>\n<\/ul>\n<p><b>\u00c9galement disponible<\/b>:<\/p>\n<ul type=\"disc\">\n<li><span lang=\"FR-BE\">Tube cabine de 200 ml (<a href=\"https:\/\/districos.com\/ProductDetail\/4274.01\" target=\"_blank\" rel=\"noopener noreferrer nofollow\"><span>r\u00e9f.<\/span><\/a><span><a href=\"https:\/\/districos.com\/ProductDetail\/4274.01\" target=\"_blank\" rel=\"noopener noreferrer nofollow\">&nbsp;<\/a><a href=\"https:\/\/webshop.districos.com\/ProductDetail\/4275.1\" target=\"_blank\" rel=\"noopener noreferrer nofollow\"> 4275.1<\/a><\/span>)<\/span><\/li>\n<\/ul>\n<p><span lang=\"FR-BE\">La ligne Harmony est sp\u00e9cialement con\u00e7ue pour soutenir le microbiome.&nbsp;Envie d&rsquo;en savoir plus ?&nbsp;Consultez notre&nbsp;<a href=\"https:\/\/fr.districos.com\/2023\/12\/le-microbiome.html\" target=\"_blank\" rel=\"noopener noreferrer nofollow\"><span>blog&nbsp;<\/span><\/a>!&nbsp;<\/span><\/p>\n","protected":false},"excerpt":{"rendered":"<p>Un gel peeling doux \u00e0 base d&rsquo;AHA (alpha hydroxyacides) et de pr\u00e9biotiques, sp\u00e9cialement formul\u00e9 pour les peaux sensibles ou d\u00e9licates. Peut \u00eatre appliqu\u00e9 sur le contour des yeux. Appliquer sur une peau nettoy\u00e9e et laisser agir pendant 5 \u00e0 7 minutes. Utiliser tous les 7 \u00e0 21 jours en fonction des besoins de la peau. [&hellip;]<\/p>\n","protected":false},"featured_media":144111,"comment_status":"open","ping_status":"closed","template":"","meta":{"_acf_changed":false},"product_brand":[10280],"product_cat":[9858],"product_tag":[],"class_list":{"0":"post-134335","1":"product","2":"type-product","3":"status-publish","4":"has-post-thumbnail","6":"product_brand-anesi-fr","7":"product_cat-beaute-visage-anesi-visage","9":"first","10":"instock","11":"taxable","12":"shipping-taxable","13":"product-type-simple"},"acf":[],"yoast_head":"<!-- This site is optimized with the Yoast SEO plugin v27.3 - https:\/\/yoast.com\/product\/yoast-seo-wordpress\/ -->\n<title>Anesi Harmony Gentle Brightening Peel 50 ml - Districos Webshop<\/title>\n<meta name=\"robots\" content=\"noindex, follow, max-snippet:-1, max-image-preview:large, max-video-preview:-1\" \/>\n<meta property=\"og:locale\" content=\"fr_FR\" \/>\n<meta property=\"og:type\" content=\"article\" \/>\n<meta property=\"og:title\" content=\"Anesi Harmony Gentle Brightening Peel 50 ml - Districos Webshop\" \/>\n<meta property=\"og:description\" content=\"Un gel peeling doux \u00e0 base d&rsquo;AHA (alpha hydroxyacides) et de pr\u00e9biotiques, sp\u00e9cialement formul\u00e9 pour les peaux sensibles ou d\u00e9licates. Peut \u00eatre appliqu\u00e9 sur le contour des yeux. Appliquer sur une peau nettoy\u00e9e et laisser agir pendant 5 \u00e0 7 minutes. Utiliser tous les 7 \u00e0 21 jours en fonction des besoins de la peau. [&hellip;]\" \/>\n<meta property=\"og:url\" content=\"https:\/\/districos.standingout.be\/fr\/product\/anesi-harmony-gentle-brightening-peel-50-ml-ref-4175-1\/\" \/>\n<meta property=\"og:site_name\" content=\"Districos Webshop\" \/>\n<meta property=\"article:modified_time\" content=\"2026-04-28T00:16:22+00:00\" \/>\n<meta property=\"og:image\" content=\"https:\/\/districos.standingout.be\/wp-content\/uploads\/2026\/04\/4175.1@Anesi-Harmony-Gentle-Brightening-Peel-50-ml_1-2.png\" \/>\n\t<meta property=\"og:image:width\" content=\"600\" \/>\n\t<meta property=\"og:image:height\" content=\"600\" \/>\n\t<meta property=\"og:image:type\" content=\"image\/png\" \/>\n<meta name=\"twitter:card\" content=\"summary_large_image\" \/>\n<meta name=\"twitter:label1\" content=\"Dur\u00e9e de lecture estim\u00e9e\" \/>\n\t<meta name=\"twitter:data1\" content=\"1 minute\" \/>\n<script type=\"application\/ld+json\" class=\"yoast-schema-graph\">{\"@context\":\"https:\\\/\\\/schema.org\",\"@graph\":[{\"@type\":\"WebPage\",\"@id\":\"https:\\\/\\\/districos.standingout.be\\\/fr\\\/product\\\/anesi-harmony-gentle-brightening-peel-50-ml-ref-4175-1\\\/\",\"url\":\"https:\\\/\\\/districos.standingout.be\\\/fr\\\/product\\\/anesi-harmony-gentle-brightening-peel-50-ml-ref-4175-1\\\/\",\"name\":\"Anesi Harmony Gentle Brightening Peel 50 ml - Districos Webshop\",\"isPartOf\":{\"@id\":\"https:\\\/\\\/districos.standingout.be\\\/fr\\\/#website\"},\"primaryImageOfPage\":{\"@id\":\"https:\\\/\\\/districos.standingout.be\\\/fr\\\/product\\\/anesi-harmony-gentle-brightening-peel-50-ml-ref-4175-1\\\/#primaryimage\"},\"image\":{\"@id\":\"https:\\\/\\\/districos.standingout.be\\\/fr\\\/product\\\/anesi-harmony-gentle-brightening-peel-50-ml-ref-4175-1\\\/#primaryimage\"},\"thumbnailUrl\":\"https:\\\/\\\/districos.standingout.be\\\/wp-content\\\/uploads\\\/2026\\\/04\\\/4175.1@Anesi-Harmony-Gentle-Brightening-Peel-50-ml_1-3.png\",\"datePublished\":\"2026-04-28T00:16:19+00:00\",\"dateModified\":\"2026-04-28T00:16:22+00:00\",\"breadcrumb\":{\"@id\":\"https:\\\/\\\/districos.standingout.be\\\/fr\\\/product\\\/anesi-harmony-gentle-brightening-peel-50-ml-ref-4175-1\\\/#breadcrumb\"},\"inLanguage\":\"fr-FR\",\"potentialAction\":[{\"@type\":\"ReadAction\",\"target\":[\"https:\\\/\\\/districos.standingout.be\\\/fr\\\/product\\\/anesi-harmony-gentle-brightening-peel-50-ml-ref-4175-1\\\/\"]}]},{\"@type\":\"ImageObject\",\"inLanguage\":\"fr-FR\",\"@id\":\"https:\\\/\\\/districos.standingout.be\\\/fr\\\/product\\\/anesi-harmony-gentle-brightening-peel-50-ml-ref-4175-1\\\/#primaryimage\",\"url\":\"https:\\\/\\\/districos.standingout.be\\\/wp-content\\\/uploads\\\/2026\\\/04\\\/4175.1@Anesi-Harmony-Gentle-Brightening-Peel-50-ml_1-3.png\",\"contentUrl\":\"https:\\\/\\\/districos.standingout.be\\\/wp-content\\\/uploads\\\/2026\\\/04\\\/4175.1@Anesi-Harmony-Gentle-Brightening-Peel-50-ml_1-3.png\",\"width\":600,\"height\":600},{\"@type\":\"BreadcrumbList\",\"@id\":\"https:\\\/\\\/districos.standingout.be\\\/fr\\\/product\\\/anesi-harmony-gentle-brightening-peel-50-ml-ref-4175-1\\\/#breadcrumb\",\"itemListElement\":[{\"@type\":\"ListItem\",\"position\":1,\"name\":\"Home\",\"item\":\"https:\\\/\\\/districos.standingout.be\\\/fr\\\/bienvenue-chez-districos\\\/\"},{\"@type\":\"ListItem\",\"position\":2,\"name\":\"Boutique\",\"item\":\"https:\\\/\\\/districos.standingout.be\\\/fr\\\/boutique\\\/\"},{\"@type\":\"ListItem\",\"position\":3,\"name\":\"Anesi Harmony Gentle Brightening Peel 50 ml\"}]},{\"@type\":\"WebSite\",\"@id\":\"https:\\\/\\\/districos.standingout.be\\\/fr\\\/#website\",\"url\":\"https:\\\/\\\/districos.standingout.be\\\/fr\\\/\",\"name\":\"Districos Webshop\",\"description\":\"\",\"publisher\":{\"@id\":\"https:\\\/\\\/districos.standingout.be\\\/fr\\\/#organization\"},\"potentialAction\":[{\"@type\":\"SearchAction\",\"target\":{\"@type\":\"EntryPoint\",\"urlTemplate\":\"https:\\\/\\\/districos.standingout.be\\\/fr\\\/?s={search_term_string}\"},\"query-input\":{\"@type\":\"PropertyValueSpecification\",\"valueRequired\":true,\"valueName\":\"search_term_string\"}}],\"inLanguage\":\"fr-FR\"},{\"@type\":\"Organization\",\"@id\":\"https:\\\/\\\/districos.standingout.be\\\/fr\\\/#organization\",\"name\":\"Districos Webshop\",\"url\":\"https:\\\/\\\/districos.standingout.be\\\/fr\\\/\",\"logo\":{\"@type\":\"ImageObject\",\"inLanguage\":\"fr-FR\",\"@id\":\"https:\\\/\\\/districos.standingout.be\\\/fr\\\/#\\\/schema\\\/logo\\\/image\\\/\",\"url\":\"https:\\\/\\\/districos.standingout.be\\\/wp-content\\\/uploads\\\/2022\\\/09\\\/Districos_Logo_Webshop.svg\",\"contentUrl\":\"https:\\\/\\\/districos.standingout.be\\\/wp-content\\\/uploads\\\/2022\\\/09\\\/Districos_Logo_Webshop.svg\",\"caption\":\"Districos Webshop\"},\"image\":{\"@id\":\"https:\\\/\\\/districos.standingout.be\\\/fr\\\/#\\\/schema\\\/logo\\\/image\\\/\"}}]}<\/script>\n<!-- \/ Yoast SEO plugin. -->","yoast_head_json":{"title":"Anesi Harmony Gentle Brightening Peel 50 ml - Districos Webshop","robots":{"index":"noindex","follow":"follow","max-snippet":"max-snippet:-1","max-image-preview":"max-image-preview:large","max-video-preview":"max-video-preview:-1"},"og_locale":"fr_FR","og_type":"article","og_title":"Anesi Harmony Gentle Brightening Peel 50 ml - Districos Webshop","og_description":"Un gel peeling doux \u00e0 base d&rsquo;AHA (alpha hydroxyacides) et de pr\u00e9biotiques, sp\u00e9cialement formul\u00e9 pour les peaux sensibles ou d\u00e9licates. Peut \u00eatre appliqu\u00e9 sur le contour des yeux. Appliquer sur une peau nettoy\u00e9e et laisser agir pendant 5 \u00e0 7 minutes. Utiliser tous les 7 \u00e0 21 jours en fonction des besoins de la peau. [&hellip;]","og_url":"https:\/\/districos.standingout.be\/fr\/product\/anesi-harmony-gentle-brightening-peel-50-ml-ref-4175-1\/","og_site_name":"Districos Webshop","article_modified_time":"2026-04-28T00:16:22+00:00","og_image":[{"width":600,"height":600,"url":"https:\/\/districos.standingout.be\/wp-content\/uploads\/2026\/04\/4175.1@Anesi-Harmony-Gentle-Brightening-Peel-50-ml_1-2.png","type":"image\/png"}],"twitter_card":"summary_large_image","twitter_misc":{"Dur\u00e9e de lecture estim\u00e9e":"1 minute"},"schema":{"@context":"https:\/\/schema.org","@graph":[{"@type":"WebPage","@id":"https:\/\/districos.standingout.be\/fr\/product\/anesi-harmony-gentle-brightening-peel-50-ml-ref-4175-1\/","url":"https:\/\/districos.standingout.be\/fr\/product\/anesi-harmony-gentle-brightening-peel-50-ml-ref-4175-1\/","name":"Anesi Harmony Gentle Brightening Peel 50 ml - Districos Webshop","isPartOf":{"@id":"https:\/\/districos.standingout.be\/fr\/#website"},"primaryImageOfPage":{"@id":"https:\/\/districos.standingout.be\/fr\/product\/anesi-harmony-gentle-brightening-peel-50-ml-ref-4175-1\/#primaryimage"},"image":{"@id":"https:\/\/districos.standingout.be\/fr\/product\/anesi-harmony-gentle-brightening-peel-50-ml-ref-4175-1\/#primaryimage"},"thumbnailUrl":"https:\/\/districos.standingout.be\/wp-content\/uploads\/2026\/04\/4175.1@Anesi-Harmony-Gentle-Brightening-Peel-50-ml_1-3.png","datePublished":"2026-04-28T00:16:19+00:00","dateModified":"2026-04-28T00:16:22+00:00","breadcrumb":{"@id":"https:\/\/districos.standingout.be\/fr\/product\/anesi-harmony-gentle-brightening-peel-50-ml-ref-4175-1\/#breadcrumb"},"inLanguage":"fr-FR","potentialAction":[{"@type":"ReadAction","target":["https:\/\/districos.standingout.be\/fr\/product\/anesi-harmony-gentle-brightening-peel-50-ml-ref-4175-1\/"]}]},{"@type":"ImageObject","inLanguage":"fr-FR","@id":"https:\/\/districos.standingout.be\/fr\/product\/anesi-harmony-gentle-brightening-peel-50-ml-ref-4175-1\/#primaryimage","url":"https:\/\/districos.standingout.be\/wp-content\/uploads\/2026\/04\/4175.1@Anesi-Harmony-Gentle-Brightening-Peel-50-ml_1-3.png","contentUrl":"https:\/\/districos.standingout.be\/wp-content\/uploads\/2026\/04\/4175.1@Anesi-Harmony-Gentle-Brightening-Peel-50-ml_1-3.png","width":600,"height":600},{"@type":"BreadcrumbList","@id":"https:\/\/districos.standingout.be\/fr\/product\/anesi-harmony-gentle-brightening-peel-50-ml-ref-4175-1\/#breadcrumb","itemListElement":[{"@type":"ListItem","position":1,"name":"Home","item":"https:\/\/districos.standingout.be\/fr\/bienvenue-chez-districos\/"},{"@type":"ListItem","position":2,"name":"Boutique","item":"https:\/\/districos.standingout.be\/fr\/boutique\/"},{"@type":"ListItem","position":3,"name":"Anesi Harmony Gentle Brightening Peel 50 ml"}]},{"@type":"WebSite","@id":"https:\/\/districos.standingout.be\/fr\/#website","url":"https:\/\/districos.standingout.be\/fr\/","name":"Districos Webshop","description":"","publisher":{"@id":"https:\/\/districos.standingout.be\/fr\/#organization"},"potentialAction":[{"@type":"SearchAction","target":{"@type":"EntryPoint","urlTemplate":"https:\/\/districos.standingout.be\/fr\/?s={search_term_string}"},"query-input":{"@type":"PropertyValueSpecification","valueRequired":true,"valueName":"search_term_string"}}],"inLanguage":"fr-FR"},{"@type":"Organization","@id":"https:\/\/districos.standingout.be\/fr\/#organization","name":"Districos Webshop","url":"https:\/\/districos.standingout.be\/fr\/","logo":{"@type":"ImageObject","inLanguage":"fr-FR","@id":"https:\/\/districos.standingout.be\/fr\/#\/schema\/logo\/image\/","url":"https:\/\/districos.standingout.be\/wp-content\/uploads\/2022\/09\/Districos_Logo_Webshop.svg","contentUrl":"https:\/\/districos.standingout.be\/wp-content\/uploads\/2022\/09\/Districos_Logo_Webshop.svg","caption":"Districos Webshop"},"image":{"@id":"https:\/\/districos.standingout.be\/fr\/#\/schema\/logo\/image\/"}}]}},"_links":{"self":[{"href":"https:\/\/districos.standingout.be\/fr\/wp-json\/wp\/v2\/product\/134335","targetHints":{"allow":["GET"]}}],"collection":[{"href":"https:\/\/districos.standingout.be\/fr\/wp-json\/wp\/v2\/product"}],"about":[{"href":"https:\/\/districos.standingout.be\/fr\/wp-json\/wp\/v2\/types\/product"}],"replies":[{"embeddable":true,"href":"https:\/\/districos.standingout.be\/fr\/wp-json\/wp\/v2\/comments?post=134335"}],"wp:featuredmedia":[{"embeddable":true,"href":"https:\/\/districos.standingout.be\/fr\/wp-json\/wp\/v2\/media\/144111"}],"wp:attachment":[{"href":"https:\/\/districos.standingout.be\/fr\/wp-json\/wp\/v2\/media?parent=134335"}],"wp:term":[{"taxonomy":"product_brand","embeddable":true,"href":"https:\/\/districos.standingout.be\/fr\/wp-json\/wp\/v2\/product_brand?post=134335"},{"taxonomy":"product_cat","embeddable":true,"href":"https:\/\/districos.standingout.be\/fr\/wp-json\/wp\/v2\/product_cat?post=134335"},{"taxonomy":"product_tag","embeddable":true,"href":"https:\/\/districos.standingout.be\/fr\/wp-json\/wp\/v2\/product_tag?post=134335"}],"curies":[{"name":"wp","href":"https:\/\/api.w.org\/{rel}","templated":true}]}}