{"id":134337,"date":"2026-04-28T02:16:22","date_gmt":"2026-04-28T00:16:22","guid":{"rendered":"https:\/\/webshopdistricoscom.webhosting.be\/product\/anesi-harmony-beauty-sleep-mask-50-ml-ref-4177-2\/"},"modified":"2026-04-28T02:16:26","modified_gmt":"2026-04-28T00:16:26","slug":"anesi-harmony-beauty-sleep-mask-50-ml-ref-4177","status":"publish","type":"product","link":"https:\/\/districos.standingout.be\/fr\/product\/anesi-harmony-beauty-sleep-mask-50-ml-ref-4177\/","title":{"rendered":"Anesi Harmony Beauty Sleep Mask 50 ml"},"content":{"rendered":"<p >\n<\/p>\n<\/p>\n<\/p>\n<\/p>\n<p><span>Un soin de beaut\u00e9 nocturne avec des huiles nourrissantes et des pr\u00e9biotiques, qui soutient le m\u00e9canisme de r\u00e9paration nocturne naturel de la peau. Les effets visibles du stress oxydatif, qui provoquent un vieillissement pr\u00e9matur\u00e9, sont r\u00e9duits. La teneur en eau, la souplesse et la brillance de la peau sont enti\u00e8rement restaur\u00e9es.&nbsp;<\/span><\/p>\n<p><b><span lang=\"FR-BE\">Ingr\u00e9dients actifs :<\/span><\/b><b><span lang=\"FR-BE\"><o:p><\/o:p><\/span><\/b><\/p>\n<ul type=\"disc\">\n<li><span lang=\"FR-BE\">Alpha-glucane oligosaccharide : Un pr\u00e9biotique. Augmente la diversit\u00e9 du microbiome pour une peau calme et saine. Riche en antioxydants protecteurs.<\/span><span lang=\"FR-BE\"><o:p><\/o:p><\/span><\/li>\n<li><span lang=\"FR-BE\">Glyc\u00e9rine : Un composant hydratant qui extrait de l&rsquo;eau de l&rsquo;atmosph\u00e8re pour hydrater et adoucir.<\/span><span lang=\"FR-BE\"><o:p><\/o:p><\/span><\/li>\n<li><span lang=\"FR-BE\">Squalane : Un pr\u00e9biotique.&nbsp;Issu de la canne \u00e0 sucre pour nourrir le microbiome et augmenter sa diversit\u00e9 afin de renforcer la barri\u00e8re cutan\u00e9e.<\/span><span lang=\"FR-BE\"><o:p><\/o:p><\/span><\/li>\n<li><span lang=\"FR-BE\">Huile d\u2019olive :&nbsp;Riche en acides gras et en vitamines E et K pour am\u00e9liorer la r\u00e9silience de la peau.&nbsp;<\/span><span lang=\"FR-BE\"><o:p><\/o:p><\/span><\/li>\n<\/ul>\n<p><b><span lang=\"FR-BE\">Emploi<\/span><\/b><b><span lang=\"FR-BE\"><o:p><\/o:p><\/span><\/b><\/p>\n<ul type=\"disc\">\n<li><span lang=\"FR-BE\">Appliquez g\u00e9n\u00e9reusement 2 \u00e0 3 fois par semaine sur une peau propre et massez l\u00e9g\u00e8rement.&nbsp;<\/span><span lang=\"FR-BE\"><o:p><\/o:p><\/span><\/li>\n<li><span lang=\"FR-BE\">Tonifiez la peau le matin pour \u00e9liminer l&rsquo;exc\u00e8s d&rsquo;huiles. Appliquez ensuite un s\u00e9rum et une cr\u00e8me.&nbsp;<\/span><span lang=\"FR-BE\"><o:p><\/o:p><\/span><\/li>\n<\/ul>\n<p><b><span lang=\"FR-BE\">\u00c9galement disponible<\/span><\/b><b><span lang=\"FR-BE\"><o:p><\/o:p><\/span><\/b><\/p>\n<ul type=\"disc\">\n<li><span lang=\"FR-BE\">Anesi Lab Harmony Hydra-Calm Spray Toner 100 ml (r\u00e9f.&nbsp;<\/span><span lang=\"FR-BE\"><a href=\"https:\/\/webshop.districos.com\/ProductDetail\/4172.1\" target=\"_blank\" rel=\"noopener noreferrer nofollow\"><span>4172.1<\/span><\/a><\/span><span lang=\"FR-BE\">)<\/span><span lang=\"FR-BE\"><o:p><\/o:p><\/span><\/li>\n<li><span lang=\"EN-GB\">Anesi Harmony SOS Rescue Serum 30 ml (r\u00e9f.&nbsp;<\/span><span lang=\"FR-BE\"><a href=\"https:\/\/webshop.districos.com\/ProductDetail\/4173.1\" target=\"_blank\" rel=\"noopener noreferrer nofollow\"><span>4173.1<\/span><\/a><\/span><span lang=\"FR-BE\">)<\/span><span lang=\"FR-BE\"><o:p><\/o:p><\/span><\/li>\n<li><span lang=\"EN-GB\">Anesi Harmony Gentle Comfort Cream 50 ml (r\u00e9f.&nbsp;<\/span><span lang=\"FR-BE\"><a href=\"https:\/\/webshop.districos.com\/ProductDetail\/4174\" target=\"_blank\" rel=\"noopener noreferrer nofollow\"><span>4174<\/span><\/a><\/span><span lang=\"FR-BE\">)<o:p><\/o:p><\/span><\/li>\n<li><span lang=\"EN-GB\">Anesi Harmony Gentle Cleansing Milk 200 ml (r\u00e9f.&nbsp;<\/span><span lang=\"FR-BE\"><a href=\"https:\/\/webshop.districos.com\/ProductDetail\/4171\" target=\"_blank\" rel=\"noopener noreferrer nofollow\"><span>4171<\/span><\/a><\/span><span lang=\"FR-BE\">)<o:p><\/o:p><\/span><\/li>\n<li><span lang=\"EN-GB\">Anesi Harmony Microbiome Repair Mask 200 ml (r\u00e9f.&nbsp;<\/span><span lang=\"FR-BE\"><a href=\"https:\/\/webshop.districos.com\/ProductDetail\/4276\" target=\"_blank\" rel=\"noopener noreferrer nofollow\"><span>4276<\/span><\/a><\/span><span lang=\"FR-BE\">)<o:p><\/o:p><\/span><\/li>\n<\/ul>\n<p><span lang=\"FR-BE\">La ligne Harmony est sp\u00e9cialement con\u00e7ue pour soutenir le microbiome. Envie d&rsquo;en savoir plus ? Consultez notre <\/span><span lang=\"FR-BE\"><a href=\"https:\/\/fr.districos.com\/2023\/12\/le-microbiome.html\" target=\"_blank\" rel=\"noopener noreferrer nofollow\"><span>blog <\/span><\/a><\/span><span lang=\"FR-BE\">!<o:p><\/o:p><\/span><\/p><\/p>\n","protected":false},"excerpt":{"rendered":"<p>Un soin de beaut\u00e9 nocturne avec des huiles nourrissantes et des pr\u00e9biotiques, qui soutient le m\u00e9canisme de r\u00e9paration nocturne naturel de la peau. Les effets visibles du stress oxydatif, qui provoquent un vieillissement pr\u00e9matur\u00e9, sont r\u00e9duits. La teneur en eau, la souplesse et la brillance de la peau sont enti\u00e8rement restaur\u00e9es.&nbsp; Ingr\u00e9dients actifs : Alpha-glucane [&hellip;]<\/p>\n","protected":false},"featured_media":71024,"comment_status":"open","ping_status":"closed","template":"","meta":{"_acf_changed":false},"product_brand":[10280],"product_cat":[9858],"product_tag":[],"class_list":{"0":"post-134337","1":"product","2":"type-product","3":"status-publish","4":"has-post-thumbnail","6":"product_brand-anesi-fr","7":"product_cat-beaute-visage-anesi-visage","9":"first","10":"instock","11":"taxable","12":"shipping-taxable","13":"product-type-simple"},"acf":[],"yoast_head":"<!-- This site is optimized with the Yoast SEO plugin v27.3 - https:\/\/yoast.com\/product\/yoast-seo-wordpress\/ -->\n<title>Anesi Harmony Beauty Sleep Mask 50 ml - Districos Webshop<\/title>\n<meta name=\"robots\" content=\"noindex, follow, max-snippet:-1, max-image-preview:large, max-video-preview:-1\" \/>\n<meta property=\"og:locale\" content=\"fr_FR\" \/>\n<meta property=\"og:type\" content=\"article\" \/>\n<meta property=\"og:title\" content=\"Anesi Harmony Beauty Sleep Mask 50 ml - Districos Webshop\" \/>\n<meta property=\"og:description\" content=\"Un soin de beaut\u00e9 nocturne avec des huiles nourrissantes et des pr\u00e9biotiques, qui soutient le m\u00e9canisme de r\u00e9paration nocturne naturel de la peau. Les effets visibles du stress oxydatif, qui provoquent un vieillissement pr\u00e9matur\u00e9, sont r\u00e9duits. La teneur en eau, la souplesse et la brillance de la peau sont enti\u00e8rement restaur\u00e9es.&nbsp; Ingr\u00e9dients actifs : Alpha-glucane [&hellip;]\" \/>\n<meta property=\"og:url\" content=\"https:\/\/districos.standingout.be\/fr\/product\/anesi-harmony-beauty-sleep-mask-50-ml-ref-4177\/\" \/>\n<meta property=\"og:site_name\" content=\"Districos Webshop\" \/>\n<meta property=\"article:modified_time\" content=\"2026-04-28T00:16:26+00:00\" \/>\n<meta property=\"og:image\" content=\"https:\/\/districos.standingout.be\/wp-content\/uploads\/2025\/07\/4177@Anesi-Lab-Harmony-Beauty-Sleep-Mask-50-ml_1.png\" \/>\n\t<meta property=\"og:image:width\" content=\"600\" \/>\n\t<meta property=\"og:image:height\" content=\"600\" \/>\n\t<meta property=\"og:image:type\" content=\"image\/png\" \/>\n<meta name=\"twitter:card\" content=\"summary_large_image\" \/>\n<meta name=\"twitter:label1\" content=\"Dur\u00e9e de lecture estim\u00e9e\" \/>\n\t<meta name=\"twitter:data1\" content=\"1 minute\" \/>\n<script type=\"application\/ld+json\" class=\"yoast-schema-graph\">{\"@context\":\"https:\\\/\\\/schema.org\",\"@graph\":[{\"@type\":\"WebPage\",\"@id\":\"https:\\\/\\\/districos.standingout.be\\\/fr\\\/product\\\/anesi-harmony-beauty-sleep-mask-50-ml-ref-4177\\\/\",\"url\":\"https:\\\/\\\/districos.standingout.be\\\/fr\\\/product\\\/anesi-harmony-beauty-sleep-mask-50-ml-ref-4177\\\/\",\"name\":\"Anesi Harmony Beauty Sleep Mask 50 ml - Districos Webshop\",\"isPartOf\":{\"@id\":\"https:\\\/\\\/districos.standingout.be\\\/fr\\\/#website\"},\"primaryImageOfPage\":{\"@id\":\"https:\\\/\\\/districos.standingout.be\\\/fr\\\/product\\\/anesi-harmony-beauty-sleep-mask-50-ml-ref-4177\\\/#primaryimage\"},\"image\":{\"@id\":\"https:\\\/\\\/districos.standingout.be\\\/fr\\\/product\\\/anesi-harmony-beauty-sleep-mask-50-ml-ref-4177\\\/#primaryimage\"},\"thumbnailUrl\":\"https:\\\/\\\/districos.standingout.be\\\/wp-content\\\/uploads\\\/2025\\\/07\\\/4177@Anesi-Lab-Harmony-Beauty-Sleep-Mask-50-ml_1.png\",\"datePublished\":\"2026-04-28T00:16:22+00:00\",\"dateModified\":\"2026-04-28T00:16:26+00:00\",\"breadcrumb\":{\"@id\":\"https:\\\/\\\/districos.standingout.be\\\/fr\\\/product\\\/anesi-harmony-beauty-sleep-mask-50-ml-ref-4177\\\/#breadcrumb\"},\"inLanguage\":\"fr-FR\",\"potentialAction\":[{\"@type\":\"ReadAction\",\"target\":[\"https:\\\/\\\/districos.standingout.be\\\/fr\\\/product\\\/anesi-harmony-beauty-sleep-mask-50-ml-ref-4177\\\/\"]}]},{\"@type\":\"ImageObject\",\"inLanguage\":\"fr-FR\",\"@id\":\"https:\\\/\\\/districos.standingout.be\\\/fr\\\/product\\\/anesi-harmony-beauty-sleep-mask-50-ml-ref-4177\\\/#primaryimage\",\"url\":\"https:\\\/\\\/districos.standingout.be\\\/wp-content\\\/uploads\\\/2025\\\/07\\\/4177@Anesi-Lab-Harmony-Beauty-Sleep-Mask-50-ml_1.png\",\"contentUrl\":\"https:\\\/\\\/districos.standingout.be\\\/wp-content\\\/uploads\\\/2025\\\/07\\\/4177@Anesi-Lab-Harmony-Beauty-Sleep-Mask-50-ml_1.png\",\"width\":600,\"height\":600},{\"@type\":\"BreadcrumbList\",\"@id\":\"https:\\\/\\\/districos.standingout.be\\\/fr\\\/product\\\/anesi-harmony-beauty-sleep-mask-50-ml-ref-4177\\\/#breadcrumb\",\"itemListElement\":[{\"@type\":\"ListItem\",\"position\":1,\"name\":\"Home\",\"item\":\"https:\\\/\\\/districos.standingout.be\\\/fr\\\/bienvenue-chez-districos\\\/\"},{\"@type\":\"ListItem\",\"position\":2,\"name\":\"Boutique\",\"item\":\"https:\\\/\\\/districos.standingout.be\\\/fr\\\/boutique\\\/\"},{\"@type\":\"ListItem\",\"position\":3,\"name\":\"Anesi Harmony Beauty Sleep Mask 50 ml\"}]},{\"@type\":\"WebSite\",\"@id\":\"https:\\\/\\\/districos.standingout.be\\\/fr\\\/#website\",\"url\":\"https:\\\/\\\/districos.standingout.be\\\/fr\\\/\",\"name\":\"Districos Webshop\",\"description\":\"\",\"publisher\":{\"@id\":\"https:\\\/\\\/districos.standingout.be\\\/fr\\\/#organization\"},\"potentialAction\":[{\"@type\":\"SearchAction\",\"target\":{\"@type\":\"EntryPoint\",\"urlTemplate\":\"https:\\\/\\\/districos.standingout.be\\\/fr\\\/?s={search_term_string}\"},\"query-input\":{\"@type\":\"PropertyValueSpecification\",\"valueRequired\":true,\"valueName\":\"search_term_string\"}}],\"inLanguage\":\"fr-FR\"},{\"@type\":\"Organization\",\"@id\":\"https:\\\/\\\/districos.standingout.be\\\/fr\\\/#organization\",\"name\":\"Districos Webshop\",\"url\":\"https:\\\/\\\/districos.standingout.be\\\/fr\\\/\",\"logo\":{\"@type\":\"ImageObject\",\"inLanguage\":\"fr-FR\",\"@id\":\"https:\\\/\\\/districos.standingout.be\\\/fr\\\/#\\\/schema\\\/logo\\\/image\\\/\",\"url\":\"https:\\\/\\\/districos.standingout.be\\\/wp-content\\\/uploads\\\/2022\\\/09\\\/Districos_Logo_Webshop.svg\",\"contentUrl\":\"https:\\\/\\\/districos.standingout.be\\\/wp-content\\\/uploads\\\/2022\\\/09\\\/Districos_Logo_Webshop.svg\",\"caption\":\"Districos Webshop\"},\"image\":{\"@id\":\"https:\\\/\\\/districos.standingout.be\\\/fr\\\/#\\\/schema\\\/logo\\\/image\\\/\"}}]}<\/script>\n<!-- \/ Yoast SEO plugin. -->","yoast_head_json":{"title":"Anesi Harmony Beauty Sleep Mask 50 ml - Districos Webshop","robots":{"index":"noindex","follow":"follow","max-snippet":"max-snippet:-1","max-image-preview":"max-image-preview:large","max-video-preview":"max-video-preview:-1"},"og_locale":"fr_FR","og_type":"article","og_title":"Anesi Harmony Beauty Sleep Mask 50 ml - Districos Webshop","og_description":"Un soin de beaut\u00e9 nocturne avec des huiles nourrissantes et des pr\u00e9biotiques, qui soutient le m\u00e9canisme de r\u00e9paration nocturne naturel de la peau. Les effets visibles du stress oxydatif, qui provoquent un vieillissement pr\u00e9matur\u00e9, sont r\u00e9duits. La teneur en eau, la souplesse et la brillance de la peau sont enti\u00e8rement restaur\u00e9es.&nbsp; Ingr\u00e9dients actifs : Alpha-glucane [&hellip;]","og_url":"https:\/\/districos.standingout.be\/fr\/product\/anesi-harmony-beauty-sleep-mask-50-ml-ref-4177\/","og_site_name":"Districos Webshop","article_modified_time":"2026-04-28T00:16:26+00:00","og_image":[{"width":600,"height":600,"url":"https:\/\/districos.standingout.be\/wp-content\/uploads\/2025\/07\/4177@Anesi-Lab-Harmony-Beauty-Sleep-Mask-50-ml_1.png","type":"image\/png"}],"twitter_card":"summary_large_image","twitter_misc":{"Dur\u00e9e de lecture estim\u00e9e":"1 minute"},"schema":{"@context":"https:\/\/schema.org","@graph":[{"@type":"WebPage","@id":"https:\/\/districos.standingout.be\/fr\/product\/anesi-harmony-beauty-sleep-mask-50-ml-ref-4177\/","url":"https:\/\/districos.standingout.be\/fr\/product\/anesi-harmony-beauty-sleep-mask-50-ml-ref-4177\/","name":"Anesi Harmony Beauty Sleep Mask 50 ml - Districos Webshop","isPartOf":{"@id":"https:\/\/districos.standingout.be\/fr\/#website"},"primaryImageOfPage":{"@id":"https:\/\/districos.standingout.be\/fr\/product\/anesi-harmony-beauty-sleep-mask-50-ml-ref-4177\/#primaryimage"},"image":{"@id":"https:\/\/districos.standingout.be\/fr\/product\/anesi-harmony-beauty-sleep-mask-50-ml-ref-4177\/#primaryimage"},"thumbnailUrl":"https:\/\/districos.standingout.be\/wp-content\/uploads\/2025\/07\/4177@Anesi-Lab-Harmony-Beauty-Sleep-Mask-50-ml_1.png","datePublished":"2026-04-28T00:16:22+00:00","dateModified":"2026-04-28T00:16:26+00:00","breadcrumb":{"@id":"https:\/\/districos.standingout.be\/fr\/product\/anesi-harmony-beauty-sleep-mask-50-ml-ref-4177\/#breadcrumb"},"inLanguage":"fr-FR","potentialAction":[{"@type":"ReadAction","target":["https:\/\/districos.standingout.be\/fr\/product\/anesi-harmony-beauty-sleep-mask-50-ml-ref-4177\/"]}]},{"@type":"ImageObject","inLanguage":"fr-FR","@id":"https:\/\/districos.standingout.be\/fr\/product\/anesi-harmony-beauty-sleep-mask-50-ml-ref-4177\/#primaryimage","url":"https:\/\/districos.standingout.be\/wp-content\/uploads\/2025\/07\/4177@Anesi-Lab-Harmony-Beauty-Sleep-Mask-50-ml_1.png","contentUrl":"https:\/\/districos.standingout.be\/wp-content\/uploads\/2025\/07\/4177@Anesi-Lab-Harmony-Beauty-Sleep-Mask-50-ml_1.png","width":600,"height":600},{"@type":"BreadcrumbList","@id":"https:\/\/districos.standingout.be\/fr\/product\/anesi-harmony-beauty-sleep-mask-50-ml-ref-4177\/#breadcrumb","itemListElement":[{"@type":"ListItem","position":1,"name":"Home","item":"https:\/\/districos.standingout.be\/fr\/bienvenue-chez-districos\/"},{"@type":"ListItem","position":2,"name":"Boutique","item":"https:\/\/districos.standingout.be\/fr\/boutique\/"},{"@type":"ListItem","position":3,"name":"Anesi Harmony Beauty Sleep Mask 50 ml"}]},{"@type":"WebSite","@id":"https:\/\/districos.standingout.be\/fr\/#website","url":"https:\/\/districos.standingout.be\/fr\/","name":"Districos Webshop","description":"","publisher":{"@id":"https:\/\/districos.standingout.be\/fr\/#organization"},"potentialAction":[{"@type":"SearchAction","target":{"@type":"EntryPoint","urlTemplate":"https:\/\/districos.standingout.be\/fr\/?s={search_term_string}"},"query-input":{"@type":"PropertyValueSpecification","valueRequired":true,"valueName":"search_term_string"}}],"inLanguage":"fr-FR"},{"@type":"Organization","@id":"https:\/\/districos.standingout.be\/fr\/#organization","name":"Districos Webshop","url":"https:\/\/districos.standingout.be\/fr\/","logo":{"@type":"ImageObject","inLanguage":"fr-FR","@id":"https:\/\/districos.standingout.be\/fr\/#\/schema\/logo\/image\/","url":"https:\/\/districos.standingout.be\/wp-content\/uploads\/2022\/09\/Districos_Logo_Webshop.svg","contentUrl":"https:\/\/districos.standingout.be\/wp-content\/uploads\/2022\/09\/Districos_Logo_Webshop.svg","caption":"Districos Webshop"},"image":{"@id":"https:\/\/districos.standingout.be\/fr\/#\/schema\/logo\/image\/"}}]}},"_links":{"self":[{"href":"https:\/\/districos.standingout.be\/fr\/wp-json\/wp\/v2\/product\/134337","targetHints":{"allow":["GET"]}}],"collection":[{"href":"https:\/\/districos.standingout.be\/fr\/wp-json\/wp\/v2\/product"}],"about":[{"href":"https:\/\/districos.standingout.be\/fr\/wp-json\/wp\/v2\/types\/product"}],"replies":[{"embeddable":true,"href":"https:\/\/districos.standingout.be\/fr\/wp-json\/wp\/v2\/comments?post=134337"}],"wp:featuredmedia":[{"embeddable":true,"href":"https:\/\/districos.standingout.be\/fr\/wp-json\/wp\/v2\/media\/71024"}],"wp:attachment":[{"href":"https:\/\/districos.standingout.be\/fr\/wp-json\/wp\/v2\/media?parent=134337"}],"wp:term":[{"taxonomy":"product_brand","embeddable":true,"href":"https:\/\/districos.standingout.be\/fr\/wp-json\/wp\/v2\/product_brand?post=134337"},{"taxonomy":"product_cat","embeddable":true,"href":"https:\/\/districos.standingout.be\/fr\/wp-json\/wp\/v2\/product_cat?post=134337"},{"taxonomy":"product_tag","embeddable":true,"href":"https:\/\/districos.standingout.be\/fr\/wp-json\/wp\/v2\/product_tag?post=134337"}],"curies":[{"name":"wp","href":"https:\/\/api.w.org\/{rel}","templated":true}]}}