{"id":134339,"date":"2026-04-28T02:16:26","date_gmt":"2026-04-28T00:16:26","guid":{"rendered":"https:\/\/webshopdistricoscom.webhosting.be\/product\/anesi-harmony-melting-cleansing-balm-100-ml-ref-4178-2\/"},"modified":"2026-04-28T02:16:30","modified_gmt":"2026-04-28T00:16:30","slug":"anesi-harmony-melting-cleansing-balm-100-ml-ref-4178","status":"publish","type":"product","link":"https:\/\/districos.standingout.be\/fr\/product\/anesi-harmony-melting-cleansing-balm-100-ml-ref-4178\/","title":{"rendered":"Anesi Harmony Melting Cleansing Balm 100 ml"},"content":{"rendered":"<p >\n<\/p>\n<\/p>\n<\/p>\n<\/p>\n<\/p>\n<\/p>\n<\/p>\n<\/p>\n<p data-start=\"145\" data-end=\"537\">Ce baume nettoyant est la derni\u00e8re innovation de la gamme Harmony d&rsquo;Anesi: sa formule enrichie en huiles fond d\u00e9licatement sur la peau, pour nettoyer&nbsp;en profondeur le visage, \u00e9liminant le maquillage (m\u00eame longue tenue et waterproof), les&nbsp;protections solaires et les impuret\u00e9s sans perturber l&rsquo;\u00e9quilibre de la peau. Apr\u00e8s utilisation,votre peau est douce comme de la soie, propre et hydrat\u00e9e.&nbsp;<\/p>\n<ul>\n<li>Id\u00e9al pour \u00e9liminer en douceur m\u00eame le maquillage le plus tenace, m\u00eame sur les peaux les plus sensibles.<\/li>\n<li>Nettoie en profondeur sans dess\u00e9cher la peau.<\/li>\n<li>Les P-biotiques restaurent et prot\u00e8gent la barri\u00e8re cutan\u00e9e.<\/li>\n<li>Convient \u00e9galement au contour des yeux et des l\u00e8vres.<\/li>\n<li>\u00c9limine le maquillage waterproof.<\/li>\n<li>Conditionnement&nbsp; : Tube de vente de 100 ml.<\/li>\n<\/ul>\n<p><b>Ingr\u00e9dients actifs :<\/b><\/p>\n<ul>\n<li><span data-start=\"921\" data-end=\"943\">Fermentoil Complex<\/span> : un m\u00e9lange postbiotique<span id=\"_cursorpos\" color=\"\"><\/span> d\u2019huiles et d\u2019extraits botaniques qui pr\u00e9serve l&rsquo;\u00e9quilibre du microbiome cutan\u00e9.<\/li>\n<li><span><span data-start=\"1044\" data-end=\"1056\">Squalane<\/span> : une huile pr\u00e9biotique nourrissante et protectrice.<\/span><\/li>\n<li><span data-start=\"1113\" data-end=\"1136\">Huile de germe de riz<\/span> : riche en antioxydants, adoucissante et apaisante.<\/li>\n<\/ul>\n<p><b>Mode d&#8217;emploi<\/b> :<br \/>\u2714 Appliquer une petite quantit\u00e9 sur le visage sec ou humide et masser doucement.<br \/>\u2714 Ajouter un peu d\u2019eau pour transformer le baume en un lait soyeux.<br \/>\u2714 Retirer avec une compresse chaude et humide.<\/p>\n<p><span lang=\"FR\">La ligne Harmony est sp\u00e9cialement con\u00e7ue pour soutenir le microbiome. Vous souhaitez en savoir plus ? D\u00e9couvrez tout ce qu&rsquo;il faut savoir dans notre article de&nbsp;<a href=\"https:\/\/fr.districos.com\/2023\/12\/le-microbiome.html\" target=\"_blank\" rel=\"noopener noreferrer nofollow\"><span>blog&nbsp;<\/span><\/a>!<\/span><\/p><\/p>\n","protected":false},"excerpt":{"rendered":"<p>Ce baume nettoyant est la derni\u00e8re innovation de la gamme Harmony d&rsquo;Anesi: sa formule enrichie en huiles fond d\u00e9licatement sur la peau, pour nettoyer&nbsp;en profondeur le visage, \u00e9liminant le maquillage (m\u00eame longue tenue et waterproof), les&nbsp;protections solaires et les impuret\u00e9s sans perturber l&rsquo;\u00e9quilibre de la peau. Apr\u00e8s utilisation,votre peau est douce comme de la soie, [&hellip;]<\/p>\n","protected":false},"featured_media":144114,"comment_status":"open","ping_status":"closed","template":"","meta":{"_acf_changed":false},"product_brand":[10280],"product_cat":[9858],"product_tag":[],"class_list":{"0":"post-134339","1":"product","2":"type-product","3":"status-publish","4":"has-post-thumbnail","6":"product_brand-anesi-fr","7":"product_cat-beaute-visage-anesi-visage","9":"first","10":"instock","11":"taxable","12":"shipping-taxable","13":"product-type-simple"},"acf":[],"yoast_head":"<!-- This site is optimized with the Yoast SEO plugin v27.3 - https:\/\/yoast.com\/product\/yoast-seo-wordpress\/ -->\n<title>Anesi Harmony Melting Cleansing Balm 100 ml - Districos Webshop<\/title>\n<meta name=\"robots\" content=\"noindex, follow, max-snippet:-1, max-image-preview:large, max-video-preview:-1\" \/>\n<meta property=\"og:locale\" content=\"fr_FR\" \/>\n<meta property=\"og:type\" content=\"article\" \/>\n<meta property=\"og:title\" content=\"Anesi Harmony Melting Cleansing Balm 100 ml - Districos Webshop\" \/>\n<meta property=\"og:description\" content=\"Ce baume nettoyant est la derni\u00e8re innovation de la gamme Harmony d&rsquo;Anesi: sa formule enrichie en huiles fond d\u00e9licatement sur la peau, pour nettoyer&nbsp;en profondeur le visage, \u00e9liminant le maquillage (m\u00eame longue tenue et waterproof), les&nbsp;protections solaires et les impuret\u00e9s sans perturber l&rsquo;\u00e9quilibre de la peau. Apr\u00e8s utilisation,votre peau est douce comme de la soie, [&hellip;]\" \/>\n<meta property=\"og:url\" content=\"https:\/\/districos.standingout.be\/fr\/product\/anesi-harmony-melting-cleansing-balm-100-ml-ref-4178\/\" \/>\n<meta property=\"og:site_name\" content=\"Districos Webshop\" \/>\n<meta property=\"article:modified_time\" content=\"2026-04-28T00:16:30+00:00\" \/>\n<meta property=\"og:image\" content=\"https:\/\/districos.standingout.be\/wp-content\/uploads\/2026\/04\/4178@Harmony-Melting-Cleansing-Balm-100-ml_1-2.png\" \/>\n\t<meta property=\"og:image:width\" content=\"600\" \/>\n\t<meta property=\"og:image:height\" content=\"600\" \/>\n\t<meta property=\"og:image:type\" content=\"image\/png\" \/>\n<meta name=\"twitter:card\" content=\"summary_large_image\" \/>\n<meta name=\"twitter:label1\" content=\"Dur\u00e9e de lecture estim\u00e9e\" \/>\n\t<meta name=\"twitter:data1\" content=\"1 minute\" \/>\n<script type=\"application\/ld+json\" class=\"yoast-schema-graph\">{\"@context\":\"https:\\\/\\\/schema.org\",\"@graph\":[{\"@type\":\"WebPage\",\"@id\":\"https:\\\/\\\/districos.standingout.be\\\/fr\\\/product\\\/anesi-harmony-melting-cleansing-balm-100-ml-ref-4178\\\/\",\"url\":\"https:\\\/\\\/districos.standingout.be\\\/fr\\\/product\\\/anesi-harmony-melting-cleansing-balm-100-ml-ref-4178\\\/\",\"name\":\"Anesi Harmony Melting Cleansing Balm 100 ml - Districos Webshop\",\"isPartOf\":{\"@id\":\"https:\\\/\\\/districos.standingout.be\\\/fr\\\/#website\"},\"primaryImageOfPage\":{\"@id\":\"https:\\\/\\\/districos.standingout.be\\\/fr\\\/product\\\/anesi-harmony-melting-cleansing-balm-100-ml-ref-4178\\\/#primaryimage\"},\"image\":{\"@id\":\"https:\\\/\\\/districos.standingout.be\\\/fr\\\/product\\\/anesi-harmony-melting-cleansing-balm-100-ml-ref-4178\\\/#primaryimage\"},\"thumbnailUrl\":\"https:\\\/\\\/districos.standingout.be\\\/wp-content\\\/uploads\\\/2026\\\/04\\\/4178@Harmony-Melting-Cleansing-Balm-100-ml_1-3.png\",\"datePublished\":\"2026-04-28T00:16:26+00:00\",\"dateModified\":\"2026-04-28T00:16:30+00:00\",\"breadcrumb\":{\"@id\":\"https:\\\/\\\/districos.standingout.be\\\/fr\\\/product\\\/anesi-harmony-melting-cleansing-balm-100-ml-ref-4178\\\/#breadcrumb\"},\"inLanguage\":\"fr-FR\",\"potentialAction\":[{\"@type\":\"ReadAction\",\"target\":[\"https:\\\/\\\/districos.standingout.be\\\/fr\\\/product\\\/anesi-harmony-melting-cleansing-balm-100-ml-ref-4178\\\/\"]}]},{\"@type\":\"ImageObject\",\"inLanguage\":\"fr-FR\",\"@id\":\"https:\\\/\\\/districos.standingout.be\\\/fr\\\/product\\\/anesi-harmony-melting-cleansing-balm-100-ml-ref-4178\\\/#primaryimage\",\"url\":\"https:\\\/\\\/districos.standingout.be\\\/wp-content\\\/uploads\\\/2026\\\/04\\\/4178@Harmony-Melting-Cleansing-Balm-100-ml_1-3.png\",\"contentUrl\":\"https:\\\/\\\/districos.standingout.be\\\/wp-content\\\/uploads\\\/2026\\\/04\\\/4178@Harmony-Melting-Cleansing-Balm-100-ml_1-3.png\",\"width\":600,\"height\":600},{\"@type\":\"BreadcrumbList\",\"@id\":\"https:\\\/\\\/districos.standingout.be\\\/fr\\\/product\\\/anesi-harmony-melting-cleansing-balm-100-ml-ref-4178\\\/#breadcrumb\",\"itemListElement\":[{\"@type\":\"ListItem\",\"position\":1,\"name\":\"Home\",\"item\":\"https:\\\/\\\/districos.standingout.be\\\/fr\\\/bienvenue-chez-districos\\\/\"},{\"@type\":\"ListItem\",\"position\":2,\"name\":\"Boutique\",\"item\":\"https:\\\/\\\/districos.standingout.be\\\/fr\\\/boutique\\\/\"},{\"@type\":\"ListItem\",\"position\":3,\"name\":\"Anesi Harmony Melting Cleansing Balm 100 ml\"}]},{\"@type\":\"WebSite\",\"@id\":\"https:\\\/\\\/districos.standingout.be\\\/fr\\\/#website\",\"url\":\"https:\\\/\\\/districos.standingout.be\\\/fr\\\/\",\"name\":\"Districos Webshop\",\"description\":\"\",\"publisher\":{\"@id\":\"https:\\\/\\\/districos.standingout.be\\\/fr\\\/#organization\"},\"potentialAction\":[{\"@type\":\"SearchAction\",\"target\":{\"@type\":\"EntryPoint\",\"urlTemplate\":\"https:\\\/\\\/districos.standingout.be\\\/fr\\\/?s={search_term_string}\"},\"query-input\":{\"@type\":\"PropertyValueSpecification\",\"valueRequired\":true,\"valueName\":\"search_term_string\"}}],\"inLanguage\":\"fr-FR\"},{\"@type\":\"Organization\",\"@id\":\"https:\\\/\\\/districos.standingout.be\\\/fr\\\/#organization\",\"name\":\"Districos Webshop\",\"url\":\"https:\\\/\\\/districos.standingout.be\\\/fr\\\/\",\"logo\":{\"@type\":\"ImageObject\",\"inLanguage\":\"fr-FR\",\"@id\":\"https:\\\/\\\/districos.standingout.be\\\/fr\\\/#\\\/schema\\\/logo\\\/image\\\/\",\"url\":\"https:\\\/\\\/districos.standingout.be\\\/wp-content\\\/uploads\\\/2022\\\/09\\\/Districos_Logo_Webshop.svg\",\"contentUrl\":\"https:\\\/\\\/districos.standingout.be\\\/wp-content\\\/uploads\\\/2022\\\/09\\\/Districos_Logo_Webshop.svg\",\"caption\":\"Districos Webshop\"},\"image\":{\"@id\":\"https:\\\/\\\/districos.standingout.be\\\/fr\\\/#\\\/schema\\\/logo\\\/image\\\/\"}}]}<\/script>\n<!-- \/ Yoast SEO plugin. -->","yoast_head_json":{"title":"Anesi Harmony Melting Cleansing Balm 100 ml - Districos Webshop","robots":{"index":"noindex","follow":"follow","max-snippet":"max-snippet:-1","max-image-preview":"max-image-preview:large","max-video-preview":"max-video-preview:-1"},"og_locale":"fr_FR","og_type":"article","og_title":"Anesi Harmony Melting Cleansing Balm 100 ml - Districos Webshop","og_description":"Ce baume nettoyant est la derni\u00e8re innovation de la gamme Harmony d&rsquo;Anesi: sa formule enrichie en huiles fond d\u00e9licatement sur la peau, pour nettoyer&nbsp;en profondeur le visage, \u00e9liminant le maquillage (m\u00eame longue tenue et waterproof), les&nbsp;protections solaires et les impuret\u00e9s sans perturber l&rsquo;\u00e9quilibre de la peau. Apr\u00e8s utilisation,votre peau est douce comme de la soie, [&hellip;]","og_url":"https:\/\/districos.standingout.be\/fr\/product\/anesi-harmony-melting-cleansing-balm-100-ml-ref-4178\/","og_site_name":"Districos Webshop","article_modified_time":"2026-04-28T00:16:30+00:00","og_image":[{"width":600,"height":600,"url":"https:\/\/districos.standingout.be\/wp-content\/uploads\/2026\/04\/4178@Harmony-Melting-Cleansing-Balm-100-ml_1-2.png","type":"image\/png"}],"twitter_card":"summary_large_image","twitter_misc":{"Dur\u00e9e de lecture estim\u00e9e":"1 minute"},"schema":{"@context":"https:\/\/schema.org","@graph":[{"@type":"WebPage","@id":"https:\/\/districos.standingout.be\/fr\/product\/anesi-harmony-melting-cleansing-balm-100-ml-ref-4178\/","url":"https:\/\/districos.standingout.be\/fr\/product\/anesi-harmony-melting-cleansing-balm-100-ml-ref-4178\/","name":"Anesi Harmony Melting Cleansing Balm 100 ml - Districos Webshop","isPartOf":{"@id":"https:\/\/districos.standingout.be\/fr\/#website"},"primaryImageOfPage":{"@id":"https:\/\/districos.standingout.be\/fr\/product\/anesi-harmony-melting-cleansing-balm-100-ml-ref-4178\/#primaryimage"},"image":{"@id":"https:\/\/districos.standingout.be\/fr\/product\/anesi-harmony-melting-cleansing-balm-100-ml-ref-4178\/#primaryimage"},"thumbnailUrl":"https:\/\/districos.standingout.be\/wp-content\/uploads\/2026\/04\/4178@Harmony-Melting-Cleansing-Balm-100-ml_1-3.png","datePublished":"2026-04-28T00:16:26+00:00","dateModified":"2026-04-28T00:16:30+00:00","breadcrumb":{"@id":"https:\/\/districos.standingout.be\/fr\/product\/anesi-harmony-melting-cleansing-balm-100-ml-ref-4178\/#breadcrumb"},"inLanguage":"fr-FR","potentialAction":[{"@type":"ReadAction","target":["https:\/\/districos.standingout.be\/fr\/product\/anesi-harmony-melting-cleansing-balm-100-ml-ref-4178\/"]}]},{"@type":"ImageObject","inLanguage":"fr-FR","@id":"https:\/\/districos.standingout.be\/fr\/product\/anesi-harmony-melting-cleansing-balm-100-ml-ref-4178\/#primaryimage","url":"https:\/\/districos.standingout.be\/wp-content\/uploads\/2026\/04\/4178@Harmony-Melting-Cleansing-Balm-100-ml_1-3.png","contentUrl":"https:\/\/districos.standingout.be\/wp-content\/uploads\/2026\/04\/4178@Harmony-Melting-Cleansing-Balm-100-ml_1-3.png","width":600,"height":600},{"@type":"BreadcrumbList","@id":"https:\/\/districos.standingout.be\/fr\/product\/anesi-harmony-melting-cleansing-balm-100-ml-ref-4178\/#breadcrumb","itemListElement":[{"@type":"ListItem","position":1,"name":"Home","item":"https:\/\/districos.standingout.be\/fr\/bienvenue-chez-districos\/"},{"@type":"ListItem","position":2,"name":"Boutique","item":"https:\/\/districos.standingout.be\/fr\/boutique\/"},{"@type":"ListItem","position":3,"name":"Anesi Harmony Melting Cleansing Balm 100 ml"}]},{"@type":"WebSite","@id":"https:\/\/districos.standingout.be\/fr\/#website","url":"https:\/\/districos.standingout.be\/fr\/","name":"Districos Webshop","description":"","publisher":{"@id":"https:\/\/districos.standingout.be\/fr\/#organization"},"potentialAction":[{"@type":"SearchAction","target":{"@type":"EntryPoint","urlTemplate":"https:\/\/districos.standingout.be\/fr\/?s={search_term_string}"},"query-input":{"@type":"PropertyValueSpecification","valueRequired":true,"valueName":"search_term_string"}}],"inLanguage":"fr-FR"},{"@type":"Organization","@id":"https:\/\/districos.standingout.be\/fr\/#organization","name":"Districos Webshop","url":"https:\/\/districos.standingout.be\/fr\/","logo":{"@type":"ImageObject","inLanguage":"fr-FR","@id":"https:\/\/districos.standingout.be\/fr\/#\/schema\/logo\/image\/","url":"https:\/\/districos.standingout.be\/wp-content\/uploads\/2022\/09\/Districos_Logo_Webshop.svg","contentUrl":"https:\/\/districos.standingout.be\/wp-content\/uploads\/2022\/09\/Districos_Logo_Webshop.svg","caption":"Districos Webshop"},"image":{"@id":"https:\/\/districos.standingout.be\/fr\/#\/schema\/logo\/image\/"}}]}},"_links":{"self":[{"href":"https:\/\/districos.standingout.be\/fr\/wp-json\/wp\/v2\/product\/134339","targetHints":{"allow":["GET"]}}],"collection":[{"href":"https:\/\/districos.standingout.be\/fr\/wp-json\/wp\/v2\/product"}],"about":[{"href":"https:\/\/districos.standingout.be\/fr\/wp-json\/wp\/v2\/types\/product"}],"replies":[{"embeddable":true,"href":"https:\/\/districos.standingout.be\/fr\/wp-json\/wp\/v2\/comments?post=134339"}],"wp:featuredmedia":[{"embeddable":true,"href":"https:\/\/districos.standingout.be\/fr\/wp-json\/wp\/v2\/media\/144114"}],"wp:attachment":[{"href":"https:\/\/districos.standingout.be\/fr\/wp-json\/wp\/v2\/media?parent=134339"}],"wp:term":[{"taxonomy":"product_brand","embeddable":true,"href":"https:\/\/districos.standingout.be\/fr\/wp-json\/wp\/v2\/product_brand?post=134339"},{"taxonomy":"product_cat","embeddable":true,"href":"https:\/\/districos.standingout.be\/fr\/wp-json\/wp\/v2\/product_cat?post=134339"},{"taxonomy":"product_tag","embeddable":true,"href":"https:\/\/districos.standingout.be\/fr\/wp-json\/wp\/v2\/product_tag?post=134339"}],"curies":[{"name":"wp","href":"https:\/\/api.w.org\/{rel}","templated":true}]}}