{"id":134341,"date":"2026-04-28T02:16:30","date_gmt":"2026-04-28T00:16:30","guid":{"rendered":"https:\/\/webshopdistricoscom.webhosting.be\/product\/anesi-cellular-3-peeling-glycolique-30-ml-ref-4181-01\/"},"modified":"2026-04-28T02:16:34","modified_gmt":"2026-04-28T00:16:34","slug":"anesi-cellular-3-peeling-glycolique-30-ml-ref-4181-01","status":"publish","type":"product","link":"https:\/\/districos.standingout.be\/fr\/product\/anesi-cellular-3-peeling-glycolique-30-ml-ref-4181-01\/","title":{"rendered":"Anesi Cellular 3 Peeling Glycolique 30 ml"},"content":{"rendered":"<p >\n<\/p>\n<\/p>\n<\/p>\n<\/p>\n<p dir=\"ltr\"><b>Un exfoliant anti-\u00e2ge de la derni\u00e8re g\u00e9n\u00e9ration \u00e0 base d\u2019acide glycolique et d\u2019AHA (acides de fruits) pour un peeling en profondeur et une r\u00e9g\u00e9n\u00e9ration cellulaire intense.&nbsp;<\/b><\/p>\n<p dir=\"ltr\">Le peeling dose la p\u00e9n\u00e9tration ainsi que la lib\u00e9ration de ses ingr\u00e9dients actifs, permettant ainsi une utilisation confortable et s\u00fbre. De plus, le produit augmente la p\u00e9n\u00e9tration des ingr\u00e9dients actifs qui sont appliqu\u00e9s par apr\u00e8s.<\/p>\n<p dir=\"ltr\">\n<ul>\n<li>\u00c9galement appropri\u00e9 pour les soins \u00e0 domicile.<\/li>\n<li>Ingr\u00e9dients actifs : acide glycolique, AHA.<\/li>\n<li>Emballage : 30 ml.<\/li>\n<\/ul>\n<div><b>Mode d&#8217;emploi<\/b><\/div>\n<div>\n<ul>\n<li><span>Appliquez 2 pompes avec les doigts ou un pinceau plat sur le visage, le cou et le d\u00e9collet\u00e9 nettoy\u00e9s.<\/span><\/li>\n<li><span>Laissez agir pendant 3 minutes.<\/span><\/li>\n<li><span>Enlevez avec une compresse humidif\u00e9e d&rsquo;eau ti\u00e8de.<\/span><\/li>\n<li><span>R\u00e9p\u00e9tez chaque semaine en cas de peau \u00e9paisse et mature ou chaque 2 semaines en cas de peau fine et sensible.<\/span><\/li>\n<\/ul>\n<div>\n<div><b>\u00c9galement disponible<\/b><\/div>\n<div>\n<ul>\n<li>Anesi Lab 3GF Cellular Booster 30 ml (r\u00e9f.&nbsp;<a href=\"https:\/\/webshop.districos.com\/ProductDetail\/4181.02\" target=\"_blank\" rel=\"noopener noreferrer nofollow\"> 4181.02<\/a>)<\/li>\n<li>Anesi Lab Cellular 3 Renewal Cream 50 ml (r\u00e9f.&nbsp;<a href=\"https:\/\/webshop.districos.com\/ProductDetail\/4181.03\" target=\"_blank\" rel=\"noopener noreferrer nofollow\"> 4181.03<\/a>)<\/li>\n<li>Anesi Lab Coffret Cellular 3 Age Control (r\u00e9f.&nbsp;<a href=\"https:\/\/webshop.districos.com\/ProductDetail\/4281.01\" target=\"_blank\" rel=\"noopener noreferrer nofollow\"> 4281.01<\/a>)<\/li>\n<\/ul>\n<\/div>\n<\/div>\n<\/div><\/p>\n","protected":false},"excerpt":{"rendered":"<p>Un exfoliant anti-\u00e2ge de la derni\u00e8re g\u00e9n\u00e9ration \u00e0 base d\u2019acide glycolique et d\u2019AHA (acides de fruits) pour un peeling en profondeur et une r\u00e9g\u00e9n\u00e9ration cellulaire intense.&nbsp; Le peeling dose la p\u00e9n\u00e9tration ainsi que la lib\u00e9ration de ses ingr\u00e9dients actifs, permettant ainsi une utilisation confortable et s\u00fbre. De plus, le produit augmente la p\u00e9n\u00e9tration des ingr\u00e9dients [&hellip;]<\/p>\n","protected":false},"featured_media":71027,"comment_status":"open","ping_status":"closed","template":"","meta":{"_acf_changed":false},"product_brand":[10280],"product_cat":[9858],"product_tag":[],"class_list":{"0":"post-134341","1":"product","2":"type-product","3":"status-publish","4":"has-post-thumbnail","6":"product_brand-anesi-fr","7":"product_cat-beaute-visage-anesi-visage","9":"first","10":"instock","11":"taxable","12":"shipping-taxable","13":"product-type-simple"},"acf":[],"yoast_head":"<!-- This site is optimized with the Yoast SEO plugin v27.3 - https:\/\/yoast.com\/product\/yoast-seo-wordpress\/ -->\n<title>Anesi Cellular 3 Peeling Glycolique 30 ml - Districos Webshop<\/title>\n<meta name=\"robots\" content=\"noindex, follow, max-snippet:-1, max-image-preview:large, max-video-preview:-1\" \/>\n<meta property=\"og:locale\" content=\"fr_FR\" \/>\n<meta property=\"og:type\" content=\"article\" \/>\n<meta property=\"og:title\" content=\"Anesi Cellular 3 Peeling Glycolique 30 ml - Districos Webshop\" \/>\n<meta property=\"og:description\" content=\"Un exfoliant anti-\u00e2ge de la derni\u00e8re g\u00e9n\u00e9ration \u00e0 base d\u2019acide glycolique et d\u2019AHA (acides de fruits) pour un peeling en profondeur et une r\u00e9g\u00e9n\u00e9ration cellulaire intense.&nbsp; Le peeling dose la p\u00e9n\u00e9tration ainsi que la lib\u00e9ration de ses ingr\u00e9dients actifs, permettant ainsi une utilisation confortable et s\u00fbre. De plus, le produit augmente la p\u00e9n\u00e9tration des ingr\u00e9dients [&hellip;]\" \/>\n<meta property=\"og:url\" content=\"https:\/\/districos.standingout.be\/fr\/product\/anesi-cellular-3-peeling-glycolique-30-ml-ref-4181-01\/\" \/>\n<meta property=\"og:site_name\" content=\"Districos Webshop\" \/>\n<meta property=\"article:modified_time\" content=\"2026-04-28T00:16:34+00:00\" \/>\n<meta property=\"og:image\" content=\"https:\/\/districos.standingout.be\/wp-content\/uploads\/2025\/07\/4181.01@LowRes_1.png\" \/>\n\t<meta property=\"og:image:width\" content=\"600\" \/>\n\t<meta property=\"og:image:height\" content=\"600\" \/>\n\t<meta property=\"og:image:type\" content=\"image\/png\" \/>\n<meta name=\"twitter:card\" content=\"summary_large_image\" \/>\n<meta name=\"twitter:label1\" content=\"Dur\u00e9e de lecture estim\u00e9e\" \/>\n\t<meta name=\"twitter:data1\" content=\"1 minute\" \/>\n<script type=\"application\/ld+json\" class=\"yoast-schema-graph\">{\"@context\":\"https:\\\/\\\/schema.org\",\"@graph\":[{\"@type\":\"WebPage\",\"@id\":\"https:\\\/\\\/districos.standingout.be\\\/fr\\\/product\\\/anesi-cellular-3-peeling-glycolique-30-ml-ref-4181-01\\\/\",\"url\":\"https:\\\/\\\/districos.standingout.be\\\/fr\\\/product\\\/anesi-cellular-3-peeling-glycolique-30-ml-ref-4181-01\\\/\",\"name\":\"Anesi Cellular 3 Peeling Glycolique 30 ml - Districos Webshop\",\"isPartOf\":{\"@id\":\"https:\\\/\\\/districos.standingout.be\\\/fr\\\/#website\"},\"primaryImageOfPage\":{\"@id\":\"https:\\\/\\\/districos.standingout.be\\\/fr\\\/product\\\/anesi-cellular-3-peeling-glycolique-30-ml-ref-4181-01\\\/#primaryimage\"},\"image\":{\"@id\":\"https:\\\/\\\/districos.standingout.be\\\/fr\\\/product\\\/anesi-cellular-3-peeling-glycolique-30-ml-ref-4181-01\\\/#primaryimage\"},\"thumbnailUrl\":\"https:\\\/\\\/districos.standingout.be\\\/wp-content\\\/uploads\\\/2025\\\/07\\\/4181.01@LowRes_1.png\",\"datePublished\":\"2026-04-28T00:16:30+00:00\",\"dateModified\":\"2026-04-28T00:16:34+00:00\",\"breadcrumb\":{\"@id\":\"https:\\\/\\\/districos.standingout.be\\\/fr\\\/product\\\/anesi-cellular-3-peeling-glycolique-30-ml-ref-4181-01\\\/#breadcrumb\"},\"inLanguage\":\"fr-FR\",\"potentialAction\":[{\"@type\":\"ReadAction\",\"target\":[\"https:\\\/\\\/districos.standingout.be\\\/fr\\\/product\\\/anesi-cellular-3-peeling-glycolique-30-ml-ref-4181-01\\\/\"]}]},{\"@type\":\"ImageObject\",\"inLanguage\":\"fr-FR\",\"@id\":\"https:\\\/\\\/districos.standingout.be\\\/fr\\\/product\\\/anesi-cellular-3-peeling-glycolique-30-ml-ref-4181-01\\\/#primaryimage\",\"url\":\"https:\\\/\\\/districos.standingout.be\\\/wp-content\\\/uploads\\\/2025\\\/07\\\/4181.01@LowRes_1.png\",\"contentUrl\":\"https:\\\/\\\/districos.standingout.be\\\/wp-content\\\/uploads\\\/2025\\\/07\\\/4181.01@LowRes_1.png\",\"width\":600,\"height\":600},{\"@type\":\"BreadcrumbList\",\"@id\":\"https:\\\/\\\/districos.standingout.be\\\/fr\\\/product\\\/anesi-cellular-3-peeling-glycolique-30-ml-ref-4181-01\\\/#breadcrumb\",\"itemListElement\":[{\"@type\":\"ListItem\",\"position\":1,\"name\":\"Home\",\"item\":\"https:\\\/\\\/districos.standingout.be\\\/fr\\\/bienvenue-chez-districos\\\/\"},{\"@type\":\"ListItem\",\"position\":2,\"name\":\"Boutique\",\"item\":\"https:\\\/\\\/districos.standingout.be\\\/fr\\\/boutique\\\/\"},{\"@type\":\"ListItem\",\"position\":3,\"name\":\"Anesi Cellular 3 Peeling Glycolique 30 ml\"}]},{\"@type\":\"WebSite\",\"@id\":\"https:\\\/\\\/districos.standingout.be\\\/fr\\\/#website\",\"url\":\"https:\\\/\\\/districos.standingout.be\\\/fr\\\/\",\"name\":\"Districos Webshop\",\"description\":\"\",\"publisher\":{\"@id\":\"https:\\\/\\\/districos.standingout.be\\\/fr\\\/#organization\"},\"potentialAction\":[{\"@type\":\"SearchAction\",\"target\":{\"@type\":\"EntryPoint\",\"urlTemplate\":\"https:\\\/\\\/districos.standingout.be\\\/fr\\\/?s={search_term_string}\"},\"query-input\":{\"@type\":\"PropertyValueSpecification\",\"valueRequired\":true,\"valueName\":\"search_term_string\"}}],\"inLanguage\":\"fr-FR\"},{\"@type\":\"Organization\",\"@id\":\"https:\\\/\\\/districos.standingout.be\\\/fr\\\/#organization\",\"name\":\"Districos Webshop\",\"url\":\"https:\\\/\\\/districos.standingout.be\\\/fr\\\/\",\"logo\":{\"@type\":\"ImageObject\",\"inLanguage\":\"fr-FR\",\"@id\":\"https:\\\/\\\/districos.standingout.be\\\/fr\\\/#\\\/schema\\\/logo\\\/image\\\/\",\"url\":\"https:\\\/\\\/districos.standingout.be\\\/wp-content\\\/uploads\\\/2022\\\/09\\\/Districos_Logo_Webshop.svg\",\"contentUrl\":\"https:\\\/\\\/districos.standingout.be\\\/wp-content\\\/uploads\\\/2022\\\/09\\\/Districos_Logo_Webshop.svg\",\"caption\":\"Districos Webshop\"},\"image\":{\"@id\":\"https:\\\/\\\/districos.standingout.be\\\/fr\\\/#\\\/schema\\\/logo\\\/image\\\/\"}}]}<\/script>\n<!-- \/ Yoast SEO plugin. -->","yoast_head_json":{"title":"Anesi Cellular 3 Peeling Glycolique 30 ml - Districos Webshop","robots":{"index":"noindex","follow":"follow","max-snippet":"max-snippet:-1","max-image-preview":"max-image-preview:large","max-video-preview":"max-video-preview:-1"},"og_locale":"fr_FR","og_type":"article","og_title":"Anesi Cellular 3 Peeling Glycolique 30 ml - Districos Webshop","og_description":"Un exfoliant anti-\u00e2ge de la derni\u00e8re g\u00e9n\u00e9ration \u00e0 base d\u2019acide glycolique et d\u2019AHA (acides de fruits) pour un peeling en profondeur et une r\u00e9g\u00e9n\u00e9ration cellulaire intense.&nbsp; Le peeling dose la p\u00e9n\u00e9tration ainsi que la lib\u00e9ration de ses ingr\u00e9dients actifs, permettant ainsi une utilisation confortable et s\u00fbre. De plus, le produit augmente la p\u00e9n\u00e9tration des ingr\u00e9dients [&hellip;]","og_url":"https:\/\/districos.standingout.be\/fr\/product\/anesi-cellular-3-peeling-glycolique-30-ml-ref-4181-01\/","og_site_name":"Districos Webshop","article_modified_time":"2026-04-28T00:16:34+00:00","og_image":[{"width":600,"height":600,"url":"https:\/\/districos.standingout.be\/wp-content\/uploads\/2025\/07\/4181.01@LowRes_1.png","type":"image\/png"}],"twitter_card":"summary_large_image","twitter_misc":{"Dur\u00e9e de lecture estim\u00e9e":"1 minute"},"schema":{"@context":"https:\/\/schema.org","@graph":[{"@type":"WebPage","@id":"https:\/\/districos.standingout.be\/fr\/product\/anesi-cellular-3-peeling-glycolique-30-ml-ref-4181-01\/","url":"https:\/\/districos.standingout.be\/fr\/product\/anesi-cellular-3-peeling-glycolique-30-ml-ref-4181-01\/","name":"Anesi Cellular 3 Peeling Glycolique 30 ml - Districos Webshop","isPartOf":{"@id":"https:\/\/districos.standingout.be\/fr\/#website"},"primaryImageOfPage":{"@id":"https:\/\/districos.standingout.be\/fr\/product\/anesi-cellular-3-peeling-glycolique-30-ml-ref-4181-01\/#primaryimage"},"image":{"@id":"https:\/\/districos.standingout.be\/fr\/product\/anesi-cellular-3-peeling-glycolique-30-ml-ref-4181-01\/#primaryimage"},"thumbnailUrl":"https:\/\/districos.standingout.be\/wp-content\/uploads\/2025\/07\/4181.01@LowRes_1.png","datePublished":"2026-04-28T00:16:30+00:00","dateModified":"2026-04-28T00:16:34+00:00","breadcrumb":{"@id":"https:\/\/districos.standingout.be\/fr\/product\/anesi-cellular-3-peeling-glycolique-30-ml-ref-4181-01\/#breadcrumb"},"inLanguage":"fr-FR","potentialAction":[{"@type":"ReadAction","target":["https:\/\/districos.standingout.be\/fr\/product\/anesi-cellular-3-peeling-glycolique-30-ml-ref-4181-01\/"]}]},{"@type":"ImageObject","inLanguage":"fr-FR","@id":"https:\/\/districos.standingout.be\/fr\/product\/anesi-cellular-3-peeling-glycolique-30-ml-ref-4181-01\/#primaryimage","url":"https:\/\/districos.standingout.be\/wp-content\/uploads\/2025\/07\/4181.01@LowRes_1.png","contentUrl":"https:\/\/districos.standingout.be\/wp-content\/uploads\/2025\/07\/4181.01@LowRes_1.png","width":600,"height":600},{"@type":"BreadcrumbList","@id":"https:\/\/districos.standingout.be\/fr\/product\/anesi-cellular-3-peeling-glycolique-30-ml-ref-4181-01\/#breadcrumb","itemListElement":[{"@type":"ListItem","position":1,"name":"Home","item":"https:\/\/districos.standingout.be\/fr\/bienvenue-chez-districos\/"},{"@type":"ListItem","position":2,"name":"Boutique","item":"https:\/\/districos.standingout.be\/fr\/boutique\/"},{"@type":"ListItem","position":3,"name":"Anesi Cellular 3 Peeling Glycolique 30 ml"}]},{"@type":"WebSite","@id":"https:\/\/districos.standingout.be\/fr\/#website","url":"https:\/\/districos.standingout.be\/fr\/","name":"Districos Webshop","description":"","publisher":{"@id":"https:\/\/districos.standingout.be\/fr\/#organization"},"potentialAction":[{"@type":"SearchAction","target":{"@type":"EntryPoint","urlTemplate":"https:\/\/districos.standingout.be\/fr\/?s={search_term_string}"},"query-input":{"@type":"PropertyValueSpecification","valueRequired":true,"valueName":"search_term_string"}}],"inLanguage":"fr-FR"},{"@type":"Organization","@id":"https:\/\/districos.standingout.be\/fr\/#organization","name":"Districos Webshop","url":"https:\/\/districos.standingout.be\/fr\/","logo":{"@type":"ImageObject","inLanguage":"fr-FR","@id":"https:\/\/districos.standingout.be\/fr\/#\/schema\/logo\/image\/","url":"https:\/\/districos.standingout.be\/wp-content\/uploads\/2022\/09\/Districos_Logo_Webshop.svg","contentUrl":"https:\/\/districos.standingout.be\/wp-content\/uploads\/2022\/09\/Districos_Logo_Webshop.svg","caption":"Districos Webshop"},"image":{"@id":"https:\/\/districos.standingout.be\/fr\/#\/schema\/logo\/image\/"}}]}},"_links":{"self":[{"href":"https:\/\/districos.standingout.be\/fr\/wp-json\/wp\/v2\/product\/134341","targetHints":{"allow":["GET"]}}],"collection":[{"href":"https:\/\/districos.standingout.be\/fr\/wp-json\/wp\/v2\/product"}],"about":[{"href":"https:\/\/districos.standingout.be\/fr\/wp-json\/wp\/v2\/types\/product"}],"replies":[{"embeddable":true,"href":"https:\/\/districos.standingout.be\/fr\/wp-json\/wp\/v2\/comments?post=134341"}],"wp:featuredmedia":[{"embeddable":true,"href":"https:\/\/districos.standingout.be\/fr\/wp-json\/wp\/v2\/media\/71027"}],"wp:attachment":[{"href":"https:\/\/districos.standingout.be\/fr\/wp-json\/wp\/v2\/media?parent=134341"}],"wp:term":[{"taxonomy":"product_brand","embeddable":true,"href":"https:\/\/districos.standingout.be\/fr\/wp-json\/wp\/v2\/product_brand?post=134341"},{"taxonomy":"product_cat","embeddable":true,"href":"https:\/\/districos.standingout.be\/fr\/wp-json\/wp\/v2\/product_cat?post=134341"},{"taxonomy":"product_tag","embeddable":true,"href":"https:\/\/districos.standingout.be\/fr\/wp-json\/wp\/v2\/product_tag?post=134341"}],"curies":[{"name":"wp","href":"https:\/\/api.w.org\/{rel}","templated":true}]}}