{"id":134343,"date":"2026-04-28T02:16:34","date_gmt":"2026-04-28T00:16:34","guid":{"rendered":"https:\/\/webshopdistricoscom.webhosting.be\/product\/anesi-cellular-3-serum-ameliorant-30-ml-ref-4181-02\/"},"modified":"2026-04-28T02:16:37","modified_gmt":"2026-04-28T00:16:37","slug":"anesi-cellular-3-serum-ameliorant-30-ml-ref-4181-02","status":"publish","type":"product","link":"https:\/\/districos.standingout.be\/fr\/product\/anesi-cellular-3-serum-ameliorant-30-ml-ref-4181-02\/","title":{"rendered":"Anesi Cellular 3 S\u00e9rum Am\u00e9liorant 30 ml"},"content":{"rendered":"<p >\n<\/p>\n<\/p>\n<p dir=\"ltr\">Booster puissant anti\u00e2ge pour tous les types de peaux. Le s\u00e9rum contient trois facteurs de croissance cellulaire (3GF) encapsul\u00e9s dans des liposomes pour assurer l\u2019absorption dans toutes les structures \u00e9pidermiques. Il stimule la production des cellules cutan\u00e9es, raffermit et renforce la peau, affine les contours du visage et diminue les rides pour un look juv\u00e9nile et rayonnant.<\/p>\n<p dir=\"ltr\">\n<ul>\n<li>Donne quotidiennement un boost \u00e9nerg\u00e9tique \u00e0 la peau !<\/li>\n<li>Ingr\u00e9dients actifs : facteurs de croissance \u00e9pidermiques (GM-CSF, TGF et EGF).<\/li>\n<li>Emballage : 30 ml.<\/li>\n<\/ul>\n<div><b>Mode d&#8217;emploi<\/b><\/div>\n<div>\n<ul>\n<li>Appliquez le matin et le soir sur le visage et le cou nettoy\u00e9s.<\/li>\n<li>Appliquez ensuite la <u><a href=\"https:\/\/districos.com\/ProductDetail\/4181.03\" target=\"_blank\" rel=\"noopener noreferrer nofollow\">Renewal Cream Cellular 3<\/a><\/u> pour maximiser les effets.<\/li>\n<\/ul>\n<div><b>CONSEIL<\/b><\/div>\n<\/div>\n<div>En \u00e9t\u00e9, le s\u00e9rum peut \u00eatre appliqu\u00e9 \u00e0 l&rsquo;\u00e9tat pur pour un rafra\u00eechissement ultime.<\/div>\n<div><\/div>\n<div><b>Aussi disponible<\/b><\/div>\n<div>\u00c9chantillon de 2 ml (<u><a href=\"https:\/\/districos.com\/ProductDetail\/9475.38\" target=\"_blank\" rel=\"noopener noreferrer nofollow\">r\u00e9f. 9475.38<\/a><\/u>)<\/div>\n<div><\/div><\/p>\n","protected":false},"excerpt":{"rendered":"<p>Booster puissant anti\u00e2ge pour tous les types de peaux. Le s\u00e9rum contient trois facteurs de croissance cellulaire (3GF) encapsul\u00e9s dans des liposomes pour assurer l\u2019absorption dans toutes les structures \u00e9pidermiques. Il stimule la production des cellules cutan\u00e9es, raffermit et renforce la peau, affine les contours du visage et diminue les rides pour un look juv\u00e9nile [&hellip;]<\/p>\n","protected":false},"featured_media":71030,"comment_status":"open","ping_status":"closed","template":"","meta":{"_acf_changed":false},"product_brand":[10280],"product_cat":[9858],"product_tag":[],"class_list":{"0":"post-134343","1":"product","2":"type-product","3":"status-publish","4":"has-post-thumbnail","6":"product_brand-anesi-fr","7":"product_cat-beaute-visage-anesi-visage","9":"first","10":"instock","11":"taxable","12":"shipping-taxable","13":"product-type-simple"},"acf":[],"yoast_head":"<!-- This site is optimized with the Yoast SEO plugin v27.3 - https:\/\/yoast.com\/product\/yoast-seo-wordpress\/ -->\n<title>Anesi Cellular 3 S\u00e9rum Am\u00e9liorant 30 ml - Districos Webshop<\/title>\n<meta name=\"robots\" content=\"noindex, follow, max-snippet:-1, max-image-preview:large, max-video-preview:-1\" \/>\n<meta property=\"og:locale\" content=\"fr_FR\" \/>\n<meta property=\"og:type\" content=\"article\" \/>\n<meta property=\"og:title\" content=\"Anesi Cellular 3 S\u00e9rum Am\u00e9liorant 30 ml - Districos Webshop\" \/>\n<meta property=\"og:description\" content=\"Booster puissant anti\u00e2ge pour tous les types de peaux. Le s\u00e9rum contient trois facteurs de croissance cellulaire (3GF) encapsul\u00e9s dans des liposomes pour assurer l\u2019absorption dans toutes les structures \u00e9pidermiques. Il stimule la production des cellules cutan\u00e9es, raffermit et renforce la peau, affine les contours du visage et diminue les rides pour un look juv\u00e9nile [&hellip;]\" \/>\n<meta property=\"og:url\" content=\"https:\/\/districos.standingout.be\/fr\/product\/anesi-cellular-3-serum-ameliorant-30-ml-ref-4181-02\/\" \/>\n<meta property=\"og:site_name\" content=\"Districos Webshop\" \/>\n<meta property=\"article:modified_time\" content=\"2026-04-28T00:16:37+00:00\" \/>\n<meta property=\"og:image\" content=\"https:\/\/districos.standingout.be\/wp-content\/uploads\/2025\/07\/4181.02@LowRes_1.png\" \/>\n\t<meta property=\"og:image:width\" content=\"600\" \/>\n\t<meta property=\"og:image:height\" content=\"600\" \/>\n\t<meta property=\"og:image:type\" content=\"image\/png\" \/>\n<meta name=\"twitter:card\" content=\"summary_large_image\" \/>\n<meta name=\"twitter:label1\" content=\"Dur\u00e9e de lecture estim\u00e9e\" \/>\n\t<meta name=\"twitter:data1\" content=\"1 minute\" \/>\n<script type=\"application\/ld+json\" class=\"yoast-schema-graph\">{\"@context\":\"https:\\\/\\\/schema.org\",\"@graph\":[{\"@type\":\"WebPage\",\"@id\":\"https:\\\/\\\/districos.standingout.be\\\/fr\\\/product\\\/anesi-cellular-3-serum-ameliorant-30-ml-ref-4181-02\\\/\",\"url\":\"https:\\\/\\\/districos.standingout.be\\\/fr\\\/product\\\/anesi-cellular-3-serum-ameliorant-30-ml-ref-4181-02\\\/\",\"name\":\"Anesi Cellular 3 S\u00e9rum Am\u00e9liorant 30 ml - Districos Webshop\",\"isPartOf\":{\"@id\":\"https:\\\/\\\/districos.standingout.be\\\/fr\\\/#website\"},\"primaryImageOfPage\":{\"@id\":\"https:\\\/\\\/districos.standingout.be\\\/fr\\\/product\\\/anesi-cellular-3-serum-ameliorant-30-ml-ref-4181-02\\\/#primaryimage\"},\"image\":{\"@id\":\"https:\\\/\\\/districos.standingout.be\\\/fr\\\/product\\\/anesi-cellular-3-serum-ameliorant-30-ml-ref-4181-02\\\/#primaryimage\"},\"thumbnailUrl\":\"https:\\\/\\\/districos.standingout.be\\\/wp-content\\\/uploads\\\/2025\\\/07\\\/4181.02@LowRes_1.png\",\"datePublished\":\"2026-04-28T00:16:34+00:00\",\"dateModified\":\"2026-04-28T00:16:37+00:00\",\"breadcrumb\":{\"@id\":\"https:\\\/\\\/districos.standingout.be\\\/fr\\\/product\\\/anesi-cellular-3-serum-ameliorant-30-ml-ref-4181-02\\\/#breadcrumb\"},\"inLanguage\":\"fr-FR\",\"potentialAction\":[{\"@type\":\"ReadAction\",\"target\":[\"https:\\\/\\\/districos.standingout.be\\\/fr\\\/product\\\/anesi-cellular-3-serum-ameliorant-30-ml-ref-4181-02\\\/\"]}]},{\"@type\":\"ImageObject\",\"inLanguage\":\"fr-FR\",\"@id\":\"https:\\\/\\\/districos.standingout.be\\\/fr\\\/product\\\/anesi-cellular-3-serum-ameliorant-30-ml-ref-4181-02\\\/#primaryimage\",\"url\":\"https:\\\/\\\/districos.standingout.be\\\/wp-content\\\/uploads\\\/2025\\\/07\\\/4181.02@LowRes_1.png\",\"contentUrl\":\"https:\\\/\\\/districos.standingout.be\\\/wp-content\\\/uploads\\\/2025\\\/07\\\/4181.02@LowRes_1.png\",\"width\":600,\"height\":600},{\"@type\":\"BreadcrumbList\",\"@id\":\"https:\\\/\\\/districos.standingout.be\\\/fr\\\/product\\\/anesi-cellular-3-serum-ameliorant-30-ml-ref-4181-02\\\/#breadcrumb\",\"itemListElement\":[{\"@type\":\"ListItem\",\"position\":1,\"name\":\"Home\",\"item\":\"https:\\\/\\\/districos.standingout.be\\\/fr\\\/bienvenue-chez-districos\\\/\"},{\"@type\":\"ListItem\",\"position\":2,\"name\":\"Boutique\",\"item\":\"https:\\\/\\\/districos.standingout.be\\\/fr\\\/boutique\\\/\"},{\"@type\":\"ListItem\",\"position\":3,\"name\":\"Anesi Cellular 3 S\u00e9rum Am\u00e9liorant 30 ml\"}]},{\"@type\":\"WebSite\",\"@id\":\"https:\\\/\\\/districos.standingout.be\\\/fr\\\/#website\",\"url\":\"https:\\\/\\\/districos.standingout.be\\\/fr\\\/\",\"name\":\"Districos Webshop\",\"description\":\"\",\"publisher\":{\"@id\":\"https:\\\/\\\/districos.standingout.be\\\/fr\\\/#organization\"},\"potentialAction\":[{\"@type\":\"SearchAction\",\"target\":{\"@type\":\"EntryPoint\",\"urlTemplate\":\"https:\\\/\\\/districos.standingout.be\\\/fr\\\/?s={search_term_string}\"},\"query-input\":{\"@type\":\"PropertyValueSpecification\",\"valueRequired\":true,\"valueName\":\"search_term_string\"}}],\"inLanguage\":\"fr-FR\"},{\"@type\":\"Organization\",\"@id\":\"https:\\\/\\\/districos.standingout.be\\\/fr\\\/#organization\",\"name\":\"Districos Webshop\",\"url\":\"https:\\\/\\\/districos.standingout.be\\\/fr\\\/\",\"logo\":{\"@type\":\"ImageObject\",\"inLanguage\":\"fr-FR\",\"@id\":\"https:\\\/\\\/districos.standingout.be\\\/fr\\\/#\\\/schema\\\/logo\\\/image\\\/\",\"url\":\"https:\\\/\\\/districos.standingout.be\\\/wp-content\\\/uploads\\\/2022\\\/09\\\/Districos_Logo_Webshop.svg\",\"contentUrl\":\"https:\\\/\\\/districos.standingout.be\\\/wp-content\\\/uploads\\\/2022\\\/09\\\/Districos_Logo_Webshop.svg\",\"caption\":\"Districos Webshop\"},\"image\":{\"@id\":\"https:\\\/\\\/districos.standingout.be\\\/fr\\\/#\\\/schema\\\/logo\\\/image\\\/\"}}]}<\/script>\n<!-- \/ Yoast SEO plugin. -->","yoast_head_json":{"title":"Anesi Cellular 3 S\u00e9rum Am\u00e9liorant 30 ml - Districos Webshop","robots":{"index":"noindex","follow":"follow","max-snippet":"max-snippet:-1","max-image-preview":"max-image-preview:large","max-video-preview":"max-video-preview:-1"},"og_locale":"fr_FR","og_type":"article","og_title":"Anesi Cellular 3 S\u00e9rum Am\u00e9liorant 30 ml - Districos Webshop","og_description":"Booster puissant anti\u00e2ge pour tous les types de peaux. Le s\u00e9rum contient trois facteurs de croissance cellulaire (3GF) encapsul\u00e9s dans des liposomes pour assurer l\u2019absorption dans toutes les structures \u00e9pidermiques. Il stimule la production des cellules cutan\u00e9es, raffermit et renforce la peau, affine les contours du visage et diminue les rides pour un look juv\u00e9nile [&hellip;]","og_url":"https:\/\/districos.standingout.be\/fr\/product\/anesi-cellular-3-serum-ameliorant-30-ml-ref-4181-02\/","og_site_name":"Districos Webshop","article_modified_time":"2026-04-28T00:16:37+00:00","og_image":[{"width":600,"height":600,"url":"https:\/\/districos.standingout.be\/wp-content\/uploads\/2025\/07\/4181.02@LowRes_1.png","type":"image\/png"}],"twitter_card":"summary_large_image","twitter_misc":{"Dur\u00e9e de lecture estim\u00e9e":"1 minute"},"schema":{"@context":"https:\/\/schema.org","@graph":[{"@type":"WebPage","@id":"https:\/\/districos.standingout.be\/fr\/product\/anesi-cellular-3-serum-ameliorant-30-ml-ref-4181-02\/","url":"https:\/\/districos.standingout.be\/fr\/product\/anesi-cellular-3-serum-ameliorant-30-ml-ref-4181-02\/","name":"Anesi Cellular 3 S\u00e9rum Am\u00e9liorant 30 ml - Districos Webshop","isPartOf":{"@id":"https:\/\/districos.standingout.be\/fr\/#website"},"primaryImageOfPage":{"@id":"https:\/\/districos.standingout.be\/fr\/product\/anesi-cellular-3-serum-ameliorant-30-ml-ref-4181-02\/#primaryimage"},"image":{"@id":"https:\/\/districos.standingout.be\/fr\/product\/anesi-cellular-3-serum-ameliorant-30-ml-ref-4181-02\/#primaryimage"},"thumbnailUrl":"https:\/\/districos.standingout.be\/wp-content\/uploads\/2025\/07\/4181.02@LowRes_1.png","datePublished":"2026-04-28T00:16:34+00:00","dateModified":"2026-04-28T00:16:37+00:00","breadcrumb":{"@id":"https:\/\/districos.standingout.be\/fr\/product\/anesi-cellular-3-serum-ameliorant-30-ml-ref-4181-02\/#breadcrumb"},"inLanguage":"fr-FR","potentialAction":[{"@type":"ReadAction","target":["https:\/\/districos.standingout.be\/fr\/product\/anesi-cellular-3-serum-ameliorant-30-ml-ref-4181-02\/"]}]},{"@type":"ImageObject","inLanguage":"fr-FR","@id":"https:\/\/districos.standingout.be\/fr\/product\/anesi-cellular-3-serum-ameliorant-30-ml-ref-4181-02\/#primaryimage","url":"https:\/\/districos.standingout.be\/wp-content\/uploads\/2025\/07\/4181.02@LowRes_1.png","contentUrl":"https:\/\/districos.standingout.be\/wp-content\/uploads\/2025\/07\/4181.02@LowRes_1.png","width":600,"height":600},{"@type":"BreadcrumbList","@id":"https:\/\/districos.standingout.be\/fr\/product\/anesi-cellular-3-serum-ameliorant-30-ml-ref-4181-02\/#breadcrumb","itemListElement":[{"@type":"ListItem","position":1,"name":"Home","item":"https:\/\/districos.standingout.be\/fr\/bienvenue-chez-districos\/"},{"@type":"ListItem","position":2,"name":"Boutique","item":"https:\/\/districos.standingout.be\/fr\/boutique\/"},{"@type":"ListItem","position":3,"name":"Anesi Cellular 3 S\u00e9rum Am\u00e9liorant 30 ml"}]},{"@type":"WebSite","@id":"https:\/\/districos.standingout.be\/fr\/#website","url":"https:\/\/districos.standingout.be\/fr\/","name":"Districos Webshop","description":"","publisher":{"@id":"https:\/\/districos.standingout.be\/fr\/#organization"},"potentialAction":[{"@type":"SearchAction","target":{"@type":"EntryPoint","urlTemplate":"https:\/\/districos.standingout.be\/fr\/?s={search_term_string}"},"query-input":{"@type":"PropertyValueSpecification","valueRequired":true,"valueName":"search_term_string"}}],"inLanguage":"fr-FR"},{"@type":"Organization","@id":"https:\/\/districos.standingout.be\/fr\/#organization","name":"Districos Webshop","url":"https:\/\/districos.standingout.be\/fr\/","logo":{"@type":"ImageObject","inLanguage":"fr-FR","@id":"https:\/\/districos.standingout.be\/fr\/#\/schema\/logo\/image\/","url":"https:\/\/districos.standingout.be\/wp-content\/uploads\/2022\/09\/Districos_Logo_Webshop.svg","contentUrl":"https:\/\/districos.standingout.be\/wp-content\/uploads\/2022\/09\/Districos_Logo_Webshop.svg","caption":"Districos Webshop"},"image":{"@id":"https:\/\/districos.standingout.be\/fr\/#\/schema\/logo\/image\/"}}]}},"_links":{"self":[{"href":"https:\/\/districos.standingout.be\/fr\/wp-json\/wp\/v2\/product\/134343","targetHints":{"allow":["GET"]}}],"collection":[{"href":"https:\/\/districos.standingout.be\/fr\/wp-json\/wp\/v2\/product"}],"about":[{"href":"https:\/\/districos.standingout.be\/fr\/wp-json\/wp\/v2\/types\/product"}],"replies":[{"embeddable":true,"href":"https:\/\/districos.standingout.be\/fr\/wp-json\/wp\/v2\/comments?post=134343"}],"wp:featuredmedia":[{"embeddable":true,"href":"https:\/\/districos.standingout.be\/fr\/wp-json\/wp\/v2\/media\/71030"}],"wp:attachment":[{"href":"https:\/\/districos.standingout.be\/fr\/wp-json\/wp\/v2\/media?parent=134343"}],"wp:term":[{"taxonomy":"product_brand","embeddable":true,"href":"https:\/\/districos.standingout.be\/fr\/wp-json\/wp\/v2\/product_brand?post=134343"},{"taxonomy":"product_cat","embeddable":true,"href":"https:\/\/districos.standingout.be\/fr\/wp-json\/wp\/v2\/product_cat?post=134343"},{"taxonomy":"product_tag","embeddable":true,"href":"https:\/\/districos.standingout.be\/fr\/wp-json\/wp\/v2\/product_tag?post=134343"}],"curies":[{"name":"wp","href":"https:\/\/api.w.org\/{rel}","templated":true}]}}