{"id":134345,"date":"2026-04-28T02:16:38","date_gmt":"2026-04-28T00:16:38","guid":{"rendered":"https:\/\/webshopdistricoscom.webhosting.be\/product\/anesi-cellular-3-renewal-cream-50-ml-ref-4181-03-2\/"},"modified":"2026-04-28T02:16:41","modified_gmt":"2026-04-28T00:16:41","slug":"anesi-cellular-3-renewal-cream-50-ml-ref-4181-03","status":"publish","type":"product","link":"https:\/\/districos.standingout.be\/fr\/product\/anesi-cellular-3-renewal-cream-50-ml-ref-4181-03\/","title":{"rendered":"Anesi Cellular 3 Renewal Cream 50 ml"},"content":{"rendered":"<p >\n<\/p>\n<\/p>\n<\/p>\n<p dir=\"ltr\">Cr\u00e8me visage riche \u00e0 la texture l\u00e9g\u00e8re et velout\u00e9e qui traite tous les sympt\u00f4mes du vieillissement cutan\u00e9 (rides, peau terne, sensibilit\u00e9, texture irr\u00e9guli\u00e8re) et qui prot\u00e8ge contre les dommages caus\u00e9s par les radicaux libres. Sa formule cosm\u00e9ceutique unique \u00e0 base de Prog\u00e9line\u2122, d\u2019extrait de malt et de facteurs de croissance cellulaire (3GF) apporte un raffermissement des contours du visage, une att\u00e9nuation visible des taches pigmentaires, une diminution des rides et une hydratation de la peau de longue dur\u00e9e.<\/p>\n<p dir=\"ltr\">\n<ul>\n<li>Ingr\u00e9dients actifs : Progeline\u2122, extrait de malt, facteurs de croissance \u00e9pidermiques (GM-CSF, TGF et EGF), Br\u00e8de mafane.<\/li>\n<li>Emballage : 50 ml.<\/li>\n<\/ul>\n<div><b>Mode d&#8217;emploi<\/b><\/div>\n<div><span>Appliquez quotidiennement sur le visage et le cou nettoy\u00e9s apr\u00e8s le <u><a href=\"https:\/\/districos.com\/ProductDetail\/4181.02\" target=\"_blank\" rel=\"noopener noreferrer nofollow\">3GF Cellular Booster<\/a><\/u>. \u00c9vitez le contour des yeux et les l\u00e8vres.<\/span><\/div>\n<div><b><br \/><\/b><\/div>\n<div><b>Aussi disponible<\/b><\/div>\n<div>\n<ul>\n<li><span>\u00c9chantillon de 3 ml (<u><a href=\"https:\/\/districos.com\/ProductDetail\/9475.37\" target=\"_blank\" rel=\"noopener noreferrer nofollow\">r\u00e9f. 9475.37<\/a><\/u>)<\/span><\/li>\n<li>Anesi Lab Cellular 3 Glycolic Peel 30 ml (r\u00e9f.&nbsp;<a href=\"https:\/\/webshop.districos.com\/ProductDetail\/4181.01\" target=\"_blank\" rel=\"noopener noreferrer nofollow\"> 4181.01<\/a>)<\/li>\n<li>Anesi Lab 3GF Cellular Booster 30 ml (r\u00e9f.&nbsp;<a href=\"https:\/\/webshop.districos.com\/ProductDetail\/4181.02\" target=\"_blank\" rel=\"noopener noreferrer nofollow\"> 4181.02<\/a>)<\/li>\n<\/ul>\n<\/div><\/p>\n","protected":false},"excerpt":{"rendered":"<p>Cr\u00e8me visage riche \u00e0 la texture l\u00e9g\u00e8re et velout\u00e9e qui traite tous les sympt\u00f4mes du vieillissement cutan\u00e9 (rides, peau terne, sensibilit\u00e9, texture irr\u00e9guli\u00e8re) et qui prot\u00e8ge contre les dommages caus\u00e9s par les radicaux libres. Sa formule cosm\u00e9ceutique unique \u00e0 base de Prog\u00e9line\u2122, d\u2019extrait de malt et de facteurs de croissance cellulaire (3GF) apporte un raffermissement [&hellip;]<\/p>\n","protected":false},"featured_media":71033,"comment_status":"open","ping_status":"closed","template":"","meta":{"_acf_changed":false},"product_brand":[10280],"product_cat":[9858],"product_tag":[],"class_list":{"0":"post-134345","1":"product","2":"type-product","3":"status-publish","4":"has-post-thumbnail","6":"product_brand-anesi-fr","7":"product_cat-beaute-visage-anesi-visage","9":"first","10":"instock","11":"taxable","12":"shipping-taxable","13":"product-type-simple"},"acf":[],"yoast_head":"<!-- This site is optimized with the Yoast SEO plugin v27.3 - https:\/\/yoast.com\/product\/yoast-seo-wordpress\/ -->\n<title>Anesi Cellular 3 Renewal Cream 50 ml - Districos Webshop<\/title>\n<meta name=\"robots\" content=\"noindex, follow, max-snippet:-1, max-image-preview:large, max-video-preview:-1\" \/>\n<meta property=\"og:locale\" content=\"fr_FR\" \/>\n<meta property=\"og:type\" content=\"article\" \/>\n<meta property=\"og:title\" content=\"Anesi Cellular 3 Renewal Cream 50 ml - Districos Webshop\" \/>\n<meta property=\"og:description\" content=\"Cr\u00e8me visage riche \u00e0 la texture l\u00e9g\u00e8re et velout\u00e9e qui traite tous les sympt\u00f4mes du vieillissement cutan\u00e9 (rides, peau terne, sensibilit\u00e9, texture irr\u00e9guli\u00e8re) et qui prot\u00e8ge contre les dommages caus\u00e9s par les radicaux libres. Sa formule cosm\u00e9ceutique unique \u00e0 base de Prog\u00e9line\u2122, d\u2019extrait de malt et de facteurs de croissance cellulaire (3GF) apporte un raffermissement [&hellip;]\" \/>\n<meta property=\"og:url\" content=\"https:\/\/districos.standingout.be\/fr\/product\/anesi-cellular-3-renewal-cream-50-ml-ref-4181-03\/\" \/>\n<meta property=\"og:site_name\" content=\"Districos Webshop\" \/>\n<meta property=\"article:modified_time\" content=\"2026-04-28T00:16:41+00:00\" \/>\n<meta property=\"og:image\" content=\"https:\/\/districos.standingout.be\/wp-content\/uploads\/2025\/07\/4181.03@LowRes_1.png\" \/>\n\t<meta property=\"og:image:width\" content=\"600\" \/>\n\t<meta property=\"og:image:height\" content=\"600\" \/>\n\t<meta property=\"og:image:type\" content=\"image\/png\" \/>\n<meta name=\"twitter:card\" content=\"summary_large_image\" \/>\n<meta name=\"twitter:label1\" content=\"Dur\u00e9e de lecture estim\u00e9e\" \/>\n\t<meta name=\"twitter:data1\" content=\"1 minute\" \/>\n<script type=\"application\/ld+json\" class=\"yoast-schema-graph\">{\"@context\":\"https:\\\/\\\/schema.org\",\"@graph\":[{\"@type\":\"WebPage\",\"@id\":\"https:\\\/\\\/districos.standingout.be\\\/fr\\\/product\\\/anesi-cellular-3-renewal-cream-50-ml-ref-4181-03\\\/\",\"url\":\"https:\\\/\\\/districos.standingout.be\\\/fr\\\/product\\\/anesi-cellular-3-renewal-cream-50-ml-ref-4181-03\\\/\",\"name\":\"Anesi Cellular 3 Renewal Cream 50 ml - Districos Webshop\",\"isPartOf\":{\"@id\":\"https:\\\/\\\/districos.standingout.be\\\/fr\\\/#website\"},\"primaryImageOfPage\":{\"@id\":\"https:\\\/\\\/districos.standingout.be\\\/fr\\\/product\\\/anesi-cellular-3-renewal-cream-50-ml-ref-4181-03\\\/#primaryimage\"},\"image\":{\"@id\":\"https:\\\/\\\/districos.standingout.be\\\/fr\\\/product\\\/anesi-cellular-3-renewal-cream-50-ml-ref-4181-03\\\/#primaryimage\"},\"thumbnailUrl\":\"https:\\\/\\\/districos.standingout.be\\\/wp-content\\\/uploads\\\/2025\\\/07\\\/4181.03@LowRes_1.png\",\"datePublished\":\"2026-04-28T00:16:38+00:00\",\"dateModified\":\"2026-04-28T00:16:41+00:00\",\"breadcrumb\":{\"@id\":\"https:\\\/\\\/districos.standingout.be\\\/fr\\\/product\\\/anesi-cellular-3-renewal-cream-50-ml-ref-4181-03\\\/#breadcrumb\"},\"inLanguage\":\"fr-FR\",\"potentialAction\":[{\"@type\":\"ReadAction\",\"target\":[\"https:\\\/\\\/districos.standingout.be\\\/fr\\\/product\\\/anesi-cellular-3-renewal-cream-50-ml-ref-4181-03\\\/\"]}]},{\"@type\":\"ImageObject\",\"inLanguage\":\"fr-FR\",\"@id\":\"https:\\\/\\\/districos.standingout.be\\\/fr\\\/product\\\/anesi-cellular-3-renewal-cream-50-ml-ref-4181-03\\\/#primaryimage\",\"url\":\"https:\\\/\\\/districos.standingout.be\\\/wp-content\\\/uploads\\\/2025\\\/07\\\/4181.03@LowRes_1.png\",\"contentUrl\":\"https:\\\/\\\/districos.standingout.be\\\/wp-content\\\/uploads\\\/2025\\\/07\\\/4181.03@LowRes_1.png\",\"width\":600,\"height\":600},{\"@type\":\"BreadcrumbList\",\"@id\":\"https:\\\/\\\/districos.standingout.be\\\/fr\\\/product\\\/anesi-cellular-3-renewal-cream-50-ml-ref-4181-03\\\/#breadcrumb\",\"itemListElement\":[{\"@type\":\"ListItem\",\"position\":1,\"name\":\"Home\",\"item\":\"https:\\\/\\\/districos.standingout.be\\\/fr\\\/bienvenue-chez-districos\\\/\"},{\"@type\":\"ListItem\",\"position\":2,\"name\":\"Boutique\",\"item\":\"https:\\\/\\\/districos.standingout.be\\\/fr\\\/boutique\\\/\"},{\"@type\":\"ListItem\",\"position\":3,\"name\":\"Anesi Cellular 3 Renewal Cream 50 ml\"}]},{\"@type\":\"WebSite\",\"@id\":\"https:\\\/\\\/districos.standingout.be\\\/fr\\\/#website\",\"url\":\"https:\\\/\\\/districos.standingout.be\\\/fr\\\/\",\"name\":\"Districos Webshop\",\"description\":\"\",\"publisher\":{\"@id\":\"https:\\\/\\\/districos.standingout.be\\\/fr\\\/#organization\"},\"potentialAction\":[{\"@type\":\"SearchAction\",\"target\":{\"@type\":\"EntryPoint\",\"urlTemplate\":\"https:\\\/\\\/districos.standingout.be\\\/fr\\\/?s={search_term_string}\"},\"query-input\":{\"@type\":\"PropertyValueSpecification\",\"valueRequired\":true,\"valueName\":\"search_term_string\"}}],\"inLanguage\":\"fr-FR\"},{\"@type\":\"Organization\",\"@id\":\"https:\\\/\\\/districos.standingout.be\\\/fr\\\/#organization\",\"name\":\"Districos Webshop\",\"url\":\"https:\\\/\\\/districos.standingout.be\\\/fr\\\/\",\"logo\":{\"@type\":\"ImageObject\",\"inLanguage\":\"fr-FR\",\"@id\":\"https:\\\/\\\/districos.standingout.be\\\/fr\\\/#\\\/schema\\\/logo\\\/image\\\/\",\"url\":\"https:\\\/\\\/districos.standingout.be\\\/wp-content\\\/uploads\\\/2022\\\/09\\\/Districos_Logo_Webshop.svg\",\"contentUrl\":\"https:\\\/\\\/districos.standingout.be\\\/wp-content\\\/uploads\\\/2022\\\/09\\\/Districos_Logo_Webshop.svg\",\"caption\":\"Districos Webshop\"},\"image\":{\"@id\":\"https:\\\/\\\/districos.standingout.be\\\/fr\\\/#\\\/schema\\\/logo\\\/image\\\/\"}}]}<\/script>\n<!-- \/ Yoast SEO plugin. -->","yoast_head_json":{"title":"Anesi Cellular 3 Renewal Cream 50 ml - Districos Webshop","robots":{"index":"noindex","follow":"follow","max-snippet":"max-snippet:-1","max-image-preview":"max-image-preview:large","max-video-preview":"max-video-preview:-1"},"og_locale":"fr_FR","og_type":"article","og_title":"Anesi Cellular 3 Renewal Cream 50 ml - Districos Webshop","og_description":"Cr\u00e8me visage riche \u00e0 la texture l\u00e9g\u00e8re et velout\u00e9e qui traite tous les sympt\u00f4mes du vieillissement cutan\u00e9 (rides, peau terne, sensibilit\u00e9, texture irr\u00e9guli\u00e8re) et qui prot\u00e8ge contre les dommages caus\u00e9s par les radicaux libres. Sa formule cosm\u00e9ceutique unique \u00e0 base de Prog\u00e9line\u2122, d\u2019extrait de malt et de facteurs de croissance cellulaire (3GF) apporte un raffermissement [&hellip;]","og_url":"https:\/\/districos.standingout.be\/fr\/product\/anesi-cellular-3-renewal-cream-50-ml-ref-4181-03\/","og_site_name":"Districos Webshop","article_modified_time":"2026-04-28T00:16:41+00:00","og_image":[{"width":600,"height":600,"url":"https:\/\/districos.standingout.be\/wp-content\/uploads\/2025\/07\/4181.03@LowRes_1.png","type":"image\/png"}],"twitter_card":"summary_large_image","twitter_misc":{"Dur\u00e9e de lecture estim\u00e9e":"1 minute"},"schema":{"@context":"https:\/\/schema.org","@graph":[{"@type":"WebPage","@id":"https:\/\/districos.standingout.be\/fr\/product\/anesi-cellular-3-renewal-cream-50-ml-ref-4181-03\/","url":"https:\/\/districos.standingout.be\/fr\/product\/anesi-cellular-3-renewal-cream-50-ml-ref-4181-03\/","name":"Anesi Cellular 3 Renewal Cream 50 ml - Districos Webshop","isPartOf":{"@id":"https:\/\/districos.standingout.be\/fr\/#website"},"primaryImageOfPage":{"@id":"https:\/\/districos.standingout.be\/fr\/product\/anesi-cellular-3-renewal-cream-50-ml-ref-4181-03\/#primaryimage"},"image":{"@id":"https:\/\/districos.standingout.be\/fr\/product\/anesi-cellular-3-renewal-cream-50-ml-ref-4181-03\/#primaryimage"},"thumbnailUrl":"https:\/\/districos.standingout.be\/wp-content\/uploads\/2025\/07\/4181.03@LowRes_1.png","datePublished":"2026-04-28T00:16:38+00:00","dateModified":"2026-04-28T00:16:41+00:00","breadcrumb":{"@id":"https:\/\/districos.standingout.be\/fr\/product\/anesi-cellular-3-renewal-cream-50-ml-ref-4181-03\/#breadcrumb"},"inLanguage":"fr-FR","potentialAction":[{"@type":"ReadAction","target":["https:\/\/districos.standingout.be\/fr\/product\/anesi-cellular-3-renewal-cream-50-ml-ref-4181-03\/"]}]},{"@type":"ImageObject","inLanguage":"fr-FR","@id":"https:\/\/districos.standingout.be\/fr\/product\/anesi-cellular-3-renewal-cream-50-ml-ref-4181-03\/#primaryimage","url":"https:\/\/districos.standingout.be\/wp-content\/uploads\/2025\/07\/4181.03@LowRes_1.png","contentUrl":"https:\/\/districos.standingout.be\/wp-content\/uploads\/2025\/07\/4181.03@LowRes_1.png","width":600,"height":600},{"@type":"BreadcrumbList","@id":"https:\/\/districos.standingout.be\/fr\/product\/anesi-cellular-3-renewal-cream-50-ml-ref-4181-03\/#breadcrumb","itemListElement":[{"@type":"ListItem","position":1,"name":"Home","item":"https:\/\/districos.standingout.be\/fr\/bienvenue-chez-districos\/"},{"@type":"ListItem","position":2,"name":"Boutique","item":"https:\/\/districos.standingout.be\/fr\/boutique\/"},{"@type":"ListItem","position":3,"name":"Anesi Cellular 3 Renewal Cream 50 ml"}]},{"@type":"WebSite","@id":"https:\/\/districos.standingout.be\/fr\/#website","url":"https:\/\/districos.standingout.be\/fr\/","name":"Districos Webshop","description":"","publisher":{"@id":"https:\/\/districos.standingout.be\/fr\/#organization"},"potentialAction":[{"@type":"SearchAction","target":{"@type":"EntryPoint","urlTemplate":"https:\/\/districos.standingout.be\/fr\/?s={search_term_string}"},"query-input":{"@type":"PropertyValueSpecification","valueRequired":true,"valueName":"search_term_string"}}],"inLanguage":"fr-FR"},{"@type":"Organization","@id":"https:\/\/districos.standingout.be\/fr\/#organization","name":"Districos Webshop","url":"https:\/\/districos.standingout.be\/fr\/","logo":{"@type":"ImageObject","inLanguage":"fr-FR","@id":"https:\/\/districos.standingout.be\/fr\/#\/schema\/logo\/image\/","url":"https:\/\/districos.standingout.be\/wp-content\/uploads\/2022\/09\/Districos_Logo_Webshop.svg","contentUrl":"https:\/\/districos.standingout.be\/wp-content\/uploads\/2022\/09\/Districos_Logo_Webshop.svg","caption":"Districos Webshop"},"image":{"@id":"https:\/\/districos.standingout.be\/fr\/#\/schema\/logo\/image\/"}}]}},"_links":{"self":[{"href":"https:\/\/districos.standingout.be\/fr\/wp-json\/wp\/v2\/product\/134345","targetHints":{"allow":["GET"]}}],"collection":[{"href":"https:\/\/districos.standingout.be\/fr\/wp-json\/wp\/v2\/product"}],"about":[{"href":"https:\/\/districos.standingout.be\/fr\/wp-json\/wp\/v2\/types\/product"}],"replies":[{"embeddable":true,"href":"https:\/\/districos.standingout.be\/fr\/wp-json\/wp\/v2\/comments?post=134345"}],"wp:featuredmedia":[{"embeddable":true,"href":"https:\/\/districos.standingout.be\/fr\/wp-json\/wp\/v2\/media\/71033"}],"wp:attachment":[{"href":"https:\/\/districos.standingout.be\/fr\/wp-json\/wp\/v2\/media?parent=134345"}],"wp:term":[{"taxonomy":"product_brand","embeddable":true,"href":"https:\/\/districos.standingout.be\/fr\/wp-json\/wp\/v2\/product_brand?post=134345"},{"taxonomy":"product_cat","embeddable":true,"href":"https:\/\/districos.standingout.be\/fr\/wp-json\/wp\/v2\/product_cat?post=134345"},{"taxonomy":"product_tag","embeddable":true,"href":"https:\/\/districos.standingout.be\/fr\/wp-json\/wp\/v2\/product_tag?post=134345"}],"curies":[{"name":"wp","href":"https:\/\/api.w.org\/{rel}","templated":true}]}}