{"id":134347,"date":"2026-04-28T02:16:41","date_gmt":"2026-04-28T00:16:41","guid":{"rendered":"https:\/\/webshopdistricoscom.webhosting.be\/product\/anesi-man-secret-rejuvenating-serum-50-ml-ref-4191-11-2\/"},"modified":"2026-04-28T02:16:44","modified_gmt":"2026-04-28T00:16:44","slug":"anesi-man-secret-rejuvenating-serum-50-ml-ref-4191-11","status":"publish","type":"product","link":"https:\/\/districos.standingout.be\/fr\/product\/anesi-man-secret-rejuvenating-serum-50-ml-ref-4191-11\/","title":{"rendered":"Anesi Man Secret Rejuvenating Serum 50 ml"},"content":{"rendered":"<p >\n<\/p>\n<\/p>\n<p><font face=\"Verdana\" size=\"2\">Un agr\u00e9able s\u00e9rum et aftershave tout en un qui a un effet rafra\u00eechissant et anti\u00e2ge. Il contient l&rsquo;extrait de m\u00e9t\u00e9orite exclusif qui combat les premiers signes du vieillissement cutan\u00e9. Le s\u00e9rum est id\u00e9al comme aftershave gr\u00e2ce \u00e0 son agr\u00e9able effet rafra\u00eechissant apr\u00e8s la douche ou le rasage.<\/font><\/p>\n<\/p>\n<ul>\n<li><font face=\"Verdana\" size=\"2\">Convient \u00e0 tous les types de peaux, m\u00eame les plus sensibles.<\/font><\/li>\n<li><font face=\"Verdana\" size=\"2\">R\u00e9pare la peau et renforce la barri\u00e8re cutan\u00e9e naturelle.<\/font><\/li>\n<li><font face=\"Verdana\" size=\"2\">Augmente l&rsquo;\u00e9lasticit\u00e9 de la peau.<\/font><\/li>\n<li><font face=\"Verdana\" size=\"2\">R\u00e9duit la profondeur et le nombres des rides.<\/font><\/li>\n<li><font face=\"Verdana\" size=\"2\">Diminue visiblement les signes de fatigue et redonne de la vitalit\u00e9 \u00e0 la peau.<\/font><\/li>\n<li><font face=\"Verdana\" size=\"2\">Texture l\u00e9g\u00e8re non grasse qui est absorb\u00e9 imm\u00e9diatement pour une hydratation qui dure toute la journ\u00e9e.<\/font><\/li>\n<li><font face=\"Verdana\" size=\"2\">Id\u00e9al comme aftershave gr\u00e2ce \u00e0 son effet rafra\u00eechissant, apaisant et hydratant.<\/font><\/li>\n<li><font face=\"Verdana\" size=\"2\">Emballage : 50 ml.<\/font><\/li>\n<\/ul>\n<div><font size=\"2\"><b>Substances actives<\/b><\/font><\/div>\n<div>\n<ul>\n<li><font size=\"2\">L&rsquo;extrait de m\u00e9t\u00e9orite est riche en calcium, fer et magn\u00e9sium et a un niveau de perm\u00e9abilit\u00e9 de la peau inconnue jusqu&rsquo;alors dans d&rsquo;autres sources min\u00e9rales. Cet ingr\u00e9dient riche renforce, prot\u00e8ge, stimule la r\u00e9g\u00e9n\u00e9ration cellulaire en renfor\u00e7ant la barri\u00e8re cutan\u00e9e naturelle, tout en minimisant la formation des rides.<\/font><\/li>\n<li><font size=\"2\">L&rsquo;extrait de rhodochrosite prot\u00e8ge la peau des rayons UV.<\/font><\/li>\n<li><font size=\"2\">L&rsquo;extrait min\u00e9ral d&rsquo;olivine limite les signes de stress et de fatigue.<\/font><\/li>\n<li><font size=\"2\">L&rsquo;extrait min\u00e9ral de smithsonite est riche en zinc et aide \u00e0 r\u00e9duire l&rsquo;apparence de taches pigmentaires.<\/font><\/li>\n<li><font size=\"2\">L&rsquo;extrait de Br\u00e8de mafane lifte et corrige les fines rides d&rsquo;expression.<\/font><\/li>\n<li><font size=\"2\">Le Frescolat\u00ae a un effet rafra\u00eechissant.<\/font><\/li>\n<\/ul>\n<div><font size=\"2\"><b>Mode d&#8217;emploi<\/b><\/font><\/div>\n<\/div>\n<div><font size=\"2\">Appliquez quotidiennement sur le visage et le cou apr\u00e8s la douche et\/ou le rasage.<\/font><\/div>\n<div><font size=\"2\"><b>Aussi disponible<\/b><\/font><\/div>\n<div><font size=\"2\">\u00c9chantillon de 2 ml (<u><a href=\"https:\/\/districos.com\/ProductDetail\/9475.36\" target=\"_blank\" rel=\"noopener noreferrer nofollow\">r\u00e9f. 9475.36<\/a><\/u>)<\/font><\/div>\n<\/p>\n<p dir=\"ltr\"><\/p>\n","protected":false},"excerpt":{"rendered":"<p>Un agr\u00e9able s\u00e9rum et aftershave tout en un qui a un effet rafra\u00eechissant et anti\u00e2ge. Il contient l&rsquo;extrait de m\u00e9t\u00e9orite exclusif qui combat les premiers signes du vieillissement cutan\u00e9. Le s\u00e9rum est id\u00e9al comme aftershave gr\u00e2ce \u00e0 son agr\u00e9able effet rafra\u00eechissant apr\u00e8s la douche ou le rasage. Convient \u00e0 tous les types de peaux, m\u00eame [&hellip;]<\/p>\n","protected":false},"featured_media":71036,"comment_status":"open","ping_status":"closed","template":"","meta":{"_acf_changed":false},"product_brand":[10280],"product_cat":[9858],"product_tag":[],"class_list":{"0":"post-134347","1":"product","2":"type-product","3":"status-publish","4":"has-post-thumbnail","6":"product_brand-anesi-fr","7":"product_cat-beaute-visage-anesi-visage","9":"first","10":"instock","11":"taxable","12":"shipping-taxable","13":"product-type-simple"},"acf":[],"yoast_head":"<!-- This site is optimized with the Yoast SEO plugin v27.3 - https:\/\/yoast.com\/product\/yoast-seo-wordpress\/ -->\n<title>Anesi Man Secret Rejuvenating Serum 50 ml - Districos Webshop<\/title>\n<meta name=\"robots\" content=\"noindex, follow, max-snippet:-1, max-image-preview:large, max-video-preview:-1\" \/>\n<meta property=\"og:locale\" content=\"fr_FR\" \/>\n<meta property=\"og:type\" content=\"article\" \/>\n<meta property=\"og:title\" content=\"Anesi Man Secret Rejuvenating Serum 50 ml - Districos Webshop\" \/>\n<meta property=\"og:description\" content=\"Un agr\u00e9able s\u00e9rum et aftershave tout en un qui a un effet rafra\u00eechissant et anti\u00e2ge. Il contient l&rsquo;extrait de m\u00e9t\u00e9orite exclusif qui combat les premiers signes du vieillissement cutan\u00e9. Le s\u00e9rum est id\u00e9al comme aftershave gr\u00e2ce \u00e0 son agr\u00e9able effet rafra\u00eechissant apr\u00e8s la douche ou le rasage. Convient \u00e0 tous les types de peaux, m\u00eame [&hellip;]\" \/>\n<meta property=\"og:url\" content=\"https:\/\/districos.standingout.be\/fr\/product\/anesi-man-secret-rejuvenating-serum-50-ml-ref-4191-11\/\" \/>\n<meta property=\"og:site_name\" content=\"Districos Webshop\" \/>\n<meta property=\"article:modified_time\" content=\"2026-04-28T00:16:44+00:00\" \/>\n<meta property=\"og:image\" content=\"https:\/\/districos.standingout.be\/wp-content\/uploads\/2025\/07\/4191.11@LowRes_1_0.png\" \/>\n\t<meta property=\"og:image:width\" content=\"600\" \/>\n\t<meta property=\"og:image:height\" content=\"986\" \/>\n\t<meta property=\"og:image:type\" content=\"image\/png\" \/>\n<meta name=\"twitter:card\" content=\"summary_large_image\" \/>\n<meta name=\"twitter:label1\" content=\"Dur\u00e9e de lecture estim\u00e9e\" \/>\n\t<meta name=\"twitter:data1\" content=\"1 minute\" \/>\n<script type=\"application\/ld+json\" class=\"yoast-schema-graph\">{\"@context\":\"https:\\\/\\\/schema.org\",\"@graph\":[{\"@type\":\"WebPage\",\"@id\":\"https:\\\/\\\/districos.standingout.be\\\/fr\\\/product\\\/anesi-man-secret-rejuvenating-serum-50-ml-ref-4191-11\\\/\",\"url\":\"https:\\\/\\\/districos.standingout.be\\\/fr\\\/product\\\/anesi-man-secret-rejuvenating-serum-50-ml-ref-4191-11\\\/\",\"name\":\"Anesi Man Secret Rejuvenating Serum 50 ml - Districos Webshop\",\"isPartOf\":{\"@id\":\"https:\\\/\\\/districos.standingout.be\\\/fr\\\/#website\"},\"primaryImageOfPage\":{\"@id\":\"https:\\\/\\\/districos.standingout.be\\\/fr\\\/product\\\/anesi-man-secret-rejuvenating-serum-50-ml-ref-4191-11\\\/#primaryimage\"},\"image\":{\"@id\":\"https:\\\/\\\/districos.standingout.be\\\/fr\\\/product\\\/anesi-man-secret-rejuvenating-serum-50-ml-ref-4191-11\\\/#primaryimage\"},\"thumbnailUrl\":\"https:\\\/\\\/districos.standingout.be\\\/wp-content\\\/uploads\\\/2025\\\/07\\\/4191.11@LowRes_1_0.png\",\"datePublished\":\"2026-04-28T00:16:41+00:00\",\"dateModified\":\"2026-04-28T00:16:44+00:00\",\"breadcrumb\":{\"@id\":\"https:\\\/\\\/districos.standingout.be\\\/fr\\\/product\\\/anesi-man-secret-rejuvenating-serum-50-ml-ref-4191-11\\\/#breadcrumb\"},\"inLanguage\":\"fr-FR\",\"potentialAction\":[{\"@type\":\"ReadAction\",\"target\":[\"https:\\\/\\\/districos.standingout.be\\\/fr\\\/product\\\/anesi-man-secret-rejuvenating-serum-50-ml-ref-4191-11\\\/\"]}]},{\"@type\":\"ImageObject\",\"inLanguage\":\"fr-FR\",\"@id\":\"https:\\\/\\\/districos.standingout.be\\\/fr\\\/product\\\/anesi-man-secret-rejuvenating-serum-50-ml-ref-4191-11\\\/#primaryimage\",\"url\":\"https:\\\/\\\/districos.standingout.be\\\/wp-content\\\/uploads\\\/2025\\\/07\\\/4191.11@LowRes_1_0.png\",\"contentUrl\":\"https:\\\/\\\/districos.standingout.be\\\/wp-content\\\/uploads\\\/2025\\\/07\\\/4191.11@LowRes_1_0.png\",\"width\":600,\"height\":986},{\"@type\":\"BreadcrumbList\",\"@id\":\"https:\\\/\\\/districos.standingout.be\\\/fr\\\/product\\\/anesi-man-secret-rejuvenating-serum-50-ml-ref-4191-11\\\/#breadcrumb\",\"itemListElement\":[{\"@type\":\"ListItem\",\"position\":1,\"name\":\"Home\",\"item\":\"https:\\\/\\\/districos.standingout.be\\\/fr\\\/bienvenue-chez-districos\\\/\"},{\"@type\":\"ListItem\",\"position\":2,\"name\":\"Boutique\",\"item\":\"https:\\\/\\\/districos.standingout.be\\\/fr\\\/boutique\\\/\"},{\"@type\":\"ListItem\",\"position\":3,\"name\":\"Anesi Man Secret Rejuvenating Serum 50 ml\"}]},{\"@type\":\"WebSite\",\"@id\":\"https:\\\/\\\/districos.standingout.be\\\/fr\\\/#website\",\"url\":\"https:\\\/\\\/districos.standingout.be\\\/fr\\\/\",\"name\":\"Districos Webshop\",\"description\":\"\",\"publisher\":{\"@id\":\"https:\\\/\\\/districos.standingout.be\\\/fr\\\/#organization\"},\"potentialAction\":[{\"@type\":\"SearchAction\",\"target\":{\"@type\":\"EntryPoint\",\"urlTemplate\":\"https:\\\/\\\/districos.standingout.be\\\/fr\\\/?s={search_term_string}\"},\"query-input\":{\"@type\":\"PropertyValueSpecification\",\"valueRequired\":true,\"valueName\":\"search_term_string\"}}],\"inLanguage\":\"fr-FR\"},{\"@type\":\"Organization\",\"@id\":\"https:\\\/\\\/districos.standingout.be\\\/fr\\\/#organization\",\"name\":\"Districos Webshop\",\"url\":\"https:\\\/\\\/districos.standingout.be\\\/fr\\\/\",\"logo\":{\"@type\":\"ImageObject\",\"inLanguage\":\"fr-FR\",\"@id\":\"https:\\\/\\\/districos.standingout.be\\\/fr\\\/#\\\/schema\\\/logo\\\/image\\\/\",\"url\":\"https:\\\/\\\/districos.standingout.be\\\/wp-content\\\/uploads\\\/2022\\\/09\\\/Districos_Logo_Webshop.svg\",\"contentUrl\":\"https:\\\/\\\/districos.standingout.be\\\/wp-content\\\/uploads\\\/2022\\\/09\\\/Districos_Logo_Webshop.svg\",\"caption\":\"Districos Webshop\"},\"image\":{\"@id\":\"https:\\\/\\\/districos.standingout.be\\\/fr\\\/#\\\/schema\\\/logo\\\/image\\\/\"}}]}<\/script>\n<!-- \/ Yoast SEO plugin. -->","yoast_head_json":{"title":"Anesi Man Secret Rejuvenating Serum 50 ml - Districos Webshop","robots":{"index":"noindex","follow":"follow","max-snippet":"max-snippet:-1","max-image-preview":"max-image-preview:large","max-video-preview":"max-video-preview:-1"},"og_locale":"fr_FR","og_type":"article","og_title":"Anesi Man Secret Rejuvenating Serum 50 ml - Districos Webshop","og_description":"Un agr\u00e9able s\u00e9rum et aftershave tout en un qui a un effet rafra\u00eechissant et anti\u00e2ge. Il contient l&rsquo;extrait de m\u00e9t\u00e9orite exclusif qui combat les premiers signes du vieillissement cutan\u00e9. Le s\u00e9rum est id\u00e9al comme aftershave gr\u00e2ce \u00e0 son agr\u00e9able effet rafra\u00eechissant apr\u00e8s la douche ou le rasage. Convient \u00e0 tous les types de peaux, m\u00eame [&hellip;]","og_url":"https:\/\/districos.standingout.be\/fr\/product\/anesi-man-secret-rejuvenating-serum-50-ml-ref-4191-11\/","og_site_name":"Districos Webshop","article_modified_time":"2026-04-28T00:16:44+00:00","og_image":[{"width":600,"height":986,"url":"https:\/\/districos.standingout.be\/wp-content\/uploads\/2025\/07\/4191.11@LowRes_1_0.png","type":"image\/png"}],"twitter_card":"summary_large_image","twitter_misc":{"Dur\u00e9e de lecture estim\u00e9e":"1 minute"},"schema":{"@context":"https:\/\/schema.org","@graph":[{"@type":"WebPage","@id":"https:\/\/districos.standingout.be\/fr\/product\/anesi-man-secret-rejuvenating-serum-50-ml-ref-4191-11\/","url":"https:\/\/districos.standingout.be\/fr\/product\/anesi-man-secret-rejuvenating-serum-50-ml-ref-4191-11\/","name":"Anesi Man Secret Rejuvenating Serum 50 ml - Districos Webshop","isPartOf":{"@id":"https:\/\/districos.standingout.be\/fr\/#website"},"primaryImageOfPage":{"@id":"https:\/\/districos.standingout.be\/fr\/product\/anesi-man-secret-rejuvenating-serum-50-ml-ref-4191-11\/#primaryimage"},"image":{"@id":"https:\/\/districos.standingout.be\/fr\/product\/anesi-man-secret-rejuvenating-serum-50-ml-ref-4191-11\/#primaryimage"},"thumbnailUrl":"https:\/\/districos.standingout.be\/wp-content\/uploads\/2025\/07\/4191.11@LowRes_1_0.png","datePublished":"2026-04-28T00:16:41+00:00","dateModified":"2026-04-28T00:16:44+00:00","breadcrumb":{"@id":"https:\/\/districos.standingout.be\/fr\/product\/anesi-man-secret-rejuvenating-serum-50-ml-ref-4191-11\/#breadcrumb"},"inLanguage":"fr-FR","potentialAction":[{"@type":"ReadAction","target":["https:\/\/districos.standingout.be\/fr\/product\/anesi-man-secret-rejuvenating-serum-50-ml-ref-4191-11\/"]}]},{"@type":"ImageObject","inLanguage":"fr-FR","@id":"https:\/\/districos.standingout.be\/fr\/product\/anesi-man-secret-rejuvenating-serum-50-ml-ref-4191-11\/#primaryimage","url":"https:\/\/districos.standingout.be\/wp-content\/uploads\/2025\/07\/4191.11@LowRes_1_0.png","contentUrl":"https:\/\/districos.standingout.be\/wp-content\/uploads\/2025\/07\/4191.11@LowRes_1_0.png","width":600,"height":986},{"@type":"BreadcrumbList","@id":"https:\/\/districos.standingout.be\/fr\/product\/anesi-man-secret-rejuvenating-serum-50-ml-ref-4191-11\/#breadcrumb","itemListElement":[{"@type":"ListItem","position":1,"name":"Home","item":"https:\/\/districos.standingout.be\/fr\/bienvenue-chez-districos\/"},{"@type":"ListItem","position":2,"name":"Boutique","item":"https:\/\/districos.standingout.be\/fr\/boutique\/"},{"@type":"ListItem","position":3,"name":"Anesi Man Secret Rejuvenating Serum 50 ml"}]},{"@type":"WebSite","@id":"https:\/\/districos.standingout.be\/fr\/#website","url":"https:\/\/districos.standingout.be\/fr\/","name":"Districos Webshop","description":"","publisher":{"@id":"https:\/\/districos.standingout.be\/fr\/#organization"},"potentialAction":[{"@type":"SearchAction","target":{"@type":"EntryPoint","urlTemplate":"https:\/\/districos.standingout.be\/fr\/?s={search_term_string}"},"query-input":{"@type":"PropertyValueSpecification","valueRequired":true,"valueName":"search_term_string"}}],"inLanguage":"fr-FR"},{"@type":"Organization","@id":"https:\/\/districos.standingout.be\/fr\/#organization","name":"Districos Webshop","url":"https:\/\/districos.standingout.be\/fr\/","logo":{"@type":"ImageObject","inLanguage":"fr-FR","@id":"https:\/\/districos.standingout.be\/fr\/#\/schema\/logo\/image\/","url":"https:\/\/districos.standingout.be\/wp-content\/uploads\/2022\/09\/Districos_Logo_Webshop.svg","contentUrl":"https:\/\/districos.standingout.be\/wp-content\/uploads\/2022\/09\/Districos_Logo_Webshop.svg","caption":"Districos Webshop"},"image":{"@id":"https:\/\/districos.standingout.be\/fr\/#\/schema\/logo\/image\/"}}]}},"_links":{"self":[{"href":"https:\/\/districos.standingout.be\/fr\/wp-json\/wp\/v2\/product\/134347","targetHints":{"allow":["GET"]}}],"collection":[{"href":"https:\/\/districos.standingout.be\/fr\/wp-json\/wp\/v2\/product"}],"about":[{"href":"https:\/\/districos.standingout.be\/fr\/wp-json\/wp\/v2\/types\/product"}],"replies":[{"embeddable":true,"href":"https:\/\/districos.standingout.be\/fr\/wp-json\/wp\/v2\/comments?post=134347"}],"wp:featuredmedia":[{"embeddable":true,"href":"https:\/\/districos.standingout.be\/fr\/wp-json\/wp\/v2\/media\/71036"}],"wp:attachment":[{"href":"https:\/\/districos.standingout.be\/fr\/wp-json\/wp\/v2\/media?parent=134347"}],"wp:term":[{"taxonomy":"product_brand","embeddable":true,"href":"https:\/\/districos.standingout.be\/fr\/wp-json\/wp\/v2\/product_brand?post=134347"},{"taxonomy":"product_cat","embeddable":true,"href":"https:\/\/districos.standingout.be\/fr\/wp-json\/wp\/v2\/product_cat?post=134347"},{"taxonomy":"product_tag","embeddable":true,"href":"https:\/\/districos.standingout.be\/fr\/wp-json\/wp\/v2\/product_tag?post=134347"}],"curies":[{"name":"wp","href":"https:\/\/api.w.org\/{rel}","templated":true}]}}