{"id":134349,"date":"2026-04-28T02:16:45","date_gmt":"2026-04-28T00:16:45","guid":{"rendered":"https:\/\/webshopdistricoscom.webhosting.be\/product\/anesi-dermo-control-gel-mousse-500-ml-ref-4231\/"},"modified":"2026-04-28T02:16:48","modified_gmt":"2026-04-28T00:16:48","slug":"anesi-dermo-control-gel-mousse-500-ml-ref-4231","status":"publish","type":"product","link":"https:\/\/districos.standingout.be\/fr\/product\/anesi-dermo-control-gel-mousse-500-ml-ref-4231\/","title":{"rendered":"Anesi Dermo Control Gel Mousse 500 ml"},"content":{"rendered":"<p >\n<\/p>\n<\/p>\n<\/p>\n<\/p>\n<\/p>\n<\/p>\n<p><span lang=\"FR\">Gel nettoyant purifiant qui \u00e9limine le maquillage et les impuret\u00e9s, et \u00e9quilibre le niveau de s\u00e9bum pour une peau parfaitement propre. \u00c9mulsionnez le gel avec le Dermo Controle Lotion Contr\u00f4le jusqu&rsquo;\u00e0 cr\u00e9er une mousse et massez sur le visage et le cou. Rincez \u00e0 l&rsquo;eau et tonifiez avec la Dermo Controle Lotion Contr\u00f4le&nbsp;<\/span><span>afin de neutraliser le pH de la peau<\/span><span>.<\/span><\/p>\n<\/p>\n<ul>\n<li><span lang=\"FR\">Appropi\u00e9 pour la peau mixte \u00e0 grasse et la peau impure.<\/span><\/li>\n<li><span lang=\"FR\"><b>IMPORTANT <\/b>: \u00e0 diluer toujours avec la Dermo Controle Lotion Contr\u00f4le, \u00e0 savoir 5 pompes de Dermo Controle Balancing Gel Cleanser et 1 pompe de Dermo Controle Lotion Contr\u00f4le.<\/span><\/li>\n<li><span lang=\"FR\">Ingr\u00e9dients actifs : complexe \u00e0 base d&rsquo;extrait de racine d&rsquo;iris florentin, de vitamine A et de zinc.<\/span><\/li>\n<li><span lang=\"FR\">Emballage : 500 ml<\/span><\/li>\n<\/ul>\n<p><span lang=\"FR\"><b>\u00c9galement disponible :<\/b><o:p><\/o:p><\/span><\/p>\n<p dir=\"ltr\">\n<\/p>\n<ul>\n<li><span lang=\"FR\">Produit de vente de&nbsp;200 ml (r\u00e9f. <a href=\"https:\/\/webshop.districos.com\/ProductDetail\/4231\" target=\"_blank\" rel=\"noopener noreferrer nofollow\">4131<\/a>)<\/span><\/li>\n<\/ul><\/p>\n","protected":false},"excerpt":{"rendered":"<p>Gel nettoyant purifiant qui \u00e9limine le maquillage et les impuret\u00e9s, et \u00e9quilibre le niveau de s\u00e9bum pour une peau parfaitement propre. \u00c9mulsionnez le gel avec le Dermo Controle Lotion Contr\u00f4le jusqu&rsquo;\u00e0 cr\u00e9er une mousse et massez sur le visage et le cou. Rincez \u00e0 l&rsquo;eau et tonifiez avec la Dermo Controle Lotion Contr\u00f4le&nbsp;afin de neutraliser [&hellip;]<\/p>\n","protected":false},"featured_media":71039,"comment_status":"open","ping_status":"closed","template":"","meta":{"_acf_changed":false},"product_brand":[10280],"product_cat":[9858],"product_tag":[],"class_list":{"0":"post-134349","1":"product","2":"type-product","3":"status-publish","4":"has-post-thumbnail","6":"product_brand-anesi-fr","7":"product_cat-beaute-visage-anesi-visage","9":"first","10":"instock","11":"taxable","12":"shipping-taxable","13":"product-type-simple"},"acf":[],"yoast_head":"<!-- This site is optimized with the Yoast SEO plugin v27.3 - https:\/\/yoast.com\/product\/yoast-seo-wordpress\/ -->\n<title>Anesi Dermo Control Gel Mousse 500 ml - Districos Webshop<\/title>\n<meta name=\"robots\" content=\"noindex, follow, max-snippet:-1, max-image-preview:large, max-video-preview:-1\" \/>\n<meta property=\"og:locale\" content=\"fr_FR\" \/>\n<meta property=\"og:type\" content=\"article\" \/>\n<meta property=\"og:title\" content=\"Anesi Dermo Control Gel Mousse 500 ml - Districos Webshop\" \/>\n<meta property=\"og:description\" content=\"Gel nettoyant purifiant qui \u00e9limine le maquillage et les impuret\u00e9s, et \u00e9quilibre le niveau de s\u00e9bum pour une peau parfaitement propre. \u00c9mulsionnez le gel avec le Dermo Controle Lotion Contr\u00f4le jusqu&rsquo;\u00e0 cr\u00e9er une mousse et massez sur le visage et le cou. Rincez \u00e0 l&rsquo;eau et tonifiez avec la Dermo Controle Lotion Contr\u00f4le&nbsp;afin de neutraliser [&hellip;]\" \/>\n<meta property=\"og:url\" content=\"https:\/\/districos.standingout.be\/fr\/product\/anesi-dermo-control-gel-mousse-500-ml-ref-4231\/\" \/>\n<meta property=\"og:site_name\" content=\"Districos Webshop\" \/>\n<meta property=\"article:modified_time\" content=\"2026-04-28T00:16:48+00:00\" \/>\n<meta property=\"og:image\" content=\"https:\/\/districos.standingout.be\/wp-content\/uploads\/2025\/07\/4231@LowRes_1.png\" \/>\n\t<meta property=\"og:image:width\" content=\"600\" \/>\n\t<meta property=\"og:image:height\" content=\"600\" \/>\n\t<meta property=\"og:image:type\" content=\"image\/png\" \/>\n<meta name=\"twitter:card\" content=\"summary_large_image\" \/>\n<meta name=\"twitter:label1\" content=\"Dur\u00e9e de lecture estim\u00e9e\" \/>\n\t<meta name=\"twitter:data1\" content=\"1 minute\" \/>\n<script type=\"application\/ld+json\" class=\"yoast-schema-graph\">{\"@context\":\"https:\\\/\\\/schema.org\",\"@graph\":[{\"@type\":\"WebPage\",\"@id\":\"https:\\\/\\\/districos.standingout.be\\\/fr\\\/product\\\/anesi-dermo-control-gel-mousse-500-ml-ref-4231\\\/\",\"url\":\"https:\\\/\\\/districos.standingout.be\\\/fr\\\/product\\\/anesi-dermo-control-gel-mousse-500-ml-ref-4231\\\/\",\"name\":\"Anesi Dermo Control Gel Mousse 500 ml - Districos Webshop\",\"isPartOf\":{\"@id\":\"https:\\\/\\\/districos.standingout.be\\\/fr\\\/#website\"},\"primaryImageOfPage\":{\"@id\":\"https:\\\/\\\/districos.standingout.be\\\/fr\\\/product\\\/anesi-dermo-control-gel-mousse-500-ml-ref-4231\\\/#primaryimage\"},\"image\":{\"@id\":\"https:\\\/\\\/districos.standingout.be\\\/fr\\\/product\\\/anesi-dermo-control-gel-mousse-500-ml-ref-4231\\\/#primaryimage\"},\"thumbnailUrl\":\"https:\\\/\\\/districos.standingout.be\\\/wp-content\\\/uploads\\\/2025\\\/07\\\/4231@LowRes_1.png\",\"datePublished\":\"2026-04-28T00:16:45+00:00\",\"dateModified\":\"2026-04-28T00:16:48+00:00\",\"breadcrumb\":{\"@id\":\"https:\\\/\\\/districos.standingout.be\\\/fr\\\/product\\\/anesi-dermo-control-gel-mousse-500-ml-ref-4231\\\/#breadcrumb\"},\"inLanguage\":\"fr-FR\",\"potentialAction\":[{\"@type\":\"ReadAction\",\"target\":[\"https:\\\/\\\/districos.standingout.be\\\/fr\\\/product\\\/anesi-dermo-control-gel-mousse-500-ml-ref-4231\\\/\"]}]},{\"@type\":\"ImageObject\",\"inLanguage\":\"fr-FR\",\"@id\":\"https:\\\/\\\/districos.standingout.be\\\/fr\\\/product\\\/anesi-dermo-control-gel-mousse-500-ml-ref-4231\\\/#primaryimage\",\"url\":\"https:\\\/\\\/districos.standingout.be\\\/wp-content\\\/uploads\\\/2025\\\/07\\\/4231@LowRes_1.png\",\"contentUrl\":\"https:\\\/\\\/districos.standingout.be\\\/wp-content\\\/uploads\\\/2025\\\/07\\\/4231@LowRes_1.png\",\"width\":600,\"height\":600},{\"@type\":\"BreadcrumbList\",\"@id\":\"https:\\\/\\\/districos.standingout.be\\\/fr\\\/product\\\/anesi-dermo-control-gel-mousse-500-ml-ref-4231\\\/#breadcrumb\",\"itemListElement\":[{\"@type\":\"ListItem\",\"position\":1,\"name\":\"Home\",\"item\":\"https:\\\/\\\/districos.standingout.be\\\/fr\\\/bienvenue-chez-districos\\\/\"},{\"@type\":\"ListItem\",\"position\":2,\"name\":\"Boutique\",\"item\":\"https:\\\/\\\/districos.standingout.be\\\/fr\\\/boutique\\\/\"},{\"@type\":\"ListItem\",\"position\":3,\"name\":\"Anesi Dermo Control Gel Mousse 500 ml\"}]},{\"@type\":\"WebSite\",\"@id\":\"https:\\\/\\\/districos.standingout.be\\\/fr\\\/#website\",\"url\":\"https:\\\/\\\/districos.standingout.be\\\/fr\\\/\",\"name\":\"Districos Webshop\",\"description\":\"\",\"publisher\":{\"@id\":\"https:\\\/\\\/districos.standingout.be\\\/fr\\\/#organization\"},\"potentialAction\":[{\"@type\":\"SearchAction\",\"target\":{\"@type\":\"EntryPoint\",\"urlTemplate\":\"https:\\\/\\\/districos.standingout.be\\\/fr\\\/?s={search_term_string}\"},\"query-input\":{\"@type\":\"PropertyValueSpecification\",\"valueRequired\":true,\"valueName\":\"search_term_string\"}}],\"inLanguage\":\"fr-FR\"},{\"@type\":\"Organization\",\"@id\":\"https:\\\/\\\/districos.standingout.be\\\/fr\\\/#organization\",\"name\":\"Districos Webshop\",\"url\":\"https:\\\/\\\/districos.standingout.be\\\/fr\\\/\",\"logo\":{\"@type\":\"ImageObject\",\"inLanguage\":\"fr-FR\",\"@id\":\"https:\\\/\\\/districos.standingout.be\\\/fr\\\/#\\\/schema\\\/logo\\\/image\\\/\",\"url\":\"https:\\\/\\\/districos.standingout.be\\\/wp-content\\\/uploads\\\/2022\\\/09\\\/Districos_Logo_Webshop.svg\",\"contentUrl\":\"https:\\\/\\\/districos.standingout.be\\\/wp-content\\\/uploads\\\/2022\\\/09\\\/Districos_Logo_Webshop.svg\",\"caption\":\"Districos Webshop\"},\"image\":{\"@id\":\"https:\\\/\\\/districos.standingout.be\\\/fr\\\/#\\\/schema\\\/logo\\\/image\\\/\"}}]}<\/script>\n<!-- \/ Yoast SEO plugin. -->","yoast_head_json":{"title":"Anesi Dermo Control Gel Mousse 500 ml - Districos Webshop","robots":{"index":"noindex","follow":"follow","max-snippet":"max-snippet:-1","max-image-preview":"max-image-preview:large","max-video-preview":"max-video-preview:-1"},"og_locale":"fr_FR","og_type":"article","og_title":"Anesi Dermo Control Gel Mousse 500 ml - Districos Webshop","og_description":"Gel nettoyant purifiant qui \u00e9limine le maquillage et les impuret\u00e9s, et \u00e9quilibre le niveau de s\u00e9bum pour une peau parfaitement propre. \u00c9mulsionnez le gel avec le Dermo Controle Lotion Contr\u00f4le jusqu&rsquo;\u00e0 cr\u00e9er une mousse et massez sur le visage et le cou. Rincez \u00e0 l&rsquo;eau et tonifiez avec la Dermo Controle Lotion Contr\u00f4le&nbsp;afin de neutraliser [&hellip;]","og_url":"https:\/\/districos.standingout.be\/fr\/product\/anesi-dermo-control-gel-mousse-500-ml-ref-4231\/","og_site_name":"Districos Webshop","article_modified_time":"2026-04-28T00:16:48+00:00","og_image":[{"width":600,"height":600,"url":"https:\/\/districos.standingout.be\/wp-content\/uploads\/2025\/07\/4231@LowRes_1.png","type":"image\/png"}],"twitter_card":"summary_large_image","twitter_misc":{"Dur\u00e9e de lecture estim\u00e9e":"1 minute"},"schema":{"@context":"https:\/\/schema.org","@graph":[{"@type":"WebPage","@id":"https:\/\/districos.standingout.be\/fr\/product\/anesi-dermo-control-gel-mousse-500-ml-ref-4231\/","url":"https:\/\/districos.standingout.be\/fr\/product\/anesi-dermo-control-gel-mousse-500-ml-ref-4231\/","name":"Anesi Dermo Control Gel Mousse 500 ml - Districos Webshop","isPartOf":{"@id":"https:\/\/districos.standingout.be\/fr\/#website"},"primaryImageOfPage":{"@id":"https:\/\/districos.standingout.be\/fr\/product\/anesi-dermo-control-gel-mousse-500-ml-ref-4231\/#primaryimage"},"image":{"@id":"https:\/\/districos.standingout.be\/fr\/product\/anesi-dermo-control-gel-mousse-500-ml-ref-4231\/#primaryimage"},"thumbnailUrl":"https:\/\/districos.standingout.be\/wp-content\/uploads\/2025\/07\/4231@LowRes_1.png","datePublished":"2026-04-28T00:16:45+00:00","dateModified":"2026-04-28T00:16:48+00:00","breadcrumb":{"@id":"https:\/\/districos.standingout.be\/fr\/product\/anesi-dermo-control-gel-mousse-500-ml-ref-4231\/#breadcrumb"},"inLanguage":"fr-FR","potentialAction":[{"@type":"ReadAction","target":["https:\/\/districos.standingout.be\/fr\/product\/anesi-dermo-control-gel-mousse-500-ml-ref-4231\/"]}]},{"@type":"ImageObject","inLanguage":"fr-FR","@id":"https:\/\/districos.standingout.be\/fr\/product\/anesi-dermo-control-gel-mousse-500-ml-ref-4231\/#primaryimage","url":"https:\/\/districos.standingout.be\/wp-content\/uploads\/2025\/07\/4231@LowRes_1.png","contentUrl":"https:\/\/districos.standingout.be\/wp-content\/uploads\/2025\/07\/4231@LowRes_1.png","width":600,"height":600},{"@type":"BreadcrumbList","@id":"https:\/\/districos.standingout.be\/fr\/product\/anesi-dermo-control-gel-mousse-500-ml-ref-4231\/#breadcrumb","itemListElement":[{"@type":"ListItem","position":1,"name":"Home","item":"https:\/\/districos.standingout.be\/fr\/bienvenue-chez-districos\/"},{"@type":"ListItem","position":2,"name":"Boutique","item":"https:\/\/districos.standingout.be\/fr\/boutique\/"},{"@type":"ListItem","position":3,"name":"Anesi Dermo Control Gel Mousse 500 ml"}]},{"@type":"WebSite","@id":"https:\/\/districos.standingout.be\/fr\/#website","url":"https:\/\/districos.standingout.be\/fr\/","name":"Districos Webshop","description":"","publisher":{"@id":"https:\/\/districos.standingout.be\/fr\/#organization"},"potentialAction":[{"@type":"SearchAction","target":{"@type":"EntryPoint","urlTemplate":"https:\/\/districos.standingout.be\/fr\/?s={search_term_string}"},"query-input":{"@type":"PropertyValueSpecification","valueRequired":true,"valueName":"search_term_string"}}],"inLanguage":"fr-FR"},{"@type":"Organization","@id":"https:\/\/districos.standingout.be\/fr\/#organization","name":"Districos Webshop","url":"https:\/\/districos.standingout.be\/fr\/","logo":{"@type":"ImageObject","inLanguage":"fr-FR","@id":"https:\/\/districos.standingout.be\/fr\/#\/schema\/logo\/image\/","url":"https:\/\/districos.standingout.be\/wp-content\/uploads\/2022\/09\/Districos_Logo_Webshop.svg","contentUrl":"https:\/\/districos.standingout.be\/wp-content\/uploads\/2022\/09\/Districos_Logo_Webshop.svg","caption":"Districos Webshop"},"image":{"@id":"https:\/\/districos.standingout.be\/fr\/#\/schema\/logo\/image\/"}}]}},"_links":{"self":[{"href":"https:\/\/districos.standingout.be\/fr\/wp-json\/wp\/v2\/product\/134349","targetHints":{"allow":["GET"]}}],"collection":[{"href":"https:\/\/districos.standingout.be\/fr\/wp-json\/wp\/v2\/product"}],"about":[{"href":"https:\/\/districos.standingout.be\/fr\/wp-json\/wp\/v2\/types\/product"}],"replies":[{"embeddable":true,"href":"https:\/\/districos.standingout.be\/fr\/wp-json\/wp\/v2\/comments?post=134349"}],"wp:featuredmedia":[{"embeddable":true,"href":"https:\/\/districos.standingout.be\/fr\/wp-json\/wp\/v2\/media\/71039"}],"wp:attachment":[{"href":"https:\/\/districos.standingout.be\/fr\/wp-json\/wp\/v2\/media?parent=134349"}],"wp:term":[{"taxonomy":"product_brand","embeddable":true,"href":"https:\/\/districos.standingout.be\/fr\/wp-json\/wp\/v2\/product_brand?post=134349"},{"taxonomy":"product_cat","embeddable":true,"href":"https:\/\/districos.standingout.be\/fr\/wp-json\/wp\/v2\/product_cat?post=134349"},{"taxonomy":"product_tag","embeddable":true,"href":"https:\/\/districos.standingout.be\/fr\/wp-json\/wp\/v2\/product_tag?post=134349"}],"curies":[{"name":"wp","href":"https:\/\/api.w.org\/{rel}","templated":true}]}}