{"id":134351,"date":"2026-04-28T02:16:48","date_gmt":"2026-04-28T00:16:48","guid":{"rendered":"https:\/\/webshopdistricoscom.webhosting.be\/product\/anesi-dermo-control-lotion-controle-500-ml-ref-4232\/"},"modified":"2026-04-28T02:16:51","modified_gmt":"2026-04-28T00:16:51","slug":"anesi-dermo-control-lotion-controle-500-ml-ref-4232","status":"publish","type":"product","link":"https:\/\/districos.standingout.be\/fr\/product\/anesi-dermo-control-lotion-controle-500-ml-ref-4232\/","title":{"rendered":"Anesi Dermo Control Lotion Contr\u00f4le 500 ml"},"content":{"rendered":"<p >\n<\/p>\n<\/p>\n<p dir=\"ltr\">Cette lotion tonifiante sans alcool s\u2019utilise apr\u00e8s le Gel Mousse pour compl\u00e9ter le nettoyage, pour r\u00e9tablir la valeur pH de la peau et pour r\u00e9guler la production de s\u00e9bum.<\/p>\n<p dir=\"ltr\">\n<ul>\n<li>Peut \u00e9galement \u00eatre m\u00e9lang\u00e9e avec la poudre <u><a href=\"https:\/\/districos.com\/ProductDetail\/4400.05\" target=\"_blank\" rel=\"noopener noreferrer nofollow\">Peeling Enzymatique Aqua Vital<\/a><\/u> pour un peeling enzymatique adapt\u00e9 aux besoins d\u2019une peau grasse.<\/li>\n<li>Ingr\u00e9dients actifs :<b>&nbsp;<\/b><span>Vidalys Oily Skin Complex, cytabol, extrait d\u2019iris, acide salicylique.<\/span><\/li>\n<li><span>Emballage : 500 ml.<\/span><\/li>\n<\/ul>\n<div><b>Aussi disponible<\/b><\/div>\n<div>\n<ul>\n<li>Flacon de vente de 200 ml (<u><a href=\"https:\/\/districos.com\/ProductDetail\/4132\" target=\"_blank\" rel=\"noopener noreferrer nofollow\">r\u00e9f. 4132<\/a><\/u>)<\/li>\n<\/ul>\n<\/div><\/p>\n","protected":false},"excerpt":{"rendered":"<p>Cette lotion tonifiante sans alcool s\u2019utilise apr\u00e8s le Gel Mousse pour compl\u00e9ter le nettoyage, pour r\u00e9tablir la valeur pH de la peau et pour r\u00e9guler la production de s\u00e9bum. Peut \u00e9galement \u00eatre m\u00e9lang\u00e9e avec la poudre Peeling Enzymatique Aqua Vital pour un peeling enzymatique adapt\u00e9 aux besoins d\u2019une peau grasse. Ingr\u00e9dients actifs :&nbsp;Vidalys Oily Skin [&hellip;]<\/p>\n","protected":false},"featured_media":71042,"comment_status":"open","ping_status":"closed","template":"","meta":{"_acf_changed":false},"product_brand":[10280],"product_cat":[9858],"product_tag":[],"class_list":{"0":"post-134351","1":"product","2":"type-product","3":"status-publish","4":"has-post-thumbnail","6":"product_brand-anesi-fr","7":"product_cat-beaute-visage-anesi-visage","9":"first","10":"instock","11":"taxable","12":"shipping-taxable","13":"product-type-simple"},"acf":[],"yoast_head":"<!-- This site is optimized with the Yoast SEO plugin v27.3 - https:\/\/yoast.com\/product\/yoast-seo-wordpress\/ -->\n<title>Anesi Dermo Control Lotion Contr\u00f4le 500 ml - Districos Webshop<\/title>\n<meta name=\"robots\" content=\"noindex, follow, max-snippet:-1, max-image-preview:large, max-video-preview:-1\" \/>\n<meta property=\"og:locale\" content=\"fr_FR\" \/>\n<meta property=\"og:type\" content=\"article\" \/>\n<meta property=\"og:title\" content=\"Anesi Dermo Control Lotion Contr\u00f4le 500 ml - Districos Webshop\" \/>\n<meta property=\"og:description\" content=\"Cette lotion tonifiante sans alcool s\u2019utilise apr\u00e8s le Gel Mousse pour compl\u00e9ter le nettoyage, pour r\u00e9tablir la valeur pH de la peau et pour r\u00e9guler la production de s\u00e9bum. Peut \u00e9galement \u00eatre m\u00e9lang\u00e9e avec la poudre Peeling Enzymatique Aqua Vital pour un peeling enzymatique adapt\u00e9 aux besoins d\u2019une peau grasse. Ingr\u00e9dients actifs :&nbsp;Vidalys Oily Skin [&hellip;]\" \/>\n<meta property=\"og:url\" content=\"https:\/\/districos.standingout.be\/fr\/product\/anesi-dermo-control-lotion-controle-500-ml-ref-4232\/\" \/>\n<meta property=\"og:site_name\" content=\"Districos Webshop\" \/>\n<meta property=\"article:modified_time\" content=\"2026-04-28T00:16:51+00:00\" \/>\n<meta property=\"og:image\" content=\"https:\/\/districos.standingout.be\/wp-content\/uploads\/2025\/07\/4232@LowRes_1.png\" \/>\n\t<meta property=\"og:image:width\" content=\"600\" \/>\n\t<meta property=\"og:image:height\" content=\"600\" \/>\n\t<meta property=\"og:image:type\" content=\"image\/png\" \/>\n<meta name=\"twitter:card\" content=\"summary_large_image\" \/>\n<script type=\"application\/ld+json\" class=\"yoast-schema-graph\">{\"@context\":\"https:\\\/\\\/schema.org\",\"@graph\":[{\"@type\":\"WebPage\",\"@id\":\"https:\\\/\\\/districos.standingout.be\\\/fr\\\/product\\\/anesi-dermo-control-lotion-controle-500-ml-ref-4232\\\/\",\"url\":\"https:\\\/\\\/districos.standingout.be\\\/fr\\\/product\\\/anesi-dermo-control-lotion-controle-500-ml-ref-4232\\\/\",\"name\":\"Anesi Dermo Control Lotion Contr\u00f4le 500 ml - Districos Webshop\",\"isPartOf\":{\"@id\":\"https:\\\/\\\/districos.standingout.be\\\/fr\\\/#website\"},\"primaryImageOfPage\":{\"@id\":\"https:\\\/\\\/districos.standingout.be\\\/fr\\\/product\\\/anesi-dermo-control-lotion-controle-500-ml-ref-4232\\\/#primaryimage\"},\"image\":{\"@id\":\"https:\\\/\\\/districos.standingout.be\\\/fr\\\/product\\\/anesi-dermo-control-lotion-controle-500-ml-ref-4232\\\/#primaryimage\"},\"thumbnailUrl\":\"https:\\\/\\\/districos.standingout.be\\\/wp-content\\\/uploads\\\/2025\\\/07\\\/4232@LowRes_1.png\",\"datePublished\":\"2026-04-28T00:16:48+00:00\",\"dateModified\":\"2026-04-28T00:16:51+00:00\",\"breadcrumb\":{\"@id\":\"https:\\\/\\\/districos.standingout.be\\\/fr\\\/product\\\/anesi-dermo-control-lotion-controle-500-ml-ref-4232\\\/#breadcrumb\"},\"inLanguage\":\"fr-FR\",\"potentialAction\":[{\"@type\":\"ReadAction\",\"target\":[\"https:\\\/\\\/districos.standingout.be\\\/fr\\\/product\\\/anesi-dermo-control-lotion-controle-500-ml-ref-4232\\\/\"]}]},{\"@type\":\"ImageObject\",\"inLanguage\":\"fr-FR\",\"@id\":\"https:\\\/\\\/districos.standingout.be\\\/fr\\\/product\\\/anesi-dermo-control-lotion-controle-500-ml-ref-4232\\\/#primaryimage\",\"url\":\"https:\\\/\\\/districos.standingout.be\\\/wp-content\\\/uploads\\\/2025\\\/07\\\/4232@LowRes_1.png\",\"contentUrl\":\"https:\\\/\\\/districos.standingout.be\\\/wp-content\\\/uploads\\\/2025\\\/07\\\/4232@LowRes_1.png\",\"width\":600,\"height\":600},{\"@type\":\"BreadcrumbList\",\"@id\":\"https:\\\/\\\/districos.standingout.be\\\/fr\\\/product\\\/anesi-dermo-control-lotion-controle-500-ml-ref-4232\\\/#breadcrumb\",\"itemListElement\":[{\"@type\":\"ListItem\",\"position\":1,\"name\":\"Home\",\"item\":\"https:\\\/\\\/districos.standingout.be\\\/fr\\\/bienvenue-chez-districos\\\/\"},{\"@type\":\"ListItem\",\"position\":2,\"name\":\"Boutique\",\"item\":\"https:\\\/\\\/districos.standingout.be\\\/fr\\\/boutique\\\/\"},{\"@type\":\"ListItem\",\"position\":3,\"name\":\"Anesi Dermo Control Lotion Contr\u00f4le 500 ml\"}]},{\"@type\":\"WebSite\",\"@id\":\"https:\\\/\\\/districos.standingout.be\\\/fr\\\/#website\",\"url\":\"https:\\\/\\\/districos.standingout.be\\\/fr\\\/\",\"name\":\"Districos Webshop\",\"description\":\"\",\"publisher\":{\"@id\":\"https:\\\/\\\/districos.standingout.be\\\/fr\\\/#organization\"},\"potentialAction\":[{\"@type\":\"SearchAction\",\"target\":{\"@type\":\"EntryPoint\",\"urlTemplate\":\"https:\\\/\\\/districos.standingout.be\\\/fr\\\/?s={search_term_string}\"},\"query-input\":{\"@type\":\"PropertyValueSpecification\",\"valueRequired\":true,\"valueName\":\"search_term_string\"}}],\"inLanguage\":\"fr-FR\"},{\"@type\":\"Organization\",\"@id\":\"https:\\\/\\\/districos.standingout.be\\\/fr\\\/#organization\",\"name\":\"Districos Webshop\",\"url\":\"https:\\\/\\\/districos.standingout.be\\\/fr\\\/\",\"logo\":{\"@type\":\"ImageObject\",\"inLanguage\":\"fr-FR\",\"@id\":\"https:\\\/\\\/districos.standingout.be\\\/fr\\\/#\\\/schema\\\/logo\\\/image\\\/\",\"url\":\"https:\\\/\\\/districos.standingout.be\\\/wp-content\\\/uploads\\\/2022\\\/09\\\/Districos_Logo_Webshop.svg\",\"contentUrl\":\"https:\\\/\\\/districos.standingout.be\\\/wp-content\\\/uploads\\\/2022\\\/09\\\/Districos_Logo_Webshop.svg\",\"caption\":\"Districos Webshop\"},\"image\":{\"@id\":\"https:\\\/\\\/districos.standingout.be\\\/fr\\\/#\\\/schema\\\/logo\\\/image\\\/\"}}]}<\/script>\n<!-- \/ Yoast SEO plugin. -->","yoast_head_json":{"title":"Anesi Dermo Control Lotion Contr\u00f4le 500 ml - Districos Webshop","robots":{"index":"noindex","follow":"follow","max-snippet":"max-snippet:-1","max-image-preview":"max-image-preview:large","max-video-preview":"max-video-preview:-1"},"og_locale":"fr_FR","og_type":"article","og_title":"Anesi Dermo Control Lotion Contr\u00f4le 500 ml - Districos Webshop","og_description":"Cette lotion tonifiante sans alcool s\u2019utilise apr\u00e8s le Gel Mousse pour compl\u00e9ter le nettoyage, pour r\u00e9tablir la valeur pH de la peau et pour r\u00e9guler la production de s\u00e9bum. Peut \u00e9galement \u00eatre m\u00e9lang\u00e9e avec la poudre Peeling Enzymatique Aqua Vital pour un peeling enzymatique adapt\u00e9 aux besoins d\u2019une peau grasse. Ingr\u00e9dients actifs :&nbsp;Vidalys Oily Skin [&hellip;]","og_url":"https:\/\/districos.standingout.be\/fr\/product\/anesi-dermo-control-lotion-controle-500-ml-ref-4232\/","og_site_name":"Districos Webshop","article_modified_time":"2026-04-28T00:16:51+00:00","og_image":[{"width":600,"height":600,"url":"https:\/\/districos.standingout.be\/wp-content\/uploads\/2025\/07\/4232@LowRes_1.png","type":"image\/png"}],"twitter_card":"summary_large_image","schema":{"@context":"https:\/\/schema.org","@graph":[{"@type":"WebPage","@id":"https:\/\/districos.standingout.be\/fr\/product\/anesi-dermo-control-lotion-controle-500-ml-ref-4232\/","url":"https:\/\/districos.standingout.be\/fr\/product\/anesi-dermo-control-lotion-controle-500-ml-ref-4232\/","name":"Anesi Dermo Control Lotion Contr\u00f4le 500 ml - Districos Webshop","isPartOf":{"@id":"https:\/\/districos.standingout.be\/fr\/#website"},"primaryImageOfPage":{"@id":"https:\/\/districos.standingout.be\/fr\/product\/anesi-dermo-control-lotion-controle-500-ml-ref-4232\/#primaryimage"},"image":{"@id":"https:\/\/districos.standingout.be\/fr\/product\/anesi-dermo-control-lotion-controle-500-ml-ref-4232\/#primaryimage"},"thumbnailUrl":"https:\/\/districos.standingout.be\/wp-content\/uploads\/2025\/07\/4232@LowRes_1.png","datePublished":"2026-04-28T00:16:48+00:00","dateModified":"2026-04-28T00:16:51+00:00","breadcrumb":{"@id":"https:\/\/districos.standingout.be\/fr\/product\/anesi-dermo-control-lotion-controle-500-ml-ref-4232\/#breadcrumb"},"inLanguage":"fr-FR","potentialAction":[{"@type":"ReadAction","target":["https:\/\/districos.standingout.be\/fr\/product\/anesi-dermo-control-lotion-controle-500-ml-ref-4232\/"]}]},{"@type":"ImageObject","inLanguage":"fr-FR","@id":"https:\/\/districos.standingout.be\/fr\/product\/anesi-dermo-control-lotion-controle-500-ml-ref-4232\/#primaryimage","url":"https:\/\/districos.standingout.be\/wp-content\/uploads\/2025\/07\/4232@LowRes_1.png","contentUrl":"https:\/\/districos.standingout.be\/wp-content\/uploads\/2025\/07\/4232@LowRes_1.png","width":600,"height":600},{"@type":"BreadcrumbList","@id":"https:\/\/districos.standingout.be\/fr\/product\/anesi-dermo-control-lotion-controle-500-ml-ref-4232\/#breadcrumb","itemListElement":[{"@type":"ListItem","position":1,"name":"Home","item":"https:\/\/districos.standingout.be\/fr\/bienvenue-chez-districos\/"},{"@type":"ListItem","position":2,"name":"Boutique","item":"https:\/\/districos.standingout.be\/fr\/boutique\/"},{"@type":"ListItem","position":3,"name":"Anesi Dermo Control Lotion Contr\u00f4le 500 ml"}]},{"@type":"WebSite","@id":"https:\/\/districos.standingout.be\/fr\/#website","url":"https:\/\/districos.standingout.be\/fr\/","name":"Districos Webshop","description":"","publisher":{"@id":"https:\/\/districos.standingout.be\/fr\/#organization"},"potentialAction":[{"@type":"SearchAction","target":{"@type":"EntryPoint","urlTemplate":"https:\/\/districos.standingout.be\/fr\/?s={search_term_string}"},"query-input":{"@type":"PropertyValueSpecification","valueRequired":true,"valueName":"search_term_string"}}],"inLanguage":"fr-FR"},{"@type":"Organization","@id":"https:\/\/districos.standingout.be\/fr\/#organization","name":"Districos Webshop","url":"https:\/\/districos.standingout.be\/fr\/","logo":{"@type":"ImageObject","inLanguage":"fr-FR","@id":"https:\/\/districos.standingout.be\/fr\/#\/schema\/logo\/image\/","url":"https:\/\/districos.standingout.be\/wp-content\/uploads\/2022\/09\/Districos_Logo_Webshop.svg","contentUrl":"https:\/\/districos.standingout.be\/wp-content\/uploads\/2022\/09\/Districos_Logo_Webshop.svg","caption":"Districos Webshop"},"image":{"@id":"https:\/\/districos.standingout.be\/fr\/#\/schema\/logo\/image\/"}}]}},"_links":{"self":[{"href":"https:\/\/districos.standingout.be\/fr\/wp-json\/wp\/v2\/product\/134351","targetHints":{"allow":["GET"]}}],"collection":[{"href":"https:\/\/districos.standingout.be\/fr\/wp-json\/wp\/v2\/product"}],"about":[{"href":"https:\/\/districos.standingout.be\/fr\/wp-json\/wp\/v2\/types\/product"}],"replies":[{"embeddable":true,"href":"https:\/\/districos.standingout.be\/fr\/wp-json\/wp\/v2\/comments?post=134351"}],"wp:featuredmedia":[{"embeddable":true,"href":"https:\/\/districos.standingout.be\/fr\/wp-json\/wp\/v2\/media\/71042"}],"wp:attachment":[{"href":"https:\/\/districos.standingout.be\/fr\/wp-json\/wp\/v2\/media?parent=134351"}],"wp:term":[{"taxonomy":"product_brand","embeddable":true,"href":"https:\/\/districos.standingout.be\/fr\/wp-json\/wp\/v2\/product_brand?post=134351"},{"taxonomy":"product_cat","embeddable":true,"href":"https:\/\/districos.standingout.be\/fr\/wp-json\/wp\/v2\/product_cat?post=134351"},{"taxonomy":"product_tag","embeddable":true,"href":"https:\/\/districos.standingout.be\/fr\/wp-json\/wp\/v2\/product_tag?post=134351"}],"curies":[{"name":"wp","href":"https:\/\/api.w.org\/{rel}","templated":true}]}}