{"id":134353,"date":"2026-04-28T02:16:52","date_gmt":"2026-04-28T00:16:52","guid":{"rendered":"https:\/\/webshopdistricoscom.webhosting.be\/product\/anesi-dermo-controle-dermo-purifiant-masque-500-g-ref-4234-2\/"},"modified":"2026-04-28T02:16:55","modified_gmt":"2026-04-28T00:16:55","slug":"anesi-dermo-controle-dermo-purifiant-masque-500-g-ref-4234","status":"publish","type":"product","link":"https:\/\/districos.standingout.be\/fr\/product\/anesi-dermo-controle-dermo-purifiant-masque-500-g-ref-4234\/","title":{"rendered":"Anesi Dermo Contr\u00f4le Dermo Purifiant Masque 500 g"},"content":{"rendered":"<p >\n<p dir=\"ltr\">Masque alginate qui absorbe les impuret\u00e9s et rafra\u00eechit et \u00e9claircit la peau. Il resserre les pores dilat\u00e9s et apaise les irritations cutan\u00e9es.<\/p>\n<p dir=\"ltr\">\n<ul>\n<li>La poudre doit \u00eatre m\u00e9lang\u00e9e \u00e0 la <u><a href=\"https:\/\/districos.com\/ProductDetail\/4235\" target=\"_blank\" rel=\"noopener noreferrer nofollow\">Lotion Active Dermo Contr\u00f4le<\/a><\/u> pour r\u00e9aliser ainsi un masque alginate.<\/li>\n<li>Ingr\u00e9dients actifs : extrait d&rsquo;Equisetum, kieselgur.<\/li>\n<li>Emballage : 500 g.<\/li>\n<\/ul>\n<div><b>Mode d&#8217;emploi<\/b><\/div>\n<div>\n<ul>\n<li>Ajoutez 30 g (6 cuill\u00e8res \u00e0 soupe rases) de Dermo Purifiant Masque \u00e0 70-90 ml de Lotion Active et m\u00e9langez \u00e9nergiquement durant 1 minute.<\/li>\n<li>\u00c9talez sur le cou et le visage.<\/li>\n<li>Le masque durcit, ce qui le rend facile \u00e0 enlever en une fois apr\u00e8s le temps d&rsquo;action.<\/li>\n<\/ul>\n<\/div>\n","protected":false},"excerpt":{"rendered":"<p>Masque alginate qui absorbe les impuret\u00e9s et rafra\u00eechit et \u00e9claircit la peau. Il resserre les pores dilat\u00e9s et apaise les irritations cutan\u00e9es. La poudre doit \u00eatre m\u00e9lang\u00e9e \u00e0 la Lotion Active Dermo Contr\u00f4le pour r\u00e9aliser ainsi un masque alginate. Ingr\u00e9dients actifs : extrait d&rsquo;Equisetum, kieselgur. Emballage : 500 g. Mode d&#8217;emploi Ajoutez 30 g (6 [&hellip;]<\/p>\n","protected":false},"featured_media":71045,"comment_status":"open","ping_status":"closed","template":"","meta":{"_acf_changed":false},"product_brand":[10280],"product_cat":[9858],"product_tag":[],"class_list":{"0":"post-134353","1":"product","2":"type-product","3":"status-publish","4":"has-post-thumbnail","6":"product_brand-anesi-fr","7":"product_cat-beaute-visage-anesi-visage","9":"first","10":"instock","11":"taxable","12":"shipping-taxable","13":"product-type-simple"},"acf":[],"yoast_head":"<!-- This site is optimized with the Yoast SEO plugin v27.3 - https:\/\/yoast.com\/product\/yoast-seo-wordpress\/ -->\n<title>Anesi Dermo Contr\u00f4le Dermo Purifiant Masque 500 g - Districos Webshop<\/title>\n<meta name=\"robots\" content=\"noindex, follow, max-snippet:-1, max-image-preview:large, max-video-preview:-1\" \/>\n<meta property=\"og:locale\" content=\"fr_FR\" \/>\n<meta property=\"og:type\" content=\"article\" \/>\n<meta property=\"og:title\" content=\"Anesi Dermo Contr\u00f4le Dermo Purifiant Masque 500 g - Districos Webshop\" \/>\n<meta property=\"og:description\" content=\"Masque alginate qui absorbe les impuret\u00e9s et rafra\u00eechit et \u00e9claircit la peau. Il resserre les pores dilat\u00e9s et apaise les irritations cutan\u00e9es. La poudre doit \u00eatre m\u00e9lang\u00e9e \u00e0 la Lotion Active Dermo Contr\u00f4le pour r\u00e9aliser ainsi un masque alginate. Ingr\u00e9dients actifs : extrait d&rsquo;Equisetum, kieselgur. Emballage : 500 g. Mode d&#8217;emploi Ajoutez 30 g (6 [&hellip;]\" \/>\n<meta property=\"og:url\" content=\"https:\/\/districos.standingout.be\/fr\/product\/anesi-dermo-controle-dermo-purifiant-masque-500-g-ref-4234\/\" \/>\n<meta property=\"og:site_name\" content=\"Districos Webshop\" \/>\n<meta property=\"article:modified_time\" content=\"2026-04-28T00:16:55+00:00\" \/>\n<meta property=\"og:image\" content=\"https:\/\/districos.standingout.be\/wp-content\/uploads\/2025\/07\/4234@LowRes_1_0.png\" \/>\n\t<meta property=\"og:image:width\" content=\"600\" \/>\n\t<meta property=\"og:image:height\" content=\"600\" \/>\n\t<meta property=\"og:image:type\" content=\"image\/png\" \/>\n<meta name=\"twitter:card\" content=\"summary_large_image\" \/>\n<meta name=\"twitter:label1\" content=\"Dur\u00e9e de lecture estim\u00e9e\" \/>\n\t<meta name=\"twitter:data1\" content=\"1 minute\" \/>\n<script type=\"application\/ld+json\" class=\"yoast-schema-graph\">{\"@context\":\"https:\\\/\\\/schema.org\",\"@graph\":[{\"@type\":\"WebPage\",\"@id\":\"https:\\\/\\\/districos.standingout.be\\\/fr\\\/product\\\/anesi-dermo-controle-dermo-purifiant-masque-500-g-ref-4234\\\/\",\"url\":\"https:\\\/\\\/districos.standingout.be\\\/fr\\\/product\\\/anesi-dermo-controle-dermo-purifiant-masque-500-g-ref-4234\\\/\",\"name\":\"Anesi Dermo Contr\u00f4le Dermo Purifiant Masque 500 g - Districos Webshop\",\"isPartOf\":{\"@id\":\"https:\\\/\\\/districos.standingout.be\\\/fr\\\/#website\"},\"primaryImageOfPage\":{\"@id\":\"https:\\\/\\\/districos.standingout.be\\\/fr\\\/product\\\/anesi-dermo-controle-dermo-purifiant-masque-500-g-ref-4234\\\/#primaryimage\"},\"image\":{\"@id\":\"https:\\\/\\\/districos.standingout.be\\\/fr\\\/product\\\/anesi-dermo-controle-dermo-purifiant-masque-500-g-ref-4234\\\/#primaryimage\"},\"thumbnailUrl\":\"https:\\\/\\\/districos.standingout.be\\\/wp-content\\\/uploads\\\/2025\\\/07\\\/4234@LowRes_1_0.png\",\"datePublished\":\"2026-04-28T00:16:52+00:00\",\"dateModified\":\"2026-04-28T00:16:55+00:00\",\"breadcrumb\":{\"@id\":\"https:\\\/\\\/districos.standingout.be\\\/fr\\\/product\\\/anesi-dermo-controle-dermo-purifiant-masque-500-g-ref-4234\\\/#breadcrumb\"},\"inLanguage\":\"fr-FR\",\"potentialAction\":[{\"@type\":\"ReadAction\",\"target\":[\"https:\\\/\\\/districos.standingout.be\\\/fr\\\/product\\\/anesi-dermo-controle-dermo-purifiant-masque-500-g-ref-4234\\\/\"]}]},{\"@type\":\"ImageObject\",\"inLanguage\":\"fr-FR\",\"@id\":\"https:\\\/\\\/districos.standingout.be\\\/fr\\\/product\\\/anesi-dermo-controle-dermo-purifiant-masque-500-g-ref-4234\\\/#primaryimage\",\"url\":\"https:\\\/\\\/districos.standingout.be\\\/wp-content\\\/uploads\\\/2025\\\/07\\\/4234@LowRes_1_0.png\",\"contentUrl\":\"https:\\\/\\\/districos.standingout.be\\\/wp-content\\\/uploads\\\/2025\\\/07\\\/4234@LowRes_1_0.png\",\"width\":600,\"height\":600},{\"@type\":\"BreadcrumbList\",\"@id\":\"https:\\\/\\\/districos.standingout.be\\\/fr\\\/product\\\/anesi-dermo-controle-dermo-purifiant-masque-500-g-ref-4234\\\/#breadcrumb\",\"itemListElement\":[{\"@type\":\"ListItem\",\"position\":1,\"name\":\"Home\",\"item\":\"https:\\\/\\\/districos.standingout.be\\\/fr\\\/bienvenue-chez-districos\\\/\"},{\"@type\":\"ListItem\",\"position\":2,\"name\":\"Boutique\",\"item\":\"https:\\\/\\\/districos.standingout.be\\\/fr\\\/boutique\\\/\"},{\"@type\":\"ListItem\",\"position\":3,\"name\":\"Anesi Dermo Contr\u00f4le Dermo Purifiant Masque 500 g\"}]},{\"@type\":\"WebSite\",\"@id\":\"https:\\\/\\\/districos.standingout.be\\\/fr\\\/#website\",\"url\":\"https:\\\/\\\/districos.standingout.be\\\/fr\\\/\",\"name\":\"Districos Webshop\",\"description\":\"\",\"publisher\":{\"@id\":\"https:\\\/\\\/districos.standingout.be\\\/fr\\\/#organization\"},\"potentialAction\":[{\"@type\":\"SearchAction\",\"target\":{\"@type\":\"EntryPoint\",\"urlTemplate\":\"https:\\\/\\\/districos.standingout.be\\\/fr\\\/?s={search_term_string}\"},\"query-input\":{\"@type\":\"PropertyValueSpecification\",\"valueRequired\":true,\"valueName\":\"search_term_string\"}}],\"inLanguage\":\"fr-FR\"},{\"@type\":\"Organization\",\"@id\":\"https:\\\/\\\/districos.standingout.be\\\/fr\\\/#organization\",\"name\":\"Districos Webshop\",\"url\":\"https:\\\/\\\/districos.standingout.be\\\/fr\\\/\",\"logo\":{\"@type\":\"ImageObject\",\"inLanguage\":\"fr-FR\",\"@id\":\"https:\\\/\\\/districos.standingout.be\\\/fr\\\/#\\\/schema\\\/logo\\\/image\\\/\",\"url\":\"https:\\\/\\\/districos.standingout.be\\\/wp-content\\\/uploads\\\/2022\\\/09\\\/Districos_Logo_Webshop.svg\",\"contentUrl\":\"https:\\\/\\\/districos.standingout.be\\\/wp-content\\\/uploads\\\/2022\\\/09\\\/Districos_Logo_Webshop.svg\",\"caption\":\"Districos Webshop\"},\"image\":{\"@id\":\"https:\\\/\\\/districos.standingout.be\\\/fr\\\/#\\\/schema\\\/logo\\\/image\\\/\"}}]}<\/script>\n<!-- \/ Yoast SEO plugin. -->","yoast_head_json":{"title":"Anesi Dermo Contr\u00f4le Dermo Purifiant Masque 500 g - Districos Webshop","robots":{"index":"noindex","follow":"follow","max-snippet":"max-snippet:-1","max-image-preview":"max-image-preview:large","max-video-preview":"max-video-preview:-1"},"og_locale":"fr_FR","og_type":"article","og_title":"Anesi Dermo Contr\u00f4le Dermo Purifiant Masque 500 g - Districos Webshop","og_description":"Masque alginate qui absorbe les impuret\u00e9s et rafra\u00eechit et \u00e9claircit la peau. Il resserre les pores dilat\u00e9s et apaise les irritations cutan\u00e9es. La poudre doit \u00eatre m\u00e9lang\u00e9e \u00e0 la Lotion Active Dermo Contr\u00f4le pour r\u00e9aliser ainsi un masque alginate. Ingr\u00e9dients actifs : extrait d&rsquo;Equisetum, kieselgur. Emballage : 500 g. Mode d&#8217;emploi Ajoutez 30 g (6 [&hellip;]","og_url":"https:\/\/districos.standingout.be\/fr\/product\/anesi-dermo-controle-dermo-purifiant-masque-500-g-ref-4234\/","og_site_name":"Districos Webshop","article_modified_time":"2026-04-28T00:16:55+00:00","og_image":[{"width":600,"height":600,"url":"https:\/\/districos.standingout.be\/wp-content\/uploads\/2025\/07\/4234@LowRes_1_0.png","type":"image\/png"}],"twitter_card":"summary_large_image","twitter_misc":{"Dur\u00e9e de lecture estim\u00e9e":"1 minute"},"schema":{"@context":"https:\/\/schema.org","@graph":[{"@type":"WebPage","@id":"https:\/\/districos.standingout.be\/fr\/product\/anesi-dermo-controle-dermo-purifiant-masque-500-g-ref-4234\/","url":"https:\/\/districos.standingout.be\/fr\/product\/anesi-dermo-controle-dermo-purifiant-masque-500-g-ref-4234\/","name":"Anesi Dermo Contr\u00f4le Dermo Purifiant Masque 500 g - Districos Webshop","isPartOf":{"@id":"https:\/\/districos.standingout.be\/fr\/#website"},"primaryImageOfPage":{"@id":"https:\/\/districos.standingout.be\/fr\/product\/anesi-dermo-controle-dermo-purifiant-masque-500-g-ref-4234\/#primaryimage"},"image":{"@id":"https:\/\/districos.standingout.be\/fr\/product\/anesi-dermo-controle-dermo-purifiant-masque-500-g-ref-4234\/#primaryimage"},"thumbnailUrl":"https:\/\/districos.standingout.be\/wp-content\/uploads\/2025\/07\/4234@LowRes_1_0.png","datePublished":"2026-04-28T00:16:52+00:00","dateModified":"2026-04-28T00:16:55+00:00","breadcrumb":{"@id":"https:\/\/districos.standingout.be\/fr\/product\/anesi-dermo-controle-dermo-purifiant-masque-500-g-ref-4234\/#breadcrumb"},"inLanguage":"fr-FR","potentialAction":[{"@type":"ReadAction","target":["https:\/\/districos.standingout.be\/fr\/product\/anesi-dermo-controle-dermo-purifiant-masque-500-g-ref-4234\/"]}]},{"@type":"ImageObject","inLanguage":"fr-FR","@id":"https:\/\/districos.standingout.be\/fr\/product\/anesi-dermo-controle-dermo-purifiant-masque-500-g-ref-4234\/#primaryimage","url":"https:\/\/districos.standingout.be\/wp-content\/uploads\/2025\/07\/4234@LowRes_1_0.png","contentUrl":"https:\/\/districos.standingout.be\/wp-content\/uploads\/2025\/07\/4234@LowRes_1_0.png","width":600,"height":600},{"@type":"BreadcrumbList","@id":"https:\/\/districos.standingout.be\/fr\/product\/anesi-dermo-controle-dermo-purifiant-masque-500-g-ref-4234\/#breadcrumb","itemListElement":[{"@type":"ListItem","position":1,"name":"Home","item":"https:\/\/districos.standingout.be\/fr\/bienvenue-chez-districos\/"},{"@type":"ListItem","position":2,"name":"Boutique","item":"https:\/\/districos.standingout.be\/fr\/boutique\/"},{"@type":"ListItem","position":3,"name":"Anesi Dermo Contr\u00f4le Dermo Purifiant Masque 500 g"}]},{"@type":"WebSite","@id":"https:\/\/districos.standingout.be\/fr\/#website","url":"https:\/\/districos.standingout.be\/fr\/","name":"Districos Webshop","description":"","publisher":{"@id":"https:\/\/districos.standingout.be\/fr\/#organization"},"potentialAction":[{"@type":"SearchAction","target":{"@type":"EntryPoint","urlTemplate":"https:\/\/districos.standingout.be\/fr\/?s={search_term_string}"},"query-input":{"@type":"PropertyValueSpecification","valueRequired":true,"valueName":"search_term_string"}}],"inLanguage":"fr-FR"},{"@type":"Organization","@id":"https:\/\/districos.standingout.be\/fr\/#organization","name":"Districos Webshop","url":"https:\/\/districos.standingout.be\/fr\/","logo":{"@type":"ImageObject","inLanguage":"fr-FR","@id":"https:\/\/districos.standingout.be\/fr\/#\/schema\/logo\/image\/","url":"https:\/\/districos.standingout.be\/wp-content\/uploads\/2022\/09\/Districos_Logo_Webshop.svg","contentUrl":"https:\/\/districos.standingout.be\/wp-content\/uploads\/2022\/09\/Districos_Logo_Webshop.svg","caption":"Districos Webshop"},"image":{"@id":"https:\/\/districos.standingout.be\/fr\/#\/schema\/logo\/image\/"}}]}},"_links":{"self":[{"href":"https:\/\/districos.standingout.be\/fr\/wp-json\/wp\/v2\/product\/134353","targetHints":{"allow":["GET"]}}],"collection":[{"href":"https:\/\/districos.standingout.be\/fr\/wp-json\/wp\/v2\/product"}],"about":[{"href":"https:\/\/districos.standingout.be\/fr\/wp-json\/wp\/v2\/types\/product"}],"replies":[{"embeddable":true,"href":"https:\/\/districos.standingout.be\/fr\/wp-json\/wp\/v2\/comments?post=134353"}],"wp:featuredmedia":[{"embeddable":true,"href":"https:\/\/districos.standingout.be\/fr\/wp-json\/wp\/v2\/media\/71045"}],"wp:attachment":[{"href":"https:\/\/districos.standingout.be\/fr\/wp-json\/wp\/v2\/media?parent=134353"}],"wp:term":[{"taxonomy":"product_brand","embeddable":true,"href":"https:\/\/districos.standingout.be\/fr\/wp-json\/wp\/v2\/product_brand?post=134353"},{"taxonomy":"product_cat","embeddable":true,"href":"https:\/\/districos.standingout.be\/fr\/wp-json\/wp\/v2\/product_cat?post=134353"},{"taxonomy":"product_tag","embeddable":true,"href":"https:\/\/districos.standingout.be\/fr\/wp-json\/wp\/v2\/product_tag?post=134353"}],"curies":[{"name":"wp","href":"https:\/\/api.w.org\/{rel}","templated":true}]}}