{"id":134363,"date":"2026-04-28T02:17:36","date_gmt":"2026-04-28T00:17:36","guid":{"rendered":"https:\/\/webshopdistricoscom.webhosting.be\/product\/anesi-rouleau-en-jade-pour-visage-single-ref-4270-05\/"},"modified":"2026-04-28T02:17:38","modified_gmt":"2026-04-28T00:17:38","slug":"anesi-rouleau-en-jade-pour-visage-single-ref-4270-05","status":"publish","type":"product","link":"https:\/\/districos.standingout.be\/fr\/product\/anesi-rouleau-en-jade-pour-visage-single-ref-4270-05\/","title":{"rendered":"Anesi Rouleau en Jade pour Visage Single"},"content":{"rendered":"<p >\n<\/p>\n<\/p>\n<\/p>\n<\/p>\n<\/p>\n<\/p>\n<p data-start=\"113\" data-end=\"480\">Le <span data-start=\"116\" data-end=\"140\">roller en jade Anesi<\/span> est un outil compact en jade blanc, destin\u00e9 \u00e0 un usage professionnel. Son <span data-start=\"215\" data-end=\"232\">grand rouleau<\/span> glisse confortablement sur le visage et offre une excellente prise en main.<br data-start=\"308\" data-end=\"311\"> Le <span data-start=\"314\" data-end=\"352\">manche, \u00e9galement fabriqu\u00e9 en jade<\/span>, apporte une finition \u00e9l\u00e9gante et haut de gamme. Id\u00e9al comme accessoire compl\u00e9mentaire lors des soins du visage professionnels.<\/p>\n<ul>\n<li>Stimule la circulation sanguine et le drainage lymphatique pour un teint \u00e9clatant de sant\u00e9<\/li>\n<li>Am\u00e9liore l&rsquo;\u00e9lasticit\u00e9 de la peau et le teint<\/li>\n<li>R\u00e9duit les poches et les ridules<\/li>\n<li>Favorise la relaxation et apaise les tensions musculaires<\/li>\n<\/ul>\n<p>Le grand rouleau est id\u00e9al pour les joues et le front, tandis que le petit rouleau est parfait pour les zones sensibles autour des yeux et du nez.<\/p>\n<p><b>Mode d&#8217;emploi :<br \/><\/b><span>Utilisez le roler par-dessus le Masque Luminosity <\/span><span>pour un meilleur contact avec la peau et un soin encore plus intense<\/span><span>. Roulez doucement de l&rsquo;int\u00e9rieur vers l&rsquo;ext\u00e9rieur pour un r\u00e9sultat optimal. Nettoyez la pi\u00e8rre apr\u00e8s chaque utilisation avec un coton, de l&rsquo;eau min\u00e9rale et un savon doux, et \u00e9vitez tout contact avec les parties m\u00e9talliques.<\/span><\/p>\n<p><b>Conseil :<\/b> conservez le rouleau au r\u00e9frig\u00e9rateur pour un effet rafra\u00eechissant suppl\u00e9mentaire.<\/p><\/p>\n","protected":false},"excerpt":{"rendered":"<p>Le roller en jade Anesi est un outil compact en jade blanc, destin\u00e9 \u00e0 un usage professionnel. Son grand rouleau glisse confortablement sur le visage et offre une excellente prise en main. Le manche, \u00e9galement fabriqu\u00e9 en jade, apporte une finition \u00e9l\u00e9gante et haut de gamme. Id\u00e9al comme accessoire compl\u00e9mentaire lors des soins du visage [&hellip;]<\/p>\n","protected":false},"featured_media":144129,"comment_status":"open","ping_status":"closed","template":"","meta":{"_acf_changed":false},"product_brand":[10280],"product_cat":[9858],"product_tag":[],"class_list":{"0":"post-134363","1":"product","2":"type-product","3":"status-publish","4":"has-post-thumbnail","6":"product_brand-anesi-fr","7":"product_cat-beaute-visage-anesi-visage","9":"first","10":"instock","11":"taxable","12":"shipping-taxable","13":"product-type-simple"},"acf":[],"yoast_head":"<!-- This site is optimized with the Yoast SEO plugin v27.3 - https:\/\/yoast.com\/product\/yoast-seo-wordpress\/ -->\n<title>Anesi Rouleau en Jade pour Visage Single - Districos Webshop<\/title>\n<meta name=\"robots\" content=\"noindex, follow, max-snippet:-1, max-image-preview:large, max-video-preview:-1\" \/>\n<meta property=\"og:locale\" content=\"fr_FR\" \/>\n<meta property=\"og:type\" content=\"article\" \/>\n<meta property=\"og:title\" content=\"Anesi Rouleau en Jade pour Visage Single - Districos Webshop\" \/>\n<meta property=\"og:description\" content=\"Le roller en jade Anesi est un outil compact en jade blanc, destin\u00e9 \u00e0 un usage professionnel. Son grand rouleau glisse confortablement sur le visage et offre une excellente prise en main. Le manche, \u00e9galement fabriqu\u00e9 en jade, apporte une finition \u00e9l\u00e9gante et haut de gamme. Id\u00e9al comme accessoire compl\u00e9mentaire lors des soins du visage [&hellip;]\" \/>\n<meta property=\"og:url\" content=\"https:\/\/districos.standingout.be\/fr\/product\/anesi-rouleau-en-jade-pour-visage-single-ref-4270-05\/\" \/>\n<meta property=\"og:site_name\" content=\"Districos Webshop\" \/>\n<meta property=\"article:modified_time\" content=\"2026-04-28T00:17:38+00:00\" \/>\n<meta property=\"og:image\" content=\"https:\/\/districos.standingout.be\/wp-content\/uploads\/2026\/04\/4270.05@Anesi-Jade-Gezichtsroller-Enkel_1.png\" \/>\n\t<meta property=\"og:image:width\" content=\"600\" \/>\n\t<meta property=\"og:image:height\" content=\"600\" \/>\n\t<meta property=\"og:image:type\" content=\"image\/png\" \/>\n<meta name=\"twitter:card\" content=\"summary_large_image\" \/>\n<meta name=\"twitter:label1\" content=\"Dur\u00e9e de lecture estim\u00e9e\" \/>\n\t<meta name=\"twitter:data1\" content=\"1 minute\" \/>\n<script type=\"application\/ld+json\" class=\"yoast-schema-graph\">{\"@context\":\"https:\\\/\\\/schema.org\",\"@graph\":[{\"@type\":\"WebPage\",\"@id\":\"https:\\\/\\\/districos.standingout.be\\\/fr\\\/product\\\/anesi-rouleau-en-jade-pour-visage-single-ref-4270-05\\\/\",\"url\":\"https:\\\/\\\/districos.standingout.be\\\/fr\\\/product\\\/anesi-rouleau-en-jade-pour-visage-single-ref-4270-05\\\/\",\"name\":\"Anesi Rouleau en Jade pour Visage Single - Districos Webshop\",\"isPartOf\":{\"@id\":\"https:\\\/\\\/districos.standingout.be\\\/fr\\\/#website\"},\"primaryImageOfPage\":{\"@id\":\"https:\\\/\\\/districos.standingout.be\\\/fr\\\/product\\\/anesi-rouleau-en-jade-pour-visage-single-ref-4270-05\\\/#primaryimage\"},\"image\":{\"@id\":\"https:\\\/\\\/districos.standingout.be\\\/fr\\\/product\\\/anesi-rouleau-en-jade-pour-visage-single-ref-4270-05\\\/#primaryimage\"},\"thumbnailUrl\":\"https:\\\/\\\/districos.standingout.be\\\/wp-content\\\/uploads\\\/2026\\\/04\\\/4270.05@Anesi-Jade-Gezichtsroller-Enkel_1-1.png\",\"datePublished\":\"2026-04-28T00:17:36+00:00\",\"dateModified\":\"2026-04-28T00:17:38+00:00\",\"breadcrumb\":{\"@id\":\"https:\\\/\\\/districos.standingout.be\\\/fr\\\/product\\\/anesi-rouleau-en-jade-pour-visage-single-ref-4270-05\\\/#breadcrumb\"},\"inLanguage\":\"fr-FR\",\"potentialAction\":[{\"@type\":\"ReadAction\",\"target\":[\"https:\\\/\\\/districos.standingout.be\\\/fr\\\/product\\\/anesi-rouleau-en-jade-pour-visage-single-ref-4270-05\\\/\"]}]},{\"@type\":\"ImageObject\",\"inLanguage\":\"fr-FR\",\"@id\":\"https:\\\/\\\/districos.standingout.be\\\/fr\\\/product\\\/anesi-rouleau-en-jade-pour-visage-single-ref-4270-05\\\/#primaryimage\",\"url\":\"https:\\\/\\\/districos.standingout.be\\\/wp-content\\\/uploads\\\/2026\\\/04\\\/4270.05@Anesi-Jade-Gezichtsroller-Enkel_1-1.png\",\"contentUrl\":\"https:\\\/\\\/districos.standingout.be\\\/wp-content\\\/uploads\\\/2026\\\/04\\\/4270.05@Anesi-Jade-Gezichtsroller-Enkel_1-1.png\",\"width\":600,\"height\":600},{\"@type\":\"BreadcrumbList\",\"@id\":\"https:\\\/\\\/districos.standingout.be\\\/fr\\\/product\\\/anesi-rouleau-en-jade-pour-visage-single-ref-4270-05\\\/#breadcrumb\",\"itemListElement\":[{\"@type\":\"ListItem\",\"position\":1,\"name\":\"Home\",\"item\":\"https:\\\/\\\/districos.standingout.be\\\/fr\\\/bienvenue-chez-districos\\\/\"},{\"@type\":\"ListItem\",\"position\":2,\"name\":\"Boutique\",\"item\":\"https:\\\/\\\/districos.standingout.be\\\/fr\\\/boutique\\\/\"},{\"@type\":\"ListItem\",\"position\":3,\"name\":\"Anesi Rouleau en Jade pour Visage Single\"}]},{\"@type\":\"WebSite\",\"@id\":\"https:\\\/\\\/districos.standingout.be\\\/fr\\\/#website\",\"url\":\"https:\\\/\\\/districos.standingout.be\\\/fr\\\/\",\"name\":\"Districos Webshop\",\"description\":\"\",\"publisher\":{\"@id\":\"https:\\\/\\\/districos.standingout.be\\\/fr\\\/#organization\"},\"potentialAction\":[{\"@type\":\"SearchAction\",\"target\":{\"@type\":\"EntryPoint\",\"urlTemplate\":\"https:\\\/\\\/districos.standingout.be\\\/fr\\\/?s={search_term_string}\"},\"query-input\":{\"@type\":\"PropertyValueSpecification\",\"valueRequired\":true,\"valueName\":\"search_term_string\"}}],\"inLanguage\":\"fr-FR\"},{\"@type\":\"Organization\",\"@id\":\"https:\\\/\\\/districos.standingout.be\\\/fr\\\/#organization\",\"name\":\"Districos Webshop\",\"url\":\"https:\\\/\\\/districos.standingout.be\\\/fr\\\/\",\"logo\":{\"@type\":\"ImageObject\",\"inLanguage\":\"fr-FR\",\"@id\":\"https:\\\/\\\/districos.standingout.be\\\/fr\\\/#\\\/schema\\\/logo\\\/image\\\/\",\"url\":\"https:\\\/\\\/districos.standingout.be\\\/wp-content\\\/uploads\\\/2022\\\/09\\\/Districos_Logo_Webshop.svg\",\"contentUrl\":\"https:\\\/\\\/districos.standingout.be\\\/wp-content\\\/uploads\\\/2022\\\/09\\\/Districos_Logo_Webshop.svg\",\"caption\":\"Districos Webshop\"},\"image\":{\"@id\":\"https:\\\/\\\/districos.standingout.be\\\/fr\\\/#\\\/schema\\\/logo\\\/image\\\/\"}}]}<\/script>\n<!-- \/ Yoast SEO plugin. -->","yoast_head_json":{"title":"Anesi Rouleau en Jade pour Visage Single - Districos Webshop","robots":{"index":"noindex","follow":"follow","max-snippet":"max-snippet:-1","max-image-preview":"max-image-preview:large","max-video-preview":"max-video-preview:-1"},"og_locale":"fr_FR","og_type":"article","og_title":"Anesi Rouleau en Jade pour Visage Single - Districos Webshop","og_description":"Le roller en jade Anesi est un outil compact en jade blanc, destin\u00e9 \u00e0 un usage professionnel. Son grand rouleau glisse confortablement sur le visage et offre une excellente prise en main. Le manche, \u00e9galement fabriqu\u00e9 en jade, apporte une finition \u00e9l\u00e9gante et haut de gamme. Id\u00e9al comme accessoire compl\u00e9mentaire lors des soins du visage [&hellip;]","og_url":"https:\/\/districos.standingout.be\/fr\/product\/anesi-rouleau-en-jade-pour-visage-single-ref-4270-05\/","og_site_name":"Districos Webshop","article_modified_time":"2026-04-28T00:17:38+00:00","og_image":[{"width":600,"height":600,"url":"https:\/\/districos.standingout.be\/wp-content\/uploads\/2026\/04\/4270.05@Anesi-Jade-Gezichtsroller-Enkel_1.png","type":"image\/png"}],"twitter_card":"summary_large_image","twitter_misc":{"Dur\u00e9e de lecture estim\u00e9e":"1 minute"},"schema":{"@context":"https:\/\/schema.org","@graph":[{"@type":"WebPage","@id":"https:\/\/districos.standingout.be\/fr\/product\/anesi-rouleau-en-jade-pour-visage-single-ref-4270-05\/","url":"https:\/\/districos.standingout.be\/fr\/product\/anesi-rouleau-en-jade-pour-visage-single-ref-4270-05\/","name":"Anesi Rouleau en Jade pour Visage Single - Districos Webshop","isPartOf":{"@id":"https:\/\/districos.standingout.be\/fr\/#website"},"primaryImageOfPage":{"@id":"https:\/\/districos.standingout.be\/fr\/product\/anesi-rouleau-en-jade-pour-visage-single-ref-4270-05\/#primaryimage"},"image":{"@id":"https:\/\/districos.standingout.be\/fr\/product\/anesi-rouleau-en-jade-pour-visage-single-ref-4270-05\/#primaryimage"},"thumbnailUrl":"https:\/\/districos.standingout.be\/wp-content\/uploads\/2026\/04\/4270.05@Anesi-Jade-Gezichtsroller-Enkel_1-1.png","datePublished":"2026-04-28T00:17:36+00:00","dateModified":"2026-04-28T00:17:38+00:00","breadcrumb":{"@id":"https:\/\/districos.standingout.be\/fr\/product\/anesi-rouleau-en-jade-pour-visage-single-ref-4270-05\/#breadcrumb"},"inLanguage":"fr-FR","potentialAction":[{"@type":"ReadAction","target":["https:\/\/districos.standingout.be\/fr\/product\/anesi-rouleau-en-jade-pour-visage-single-ref-4270-05\/"]}]},{"@type":"ImageObject","inLanguage":"fr-FR","@id":"https:\/\/districos.standingout.be\/fr\/product\/anesi-rouleau-en-jade-pour-visage-single-ref-4270-05\/#primaryimage","url":"https:\/\/districos.standingout.be\/wp-content\/uploads\/2026\/04\/4270.05@Anesi-Jade-Gezichtsroller-Enkel_1-1.png","contentUrl":"https:\/\/districos.standingout.be\/wp-content\/uploads\/2026\/04\/4270.05@Anesi-Jade-Gezichtsroller-Enkel_1-1.png","width":600,"height":600},{"@type":"BreadcrumbList","@id":"https:\/\/districos.standingout.be\/fr\/product\/anesi-rouleau-en-jade-pour-visage-single-ref-4270-05\/#breadcrumb","itemListElement":[{"@type":"ListItem","position":1,"name":"Home","item":"https:\/\/districos.standingout.be\/fr\/bienvenue-chez-districos\/"},{"@type":"ListItem","position":2,"name":"Boutique","item":"https:\/\/districos.standingout.be\/fr\/boutique\/"},{"@type":"ListItem","position":3,"name":"Anesi Rouleau en Jade pour Visage Single"}]},{"@type":"WebSite","@id":"https:\/\/districos.standingout.be\/fr\/#website","url":"https:\/\/districos.standingout.be\/fr\/","name":"Districos Webshop","description":"","publisher":{"@id":"https:\/\/districos.standingout.be\/fr\/#organization"},"potentialAction":[{"@type":"SearchAction","target":{"@type":"EntryPoint","urlTemplate":"https:\/\/districos.standingout.be\/fr\/?s={search_term_string}"},"query-input":{"@type":"PropertyValueSpecification","valueRequired":true,"valueName":"search_term_string"}}],"inLanguage":"fr-FR"},{"@type":"Organization","@id":"https:\/\/districos.standingout.be\/fr\/#organization","name":"Districos Webshop","url":"https:\/\/districos.standingout.be\/fr\/","logo":{"@type":"ImageObject","inLanguage":"fr-FR","@id":"https:\/\/districos.standingout.be\/fr\/#\/schema\/logo\/image\/","url":"https:\/\/districos.standingout.be\/wp-content\/uploads\/2022\/09\/Districos_Logo_Webshop.svg","contentUrl":"https:\/\/districos.standingout.be\/wp-content\/uploads\/2022\/09\/Districos_Logo_Webshop.svg","caption":"Districos Webshop"},"image":{"@id":"https:\/\/districos.standingout.be\/fr\/#\/schema\/logo\/image\/"}}]}},"_links":{"self":[{"href":"https:\/\/districos.standingout.be\/fr\/wp-json\/wp\/v2\/product\/134363","targetHints":{"allow":["GET"]}}],"collection":[{"href":"https:\/\/districos.standingout.be\/fr\/wp-json\/wp\/v2\/product"}],"about":[{"href":"https:\/\/districos.standingout.be\/fr\/wp-json\/wp\/v2\/types\/product"}],"replies":[{"embeddable":true,"href":"https:\/\/districos.standingout.be\/fr\/wp-json\/wp\/v2\/comments?post=134363"}],"wp:featuredmedia":[{"embeddable":true,"href":"https:\/\/districos.standingout.be\/fr\/wp-json\/wp\/v2\/media\/144129"}],"wp:attachment":[{"href":"https:\/\/districos.standingout.be\/fr\/wp-json\/wp\/v2\/media?parent=134363"}],"wp:term":[{"taxonomy":"product_brand","embeddable":true,"href":"https:\/\/districos.standingout.be\/fr\/wp-json\/wp\/v2\/product_brand?post=134363"},{"taxonomy":"product_cat","embeddable":true,"href":"https:\/\/districos.standingout.be\/fr\/wp-json\/wp\/v2\/product_cat?post=134363"},{"taxonomy":"product_tag","embeddable":true,"href":"https:\/\/districos.standingout.be\/fr\/wp-json\/wp\/v2\/product_tag?post=134363"}],"curies":[{"name":"wp","href":"https:\/\/api.w.org\/{rel}","templated":true}]}}