{"id":134377,"date":"2026-04-28T02:17:57","date_gmt":"2026-04-28T00:17:57","guid":{"rendered":"https:\/\/webshopdistricoscom.webhosting.be\/product\/anesi-harmony-microbiome-repair-mask-200-ml-ref-4276-2\/"},"modified":"2026-04-28T02:18:00","modified_gmt":"2026-04-28T00:18:00","slug":"anesi-harmony-microbiome-repair-mask-200-ml-ref-4276","status":"publish","type":"product","link":"https:\/\/districos.standingout.be\/fr\/product\/anesi-harmony-microbiome-repair-mask-200-ml-ref-4276\/","title":{"rendered":"Anesi Harmony Microbiome Repair Mask 200 ml"},"content":{"rendered":"<p >\n<\/p>\n<\/p>\n<\/p>\n<\/p>\n<\/p>\n<\/p>\n<\/p>\n<p><span>Ce masque cr\u00e8me nourrissant, r\u00e9parateur et calmant a \u00e9t\u00e9 d\u00e9velopp\u00e9 pour les traitements professionnels. Il offre un confort, une tranquillit\u00e9 et une douceur in\u00e9dite, m\u00eame aux peaux les plus sensibles. L\u2019Harmony Microbiome Repair Mask est riche en pr\u00e9biotiques et en huiles compl\u00e9mentaires et renfor\u00e7antes. La peau est visiblement apais\u00e9e, hydrat\u00e9e et elle a un aspect rayonnant. Le masque peut \u00eatre appliqu\u00e9 sur le contour des l\u00e8vres et des yeux.<\/span><\/p>\n<p><b><span lang=\"FR-BE\">Ingr\u00e9dients actifs :<\/span><\/b><b><span lang=\"FR-BE\"><o:p><\/o:p><\/span><\/b><\/p>\n<ul type=\"disc\">\n<li><span lang=\"FR-BE\">Squalane : Un pr\u00e9biotique extrait de canne \u00e0 sucre. Il nourrit et renforce le microbiome et augmente sa diversit\u00e9.&nbsp;<\/span><span lang=\"FR-BE\"><o:p><\/o:p><\/span><\/li>\n<li><span lang=\"FR-BE\">Beurre de karit\u00e9 : Met un film invisible et respirant sur la peau pour la garder douce et souple et pour la prot\u00e9ger.&nbsp;<\/span><span lang=\"FR-BE\"><o:p><\/o:p><\/span><\/li>\n<li><span lang=\"FR-BE\">Emullium Mellifera : Un pr\u00e9biotique avec un m\u00e9lange de jojoba, de glyc\u00e9rine et de cire d&rsquo;abeille. Hydrate profond\u00e9ment, calme et prot\u00e8ge la peau de la pollution et des influences environnementales extr\u00eames. S&rsquo;adapte au type de peau et au climat. \u00c9claircit, adoucit et donne \u00e0 la peau une souplesse et une douceur sans pr\u00e9c\u00e9dent.<\/span><span lang=\"FR-BE\"><o:p><\/o:p><\/span><\/li>\n<li><span lang=\"FR-BE\">Huile d\u2019olive : Riche en acides gras et en vitamines E et K pour am\u00e9liorer la r\u00e9silience de la peau.<\/span><span lang=\"FR-BE\"><o:p><\/o:p><\/span><\/li>\n<\/ul>\n<p><b><span lang=\"FR-BE\">Emballage :<\/span><\/b><span lang=\"FR-BE\"> tube de 200 ml.<\/span><span lang=\"FR-BE\"><o:p><\/o:p><\/span><\/p>\n<p><b><span lang=\"FR-BE\">\u00c9galement disponible :<\/span><\/b><b><span lang=\"FR-BE\"><o:p><\/o:p><\/span><\/b><\/p>\n<ul type=\"disc\">\n<li><span lang=\"EN-GB\">Anesi Harmony Gentle Cleansing Milk 200 ml (r\u00e9f. <a href=\"https:\/\/webshop.districos.com\/ProductDetail\/4171\" target=\"_blank\" rel=\"noopener noreferrer nofollow\">4171<\/a>)<\/span><span lang=\"EN-GB\"><o:p><\/o:p><\/span><\/li>\n<li><span lang=\"FR-BE\">Anesi Lab Harmony Hydra-Calm Spray Toner 100 ml (r\u00e9f. <a href=\"https:\/\/webshop.districos.com\/ProductDetail\/4172.1\" target=\"_blank\" rel=\"noopener noreferrer nofollow\"> 4172.1<\/a>)<\/span><span lang=\"FR-BE\"><o:p><\/o:p><\/span><\/li>\n<li><span lang=\"EN-GB\">Anesi Harmony SOS Rescue Serum 30 ml (r\u00e9f. <a href=\"https:\/\/webshop.districos.com\/ProductDetail\/4173.1\" target=\"_blank\" rel=\"noopener noreferrer nofollow\"> 4173.1<\/a>)<\/span><span lang=\"EN-GB\"><o:p><\/o:p><\/span><\/li>\n<li><span lang=\"EN-GB\">Anesi Harmony Recovery Booster Complex 30 ml (r\u00e9f. <a href=\"https:\/\/webshop.districos.com\/ProductDetail\/4173.2\" target=\"_blank\" rel=\"noopener noreferrer nofollow\"> 4173.2<\/a>)<o:p><\/o:p><\/span><\/li>\n<li><span lang=\"EN-GB\">Anesi Harmony Gentle Comfort Cream 50 ml (r\u00e9f. <a href=\"https:\/\/webshop.districos.com\/ProductDetail\/4174\" target=\"_blank\" rel=\"noopener noreferrer nofollow\">4174<\/a>)<o:p><\/o:p><\/span><\/li>\n<\/ul>\n<p><span lang=\"FR-BE\">La ligne Harmony est sp\u00e9cialement con\u00e7ue pour soutenir le microbiome. Envie d&rsquo;en savoir plus ? Consultez notre <\/span><span lang=\"FR-BE\"><a href=\"https:\/\/fr.districos.com\/2023\/12\/le-microbiome.html\" target=\"_blank\" rel=\"noopener noreferrer nofollow\"><span>blog <\/span><\/a><\/span><span lang=\"FR-BE\">!&nbsp;<o:p><\/o:p><\/span><\/p><\/p>\n","protected":false},"excerpt":{"rendered":"<p>Ce masque cr\u00e8me nourrissant, r\u00e9parateur et calmant a \u00e9t\u00e9 d\u00e9velopp\u00e9 pour les traitements professionnels. Il offre un confort, une tranquillit\u00e9 et une douceur in\u00e9dite, m\u00eame aux peaux les plus sensibles. L\u2019Harmony Microbiome Repair Mask est riche en pr\u00e9biotiques et en huiles compl\u00e9mentaires et renfor\u00e7antes. La peau est visiblement apais\u00e9e, hydrat\u00e9e et elle a un aspect [&hellip;]<\/p>\n","protected":false},"featured_media":144150,"comment_status":"open","ping_status":"closed","template":"","meta":{"_acf_changed":false},"product_brand":[10280],"product_cat":[9858],"product_tag":[],"class_list":{"0":"post-134377","1":"product","2":"type-product","3":"status-publish","4":"has-post-thumbnail","6":"product_brand-anesi-fr","7":"product_cat-beaute-visage-anesi-visage","9":"first","10":"instock","11":"taxable","12":"shipping-taxable","13":"product-type-simple"},"acf":[],"yoast_head":"<!-- This site is optimized with the Yoast SEO plugin v27.3 - https:\/\/yoast.com\/product\/yoast-seo-wordpress\/ -->\n<title>Anesi Harmony Microbiome Repair Mask 200 ml - Districos Webshop<\/title>\n<meta name=\"robots\" content=\"noindex, follow, max-snippet:-1, max-image-preview:large, max-video-preview:-1\" \/>\n<meta property=\"og:locale\" content=\"fr_FR\" \/>\n<meta property=\"og:type\" content=\"article\" \/>\n<meta property=\"og:title\" content=\"Anesi Harmony Microbiome Repair Mask 200 ml - Districos Webshop\" \/>\n<meta property=\"og:description\" content=\"Ce masque cr\u00e8me nourrissant, r\u00e9parateur et calmant a \u00e9t\u00e9 d\u00e9velopp\u00e9 pour les traitements professionnels. Il offre un confort, une tranquillit\u00e9 et une douceur in\u00e9dite, m\u00eame aux peaux les plus sensibles. L\u2019Harmony Microbiome Repair Mask est riche en pr\u00e9biotiques et en huiles compl\u00e9mentaires et renfor\u00e7antes. La peau est visiblement apais\u00e9e, hydrat\u00e9e et elle a un aspect [&hellip;]\" \/>\n<meta property=\"og:url\" content=\"https:\/\/districos.standingout.be\/fr\/product\/anesi-harmony-microbiome-repair-mask-200-ml-ref-4276\/\" \/>\n<meta property=\"og:site_name\" content=\"Districos Webshop\" \/>\n<meta property=\"article:modified_time\" content=\"2026-04-28T00:18:00+00:00\" \/>\n<meta property=\"og:image\" content=\"https:\/\/districos.standingout.be\/wp-content\/uploads\/2026\/04\/4276@Anesi-Harmony-Microbiome-Repair-Mask-200-ml_1-2.png\" \/>\n\t<meta property=\"og:image:width\" content=\"600\" \/>\n\t<meta property=\"og:image:height\" content=\"600\" \/>\n\t<meta property=\"og:image:type\" content=\"image\/png\" \/>\n<meta name=\"twitter:card\" content=\"summary_large_image\" \/>\n<meta name=\"twitter:label1\" content=\"Dur\u00e9e de lecture estim\u00e9e\" \/>\n\t<meta name=\"twitter:data1\" content=\"1 minute\" \/>\n<script type=\"application\/ld+json\" class=\"yoast-schema-graph\">{\"@context\":\"https:\\\/\\\/schema.org\",\"@graph\":[{\"@type\":\"WebPage\",\"@id\":\"https:\\\/\\\/districos.standingout.be\\\/fr\\\/product\\\/anesi-harmony-microbiome-repair-mask-200-ml-ref-4276\\\/\",\"url\":\"https:\\\/\\\/districos.standingout.be\\\/fr\\\/product\\\/anesi-harmony-microbiome-repair-mask-200-ml-ref-4276\\\/\",\"name\":\"Anesi Harmony Microbiome Repair Mask 200 ml - Districos Webshop\",\"isPartOf\":{\"@id\":\"https:\\\/\\\/districos.standingout.be\\\/fr\\\/#website\"},\"primaryImageOfPage\":{\"@id\":\"https:\\\/\\\/districos.standingout.be\\\/fr\\\/product\\\/anesi-harmony-microbiome-repair-mask-200-ml-ref-4276\\\/#primaryimage\"},\"image\":{\"@id\":\"https:\\\/\\\/districos.standingout.be\\\/fr\\\/product\\\/anesi-harmony-microbiome-repair-mask-200-ml-ref-4276\\\/#primaryimage\"},\"thumbnailUrl\":\"https:\\\/\\\/districos.standingout.be\\\/wp-content\\\/uploads\\\/2026\\\/04\\\/4276@Anesi-Harmony-Microbiome-Repair-Mask-200-ml_1-3.png\",\"datePublished\":\"2026-04-28T00:17:57+00:00\",\"dateModified\":\"2026-04-28T00:18:00+00:00\",\"breadcrumb\":{\"@id\":\"https:\\\/\\\/districos.standingout.be\\\/fr\\\/product\\\/anesi-harmony-microbiome-repair-mask-200-ml-ref-4276\\\/#breadcrumb\"},\"inLanguage\":\"fr-FR\",\"potentialAction\":[{\"@type\":\"ReadAction\",\"target\":[\"https:\\\/\\\/districos.standingout.be\\\/fr\\\/product\\\/anesi-harmony-microbiome-repair-mask-200-ml-ref-4276\\\/\"]}]},{\"@type\":\"ImageObject\",\"inLanguage\":\"fr-FR\",\"@id\":\"https:\\\/\\\/districos.standingout.be\\\/fr\\\/product\\\/anesi-harmony-microbiome-repair-mask-200-ml-ref-4276\\\/#primaryimage\",\"url\":\"https:\\\/\\\/districos.standingout.be\\\/wp-content\\\/uploads\\\/2026\\\/04\\\/4276@Anesi-Harmony-Microbiome-Repair-Mask-200-ml_1-3.png\",\"contentUrl\":\"https:\\\/\\\/districos.standingout.be\\\/wp-content\\\/uploads\\\/2026\\\/04\\\/4276@Anesi-Harmony-Microbiome-Repair-Mask-200-ml_1-3.png\",\"width\":600,\"height\":600},{\"@type\":\"BreadcrumbList\",\"@id\":\"https:\\\/\\\/districos.standingout.be\\\/fr\\\/product\\\/anesi-harmony-microbiome-repair-mask-200-ml-ref-4276\\\/#breadcrumb\",\"itemListElement\":[{\"@type\":\"ListItem\",\"position\":1,\"name\":\"Home\",\"item\":\"https:\\\/\\\/districos.standingout.be\\\/fr\\\/bienvenue-chez-districos\\\/\"},{\"@type\":\"ListItem\",\"position\":2,\"name\":\"Boutique\",\"item\":\"https:\\\/\\\/districos.standingout.be\\\/fr\\\/boutique\\\/\"},{\"@type\":\"ListItem\",\"position\":3,\"name\":\"Anesi Harmony Microbiome Repair Mask 200 ml\"}]},{\"@type\":\"WebSite\",\"@id\":\"https:\\\/\\\/districos.standingout.be\\\/fr\\\/#website\",\"url\":\"https:\\\/\\\/districos.standingout.be\\\/fr\\\/\",\"name\":\"Districos Webshop\",\"description\":\"\",\"publisher\":{\"@id\":\"https:\\\/\\\/districos.standingout.be\\\/fr\\\/#organization\"},\"potentialAction\":[{\"@type\":\"SearchAction\",\"target\":{\"@type\":\"EntryPoint\",\"urlTemplate\":\"https:\\\/\\\/districos.standingout.be\\\/fr\\\/?s={search_term_string}\"},\"query-input\":{\"@type\":\"PropertyValueSpecification\",\"valueRequired\":true,\"valueName\":\"search_term_string\"}}],\"inLanguage\":\"fr-FR\"},{\"@type\":\"Organization\",\"@id\":\"https:\\\/\\\/districos.standingout.be\\\/fr\\\/#organization\",\"name\":\"Districos Webshop\",\"url\":\"https:\\\/\\\/districos.standingout.be\\\/fr\\\/\",\"logo\":{\"@type\":\"ImageObject\",\"inLanguage\":\"fr-FR\",\"@id\":\"https:\\\/\\\/districos.standingout.be\\\/fr\\\/#\\\/schema\\\/logo\\\/image\\\/\",\"url\":\"https:\\\/\\\/districos.standingout.be\\\/wp-content\\\/uploads\\\/2022\\\/09\\\/Districos_Logo_Webshop.svg\",\"contentUrl\":\"https:\\\/\\\/districos.standingout.be\\\/wp-content\\\/uploads\\\/2022\\\/09\\\/Districos_Logo_Webshop.svg\",\"caption\":\"Districos Webshop\"},\"image\":{\"@id\":\"https:\\\/\\\/districos.standingout.be\\\/fr\\\/#\\\/schema\\\/logo\\\/image\\\/\"}}]}<\/script>\n<!-- \/ Yoast SEO plugin. -->","yoast_head_json":{"title":"Anesi Harmony Microbiome Repair Mask 200 ml - Districos Webshop","robots":{"index":"noindex","follow":"follow","max-snippet":"max-snippet:-1","max-image-preview":"max-image-preview:large","max-video-preview":"max-video-preview:-1"},"og_locale":"fr_FR","og_type":"article","og_title":"Anesi Harmony Microbiome Repair Mask 200 ml - Districos Webshop","og_description":"Ce masque cr\u00e8me nourrissant, r\u00e9parateur et calmant a \u00e9t\u00e9 d\u00e9velopp\u00e9 pour les traitements professionnels. Il offre un confort, une tranquillit\u00e9 et une douceur in\u00e9dite, m\u00eame aux peaux les plus sensibles. L\u2019Harmony Microbiome Repair Mask est riche en pr\u00e9biotiques et en huiles compl\u00e9mentaires et renfor\u00e7antes. La peau est visiblement apais\u00e9e, hydrat\u00e9e et elle a un aspect [&hellip;]","og_url":"https:\/\/districos.standingout.be\/fr\/product\/anesi-harmony-microbiome-repair-mask-200-ml-ref-4276\/","og_site_name":"Districos Webshop","article_modified_time":"2026-04-28T00:18:00+00:00","og_image":[{"width":600,"height":600,"url":"https:\/\/districos.standingout.be\/wp-content\/uploads\/2026\/04\/4276@Anesi-Harmony-Microbiome-Repair-Mask-200-ml_1-2.png","type":"image\/png"}],"twitter_card":"summary_large_image","twitter_misc":{"Dur\u00e9e de lecture estim\u00e9e":"1 minute"},"schema":{"@context":"https:\/\/schema.org","@graph":[{"@type":"WebPage","@id":"https:\/\/districos.standingout.be\/fr\/product\/anesi-harmony-microbiome-repair-mask-200-ml-ref-4276\/","url":"https:\/\/districos.standingout.be\/fr\/product\/anesi-harmony-microbiome-repair-mask-200-ml-ref-4276\/","name":"Anesi Harmony Microbiome Repair Mask 200 ml - Districos Webshop","isPartOf":{"@id":"https:\/\/districos.standingout.be\/fr\/#website"},"primaryImageOfPage":{"@id":"https:\/\/districos.standingout.be\/fr\/product\/anesi-harmony-microbiome-repair-mask-200-ml-ref-4276\/#primaryimage"},"image":{"@id":"https:\/\/districos.standingout.be\/fr\/product\/anesi-harmony-microbiome-repair-mask-200-ml-ref-4276\/#primaryimage"},"thumbnailUrl":"https:\/\/districos.standingout.be\/wp-content\/uploads\/2026\/04\/4276@Anesi-Harmony-Microbiome-Repair-Mask-200-ml_1-3.png","datePublished":"2026-04-28T00:17:57+00:00","dateModified":"2026-04-28T00:18:00+00:00","breadcrumb":{"@id":"https:\/\/districos.standingout.be\/fr\/product\/anesi-harmony-microbiome-repair-mask-200-ml-ref-4276\/#breadcrumb"},"inLanguage":"fr-FR","potentialAction":[{"@type":"ReadAction","target":["https:\/\/districos.standingout.be\/fr\/product\/anesi-harmony-microbiome-repair-mask-200-ml-ref-4276\/"]}]},{"@type":"ImageObject","inLanguage":"fr-FR","@id":"https:\/\/districos.standingout.be\/fr\/product\/anesi-harmony-microbiome-repair-mask-200-ml-ref-4276\/#primaryimage","url":"https:\/\/districos.standingout.be\/wp-content\/uploads\/2026\/04\/4276@Anesi-Harmony-Microbiome-Repair-Mask-200-ml_1-3.png","contentUrl":"https:\/\/districos.standingout.be\/wp-content\/uploads\/2026\/04\/4276@Anesi-Harmony-Microbiome-Repair-Mask-200-ml_1-3.png","width":600,"height":600},{"@type":"BreadcrumbList","@id":"https:\/\/districos.standingout.be\/fr\/product\/anesi-harmony-microbiome-repair-mask-200-ml-ref-4276\/#breadcrumb","itemListElement":[{"@type":"ListItem","position":1,"name":"Home","item":"https:\/\/districos.standingout.be\/fr\/bienvenue-chez-districos\/"},{"@type":"ListItem","position":2,"name":"Boutique","item":"https:\/\/districos.standingout.be\/fr\/boutique\/"},{"@type":"ListItem","position":3,"name":"Anesi Harmony Microbiome Repair Mask 200 ml"}]},{"@type":"WebSite","@id":"https:\/\/districos.standingout.be\/fr\/#website","url":"https:\/\/districos.standingout.be\/fr\/","name":"Districos Webshop","description":"","publisher":{"@id":"https:\/\/districos.standingout.be\/fr\/#organization"},"potentialAction":[{"@type":"SearchAction","target":{"@type":"EntryPoint","urlTemplate":"https:\/\/districos.standingout.be\/fr\/?s={search_term_string}"},"query-input":{"@type":"PropertyValueSpecification","valueRequired":true,"valueName":"search_term_string"}}],"inLanguage":"fr-FR"},{"@type":"Organization","@id":"https:\/\/districos.standingout.be\/fr\/#organization","name":"Districos Webshop","url":"https:\/\/districos.standingout.be\/fr\/","logo":{"@type":"ImageObject","inLanguage":"fr-FR","@id":"https:\/\/districos.standingout.be\/fr\/#\/schema\/logo\/image\/","url":"https:\/\/districos.standingout.be\/wp-content\/uploads\/2022\/09\/Districos_Logo_Webshop.svg","contentUrl":"https:\/\/districos.standingout.be\/wp-content\/uploads\/2022\/09\/Districos_Logo_Webshop.svg","caption":"Districos Webshop"},"image":{"@id":"https:\/\/districos.standingout.be\/fr\/#\/schema\/logo\/image\/"}}]}},"_links":{"self":[{"href":"https:\/\/districos.standingout.be\/fr\/wp-json\/wp\/v2\/product\/134377","targetHints":{"allow":["GET"]}}],"collection":[{"href":"https:\/\/districos.standingout.be\/fr\/wp-json\/wp\/v2\/product"}],"about":[{"href":"https:\/\/districos.standingout.be\/fr\/wp-json\/wp\/v2\/types\/product"}],"replies":[{"embeddable":true,"href":"https:\/\/districos.standingout.be\/fr\/wp-json\/wp\/v2\/comments?post=134377"}],"wp:featuredmedia":[{"embeddable":true,"href":"https:\/\/districos.standingout.be\/fr\/wp-json\/wp\/v2\/media\/144150"}],"wp:attachment":[{"href":"https:\/\/districos.standingout.be\/fr\/wp-json\/wp\/v2\/media?parent=134377"}],"wp:term":[{"taxonomy":"product_brand","embeddable":true,"href":"https:\/\/districos.standingout.be\/fr\/wp-json\/wp\/v2\/product_brand?post=134377"},{"taxonomy":"product_cat","embeddable":true,"href":"https:\/\/districos.standingout.be\/fr\/wp-json\/wp\/v2\/product_cat?post=134377"},{"taxonomy":"product_tag","embeddable":true,"href":"https:\/\/districos.standingout.be\/fr\/wp-json\/wp\/v2\/product_tag?post=134377"}],"curies":[{"name":"wp","href":"https:\/\/api.w.org\/{rel}","templated":true}]}}