{"id":134379,"date":"2026-04-28T02:18:00","date_gmt":"2026-04-28T00:18:00","guid":{"rendered":"https:\/\/webshopdistricoscom.webhosting.be\/product\/anesi-coffret-cellular-3-age-control-4-traitements-ref-4281-01\/"},"modified":"2026-04-28T02:18:04","modified_gmt":"2026-04-28T00:18:04","slug":"anesi-coffret-cellular-3-age-control-4-traitements-ref-4281-01","status":"publish","type":"product","link":"https:\/\/districos.standingout.be\/fr\/product\/anesi-coffret-cellular-3-age-control-4-traitements-ref-4281-01\/","title":{"rendered":"Anesi Coffret Cellular 3 Age Control 4 traitements"},"content":{"rendered":"<p >\n<\/p>\n<p><font face=\"Verdana\" size=\"2\">Ce coffret contient des produits pour 4 soins de cabine anti\u00e2ge qui traitent les 3 causes scientifiquement prouv\u00e9es du vieillissement cutan\u00e9 pour une diminution visible des sympt\u00f4mes suivants : rides, peau terne, taches pigmentaires, texture irr\u00e9guli\u00e8re, sensibilit\u00e9. Le traitement se compose d&rsquo;un peeling enzymatique intensif \u00e0 base d&rsquo;acides de fruits AHA qui stimulent le renouvellement cellulaire, d&rsquo;un concentr\u00e9 et d&rsquo;un masque \u00e0 base des ingr\u00e9dients actifs Progeline\u2122, extrait de malt et le complexe 3GF qui liftent les contours du visage, r\u00e9duisent les taches pigmentaires, comblent les rides fines et normalisent les pores dilat\u00e9s.<\/font><\/p>\n<div>\n<ul>\n<li><font face=\"Verdana\" size=\"2\">Ingr\u00e9dients actifs : Progeline\u2122, extrait de malt, facteurs de croissance cellulaire (GM-CSF, TGF et EGF), Br\u00e8de mafane, acide glycolique, AHA, acide hyaluronique.<\/font><\/li>\n<\/ul>\n<div><font size=\"2\"><b>Contenu<\/b><\/font><\/div>\n<\/div>\n<div>\n<ul>\n<li><font size=\"2\">4 x Cellular 3 Peel 4 ml<\/font><\/li>\n<li><font size=\"2\">4&nbsp;<\/font>x Cellular 3 Concentrate 5 ml<\/li>\n<li><span>4 x Cellular 3 Mask 8 ml<\/span><\/li>\n<li><span>4&nbsp;<\/span>x Cellular 3 3GF Cellular Booster 3 ml<\/li>\n<li>4 x Cellular 3 Renewal Cream 5 ml<\/li>\n<li>Mode d&#8217;emploi<\/li>\n<\/ul>\n<\/div>\n<p dir=\"ltr\"><\/p>\n","protected":false},"excerpt":{"rendered":"<p>Ce coffret contient des produits pour 4 soins de cabine anti\u00e2ge qui traitent les 3 causes scientifiquement prouv\u00e9es du vieillissement cutan\u00e9 pour une diminution visible des sympt\u00f4mes suivants : rides, peau terne, taches pigmentaires, texture irr\u00e9guli\u00e8re, sensibilit\u00e9. Le traitement se compose d&rsquo;un peeling enzymatique intensif \u00e0 base d&rsquo;acides de fruits AHA qui stimulent le renouvellement [&hellip;]<\/p>\n","protected":false},"featured_media":71084,"comment_status":"open","ping_status":"closed","template":"","meta":{"_acf_changed":false},"product_brand":[10280],"product_cat":[9858],"product_tag":[],"class_list":{"0":"post-134379","1":"product","2":"type-product","3":"status-publish","4":"has-post-thumbnail","6":"product_brand-anesi-fr","7":"product_cat-beaute-visage-anesi-visage","9":"first","10":"instock","11":"taxable","12":"shipping-taxable","13":"product-type-simple"},"acf":[],"yoast_head":"<!-- This site is optimized with the Yoast SEO plugin v27.3 - https:\/\/yoast.com\/product\/yoast-seo-wordpress\/ -->\n<title>Anesi Coffret Cellular 3 Age Control 4 traitements - Districos Webshop<\/title>\n<meta name=\"robots\" content=\"noindex, follow, max-snippet:-1, max-image-preview:large, max-video-preview:-1\" \/>\n<meta property=\"og:locale\" content=\"fr_FR\" \/>\n<meta property=\"og:type\" content=\"article\" \/>\n<meta property=\"og:title\" content=\"Anesi Coffret Cellular 3 Age Control 4 traitements - Districos Webshop\" \/>\n<meta property=\"og:description\" content=\"Ce coffret contient des produits pour 4 soins de cabine anti\u00e2ge qui traitent les 3 causes scientifiquement prouv\u00e9es du vieillissement cutan\u00e9 pour une diminution visible des sympt\u00f4mes suivants : rides, peau terne, taches pigmentaires, texture irr\u00e9guli\u00e8re, sensibilit\u00e9. Le traitement se compose d&rsquo;un peeling enzymatique intensif \u00e0 base d&rsquo;acides de fruits AHA qui stimulent le renouvellement [&hellip;]\" \/>\n<meta property=\"og:url\" content=\"https:\/\/districos.standingout.be\/fr\/product\/anesi-coffret-cellular-3-age-control-4-traitements-ref-4281-01\/\" \/>\n<meta property=\"og:site_name\" content=\"Districos Webshop\" \/>\n<meta property=\"article:modified_time\" content=\"2026-04-28T00:18:04+00:00\" \/>\n<meta property=\"og:image\" content=\"https:\/\/districos.standingout.be\/wp-content\/uploads\/2025\/07\/4281.01@LowRes_1.png\" \/>\n\t<meta property=\"og:image:width\" content=\"600\" \/>\n\t<meta property=\"og:image:height\" content=\"600\" \/>\n\t<meta property=\"og:image:type\" content=\"image\/png\" \/>\n<meta name=\"twitter:card\" content=\"summary_large_image\" \/>\n<meta name=\"twitter:label1\" content=\"Dur\u00e9e de lecture estim\u00e9e\" \/>\n\t<meta name=\"twitter:data1\" content=\"1 minute\" \/>\n<script type=\"application\/ld+json\" class=\"yoast-schema-graph\">{\"@context\":\"https:\\\/\\\/schema.org\",\"@graph\":[{\"@type\":\"WebPage\",\"@id\":\"https:\\\/\\\/districos.standingout.be\\\/fr\\\/product\\\/anesi-coffret-cellular-3-age-control-4-traitements-ref-4281-01\\\/\",\"url\":\"https:\\\/\\\/districos.standingout.be\\\/fr\\\/product\\\/anesi-coffret-cellular-3-age-control-4-traitements-ref-4281-01\\\/\",\"name\":\"Anesi Coffret Cellular 3 Age Control 4 traitements - Districos Webshop\",\"isPartOf\":{\"@id\":\"https:\\\/\\\/districos.standingout.be\\\/fr\\\/#website\"},\"primaryImageOfPage\":{\"@id\":\"https:\\\/\\\/districos.standingout.be\\\/fr\\\/product\\\/anesi-coffret-cellular-3-age-control-4-traitements-ref-4281-01\\\/#primaryimage\"},\"image\":{\"@id\":\"https:\\\/\\\/districos.standingout.be\\\/fr\\\/product\\\/anesi-coffret-cellular-3-age-control-4-traitements-ref-4281-01\\\/#primaryimage\"},\"thumbnailUrl\":\"https:\\\/\\\/districos.standingout.be\\\/wp-content\\\/uploads\\\/2025\\\/07\\\/4281.01@LowRes_1.png\",\"datePublished\":\"2026-04-28T00:18:00+00:00\",\"dateModified\":\"2026-04-28T00:18:04+00:00\",\"breadcrumb\":{\"@id\":\"https:\\\/\\\/districos.standingout.be\\\/fr\\\/product\\\/anesi-coffret-cellular-3-age-control-4-traitements-ref-4281-01\\\/#breadcrumb\"},\"inLanguage\":\"fr-FR\",\"potentialAction\":[{\"@type\":\"ReadAction\",\"target\":[\"https:\\\/\\\/districos.standingout.be\\\/fr\\\/product\\\/anesi-coffret-cellular-3-age-control-4-traitements-ref-4281-01\\\/\"]}]},{\"@type\":\"ImageObject\",\"inLanguage\":\"fr-FR\",\"@id\":\"https:\\\/\\\/districos.standingout.be\\\/fr\\\/product\\\/anesi-coffret-cellular-3-age-control-4-traitements-ref-4281-01\\\/#primaryimage\",\"url\":\"https:\\\/\\\/districos.standingout.be\\\/wp-content\\\/uploads\\\/2025\\\/07\\\/4281.01@LowRes_1.png\",\"contentUrl\":\"https:\\\/\\\/districos.standingout.be\\\/wp-content\\\/uploads\\\/2025\\\/07\\\/4281.01@LowRes_1.png\",\"width\":600,\"height\":600},{\"@type\":\"BreadcrumbList\",\"@id\":\"https:\\\/\\\/districos.standingout.be\\\/fr\\\/product\\\/anesi-coffret-cellular-3-age-control-4-traitements-ref-4281-01\\\/#breadcrumb\",\"itemListElement\":[{\"@type\":\"ListItem\",\"position\":1,\"name\":\"Home\",\"item\":\"https:\\\/\\\/districos.standingout.be\\\/fr\\\/bienvenue-chez-districos\\\/\"},{\"@type\":\"ListItem\",\"position\":2,\"name\":\"Boutique\",\"item\":\"https:\\\/\\\/districos.standingout.be\\\/fr\\\/boutique\\\/\"},{\"@type\":\"ListItem\",\"position\":3,\"name\":\"Anesi Coffret Cellular 3 Age Control 4 traitements\"}]},{\"@type\":\"WebSite\",\"@id\":\"https:\\\/\\\/districos.standingout.be\\\/fr\\\/#website\",\"url\":\"https:\\\/\\\/districos.standingout.be\\\/fr\\\/\",\"name\":\"Districos Webshop\",\"description\":\"\",\"publisher\":{\"@id\":\"https:\\\/\\\/districos.standingout.be\\\/fr\\\/#organization\"},\"potentialAction\":[{\"@type\":\"SearchAction\",\"target\":{\"@type\":\"EntryPoint\",\"urlTemplate\":\"https:\\\/\\\/districos.standingout.be\\\/fr\\\/?s={search_term_string}\"},\"query-input\":{\"@type\":\"PropertyValueSpecification\",\"valueRequired\":true,\"valueName\":\"search_term_string\"}}],\"inLanguage\":\"fr-FR\"},{\"@type\":\"Organization\",\"@id\":\"https:\\\/\\\/districos.standingout.be\\\/fr\\\/#organization\",\"name\":\"Districos Webshop\",\"url\":\"https:\\\/\\\/districos.standingout.be\\\/fr\\\/\",\"logo\":{\"@type\":\"ImageObject\",\"inLanguage\":\"fr-FR\",\"@id\":\"https:\\\/\\\/districos.standingout.be\\\/fr\\\/#\\\/schema\\\/logo\\\/image\\\/\",\"url\":\"https:\\\/\\\/districos.standingout.be\\\/wp-content\\\/uploads\\\/2022\\\/09\\\/Districos_Logo_Webshop.svg\",\"contentUrl\":\"https:\\\/\\\/districos.standingout.be\\\/wp-content\\\/uploads\\\/2022\\\/09\\\/Districos_Logo_Webshop.svg\",\"caption\":\"Districos Webshop\"},\"image\":{\"@id\":\"https:\\\/\\\/districos.standingout.be\\\/fr\\\/#\\\/schema\\\/logo\\\/image\\\/\"}}]}<\/script>\n<!-- \/ Yoast SEO plugin. -->","yoast_head_json":{"title":"Anesi Coffret Cellular 3 Age Control 4 traitements - Districos Webshop","robots":{"index":"noindex","follow":"follow","max-snippet":"max-snippet:-1","max-image-preview":"max-image-preview:large","max-video-preview":"max-video-preview:-1"},"og_locale":"fr_FR","og_type":"article","og_title":"Anesi Coffret Cellular 3 Age Control 4 traitements - Districos Webshop","og_description":"Ce coffret contient des produits pour 4 soins de cabine anti\u00e2ge qui traitent les 3 causes scientifiquement prouv\u00e9es du vieillissement cutan\u00e9 pour une diminution visible des sympt\u00f4mes suivants : rides, peau terne, taches pigmentaires, texture irr\u00e9guli\u00e8re, sensibilit\u00e9. Le traitement se compose d&rsquo;un peeling enzymatique intensif \u00e0 base d&rsquo;acides de fruits AHA qui stimulent le renouvellement [&hellip;]","og_url":"https:\/\/districos.standingout.be\/fr\/product\/anesi-coffret-cellular-3-age-control-4-traitements-ref-4281-01\/","og_site_name":"Districos Webshop","article_modified_time":"2026-04-28T00:18:04+00:00","og_image":[{"width":600,"height":600,"url":"https:\/\/districos.standingout.be\/wp-content\/uploads\/2025\/07\/4281.01@LowRes_1.png","type":"image\/png"}],"twitter_card":"summary_large_image","twitter_misc":{"Dur\u00e9e de lecture estim\u00e9e":"1 minute"},"schema":{"@context":"https:\/\/schema.org","@graph":[{"@type":"WebPage","@id":"https:\/\/districos.standingout.be\/fr\/product\/anesi-coffret-cellular-3-age-control-4-traitements-ref-4281-01\/","url":"https:\/\/districos.standingout.be\/fr\/product\/anesi-coffret-cellular-3-age-control-4-traitements-ref-4281-01\/","name":"Anesi Coffret Cellular 3 Age Control 4 traitements - Districos Webshop","isPartOf":{"@id":"https:\/\/districos.standingout.be\/fr\/#website"},"primaryImageOfPage":{"@id":"https:\/\/districos.standingout.be\/fr\/product\/anesi-coffret-cellular-3-age-control-4-traitements-ref-4281-01\/#primaryimage"},"image":{"@id":"https:\/\/districos.standingout.be\/fr\/product\/anesi-coffret-cellular-3-age-control-4-traitements-ref-4281-01\/#primaryimage"},"thumbnailUrl":"https:\/\/districos.standingout.be\/wp-content\/uploads\/2025\/07\/4281.01@LowRes_1.png","datePublished":"2026-04-28T00:18:00+00:00","dateModified":"2026-04-28T00:18:04+00:00","breadcrumb":{"@id":"https:\/\/districos.standingout.be\/fr\/product\/anesi-coffret-cellular-3-age-control-4-traitements-ref-4281-01\/#breadcrumb"},"inLanguage":"fr-FR","potentialAction":[{"@type":"ReadAction","target":["https:\/\/districos.standingout.be\/fr\/product\/anesi-coffret-cellular-3-age-control-4-traitements-ref-4281-01\/"]}]},{"@type":"ImageObject","inLanguage":"fr-FR","@id":"https:\/\/districos.standingout.be\/fr\/product\/anesi-coffret-cellular-3-age-control-4-traitements-ref-4281-01\/#primaryimage","url":"https:\/\/districos.standingout.be\/wp-content\/uploads\/2025\/07\/4281.01@LowRes_1.png","contentUrl":"https:\/\/districos.standingout.be\/wp-content\/uploads\/2025\/07\/4281.01@LowRes_1.png","width":600,"height":600},{"@type":"BreadcrumbList","@id":"https:\/\/districos.standingout.be\/fr\/product\/anesi-coffret-cellular-3-age-control-4-traitements-ref-4281-01\/#breadcrumb","itemListElement":[{"@type":"ListItem","position":1,"name":"Home","item":"https:\/\/districos.standingout.be\/fr\/bienvenue-chez-districos\/"},{"@type":"ListItem","position":2,"name":"Boutique","item":"https:\/\/districos.standingout.be\/fr\/boutique\/"},{"@type":"ListItem","position":3,"name":"Anesi Coffret Cellular 3 Age Control 4 traitements"}]},{"@type":"WebSite","@id":"https:\/\/districos.standingout.be\/fr\/#website","url":"https:\/\/districos.standingout.be\/fr\/","name":"Districos Webshop","description":"","publisher":{"@id":"https:\/\/districos.standingout.be\/fr\/#organization"},"potentialAction":[{"@type":"SearchAction","target":{"@type":"EntryPoint","urlTemplate":"https:\/\/districos.standingout.be\/fr\/?s={search_term_string}"},"query-input":{"@type":"PropertyValueSpecification","valueRequired":true,"valueName":"search_term_string"}}],"inLanguage":"fr-FR"},{"@type":"Organization","@id":"https:\/\/districos.standingout.be\/fr\/#organization","name":"Districos Webshop","url":"https:\/\/districos.standingout.be\/fr\/","logo":{"@type":"ImageObject","inLanguage":"fr-FR","@id":"https:\/\/districos.standingout.be\/fr\/#\/schema\/logo\/image\/","url":"https:\/\/districos.standingout.be\/wp-content\/uploads\/2022\/09\/Districos_Logo_Webshop.svg","contentUrl":"https:\/\/districos.standingout.be\/wp-content\/uploads\/2022\/09\/Districos_Logo_Webshop.svg","caption":"Districos Webshop"},"image":{"@id":"https:\/\/districos.standingout.be\/fr\/#\/schema\/logo\/image\/"}}]}},"_links":{"self":[{"href":"https:\/\/districos.standingout.be\/fr\/wp-json\/wp\/v2\/product\/134379","targetHints":{"allow":["GET"]}}],"collection":[{"href":"https:\/\/districos.standingout.be\/fr\/wp-json\/wp\/v2\/product"}],"about":[{"href":"https:\/\/districos.standingout.be\/fr\/wp-json\/wp\/v2\/types\/product"}],"replies":[{"embeddable":true,"href":"https:\/\/districos.standingout.be\/fr\/wp-json\/wp\/v2\/comments?post=134379"}],"wp:featuredmedia":[{"embeddable":true,"href":"https:\/\/districos.standingout.be\/fr\/wp-json\/wp\/v2\/media\/71084"}],"wp:attachment":[{"href":"https:\/\/districos.standingout.be\/fr\/wp-json\/wp\/v2\/media?parent=134379"}],"wp:term":[{"taxonomy":"product_brand","embeddable":true,"href":"https:\/\/districos.standingout.be\/fr\/wp-json\/wp\/v2\/product_brand?post=134379"},{"taxonomy":"product_cat","embeddable":true,"href":"https:\/\/districos.standingout.be\/fr\/wp-json\/wp\/v2\/product_cat?post=134379"},{"taxonomy":"product_tag","embeddable":true,"href":"https:\/\/districos.standingout.be\/fr\/wp-json\/wp\/v2\/product_tag?post=134379"}],"curies":[{"name":"wp","href":"https:\/\/api.w.org\/{rel}","templated":true}]}}