{"id":134403,"date":"2026-04-28T02:19:05","date_gmt":"2026-04-28T00:19:05","guid":{"rendered":"https:\/\/webshopdistricoscom.webhosting.be\/product\/anesi-luminosity-melabright-serum-30-ml-ref-4300-42-2\/"},"modified":"2026-04-28T02:19:10","modified_gmt":"2026-04-28T00:19:10","slug":"anesi-luminosity-melabright-serum-30-ml-ref-4300-42","status":"publish","type":"product","link":"https:\/\/districos.standingout.be\/fr\/product\/anesi-luminosity-melabright-serum-30-ml-ref-4300-42\/","title":{"rendered":"Anesi Luminosity MelaBright S\u00e9rum 30 ml"},"content":{"rendered":"<p >\n<\/p>\n<\/p>\n<\/p>\n<\/p>\n<\/p>\n<\/p>\n<p>Le <b>Luminosity Melabright Serum<\/b> est un s\u00e9rum hydratant et \u00e9claircissant qui agit en profondeur pour <b>att\u00e9nuer les taches brunes<\/b> et favoriser <b>un teint uniforme<\/b>. Sa texture douce et soyeuse p\u00e9n\u00e8tre rapidement et constitue la base id\u00e9ale pour votre routine de soins de la peau.<br \/>Conditionnement : 30 ml.<br \/>Ingr\u00e9dients actifs : <\/p>\n<ul>\n<li><b>Acide tranexamique<\/b> \u2013 Inhibe la production de m\u00e9lanine pour unifier le teint et lui donner un \u00e9clat radieux. Gr\u00e2ce \u00e0 un syst\u00e8me de transport innovant, il p\u00e9n\u00e8tre en profondeur dans la peau.<\/li>\n<li><b>Azeloglicina<\/b> \u2013 Am\u00e9liore consid\u00e9rablement la clart\u00e9 de la peau et inhibe la production de m\u00e9lanine, r\u00e9duisant ainsi les taches pigmentaires.<\/li>\n<li><b>Complexe botanique<\/b> \u2013 Les extraits de racine de r\u00e9glisse et de ferment d&rsquo;aspergillus aident \u00e0 \u00e9claircir et \u00e0 uniformiser la peau.<\/li>\n<li><b>Allanto\u00efne<\/b> \u2013 Apaise, hydrate et stimule le renouvellement cellulaire.<\/li>\n<li><b>Niacinamide<\/b> \u2013 Assure une peau \u00e9quilibr\u00e9e et \u00e9clatante et affine le teint.<\/li>\n<\/ul>\n<p><b>Mode d&#8217;emploi<\/b><br \/>Appliquez quotidiennement sur une peau nettoy\u00e9e<\/p>\n<ul>\n<li>le matin avant votre SPF (<a href=\"https:\/\/webshop.districos.com\/ProductDetail\/4300.43\" target=\"_blank\" rel=\"noopener noreferrer nofollow\"> Luminosity SPF 50+ protection cream<\/a> ou <a href=\"https:\/\/webshop.districos.com\/ProductDetail\/4111.01\" target=\"_blank\" rel=\"noopener noreferrer nofollow\">Solar Shield Daily SPF30 Cream<\/a> ou <a href=\"https:\/\/webshop.districos.com\/search?SearchText=CC%20glow\" target=\"_blank\" rel=\"noopener noreferrer nofollow\">CC Glow Cream SPF30<\/a>) ou autres cr\u00e8mes<\/li>\n<li>le soir avant votre cr\u00e8me de nuit (<a href=\"https:\/\/webshop.districos.com\/ProductDetail\/4300.45\" target=\"_blank\" rel=\"noopener noreferrer nofollow\"> MelaPerfect Night Cream<\/a> ou <a href=\"https:\/\/webshop.districos.com\/ProductDetail\/4300.73\" target=\"_blank\" rel=\"noopener noreferrer nofollow\"> Epigenesse Replenishing Night Cream<\/a>)<\/li>\n<\/ul>\n<p><b>\u00c9galement disponible<\/b><\/p>\n<ul>\n<li>\u00c9chantillon de 2 ml (<a href=\"https:\/\/districos.com\/ProductDetail\/9475.41\" target=\"_blank\" rel=\"noopener noreferrer nofollow\"><u>r\u00e9f. 9475.41<\/u><\/a>)<\/li>\n<\/ul><\/p>\n","protected":false},"excerpt":{"rendered":"<p>Le Luminosity Melabright Serum est un s\u00e9rum hydratant et \u00e9claircissant qui agit en profondeur pour att\u00e9nuer les taches brunes et favoriser un teint uniforme. Sa texture douce et soyeuse p\u00e9n\u00e8tre rapidement et constitue la base id\u00e9ale pour votre routine de soins de la peau.Conditionnement : 30 ml.Ingr\u00e9dients actifs : Acide tranexamique \u2013 Inhibe la production [&hellip;]<\/p>\n","protected":false},"featured_media":144171,"comment_status":"open","ping_status":"closed","template":"","meta":{"_acf_changed":false},"product_brand":[10280],"product_cat":[9858],"product_tag":[],"class_list":{"0":"post-134403","1":"product","2":"type-product","3":"status-publish","4":"has-post-thumbnail","6":"product_brand-anesi-fr","7":"product_cat-beaute-visage-anesi-visage","9":"first","10":"instock","11":"taxable","12":"shipping-taxable","13":"product-type-simple"},"acf":[],"yoast_head":"<!-- This site is optimized with the Yoast SEO plugin v27.3 - https:\/\/yoast.com\/product\/yoast-seo-wordpress\/ -->\n<title>Anesi Luminosity MelaBright S\u00e9rum 30 ml - Districos Webshop<\/title>\n<meta name=\"robots\" content=\"noindex, follow, max-snippet:-1, max-image-preview:large, max-video-preview:-1\" \/>\n<meta property=\"og:locale\" content=\"fr_FR\" \/>\n<meta property=\"og:type\" content=\"article\" \/>\n<meta property=\"og:title\" content=\"Anesi Luminosity MelaBright S\u00e9rum 30 ml - Districos Webshop\" \/>\n<meta property=\"og:description\" content=\"Le Luminosity Melabright Serum est un s\u00e9rum hydratant et \u00e9claircissant qui agit en profondeur pour att\u00e9nuer les taches brunes et favoriser un teint uniforme. Sa texture douce et soyeuse p\u00e9n\u00e8tre rapidement et constitue la base id\u00e9ale pour votre routine de soins de la peau.Conditionnement : 30 ml.Ingr\u00e9dients actifs : Acide tranexamique \u2013 Inhibe la production [&hellip;]\" \/>\n<meta property=\"og:url\" content=\"https:\/\/districos.standingout.be\/fr\/product\/anesi-luminosity-melabright-serum-30-ml-ref-4300-42\/\" \/>\n<meta property=\"og:site_name\" content=\"Districos Webshop\" \/>\n<meta property=\"article:modified_time\" content=\"2026-04-28T00:19:10+00:00\" \/>\n<meta property=\"og:image\" content=\"https:\/\/districos.standingout.be\/wp-content\/uploads\/2026\/04\/4300.42@Luminosity-MelaBright-Serum-30-ml_1-2.png\" \/>\n\t<meta property=\"og:image:width\" content=\"600\" \/>\n\t<meta property=\"og:image:height\" content=\"600\" \/>\n\t<meta property=\"og:image:type\" content=\"image\/png\" \/>\n<meta name=\"twitter:card\" content=\"summary_large_image\" \/>\n<meta name=\"twitter:label1\" content=\"Dur\u00e9e de lecture estim\u00e9e\" \/>\n\t<meta name=\"twitter:data1\" content=\"1 minute\" \/>\n<script type=\"application\/ld+json\" class=\"yoast-schema-graph\">{\"@context\":\"https:\\\/\\\/schema.org\",\"@graph\":[{\"@type\":\"WebPage\",\"@id\":\"https:\\\/\\\/districos.standingout.be\\\/fr\\\/product\\\/anesi-luminosity-melabright-serum-30-ml-ref-4300-42\\\/\",\"url\":\"https:\\\/\\\/districos.standingout.be\\\/fr\\\/product\\\/anesi-luminosity-melabright-serum-30-ml-ref-4300-42\\\/\",\"name\":\"Anesi Luminosity MelaBright S\u00e9rum 30 ml - Districos Webshop\",\"isPartOf\":{\"@id\":\"https:\\\/\\\/districos.standingout.be\\\/fr\\\/#website\"},\"primaryImageOfPage\":{\"@id\":\"https:\\\/\\\/districos.standingout.be\\\/fr\\\/product\\\/anesi-luminosity-melabright-serum-30-ml-ref-4300-42\\\/#primaryimage\"},\"image\":{\"@id\":\"https:\\\/\\\/districos.standingout.be\\\/fr\\\/product\\\/anesi-luminosity-melabright-serum-30-ml-ref-4300-42\\\/#primaryimage\"},\"thumbnailUrl\":\"https:\\\/\\\/districos.standingout.be\\\/wp-content\\\/uploads\\\/2026\\\/04\\\/4300.42@Luminosity-MelaBright-Serum-30-ml_1-3.png\",\"datePublished\":\"2026-04-28T00:19:05+00:00\",\"dateModified\":\"2026-04-28T00:19:10+00:00\",\"breadcrumb\":{\"@id\":\"https:\\\/\\\/districos.standingout.be\\\/fr\\\/product\\\/anesi-luminosity-melabright-serum-30-ml-ref-4300-42\\\/#breadcrumb\"},\"inLanguage\":\"fr-FR\",\"potentialAction\":[{\"@type\":\"ReadAction\",\"target\":[\"https:\\\/\\\/districos.standingout.be\\\/fr\\\/product\\\/anesi-luminosity-melabright-serum-30-ml-ref-4300-42\\\/\"]}]},{\"@type\":\"ImageObject\",\"inLanguage\":\"fr-FR\",\"@id\":\"https:\\\/\\\/districos.standingout.be\\\/fr\\\/product\\\/anesi-luminosity-melabright-serum-30-ml-ref-4300-42\\\/#primaryimage\",\"url\":\"https:\\\/\\\/districos.standingout.be\\\/wp-content\\\/uploads\\\/2026\\\/04\\\/4300.42@Luminosity-MelaBright-Serum-30-ml_1-3.png\",\"contentUrl\":\"https:\\\/\\\/districos.standingout.be\\\/wp-content\\\/uploads\\\/2026\\\/04\\\/4300.42@Luminosity-MelaBright-Serum-30-ml_1-3.png\",\"width\":600,\"height\":600},{\"@type\":\"BreadcrumbList\",\"@id\":\"https:\\\/\\\/districos.standingout.be\\\/fr\\\/product\\\/anesi-luminosity-melabright-serum-30-ml-ref-4300-42\\\/#breadcrumb\",\"itemListElement\":[{\"@type\":\"ListItem\",\"position\":1,\"name\":\"Home\",\"item\":\"https:\\\/\\\/districos.standingout.be\\\/fr\\\/bienvenue-chez-districos\\\/\"},{\"@type\":\"ListItem\",\"position\":2,\"name\":\"Boutique\",\"item\":\"https:\\\/\\\/districos.standingout.be\\\/fr\\\/boutique\\\/\"},{\"@type\":\"ListItem\",\"position\":3,\"name\":\"Anesi Luminosity MelaBright S\u00e9rum 30 ml\"}]},{\"@type\":\"WebSite\",\"@id\":\"https:\\\/\\\/districos.standingout.be\\\/fr\\\/#website\",\"url\":\"https:\\\/\\\/districos.standingout.be\\\/fr\\\/\",\"name\":\"Districos Webshop\",\"description\":\"\",\"publisher\":{\"@id\":\"https:\\\/\\\/districos.standingout.be\\\/fr\\\/#organization\"},\"potentialAction\":[{\"@type\":\"SearchAction\",\"target\":{\"@type\":\"EntryPoint\",\"urlTemplate\":\"https:\\\/\\\/districos.standingout.be\\\/fr\\\/?s={search_term_string}\"},\"query-input\":{\"@type\":\"PropertyValueSpecification\",\"valueRequired\":true,\"valueName\":\"search_term_string\"}}],\"inLanguage\":\"fr-FR\"},{\"@type\":\"Organization\",\"@id\":\"https:\\\/\\\/districos.standingout.be\\\/fr\\\/#organization\",\"name\":\"Districos Webshop\",\"url\":\"https:\\\/\\\/districos.standingout.be\\\/fr\\\/\",\"logo\":{\"@type\":\"ImageObject\",\"inLanguage\":\"fr-FR\",\"@id\":\"https:\\\/\\\/districos.standingout.be\\\/fr\\\/#\\\/schema\\\/logo\\\/image\\\/\",\"url\":\"https:\\\/\\\/districos.standingout.be\\\/wp-content\\\/uploads\\\/2022\\\/09\\\/Districos_Logo_Webshop.svg\",\"contentUrl\":\"https:\\\/\\\/districos.standingout.be\\\/wp-content\\\/uploads\\\/2022\\\/09\\\/Districos_Logo_Webshop.svg\",\"caption\":\"Districos Webshop\"},\"image\":{\"@id\":\"https:\\\/\\\/districos.standingout.be\\\/fr\\\/#\\\/schema\\\/logo\\\/image\\\/\"}}]}<\/script>\n<!-- \/ Yoast SEO plugin. -->","yoast_head_json":{"title":"Anesi Luminosity MelaBright S\u00e9rum 30 ml - Districos Webshop","robots":{"index":"noindex","follow":"follow","max-snippet":"max-snippet:-1","max-image-preview":"max-image-preview:large","max-video-preview":"max-video-preview:-1"},"og_locale":"fr_FR","og_type":"article","og_title":"Anesi Luminosity MelaBright S\u00e9rum 30 ml - Districos Webshop","og_description":"Le Luminosity Melabright Serum est un s\u00e9rum hydratant et \u00e9claircissant qui agit en profondeur pour att\u00e9nuer les taches brunes et favoriser un teint uniforme. Sa texture douce et soyeuse p\u00e9n\u00e8tre rapidement et constitue la base id\u00e9ale pour votre routine de soins de la peau.Conditionnement : 30 ml.Ingr\u00e9dients actifs : Acide tranexamique \u2013 Inhibe la production [&hellip;]","og_url":"https:\/\/districos.standingout.be\/fr\/product\/anesi-luminosity-melabright-serum-30-ml-ref-4300-42\/","og_site_name":"Districos Webshop","article_modified_time":"2026-04-28T00:19:10+00:00","og_image":[{"width":600,"height":600,"url":"https:\/\/districos.standingout.be\/wp-content\/uploads\/2026\/04\/4300.42@Luminosity-MelaBright-Serum-30-ml_1-2.png","type":"image\/png"}],"twitter_card":"summary_large_image","twitter_misc":{"Dur\u00e9e de lecture estim\u00e9e":"1 minute"},"schema":{"@context":"https:\/\/schema.org","@graph":[{"@type":"WebPage","@id":"https:\/\/districos.standingout.be\/fr\/product\/anesi-luminosity-melabright-serum-30-ml-ref-4300-42\/","url":"https:\/\/districos.standingout.be\/fr\/product\/anesi-luminosity-melabright-serum-30-ml-ref-4300-42\/","name":"Anesi Luminosity MelaBright S\u00e9rum 30 ml - Districos Webshop","isPartOf":{"@id":"https:\/\/districos.standingout.be\/fr\/#website"},"primaryImageOfPage":{"@id":"https:\/\/districos.standingout.be\/fr\/product\/anesi-luminosity-melabright-serum-30-ml-ref-4300-42\/#primaryimage"},"image":{"@id":"https:\/\/districos.standingout.be\/fr\/product\/anesi-luminosity-melabright-serum-30-ml-ref-4300-42\/#primaryimage"},"thumbnailUrl":"https:\/\/districos.standingout.be\/wp-content\/uploads\/2026\/04\/4300.42@Luminosity-MelaBright-Serum-30-ml_1-3.png","datePublished":"2026-04-28T00:19:05+00:00","dateModified":"2026-04-28T00:19:10+00:00","breadcrumb":{"@id":"https:\/\/districos.standingout.be\/fr\/product\/anesi-luminosity-melabright-serum-30-ml-ref-4300-42\/#breadcrumb"},"inLanguage":"fr-FR","potentialAction":[{"@type":"ReadAction","target":["https:\/\/districos.standingout.be\/fr\/product\/anesi-luminosity-melabright-serum-30-ml-ref-4300-42\/"]}]},{"@type":"ImageObject","inLanguage":"fr-FR","@id":"https:\/\/districos.standingout.be\/fr\/product\/anesi-luminosity-melabright-serum-30-ml-ref-4300-42\/#primaryimage","url":"https:\/\/districos.standingout.be\/wp-content\/uploads\/2026\/04\/4300.42@Luminosity-MelaBright-Serum-30-ml_1-3.png","contentUrl":"https:\/\/districos.standingout.be\/wp-content\/uploads\/2026\/04\/4300.42@Luminosity-MelaBright-Serum-30-ml_1-3.png","width":600,"height":600},{"@type":"BreadcrumbList","@id":"https:\/\/districos.standingout.be\/fr\/product\/anesi-luminosity-melabright-serum-30-ml-ref-4300-42\/#breadcrumb","itemListElement":[{"@type":"ListItem","position":1,"name":"Home","item":"https:\/\/districos.standingout.be\/fr\/bienvenue-chez-districos\/"},{"@type":"ListItem","position":2,"name":"Boutique","item":"https:\/\/districos.standingout.be\/fr\/boutique\/"},{"@type":"ListItem","position":3,"name":"Anesi Luminosity MelaBright S\u00e9rum 30 ml"}]},{"@type":"WebSite","@id":"https:\/\/districos.standingout.be\/fr\/#website","url":"https:\/\/districos.standingout.be\/fr\/","name":"Districos Webshop","description":"","publisher":{"@id":"https:\/\/districos.standingout.be\/fr\/#organization"},"potentialAction":[{"@type":"SearchAction","target":{"@type":"EntryPoint","urlTemplate":"https:\/\/districos.standingout.be\/fr\/?s={search_term_string}"},"query-input":{"@type":"PropertyValueSpecification","valueRequired":true,"valueName":"search_term_string"}}],"inLanguage":"fr-FR"},{"@type":"Organization","@id":"https:\/\/districos.standingout.be\/fr\/#organization","name":"Districos Webshop","url":"https:\/\/districos.standingout.be\/fr\/","logo":{"@type":"ImageObject","inLanguage":"fr-FR","@id":"https:\/\/districos.standingout.be\/fr\/#\/schema\/logo\/image\/","url":"https:\/\/districos.standingout.be\/wp-content\/uploads\/2022\/09\/Districos_Logo_Webshop.svg","contentUrl":"https:\/\/districos.standingout.be\/wp-content\/uploads\/2022\/09\/Districos_Logo_Webshop.svg","caption":"Districos Webshop"},"image":{"@id":"https:\/\/districos.standingout.be\/fr\/#\/schema\/logo\/image\/"}}]}},"_links":{"self":[{"href":"https:\/\/districos.standingout.be\/fr\/wp-json\/wp\/v2\/product\/134403","targetHints":{"allow":["GET"]}}],"collection":[{"href":"https:\/\/districos.standingout.be\/fr\/wp-json\/wp\/v2\/product"}],"about":[{"href":"https:\/\/districos.standingout.be\/fr\/wp-json\/wp\/v2\/types\/product"}],"replies":[{"embeddable":true,"href":"https:\/\/districos.standingout.be\/fr\/wp-json\/wp\/v2\/comments?post=134403"}],"wp:featuredmedia":[{"embeddable":true,"href":"https:\/\/districos.standingout.be\/fr\/wp-json\/wp\/v2\/media\/144171"}],"wp:attachment":[{"href":"https:\/\/districos.standingout.be\/fr\/wp-json\/wp\/v2\/media?parent=134403"}],"wp:term":[{"taxonomy":"product_brand","embeddable":true,"href":"https:\/\/districos.standingout.be\/fr\/wp-json\/wp\/v2\/product_brand?post=134403"},{"taxonomy":"product_cat","embeddable":true,"href":"https:\/\/districos.standingout.be\/fr\/wp-json\/wp\/v2\/product_cat?post=134403"},{"taxonomy":"product_tag","embeddable":true,"href":"https:\/\/districos.standingout.be\/fr\/wp-json\/wp\/v2\/product_tag?post=134403"}],"curies":[{"name":"wp","href":"https:\/\/api.w.org\/{rel}","templated":true}]}}