{"id":134407,"date":"2026-04-28T02:19:14","date_gmt":"2026-04-28T00:19:14","guid":{"rendered":"https:\/\/webshopdistricoscom.webhosting.be\/product\/anesi-luminosity-melaspot-eclaircissant-15-ml-ref-4300-44\/"},"modified":"2026-04-28T02:19:18","modified_gmt":"2026-04-28T00:19:18","slug":"anesi-luminosity-melaspot-eclaircissant-15-ml-ref-4300-44","status":"publish","type":"product","link":"https:\/\/districos.standingout.be\/fr\/product\/anesi-luminosity-melaspot-eclaircissant-15-ml-ref-4300-44\/","title":{"rendered":"Anesi Luminosity MelaSpot \u00c9claircissant 15 ml"},"content":{"rendered":"<p >\n<\/p>\n<\/p>\n<\/p>\n<\/p>\n<p data-start=\"100\" data-end=\"327\"><strong data-start=\"100\" data-end=\"200\">MELASPOT ERASER &#8211; TRAITEMENT DES TACHES PIGMENTAIRES AVEC BIO-MICRONEEDLING<\/strong><br data-start=\"200\" data-end=\"203\">Traitement sp\u00e9cialis\u00e9 \u00e0 base d&rsquo;ingr\u00e9dients de haute qualit\u00e9 pour un teint uniforme et lumineux. Gr\u00e2ce au <b>bio-microneedling<\/b>, les actifs p\u00e9n\u00e8trent plus profond\u00e9ment dans la peau, offrant des r\u00e9sultats visibles et durables.<\/p>\n<p data-start=\"329\" data-end=\"352\"><span data-start=\"329\" data-end=\"350\"><u>Recommand\u00e9 pour :<\/u><\/span><\/p>\n<p data-start=\"329\" data-end=\"352\">\n<ul>\n<li><span>Taches sombres et pigmentation irr\u00e9guli\u00e8re<\/span><\/li>\n<li><span>Hyperpigmentation post-inflammatoire (par ex. due \u00e0 l&rsquo;acn\u00e9, \u00e0 l\u2019ecz\u00e9ma ou \u00e0 des cicatrices)<\/span><\/li>\n<li><span>Dommages caus\u00e9s par le soleil et hyperpigmentation (par ex. sur les mains ou le corps)<\/span><\/li>\n<\/ul>\n<p data-start=\"563\" data-end=\"589\"><span data-start=\"563\" data-end=\"587\"><u>Ingr\u00e9dients actifs :<\/u><\/span><\/p>\n<p data-start=\"563\" data-end=\"589\">\n<ul>\n<li><strong data-start=\"592\" data-end=\"610\">Azeloglycine :<\/strong><span>&nbsp;<\/span>Illumine visiblement la peau et inhibe la production de m\u00e9lanine et r\u00e9duit ainsi les taches pigmentaires.<\/li>\n<li><strong data-start=\"682\" data-end=\"709\">Spicules de Spongilla :<\/strong><span> \u00c9ponge d\u2019eau douce contenant de minuscules aiguilles naturelles (bio-microneedling) cr\u00e9ant des milliers de micro-canaux dans la peau. Cela permet une meilleure p\u00e9n\u00e9tration des actifs pour aider \u00e0 d\u00e9composer les taches pigmentaires.<\/span><\/li>\n<li><strong data-start=\"946\" data-end=\"984\">Acide tranexamique + Niacinamide :<\/strong><span> Actifs puissants d\u00e9livr\u00e9s via un syst\u00e8me d\u2019administration avanc\u00e9. R\u00e9duisent les taches, unifient le teint et am\u00e9liorent l\u2019\u00e9clat de la peau.<\/span><\/li>\n<\/ul>\n<p data-start=\"1126\" data-end=\"1147\"><span data-start=\"1126\" data-end=\"1145\"><u>Mode d\u2019emploi :<\/u><\/span><\/p>\n<p data-start=\"1126\" data-end=\"1147\">\n<ul>\n<li><span>\u00c0 appliquer de pr\u00e9f\u00e9rence le soir.<\/span><\/li>\n<li><strong data-start=\"1189\" data-end=\"1228\">En cas d\u2019hyperpigmentation tenace :<\/strong><span> Appliquer directement sur les taches apr\u00e8s avoir tonifi\u00e9 la peau avec le Luminosity Toner. R\u00e9p\u00e9ter 3 \u00e0 4 fois par semaine. Masser l\u00e9g\u00e8rement jusqu\u2019\u00e0 absorption compl\u00e8te, puis appliquer un s\u00e9rum et\/ou une cr\u00e8me adapt\u00e9s.<\/span><\/li>\n<li><strong data-start=\"1454\" data-end=\"1491\">En cas de peau sensible ou fine :<\/strong><span> Appliquer le produit apr\u00e8s le s\u00e9rum ou la cr\u00e8me de nuit, directement sur les zones concern\u00e9es. Masser doucement.<\/span><\/li>\n<li><span data-start=\"1606\" data-end=\"1636\">Pour un r\u00e9sultat optimal :<\/span><span> Utiliser en combinaison avec les autres produits de la gamme <\/span><em data-start=\"1698\" data-end=\"1710\">Luminosity<\/em><span>.<\/span><\/li>\n<li><span data-start=\"1714\" data-end=\"1729\">Attention :<\/span><span> \u00c9viter l\u2019exposition au soleil. Appliquer syst\u00e9matiquement une protection solaire SPF 50 le matin suivant.<\/span><\/li>\n<li><b>CONSEIL :<\/b> La concentration en spicules est 5x plus \u00e9lev\u00e9e dans le MelaSpot Eraser 10 ml \u00e0 usage professionel (disponible dans le Coffret Luminosity) \u00e0 appliquer lors des traitements professionels.<\/li>\n<\/ul>\n<p data-start=\"1837\" data-end=\"1859\"><span data-start=\"1837\" data-end=\"1857\"><u>Avertissements :<\/u><\/span><\/p>\n<p data-start=\"1837\" data-end=\"1859\">\n<ul>\n<li><span>Ne pas appliquer autour des yeux.<\/span><\/li>\n<li><span>Une sensation de picotement est possible : cela indique l\u2019action des spicules sur la pigmentation.<\/span><\/li>\n<li><span>Certaines peaux peuvent pr\u00e9senter des rougeurs temporaires.<\/span><\/li>\n<li><span>Ne pas utiliser en combinaison avec des traitements de microneedling ou \u00e0 base de r\u00e9tinol.<\/span><\/li>\n<li><span>Ne pas appliquer sur une peau irrit\u00e9e, br\u00fbl\u00e9e ou pr\u00e9sentant des plaies.<\/span><\/li>\n<\/ul><\/p>\n","protected":false},"excerpt":{"rendered":"<p>MELASPOT ERASER &#8211; TRAITEMENT DES TACHES PIGMENTAIRES AVEC BIO-MICRONEEDLINGTraitement sp\u00e9cialis\u00e9 \u00e0 base d&rsquo;ingr\u00e9dients de haute qualit\u00e9 pour un teint uniforme et lumineux. Gr\u00e2ce au bio-microneedling, les actifs p\u00e9n\u00e8trent plus profond\u00e9ment dans la peau, offrant des r\u00e9sultats visibles et durables. Recommand\u00e9 pour : Taches sombres et pigmentation irr\u00e9guli\u00e8re Hyperpigmentation post-inflammatoire (par ex. due \u00e0 l&rsquo;acn\u00e9, \u00e0 [&hellip;]<\/p>\n","protected":false},"featured_media":144177,"comment_status":"open","ping_status":"closed","template":"","meta":{"_acf_changed":false},"product_brand":[10280],"product_cat":[9858],"product_tag":[],"class_list":{"0":"post-134407","1":"product","2":"type-product","3":"status-publish","4":"has-post-thumbnail","6":"product_brand-anesi-fr","7":"product_cat-beaute-visage-anesi-visage","9":"first","10":"instock","11":"taxable","12":"shipping-taxable","13":"product-type-simple"},"acf":[],"yoast_head":"<!-- This site is optimized with the Yoast SEO plugin v27.3 - https:\/\/yoast.com\/product\/yoast-seo-wordpress\/ -->\n<title>Anesi Luminosity MelaSpot \u00c9claircissant 15 ml - Districos Webshop<\/title>\n<meta name=\"robots\" content=\"noindex, follow, max-snippet:-1, max-image-preview:large, max-video-preview:-1\" \/>\n<meta property=\"og:locale\" content=\"fr_FR\" \/>\n<meta property=\"og:type\" content=\"article\" \/>\n<meta property=\"og:title\" content=\"Anesi Luminosity MelaSpot \u00c9claircissant 15 ml - Districos Webshop\" \/>\n<meta property=\"og:description\" content=\"MELASPOT ERASER &#8211; TRAITEMENT DES TACHES PIGMENTAIRES AVEC BIO-MICRONEEDLINGTraitement sp\u00e9cialis\u00e9 \u00e0 base d&rsquo;ingr\u00e9dients de haute qualit\u00e9 pour un teint uniforme et lumineux. Gr\u00e2ce au bio-microneedling, les actifs p\u00e9n\u00e8trent plus profond\u00e9ment dans la peau, offrant des r\u00e9sultats visibles et durables. Recommand\u00e9 pour : Taches sombres et pigmentation irr\u00e9guli\u00e8re Hyperpigmentation post-inflammatoire (par ex. due \u00e0 l&rsquo;acn\u00e9, \u00e0 [&hellip;]\" \/>\n<meta property=\"og:url\" content=\"https:\/\/districos.standingout.be\/fr\/product\/anesi-luminosity-melaspot-eclaircissant-15-ml-ref-4300-44\/\" \/>\n<meta property=\"og:site_name\" content=\"Districos Webshop\" \/>\n<meta property=\"article:modified_time\" content=\"2026-04-28T00:19:18+00:00\" \/>\n<meta property=\"og:image\" content=\"https:\/\/districos.standingout.be\/wp-content\/uploads\/2026\/04\/4300.44@Luminosity-Eraser-10-ml_1-2.png\" \/>\n\t<meta property=\"og:image:width\" content=\"600\" \/>\n\t<meta property=\"og:image:height\" content=\"600\" \/>\n\t<meta property=\"og:image:type\" content=\"image\/png\" \/>\n<meta name=\"twitter:card\" content=\"summary_large_image\" \/>\n<meta name=\"twitter:label1\" content=\"Dur\u00e9e de lecture estim\u00e9e\" \/>\n\t<meta name=\"twitter:data1\" content=\"2 minutes\" \/>\n<script type=\"application\/ld+json\" class=\"yoast-schema-graph\">{\"@context\":\"https:\\\/\\\/schema.org\",\"@graph\":[{\"@type\":\"WebPage\",\"@id\":\"https:\\\/\\\/districos.standingout.be\\\/fr\\\/product\\\/anesi-luminosity-melaspot-eclaircissant-15-ml-ref-4300-44\\\/\",\"url\":\"https:\\\/\\\/districos.standingout.be\\\/fr\\\/product\\\/anesi-luminosity-melaspot-eclaircissant-15-ml-ref-4300-44\\\/\",\"name\":\"Anesi Luminosity MelaSpot \u00c9claircissant 15 ml - Districos Webshop\",\"isPartOf\":{\"@id\":\"https:\\\/\\\/districos.standingout.be\\\/fr\\\/#website\"},\"primaryImageOfPage\":{\"@id\":\"https:\\\/\\\/districos.standingout.be\\\/fr\\\/product\\\/anesi-luminosity-melaspot-eclaircissant-15-ml-ref-4300-44\\\/#primaryimage\"},\"image\":{\"@id\":\"https:\\\/\\\/districos.standingout.be\\\/fr\\\/product\\\/anesi-luminosity-melaspot-eclaircissant-15-ml-ref-4300-44\\\/#primaryimage\"},\"thumbnailUrl\":\"https:\\\/\\\/districos.standingout.be\\\/wp-content\\\/uploads\\\/2026\\\/04\\\/4300.44@Luminosity-Eraser-10-ml_1-3.png\",\"datePublished\":\"2026-04-28T00:19:14+00:00\",\"dateModified\":\"2026-04-28T00:19:18+00:00\",\"breadcrumb\":{\"@id\":\"https:\\\/\\\/districos.standingout.be\\\/fr\\\/product\\\/anesi-luminosity-melaspot-eclaircissant-15-ml-ref-4300-44\\\/#breadcrumb\"},\"inLanguage\":\"fr-FR\",\"potentialAction\":[{\"@type\":\"ReadAction\",\"target\":[\"https:\\\/\\\/districos.standingout.be\\\/fr\\\/product\\\/anesi-luminosity-melaspot-eclaircissant-15-ml-ref-4300-44\\\/\"]}]},{\"@type\":\"ImageObject\",\"inLanguage\":\"fr-FR\",\"@id\":\"https:\\\/\\\/districos.standingout.be\\\/fr\\\/product\\\/anesi-luminosity-melaspot-eclaircissant-15-ml-ref-4300-44\\\/#primaryimage\",\"url\":\"https:\\\/\\\/districos.standingout.be\\\/wp-content\\\/uploads\\\/2026\\\/04\\\/4300.44@Luminosity-Eraser-10-ml_1-3.png\",\"contentUrl\":\"https:\\\/\\\/districos.standingout.be\\\/wp-content\\\/uploads\\\/2026\\\/04\\\/4300.44@Luminosity-Eraser-10-ml_1-3.png\",\"width\":600,\"height\":600},{\"@type\":\"BreadcrumbList\",\"@id\":\"https:\\\/\\\/districos.standingout.be\\\/fr\\\/product\\\/anesi-luminosity-melaspot-eclaircissant-15-ml-ref-4300-44\\\/#breadcrumb\",\"itemListElement\":[{\"@type\":\"ListItem\",\"position\":1,\"name\":\"Home\",\"item\":\"https:\\\/\\\/districos.standingout.be\\\/fr\\\/bienvenue-chez-districos\\\/\"},{\"@type\":\"ListItem\",\"position\":2,\"name\":\"Boutique\",\"item\":\"https:\\\/\\\/districos.standingout.be\\\/fr\\\/boutique\\\/\"},{\"@type\":\"ListItem\",\"position\":3,\"name\":\"Anesi Luminosity MelaSpot \u00c9claircissant 15 ml\"}]},{\"@type\":\"WebSite\",\"@id\":\"https:\\\/\\\/districos.standingout.be\\\/fr\\\/#website\",\"url\":\"https:\\\/\\\/districos.standingout.be\\\/fr\\\/\",\"name\":\"Districos Webshop\",\"description\":\"\",\"publisher\":{\"@id\":\"https:\\\/\\\/districos.standingout.be\\\/fr\\\/#organization\"},\"potentialAction\":[{\"@type\":\"SearchAction\",\"target\":{\"@type\":\"EntryPoint\",\"urlTemplate\":\"https:\\\/\\\/districos.standingout.be\\\/fr\\\/?s={search_term_string}\"},\"query-input\":{\"@type\":\"PropertyValueSpecification\",\"valueRequired\":true,\"valueName\":\"search_term_string\"}}],\"inLanguage\":\"fr-FR\"},{\"@type\":\"Organization\",\"@id\":\"https:\\\/\\\/districos.standingout.be\\\/fr\\\/#organization\",\"name\":\"Districos Webshop\",\"url\":\"https:\\\/\\\/districos.standingout.be\\\/fr\\\/\",\"logo\":{\"@type\":\"ImageObject\",\"inLanguage\":\"fr-FR\",\"@id\":\"https:\\\/\\\/districos.standingout.be\\\/fr\\\/#\\\/schema\\\/logo\\\/image\\\/\",\"url\":\"https:\\\/\\\/districos.standingout.be\\\/wp-content\\\/uploads\\\/2022\\\/09\\\/Districos_Logo_Webshop.svg\",\"contentUrl\":\"https:\\\/\\\/districos.standingout.be\\\/wp-content\\\/uploads\\\/2022\\\/09\\\/Districos_Logo_Webshop.svg\",\"caption\":\"Districos Webshop\"},\"image\":{\"@id\":\"https:\\\/\\\/districos.standingout.be\\\/fr\\\/#\\\/schema\\\/logo\\\/image\\\/\"}}]}<\/script>\n<!-- \/ Yoast SEO plugin. -->","yoast_head_json":{"title":"Anesi Luminosity MelaSpot \u00c9claircissant 15 ml - Districos Webshop","robots":{"index":"noindex","follow":"follow","max-snippet":"max-snippet:-1","max-image-preview":"max-image-preview:large","max-video-preview":"max-video-preview:-1"},"og_locale":"fr_FR","og_type":"article","og_title":"Anesi Luminosity MelaSpot \u00c9claircissant 15 ml - Districos Webshop","og_description":"MELASPOT ERASER &#8211; TRAITEMENT DES TACHES PIGMENTAIRES AVEC BIO-MICRONEEDLINGTraitement sp\u00e9cialis\u00e9 \u00e0 base d&rsquo;ingr\u00e9dients de haute qualit\u00e9 pour un teint uniforme et lumineux. Gr\u00e2ce au bio-microneedling, les actifs p\u00e9n\u00e8trent plus profond\u00e9ment dans la peau, offrant des r\u00e9sultats visibles et durables. Recommand\u00e9 pour : Taches sombres et pigmentation irr\u00e9guli\u00e8re Hyperpigmentation post-inflammatoire (par ex. due \u00e0 l&rsquo;acn\u00e9, \u00e0 [&hellip;]","og_url":"https:\/\/districos.standingout.be\/fr\/product\/anesi-luminosity-melaspot-eclaircissant-15-ml-ref-4300-44\/","og_site_name":"Districos Webshop","article_modified_time":"2026-04-28T00:19:18+00:00","og_image":[{"width":600,"height":600,"url":"https:\/\/districos.standingout.be\/wp-content\/uploads\/2026\/04\/4300.44@Luminosity-Eraser-10-ml_1-2.png","type":"image\/png"}],"twitter_card":"summary_large_image","twitter_misc":{"Dur\u00e9e de lecture estim\u00e9e":"2 minutes"},"schema":{"@context":"https:\/\/schema.org","@graph":[{"@type":"WebPage","@id":"https:\/\/districos.standingout.be\/fr\/product\/anesi-luminosity-melaspot-eclaircissant-15-ml-ref-4300-44\/","url":"https:\/\/districos.standingout.be\/fr\/product\/anesi-luminosity-melaspot-eclaircissant-15-ml-ref-4300-44\/","name":"Anesi Luminosity MelaSpot \u00c9claircissant 15 ml - Districos Webshop","isPartOf":{"@id":"https:\/\/districos.standingout.be\/fr\/#website"},"primaryImageOfPage":{"@id":"https:\/\/districos.standingout.be\/fr\/product\/anesi-luminosity-melaspot-eclaircissant-15-ml-ref-4300-44\/#primaryimage"},"image":{"@id":"https:\/\/districos.standingout.be\/fr\/product\/anesi-luminosity-melaspot-eclaircissant-15-ml-ref-4300-44\/#primaryimage"},"thumbnailUrl":"https:\/\/districos.standingout.be\/wp-content\/uploads\/2026\/04\/4300.44@Luminosity-Eraser-10-ml_1-3.png","datePublished":"2026-04-28T00:19:14+00:00","dateModified":"2026-04-28T00:19:18+00:00","breadcrumb":{"@id":"https:\/\/districos.standingout.be\/fr\/product\/anesi-luminosity-melaspot-eclaircissant-15-ml-ref-4300-44\/#breadcrumb"},"inLanguage":"fr-FR","potentialAction":[{"@type":"ReadAction","target":["https:\/\/districos.standingout.be\/fr\/product\/anesi-luminosity-melaspot-eclaircissant-15-ml-ref-4300-44\/"]}]},{"@type":"ImageObject","inLanguage":"fr-FR","@id":"https:\/\/districos.standingout.be\/fr\/product\/anesi-luminosity-melaspot-eclaircissant-15-ml-ref-4300-44\/#primaryimage","url":"https:\/\/districos.standingout.be\/wp-content\/uploads\/2026\/04\/4300.44@Luminosity-Eraser-10-ml_1-3.png","contentUrl":"https:\/\/districos.standingout.be\/wp-content\/uploads\/2026\/04\/4300.44@Luminosity-Eraser-10-ml_1-3.png","width":600,"height":600},{"@type":"BreadcrumbList","@id":"https:\/\/districos.standingout.be\/fr\/product\/anesi-luminosity-melaspot-eclaircissant-15-ml-ref-4300-44\/#breadcrumb","itemListElement":[{"@type":"ListItem","position":1,"name":"Home","item":"https:\/\/districos.standingout.be\/fr\/bienvenue-chez-districos\/"},{"@type":"ListItem","position":2,"name":"Boutique","item":"https:\/\/districos.standingout.be\/fr\/boutique\/"},{"@type":"ListItem","position":3,"name":"Anesi Luminosity MelaSpot \u00c9claircissant 15 ml"}]},{"@type":"WebSite","@id":"https:\/\/districos.standingout.be\/fr\/#website","url":"https:\/\/districos.standingout.be\/fr\/","name":"Districos Webshop","description":"","publisher":{"@id":"https:\/\/districos.standingout.be\/fr\/#organization"},"potentialAction":[{"@type":"SearchAction","target":{"@type":"EntryPoint","urlTemplate":"https:\/\/districos.standingout.be\/fr\/?s={search_term_string}"},"query-input":{"@type":"PropertyValueSpecification","valueRequired":true,"valueName":"search_term_string"}}],"inLanguage":"fr-FR"},{"@type":"Organization","@id":"https:\/\/districos.standingout.be\/fr\/#organization","name":"Districos Webshop","url":"https:\/\/districos.standingout.be\/fr\/","logo":{"@type":"ImageObject","inLanguage":"fr-FR","@id":"https:\/\/districos.standingout.be\/fr\/#\/schema\/logo\/image\/","url":"https:\/\/districos.standingout.be\/wp-content\/uploads\/2022\/09\/Districos_Logo_Webshop.svg","contentUrl":"https:\/\/districos.standingout.be\/wp-content\/uploads\/2022\/09\/Districos_Logo_Webshop.svg","caption":"Districos Webshop"},"image":{"@id":"https:\/\/districos.standingout.be\/fr\/#\/schema\/logo\/image\/"}}]}},"_links":{"self":[{"href":"https:\/\/districos.standingout.be\/fr\/wp-json\/wp\/v2\/product\/134407","targetHints":{"allow":["GET"]}}],"collection":[{"href":"https:\/\/districos.standingout.be\/fr\/wp-json\/wp\/v2\/product"}],"about":[{"href":"https:\/\/districos.standingout.be\/fr\/wp-json\/wp\/v2\/types\/product"}],"replies":[{"embeddable":true,"href":"https:\/\/districos.standingout.be\/fr\/wp-json\/wp\/v2\/comments?post=134407"}],"wp:featuredmedia":[{"embeddable":true,"href":"https:\/\/districos.standingout.be\/fr\/wp-json\/wp\/v2\/media\/144177"}],"wp:attachment":[{"href":"https:\/\/districos.standingout.be\/fr\/wp-json\/wp\/v2\/media?parent=134407"}],"wp:term":[{"taxonomy":"product_brand","embeddable":true,"href":"https:\/\/districos.standingout.be\/fr\/wp-json\/wp\/v2\/product_brand?post=134407"},{"taxonomy":"product_cat","embeddable":true,"href":"https:\/\/districos.standingout.be\/fr\/wp-json\/wp\/v2\/product_cat?post=134407"},{"taxonomy":"product_tag","embeddable":true,"href":"https:\/\/districos.standingout.be\/fr\/wp-json\/wp\/v2\/product_tag?post=134407"}],"curies":[{"name":"wp","href":"https:\/\/api.w.org\/{rel}","templated":true}]}}