{"id":134409,"date":"2026-04-28T02:19:18","date_gmt":"2026-04-28T00:19:18","guid":{"rendered":"https:\/\/webshopdistricoscom.webhosting.be\/product\/anesi-luminosity-melaperfect-creme-de-nuit-ref-4300-45\/"},"modified":"2026-04-28T02:19:22","modified_gmt":"2026-04-28T00:19:22","slug":"anesi-luminosity-melaperfect-creme-de-nuit-ref-4300-45","status":"publish","type":"product","link":"https:\/\/districos.standingout.be\/fr\/product\/anesi-luminosity-melaperfect-creme-de-nuit-ref-4300-45\/","title":{"rendered":"Anesi Luminosity MelaPerfect Cr\u00e8me de Nuit"},"content":{"rendered":"<p >\n<\/p>\n<p><b>MELAPERFECT CR\u00c8ME DE NUIT : R\u00c9VEILLEZ-VOUS AVEC UNE PEAU UNIFORME ET \u00c9CLATANTE<\/b><\/p>\n<p>Laissez votre peau se r\u00e9g\u00e9n\u00e9rer et se renouveler pendant la nuit gr\u00e2ce \u00e0 la cr\u00e8me de nuit Luminosity MelaPerfect. Ce soin intensif r\u00e9duit les taches pigmentaires, unifie le teint et illumine votre peau pendant votre sommeil. Cette cr\u00e8me riche et nourrissante hydrate en profondeur sans laisser de film gras, pour une peau plus lisse, plus fra\u00eeche et plus \u00e9clatante au r\u00e9veil.<\/p>\n<p><u>Ingr\u00e9dients cl\u00e9s :<\/u><\/p>\n<ul>\n<li><b>Acide tranexamique + niacinamide<\/b> : puissants principes actifs dans un syst\u00e8me de lib\u00e9ration avanc\u00e9. R\u00e9duisent la pigmentation, unifient le teint et am\u00e9liorent la luminosit\u00e9 de la peau.<\/li>\n<li><b>Acide glycolique :<\/b> exfolie en douceur, stimule le renouvellement cellulaire et augmente la production de collag\u00e8ne. La texture de la peau est ainsi affin\u00e9e et les rides sont moins visibles.<\/li>\n<li><b>Azeloglicina<\/b> : am\u00e9liore consid\u00e9rablement la luminosit\u00e9 de la peau, inhibe la production de m\u00e9lanine et r\u00e9duit ainsi les taches pigmentaires.<\/li>\n<li><b>Complexe botanique : <\/b>les extraits de racine de r\u00e9glisse et de ferment d&rsquo;Aspergillus aident \u00e0 \u00e9claircir et \u00e0 uniformiser le teint.<\/li>\n<li><b>Allanto\u00efne : <\/b>adoucit, hydrate et stimule le renouvellement cellulaire.<\/li>\n<\/ul>\n<p><u>Mode d&#8217;emploi :<\/u><\/p>\n<ul>\n<li>Appliquez 2 pompes chaque soir sur une peau nettoy\u00e9e ou apr\u00e8s votre s\u00e9rum.<\/li>\n<li>Massez doucement jusqu&rsquo;\u00e0 absorption compl\u00e8te de la cr\u00e8me.<\/li>\n<li>Utilisez toujours un SPF50+ le matin pour prot\u00e9ger votre peau et pr\u00e9venir l&rsquo;apparition de nouvelles taches pigmentaires.<\/li>\n<li>Pour des r\u00e9sultats optimaux, associez ce produit \u00e0 d&rsquo;autres produits de la gamme Luminosity.<\/li>\n<\/ul>\n","protected":false},"excerpt":{"rendered":"<p>MELAPERFECT CR\u00c8ME DE NUIT : R\u00c9VEILLEZ-VOUS AVEC UNE PEAU UNIFORME ET \u00c9CLATANTE Laissez votre peau se r\u00e9g\u00e9n\u00e9rer et se renouveler pendant la nuit gr\u00e2ce \u00e0 la cr\u00e8me de nuit Luminosity MelaPerfect. Ce soin intensif r\u00e9duit les taches pigmentaires, unifie le teint et illumine votre peau pendant votre sommeil. Cette cr\u00e8me riche et nourrissante hydrate en [&hellip;]<\/p>\n","protected":false},"featured_media":144183,"comment_status":"open","ping_status":"closed","template":"","meta":{"_acf_changed":false},"product_brand":[10280],"product_cat":[9858],"product_tag":[],"class_list":{"0":"post-134409","1":"product","2":"type-product","3":"status-publish","4":"has-post-thumbnail","6":"product_brand-anesi-fr","7":"product_cat-beaute-visage-anesi-visage","9":"first","10":"instock","11":"taxable","12":"shipping-taxable","13":"product-type-simple"},"acf":[],"yoast_head":"<!-- This site is optimized with the Yoast SEO plugin v27.3 - https:\/\/yoast.com\/product\/yoast-seo-wordpress\/ -->\n<title>Anesi Luminosity MelaPerfect Cr\u00e8me de Nuit - Districos Webshop<\/title>\n<meta name=\"robots\" content=\"noindex, follow, max-snippet:-1, max-image-preview:large, max-video-preview:-1\" \/>\n<meta property=\"og:locale\" content=\"fr_FR\" \/>\n<meta property=\"og:type\" content=\"article\" \/>\n<meta property=\"og:title\" content=\"Anesi Luminosity MelaPerfect Cr\u00e8me de Nuit - Districos Webshop\" \/>\n<meta property=\"og:description\" content=\"MELAPERFECT CR\u00c8ME DE NUIT : R\u00c9VEILLEZ-VOUS AVEC UNE PEAU UNIFORME ET \u00c9CLATANTE Laissez votre peau se r\u00e9g\u00e9n\u00e9rer et se renouveler pendant la nuit gr\u00e2ce \u00e0 la cr\u00e8me de nuit Luminosity MelaPerfect. Ce soin intensif r\u00e9duit les taches pigmentaires, unifie le teint et illumine votre peau pendant votre sommeil. Cette cr\u00e8me riche et nourrissante hydrate en [&hellip;]\" \/>\n<meta property=\"og:url\" content=\"https:\/\/districos.standingout.be\/fr\/product\/anesi-luminosity-melaperfect-creme-de-nuit-ref-4300-45\/\" \/>\n<meta property=\"og:site_name\" content=\"Districos Webshop\" \/>\n<meta property=\"article:modified_time\" content=\"2026-04-28T00:19:22+00:00\" \/>\n<meta property=\"og:image\" content=\"https:\/\/districos.standingout.be\/wp-content\/uploads\/2026\/04\/4300.45@Luminosity-Night-Clarify-Cream-50-ml_1-2.png\" \/>\n\t<meta property=\"og:image:width\" content=\"600\" \/>\n\t<meta property=\"og:image:height\" content=\"600\" \/>\n\t<meta property=\"og:image:type\" content=\"image\/png\" \/>\n<meta name=\"twitter:card\" content=\"summary_large_image\" \/>\n<meta name=\"twitter:label1\" content=\"Dur\u00e9e de lecture estim\u00e9e\" \/>\n\t<meta name=\"twitter:data1\" content=\"1 minute\" \/>\n<script type=\"application\/ld+json\" class=\"yoast-schema-graph\">{\"@context\":\"https:\\\/\\\/schema.org\",\"@graph\":[{\"@type\":\"WebPage\",\"@id\":\"https:\\\/\\\/districos.standingout.be\\\/fr\\\/product\\\/anesi-luminosity-melaperfect-creme-de-nuit-ref-4300-45\\\/\",\"url\":\"https:\\\/\\\/districos.standingout.be\\\/fr\\\/product\\\/anesi-luminosity-melaperfect-creme-de-nuit-ref-4300-45\\\/\",\"name\":\"Anesi Luminosity MelaPerfect Cr\u00e8me de Nuit - Districos Webshop\",\"isPartOf\":{\"@id\":\"https:\\\/\\\/districos.standingout.be\\\/fr\\\/#website\"},\"primaryImageOfPage\":{\"@id\":\"https:\\\/\\\/districos.standingout.be\\\/fr\\\/product\\\/anesi-luminosity-melaperfect-creme-de-nuit-ref-4300-45\\\/#primaryimage\"},\"image\":{\"@id\":\"https:\\\/\\\/districos.standingout.be\\\/fr\\\/product\\\/anesi-luminosity-melaperfect-creme-de-nuit-ref-4300-45\\\/#primaryimage\"},\"thumbnailUrl\":\"https:\\\/\\\/districos.standingout.be\\\/wp-content\\\/uploads\\\/2026\\\/04\\\/4300.45@Luminosity-Night-Clarify-Cream-50-ml_1-3.png\",\"datePublished\":\"2026-04-28T00:19:18+00:00\",\"dateModified\":\"2026-04-28T00:19:22+00:00\",\"breadcrumb\":{\"@id\":\"https:\\\/\\\/districos.standingout.be\\\/fr\\\/product\\\/anesi-luminosity-melaperfect-creme-de-nuit-ref-4300-45\\\/#breadcrumb\"},\"inLanguage\":\"fr-FR\",\"potentialAction\":[{\"@type\":\"ReadAction\",\"target\":[\"https:\\\/\\\/districos.standingout.be\\\/fr\\\/product\\\/anesi-luminosity-melaperfect-creme-de-nuit-ref-4300-45\\\/\"]}]},{\"@type\":\"ImageObject\",\"inLanguage\":\"fr-FR\",\"@id\":\"https:\\\/\\\/districos.standingout.be\\\/fr\\\/product\\\/anesi-luminosity-melaperfect-creme-de-nuit-ref-4300-45\\\/#primaryimage\",\"url\":\"https:\\\/\\\/districos.standingout.be\\\/wp-content\\\/uploads\\\/2026\\\/04\\\/4300.45@Luminosity-Night-Clarify-Cream-50-ml_1-3.png\",\"contentUrl\":\"https:\\\/\\\/districos.standingout.be\\\/wp-content\\\/uploads\\\/2026\\\/04\\\/4300.45@Luminosity-Night-Clarify-Cream-50-ml_1-3.png\",\"width\":600,\"height\":600},{\"@type\":\"BreadcrumbList\",\"@id\":\"https:\\\/\\\/districos.standingout.be\\\/fr\\\/product\\\/anesi-luminosity-melaperfect-creme-de-nuit-ref-4300-45\\\/#breadcrumb\",\"itemListElement\":[{\"@type\":\"ListItem\",\"position\":1,\"name\":\"Home\",\"item\":\"https:\\\/\\\/districos.standingout.be\\\/fr\\\/bienvenue-chez-districos\\\/\"},{\"@type\":\"ListItem\",\"position\":2,\"name\":\"Boutique\",\"item\":\"https:\\\/\\\/districos.standingout.be\\\/fr\\\/boutique\\\/\"},{\"@type\":\"ListItem\",\"position\":3,\"name\":\"Anesi Luminosity MelaPerfect Cr\u00e8me de Nuit\"}]},{\"@type\":\"WebSite\",\"@id\":\"https:\\\/\\\/districos.standingout.be\\\/fr\\\/#website\",\"url\":\"https:\\\/\\\/districos.standingout.be\\\/fr\\\/\",\"name\":\"Districos Webshop\",\"description\":\"\",\"publisher\":{\"@id\":\"https:\\\/\\\/districos.standingout.be\\\/fr\\\/#organization\"},\"potentialAction\":[{\"@type\":\"SearchAction\",\"target\":{\"@type\":\"EntryPoint\",\"urlTemplate\":\"https:\\\/\\\/districos.standingout.be\\\/fr\\\/?s={search_term_string}\"},\"query-input\":{\"@type\":\"PropertyValueSpecification\",\"valueRequired\":true,\"valueName\":\"search_term_string\"}}],\"inLanguage\":\"fr-FR\"},{\"@type\":\"Organization\",\"@id\":\"https:\\\/\\\/districos.standingout.be\\\/fr\\\/#organization\",\"name\":\"Districos Webshop\",\"url\":\"https:\\\/\\\/districos.standingout.be\\\/fr\\\/\",\"logo\":{\"@type\":\"ImageObject\",\"inLanguage\":\"fr-FR\",\"@id\":\"https:\\\/\\\/districos.standingout.be\\\/fr\\\/#\\\/schema\\\/logo\\\/image\\\/\",\"url\":\"https:\\\/\\\/districos.standingout.be\\\/wp-content\\\/uploads\\\/2022\\\/09\\\/Districos_Logo_Webshop.svg\",\"contentUrl\":\"https:\\\/\\\/districos.standingout.be\\\/wp-content\\\/uploads\\\/2022\\\/09\\\/Districos_Logo_Webshop.svg\",\"caption\":\"Districos Webshop\"},\"image\":{\"@id\":\"https:\\\/\\\/districos.standingout.be\\\/fr\\\/#\\\/schema\\\/logo\\\/image\\\/\"}}]}<\/script>\n<!-- \/ Yoast SEO plugin. -->","yoast_head_json":{"title":"Anesi Luminosity MelaPerfect Cr\u00e8me de Nuit - Districos Webshop","robots":{"index":"noindex","follow":"follow","max-snippet":"max-snippet:-1","max-image-preview":"max-image-preview:large","max-video-preview":"max-video-preview:-1"},"og_locale":"fr_FR","og_type":"article","og_title":"Anesi Luminosity MelaPerfect Cr\u00e8me de Nuit - Districos Webshop","og_description":"MELAPERFECT CR\u00c8ME DE NUIT : R\u00c9VEILLEZ-VOUS AVEC UNE PEAU UNIFORME ET \u00c9CLATANTE Laissez votre peau se r\u00e9g\u00e9n\u00e9rer et se renouveler pendant la nuit gr\u00e2ce \u00e0 la cr\u00e8me de nuit Luminosity MelaPerfect. Ce soin intensif r\u00e9duit les taches pigmentaires, unifie le teint et illumine votre peau pendant votre sommeil. Cette cr\u00e8me riche et nourrissante hydrate en [&hellip;]","og_url":"https:\/\/districos.standingout.be\/fr\/product\/anesi-luminosity-melaperfect-creme-de-nuit-ref-4300-45\/","og_site_name":"Districos Webshop","article_modified_time":"2026-04-28T00:19:22+00:00","og_image":[{"width":600,"height":600,"url":"https:\/\/districos.standingout.be\/wp-content\/uploads\/2026\/04\/4300.45@Luminosity-Night-Clarify-Cream-50-ml_1-2.png","type":"image\/png"}],"twitter_card":"summary_large_image","twitter_misc":{"Dur\u00e9e de lecture estim\u00e9e":"1 minute"},"schema":{"@context":"https:\/\/schema.org","@graph":[{"@type":"WebPage","@id":"https:\/\/districos.standingout.be\/fr\/product\/anesi-luminosity-melaperfect-creme-de-nuit-ref-4300-45\/","url":"https:\/\/districos.standingout.be\/fr\/product\/anesi-luminosity-melaperfect-creme-de-nuit-ref-4300-45\/","name":"Anesi Luminosity MelaPerfect Cr\u00e8me de Nuit - Districos Webshop","isPartOf":{"@id":"https:\/\/districos.standingout.be\/fr\/#website"},"primaryImageOfPage":{"@id":"https:\/\/districos.standingout.be\/fr\/product\/anesi-luminosity-melaperfect-creme-de-nuit-ref-4300-45\/#primaryimage"},"image":{"@id":"https:\/\/districos.standingout.be\/fr\/product\/anesi-luminosity-melaperfect-creme-de-nuit-ref-4300-45\/#primaryimage"},"thumbnailUrl":"https:\/\/districos.standingout.be\/wp-content\/uploads\/2026\/04\/4300.45@Luminosity-Night-Clarify-Cream-50-ml_1-3.png","datePublished":"2026-04-28T00:19:18+00:00","dateModified":"2026-04-28T00:19:22+00:00","breadcrumb":{"@id":"https:\/\/districos.standingout.be\/fr\/product\/anesi-luminosity-melaperfect-creme-de-nuit-ref-4300-45\/#breadcrumb"},"inLanguage":"fr-FR","potentialAction":[{"@type":"ReadAction","target":["https:\/\/districos.standingout.be\/fr\/product\/anesi-luminosity-melaperfect-creme-de-nuit-ref-4300-45\/"]}]},{"@type":"ImageObject","inLanguage":"fr-FR","@id":"https:\/\/districos.standingout.be\/fr\/product\/anesi-luminosity-melaperfect-creme-de-nuit-ref-4300-45\/#primaryimage","url":"https:\/\/districos.standingout.be\/wp-content\/uploads\/2026\/04\/4300.45@Luminosity-Night-Clarify-Cream-50-ml_1-3.png","contentUrl":"https:\/\/districos.standingout.be\/wp-content\/uploads\/2026\/04\/4300.45@Luminosity-Night-Clarify-Cream-50-ml_1-3.png","width":600,"height":600},{"@type":"BreadcrumbList","@id":"https:\/\/districos.standingout.be\/fr\/product\/anesi-luminosity-melaperfect-creme-de-nuit-ref-4300-45\/#breadcrumb","itemListElement":[{"@type":"ListItem","position":1,"name":"Home","item":"https:\/\/districos.standingout.be\/fr\/bienvenue-chez-districos\/"},{"@type":"ListItem","position":2,"name":"Boutique","item":"https:\/\/districos.standingout.be\/fr\/boutique\/"},{"@type":"ListItem","position":3,"name":"Anesi Luminosity MelaPerfect Cr\u00e8me de Nuit"}]},{"@type":"WebSite","@id":"https:\/\/districos.standingout.be\/fr\/#website","url":"https:\/\/districos.standingout.be\/fr\/","name":"Districos Webshop","description":"","publisher":{"@id":"https:\/\/districos.standingout.be\/fr\/#organization"},"potentialAction":[{"@type":"SearchAction","target":{"@type":"EntryPoint","urlTemplate":"https:\/\/districos.standingout.be\/fr\/?s={search_term_string}"},"query-input":{"@type":"PropertyValueSpecification","valueRequired":true,"valueName":"search_term_string"}}],"inLanguage":"fr-FR"},{"@type":"Organization","@id":"https:\/\/districos.standingout.be\/fr\/#organization","name":"Districos Webshop","url":"https:\/\/districos.standingout.be\/fr\/","logo":{"@type":"ImageObject","inLanguage":"fr-FR","@id":"https:\/\/districos.standingout.be\/fr\/#\/schema\/logo\/image\/","url":"https:\/\/districos.standingout.be\/wp-content\/uploads\/2022\/09\/Districos_Logo_Webshop.svg","contentUrl":"https:\/\/districos.standingout.be\/wp-content\/uploads\/2022\/09\/Districos_Logo_Webshop.svg","caption":"Districos Webshop"},"image":{"@id":"https:\/\/districos.standingout.be\/fr\/#\/schema\/logo\/image\/"}}]}},"_links":{"self":[{"href":"https:\/\/districos.standingout.be\/fr\/wp-json\/wp\/v2\/product\/134409","targetHints":{"allow":["GET"]}}],"collection":[{"href":"https:\/\/districos.standingout.be\/fr\/wp-json\/wp\/v2\/product"}],"about":[{"href":"https:\/\/districos.standingout.be\/fr\/wp-json\/wp\/v2\/types\/product"}],"replies":[{"embeddable":true,"href":"https:\/\/districos.standingout.be\/fr\/wp-json\/wp\/v2\/comments?post=134409"}],"wp:featuredmedia":[{"embeddable":true,"href":"https:\/\/districos.standingout.be\/fr\/wp-json\/wp\/v2\/media\/144183"}],"wp:attachment":[{"href":"https:\/\/districos.standingout.be\/fr\/wp-json\/wp\/v2\/media?parent=134409"}],"wp:term":[{"taxonomy":"product_brand","embeddable":true,"href":"https:\/\/districos.standingout.be\/fr\/wp-json\/wp\/v2\/product_brand?post=134409"},{"taxonomy":"product_cat","embeddable":true,"href":"https:\/\/districos.standingout.be\/fr\/wp-json\/wp\/v2\/product_cat?post=134409"},{"taxonomy":"product_tag","embeddable":true,"href":"https:\/\/districos.standingout.be\/fr\/wp-json\/wp\/v2\/product_tag?post=134409"}],"curies":[{"name":"wp","href":"https:\/\/api.w.org\/{rel}","templated":true}]}}