{"id":134411,"date":"2026-04-28T02:19:22","date_gmt":"2026-04-28T00:19:22","guid":{"rendered":"https:\/\/webshopdistricoscom.webhosting.be\/product\/anesi-lab-luminosity-home-care-kit-de-depart-ref-4300-46\/"},"modified":"2026-04-28T02:19:26","modified_gmt":"2026-04-28T00:19:26","slug":"anesi-lab-luminosity-home-care-kit-de-depart-ref-4300-46","status":"publish","type":"product","link":"https:\/\/districos.standingout.be\/fr\/product\/anesi-lab-luminosity-home-care-kit-de-depart-ref-4300-46\/","title":{"rendered":"Anesi Lab Luminosity Home Care Kit de D\u00e9part"},"content":{"rendered":"<p >\n<\/p>\n<\/p>\n<\/p>\n<h3 data-start=\"71\" data-end=\"127\">\n<p><b>Une peau \u00e9clatante et lumineuse, chaque jour ! Des soins sur mesure \u00e0 domicile !<\/b><\/p>\n<p><span>D\u00e9couvrez le Luminosity Home Care Starter Set : la routine de soins post-traitement Luminosity efficace qui comprend tous les produits n\u00e9cessaires pour le jour et la nuit. Ce coffret en \u00e9dition limit\u00e9e a \u00e9t\u00e9 sp\u00e9cialement con\u00e7u pour lutter contre les taches pigmentaires, le teint terne et le grain de peau irr\u00e9gulier. Id\u00e9al pour prolonger les r\u00e9sultats de vos soins professionnels \u00e0 domicile et obtenir des r\u00e9sultats encore meilleurs.<\/span><\/p>\n<p><b><br \/><\/b><\/p>\n<p><b>CONTENU<\/b><\/p>\n<ul>\n<li><span><i>1 x MelaBright Serum 30 ml<\/i> \u2013 S\u00e9rum hydratant et \u00e9claircissant qui r\u00e9duit les taches pigmentaires et uniformise visiblement votre peau.<\/span><\/li>\n<li><span><i>1 x MelaPerfect Cr\u00e8me de nuit 50 ml <\/i>\u2013 Soin de nuit riche et r\u00e9parateur qui affine le grain de peau et assure un teint uniforme et frais au r\u00e9veil.<\/span><\/li>\n<li><span><i>1 x Brightening Toner 3 ml (\u00e9chantillon)<\/i> \u2013 Affine et hydrate, r\u00e9tablit l&rsquo;\u00e9quilibre de la peau apr\u00e8s le nettoyage et la pr\u00e9pare de mani\u00e8re optimale \u00e0 recevoir les principes actifs.<\/span><\/li>\n<li><i>1 x trousse de toilette pratique<\/i><\/li>\n<\/ul>\n<p><b><br \/><\/b><\/p>\n<p><b>Id\u00e9al pour :<\/b><\/p>\n<p><span>\u2714 Celles qui souhaitent faire le premier pas vers une peau uniforme et \u00e9clatante<\/span><\/p>\n<p><span>\u2714 Celles qui souhaitent poursuivre \u00e0 domicile les r\u00e9sultats d&rsquo;un traitement professionnel<\/span><\/p>\n<p><span>\u2714 Celles qui recherchent une routine de soins simple mais efficace<\/span><\/p>\n<p><span>Offrez \u00e0 votre peau les soins qu&rsquo;elle m\u00e9rite \u2013 commencez d\u00e8s aujourd&rsquo;hui votre routine Luminosity !<\/span><\/p>\n<\/h3>\n<p dir=\"ltr\"><\/p><\/p>\n","protected":false},"excerpt":{"rendered":"<p>Une peau \u00e9clatante et lumineuse, chaque jour ! Des soins sur mesure \u00e0 domicile ! D\u00e9couvrez le Luminosity Home Care Starter Set : la routine de soins post-traitement Luminosity efficace qui comprend tous les produits n\u00e9cessaires pour le jour et la nuit. Ce coffret en \u00e9dition limit\u00e9e a \u00e9t\u00e9 sp\u00e9cialement con\u00e7u pour lutter contre les [&hellip;]<\/p>\n","protected":false},"featured_media":144189,"comment_status":"open","ping_status":"closed","template":"","meta":{"_acf_changed":false},"product_brand":[10280],"product_cat":[9858],"product_tag":[],"class_list":{"0":"post-134411","1":"product","2":"type-product","3":"status-publish","4":"has-post-thumbnail","6":"product_brand-anesi-fr","7":"product_cat-beaute-visage-anesi-visage","9":"first","10":"instock","11":"taxable","12":"shipping-taxable","13":"product-type-simple"},"acf":[],"yoast_head":"<!-- This site is optimized with the Yoast SEO plugin v27.3 - https:\/\/yoast.com\/product\/yoast-seo-wordpress\/ -->\n<title>Anesi Lab Luminosity Home Care Kit de D\u00e9part - Districos Webshop<\/title>\n<meta name=\"robots\" content=\"noindex, follow, max-snippet:-1, max-image-preview:large, max-video-preview:-1\" \/>\n<meta property=\"og:locale\" content=\"fr_FR\" \/>\n<meta property=\"og:type\" content=\"article\" \/>\n<meta property=\"og:title\" content=\"Anesi Lab Luminosity Home Care Kit de D\u00e9part - Districos Webshop\" \/>\n<meta property=\"og:description\" content=\"Une peau \u00e9clatante et lumineuse, chaque jour ! Des soins sur mesure \u00e0 domicile ! D\u00e9couvrez le Luminosity Home Care Starter Set : la routine de soins post-traitement Luminosity efficace qui comprend tous les produits n\u00e9cessaires pour le jour et la nuit. Ce coffret en \u00e9dition limit\u00e9e a \u00e9t\u00e9 sp\u00e9cialement con\u00e7u pour lutter contre les [&hellip;]\" \/>\n<meta property=\"og:url\" content=\"https:\/\/districos.standingout.be\/fr\/product\/anesi-lab-luminosity-home-care-kit-de-depart-ref-4300-46\/\" \/>\n<meta property=\"og:site_name\" content=\"Districos Webshop\" \/>\n<meta property=\"article:modified_time\" content=\"2026-04-28T00:19:26+00:00\" \/>\n<meta property=\"og:image\" content=\"https:\/\/districos.standingout.be\/wp-content\/uploads\/2026\/04\/4300.46@Anesi-Lab-Luminosity-Home-Care-Starter-Kit_1-2.png\" \/>\n\t<meta property=\"og:image:width\" content=\"600\" \/>\n\t<meta property=\"og:image:height\" content=\"600\" \/>\n\t<meta property=\"og:image:type\" content=\"image\/png\" \/>\n<meta name=\"twitter:card\" content=\"summary_large_image\" \/>\n<meta name=\"twitter:label1\" content=\"Dur\u00e9e de lecture estim\u00e9e\" \/>\n\t<meta name=\"twitter:data1\" content=\"1 minute\" \/>\n<script type=\"application\/ld+json\" class=\"yoast-schema-graph\">{\"@context\":\"https:\\\/\\\/schema.org\",\"@graph\":[{\"@type\":\"WebPage\",\"@id\":\"https:\\\/\\\/districos.standingout.be\\\/fr\\\/product\\\/anesi-lab-luminosity-home-care-kit-de-depart-ref-4300-46\\\/\",\"url\":\"https:\\\/\\\/districos.standingout.be\\\/fr\\\/product\\\/anesi-lab-luminosity-home-care-kit-de-depart-ref-4300-46\\\/\",\"name\":\"Anesi Lab Luminosity Home Care Kit de D\u00e9part - Districos Webshop\",\"isPartOf\":{\"@id\":\"https:\\\/\\\/districos.standingout.be\\\/fr\\\/#website\"},\"primaryImageOfPage\":{\"@id\":\"https:\\\/\\\/districos.standingout.be\\\/fr\\\/product\\\/anesi-lab-luminosity-home-care-kit-de-depart-ref-4300-46\\\/#primaryimage\"},\"image\":{\"@id\":\"https:\\\/\\\/districos.standingout.be\\\/fr\\\/product\\\/anesi-lab-luminosity-home-care-kit-de-depart-ref-4300-46\\\/#primaryimage\"},\"thumbnailUrl\":\"https:\\\/\\\/districos.standingout.be\\\/wp-content\\\/uploads\\\/2026\\\/04\\\/4300.46@Anesi-Lab-Luminosity-Home-Care-Starter-Kit_1-3.png\",\"datePublished\":\"2026-04-28T00:19:22+00:00\",\"dateModified\":\"2026-04-28T00:19:26+00:00\",\"breadcrumb\":{\"@id\":\"https:\\\/\\\/districos.standingout.be\\\/fr\\\/product\\\/anesi-lab-luminosity-home-care-kit-de-depart-ref-4300-46\\\/#breadcrumb\"},\"inLanguage\":\"fr-FR\",\"potentialAction\":[{\"@type\":\"ReadAction\",\"target\":[\"https:\\\/\\\/districos.standingout.be\\\/fr\\\/product\\\/anesi-lab-luminosity-home-care-kit-de-depart-ref-4300-46\\\/\"]}]},{\"@type\":\"ImageObject\",\"inLanguage\":\"fr-FR\",\"@id\":\"https:\\\/\\\/districos.standingout.be\\\/fr\\\/product\\\/anesi-lab-luminosity-home-care-kit-de-depart-ref-4300-46\\\/#primaryimage\",\"url\":\"https:\\\/\\\/districos.standingout.be\\\/wp-content\\\/uploads\\\/2026\\\/04\\\/4300.46@Anesi-Lab-Luminosity-Home-Care-Starter-Kit_1-3.png\",\"contentUrl\":\"https:\\\/\\\/districos.standingout.be\\\/wp-content\\\/uploads\\\/2026\\\/04\\\/4300.46@Anesi-Lab-Luminosity-Home-Care-Starter-Kit_1-3.png\",\"width\":600,\"height\":600},{\"@type\":\"BreadcrumbList\",\"@id\":\"https:\\\/\\\/districos.standingout.be\\\/fr\\\/product\\\/anesi-lab-luminosity-home-care-kit-de-depart-ref-4300-46\\\/#breadcrumb\",\"itemListElement\":[{\"@type\":\"ListItem\",\"position\":1,\"name\":\"Home\",\"item\":\"https:\\\/\\\/districos.standingout.be\\\/fr\\\/bienvenue-chez-districos\\\/\"},{\"@type\":\"ListItem\",\"position\":2,\"name\":\"Boutique\",\"item\":\"https:\\\/\\\/districos.standingout.be\\\/fr\\\/boutique\\\/\"},{\"@type\":\"ListItem\",\"position\":3,\"name\":\"Anesi Lab Luminosity Home Care Kit de D\u00e9part\"}]},{\"@type\":\"WebSite\",\"@id\":\"https:\\\/\\\/districos.standingout.be\\\/fr\\\/#website\",\"url\":\"https:\\\/\\\/districos.standingout.be\\\/fr\\\/\",\"name\":\"Districos Webshop\",\"description\":\"\",\"publisher\":{\"@id\":\"https:\\\/\\\/districos.standingout.be\\\/fr\\\/#organization\"},\"potentialAction\":[{\"@type\":\"SearchAction\",\"target\":{\"@type\":\"EntryPoint\",\"urlTemplate\":\"https:\\\/\\\/districos.standingout.be\\\/fr\\\/?s={search_term_string}\"},\"query-input\":{\"@type\":\"PropertyValueSpecification\",\"valueRequired\":true,\"valueName\":\"search_term_string\"}}],\"inLanguage\":\"fr-FR\"},{\"@type\":\"Organization\",\"@id\":\"https:\\\/\\\/districos.standingout.be\\\/fr\\\/#organization\",\"name\":\"Districos Webshop\",\"url\":\"https:\\\/\\\/districos.standingout.be\\\/fr\\\/\",\"logo\":{\"@type\":\"ImageObject\",\"inLanguage\":\"fr-FR\",\"@id\":\"https:\\\/\\\/districos.standingout.be\\\/fr\\\/#\\\/schema\\\/logo\\\/image\\\/\",\"url\":\"https:\\\/\\\/districos.standingout.be\\\/wp-content\\\/uploads\\\/2022\\\/09\\\/Districos_Logo_Webshop.svg\",\"contentUrl\":\"https:\\\/\\\/districos.standingout.be\\\/wp-content\\\/uploads\\\/2022\\\/09\\\/Districos_Logo_Webshop.svg\",\"caption\":\"Districos Webshop\"},\"image\":{\"@id\":\"https:\\\/\\\/districos.standingout.be\\\/fr\\\/#\\\/schema\\\/logo\\\/image\\\/\"}}]}<\/script>\n<!-- \/ Yoast SEO plugin. -->","yoast_head_json":{"title":"Anesi Lab Luminosity Home Care Kit de D\u00e9part - Districos Webshop","robots":{"index":"noindex","follow":"follow","max-snippet":"max-snippet:-1","max-image-preview":"max-image-preview:large","max-video-preview":"max-video-preview:-1"},"og_locale":"fr_FR","og_type":"article","og_title":"Anesi Lab Luminosity Home Care Kit de D\u00e9part - Districos Webshop","og_description":"Une peau \u00e9clatante et lumineuse, chaque jour ! Des soins sur mesure \u00e0 domicile ! D\u00e9couvrez le Luminosity Home Care Starter Set : la routine de soins post-traitement Luminosity efficace qui comprend tous les produits n\u00e9cessaires pour le jour et la nuit. Ce coffret en \u00e9dition limit\u00e9e a \u00e9t\u00e9 sp\u00e9cialement con\u00e7u pour lutter contre les [&hellip;]","og_url":"https:\/\/districos.standingout.be\/fr\/product\/anesi-lab-luminosity-home-care-kit-de-depart-ref-4300-46\/","og_site_name":"Districos Webshop","article_modified_time":"2026-04-28T00:19:26+00:00","og_image":[{"width":600,"height":600,"url":"https:\/\/districos.standingout.be\/wp-content\/uploads\/2026\/04\/4300.46@Anesi-Lab-Luminosity-Home-Care-Starter-Kit_1-2.png","type":"image\/png"}],"twitter_card":"summary_large_image","twitter_misc":{"Dur\u00e9e de lecture estim\u00e9e":"1 minute"},"schema":{"@context":"https:\/\/schema.org","@graph":[{"@type":"WebPage","@id":"https:\/\/districos.standingout.be\/fr\/product\/anesi-lab-luminosity-home-care-kit-de-depart-ref-4300-46\/","url":"https:\/\/districos.standingout.be\/fr\/product\/anesi-lab-luminosity-home-care-kit-de-depart-ref-4300-46\/","name":"Anesi Lab Luminosity Home Care Kit de D\u00e9part - Districos Webshop","isPartOf":{"@id":"https:\/\/districos.standingout.be\/fr\/#website"},"primaryImageOfPage":{"@id":"https:\/\/districos.standingout.be\/fr\/product\/anesi-lab-luminosity-home-care-kit-de-depart-ref-4300-46\/#primaryimage"},"image":{"@id":"https:\/\/districos.standingout.be\/fr\/product\/anesi-lab-luminosity-home-care-kit-de-depart-ref-4300-46\/#primaryimage"},"thumbnailUrl":"https:\/\/districos.standingout.be\/wp-content\/uploads\/2026\/04\/4300.46@Anesi-Lab-Luminosity-Home-Care-Starter-Kit_1-3.png","datePublished":"2026-04-28T00:19:22+00:00","dateModified":"2026-04-28T00:19:26+00:00","breadcrumb":{"@id":"https:\/\/districos.standingout.be\/fr\/product\/anesi-lab-luminosity-home-care-kit-de-depart-ref-4300-46\/#breadcrumb"},"inLanguage":"fr-FR","potentialAction":[{"@type":"ReadAction","target":["https:\/\/districos.standingout.be\/fr\/product\/anesi-lab-luminosity-home-care-kit-de-depart-ref-4300-46\/"]}]},{"@type":"ImageObject","inLanguage":"fr-FR","@id":"https:\/\/districos.standingout.be\/fr\/product\/anesi-lab-luminosity-home-care-kit-de-depart-ref-4300-46\/#primaryimage","url":"https:\/\/districos.standingout.be\/wp-content\/uploads\/2026\/04\/4300.46@Anesi-Lab-Luminosity-Home-Care-Starter-Kit_1-3.png","contentUrl":"https:\/\/districos.standingout.be\/wp-content\/uploads\/2026\/04\/4300.46@Anesi-Lab-Luminosity-Home-Care-Starter-Kit_1-3.png","width":600,"height":600},{"@type":"BreadcrumbList","@id":"https:\/\/districos.standingout.be\/fr\/product\/anesi-lab-luminosity-home-care-kit-de-depart-ref-4300-46\/#breadcrumb","itemListElement":[{"@type":"ListItem","position":1,"name":"Home","item":"https:\/\/districos.standingout.be\/fr\/bienvenue-chez-districos\/"},{"@type":"ListItem","position":2,"name":"Boutique","item":"https:\/\/districos.standingout.be\/fr\/boutique\/"},{"@type":"ListItem","position":3,"name":"Anesi Lab Luminosity Home Care Kit de D\u00e9part"}]},{"@type":"WebSite","@id":"https:\/\/districos.standingout.be\/fr\/#website","url":"https:\/\/districos.standingout.be\/fr\/","name":"Districos Webshop","description":"","publisher":{"@id":"https:\/\/districos.standingout.be\/fr\/#organization"},"potentialAction":[{"@type":"SearchAction","target":{"@type":"EntryPoint","urlTemplate":"https:\/\/districos.standingout.be\/fr\/?s={search_term_string}"},"query-input":{"@type":"PropertyValueSpecification","valueRequired":true,"valueName":"search_term_string"}}],"inLanguage":"fr-FR"},{"@type":"Organization","@id":"https:\/\/districos.standingout.be\/fr\/#organization","name":"Districos Webshop","url":"https:\/\/districos.standingout.be\/fr\/","logo":{"@type":"ImageObject","inLanguage":"fr-FR","@id":"https:\/\/districos.standingout.be\/fr\/#\/schema\/logo\/image\/","url":"https:\/\/districos.standingout.be\/wp-content\/uploads\/2022\/09\/Districos_Logo_Webshop.svg","contentUrl":"https:\/\/districos.standingout.be\/wp-content\/uploads\/2022\/09\/Districos_Logo_Webshop.svg","caption":"Districos Webshop"},"image":{"@id":"https:\/\/districos.standingout.be\/fr\/#\/schema\/logo\/image\/"}}]}},"_links":{"self":[{"href":"https:\/\/districos.standingout.be\/fr\/wp-json\/wp\/v2\/product\/134411","targetHints":{"allow":["GET"]}}],"collection":[{"href":"https:\/\/districos.standingout.be\/fr\/wp-json\/wp\/v2\/product"}],"about":[{"href":"https:\/\/districos.standingout.be\/fr\/wp-json\/wp\/v2\/types\/product"}],"replies":[{"embeddable":true,"href":"https:\/\/districos.standingout.be\/fr\/wp-json\/wp\/v2\/comments?post=134411"}],"wp:featuredmedia":[{"embeddable":true,"href":"https:\/\/districos.standingout.be\/fr\/wp-json\/wp\/v2\/media\/144189"}],"wp:attachment":[{"href":"https:\/\/districos.standingout.be\/fr\/wp-json\/wp\/v2\/media?parent=134411"}],"wp:term":[{"taxonomy":"product_brand","embeddable":true,"href":"https:\/\/districos.standingout.be\/fr\/wp-json\/wp\/v2\/product_brand?post=134411"},{"taxonomy":"product_cat","embeddable":true,"href":"https:\/\/districos.standingout.be\/fr\/wp-json\/wp\/v2\/product_cat?post=134411"},{"taxonomy":"product_tag","embeddable":true,"href":"https:\/\/districos.standingout.be\/fr\/wp-json\/wp\/v2\/product_tag?post=134411"}],"curies":[{"name":"wp","href":"https:\/\/api.w.org\/{rel}","templated":true}]}}