{"id":134417,"date":"2026-04-28T02:19:33","date_gmt":"2026-04-28T00:19:33","guid":{"rendered":"https:\/\/webshopdistricoscom.webhosting.be\/product\/anesi-epigenesse-hydra-soft-toning-lotion-150ml-ref-4300-701\/"},"modified":"2026-04-28T02:19:36","modified_gmt":"2026-04-28T00:19:36","slug":"anesi-epigenesse-hydra-soft-toning-lotion-150ml-ref-4300-701","status":"publish","type":"product","link":"https:\/\/districos.standingout.be\/fr\/product\/anesi-epigenesse-hydra-soft-toning-lotion-150ml-ref-4300-701\/","title":{"rendered":"Anesi Epigenesse Hydra Soft Toning Lotion 150ml"},"content":{"rendered":"<p >\n<p><span>Lotion qui r\u00e9pare la barri\u00e8re cutan\u00e9e et am\u00e9liore la souplesse. Elle apporte une hydratation intense pour une peau soyeuse !<\/span><\/p>\n<p dir=\"ltr\">\n<ul>\n<li>Id\u00e9ale pour les peaux s\u00e8ches, d\u00e9shydrat\u00e9es et sensibles.<\/li>\n<li>Ingr\u00e9dients actifs : Haberlea rhodopensis, acide hyaluronique, Tazman Pepper\u2122.<\/li>\n<li>Emballage : 150 ml<\/li>\n<\/ul>\n<div><b>Mode d&#8217;emploi<\/b><\/div>\n<div>\n<ul>\n<li><span>Appliquez avec un coton sur la peau nettoy\u00e9e, quotidiennement ou lorsque la peau a besoin d&rsquo;un boost d\u2019hydratation.<\/span><\/li>\n<li><span>Ne s\u00e9chez pas la peau.<\/span><\/li>\n<\/ul>\n<\/div>\n","protected":false},"excerpt":{"rendered":"<p>Lotion qui r\u00e9pare la barri\u00e8re cutan\u00e9e et am\u00e9liore la souplesse. Elle apporte une hydratation intense pour une peau soyeuse ! Id\u00e9ale pour les peaux s\u00e8ches, d\u00e9shydrat\u00e9es et sensibles. Ingr\u00e9dients actifs : Haberlea rhodopensis, acide hyaluronique, Tazman Pepper\u2122. Emballage : 150 ml Mode d&#8217;emploi Appliquez avec un coton sur la peau nettoy\u00e9e, quotidiennement ou lorsque la [&hellip;]<\/p>\n","protected":false},"featured_media":71791,"comment_status":"open","ping_status":"closed","template":"","meta":{"_acf_changed":false},"product_brand":[10280],"product_cat":[9858],"product_tag":[],"class_list":{"0":"post-134417","1":"product","2":"type-product","3":"status-publish","4":"has-post-thumbnail","6":"product_brand-anesi-fr","7":"product_cat-beaute-visage-anesi-visage","9":"first","10":"instock","11":"taxable","12":"shipping-taxable","13":"product-type-simple"},"acf":[],"yoast_head":"<!-- This site is optimized with the Yoast SEO plugin v27.3 - https:\/\/yoast.com\/product\/yoast-seo-wordpress\/ -->\n<title>Anesi Epigenesse Hydra Soft Toning Lotion 150ml - Districos Webshop<\/title>\n<meta name=\"robots\" content=\"noindex, follow, max-snippet:-1, max-image-preview:large, max-video-preview:-1\" \/>\n<meta property=\"og:locale\" content=\"fr_FR\" \/>\n<meta property=\"og:type\" content=\"article\" \/>\n<meta property=\"og:title\" content=\"Anesi Epigenesse Hydra Soft Toning Lotion 150ml - Districos Webshop\" \/>\n<meta property=\"og:description\" content=\"Lotion qui r\u00e9pare la barri\u00e8re cutan\u00e9e et am\u00e9liore la souplesse. Elle apporte une hydratation intense pour une peau soyeuse ! Id\u00e9ale pour les peaux s\u00e8ches, d\u00e9shydrat\u00e9es et sensibles. Ingr\u00e9dients actifs : Haberlea rhodopensis, acide hyaluronique, Tazman Pepper\u2122. Emballage : 150 ml Mode d&#8217;emploi Appliquez avec un coton sur la peau nettoy\u00e9e, quotidiennement ou lorsque la [&hellip;]\" \/>\n<meta property=\"og:url\" content=\"https:\/\/districos.standingout.be\/fr\/product\/anesi-epigenesse-hydra-soft-toning-lotion-150ml-ref-4300-701\/\" \/>\n<meta property=\"og:site_name\" content=\"Districos Webshop\" \/>\n<meta property=\"article:modified_time\" content=\"2026-04-28T00:19:36+00:00\" \/>\n<meta property=\"og:image\" content=\"https:\/\/districos.standingout.be\/wp-content\/uploads\/2025\/07\/4300.701@LowRes_1.png\" \/>\n\t<meta property=\"og:image:width\" content=\"600\" \/>\n\t<meta property=\"og:image:height\" content=\"600\" \/>\n\t<meta property=\"og:image:type\" content=\"image\/png\" \/>\n<meta name=\"twitter:card\" content=\"summary_large_image\" \/>\n<script type=\"application\/ld+json\" class=\"yoast-schema-graph\">{\"@context\":\"https:\\\/\\\/schema.org\",\"@graph\":[{\"@type\":\"WebPage\",\"@id\":\"https:\\\/\\\/districos.standingout.be\\\/fr\\\/product\\\/anesi-epigenesse-hydra-soft-toning-lotion-150ml-ref-4300-701\\\/\",\"url\":\"https:\\\/\\\/districos.standingout.be\\\/fr\\\/product\\\/anesi-epigenesse-hydra-soft-toning-lotion-150ml-ref-4300-701\\\/\",\"name\":\"Anesi Epigenesse Hydra Soft Toning Lotion 150ml - Districos Webshop\",\"isPartOf\":{\"@id\":\"https:\\\/\\\/districos.standingout.be\\\/fr\\\/#website\"},\"primaryImageOfPage\":{\"@id\":\"https:\\\/\\\/districos.standingout.be\\\/fr\\\/product\\\/anesi-epigenesse-hydra-soft-toning-lotion-150ml-ref-4300-701\\\/#primaryimage\"},\"image\":{\"@id\":\"https:\\\/\\\/districos.standingout.be\\\/fr\\\/product\\\/anesi-epigenesse-hydra-soft-toning-lotion-150ml-ref-4300-701\\\/#primaryimage\"},\"thumbnailUrl\":\"https:\\\/\\\/districos.standingout.be\\\/wp-content\\\/uploads\\\/2025\\\/07\\\/4300.701@LowRes_1.png\",\"datePublished\":\"2026-04-28T00:19:33+00:00\",\"dateModified\":\"2026-04-28T00:19:36+00:00\",\"breadcrumb\":{\"@id\":\"https:\\\/\\\/districos.standingout.be\\\/fr\\\/product\\\/anesi-epigenesse-hydra-soft-toning-lotion-150ml-ref-4300-701\\\/#breadcrumb\"},\"inLanguage\":\"fr-FR\",\"potentialAction\":[{\"@type\":\"ReadAction\",\"target\":[\"https:\\\/\\\/districos.standingout.be\\\/fr\\\/product\\\/anesi-epigenesse-hydra-soft-toning-lotion-150ml-ref-4300-701\\\/\"]}]},{\"@type\":\"ImageObject\",\"inLanguage\":\"fr-FR\",\"@id\":\"https:\\\/\\\/districos.standingout.be\\\/fr\\\/product\\\/anesi-epigenesse-hydra-soft-toning-lotion-150ml-ref-4300-701\\\/#primaryimage\",\"url\":\"https:\\\/\\\/districos.standingout.be\\\/wp-content\\\/uploads\\\/2025\\\/07\\\/4300.701@LowRes_1.png\",\"contentUrl\":\"https:\\\/\\\/districos.standingout.be\\\/wp-content\\\/uploads\\\/2025\\\/07\\\/4300.701@LowRes_1.png\",\"width\":600,\"height\":600},{\"@type\":\"BreadcrumbList\",\"@id\":\"https:\\\/\\\/districos.standingout.be\\\/fr\\\/product\\\/anesi-epigenesse-hydra-soft-toning-lotion-150ml-ref-4300-701\\\/#breadcrumb\",\"itemListElement\":[{\"@type\":\"ListItem\",\"position\":1,\"name\":\"Home\",\"item\":\"https:\\\/\\\/districos.standingout.be\\\/fr\\\/bienvenue-chez-districos\\\/\"},{\"@type\":\"ListItem\",\"position\":2,\"name\":\"Boutique\",\"item\":\"https:\\\/\\\/districos.standingout.be\\\/fr\\\/boutique\\\/\"},{\"@type\":\"ListItem\",\"position\":3,\"name\":\"Anesi Epigenesse Hydra Soft Toning Lotion 150ml\"}]},{\"@type\":\"WebSite\",\"@id\":\"https:\\\/\\\/districos.standingout.be\\\/fr\\\/#website\",\"url\":\"https:\\\/\\\/districos.standingout.be\\\/fr\\\/\",\"name\":\"Districos Webshop\",\"description\":\"\",\"publisher\":{\"@id\":\"https:\\\/\\\/districos.standingout.be\\\/fr\\\/#organization\"},\"potentialAction\":[{\"@type\":\"SearchAction\",\"target\":{\"@type\":\"EntryPoint\",\"urlTemplate\":\"https:\\\/\\\/districos.standingout.be\\\/fr\\\/?s={search_term_string}\"},\"query-input\":{\"@type\":\"PropertyValueSpecification\",\"valueRequired\":true,\"valueName\":\"search_term_string\"}}],\"inLanguage\":\"fr-FR\"},{\"@type\":\"Organization\",\"@id\":\"https:\\\/\\\/districos.standingout.be\\\/fr\\\/#organization\",\"name\":\"Districos Webshop\",\"url\":\"https:\\\/\\\/districos.standingout.be\\\/fr\\\/\",\"logo\":{\"@type\":\"ImageObject\",\"inLanguage\":\"fr-FR\",\"@id\":\"https:\\\/\\\/districos.standingout.be\\\/fr\\\/#\\\/schema\\\/logo\\\/image\\\/\",\"url\":\"https:\\\/\\\/districos.standingout.be\\\/wp-content\\\/uploads\\\/2022\\\/09\\\/Districos_Logo_Webshop.svg\",\"contentUrl\":\"https:\\\/\\\/districos.standingout.be\\\/wp-content\\\/uploads\\\/2022\\\/09\\\/Districos_Logo_Webshop.svg\",\"caption\":\"Districos Webshop\"},\"image\":{\"@id\":\"https:\\\/\\\/districos.standingout.be\\\/fr\\\/#\\\/schema\\\/logo\\\/image\\\/\"}}]}<\/script>\n<!-- \/ Yoast SEO plugin. -->","yoast_head_json":{"title":"Anesi Epigenesse Hydra Soft Toning Lotion 150ml - Districos Webshop","robots":{"index":"noindex","follow":"follow","max-snippet":"max-snippet:-1","max-image-preview":"max-image-preview:large","max-video-preview":"max-video-preview:-1"},"og_locale":"fr_FR","og_type":"article","og_title":"Anesi Epigenesse Hydra Soft Toning Lotion 150ml - Districos Webshop","og_description":"Lotion qui r\u00e9pare la barri\u00e8re cutan\u00e9e et am\u00e9liore la souplesse. Elle apporte une hydratation intense pour une peau soyeuse ! Id\u00e9ale pour les peaux s\u00e8ches, d\u00e9shydrat\u00e9es et sensibles. Ingr\u00e9dients actifs : Haberlea rhodopensis, acide hyaluronique, Tazman Pepper\u2122. Emballage : 150 ml Mode d&#8217;emploi Appliquez avec un coton sur la peau nettoy\u00e9e, quotidiennement ou lorsque la [&hellip;]","og_url":"https:\/\/districos.standingout.be\/fr\/product\/anesi-epigenesse-hydra-soft-toning-lotion-150ml-ref-4300-701\/","og_site_name":"Districos Webshop","article_modified_time":"2026-04-28T00:19:36+00:00","og_image":[{"width":600,"height":600,"url":"https:\/\/districos.standingout.be\/wp-content\/uploads\/2025\/07\/4300.701@LowRes_1.png","type":"image\/png"}],"twitter_card":"summary_large_image","schema":{"@context":"https:\/\/schema.org","@graph":[{"@type":"WebPage","@id":"https:\/\/districos.standingout.be\/fr\/product\/anesi-epigenesse-hydra-soft-toning-lotion-150ml-ref-4300-701\/","url":"https:\/\/districos.standingout.be\/fr\/product\/anesi-epigenesse-hydra-soft-toning-lotion-150ml-ref-4300-701\/","name":"Anesi Epigenesse Hydra Soft Toning Lotion 150ml - Districos Webshop","isPartOf":{"@id":"https:\/\/districos.standingout.be\/fr\/#website"},"primaryImageOfPage":{"@id":"https:\/\/districos.standingout.be\/fr\/product\/anesi-epigenesse-hydra-soft-toning-lotion-150ml-ref-4300-701\/#primaryimage"},"image":{"@id":"https:\/\/districos.standingout.be\/fr\/product\/anesi-epigenesse-hydra-soft-toning-lotion-150ml-ref-4300-701\/#primaryimage"},"thumbnailUrl":"https:\/\/districos.standingout.be\/wp-content\/uploads\/2025\/07\/4300.701@LowRes_1.png","datePublished":"2026-04-28T00:19:33+00:00","dateModified":"2026-04-28T00:19:36+00:00","breadcrumb":{"@id":"https:\/\/districos.standingout.be\/fr\/product\/anesi-epigenesse-hydra-soft-toning-lotion-150ml-ref-4300-701\/#breadcrumb"},"inLanguage":"fr-FR","potentialAction":[{"@type":"ReadAction","target":["https:\/\/districos.standingout.be\/fr\/product\/anesi-epigenesse-hydra-soft-toning-lotion-150ml-ref-4300-701\/"]}]},{"@type":"ImageObject","inLanguage":"fr-FR","@id":"https:\/\/districos.standingout.be\/fr\/product\/anesi-epigenesse-hydra-soft-toning-lotion-150ml-ref-4300-701\/#primaryimage","url":"https:\/\/districos.standingout.be\/wp-content\/uploads\/2025\/07\/4300.701@LowRes_1.png","contentUrl":"https:\/\/districos.standingout.be\/wp-content\/uploads\/2025\/07\/4300.701@LowRes_1.png","width":600,"height":600},{"@type":"BreadcrumbList","@id":"https:\/\/districos.standingout.be\/fr\/product\/anesi-epigenesse-hydra-soft-toning-lotion-150ml-ref-4300-701\/#breadcrumb","itemListElement":[{"@type":"ListItem","position":1,"name":"Home","item":"https:\/\/districos.standingout.be\/fr\/bienvenue-chez-districos\/"},{"@type":"ListItem","position":2,"name":"Boutique","item":"https:\/\/districos.standingout.be\/fr\/boutique\/"},{"@type":"ListItem","position":3,"name":"Anesi Epigenesse Hydra Soft Toning Lotion 150ml"}]},{"@type":"WebSite","@id":"https:\/\/districos.standingout.be\/fr\/#website","url":"https:\/\/districos.standingout.be\/fr\/","name":"Districos Webshop","description":"","publisher":{"@id":"https:\/\/districos.standingout.be\/fr\/#organization"},"potentialAction":[{"@type":"SearchAction","target":{"@type":"EntryPoint","urlTemplate":"https:\/\/districos.standingout.be\/fr\/?s={search_term_string}"},"query-input":{"@type":"PropertyValueSpecification","valueRequired":true,"valueName":"search_term_string"}}],"inLanguage":"fr-FR"},{"@type":"Organization","@id":"https:\/\/districos.standingout.be\/fr\/#organization","name":"Districos Webshop","url":"https:\/\/districos.standingout.be\/fr\/","logo":{"@type":"ImageObject","inLanguage":"fr-FR","@id":"https:\/\/districos.standingout.be\/fr\/#\/schema\/logo\/image\/","url":"https:\/\/districos.standingout.be\/wp-content\/uploads\/2022\/09\/Districos_Logo_Webshop.svg","contentUrl":"https:\/\/districos.standingout.be\/wp-content\/uploads\/2022\/09\/Districos_Logo_Webshop.svg","caption":"Districos Webshop"},"image":{"@id":"https:\/\/districos.standingout.be\/fr\/#\/schema\/logo\/image\/"}}]}},"_links":{"self":[{"href":"https:\/\/districos.standingout.be\/fr\/wp-json\/wp\/v2\/product\/134417","targetHints":{"allow":["GET"]}}],"collection":[{"href":"https:\/\/districos.standingout.be\/fr\/wp-json\/wp\/v2\/product"}],"about":[{"href":"https:\/\/districos.standingout.be\/fr\/wp-json\/wp\/v2\/types\/product"}],"replies":[{"embeddable":true,"href":"https:\/\/districos.standingout.be\/fr\/wp-json\/wp\/v2\/comments?post=134417"}],"wp:featuredmedia":[{"embeddable":true,"href":"https:\/\/districos.standingout.be\/fr\/wp-json\/wp\/v2\/media\/71791"}],"wp:attachment":[{"href":"https:\/\/districos.standingout.be\/fr\/wp-json\/wp\/v2\/media?parent=134417"}],"wp:term":[{"taxonomy":"product_brand","embeddable":true,"href":"https:\/\/districos.standingout.be\/fr\/wp-json\/wp\/v2\/product_brand?post=134417"},{"taxonomy":"product_cat","embeddable":true,"href":"https:\/\/districos.standingout.be\/fr\/wp-json\/wp\/v2\/product_cat?post=134417"},{"taxonomy":"product_tag","embeddable":true,"href":"https:\/\/districos.standingout.be\/fr\/wp-json\/wp\/v2\/product_tag?post=134417"}],"curies":[{"name":"wp","href":"https:\/\/api.w.org\/{rel}","templated":true}]}}