{"id":134423,"date":"2026-04-28T02:19:42","date_gmt":"2026-04-28T00:19:42","guid":{"rendered":"https:\/\/webshopdistricoscom.webhosting.be\/product\/anesi-epigenesse-creme-de-nuit-regenerante-50-ml-ref-4300-73\/"},"modified":"2026-04-28T02:19:45","modified_gmt":"2026-04-28T00:19:45","slug":"anesi-epigenesse-creme-de-nuit-regenerante-50-ml-ref-4300-73","status":"publish","type":"product","link":"https:\/\/districos.standingout.be\/fr\/product\/anesi-epigenesse-creme-de-nuit-regenerante-50-ml-ref-4300-73\/","title":{"rendered":"Anesi Epigenesse Cr\u00e8me de Nuit R\u00e9g\u00e9n\u00e9rante 50 ml"},"content":{"rendered":"<p >\n<\/p>\n<p dir=\"ltr\">\u200bCr\u00e8me de nuit luxueuse, \u00e0 base d\u2019actifs \u00e9pig\u00e9n\u00e9tiques cliniquement test\u00e9s et d\u2019huiles v\u00e9g\u00e9tales qui apportent tous les nutriments dont la peau mature a besoin afin d\u2019\u00eatre plus raffermie, d\u2019att\u00e9nuer et de pr\u00e9venir l\u2019apparition des rides et de redonner \u00e0 la peau de l\u2019\u00e9clat ainsi qu\u2019une apparence plus jeune.<\/p>\n<p dir=\"ltr\">\n<ul>\n<li>Cr\u00e8me luxueuse, riche et profond\u00e9ment nourrissante pour restaurer le teint jeune pendant la nuit.<\/li>\n<li>Ingr\u00e9dients actifs : Epigenomyl\u00ae, Telosense\u00ae, Biofunctional, beurre de karit\u00e9, huile de noyaux d&rsquo;abricots, huile d&rsquo;amande douce, huile de s\u00e9same.<\/li>\n<li>Emballage : 50 ml.<\/li>\n<\/ul>\n<div><b>Mode d&#8217;emploi<\/b><\/div>\n<div><span>Appliquez le soir apr\u00e8s le <u><a href=\"https:\/\/districos.com\/ProductDetail\/4300.71\" target=\"_blank\" rel=\"noopener noreferrer nofollow\">S\u00e9rum R\u00e9novateur Epigenesse<\/a><\/u>.<\/span><\/div>\n<div><span><br \/><\/span><\/div>\n<div><span><b>Aussi disponible<\/b><\/span><\/div>\n<div><span>\u00c9chantillon de l&rsquo;Epigenesse Cr\u00e8me de Nuit + Cr\u00e8me de Jour 2 x 3 ml (<u><a href=\"https:\/\/districos.com\/ProductDetail\/9480.01\" target=\"_blank\" rel=\"noopener noreferrer nofollow\">r\u00e9f. 9480.01<\/a><\/u>)<\/span><\/div><\/p>\n","protected":false},"excerpt":{"rendered":"<p>\u200bCr\u00e8me de nuit luxueuse, \u00e0 base d\u2019actifs \u00e9pig\u00e9n\u00e9tiques cliniquement test\u00e9s et d\u2019huiles v\u00e9g\u00e9tales qui apportent tous les nutriments dont la peau mature a besoin afin d\u2019\u00eatre plus raffermie, d\u2019att\u00e9nuer et de pr\u00e9venir l\u2019apparition des rides et de redonner \u00e0 la peau de l\u2019\u00e9clat ainsi qu\u2019une apparence plus jeune. Cr\u00e8me luxueuse, riche et profond\u00e9ment nourrissante pour [&hellip;]<\/p>\n","protected":false},"featured_media":71800,"comment_status":"open","ping_status":"closed","template":"","meta":{"_acf_changed":false},"product_brand":[10280],"product_cat":[9858],"product_tag":[],"class_list":{"0":"post-134423","1":"product","2":"type-product","3":"status-publish","4":"has-post-thumbnail","6":"product_brand-anesi-fr","7":"product_cat-beaute-visage-anesi-visage","9":"first","10":"instock","11":"taxable","12":"shipping-taxable","13":"product-type-simple"},"acf":[],"yoast_head":"<!-- This site is optimized with the Yoast SEO plugin v27.3 - https:\/\/yoast.com\/product\/yoast-seo-wordpress\/ -->\n<title>Anesi Epigenesse Cr\u00e8me de Nuit R\u00e9g\u00e9n\u00e9rante 50 ml - Districos Webshop<\/title>\n<meta name=\"robots\" content=\"noindex, follow, max-snippet:-1, max-image-preview:large, max-video-preview:-1\" \/>\n<meta property=\"og:locale\" content=\"fr_FR\" \/>\n<meta property=\"og:type\" content=\"article\" \/>\n<meta property=\"og:title\" content=\"Anesi Epigenesse Cr\u00e8me de Nuit R\u00e9g\u00e9n\u00e9rante 50 ml - Districos Webshop\" \/>\n<meta property=\"og:description\" content=\"\u200bCr\u00e8me de nuit luxueuse, \u00e0 base d\u2019actifs \u00e9pig\u00e9n\u00e9tiques cliniquement test\u00e9s et d\u2019huiles v\u00e9g\u00e9tales qui apportent tous les nutriments dont la peau mature a besoin afin d\u2019\u00eatre plus raffermie, d\u2019att\u00e9nuer et de pr\u00e9venir l\u2019apparition des rides et de redonner \u00e0 la peau de l\u2019\u00e9clat ainsi qu\u2019une apparence plus jeune. Cr\u00e8me luxueuse, riche et profond\u00e9ment nourrissante pour [&hellip;]\" \/>\n<meta property=\"og:url\" content=\"https:\/\/districos.standingout.be\/fr\/product\/anesi-epigenesse-creme-de-nuit-regenerante-50-ml-ref-4300-73\/\" \/>\n<meta property=\"og:site_name\" content=\"Districos Webshop\" \/>\n<meta property=\"article:modified_time\" content=\"2026-04-28T00:19:45+00:00\" \/>\n<meta property=\"og:image\" content=\"https:\/\/districos.standingout.be\/wp-content\/uploads\/2025\/07\/4300.73@LowRes_1_0.png\" \/>\n\t<meta property=\"og:image:width\" content=\"600\" \/>\n\t<meta property=\"og:image:height\" content=\"600\" \/>\n\t<meta property=\"og:image:type\" content=\"image\/png\" \/>\n<meta name=\"twitter:card\" content=\"summary_large_image\" \/>\n<meta name=\"twitter:label1\" content=\"Dur\u00e9e de lecture estim\u00e9e\" \/>\n\t<meta name=\"twitter:data1\" content=\"1 minute\" \/>\n<script type=\"application\/ld+json\" class=\"yoast-schema-graph\">{\"@context\":\"https:\\\/\\\/schema.org\",\"@graph\":[{\"@type\":\"WebPage\",\"@id\":\"https:\\\/\\\/districos.standingout.be\\\/fr\\\/product\\\/anesi-epigenesse-creme-de-nuit-regenerante-50-ml-ref-4300-73\\\/\",\"url\":\"https:\\\/\\\/districos.standingout.be\\\/fr\\\/product\\\/anesi-epigenesse-creme-de-nuit-regenerante-50-ml-ref-4300-73\\\/\",\"name\":\"Anesi Epigenesse Cr\u00e8me de Nuit R\u00e9g\u00e9n\u00e9rante 50 ml - Districos Webshop\",\"isPartOf\":{\"@id\":\"https:\\\/\\\/districos.standingout.be\\\/fr\\\/#website\"},\"primaryImageOfPage\":{\"@id\":\"https:\\\/\\\/districos.standingout.be\\\/fr\\\/product\\\/anesi-epigenesse-creme-de-nuit-regenerante-50-ml-ref-4300-73\\\/#primaryimage\"},\"image\":{\"@id\":\"https:\\\/\\\/districos.standingout.be\\\/fr\\\/product\\\/anesi-epigenesse-creme-de-nuit-regenerante-50-ml-ref-4300-73\\\/#primaryimage\"},\"thumbnailUrl\":\"https:\\\/\\\/districos.standingout.be\\\/wp-content\\\/uploads\\\/2025\\\/07\\\/4300.73@LowRes_1_0.png\",\"datePublished\":\"2026-04-28T00:19:42+00:00\",\"dateModified\":\"2026-04-28T00:19:45+00:00\",\"breadcrumb\":{\"@id\":\"https:\\\/\\\/districos.standingout.be\\\/fr\\\/product\\\/anesi-epigenesse-creme-de-nuit-regenerante-50-ml-ref-4300-73\\\/#breadcrumb\"},\"inLanguage\":\"fr-FR\",\"potentialAction\":[{\"@type\":\"ReadAction\",\"target\":[\"https:\\\/\\\/districos.standingout.be\\\/fr\\\/product\\\/anesi-epigenesse-creme-de-nuit-regenerante-50-ml-ref-4300-73\\\/\"]}]},{\"@type\":\"ImageObject\",\"inLanguage\":\"fr-FR\",\"@id\":\"https:\\\/\\\/districos.standingout.be\\\/fr\\\/product\\\/anesi-epigenesse-creme-de-nuit-regenerante-50-ml-ref-4300-73\\\/#primaryimage\",\"url\":\"https:\\\/\\\/districos.standingout.be\\\/wp-content\\\/uploads\\\/2025\\\/07\\\/4300.73@LowRes_1_0.png\",\"contentUrl\":\"https:\\\/\\\/districos.standingout.be\\\/wp-content\\\/uploads\\\/2025\\\/07\\\/4300.73@LowRes_1_0.png\",\"width\":600,\"height\":600},{\"@type\":\"BreadcrumbList\",\"@id\":\"https:\\\/\\\/districos.standingout.be\\\/fr\\\/product\\\/anesi-epigenesse-creme-de-nuit-regenerante-50-ml-ref-4300-73\\\/#breadcrumb\",\"itemListElement\":[{\"@type\":\"ListItem\",\"position\":1,\"name\":\"Home\",\"item\":\"https:\\\/\\\/districos.standingout.be\\\/fr\\\/bienvenue-chez-districos\\\/\"},{\"@type\":\"ListItem\",\"position\":2,\"name\":\"Boutique\",\"item\":\"https:\\\/\\\/districos.standingout.be\\\/fr\\\/boutique\\\/\"},{\"@type\":\"ListItem\",\"position\":3,\"name\":\"Anesi Epigenesse Cr\u00e8me de Nuit R\u00e9g\u00e9n\u00e9rante 50 ml\"}]},{\"@type\":\"WebSite\",\"@id\":\"https:\\\/\\\/districos.standingout.be\\\/fr\\\/#website\",\"url\":\"https:\\\/\\\/districos.standingout.be\\\/fr\\\/\",\"name\":\"Districos Webshop\",\"description\":\"\",\"publisher\":{\"@id\":\"https:\\\/\\\/districos.standingout.be\\\/fr\\\/#organization\"},\"potentialAction\":[{\"@type\":\"SearchAction\",\"target\":{\"@type\":\"EntryPoint\",\"urlTemplate\":\"https:\\\/\\\/districos.standingout.be\\\/fr\\\/?s={search_term_string}\"},\"query-input\":{\"@type\":\"PropertyValueSpecification\",\"valueRequired\":true,\"valueName\":\"search_term_string\"}}],\"inLanguage\":\"fr-FR\"},{\"@type\":\"Organization\",\"@id\":\"https:\\\/\\\/districos.standingout.be\\\/fr\\\/#organization\",\"name\":\"Districos Webshop\",\"url\":\"https:\\\/\\\/districos.standingout.be\\\/fr\\\/\",\"logo\":{\"@type\":\"ImageObject\",\"inLanguage\":\"fr-FR\",\"@id\":\"https:\\\/\\\/districos.standingout.be\\\/fr\\\/#\\\/schema\\\/logo\\\/image\\\/\",\"url\":\"https:\\\/\\\/districos.standingout.be\\\/wp-content\\\/uploads\\\/2022\\\/09\\\/Districos_Logo_Webshop.svg\",\"contentUrl\":\"https:\\\/\\\/districos.standingout.be\\\/wp-content\\\/uploads\\\/2022\\\/09\\\/Districos_Logo_Webshop.svg\",\"caption\":\"Districos Webshop\"},\"image\":{\"@id\":\"https:\\\/\\\/districos.standingout.be\\\/fr\\\/#\\\/schema\\\/logo\\\/image\\\/\"}}]}<\/script>\n<!-- \/ Yoast SEO plugin. -->","yoast_head_json":{"title":"Anesi Epigenesse Cr\u00e8me de Nuit R\u00e9g\u00e9n\u00e9rante 50 ml - Districos Webshop","robots":{"index":"noindex","follow":"follow","max-snippet":"max-snippet:-1","max-image-preview":"max-image-preview:large","max-video-preview":"max-video-preview:-1"},"og_locale":"fr_FR","og_type":"article","og_title":"Anesi Epigenesse Cr\u00e8me de Nuit R\u00e9g\u00e9n\u00e9rante 50 ml - Districos Webshop","og_description":"\u200bCr\u00e8me de nuit luxueuse, \u00e0 base d\u2019actifs \u00e9pig\u00e9n\u00e9tiques cliniquement test\u00e9s et d\u2019huiles v\u00e9g\u00e9tales qui apportent tous les nutriments dont la peau mature a besoin afin d\u2019\u00eatre plus raffermie, d\u2019att\u00e9nuer et de pr\u00e9venir l\u2019apparition des rides et de redonner \u00e0 la peau de l\u2019\u00e9clat ainsi qu\u2019une apparence plus jeune. Cr\u00e8me luxueuse, riche et profond\u00e9ment nourrissante pour [&hellip;]","og_url":"https:\/\/districos.standingout.be\/fr\/product\/anesi-epigenesse-creme-de-nuit-regenerante-50-ml-ref-4300-73\/","og_site_name":"Districos Webshop","article_modified_time":"2026-04-28T00:19:45+00:00","og_image":[{"width":600,"height":600,"url":"https:\/\/districos.standingout.be\/wp-content\/uploads\/2025\/07\/4300.73@LowRes_1_0.png","type":"image\/png"}],"twitter_card":"summary_large_image","twitter_misc":{"Dur\u00e9e de lecture estim\u00e9e":"1 minute"},"schema":{"@context":"https:\/\/schema.org","@graph":[{"@type":"WebPage","@id":"https:\/\/districos.standingout.be\/fr\/product\/anesi-epigenesse-creme-de-nuit-regenerante-50-ml-ref-4300-73\/","url":"https:\/\/districos.standingout.be\/fr\/product\/anesi-epigenesse-creme-de-nuit-regenerante-50-ml-ref-4300-73\/","name":"Anesi Epigenesse Cr\u00e8me de Nuit R\u00e9g\u00e9n\u00e9rante 50 ml - Districos Webshop","isPartOf":{"@id":"https:\/\/districos.standingout.be\/fr\/#website"},"primaryImageOfPage":{"@id":"https:\/\/districos.standingout.be\/fr\/product\/anesi-epigenesse-creme-de-nuit-regenerante-50-ml-ref-4300-73\/#primaryimage"},"image":{"@id":"https:\/\/districos.standingout.be\/fr\/product\/anesi-epigenesse-creme-de-nuit-regenerante-50-ml-ref-4300-73\/#primaryimage"},"thumbnailUrl":"https:\/\/districos.standingout.be\/wp-content\/uploads\/2025\/07\/4300.73@LowRes_1_0.png","datePublished":"2026-04-28T00:19:42+00:00","dateModified":"2026-04-28T00:19:45+00:00","breadcrumb":{"@id":"https:\/\/districos.standingout.be\/fr\/product\/anesi-epigenesse-creme-de-nuit-regenerante-50-ml-ref-4300-73\/#breadcrumb"},"inLanguage":"fr-FR","potentialAction":[{"@type":"ReadAction","target":["https:\/\/districos.standingout.be\/fr\/product\/anesi-epigenesse-creme-de-nuit-regenerante-50-ml-ref-4300-73\/"]}]},{"@type":"ImageObject","inLanguage":"fr-FR","@id":"https:\/\/districos.standingout.be\/fr\/product\/anesi-epigenesse-creme-de-nuit-regenerante-50-ml-ref-4300-73\/#primaryimage","url":"https:\/\/districos.standingout.be\/wp-content\/uploads\/2025\/07\/4300.73@LowRes_1_0.png","contentUrl":"https:\/\/districos.standingout.be\/wp-content\/uploads\/2025\/07\/4300.73@LowRes_1_0.png","width":600,"height":600},{"@type":"BreadcrumbList","@id":"https:\/\/districos.standingout.be\/fr\/product\/anesi-epigenesse-creme-de-nuit-regenerante-50-ml-ref-4300-73\/#breadcrumb","itemListElement":[{"@type":"ListItem","position":1,"name":"Home","item":"https:\/\/districos.standingout.be\/fr\/bienvenue-chez-districos\/"},{"@type":"ListItem","position":2,"name":"Boutique","item":"https:\/\/districos.standingout.be\/fr\/boutique\/"},{"@type":"ListItem","position":3,"name":"Anesi Epigenesse Cr\u00e8me de Nuit R\u00e9g\u00e9n\u00e9rante 50 ml"}]},{"@type":"WebSite","@id":"https:\/\/districos.standingout.be\/fr\/#website","url":"https:\/\/districos.standingout.be\/fr\/","name":"Districos Webshop","description":"","publisher":{"@id":"https:\/\/districos.standingout.be\/fr\/#organization"},"potentialAction":[{"@type":"SearchAction","target":{"@type":"EntryPoint","urlTemplate":"https:\/\/districos.standingout.be\/fr\/?s={search_term_string}"},"query-input":{"@type":"PropertyValueSpecification","valueRequired":true,"valueName":"search_term_string"}}],"inLanguage":"fr-FR"},{"@type":"Organization","@id":"https:\/\/districos.standingout.be\/fr\/#organization","name":"Districos Webshop","url":"https:\/\/districos.standingout.be\/fr\/","logo":{"@type":"ImageObject","inLanguage":"fr-FR","@id":"https:\/\/districos.standingout.be\/fr\/#\/schema\/logo\/image\/","url":"https:\/\/districos.standingout.be\/wp-content\/uploads\/2022\/09\/Districos_Logo_Webshop.svg","contentUrl":"https:\/\/districos.standingout.be\/wp-content\/uploads\/2022\/09\/Districos_Logo_Webshop.svg","caption":"Districos Webshop"},"image":{"@id":"https:\/\/districos.standingout.be\/fr\/#\/schema\/logo\/image\/"}}]}},"_links":{"self":[{"href":"https:\/\/districos.standingout.be\/fr\/wp-json\/wp\/v2\/product\/134423","targetHints":{"allow":["GET"]}}],"collection":[{"href":"https:\/\/districos.standingout.be\/fr\/wp-json\/wp\/v2\/product"}],"about":[{"href":"https:\/\/districos.standingout.be\/fr\/wp-json\/wp\/v2\/types\/product"}],"replies":[{"embeddable":true,"href":"https:\/\/districos.standingout.be\/fr\/wp-json\/wp\/v2\/comments?post=134423"}],"wp:featuredmedia":[{"embeddable":true,"href":"https:\/\/districos.standingout.be\/fr\/wp-json\/wp\/v2\/media\/71800"}],"wp:attachment":[{"href":"https:\/\/districos.standingout.be\/fr\/wp-json\/wp\/v2\/media?parent=134423"}],"wp:term":[{"taxonomy":"product_brand","embeddable":true,"href":"https:\/\/districos.standingout.be\/fr\/wp-json\/wp\/v2\/product_brand?post=134423"},{"taxonomy":"product_cat","embeddable":true,"href":"https:\/\/districos.standingout.be\/fr\/wp-json\/wp\/v2\/product_cat?post=134423"},{"taxonomy":"product_tag","embeddable":true,"href":"https:\/\/districos.standingout.be\/fr\/wp-json\/wp\/v2\/product_tag?post=134423"}],"curies":[{"name":"wp","href":"https:\/\/api.w.org\/{rel}","templated":true}]}}