{"id":134425,"date":"2026-04-28T02:19:45","date_gmt":"2026-04-28T00:19:45","guid":{"rendered":"https:\/\/webshopdistricoscom.webhosting.be\/product\/anesi-epigenesse-flash-lift-ampoule-6-x-15-ml-ref-4300-74\/"},"modified":"2026-04-28T02:19:48","modified_gmt":"2026-04-28T00:19:48","slug":"anesi-epigenesse-flash-lift-ampoule-6-x-15-ml-ref-4300-74","status":"publish","type":"product","link":"https:\/\/districos.standingout.be\/fr\/product\/anesi-epigenesse-flash-lift-ampoule-6-x-15-ml-ref-4300-74\/","title":{"rendered":"Anesi Epigenesse Flash Lift Ampoule 6 x 1,5 ml"},"content":{"rendered":"<p >\n<p dir=\"ltr\">Ampoules qui procurent un effet tenseur instantan\u00e9 et qui ont une action raffermissante de longue dur\u00e9e.<\/p>\n<p dir=\"ltr\">\n<ul>\n<li>Id\u00e9ales pour appliquer sous le maquillage.<\/li>\n<li>Id\u00e9ales comme boost suppl\u00e9mentaire pour des occasions sp\u00e9ciales.<\/li>\n<li>Ingr\u00e9dients actifs : Pore Reductal NT, Cobiolift, Pepha\u00ae-Tight.<\/li>\n<li>Emballage : 6 ampoules de 1,5 ml.<\/li>\n<\/ul>\n<div><b>Mode d&#8217;emploi<\/b><\/div>\n<div><span>Appliquez sur la peau nettoy\u00e9e chaque fois qu&rsquo;elle a besoin d\u2019un lifting suppl\u00e9mentaire ou d&rsquo;un effet \u00e9clat instantan\u00e9.<\/span><\/div><\/p>\n","protected":false},"excerpt":{"rendered":"<p>Ampoules qui procurent un effet tenseur instantan\u00e9 et qui ont une action raffermissante de longue dur\u00e9e. Id\u00e9ales pour appliquer sous le maquillage. Id\u00e9ales comme boost suppl\u00e9mentaire pour des occasions sp\u00e9ciales. Ingr\u00e9dients actifs : Pore Reductal NT, Cobiolift, Pepha\u00ae-Tight. Emballage : 6 ampoules de 1,5 ml. Mode d&#8217;emploi Appliquez sur la peau nettoy\u00e9e chaque fois qu&rsquo;elle [&hellip;]<\/p>\n","protected":false},"featured_media":108430,"comment_status":"open","ping_status":"closed","template":"","meta":{"_acf_changed":false},"product_brand":[10280],"product_cat":[9858],"product_tag":[],"class_list":{"0":"post-134425","1":"product","2":"type-product","3":"status-publish","4":"has-post-thumbnail","6":"product_brand-anesi-fr","7":"product_cat-beaute-visage-anesi-visage","9":"first","10":"instock","11":"taxable","12":"shipping-taxable","13":"product-type-simple"},"acf":[],"yoast_head":"<!-- This site is optimized with the Yoast SEO plugin v27.3 - https:\/\/yoast.com\/product\/yoast-seo-wordpress\/ -->\n<title>Anesi Epigenesse Flash Lift Ampoule 6 x 1,5 ml - Districos Webshop<\/title>\n<meta name=\"robots\" content=\"noindex, follow, max-snippet:-1, max-image-preview:large, max-video-preview:-1\" \/>\n<meta property=\"og:locale\" content=\"fr_FR\" \/>\n<meta property=\"og:type\" content=\"article\" \/>\n<meta property=\"og:title\" content=\"Anesi Epigenesse Flash Lift Ampoule 6 x 1,5 ml - Districos Webshop\" \/>\n<meta property=\"og:description\" content=\"Ampoules qui procurent un effet tenseur instantan\u00e9 et qui ont une action raffermissante de longue dur\u00e9e. Id\u00e9ales pour appliquer sous le maquillage. Id\u00e9ales comme boost suppl\u00e9mentaire pour des occasions sp\u00e9ciales. Ingr\u00e9dients actifs : Pore Reductal NT, Cobiolift, Pepha\u00ae-Tight. Emballage : 6 ampoules de 1,5 ml. Mode d&#8217;emploi Appliquez sur la peau nettoy\u00e9e chaque fois qu&rsquo;elle [&hellip;]\" \/>\n<meta property=\"og:url\" content=\"https:\/\/districos.standingout.be\/fr\/product\/anesi-epigenesse-flash-lift-ampoule-6-x-15-ml-ref-4300-74\/\" \/>\n<meta property=\"og:site_name\" content=\"Districos Webshop\" \/>\n<meta property=\"article:modified_time\" content=\"2026-04-28T00:19:48+00:00\" \/>\n<meta property=\"og:image\" content=\"https:\/\/districos.standingout.be\/wp-content\/uploads\/2026\/03\/4300.74@LowRes_1_0.png\" \/>\n\t<meta property=\"og:image:width\" content=\"600\" \/>\n\t<meta property=\"og:image:height\" content=\"600\" \/>\n\t<meta property=\"og:image:type\" content=\"image\/png\" \/>\n<meta name=\"twitter:card\" content=\"summary_large_image\" \/>\n<script type=\"application\/ld+json\" class=\"yoast-schema-graph\">{\"@context\":\"https:\\\/\\\/schema.org\",\"@graph\":[{\"@type\":\"WebPage\",\"@id\":\"https:\\\/\\\/districos.standingout.be\\\/fr\\\/product\\\/anesi-epigenesse-flash-lift-ampoule-6-x-15-ml-ref-4300-74\\\/\",\"url\":\"https:\\\/\\\/districos.standingout.be\\\/fr\\\/product\\\/anesi-epigenesse-flash-lift-ampoule-6-x-15-ml-ref-4300-74\\\/\",\"name\":\"Anesi Epigenesse Flash Lift Ampoule 6 x 1,5 ml - Districos Webshop\",\"isPartOf\":{\"@id\":\"https:\\\/\\\/districos.standingout.be\\\/fr\\\/#website\"},\"primaryImageOfPage\":{\"@id\":\"https:\\\/\\\/districos.standingout.be\\\/fr\\\/product\\\/anesi-epigenesse-flash-lift-ampoule-6-x-15-ml-ref-4300-74\\\/#primaryimage\"},\"image\":{\"@id\":\"https:\\\/\\\/districos.standingout.be\\\/fr\\\/product\\\/anesi-epigenesse-flash-lift-ampoule-6-x-15-ml-ref-4300-74\\\/#primaryimage\"},\"thumbnailUrl\":\"https:\\\/\\\/districos.standingout.be\\\/wp-content\\\/uploads\\\/2026\\\/03\\\/4300.74@LowRes_1_0.png\",\"datePublished\":\"2026-04-28T00:19:45+00:00\",\"dateModified\":\"2026-04-28T00:19:48+00:00\",\"breadcrumb\":{\"@id\":\"https:\\\/\\\/districos.standingout.be\\\/fr\\\/product\\\/anesi-epigenesse-flash-lift-ampoule-6-x-15-ml-ref-4300-74\\\/#breadcrumb\"},\"inLanguage\":\"fr-FR\",\"potentialAction\":[{\"@type\":\"ReadAction\",\"target\":[\"https:\\\/\\\/districos.standingout.be\\\/fr\\\/product\\\/anesi-epigenesse-flash-lift-ampoule-6-x-15-ml-ref-4300-74\\\/\"]}]},{\"@type\":\"ImageObject\",\"inLanguage\":\"fr-FR\",\"@id\":\"https:\\\/\\\/districos.standingout.be\\\/fr\\\/product\\\/anesi-epigenesse-flash-lift-ampoule-6-x-15-ml-ref-4300-74\\\/#primaryimage\",\"url\":\"https:\\\/\\\/districos.standingout.be\\\/wp-content\\\/uploads\\\/2026\\\/03\\\/4300.74@LowRes_1_0.png\",\"contentUrl\":\"https:\\\/\\\/districos.standingout.be\\\/wp-content\\\/uploads\\\/2026\\\/03\\\/4300.74@LowRes_1_0.png\",\"width\":600,\"height\":600},{\"@type\":\"BreadcrumbList\",\"@id\":\"https:\\\/\\\/districos.standingout.be\\\/fr\\\/product\\\/anesi-epigenesse-flash-lift-ampoule-6-x-15-ml-ref-4300-74\\\/#breadcrumb\",\"itemListElement\":[{\"@type\":\"ListItem\",\"position\":1,\"name\":\"Home\",\"item\":\"https:\\\/\\\/districos.standingout.be\\\/fr\\\/bienvenue-chez-districos\\\/\"},{\"@type\":\"ListItem\",\"position\":2,\"name\":\"Boutique\",\"item\":\"https:\\\/\\\/districos.standingout.be\\\/fr\\\/boutique\\\/\"},{\"@type\":\"ListItem\",\"position\":3,\"name\":\"Anesi Epigenesse Flash Lift Ampoule 6 x 1,5 ml\"}]},{\"@type\":\"WebSite\",\"@id\":\"https:\\\/\\\/districos.standingout.be\\\/fr\\\/#website\",\"url\":\"https:\\\/\\\/districos.standingout.be\\\/fr\\\/\",\"name\":\"Districos Webshop\",\"description\":\"\",\"publisher\":{\"@id\":\"https:\\\/\\\/districos.standingout.be\\\/fr\\\/#organization\"},\"potentialAction\":[{\"@type\":\"SearchAction\",\"target\":{\"@type\":\"EntryPoint\",\"urlTemplate\":\"https:\\\/\\\/districos.standingout.be\\\/fr\\\/?s={search_term_string}\"},\"query-input\":{\"@type\":\"PropertyValueSpecification\",\"valueRequired\":true,\"valueName\":\"search_term_string\"}}],\"inLanguage\":\"fr-FR\"},{\"@type\":\"Organization\",\"@id\":\"https:\\\/\\\/districos.standingout.be\\\/fr\\\/#organization\",\"name\":\"Districos Webshop\",\"url\":\"https:\\\/\\\/districos.standingout.be\\\/fr\\\/\",\"logo\":{\"@type\":\"ImageObject\",\"inLanguage\":\"fr-FR\",\"@id\":\"https:\\\/\\\/districos.standingout.be\\\/fr\\\/#\\\/schema\\\/logo\\\/image\\\/\",\"url\":\"https:\\\/\\\/districos.standingout.be\\\/wp-content\\\/uploads\\\/2022\\\/09\\\/Districos_Logo_Webshop.svg\",\"contentUrl\":\"https:\\\/\\\/districos.standingout.be\\\/wp-content\\\/uploads\\\/2022\\\/09\\\/Districos_Logo_Webshop.svg\",\"caption\":\"Districos Webshop\"},\"image\":{\"@id\":\"https:\\\/\\\/districos.standingout.be\\\/fr\\\/#\\\/schema\\\/logo\\\/image\\\/\"}}]}<\/script>\n<!-- \/ Yoast SEO plugin. -->","yoast_head_json":{"title":"Anesi Epigenesse Flash Lift Ampoule 6 x 1,5 ml - Districos Webshop","robots":{"index":"noindex","follow":"follow","max-snippet":"max-snippet:-1","max-image-preview":"max-image-preview:large","max-video-preview":"max-video-preview:-1"},"og_locale":"fr_FR","og_type":"article","og_title":"Anesi Epigenesse Flash Lift Ampoule 6 x 1,5 ml - Districos Webshop","og_description":"Ampoules qui procurent un effet tenseur instantan\u00e9 et qui ont une action raffermissante de longue dur\u00e9e. Id\u00e9ales pour appliquer sous le maquillage. Id\u00e9ales comme boost suppl\u00e9mentaire pour des occasions sp\u00e9ciales. Ingr\u00e9dients actifs : Pore Reductal NT, Cobiolift, Pepha\u00ae-Tight. Emballage : 6 ampoules de 1,5 ml. Mode d&#8217;emploi Appliquez sur la peau nettoy\u00e9e chaque fois qu&rsquo;elle [&hellip;]","og_url":"https:\/\/districos.standingout.be\/fr\/product\/anesi-epigenesse-flash-lift-ampoule-6-x-15-ml-ref-4300-74\/","og_site_name":"Districos Webshop","article_modified_time":"2026-04-28T00:19:48+00:00","og_image":[{"width":600,"height":600,"url":"https:\/\/districos.standingout.be\/wp-content\/uploads\/2026\/03\/4300.74@LowRes_1_0.png","type":"image\/png"}],"twitter_card":"summary_large_image","schema":{"@context":"https:\/\/schema.org","@graph":[{"@type":"WebPage","@id":"https:\/\/districos.standingout.be\/fr\/product\/anesi-epigenesse-flash-lift-ampoule-6-x-15-ml-ref-4300-74\/","url":"https:\/\/districos.standingout.be\/fr\/product\/anesi-epigenesse-flash-lift-ampoule-6-x-15-ml-ref-4300-74\/","name":"Anesi Epigenesse Flash Lift Ampoule 6 x 1,5 ml - Districos Webshop","isPartOf":{"@id":"https:\/\/districos.standingout.be\/fr\/#website"},"primaryImageOfPage":{"@id":"https:\/\/districos.standingout.be\/fr\/product\/anesi-epigenesse-flash-lift-ampoule-6-x-15-ml-ref-4300-74\/#primaryimage"},"image":{"@id":"https:\/\/districos.standingout.be\/fr\/product\/anesi-epigenesse-flash-lift-ampoule-6-x-15-ml-ref-4300-74\/#primaryimage"},"thumbnailUrl":"https:\/\/districos.standingout.be\/wp-content\/uploads\/2026\/03\/4300.74@LowRes_1_0.png","datePublished":"2026-04-28T00:19:45+00:00","dateModified":"2026-04-28T00:19:48+00:00","breadcrumb":{"@id":"https:\/\/districos.standingout.be\/fr\/product\/anesi-epigenesse-flash-lift-ampoule-6-x-15-ml-ref-4300-74\/#breadcrumb"},"inLanguage":"fr-FR","potentialAction":[{"@type":"ReadAction","target":["https:\/\/districos.standingout.be\/fr\/product\/anesi-epigenesse-flash-lift-ampoule-6-x-15-ml-ref-4300-74\/"]}]},{"@type":"ImageObject","inLanguage":"fr-FR","@id":"https:\/\/districos.standingout.be\/fr\/product\/anesi-epigenesse-flash-lift-ampoule-6-x-15-ml-ref-4300-74\/#primaryimage","url":"https:\/\/districos.standingout.be\/wp-content\/uploads\/2026\/03\/4300.74@LowRes_1_0.png","contentUrl":"https:\/\/districos.standingout.be\/wp-content\/uploads\/2026\/03\/4300.74@LowRes_1_0.png","width":600,"height":600},{"@type":"BreadcrumbList","@id":"https:\/\/districos.standingout.be\/fr\/product\/anesi-epigenesse-flash-lift-ampoule-6-x-15-ml-ref-4300-74\/#breadcrumb","itemListElement":[{"@type":"ListItem","position":1,"name":"Home","item":"https:\/\/districos.standingout.be\/fr\/bienvenue-chez-districos\/"},{"@type":"ListItem","position":2,"name":"Boutique","item":"https:\/\/districos.standingout.be\/fr\/boutique\/"},{"@type":"ListItem","position":3,"name":"Anesi Epigenesse Flash Lift Ampoule 6 x 1,5 ml"}]},{"@type":"WebSite","@id":"https:\/\/districos.standingout.be\/fr\/#website","url":"https:\/\/districos.standingout.be\/fr\/","name":"Districos Webshop","description":"","publisher":{"@id":"https:\/\/districos.standingout.be\/fr\/#organization"},"potentialAction":[{"@type":"SearchAction","target":{"@type":"EntryPoint","urlTemplate":"https:\/\/districos.standingout.be\/fr\/?s={search_term_string}"},"query-input":{"@type":"PropertyValueSpecification","valueRequired":true,"valueName":"search_term_string"}}],"inLanguage":"fr-FR"},{"@type":"Organization","@id":"https:\/\/districos.standingout.be\/fr\/#organization","name":"Districos Webshop","url":"https:\/\/districos.standingout.be\/fr\/","logo":{"@type":"ImageObject","inLanguage":"fr-FR","@id":"https:\/\/districos.standingout.be\/fr\/#\/schema\/logo\/image\/","url":"https:\/\/districos.standingout.be\/wp-content\/uploads\/2022\/09\/Districos_Logo_Webshop.svg","contentUrl":"https:\/\/districos.standingout.be\/wp-content\/uploads\/2022\/09\/Districos_Logo_Webshop.svg","caption":"Districos Webshop"},"image":{"@id":"https:\/\/districos.standingout.be\/fr\/#\/schema\/logo\/image\/"}}]}},"_links":{"self":[{"href":"https:\/\/districos.standingout.be\/fr\/wp-json\/wp\/v2\/product\/134425","targetHints":{"allow":["GET"]}}],"collection":[{"href":"https:\/\/districos.standingout.be\/fr\/wp-json\/wp\/v2\/product"}],"about":[{"href":"https:\/\/districos.standingout.be\/fr\/wp-json\/wp\/v2\/types\/product"}],"replies":[{"embeddable":true,"href":"https:\/\/districos.standingout.be\/fr\/wp-json\/wp\/v2\/comments?post=134425"}],"wp:featuredmedia":[{"embeddable":true,"href":"https:\/\/districos.standingout.be\/fr\/wp-json\/wp\/v2\/media\/108430"}],"wp:attachment":[{"href":"https:\/\/districos.standingout.be\/fr\/wp-json\/wp\/v2\/media?parent=134425"}],"wp:term":[{"taxonomy":"product_brand","embeddable":true,"href":"https:\/\/districos.standingout.be\/fr\/wp-json\/wp\/v2\/product_brand?post=134425"},{"taxonomy":"product_cat","embeddable":true,"href":"https:\/\/districos.standingout.be\/fr\/wp-json\/wp\/v2\/product_cat?post=134425"},{"taxonomy":"product_tag","embeddable":true,"href":"https:\/\/districos.standingout.be\/fr\/wp-json\/wp\/v2\/product_tag?post=134425"}],"curies":[{"name":"wp","href":"https:\/\/api.w.org\/{rel}","templated":true}]}}