{"id":134431,"date":"2026-04-28T02:20:23","date_gmt":"2026-04-28T00:20:23","guid":{"rendered":"https:\/\/webshopdistricoscom.webhosting.be\/product\/anesi-3c-vitamin-glow-ampoules-6-x-15-ml-ref-4300-82\/"},"modified":"2026-04-28T02:20:27","modified_gmt":"2026-04-28T00:20:27","slug":"anesi-3c-vitamin-glow-ampoules-6-x-15-ml-ref-4300-82","status":"publish","type":"product","link":"https:\/\/districos.standingout.be\/fr\/product\/anesi-3c-vitamin-glow-ampoules-6-x-15-ml-ref-4300-82\/","title":{"rendered":"Anesi 3C Vitamin Glow Ampoules 6 x 1,5 ml"},"content":{"rendered":"<p >\n<p dir=\"ltr\">Traitement antioxydant puissant \u00e0 forte concentration de vitamine C (10 %) en format d&rsquo;ampoule pour vite retrouver un teint sain et \u00e9clatant. La peau est visiblement plus \u00e9clatante, le teint plus uniforme et les rides et ridules sont moins visibles.<\/p>\n<p dir=\"ltr\">\n<ul>\n<li>Emballage : 6 ampoules de 1,5 ml.<\/li>\n<\/ul>\n<div><b>Mode d&#8217;emploi<\/b><\/div>\n<div>Pour le meilleur r\u00e9sultat, utilisez quotidiennement pendant 6 \u00e0 12 jours lors du changement de saison et \u00e0 l&rsquo;approche d&rsquo;une occasion sp\u00e9ciale.<\/div>\n<p> <\/p><\/p>\n","protected":false},"excerpt":{"rendered":"<p>Traitement antioxydant puissant \u00e0 forte concentration de vitamine C (10 %) en format d&rsquo;ampoule pour vite retrouver un teint sain et \u00e9clatant. La peau est visiblement plus \u00e9clatante, le teint plus uniforme et les rides et ridules sont moins visibles. Emballage : 6 ampoules de 1,5 ml. Mode d&#8217;emploi Pour le meilleur r\u00e9sultat, utilisez quotidiennement [&hellip;]<\/p>\n","protected":false},"featured_media":71818,"comment_status":"open","ping_status":"closed","template":"","meta":{"_acf_changed":false},"product_brand":[10280],"product_cat":[9858],"product_tag":[],"class_list":{"0":"post-134431","1":"product","2":"type-product","3":"status-publish","4":"has-post-thumbnail","6":"product_brand-anesi-fr","7":"product_cat-beaute-visage-anesi-visage","9":"first","10":"instock","11":"taxable","12":"shipping-taxable","13":"product-type-simple"},"acf":[],"yoast_head":"<!-- This site is optimized with the Yoast SEO plugin v27.3 - https:\/\/yoast.com\/product\/yoast-seo-wordpress\/ -->\n<title>Anesi 3C Vitamin Glow Ampoules 6 x 1,5 ml - Districos Webshop<\/title>\n<meta name=\"robots\" content=\"noindex, follow, max-snippet:-1, max-image-preview:large, max-video-preview:-1\" \/>\n<meta property=\"og:locale\" content=\"fr_FR\" \/>\n<meta property=\"og:type\" content=\"article\" \/>\n<meta property=\"og:title\" content=\"Anesi 3C Vitamin Glow Ampoules 6 x 1,5 ml - Districos Webshop\" \/>\n<meta property=\"og:description\" content=\"Traitement antioxydant puissant \u00e0 forte concentration de vitamine C (10 %) en format d&rsquo;ampoule pour vite retrouver un teint sain et \u00e9clatant. La peau est visiblement plus \u00e9clatante, le teint plus uniforme et les rides et ridules sont moins visibles. Emballage : 6 ampoules de 1,5 ml. Mode d&#8217;emploi Pour le meilleur r\u00e9sultat, utilisez quotidiennement [&hellip;]\" \/>\n<meta property=\"og:url\" content=\"https:\/\/districos.standingout.be\/fr\/product\/anesi-3c-vitamin-glow-ampoules-6-x-15-ml-ref-4300-82\/\" \/>\n<meta property=\"og:site_name\" content=\"Districos Webshop\" \/>\n<meta property=\"article:modified_time\" content=\"2026-04-28T00:20:27+00:00\" \/>\n<meta property=\"og:image\" content=\"https:\/\/districos.standingout.be\/wp-content\/uploads\/2025\/07\/4300.82@LowRes_0_99.png\" \/>\n\t<meta property=\"og:image:width\" content=\"600\" \/>\n\t<meta property=\"og:image:height\" content=\"600\" \/>\n\t<meta property=\"og:image:type\" content=\"image\/png\" \/>\n<meta name=\"twitter:card\" content=\"summary_large_image\" \/>\n<script type=\"application\/ld+json\" class=\"yoast-schema-graph\">{\"@context\":\"https:\\\/\\\/schema.org\",\"@graph\":[{\"@type\":\"WebPage\",\"@id\":\"https:\\\/\\\/districos.standingout.be\\\/fr\\\/product\\\/anesi-3c-vitamin-glow-ampoules-6-x-15-ml-ref-4300-82\\\/\",\"url\":\"https:\\\/\\\/districos.standingout.be\\\/fr\\\/product\\\/anesi-3c-vitamin-glow-ampoules-6-x-15-ml-ref-4300-82\\\/\",\"name\":\"Anesi 3C Vitamin Glow Ampoules 6 x 1,5 ml - Districos Webshop\",\"isPartOf\":{\"@id\":\"https:\\\/\\\/districos.standingout.be\\\/fr\\\/#website\"},\"primaryImageOfPage\":{\"@id\":\"https:\\\/\\\/districos.standingout.be\\\/fr\\\/product\\\/anesi-3c-vitamin-glow-ampoules-6-x-15-ml-ref-4300-82\\\/#primaryimage\"},\"image\":{\"@id\":\"https:\\\/\\\/districos.standingout.be\\\/fr\\\/product\\\/anesi-3c-vitamin-glow-ampoules-6-x-15-ml-ref-4300-82\\\/#primaryimage\"},\"thumbnailUrl\":\"https:\\\/\\\/districos.standingout.be\\\/wp-content\\\/uploads\\\/2025\\\/07\\\/4300.82@LowRes_0_99.png\",\"datePublished\":\"2026-04-28T00:20:23+00:00\",\"dateModified\":\"2026-04-28T00:20:27+00:00\",\"breadcrumb\":{\"@id\":\"https:\\\/\\\/districos.standingout.be\\\/fr\\\/product\\\/anesi-3c-vitamin-glow-ampoules-6-x-15-ml-ref-4300-82\\\/#breadcrumb\"},\"inLanguage\":\"fr-FR\",\"potentialAction\":[{\"@type\":\"ReadAction\",\"target\":[\"https:\\\/\\\/districos.standingout.be\\\/fr\\\/product\\\/anesi-3c-vitamin-glow-ampoules-6-x-15-ml-ref-4300-82\\\/\"]}]},{\"@type\":\"ImageObject\",\"inLanguage\":\"fr-FR\",\"@id\":\"https:\\\/\\\/districos.standingout.be\\\/fr\\\/product\\\/anesi-3c-vitamin-glow-ampoules-6-x-15-ml-ref-4300-82\\\/#primaryimage\",\"url\":\"https:\\\/\\\/districos.standingout.be\\\/wp-content\\\/uploads\\\/2025\\\/07\\\/4300.82@LowRes_0_99.png\",\"contentUrl\":\"https:\\\/\\\/districos.standingout.be\\\/wp-content\\\/uploads\\\/2025\\\/07\\\/4300.82@LowRes_0_99.png\",\"width\":600,\"height\":600},{\"@type\":\"BreadcrumbList\",\"@id\":\"https:\\\/\\\/districos.standingout.be\\\/fr\\\/product\\\/anesi-3c-vitamin-glow-ampoules-6-x-15-ml-ref-4300-82\\\/#breadcrumb\",\"itemListElement\":[{\"@type\":\"ListItem\",\"position\":1,\"name\":\"Home\",\"item\":\"https:\\\/\\\/districos.standingout.be\\\/fr\\\/bienvenue-chez-districos\\\/\"},{\"@type\":\"ListItem\",\"position\":2,\"name\":\"Boutique\",\"item\":\"https:\\\/\\\/districos.standingout.be\\\/fr\\\/boutique\\\/\"},{\"@type\":\"ListItem\",\"position\":3,\"name\":\"Anesi 3C Vitamin Glow Ampoules 6 x 1,5 ml\"}]},{\"@type\":\"WebSite\",\"@id\":\"https:\\\/\\\/districos.standingout.be\\\/fr\\\/#website\",\"url\":\"https:\\\/\\\/districos.standingout.be\\\/fr\\\/\",\"name\":\"Districos Webshop\",\"description\":\"\",\"publisher\":{\"@id\":\"https:\\\/\\\/districos.standingout.be\\\/fr\\\/#organization\"},\"potentialAction\":[{\"@type\":\"SearchAction\",\"target\":{\"@type\":\"EntryPoint\",\"urlTemplate\":\"https:\\\/\\\/districos.standingout.be\\\/fr\\\/?s={search_term_string}\"},\"query-input\":{\"@type\":\"PropertyValueSpecification\",\"valueRequired\":true,\"valueName\":\"search_term_string\"}}],\"inLanguage\":\"fr-FR\"},{\"@type\":\"Organization\",\"@id\":\"https:\\\/\\\/districos.standingout.be\\\/fr\\\/#organization\",\"name\":\"Districos Webshop\",\"url\":\"https:\\\/\\\/districos.standingout.be\\\/fr\\\/\",\"logo\":{\"@type\":\"ImageObject\",\"inLanguage\":\"fr-FR\",\"@id\":\"https:\\\/\\\/districos.standingout.be\\\/fr\\\/#\\\/schema\\\/logo\\\/image\\\/\",\"url\":\"https:\\\/\\\/districos.standingout.be\\\/wp-content\\\/uploads\\\/2022\\\/09\\\/Districos_Logo_Webshop.svg\",\"contentUrl\":\"https:\\\/\\\/districos.standingout.be\\\/wp-content\\\/uploads\\\/2022\\\/09\\\/Districos_Logo_Webshop.svg\",\"caption\":\"Districos Webshop\"},\"image\":{\"@id\":\"https:\\\/\\\/districos.standingout.be\\\/fr\\\/#\\\/schema\\\/logo\\\/image\\\/\"}}]}<\/script>\n<!-- \/ Yoast SEO plugin. -->","yoast_head_json":{"title":"Anesi 3C Vitamin Glow Ampoules 6 x 1,5 ml - Districos Webshop","robots":{"index":"noindex","follow":"follow","max-snippet":"max-snippet:-1","max-image-preview":"max-image-preview:large","max-video-preview":"max-video-preview:-1"},"og_locale":"fr_FR","og_type":"article","og_title":"Anesi 3C Vitamin Glow Ampoules 6 x 1,5 ml - Districos Webshop","og_description":"Traitement antioxydant puissant \u00e0 forte concentration de vitamine C (10 %) en format d&rsquo;ampoule pour vite retrouver un teint sain et \u00e9clatant. La peau est visiblement plus \u00e9clatante, le teint plus uniforme et les rides et ridules sont moins visibles. Emballage : 6 ampoules de 1,5 ml. Mode d&#8217;emploi Pour le meilleur r\u00e9sultat, utilisez quotidiennement [&hellip;]","og_url":"https:\/\/districos.standingout.be\/fr\/product\/anesi-3c-vitamin-glow-ampoules-6-x-15-ml-ref-4300-82\/","og_site_name":"Districos Webshop","article_modified_time":"2026-04-28T00:20:27+00:00","og_image":[{"width":600,"height":600,"url":"https:\/\/districos.standingout.be\/wp-content\/uploads\/2025\/07\/4300.82@LowRes_0_99.png","type":"image\/png"}],"twitter_card":"summary_large_image","schema":{"@context":"https:\/\/schema.org","@graph":[{"@type":"WebPage","@id":"https:\/\/districos.standingout.be\/fr\/product\/anesi-3c-vitamin-glow-ampoules-6-x-15-ml-ref-4300-82\/","url":"https:\/\/districos.standingout.be\/fr\/product\/anesi-3c-vitamin-glow-ampoules-6-x-15-ml-ref-4300-82\/","name":"Anesi 3C Vitamin Glow Ampoules 6 x 1,5 ml - Districos Webshop","isPartOf":{"@id":"https:\/\/districos.standingout.be\/fr\/#website"},"primaryImageOfPage":{"@id":"https:\/\/districos.standingout.be\/fr\/product\/anesi-3c-vitamin-glow-ampoules-6-x-15-ml-ref-4300-82\/#primaryimage"},"image":{"@id":"https:\/\/districos.standingout.be\/fr\/product\/anesi-3c-vitamin-glow-ampoules-6-x-15-ml-ref-4300-82\/#primaryimage"},"thumbnailUrl":"https:\/\/districos.standingout.be\/wp-content\/uploads\/2025\/07\/4300.82@LowRes_0_99.png","datePublished":"2026-04-28T00:20:23+00:00","dateModified":"2026-04-28T00:20:27+00:00","breadcrumb":{"@id":"https:\/\/districos.standingout.be\/fr\/product\/anesi-3c-vitamin-glow-ampoules-6-x-15-ml-ref-4300-82\/#breadcrumb"},"inLanguage":"fr-FR","potentialAction":[{"@type":"ReadAction","target":["https:\/\/districos.standingout.be\/fr\/product\/anesi-3c-vitamin-glow-ampoules-6-x-15-ml-ref-4300-82\/"]}]},{"@type":"ImageObject","inLanguage":"fr-FR","@id":"https:\/\/districos.standingout.be\/fr\/product\/anesi-3c-vitamin-glow-ampoules-6-x-15-ml-ref-4300-82\/#primaryimage","url":"https:\/\/districos.standingout.be\/wp-content\/uploads\/2025\/07\/4300.82@LowRes_0_99.png","contentUrl":"https:\/\/districos.standingout.be\/wp-content\/uploads\/2025\/07\/4300.82@LowRes_0_99.png","width":600,"height":600},{"@type":"BreadcrumbList","@id":"https:\/\/districos.standingout.be\/fr\/product\/anesi-3c-vitamin-glow-ampoules-6-x-15-ml-ref-4300-82\/#breadcrumb","itemListElement":[{"@type":"ListItem","position":1,"name":"Home","item":"https:\/\/districos.standingout.be\/fr\/bienvenue-chez-districos\/"},{"@type":"ListItem","position":2,"name":"Boutique","item":"https:\/\/districos.standingout.be\/fr\/boutique\/"},{"@type":"ListItem","position":3,"name":"Anesi 3C Vitamin Glow Ampoules 6 x 1,5 ml"}]},{"@type":"WebSite","@id":"https:\/\/districos.standingout.be\/fr\/#website","url":"https:\/\/districos.standingout.be\/fr\/","name":"Districos Webshop","description":"","publisher":{"@id":"https:\/\/districos.standingout.be\/fr\/#organization"},"potentialAction":[{"@type":"SearchAction","target":{"@type":"EntryPoint","urlTemplate":"https:\/\/districos.standingout.be\/fr\/?s={search_term_string}"},"query-input":{"@type":"PropertyValueSpecification","valueRequired":true,"valueName":"search_term_string"}}],"inLanguage":"fr-FR"},{"@type":"Organization","@id":"https:\/\/districos.standingout.be\/fr\/#organization","name":"Districos Webshop","url":"https:\/\/districos.standingout.be\/fr\/","logo":{"@type":"ImageObject","inLanguage":"fr-FR","@id":"https:\/\/districos.standingout.be\/fr\/#\/schema\/logo\/image\/","url":"https:\/\/districos.standingout.be\/wp-content\/uploads\/2022\/09\/Districos_Logo_Webshop.svg","contentUrl":"https:\/\/districos.standingout.be\/wp-content\/uploads\/2022\/09\/Districos_Logo_Webshop.svg","caption":"Districos Webshop"},"image":{"@id":"https:\/\/districos.standingout.be\/fr\/#\/schema\/logo\/image\/"}}]}},"_links":{"self":[{"href":"https:\/\/districos.standingout.be\/fr\/wp-json\/wp\/v2\/product\/134431","targetHints":{"allow":["GET"]}}],"collection":[{"href":"https:\/\/districos.standingout.be\/fr\/wp-json\/wp\/v2\/product"}],"about":[{"href":"https:\/\/districos.standingout.be\/fr\/wp-json\/wp\/v2\/types\/product"}],"replies":[{"embeddable":true,"href":"https:\/\/districos.standingout.be\/fr\/wp-json\/wp\/v2\/comments?post=134431"}],"wp:featuredmedia":[{"embeddable":true,"href":"https:\/\/districos.standingout.be\/fr\/wp-json\/wp\/v2\/media\/71818"}],"wp:attachment":[{"href":"https:\/\/districos.standingout.be\/fr\/wp-json\/wp\/v2\/media?parent=134431"}],"wp:term":[{"taxonomy":"product_brand","embeddable":true,"href":"https:\/\/districos.standingout.be\/fr\/wp-json\/wp\/v2\/product_brand?post=134431"},{"taxonomy":"product_cat","embeddable":true,"href":"https:\/\/districos.standingout.be\/fr\/wp-json\/wp\/v2\/product_cat?post=134431"},{"taxonomy":"product_tag","embeddable":true,"href":"https:\/\/districos.standingout.be\/fr\/wp-json\/wp\/v2\/product_tag?post=134431"}],"curies":[{"name":"wp","href":"https:\/\/api.w.org\/{rel}","templated":true}]}}