{"id":134441,"date":"2026-04-28T02:20:42","date_gmt":"2026-04-28T00:20:42","guid":{"rendered":"https:\/\/webshopdistricoscom.webhosting.be\/product\/anesi-aqua-vital-peeling-enzymatique-500-g-ref-4400-05\/"},"modified":"2026-04-28T02:20:46","modified_gmt":"2026-04-28T00:20:46","slug":"anesi-aqua-vital-peeling-enzymatique-500-g-ref-4400-05","status":"publish","type":"product","link":"https:\/\/districos.standingout.be\/fr\/product\/anesi-aqua-vital-peeling-enzymatique-500-g-ref-4400-05\/","title":{"rendered":"Anesi Aqua Vital Peeling Enzymatique 500 g"},"content":{"rendered":"<p >\n<\/p>\n<\/p>\n<\/p>\n<\/p>\n<p><span lang=\"FR\">Peeling enzymatique excellent \u00e0 la texture velout\u00e9e qui \u00e9limine en douceur les cellules mortes et les derni\u00e8re impuret\u00e9s qui obstruent les pores. Le peeling am\u00e9liore la structure de la peau et pourvoit la peau d&rsquo;un teint frais et rayonnant.&nbsp;<o:p><\/o:p><\/span><\/p>\n<\/p>\n<ul>\n<li><span lang=\"FR\">Convient \u00e0 tous les types de peau. Surtout recommand\u00e9 pour les peaux sensibles et r\u00e9actives, couperos\u00e9es ou acn\u00e9iques par exemple, ou les peaux plus fines qui r\u00e9agissent fortement \u00e0 un peeling m\u00e9canique.<\/span><\/li>\n<li><span lang=\"FR\">Ingr\u00e9dients actifs : extrait de tige d&rsquo;ananas, avoine, argile bentonite.<\/span><\/li>\n<li><span lang=\"FR\">Emballage : 500 g.<\/span><\/li>\n<\/ul>\n<p><span lang=\"FR\"><b>Mode d&#8217;emploi<\/b><o:p><\/o:p><\/span><\/p>\n<\/p>\n<ul>\n<li><span lang=\"FR\">M\u00e9langez 10 g (2 cuill\u00e8res \u00e0 soupe bien mesur\u00e9es) de Peeling Enzymatique avec 30 ml de Tonique 3D-Aqua Vital, de Lotion Caresse Harmonie (en cas de peau r\u00e9active) ou de Lotion Contr\u00f4le Dermo Contr\u00f4le (en cas de peau grasse \u00e0 mixte).<\/span><\/li>\n<li><span lang=\"FR\">Appliquez une couche \u00e9paisse avec une spatule sur le visage et le cou.<\/span><\/li>\n<li><span lang=\"FR\">\u00c9vitez le contour des yeux.<\/span><\/li>\n<li><span lang=\"FR\">Laissez agir pendant 7 \u00e0 10 minutes.<\/span><\/li>\n<li><span lang=\"FR\">Enlevez le peeling avec une spatule et les r\u00e9sidus avec une compresse humide.<\/span><\/li>\n<li><span lang=\"FR\">Tonifier la peau.<\/span><\/li>\n<\/ul>\n<p dir=\"ltr\"><\/p>\n","protected":false},"excerpt":{"rendered":"<p>Peeling enzymatique excellent \u00e0 la texture velout\u00e9e qui \u00e9limine en douceur les cellules mortes et les derni\u00e8re impuret\u00e9s qui obstruent les pores. Le peeling am\u00e9liore la structure de la peau et pourvoit la peau d&rsquo;un teint frais et rayonnant.&nbsp; Convient \u00e0 tous les types de peau. Surtout recommand\u00e9 pour les peaux sensibles et r\u00e9actives, couperos\u00e9es [&hellip;]<\/p>\n","protected":false},"featured_media":71833,"comment_status":"open","ping_status":"closed","template":"","meta":{"_acf_changed":false},"product_brand":[10280],"product_cat":[9858],"product_tag":[],"class_list":{"0":"post-134441","1":"product","2":"type-product","3":"status-publish","4":"has-post-thumbnail","6":"product_brand-anesi-fr","7":"product_cat-beaute-visage-anesi-visage","9":"first","10":"instock","11":"taxable","12":"shipping-taxable","13":"product-type-simple"},"acf":[],"yoast_head":"<!-- This site is optimized with the Yoast SEO plugin v27.3 - https:\/\/yoast.com\/product\/yoast-seo-wordpress\/ -->\n<title>Anesi Aqua Vital Peeling Enzymatique 500 g - Districos Webshop<\/title>\n<meta name=\"robots\" content=\"noindex, follow, max-snippet:-1, max-image-preview:large, max-video-preview:-1\" \/>\n<meta property=\"og:locale\" content=\"fr_FR\" \/>\n<meta property=\"og:type\" content=\"article\" \/>\n<meta property=\"og:title\" content=\"Anesi Aqua Vital Peeling Enzymatique 500 g - Districos Webshop\" \/>\n<meta property=\"og:description\" content=\"Peeling enzymatique excellent \u00e0 la texture velout\u00e9e qui \u00e9limine en douceur les cellules mortes et les derni\u00e8re impuret\u00e9s qui obstruent les pores. Le peeling am\u00e9liore la structure de la peau et pourvoit la peau d&rsquo;un teint frais et rayonnant.&nbsp; Convient \u00e0 tous les types de peau. Surtout recommand\u00e9 pour les peaux sensibles et r\u00e9actives, couperos\u00e9es [&hellip;]\" \/>\n<meta property=\"og:url\" content=\"https:\/\/districos.standingout.be\/fr\/product\/anesi-aqua-vital-peeling-enzymatique-500-g-ref-4400-05\/\" \/>\n<meta property=\"og:site_name\" content=\"Districos Webshop\" \/>\n<meta property=\"article:modified_time\" content=\"2026-04-28T00:20:46+00:00\" \/>\n<meta property=\"og:image\" content=\"https:\/\/districos.standingout.be\/wp-content\/uploads\/2025\/07\/4400.05@LowRes_1_0.png\" \/>\n\t<meta property=\"og:image:width\" content=\"600\" \/>\n\t<meta property=\"og:image:height\" content=\"600\" \/>\n\t<meta property=\"og:image:type\" content=\"image\/png\" \/>\n<meta name=\"twitter:card\" content=\"summary_large_image\" \/>\n<meta name=\"twitter:label1\" content=\"Dur\u00e9e de lecture estim\u00e9e\" \/>\n\t<meta name=\"twitter:data1\" content=\"1 minute\" \/>\n<script type=\"application\/ld+json\" class=\"yoast-schema-graph\">{\"@context\":\"https:\\\/\\\/schema.org\",\"@graph\":[{\"@type\":\"WebPage\",\"@id\":\"https:\\\/\\\/districos.standingout.be\\\/fr\\\/product\\\/anesi-aqua-vital-peeling-enzymatique-500-g-ref-4400-05\\\/\",\"url\":\"https:\\\/\\\/districos.standingout.be\\\/fr\\\/product\\\/anesi-aqua-vital-peeling-enzymatique-500-g-ref-4400-05\\\/\",\"name\":\"Anesi Aqua Vital Peeling Enzymatique 500 g - Districos Webshop\",\"isPartOf\":{\"@id\":\"https:\\\/\\\/districos.standingout.be\\\/fr\\\/#website\"},\"primaryImageOfPage\":{\"@id\":\"https:\\\/\\\/districos.standingout.be\\\/fr\\\/product\\\/anesi-aqua-vital-peeling-enzymatique-500-g-ref-4400-05\\\/#primaryimage\"},\"image\":{\"@id\":\"https:\\\/\\\/districos.standingout.be\\\/fr\\\/product\\\/anesi-aqua-vital-peeling-enzymatique-500-g-ref-4400-05\\\/#primaryimage\"},\"thumbnailUrl\":\"https:\\\/\\\/districos.standingout.be\\\/wp-content\\\/uploads\\\/2025\\\/07\\\/4400.05@LowRes_1_0.png\",\"datePublished\":\"2026-04-28T00:20:42+00:00\",\"dateModified\":\"2026-04-28T00:20:46+00:00\",\"breadcrumb\":{\"@id\":\"https:\\\/\\\/districos.standingout.be\\\/fr\\\/product\\\/anesi-aqua-vital-peeling-enzymatique-500-g-ref-4400-05\\\/#breadcrumb\"},\"inLanguage\":\"fr-FR\",\"potentialAction\":[{\"@type\":\"ReadAction\",\"target\":[\"https:\\\/\\\/districos.standingout.be\\\/fr\\\/product\\\/anesi-aqua-vital-peeling-enzymatique-500-g-ref-4400-05\\\/\"]}]},{\"@type\":\"ImageObject\",\"inLanguage\":\"fr-FR\",\"@id\":\"https:\\\/\\\/districos.standingout.be\\\/fr\\\/product\\\/anesi-aqua-vital-peeling-enzymatique-500-g-ref-4400-05\\\/#primaryimage\",\"url\":\"https:\\\/\\\/districos.standingout.be\\\/wp-content\\\/uploads\\\/2025\\\/07\\\/4400.05@LowRes_1_0.png\",\"contentUrl\":\"https:\\\/\\\/districos.standingout.be\\\/wp-content\\\/uploads\\\/2025\\\/07\\\/4400.05@LowRes_1_0.png\",\"width\":600,\"height\":600},{\"@type\":\"BreadcrumbList\",\"@id\":\"https:\\\/\\\/districos.standingout.be\\\/fr\\\/product\\\/anesi-aqua-vital-peeling-enzymatique-500-g-ref-4400-05\\\/#breadcrumb\",\"itemListElement\":[{\"@type\":\"ListItem\",\"position\":1,\"name\":\"Home\",\"item\":\"https:\\\/\\\/districos.standingout.be\\\/fr\\\/bienvenue-chez-districos\\\/\"},{\"@type\":\"ListItem\",\"position\":2,\"name\":\"Boutique\",\"item\":\"https:\\\/\\\/districos.standingout.be\\\/fr\\\/boutique\\\/\"},{\"@type\":\"ListItem\",\"position\":3,\"name\":\"Anesi Aqua Vital Peeling Enzymatique 500 g\"}]},{\"@type\":\"WebSite\",\"@id\":\"https:\\\/\\\/districos.standingout.be\\\/fr\\\/#website\",\"url\":\"https:\\\/\\\/districos.standingout.be\\\/fr\\\/\",\"name\":\"Districos Webshop\",\"description\":\"\",\"publisher\":{\"@id\":\"https:\\\/\\\/districos.standingout.be\\\/fr\\\/#organization\"},\"potentialAction\":[{\"@type\":\"SearchAction\",\"target\":{\"@type\":\"EntryPoint\",\"urlTemplate\":\"https:\\\/\\\/districos.standingout.be\\\/fr\\\/?s={search_term_string}\"},\"query-input\":{\"@type\":\"PropertyValueSpecification\",\"valueRequired\":true,\"valueName\":\"search_term_string\"}}],\"inLanguage\":\"fr-FR\"},{\"@type\":\"Organization\",\"@id\":\"https:\\\/\\\/districos.standingout.be\\\/fr\\\/#organization\",\"name\":\"Districos Webshop\",\"url\":\"https:\\\/\\\/districos.standingout.be\\\/fr\\\/\",\"logo\":{\"@type\":\"ImageObject\",\"inLanguage\":\"fr-FR\",\"@id\":\"https:\\\/\\\/districos.standingout.be\\\/fr\\\/#\\\/schema\\\/logo\\\/image\\\/\",\"url\":\"https:\\\/\\\/districos.standingout.be\\\/wp-content\\\/uploads\\\/2022\\\/09\\\/Districos_Logo_Webshop.svg\",\"contentUrl\":\"https:\\\/\\\/districos.standingout.be\\\/wp-content\\\/uploads\\\/2022\\\/09\\\/Districos_Logo_Webshop.svg\",\"caption\":\"Districos Webshop\"},\"image\":{\"@id\":\"https:\\\/\\\/districos.standingout.be\\\/fr\\\/#\\\/schema\\\/logo\\\/image\\\/\"}}]}<\/script>\n<!-- \/ Yoast SEO plugin. -->","yoast_head_json":{"title":"Anesi Aqua Vital Peeling Enzymatique 500 g - Districos Webshop","robots":{"index":"noindex","follow":"follow","max-snippet":"max-snippet:-1","max-image-preview":"max-image-preview:large","max-video-preview":"max-video-preview:-1"},"og_locale":"fr_FR","og_type":"article","og_title":"Anesi Aqua Vital Peeling Enzymatique 500 g - Districos Webshop","og_description":"Peeling enzymatique excellent \u00e0 la texture velout\u00e9e qui \u00e9limine en douceur les cellules mortes et les derni\u00e8re impuret\u00e9s qui obstruent les pores. Le peeling am\u00e9liore la structure de la peau et pourvoit la peau d&rsquo;un teint frais et rayonnant.&nbsp; Convient \u00e0 tous les types de peau. Surtout recommand\u00e9 pour les peaux sensibles et r\u00e9actives, couperos\u00e9es [&hellip;]","og_url":"https:\/\/districos.standingout.be\/fr\/product\/anesi-aqua-vital-peeling-enzymatique-500-g-ref-4400-05\/","og_site_name":"Districos Webshop","article_modified_time":"2026-04-28T00:20:46+00:00","og_image":[{"width":600,"height":600,"url":"https:\/\/districos.standingout.be\/wp-content\/uploads\/2025\/07\/4400.05@LowRes_1_0.png","type":"image\/png"}],"twitter_card":"summary_large_image","twitter_misc":{"Dur\u00e9e de lecture estim\u00e9e":"1 minute"},"schema":{"@context":"https:\/\/schema.org","@graph":[{"@type":"WebPage","@id":"https:\/\/districos.standingout.be\/fr\/product\/anesi-aqua-vital-peeling-enzymatique-500-g-ref-4400-05\/","url":"https:\/\/districos.standingout.be\/fr\/product\/anesi-aqua-vital-peeling-enzymatique-500-g-ref-4400-05\/","name":"Anesi Aqua Vital Peeling Enzymatique 500 g - Districos Webshop","isPartOf":{"@id":"https:\/\/districos.standingout.be\/fr\/#website"},"primaryImageOfPage":{"@id":"https:\/\/districos.standingout.be\/fr\/product\/anesi-aqua-vital-peeling-enzymatique-500-g-ref-4400-05\/#primaryimage"},"image":{"@id":"https:\/\/districos.standingout.be\/fr\/product\/anesi-aqua-vital-peeling-enzymatique-500-g-ref-4400-05\/#primaryimage"},"thumbnailUrl":"https:\/\/districos.standingout.be\/wp-content\/uploads\/2025\/07\/4400.05@LowRes_1_0.png","datePublished":"2026-04-28T00:20:42+00:00","dateModified":"2026-04-28T00:20:46+00:00","breadcrumb":{"@id":"https:\/\/districos.standingout.be\/fr\/product\/anesi-aqua-vital-peeling-enzymatique-500-g-ref-4400-05\/#breadcrumb"},"inLanguage":"fr-FR","potentialAction":[{"@type":"ReadAction","target":["https:\/\/districos.standingout.be\/fr\/product\/anesi-aqua-vital-peeling-enzymatique-500-g-ref-4400-05\/"]}]},{"@type":"ImageObject","inLanguage":"fr-FR","@id":"https:\/\/districos.standingout.be\/fr\/product\/anesi-aqua-vital-peeling-enzymatique-500-g-ref-4400-05\/#primaryimage","url":"https:\/\/districos.standingout.be\/wp-content\/uploads\/2025\/07\/4400.05@LowRes_1_0.png","contentUrl":"https:\/\/districos.standingout.be\/wp-content\/uploads\/2025\/07\/4400.05@LowRes_1_0.png","width":600,"height":600},{"@type":"BreadcrumbList","@id":"https:\/\/districos.standingout.be\/fr\/product\/anesi-aqua-vital-peeling-enzymatique-500-g-ref-4400-05\/#breadcrumb","itemListElement":[{"@type":"ListItem","position":1,"name":"Home","item":"https:\/\/districos.standingout.be\/fr\/bienvenue-chez-districos\/"},{"@type":"ListItem","position":2,"name":"Boutique","item":"https:\/\/districos.standingout.be\/fr\/boutique\/"},{"@type":"ListItem","position":3,"name":"Anesi Aqua Vital Peeling Enzymatique 500 g"}]},{"@type":"WebSite","@id":"https:\/\/districos.standingout.be\/fr\/#website","url":"https:\/\/districos.standingout.be\/fr\/","name":"Districos Webshop","description":"","publisher":{"@id":"https:\/\/districos.standingout.be\/fr\/#organization"},"potentialAction":[{"@type":"SearchAction","target":{"@type":"EntryPoint","urlTemplate":"https:\/\/districos.standingout.be\/fr\/?s={search_term_string}"},"query-input":{"@type":"PropertyValueSpecification","valueRequired":true,"valueName":"search_term_string"}}],"inLanguage":"fr-FR"},{"@type":"Organization","@id":"https:\/\/districos.standingout.be\/fr\/#organization","name":"Districos Webshop","url":"https:\/\/districos.standingout.be\/fr\/","logo":{"@type":"ImageObject","inLanguage":"fr-FR","@id":"https:\/\/districos.standingout.be\/fr\/#\/schema\/logo\/image\/","url":"https:\/\/districos.standingout.be\/wp-content\/uploads\/2022\/09\/Districos_Logo_Webshop.svg","contentUrl":"https:\/\/districos.standingout.be\/wp-content\/uploads\/2022\/09\/Districos_Logo_Webshop.svg","caption":"Districos Webshop"},"image":{"@id":"https:\/\/districos.standingout.be\/fr\/#\/schema\/logo\/image\/"}}]}},"_links":{"self":[{"href":"https:\/\/districos.standingout.be\/fr\/wp-json\/wp\/v2\/product\/134441","targetHints":{"allow":["GET"]}}],"collection":[{"href":"https:\/\/districos.standingout.be\/fr\/wp-json\/wp\/v2\/product"}],"about":[{"href":"https:\/\/districos.standingout.be\/fr\/wp-json\/wp\/v2\/types\/product"}],"replies":[{"embeddable":true,"href":"https:\/\/districos.standingout.be\/fr\/wp-json\/wp\/v2\/comments?post=134441"}],"wp:featuredmedia":[{"embeddable":true,"href":"https:\/\/districos.standingout.be\/fr\/wp-json\/wp\/v2\/media\/71833"}],"wp:attachment":[{"href":"https:\/\/districos.standingout.be\/fr\/wp-json\/wp\/v2\/media?parent=134441"}],"wp:term":[{"taxonomy":"product_brand","embeddable":true,"href":"https:\/\/districos.standingout.be\/fr\/wp-json\/wp\/v2\/product_brand?post=134441"},{"taxonomy":"product_cat","embeddable":true,"href":"https:\/\/districos.standingout.be\/fr\/wp-json\/wp\/v2\/product_cat?post=134441"},{"taxonomy":"product_tag","embeddable":true,"href":"https:\/\/districos.standingout.be\/fr\/wp-json\/wp\/v2\/product_tag?post=134441"}],"curies":[{"name":"wp","href":"https:\/\/api.w.org\/{rel}","templated":true}]}}