{"id":134449,"date":"2026-04-28T02:20:58","date_gmt":"2026-04-28T00:20:58","guid":{"rendered":"https:\/\/webshopdistricoscom.webhosting.be\/product\/anesi-aqua-vital-complexe-3d-aqua-ampoules-10-x-5-ml-ref-4400-10\/"},"modified":"2026-04-28T02:21:02","modified_gmt":"2026-04-28T00:21:02","slug":"anesi-aqua-vital-complexe-3d-aqua-ampoules-10-x-5-ml-ref-4400-10","status":"publish","type":"product","link":"https:\/\/districos.standingout.be\/fr\/product\/anesi-aqua-vital-complexe-3d-aqua-ampoules-10-x-5-ml-ref-4400-10\/","title":{"rendered":"Anesi Aqua Vital Complexe 3D-Aqua Ampoules 10 x 5 ml"},"content":{"rendered":"<p >\n<\/p>\n<p><span lang=\"FR\">Complexe d&rsquo;hydratation profonde \u00e0 l&rsquo;acide hyaluronique qui repulpe la peau, \u00e0 l&rsquo;eau de mer riche en min\u00e9raux afin de r\u00e9guler l&rsquo;\u00e9quilibre hydrique cellulaire et de reaturer la vitalit\u00e9 cutan\u00e9e. Il stimule l&rsquo;oxyg\u00e9nation et la d\u00e9sintoxication de la peau.<o:p><\/o:p><\/span><\/p>\n<\/p>\n<ul>\n<li><span lang=\"FR\">Convient \u00e0 tous les types de peau.<\/span><\/li>\n<li><span lang=\"FR\">Ingr\u00e9dients actifs : eau marine, acide hyaluronique.<\/span><\/li>\n<li><span lang=\"FR\">Emballage : 10 ampoules de 5 ml.A<\/span><\/li>\n<\/ul>\n<p><span lang=\"FR\"><b>Mode d&#8217;emploi<\/b><o:p><\/o:p><\/span><\/p>\n<p><span lang=\"FR\">Ajoutez une ampoule compl\u00e8te (5 ml) \u00e0 un masque 3D-Aqua Vidalys&nbsp;(20 ml).<o:p><\/o:p><\/span><\/p>\n<p><span lang=\"FR\"> &nbsp; <\/span><\/p>\n","protected":false},"excerpt":{"rendered":"<p>Complexe d&rsquo;hydratation profonde \u00e0 l&rsquo;acide hyaluronique qui repulpe la peau, \u00e0 l&rsquo;eau de mer riche en min\u00e9raux afin de r\u00e9guler l&rsquo;\u00e9quilibre hydrique cellulaire et de reaturer la vitalit\u00e9 cutan\u00e9e. Il stimule l&rsquo;oxyg\u00e9nation et la d\u00e9sintoxication de la peau. Convient \u00e0 tous les types de peau. Ingr\u00e9dients actifs : eau marine, acide hyaluronique. Emballage : 10 [&hellip;]<\/p>\n","protected":false},"featured_media":71848,"comment_status":"open","ping_status":"closed","template":"","meta":{"_acf_changed":false},"product_brand":[10280],"product_cat":[9858],"product_tag":[],"class_list":{"0":"post-134449","1":"product","2":"type-product","3":"status-publish","4":"has-post-thumbnail","6":"product_brand-anesi-fr","7":"product_cat-beaute-visage-anesi-visage","9":"first","10":"instock","11":"taxable","12":"shipping-taxable","13":"product-type-simple"},"acf":[],"yoast_head":"<!-- This site is optimized with the Yoast SEO plugin v27.3 - https:\/\/yoast.com\/product\/yoast-seo-wordpress\/ -->\n<title>Anesi Aqua Vital Complexe 3D-Aqua Ampoules 10 x 5 ml - Districos Webshop<\/title>\n<meta name=\"robots\" content=\"noindex, follow, max-snippet:-1, max-image-preview:large, max-video-preview:-1\" \/>\n<meta property=\"og:locale\" content=\"fr_FR\" \/>\n<meta property=\"og:type\" content=\"article\" \/>\n<meta property=\"og:title\" content=\"Anesi Aqua Vital Complexe 3D-Aqua Ampoules 10 x 5 ml - Districos Webshop\" \/>\n<meta property=\"og:description\" content=\"Complexe d&rsquo;hydratation profonde \u00e0 l&rsquo;acide hyaluronique qui repulpe la peau, \u00e0 l&rsquo;eau de mer riche en min\u00e9raux afin de r\u00e9guler l&rsquo;\u00e9quilibre hydrique cellulaire et de reaturer la vitalit\u00e9 cutan\u00e9e. Il stimule l&rsquo;oxyg\u00e9nation et la d\u00e9sintoxication de la peau. Convient \u00e0 tous les types de peau. Ingr\u00e9dients actifs : eau marine, acide hyaluronique. Emballage : 10 [&hellip;]\" \/>\n<meta property=\"og:url\" content=\"https:\/\/districos.standingout.be\/fr\/product\/anesi-aqua-vital-complexe-3d-aqua-ampoules-10-x-5-ml-ref-4400-10\/\" \/>\n<meta property=\"og:site_name\" content=\"Districos Webshop\" \/>\n<meta property=\"article:modified_time\" content=\"2026-04-28T00:21:02+00:00\" \/>\n<meta property=\"og:image\" content=\"https:\/\/districos.standingout.be\/wp-content\/uploads\/2025\/07\/4400.10@LowRes_1.png\" \/>\n\t<meta property=\"og:image:width\" content=\"600\" \/>\n\t<meta property=\"og:image:height\" content=\"600\" \/>\n\t<meta property=\"og:image:type\" content=\"image\/png\" \/>\n<meta name=\"twitter:card\" content=\"summary_large_image\" \/>\n<script type=\"application\/ld+json\" class=\"yoast-schema-graph\">{\"@context\":\"https:\\\/\\\/schema.org\",\"@graph\":[{\"@type\":\"WebPage\",\"@id\":\"https:\\\/\\\/districos.standingout.be\\\/fr\\\/product\\\/anesi-aqua-vital-complexe-3d-aqua-ampoules-10-x-5-ml-ref-4400-10\\\/\",\"url\":\"https:\\\/\\\/districos.standingout.be\\\/fr\\\/product\\\/anesi-aqua-vital-complexe-3d-aqua-ampoules-10-x-5-ml-ref-4400-10\\\/\",\"name\":\"Anesi Aqua Vital Complexe 3D-Aqua Ampoules 10 x 5 ml - Districos Webshop\",\"isPartOf\":{\"@id\":\"https:\\\/\\\/districos.standingout.be\\\/fr\\\/#website\"},\"primaryImageOfPage\":{\"@id\":\"https:\\\/\\\/districos.standingout.be\\\/fr\\\/product\\\/anesi-aqua-vital-complexe-3d-aqua-ampoules-10-x-5-ml-ref-4400-10\\\/#primaryimage\"},\"image\":{\"@id\":\"https:\\\/\\\/districos.standingout.be\\\/fr\\\/product\\\/anesi-aqua-vital-complexe-3d-aqua-ampoules-10-x-5-ml-ref-4400-10\\\/#primaryimage\"},\"thumbnailUrl\":\"https:\\\/\\\/districos.standingout.be\\\/wp-content\\\/uploads\\\/2025\\\/07\\\/4400.10@LowRes_1.png\",\"datePublished\":\"2026-04-28T00:20:58+00:00\",\"dateModified\":\"2026-04-28T00:21:02+00:00\",\"breadcrumb\":{\"@id\":\"https:\\\/\\\/districos.standingout.be\\\/fr\\\/product\\\/anesi-aqua-vital-complexe-3d-aqua-ampoules-10-x-5-ml-ref-4400-10\\\/#breadcrumb\"},\"inLanguage\":\"fr-FR\",\"potentialAction\":[{\"@type\":\"ReadAction\",\"target\":[\"https:\\\/\\\/districos.standingout.be\\\/fr\\\/product\\\/anesi-aqua-vital-complexe-3d-aqua-ampoules-10-x-5-ml-ref-4400-10\\\/\"]}]},{\"@type\":\"ImageObject\",\"inLanguage\":\"fr-FR\",\"@id\":\"https:\\\/\\\/districos.standingout.be\\\/fr\\\/product\\\/anesi-aqua-vital-complexe-3d-aqua-ampoules-10-x-5-ml-ref-4400-10\\\/#primaryimage\",\"url\":\"https:\\\/\\\/districos.standingout.be\\\/wp-content\\\/uploads\\\/2025\\\/07\\\/4400.10@LowRes_1.png\",\"contentUrl\":\"https:\\\/\\\/districos.standingout.be\\\/wp-content\\\/uploads\\\/2025\\\/07\\\/4400.10@LowRes_1.png\",\"width\":600,\"height\":600},{\"@type\":\"BreadcrumbList\",\"@id\":\"https:\\\/\\\/districos.standingout.be\\\/fr\\\/product\\\/anesi-aqua-vital-complexe-3d-aqua-ampoules-10-x-5-ml-ref-4400-10\\\/#breadcrumb\",\"itemListElement\":[{\"@type\":\"ListItem\",\"position\":1,\"name\":\"Home\",\"item\":\"https:\\\/\\\/districos.standingout.be\\\/fr\\\/bienvenue-chez-districos\\\/\"},{\"@type\":\"ListItem\",\"position\":2,\"name\":\"Boutique\",\"item\":\"https:\\\/\\\/districos.standingout.be\\\/fr\\\/boutique\\\/\"},{\"@type\":\"ListItem\",\"position\":3,\"name\":\"Anesi Aqua Vital Complexe 3D-Aqua Ampoules 10 x 5 ml\"}]},{\"@type\":\"WebSite\",\"@id\":\"https:\\\/\\\/districos.standingout.be\\\/fr\\\/#website\",\"url\":\"https:\\\/\\\/districos.standingout.be\\\/fr\\\/\",\"name\":\"Districos Webshop\",\"description\":\"\",\"publisher\":{\"@id\":\"https:\\\/\\\/districos.standingout.be\\\/fr\\\/#organization\"},\"potentialAction\":[{\"@type\":\"SearchAction\",\"target\":{\"@type\":\"EntryPoint\",\"urlTemplate\":\"https:\\\/\\\/districos.standingout.be\\\/fr\\\/?s={search_term_string}\"},\"query-input\":{\"@type\":\"PropertyValueSpecification\",\"valueRequired\":true,\"valueName\":\"search_term_string\"}}],\"inLanguage\":\"fr-FR\"},{\"@type\":\"Organization\",\"@id\":\"https:\\\/\\\/districos.standingout.be\\\/fr\\\/#organization\",\"name\":\"Districos Webshop\",\"url\":\"https:\\\/\\\/districos.standingout.be\\\/fr\\\/\",\"logo\":{\"@type\":\"ImageObject\",\"inLanguage\":\"fr-FR\",\"@id\":\"https:\\\/\\\/districos.standingout.be\\\/fr\\\/#\\\/schema\\\/logo\\\/image\\\/\",\"url\":\"https:\\\/\\\/districos.standingout.be\\\/wp-content\\\/uploads\\\/2022\\\/09\\\/Districos_Logo_Webshop.svg\",\"contentUrl\":\"https:\\\/\\\/districos.standingout.be\\\/wp-content\\\/uploads\\\/2022\\\/09\\\/Districos_Logo_Webshop.svg\",\"caption\":\"Districos Webshop\"},\"image\":{\"@id\":\"https:\\\/\\\/districos.standingout.be\\\/fr\\\/#\\\/schema\\\/logo\\\/image\\\/\"}}]}<\/script>\n<!-- \/ Yoast SEO plugin. -->","yoast_head_json":{"title":"Anesi Aqua Vital Complexe 3D-Aqua Ampoules 10 x 5 ml - Districos Webshop","robots":{"index":"noindex","follow":"follow","max-snippet":"max-snippet:-1","max-image-preview":"max-image-preview:large","max-video-preview":"max-video-preview:-1"},"og_locale":"fr_FR","og_type":"article","og_title":"Anesi Aqua Vital Complexe 3D-Aqua Ampoules 10 x 5 ml - Districos Webshop","og_description":"Complexe d&rsquo;hydratation profonde \u00e0 l&rsquo;acide hyaluronique qui repulpe la peau, \u00e0 l&rsquo;eau de mer riche en min\u00e9raux afin de r\u00e9guler l&rsquo;\u00e9quilibre hydrique cellulaire et de reaturer la vitalit\u00e9 cutan\u00e9e. Il stimule l&rsquo;oxyg\u00e9nation et la d\u00e9sintoxication de la peau. Convient \u00e0 tous les types de peau. Ingr\u00e9dients actifs : eau marine, acide hyaluronique. Emballage : 10 [&hellip;]","og_url":"https:\/\/districos.standingout.be\/fr\/product\/anesi-aqua-vital-complexe-3d-aqua-ampoules-10-x-5-ml-ref-4400-10\/","og_site_name":"Districos Webshop","article_modified_time":"2026-04-28T00:21:02+00:00","og_image":[{"width":600,"height":600,"url":"https:\/\/districos.standingout.be\/wp-content\/uploads\/2025\/07\/4400.10@LowRes_1.png","type":"image\/png"}],"twitter_card":"summary_large_image","schema":{"@context":"https:\/\/schema.org","@graph":[{"@type":"WebPage","@id":"https:\/\/districos.standingout.be\/fr\/product\/anesi-aqua-vital-complexe-3d-aqua-ampoules-10-x-5-ml-ref-4400-10\/","url":"https:\/\/districos.standingout.be\/fr\/product\/anesi-aqua-vital-complexe-3d-aqua-ampoules-10-x-5-ml-ref-4400-10\/","name":"Anesi Aqua Vital Complexe 3D-Aqua Ampoules 10 x 5 ml - Districos Webshop","isPartOf":{"@id":"https:\/\/districos.standingout.be\/fr\/#website"},"primaryImageOfPage":{"@id":"https:\/\/districos.standingout.be\/fr\/product\/anesi-aqua-vital-complexe-3d-aqua-ampoules-10-x-5-ml-ref-4400-10\/#primaryimage"},"image":{"@id":"https:\/\/districos.standingout.be\/fr\/product\/anesi-aqua-vital-complexe-3d-aqua-ampoules-10-x-5-ml-ref-4400-10\/#primaryimage"},"thumbnailUrl":"https:\/\/districos.standingout.be\/wp-content\/uploads\/2025\/07\/4400.10@LowRes_1.png","datePublished":"2026-04-28T00:20:58+00:00","dateModified":"2026-04-28T00:21:02+00:00","breadcrumb":{"@id":"https:\/\/districos.standingout.be\/fr\/product\/anesi-aqua-vital-complexe-3d-aqua-ampoules-10-x-5-ml-ref-4400-10\/#breadcrumb"},"inLanguage":"fr-FR","potentialAction":[{"@type":"ReadAction","target":["https:\/\/districos.standingout.be\/fr\/product\/anesi-aqua-vital-complexe-3d-aqua-ampoules-10-x-5-ml-ref-4400-10\/"]}]},{"@type":"ImageObject","inLanguage":"fr-FR","@id":"https:\/\/districos.standingout.be\/fr\/product\/anesi-aqua-vital-complexe-3d-aqua-ampoules-10-x-5-ml-ref-4400-10\/#primaryimage","url":"https:\/\/districos.standingout.be\/wp-content\/uploads\/2025\/07\/4400.10@LowRes_1.png","contentUrl":"https:\/\/districos.standingout.be\/wp-content\/uploads\/2025\/07\/4400.10@LowRes_1.png","width":600,"height":600},{"@type":"BreadcrumbList","@id":"https:\/\/districos.standingout.be\/fr\/product\/anesi-aqua-vital-complexe-3d-aqua-ampoules-10-x-5-ml-ref-4400-10\/#breadcrumb","itemListElement":[{"@type":"ListItem","position":1,"name":"Home","item":"https:\/\/districos.standingout.be\/fr\/bienvenue-chez-districos\/"},{"@type":"ListItem","position":2,"name":"Boutique","item":"https:\/\/districos.standingout.be\/fr\/boutique\/"},{"@type":"ListItem","position":3,"name":"Anesi Aqua Vital Complexe 3D-Aqua Ampoules 10 x 5 ml"}]},{"@type":"WebSite","@id":"https:\/\/districos.standingout.be\/fr\/#website","url":"https:\/\/districos.standingout.be\/fr\/","name":"Districos Webshop","description":"","publisher":{"@id":"https:\/\/districos.standingout.be\/fr\/#organization"},"potentialAction":[{"@type":"SearchAction","target":{"@type":"EntryPoint","urlTemplate":"https:\/\/districos.standingout.be\/fr\/?s={search_term_string}"},"query-input":{"@type":"PropertyValueSpecification","valueRequired":true,"valueName":"search_term_string"}}],"inLanguage":"fr-FR"},{"@type":"Organization","@id":"https:\/\/districos.standingout.be\/fr\/#organization","name":"Districos Webshop","url":"https:\/\/districos.standingout.be\/fr\/","logo":{"@type":"ImageObject","inLanguage":"fr-FR","@id":"https:\/\/districos.standingout.be\/fr\/#\/schema\/logo\/image\/","url":"https:\/\/districos.standingout.be\/wp-content\/uploads\/2022\/09\/Districos_Logo_Webshop.svg","contentUrl":"https:\/\/districos.standingout.be\/wp-content\/uploads\/2022\/09\/Districos_Logo_Webshop.svg","caption":"Districos Webshop"},"image":{"@id":"https:\/\/districos.standingout.be\/fr\/#\/schema\/logo\/image\/"}}]}},"_links":{"self":[{"href":"https:\/\/districos.standingout.be\/fr\/wp-json\/wp\/v2\/product\/134449","targetHints":{"allow":["GET"]}}],"collection":[{"href":"https:\/\/districos.standingout.be\/fr\/wp-json\/wp\/v2\/product"}],"about":[{"href":"https:\/\/districos.standingout.be\/fr\/wp-json\/wp\/v2\/types\/product"}],"replies":[{"embeddable":true,"href":"https:\/\/districos.standingout.be\/fr\/wp-json\/wp\/v2\/comments?post=134449"}],"wp:featuredmedia":[{"embeddable":true,"href":"https:\/\/districos.standingout.be\/fr\/wp-json\/wp\/v2\/media\/71848"}],"wp:attachment":[{"href":"https:\/\/districos.standingout.be\/fr\/wp-json\/wp\/v2\/media?parent=134449"}],"wp:term":[{"taxonomy":"product_brand","embeddable":true,"href":"https:\/\/districos.standingout.be\/fr\/wp-json\/wp\/v2\/product_brand?post=134449"},{"taxonomy":"product_cat","embeddable":true,"href":"https:\/\/districos.standingout.be\/fr\/wp-json\/wp\/v2\/product_cat?post=134449"},{"taxonomy":"product_tag","embeddable":true,"href":"https:\/\/districos.standingout.be\/fr\/wp-json\/wp\/v2\/product_tag?post=134449"}],"curies":[{"name":"wp","href":"https:\/\/api.w.org\/{rel}","templated":true}]}}