{"id":134453,"date":"2026-04-28T02:21:06","date_gmt":"2026-04-28T00:21:06","guid":{"rendered":"https:\/\/webshopdistricoscom.webhosting.be\/product\/anesi-aqua-vital-gel-oxygenant-200-ml-ref-4400-13\/"},"modified":"2026-04-28T02:21:11","modified_gmt":"2026-04-28T00:21:11","slug":"anesi-aqua-vital-gel-oxygenant-200-ml-ref-4400-13","status":"publish","type":"product","link":"https:\/\/districos.standingout.be\/fr\/product\/anesi-aqua-vital-gel-oxygenant-200-ml-ref-4400-13\/","title":{"rendered":"Anesi Aqua Vital Gel Oxyg\u00e9nant 200 ml"},"content":{"rendered":"<p >\n<p><span lang=\"FR\">Gel multifonctionnel, hydratant et sans huile (pour l&rsquo;appareil) qui est indispensable lors d&rsquo;un soin professionel. Le gel am\u00e9liore l&rsquo;oxyg\u00e9nation cellulaire, revitalise et apaise la peau. Gr\u00e2ce \u00e0 ses propri\u00e9t\u00e9s hydratantes et apaisantes, le gel aide \u00e0 r\u00e9parer les tissus cutan\u00e9s endommag\u00e9s. Il r\u00e9duit les signes de rougeur et toute irritation de la peau en quelques minutes.<o:p><\/o:p><\/span><\/p>\n<\/p>\n<ul>\n<li><span lang=\"FR\">S&#8217;emploie comme gel de massage, comme masque ou comme gel pour l&rsquo;appareil.<\/span><\/li>\n<li><span lang=\"FR\">Appropri\u00e9 pour utilisation avec un appareil \u00e0 ultrasons, \u00e0 ionisation, \u00e0 haute fr\u00e9quence et chaud\/froid.<\/span><\/li>\n<li><span lang=\"FR\">Convient \u00e0 tous les types de peau et peut \u00eatre combin\u00e9 avec tous les soins d&rsquo;Anesi.<\/span><\/li>\n<li><span lang=\"FR\">Ingr\u00e9dients actifs : complexe d&rsquo;acides amin\u00e9s essentiels, acide hyaluronique, hydroxyproline.<\/span><\/li>\n<li><span lang=\"FR\">Emballage : 200 ml.<\/span><\/li>\n<\/ul>\n<p><b><span lang=\"FR\">CONSEIL<\/span><\/b><span><o:p><\/o:p><\/span><\/p>\n<p><span lang=\"FR\">Utilisez le Gel Oxyg\u00e9nant Aqua Vital comme masque pendant 10 minutes apr\u00e8s avoir retir\u00e9 les com\u00e9dons.<o:p><\/o:p><\/span><\/p>\n<p><span lang=\"FR\"><b>\u00c9galement disponible :<\/b><o:p><\/o:p><\/span><\/p>\n<\/p>\n<ul>\n<li><span lang=\"FR\">Anesi Lab Aqua Vital Gel Oxyg\u00e9nant 1000 ml (r\u00e9f. 4400.18)<\/span><\/li>\n<\/ul>\n","protected":false},"excerpt":{"rendered":"<p>Gel multifonctionnel, hydratant et sans huile (pour l&rsquo;appareil) qui est indispensable lors d&rsquo;un soin professionel. Le gel am\u00e9liore l&rsquo;oxyg\u00e9nation cellulaire, revitalise et apaise la peau. Gr\u00e2ce \u00e0 ses propri\u00e9t\u00e9s hydratantes et apaisantes, le gel aide \u00e0 r\u00e9parer les tissus cutan\u00e9s endommag\u00e9s. Il r\u00e9duit les signes de rougeur et toute irritation de la peau en quelques [&hellip;]<\/p>\n","protected":false},"featured_media":71857,"comment_status":"open","ping_status":"closed","template":"","meta":{"_acf_changed":false},"product_brand":[10280],"product_cat":[9858],"product_tag":[],"class_list":{"0":"post-134453","1":"product","2":"type-product","3":"status-publish","4":"has-post-thumbnail","6":"product_brand-anesi-fr","7":"product_cat-beaute-visage-anesi-visage","9":"first","10":"instock","11":"taxable","12":"shipping-taxable","13":"product-type-simple"},"acf":[],"yoast_head":"<!-- This site is optimized with the Yoast SEO plugin v27.3 - https:\/\/yoast.com\/product\/yoast-seo-wordpress\/ -->\n<title>Anesi Aqua Vital Gel Oxyg\u00e9nant 200 ml - Districos Webshop<\/title>\n<meta name=\"robots\" content=\"noindex, follow, max-snippet:-1, max-image-preview:large, max-video-preview:-1\" \/>\n<meta property=\"og:locale\" content=\"fr_FR\" \/>\n<meta property=\"og:type\" content=\"article\" \/>\n<meta property=\"og:title\" content=\"Anesi Aqua Vital Gel Oxyg\u00e9nant 200 ml - Districos Webshop\" \/>\n<meta property=\"og:description\" content=\"Gel multifonctionnel, hydratant et sans huile (pour l&rsquo;appareil) qui est indispensable lors d&rsquo;un soin professionel. Le gel am\u00e9liore l&rsquo;oxyg\u00e9nation cellulaire, revitalise et apaise la peau. Gr\u00e2ce \u00e0 ses propri\u00e9t\u00e9s hydratantes et apaisantes, le gel aide \u00e0 r\u00e9parer les tissus cutan\u00e9s endommag\u00e9s. Il r\u00e9duit les signes de rougeur et toute irritation de la peau en quelques [&hellip;]\" \/>\n<meta property=\"og:url\" content=\"https:\/\/districos.standingout.be\/fr\/product\/anesi-aqua-vital-gel-oxygenant-200-ml-ref-4400-13\/\" \/>\n<meta property=\"og:site_name\" content=\"Districos Webshop\" \/>\n<meta property=\"article:modified_time\" content=\"2026-04-28T00:21:11+00:00\" \/>\n<meta property=\"og:image\" content=\"https:\/\/districos.standingout.be\/wp-content\/uploads\/2025\/07\/4400.13@LowRes_1.png\" \/>\n\t<meta property=\"og:image:width\" content=\"600\" \/>\n\t<meta property=\"og:image:height\" content=\"600\" \/>\n\t<meta property=\"og:image:type\" content=\"image\/png\" \/>\n<meta name=\"twitter:card\" content=\"summary_large_image\" \/>\n<meta name=\"twitter:label1\" content=\"Dur\u00e9e de lecture estim\u00e9e\" \/>\n\t<meta name=\"twitter:data1\" content=\"1 minute\" \/>\n<script type=\"application\/ld+json\" class=\"yoast-schema-graph\">{\"@context\":\"https:\\\/\\\/schema.org\",\"@graph\":[{\"@type\":\"WebPage\",\"@id\":\"https:\\\/\\\/districos.standingout.be\\\/fr\\\/product\\\/anesi-aqua-vital-gel-oxygenant-200-ml-ref-4400-13\\\/\",\"url\":\"https:\\\/\\\/districos.standingout.be\\\/fr\\\/product\\\/anesi-aqua-vital-gel-oxygenant-200-ml-ref-4400-13\\\/\",\"name\":\"Anesi Aqua Vital Gel Oxyg\u00e9nant 200 ml - Districos Webshop\",\"isPartOf\":{\"@id\":\"https:\\\/\\\/districos.standingout.be\\\/fr\\\/#website\"},\"primaryImageOfPage\":{\"@id\":\"https:\\\/\\\/districos.standingout.be\\\/fr\\\/product\\\/anesi-aqua-vital-gel-oxygenant-200-ml-ref-4400-13\\\/#primaryimage\"},\"image\":{\"@id\":\"https:\\\/\\\/districos.standingout.be\\\/fr\\\/product\\\/anesi-aqua-vital-gel-oxygenant-200-ml-ref-4400-13\\\/#primaryimage\"},\"thumbnailUrl\":\"https:\\\/\\\/districos.standingout.be\\\/wp-content\\\/uploads\\\/2025\\\/07\\\/4400.13@LowRes_1.png\",\"datePublished\":\"2026-04-28T00:21:06+00:00\",\"dateModified\":\"2026-04-28T00:21:11+00:00\",\"breadcrumb\":{\"@id\":\"https:\\\/\\\/districos.standingout.be\\\/fr\\\/product\\\/anesi-aqua-vital-gel-oxygenant-200-ml-ref-4400-13\\\/#breadcrumb\"},\"inLanguage\":\"fr-FR\",\"potentialAction\":[{\"@type\":\"ReadAction\",\"target\":[\"https:\\\/\\\/districos.standingout.be\\\/fr\\\/product\\\/anesi-aqua-vital-gel-oxygenant-200-ml-ref-4400-13\\\/\"]}]},{\"@type\":\"ImageObject\",\"inLanguage\":\"fr-FR\",\"@id\":\"https:\\\/\\\/districos.standingout.be\\\/fr\\\/product\\\/anesi-aqua-vital-gel-oxygenant-200-ml-ref-4400-13\\\/#primaryimage\",\"url\":\"https:\\\/\\\/districos.standingout.be\\\/wp-content\\\/uploads\\\/2025\\\/07\\\/4400.13@LowRes_1.png\",\"contentUrl\":\"https:\\\/\\\/districos.standingout.be\\\/wp-content\\\/uploads\\\/2025\\\/07\\\/4400.13@LowRes_1.png\",\"width\":600,\"height\":600},{\"@type\":\"BreadcrumbList\",\"@id\":\"https:\\\/\\\/districos.standingout.be\\\/fr\\\/product\\\/anesi-aqua-vital-gel-oxygenant-200-ml-ref-4400-13\\\/#breadcrumb\",\"itemListElement\":[{\"@type\":\"ListItem\",\"position\":1,\"name\":\"Home\",\"item\":\"https:\\\/\\\/districos.standingout.be\\\/fr\\\/bienvenue-chez-districos\\\/\"},{\"@type\":\"ListItem\",\"position\":2,\"name\":\"Boutique\",\"item\":\"https:\\\/\\\/districos.standingout.be\\\/fr\\\/boutique\\\/\"},{\"@type\":\"ListItem\",\"position\":3,\"name\":\"Anesi Aqua Vital Gel Oxyg\u00e9nant 200 ml\"}]},{\"@type\":\"WebSite\",\"@id\":\"https:\\\/\\\/districos.standingout.be\\\/fr\\\/#website\",\"url\":\"https:\\\/\\\/districos.standingout.be\\\/fr\\\/\",\"name\":\"Districos Webshop\",\"description\":\"\",\"publisher\":{\"@id\":\"https:\\\/\\\/districos.standingout.be\\\/fr\\\/#organization\"},\"potentialAction\":[{\"@type\":\"SearchAction\",\"target\":{\"@type\":\"EntryPoint\",\"urlTemplate\":\"https:\\\/\\\/districos.standingout.be\\\/fr\\\/?s={search_term_string}\"},\"query-input\":{\"@type\":\"PropertyValueSpecification\",\"valueRequired\":true,\"valueName\":\"search_term_string\"}}],\"inLanguage\":\"fr-FR\"},{\"@type\":\"Organization\",\"@id\":\"https:\\\/\\\/districos.standingout.be\\\/fr\\\/#organization\",\"name\":\"Districos Webshop\",\"url\":\"https:\\\/\\\/districos.standingout.be\\\/fr\\\/\",\"logo\":{\"@type\":\"ImageObject\",\"inLanguage\":\"fr-FR\",\"@id\":\"https:\\\/\\\/districos.standingout.be\\\/fr\\\/#\\\/schema\\\/logo\\\/image\\\/\",\"url\":\"https:\\\/\\\/districos.standingout.be\\\/wp-content\\\/uploads\\\/2022\\\/09\\\/Districos_Logo_Webshop.svg\",\"contentUrl\":\"https:\\\/\\\/districos.standingout.be\\\/wp-content\\\/uploads\\\/2022\\\/09\\\/Districos_Logo_Webshop.svg\",\"caption\":\"Districos Webshop\"},\"image\":{\"@id\":\"https:\\\/\\\/districos.standingout.be\\\/fr\\\/#\\\/schema\\\/logo\\\/image\\\/\"}}]}<\/script>\n<!-- \/ Yoast SEO plugin. -->","yoast_head_json":{"title":"Anesi Aqua Vital Gel Oxyg\u00e9nant 200 ml - Districos Webshop","robots":{"index":"noindex","follow":"follow","max-snippet":"max-snippet:-1","max-image-preview":"max-image-preview:large","max-video-preview":"max-video-preview:-1"},"og_locale":"fr_FR","og_type":"article","og_title":"Anesi Aqua Vital Gel Oxyg\u00e9nant 200 ml - Districos Webshop","og_description":"Gel multifonctionnel, hydratant et sans huile (pour l&rsquo;appareil) qui est indispensable lors d&rsquo;un soin professionel. Le gel am\u00e9liore l&rsquo;oxyg\u00e9nation cellulaire, revitalise et apaise la peau. Gr\u00e2ce \u00e0 ses propri\u00e9t\u00e9s hydratantes et apaisantes, le gel aide \u00e0 r\u00e9parer les tissus cutan\u00e9s endommag\u00e9s. Il r\u00e9duit les signes de rougeur et toute irritation de la peau en quelques [&hellip;]","og_url":"https:\/\/districos.standingout.be\/fr\/product\/anesi-aqua-vital-gel-oxygenant-200-ml-ref-4400-13\/","og_site_name":"Districos Webshop","article_modified_time":"2026-04-28T00:21:11+00:00","og_image":[{"width":600,"height":600,"url":"https:\/\/districos.standingout.be\/wp-content\/uploads\/2025\/07\/4400.13@LowRes_1.png","type":"image\/png"}],"twitter_card":"summary_large_image","twitter_misc":{"Dur\u00e9e de lecture estim\u00e9e":"1 minute"},"schema":{"@context":"https:\/\/schema.org","@graph":[{"@type":"WebPage","@id":"https:\/\/districos.standingout.be\/fr\/product\/anesi-aqua-vital-gel-oxygenant-200-ml-ref-4400-13\/","url":"https:\/\/districos.standingout.be\/fr\/product\/anesi-aqua-vital-gel-oxygenant-200-ml-ref-4400-13\/","name":"Anesi Aqua Vital Gel Oxyg\u00e9nant 200 ml - Districos Webshop","isPartOf":{"@id":"https:\/\/districos.standingout.be\/fr\/#website"},"primaryImageOfPage":{"@id":"https:\/\/districos.standingout.be\/fr\/product\/anesi-aqua-vital-gel-oxygenant-200-ml-ref-4400-13\/#primaryimage"},"image":{"@id":"https:\/\/districos.standingout.be\/fr\/product\/anesi-aqua-vital-gel-oxygenant-200-ml-ref-4400-13\/#primaryimage"},"thumbnailUrl":"https:\/\/districos.standingout.be\/wp-content\/uploads\/2025\/07\/4400.13@LowRes_1.png","datePublished":"2026-04-28T00:21:06+00:00","dateModified":"2026-04-28T00:21:11+00:00","breadcrumb":{"@id":"https:\/\/districos.standingout.be\/fr\/product\/anesi-aqua-vital-gel-oxygenant-200-ml-ref-4400-13\/#breadcrumb"},"inLanguage":"fr-FR","potentialAction":[{"@type":"ReadAction","target":["https:\/\/districos.standingout.be\/fr\/product\/anesi-aqua-vital-gel-oxygenant-200-ml-ref-4400-13\/"]}]},{"@type":"ImageObject","inLanguage":"fr-FR","@id":"https:\/\/districos.standingout.be\/fr\/product\/anesi-aqua-vital-gel-oxygenant-200-ml-ref-4400-13\/#primaryimage","url":"https:\/\/districos.standingout.be\/wp-content\/uploads\/2025\/07\/4400.13@LowRes_1.png","contentUrl":"https:\/\/districos.standingout.be\/wp-content\/uploads\/2025\/07\/4400.13@LowRes_1.png","width":600,"height":600},{"@type":"BreadcrumbList","@id":"https:\/\/districos.standingout.be\/fr\/product\/anesi-aqua-vital-gel-oxygenant-200-ml-ref-4400-13\/#breadcrumb","itemListElement":[{"@type":"ListItem","position":1,"name":"Home","item":"https:\/\/districos.standingout.be\/fr\/bienvenue-chez-districos\/"},{"@type":"ListItem","position":2,"name":"Boutique","item":"https:\/\/districos.standingout.be\/fr\/boutique\/"},{"@type":"ListItem","position":3,"name":"Anesi Aqua Vital Gel Oxyg\u00e9nant 200 ml"}]},{"@type":"WebSite","@id":"https:\/\/districos.standingout.be\/fr\/#website","url":"https:\/\/districos.standingout.be\/fr\/","name":"Districos Webshop","description":"","publisher":{"@id":"https:\/\/districos.standingout.be\/fr\/#organization"},"potentialAction":[{"@type":"SearchAction","target":{"@type":"EntryPoint","urlTemplate":"https:\/\/districos.standingout.be\/fr\/?s={search_term_string}"},"query-input":{"@type":"PropertyValueSpecification","valueRequired":true,"valueName":"search_term_string"}}],"inLanguage":"fr-FR"},{"@type":"Organization","@id":"https:\/\/districos.standingout.be\/fr\/#organization","name":"Districos Webshop","url":"https:\/\/districos.standingout.be\/fr\/","logo":{"@type":"ImageObject","inLanguage":"fr-FR","@id":"https:\/\/districos.standingout.be\/fr\/#\/schema\/logo\/image\/","url":"https:\/\/districos.standingout.be\/wp-content\/uploads\/2022\/09\/Districos_Logo_Webshop.svg","contentUrl":"https:\/\/districos.standingout.be\/wp-content\/uploads\/2022\/09\/Districos_Logo_Webshop.svg","caption":"Districos Webshop"},"image":{"@id":"https:\/\/districos.standingout.be\/fr\/#\/schema\/logo\/image\/"}}]}},"_links":{"self":[{"href":"https:\/\/districos.standingout.be\/fr\/wp-json\/wp\/v2\/product\/134453","targetHints":{"allow":["GET"]}}],"collection":[{"href":"https:\/\/districos.standingout.be\/fr\/wp-json\/wp\/v2\/product"}],"about":[{"href":"https:\/\/districos.standingout.be\/fr\/wp-json\/wp\/v2\/types\/product"}],"replies":[{"embeddable":true,"href":"https:\/\/districos.standingout.be\/fr\/wp-json\/wp\/v2\/comments?post=134453"}],"wp:featuredmedia":[{"embeddable":true,"href":"https:\/\/districos.standingout.be\/fr\/wp-json\/wp\/v2\/media\/71857"}],"wp:attachment":[{"href":"https:\/\/districos.standingout.be\/fr\/wp-json\/wp\/v2\/media?parent=134453"}],"wp:term":[{"taxonomy":"product_brand","embeddable":true,"href":"https:\/\/districos.standingout.be\/fr\/wp-json\/wp\/v2\/product_brand?post=134453"},{"taxonomy":"product_cat","embeddable":true,"href":"https:\/\/districos.standingout.be\/fr\/wp-json\/wp\/v2\/product_cat?post=134453"},{"taxonomy":"product_tag","embeddable":true,"href":"https:\/\/districos.standingout.be\/fr\/wp-json\/wp\/v2\/product_tag?post=134453"}],"curies":[{"name":"wp","href":"https:\/\/api.w.org\/{rel}","templated":true}]}}